{"id":313227,"date":"2018-07-10T14:57:53","date_gmt":"2018-07-10T11:57:53","guid":{"rendered":"https:\/\/skizze.ee\/lt\/product\/trintukas-maped-technic-ultra-mini\/"},"modified":"2018-07-10T14:57:53","modified_gmt":"2018-07-10T11:57:53","slug":"trintukas-maped-technic-ultra-mini","status":"publish","type":"product","link":"https:\/\/hobstop.ee\/lt\/produktas\/trintukas-maped-technic-ultra-mini\/","title":{"rendered":"Trintukas Maped Technic Ultra Mini"},"content":{"rendered":"<p>Auk\u0161\u010diausios kokyb\u0117s specialios paskirties trintukas \u201eMaped Technic Ultra\u201c yra skirtas naudoti namie, biure arba mokykloje. Pagamintas i\u0161 dviej\u0173 med\u017eiag\u0173, tod\u0117l labai gerai trina ir yra patogus laikyti, nepalieka dulki\u0173 ir atliek\u0173.<\/p>\n","protected":false},"excerpt":{"rendered":"<p>Auk\u0161\u010diausios kokyb\u0117s specialios paskirties trintukas \u201eMaped Technic Ultra\u201c yra skirtas naudoti namie, biure arba mokykloje. Pagamintas i\u0161 dviej\u0173 med\u017eiag\u0173, tod\u0117l labai gerai trina ir yra patogus laikyti, nepalieka dulki\u0173 ir atliek\u0173.<\/p>\n","protected":false},"featured_media":313483,"comment_status":"closed","ping_status":"closed","template":"","meta":{"_acf_changed":false,"ep_exclude_from_search":false},"product_cat":[235,18634,14905],"product_tag":[],"class_list":{"0":"post-313227","1":"product","2":"type-product","3":"status-publish","4":"has-post-thumbnail","6":"product_cat-mokyklines-prekes","7":"product_cat-piesimo-reikmenys-2","8":"product_cat-umbrikud","10":"first","11":"instock","12":"taxable","13":"shipping-taxable","14":"purchasable","15":"product-type-simple"},"acf":[],"yoast_head":"<!-- This site is optimized with the Yoast SEO plugin v24.1 - https:\/\/yoast.com\/wordpress\/plugins\/seo\/ -->\n<title>Trintukas Maped Technic Ultra Mini &#8211; Skizze<\/title>\n<meta name=\"robots\" content=\"noindex, follow, max-snippet:-1, max-image-preview:large, max-video-preview:-1\" \/>\n<meta property=\"og:locale\" content=\"lt_LT\" \/>\n<meta property=\"og:type\" content=\"article\" \/>\n<meta property=\"og:title\" content=\"Trintukas Maped Technic Ultra Mini &#8211; Skizze\" \/>\n<meta property=\"og:description\" content=\"Auk\u0161\u010diausios kokyb\u0117s specialios paskirties trintukas \u201eMaped Technic Ultra\u201c yra skirtas naudoti namie, biure arba mokykloje. Pagamintas i\u0161 dviej\u0173 med\u017eiag\u0173, tod\u0117l labai gerai trina ir yra patogus laikyti, nepalieka dulki\u0173 ir atliek\u0173.\" \/>\n<meta property=\"og:url\" content=\"https:\/\/hobstop.ee\/lt\/produktas\/trintukas-maped-technic-ultra-mini\/\" \/>\n<meta property=\"og:site_name\" content=\"Skizze\" \/>\n<meta property=\"article:publisher\" content=\"http:\/\/www.facebook.com\/VunderSkizze\" \/>\n<meta property=\"og:image\" content=\"https:\/\/hobstop.ee\/media\/4746.jpg\" \/>\n\t<meta property=\"og:image:width\" content=\"1024\" \/>\n\t<meta property=\"og:image:height\" content=\"768\" \/>\n\t<meta property=\"og:image:type\" content=\"image\/jpeg\" \/>\n<meta name=\"twitter:card\" content=\"summary_large_image\" \/>\n<script type=\"application\/ld+json\" class=\"yoast-schema-graph\">{\"@context\":\"https:\/\/schema.org\",\"@graph\":[{\"@type\":\"WebPage\",\"@id\":\"https:\/\/hobstop.ee\/lt\/produktas\/trintukas-maped-technic-ultra-mini\/\",\"url\":\"https:\/\/hobstop.ee\/lt\/produktas\/trintukas-maped-technic-ultra-mini\/\",\"name\":\"Trintukas Maped Technic Ultra Mini &#8211; Skizze\",\"isPartOf\":{\"@id\":\"https:\/\/hobstop.ee\/lt\/#website\"},\"primaryImageOfPage\":{\"@id\":\"https:\/\/hobstop.ee\/lt\/produktas\/trintukas-maped-technic-ultra-mini\/#primaryimage\"},\"image\":{\"@id\":\"https:\/\/hobstop.ee\/lt\/produktas\/trintukas-maped-technic-ultra-mini\/#primaryimage\"},\"thumbnailUrl\":\"https:\/\/hobstop.ee\/media\/4746.jpg\",\"datePublished\":\"2018-07-10T11:57:53+00:00\",\"dateModified\":\"2018-07-10T11:57:53+00:00\",\"breadcrumb\":{\"@id\":\"https:\/\/hobstop.ee\/lt\/produktas\/trintukas-maped-technic-ultra-mini\/#breadcrumb\"},\"inLanguage\":\"lt\",\"potentialAction\":[{\"@type\":\"ReadAction\",\"target\":[\"https:\/\/hobstop.ee\/lt\/produktas\/trintukas-maped-technic-ultra-mini\/\"]}]},{\"@type\":\"ImageObject\",\"inLanguage\":\"lt\",\"@id\":\"https:\/\/hobstop.ee\/lt\/produktas\/trintukas-maped-technic-ultra-mini\/#primaryimage\",\"url\":\"https:\/\/hobstop.ee\/media\/4746.jpg\",\"contentUrl\":\"https:\/\/hobstop.ee\/media\/4746.jpg\",\"width\":1024,\"height\":768},{\"@type\":\"BreadcrumbList\",\"@id\":\"https:\/\/hobstop.ee\/lt\/produktas\/trintukas-maped-technic-ultra-mini\/#breadcrumb\",\"itemListElement\":[{\"@type\":\"ListItem\",\"position\":1,\"name\":\"Avaleht\",\"item\":\"https:\/\/hobstop.ee\/lt\/\"},{\"@type\":\"ListItem\",\"position\":2,\"name\":\"Parduotuv\u0117\",\"item\":\"https:\/\/hobstop.ee\/lt\/parduotuve\/\"},{\"@type\":\"ListItem\",\"position\":3,\"name\":\"Trintukas Maped Technic Ultra Mini\"}]},{\"@type\":\"WebSite\",\"@id\":\"https:\/\/hobstop.ee\/lt\/#website\",\"url\":\"https:\/\/hobstop.ee\/lt\/\",\"name\":\"Skizze\",\"description\":\"Dail\u0117s, pom\u0117gi\u0173 ir mokykliniai reikm\u0117nys\",\"publisher\":{\"@id\":\"https:\/\/hobstop.ee\/lt\/#organization\"},\"potentialAction\":[{\"@type\":\"SearchAction\",\"target\":{\"@type\":\"EntryPoint\",\"urlTemplate\":\"https:\/\/hobstop.ee\/lt\/?s={search_term_string}\"},\"query-input\":{\"@type\":\"PropertyValueSpecification\",\"valueRequired\":true,\"valueName\":\"search_term_string\"}}],\"inLanguage\":\"lt\"},{\"@type\":\"Organization\",\"@id\":\"https:\/\/hobstop.ee\/lt\/#organization\",\"name\":\"Vunder AS\",\"url\":\"https:\/\/hobstop.ee\/lt\/\",\"logo\":{\"@type\":\"ImageObject\",\"inLanguage\":\"lt\",\"@id\":\"https:\/\/hobstop.ee\/lt\/#\/schema\/logo\/image\/\",\"url\":\"https:\/\/hobstop.ee\/media\/vunder-logo.png\",\"contentUrl\":\"https:\/\/hobstop.ee\/media\/vunder-logo.png\",\"width\":127,\"height\":55,\"caption\":\"Vunder AS\"},\"image\":{\"@id\":\"https:\/\/hobstop.ee\/lt\/#\/schema\/logo\/image\/\"},\"sameAs\":[\"http:\/\/www.facebook.com\/VunderSkizze\"]}]}<\/script>\n<!-- \/ Yoast SEO plugin. -->","yoast_head_json":{"title":"Trintukas Maped Technic Ultra Mini &#8211; Skizze","robots":{"index":"noindex","follow":"follow","max-snippet":"max-snippet:-1","max-image-preview":"max-image-preview:large","max-video-preview":"max-video-preview:-1"},"og_locale":"lt_LT","og_type":"article","og_title":"Trintukas Maped Technic Ultra Mini &#8211; Skizze","og_description":"Auk\u0161\u010diausios kokyb\u0117s specialios paskirties trintukas \u201eMaped Technic Ultra\u201c yra skirtas naudoti namie, biure arba mokykloje. Pagamintas i\u0161 dviej\u0173 med\u017eiag\u0173, tod\u0117l labai gerai trina ir yra patogus laikyti, nepalieka dulki\u0173 ir atliek\u0173.","og_url":"https:\/\/hobstop.ee\/lt\/produktas\/trintukas-maped-technic-ultra-mini\/","og_site_name":"Skizze","article_publisher":"http:\/\/www.facebook.com\/VunderSkizze","og_image":[{"width":1024,"height":768,"url":"https:\/\/hobstop.ee\/media\/4746.jpg","type":"image\/jpeg"}],"twitter_card":"summary_large_image","schema":{"@context":"https:\/\/schema.org","@graph":[{"@type":"WebPage","@id":"https:\/\/hobstop.ee\/lt\/produktas\/trintukas-maped-technic-ultra-mini\/","url":"https:\/\/hobstop.ee\/lt\/produktas\/trintukas-maped-technic-ultra-mini\/","name":"Trintukas Maped Technic Ultra Mini &#8211; Skizze","isPartOf":{"@id":"https:\/\/hobstop.ee\/lt\/#website"},"primaryImageOfPage":{"@id":"https:\/\/hobstop.ee\/lt\/produktas\/trintukas-maped-technic-ultra-mini\/#primaryimage"},"image":{"@id":"https:\/\/hobstop.ee\/lt\/produktas\/trintukas-maped-technic-ultra-mini\/#primaryimage"},"thumbnailUrl":"https:\/\/hobstop.ee\/media\/4746.jpg","datePublished":"2018-07-10T11:57:53+00:00","dateModified":"2018-07-10T11:57:53+00:00","breadcrumb":{"@id":"https:\/\/hobstop.ee\/lt\/produktas\/trintukas-maped-technic-ultra-mini\/#breadcrumb"},"inLanguage":"lt","potentialAction":[{"@type":"ReadAction","target":["https:\/\/hobstop.ee\/lt\/produktas\/trintukas-maped-technic-ultra-mini\/"]}]},{"@type":"ImageObject","inLanguage":"lt","@id":"https:\/\/hobstop.ee\/lt\/produktas\/trintukas-maped-technic-ultra-mini\/#primaryimage","url":"https:\/\/hobstop.ee\/media\/4746.jpg","contentUrl":"https:\/\/hobstop.ee\/media\/4746.jpg","width":1024,"height":768},{"@type":"BreadcrumbList","@id":"https:\/\/hobstop.ee\/lt\/produktas\/trintukas-maped-technic-ultra-mini\/#breadcrumb","itemListElement":[{"@type":"ListItem","position":1,"name":"Avaleht","item":"https:\/\/hobstop.ee\/lt\/"},{"@type":"ListItem","position":2,"name":"Parduotuv\u0117","item":"https:\/\/hobstop.ee\/lt\/parduotuve\/"},{"@type":"ListItem","position":3,"name":"Trintukas Maped Technic Ultra Mini"}]},{"@type":"WebSite","@id":"https:\/\/hobstop.ee\/lt\/#website","url":"https:\/\/hobstop.ee\/lt\/","name":"Skizze","description":"Dail\u0117s, pom\u0117gi\u0173 ir mokykliniai reikm\u0117nys","publisher":{"@id":"https:\/\/hobstop.ee\/lt\/#organization"},"potentialAction":[{"@type":"SearchAction","target":{"@type":"EntryPoint","urlTemplate":"https:\/\/hobstop.ee\/lt\/?s={search_term_string}"},"query-input":{"@type":"PropertyValueSpecification","valueRequired":true,"valueName":"search_term_string"}}],"inLanguage":"lt"},{"@type":"Organization","@id":"https:\/\/hobstop.ee\/lt\/#organization","name":"Vunder AS","url":"https:\/\/hobstop.ee\/lt\/","logo":{"@type":"ImageObject","inLanguage":"lt","@id":"https:\/\/hobstop.ee\/lt\/#\/schema\/logo\/image\/","url":"https:\/\/hobstop.ee\/media\/vunder-logo.png","contentUrl":"https:\/\/hobstop.ee\/media\/vunder-logo.png","width":127,"height":55,"caption":"Vunder AS"},"image":{"@id":"https:\/\/hobstop.ee\/lt\/#\/schema\/logo\/image\/"},"sameAs":["http:\/\/www.facebook.com\/VunderSkizze"]}]}},"_links":{"self":[{"href":"https:\/\/hobstop.ee\/lt\/wp-json\/wp\/v2\/product\/313227","targetHints":{"allow":["GET"]}}],"collection":[{"href":"https:\/\/hobstop.ee\/lt\/wp-json\/wp\/v2\/product"}],"about":[{"href":"https:\/\/hobstop.ee\/lt\/wp-json\/wp\/v2\/types\/product"}],"replies":[{"embeddable":true,"href":"https:\/\/hobstop.ee\/lt\/wp-json\/wp\/v2\/comments?post=313227"}],"wp:featuredmedia":[{"embeddable":true,"href":"https:\/\/hobstop.ee\/lt\/wp-json\/wp\/v2\/media\/313483"}],"wp:attachment":[{"href":"https:\/\/hobstop.ee\/lt\/wp-json\/wp\/v2\/media?parent=313227"}],"wp:term":[{"taxonomy":"product_cat","embeddable":true,"href":"https:\/\/hobstop.ee\/lt\/wp-json\/wp\/v2\/product_cat?post=313227"},{"taxonomy":"product_tag","embeddable":true,"href":"https:\/\/hobstop.ee\/lt\/wp-json\/wp\/v2\/product_tag?post=313227"}],"curies":[{"name":"wp","href":"https:\/\/api.w.org\/{rel}","templated":true}]}}