{"id":313239,"date":"2018-07-10T14:57:58","date_gmt":"2018-07-10T11:57:58","guid":{"rendered":"https:\/\/skizze.ee\/lt\/product\/washi-teip-mt-kapitza\/"},"modified":"2018-07-10T14:57:58","modified_gmt":"2018-07-10T11:57:58","slug":"washi-dekoratyvi-lipni-juostele-mt-kapitza","status":"publish","type":"product","link":"https:\/\/hobstop.ee\/lt\/produktas\/washi-dekoratyvi-lipni-juostele-mt-kapitza\/","title":{"rendered":"Washi dekoratyvi lipni juostel\u0117 mt Kapitza"},"content":{"rendered":"<p>Japoni\u0161ka lipnia dekoratyvine juostele \u201eWashi\u201c galite dekoruoti visk\u0105, k\u0105 tik panor\u0117j\u0119 \u2013 d\u0117\u017eutes ar atvirukus, indus ar baldus. Tinka daugeliui pavir\u0161i\u0173, pavyzd\u017eiui, popieriui, medienai, metalui, porcelianui, stiklui ir kt. Pramoniniu b\u016bdu pagaminta lipni juostel\u0117 yra itin kokybi\u0161ka, tvirta ir plona. Labai tvirtai prilimpa, ta\u010diau yra lengvai atpl\u0117\u0161iama, nepalieka klij\u0173 \u017eym\u0117s.<br \/>\n\u201eKapitza\u201c yra k\u016brybin\u0117 seser\u0173 Petros ir Nicole Kapitza studija, kurioje jos dalijasi aistra spalvomis, ornamentams, matematikai ir gamtai. Studija bendradarbiauja su \u012fvairiais tarptautiniais preki\u0173 \u017eenklais mados, interjero, kosmetikos, gamini\u0173 projektavimo ir leidybos srityse. J\u0173 klientais yra preki\u0173 \u017eenklai \u201eComme des Garcons\u201c, \u201eGucci\u201c, \u201eClinique\u201c, \u201eUSPS, \u201eTeNeues\u201c ir \u201eIKEA\u201c. \u201eKapitza\u201c \u012fgijo pasaulin\u012f pripa\u017einim\u0105 u\u017e savo naujovi\u0161kas ornamentinio meno knygas, kuriose pristatomi dr\u0105s\u016bs ir spalvingi k\u016briniai. \u0160ie k\u016briniai yra studijoje atliekam\u0173 eksperimentini\u0173 tyrim\u0173 su gamtoje randamomis ir \u017eenkl\u0173 gamyboje naudojamomis geometrin\u0117mis formomis ir matematin\u0117mis formul\u0117mis bei organin\u0117mis strukt\u016broms, rezultatas. Kartu su i\u0161mania konceptualia spalv\u0173 kalba, visa tai ir apibr\u0117\u017eia unikal\u0173 \u201eKapitza\u201c meno stili\u0173. 2008 m. pasirod\u017eiusi j\u0173 knyga \u201eKapitza\u2019s Geometric book\u201c suk\u0117l\u0117 geometrinio meno atgimim\u0105 mados, interjero ir iliustracij\u0173 mene \u2013 j\u0173 ornament\u0173 i\u0161skirtinumas ir unikalus spalv\u0173 naudojimo menas yra neprilygstamas.<\/p>\n","protected":false},"excerpt":{"rendered":"<p>Japoni\u0161ka lipnia dekoratyvine juostele \u201eWashi\u201c galite dekoruoti visk\u0105, k\u0105 tik panor\u0117j\u0119 \u2013 d\u0117\u017eutes ar atvirukus, indus ar baldus. Tinka daugeliui pavir\u0161i\u0173, pavyzd\u017eiui, popieriui, medienai, metalui, porcelianui, stiklui ir kt. Pramoniniu b\u016bdu pagaminta lipni juostel\u0117 yra itin kokybi\u0161ka, tvirta ir plona. Labai tvirtai prilimpa, ta\u010diau yra lengvai atpl\u0117\u0161iama, nepalieka klij\u0173 \u017eym\u0117s. \u201eKapitza\u201c yra k\u016brybin\u0117 seser\u0173 Petros ir Nicole Kapitza studija, kurioje jos dalijasi aistra spalvomis, ornamentams, matematikai ir gamtai. Studija bendradarbiauja su \u012fvairiais tarptautiniais preki\u0173 \u017eenklais mados, interjero, kosmetikos, gamini\u0173 projektavimo ir leidybos srityse. J\u0173 klientais yra preki\u0173 \u017eenklai \u201eComme des Garcons\u201c, \u201eGucci\u201c, \u201eClinique\u201c, \u201eUSPS, \u201eTeNeues\u201c ir \u201eIKEA\u201c. \u201eKapitza\u201c \u012fgijo pasaulin\u012f pripa\u017einim\u0105 u\u017e savo naujovi\u0161kas ornamentinio meno knygas, kuriose pristatomi dr\u0105s\u016bs ir spalvingi k\u016briniai. \u0160ie k\u016briniai yra studijoje atliekam\u0173 eksperimentini\u0173 tyrim\u0173 su gamtoje randamomis ir \u017eenkl\u0173 gamyboje naudojamomis geometrin\u0117mis formomis ir matematin\u0117mis formul\u0117mis bei organin\u0117mis strukt\u016broms, rezultatas. Kartu su i\u0161mania konceptualia spalv\u0173 kalba, visa tai ir apibr\u0117\u017eia unikal\u0173 \u201eKapitza\u201c meno stili\u0173. 2008 m. pasirod\u017eiusi j\u0173 knyga \u201eKapitza\u2019s Geometric book\u201c suk\u0117l\u0117 geometrinio meno atgimim\u0105 mados, interjero ir iliustracij\u0173 mene \u2013 j\u0173 ornament\u0173 i\u0161skirtinumas ir unikalus spalv\u0173 naudojimo menas yra neprilygstamas.<\/p>\n","protected":false},"featured_media":313495,"comment_status":"closed","ping_status":"closed","template":"","meta":{"_acf_changed":false,"ep_exclude_from_search":false},"product_cat":[17969,17157,17919],"product_tag":[],"class_list":{"0":"post-313239","1":"product","2":"type-product","3":"status-publish","4":"has-post-thumbnail","6":"product_cat-kitos-prekes","7":"product_cat-lipnios-juosteles-washi","8":"product_cat-pomegiu-prekes","10":"first","11":"instock","12":"taxable","13":"shipping-taxable","14":"purchasable","15":"product-type-simple"},"acf":[],"yoast_head":"<!-- This site is optimized with the Yoast SEO plugin v24.1 - https:\/\/yoast.com\/wordpress\/plugins\/seo\/ -->\n<title>Washi dekoratyvi lipni juostel\u0117 mt Kapitza &#8211; Skizze<\/title>\n<meta name=\"robots\" content=\"noindex, follow, max-snippet:-1, max-image-preview:large, max-video-preview:-1\" \/>\n<meta property=\"og:locale\" content=\"lt_LT\" \/>\n<meta property=\"og:type\" content=\"article\" \/>\n<meta property=\"og:title\" content=\"Washi dekoratyvi lipni juostel\u0117 mt Kapitza &#8211; Skizze\" \/>\n<meta property=\"og:description\" content=\"Japoni\u0161ka lipnia dekoratyvine juostele \u201eWashi\u201c galite dekoruoti visk\u0105, k\u0105 tik panor\u0117j\u0119 \u2013 d\u0117\u017eutes ar atvirukus, indus ar baldus. Tinka daugeliui pavir\u0161i\u0173, pavyzd\u017eiui, popieriui, medienai, metalui, porcelianui, stiklui ir kt. Pramoniniu b\u016bdu pagaminta lipni juostel\u0117 yra itin kokybi\u0161ka, tvirta ir plona. Labai tvirtai prilimpa, ta\u010diau yra lengvai atpl\u0117\u0161iama, nepalieka klij\u0173 \u017eym\u0117s. \u201eKapitza\u201c yra k\u016brybin\u0117 seser\u0173 Petros ir Nicole Kapitza studija, kurioje jos dalijasi aistra spalvomis, ornamentams, matematikai ir gamtai. Studija bendradarbiauja su \u012fvairiais tarptautiniais preki\u0173 \u017eenklais mados, interjero, kosmetikos, gamini\u0173 projektavimo ir leidybos srityse. J\u0173 klientais yra preki\u0173 \u017eenklai \u201eComme des Garcons\u201c, \u201eGucci\u201c, \u201eClinique\u201c, \u201eUSPS, \u201eTeNeues\u201c ir \u201eIKEA\u201c. \u201eKapitza\u201c \u012fgijo pasaulin\u012f pripa\u017einim\u0105 u\u017e savo naujovi\u0161kas ornamentinio meno knygas, kuriose pristatomi dr\u0105s\u016bs ir spalvingi k\u016briniai. \u0160ie k\u016briniai yra studijoje atliekam\u0173 eksperimentini\u0173 tyrim\u0173 su gamtoje randamomis ir \u017eenkl\u0173 gamyboje naudojamomis geometrin\u0117mis formomis ir matematin\u0117mis formul\u0117mis bei organin\u0117mis strukt\u016broms, rezultatas. Kartu su i\u0161mania konceptualia spalv\u0173 kalba, visa tai ir apibr\u0117\u017eia unikal\u0173 \u201eKapitza\u201c meno stili\u0173. 2008 m. pasirod\u017eiusi j\u0173 knyga \u201eKapitza\u2019s Geometric book\u201c suk\u0117l\u0117 geometrinio meno atgimim\u0105 mados, interjero ir iliustracij\u0173 mene \u2013 j\u0173 ornament\u0173 i\u0161skirtinumas ir unikalus spalv\u0173 naudojimo menas yra neprilygstamas.\" \/>\n<meta property=\"og:url\" content=\"https:\/\/hobstop.ee\/lt\/produktas\/washi-dekoratyvi-lipni-juostele-mt-kapitza\/\" \/>\n<meta property=\"og:site_name\" content=\"Skizze\" \/>\n<meta property=\"article:publisher\" content=\"http:\/\/www.facebook.com\/VunderSkizze\" \/>\n<meta property=\"og:image\" content=\"https:\/\/hobstop.ee\/media\/4759.jpg\" \/>\n\t<meta property=\"og:image:width\" content=\"1024\" \/>\n\t<meta property=\"og:image:height\" content=\"768\" \/>\n\t<meta property=\"og:image:type\" content=\"image\/jpeg\" \/>\n<meta name=\"twitter:card\" content=\"summary_large_image\" \/>\n<meta name=\"twitter:label1\" content=\"Est. reading time\" \/>\n\t<meta name=\"twitter:data1\" content=\"1 minute\" \/>\n<script type=\"application\/ld+json\" class=\"yoast-schema-graph\">{\"@context\":\"https:\/\/schema.org\",\"@graph\":[{\"@type\":\"WebPage\",\"@id\":\"https:\/\/hobstop.ee\/lt\/produktas\/washi-dekoratyvi-lipni-juostele-mt-kapitza\/\",\"url\":\"https:\/\/hobstop.ee\/lt\/produktas\/washi-dekoratyvi-lipni-juostele-mt-kapitza\/\",\"name\":\"Washi dekoratyvi lipni juostel\u0117 mt Kapitza &#8211; Skizze\",\"isPartOf\":{\"@id\":\"https:\/\/www.hobstop.ee\/lt\/#website\"},\"primaryImageOfPage\":{\"@id\":\"https:\/\/hobstop.ee\/lt\/produktas\/washi-dekoratyvi-lipni-juostele-mt-kapitza\/#primaryimage\"},\"image\":{\"@id\":\"https:\/\/hobstop.ee\/lt\/produktas\/washi-dekoratyvi-lipni-juostele-mt-kapitza\/#primaryimage\"},\"thumbnailUrl\":\"https:\/\/hobstop.ee\/media\/4759.jpg\",\"datePublished\":\"2018-07-10T11:57:58+00:00\",\"dateModified\":\"2018-07-10T11:57:58+00:00\",\"breadcrumb\":{\"@id\":\"https:\/\/hobstop.ee\/lt\/produktas\/washi-dekoratyvi-lipni-juostele-mt-kapitza\/#breadcrumb\"},\"inLanguage\":\"lt\",\"potentialAction\":[{\"@type\":\"ReadAction\",\"target\":[\"https:\/\/hobstop.ee\/lt\/produktas\/washi-dekoratyvi-lipni-juostele-mt-kapitza\/\"]}]},{\"@type\":\"ImageObject\",\"inLanguage\":\"lt\",\"@id\":\"https:\/\/hobstop.ee\/lt\/produktas\/washi-dekoratyvi-lipni-juostele-mt-kapitza\/#primaryimage\",\"url\":\"https:\/\/hobstop.ee\/media\/4759.jpg\",\"contentUrl\":\"https:\/\/hobstop.ee\/media\/4759.jpg\",\"width\":1024,\"height\":768},{\"@type\":\"BreadcrumbList\",\"@id\":\"https:\/\/hobstop.ee\/lt\/produktas\/washi-dekoratyvi-lipni-juostele-mt-kapitza\/#breadcrumb\",\"itemListElement\":[{\"@type\":\"ListItem\",\"position\":1,\"name\":\"Avaleht\",\"item\":\"https:\/\/hobstop.ee\/lt\/\"},{\"@type\":\"ListItem\",\"position\":2,\"name\":\"Parduotuv\u0117\",\"item\":\"https:\/\/www.hobstop.ee\/lt\/parduotuve\/\"},{\"@type\":\"ListItem\",\"position\":3,\"name\":\"Washi dekoratyvi lipni juostel\u0117 mt Kapitza\"}]},{\"@type\":\"WebSite\",\"@id\":\"https:\/\/www.hobstop.ee\/lt\/#website\",\"url\":\"https:\/\/www.hobstop.ee\/lt\/\",\"name\":\"Skizze\",\"description\":\"Dail\u0117s, pom\u0117gi\u0173 ir mokykliniai reikm\u0117nys\",\"publisher\":{\"@id\":\"https:\/\/www.hobstop.ee\/lt\/#organization\"},\"potentialAction\":[{\"@type\":\"SearchAction\",\"target\":{\"@type\":\"EntryPoint\",\"urlTemplate\":\"https:\/\/www.hobstop.ee\/lt\/?s={search_term_string}\"},\"query-input\":{\"@type\":\"PropertyValueSpecification\",\"valueRequired\":true,\"valueName\":\"search_term_string\"}}],\"inLanguage\":\"lt\"},{\"@type\":\"Organization\",\"@id\":\"https:\/\/www.hobstop.ee\/lt\/#organization\",\"name\":\"Vunder AS\",\"url\":\"https:\/\/www.hobstop.ee\/lt\/\",\"logo\":{\"@type\":\"ImageObject\",\"inLanguage\":\"lt\",\"@id\":\"https:\/\/www.hobstop.ee\/lt\/#\/schema\/logo\/image\/\",\"url\":\"https:\/\/hobstop.ee\/media\/vunder-logo.png\",\"contentUrl\":\"https:\/\/hobstop.ee\/media\/vunder-logo.png\",\"width\":127,\"height\":55,\"caption\":\"Vunder AS\"},\"image\":{\"@id\":\"https:\/\/www.hobstop.ee\/lt\/#\/schema\/logo\/image\/\"},\"sameAs\":[\"http:\/\/www.facebook.com\/VunderSkizze\"]}]}<\/script>\n<!-- \/ Yoast SEO plugin. -->","yoast_head_json":{"title":"Washi dekoratyvi lipni juostel\u0117 mt Kapitza &#8211; Skizze","robots":{"index":"noindex","follow":"follow","max-snippet":"max-snippet:-1","max-image-preview":"max-image-preview:large","max-video-preview":"max-video-preview:-1"},"og_locale":"lt_LT","og_type":"article","og_title":"Washi dekoratyvi lipni juostel\u0117 mt Kapitza &#8211; Skizze","og_description":"Japoni\u0161ka lipnia dekoratyvine juostele \u201eWashi\u201c galite dekoruoti visk\u0105, k\u0105 tik panor\u0117j\u0119 \u2013 d\u0117\u017eutes ar atvirukus, indus ar baldus. Tinka daugeliui pavir\u0161i\u0173, pavyzd\u017eiui, popieriui, medienai, metalui, porcelianui, stiklui ir kt. Pramoniniu b\u016bdu pagaminta lipni juostel\u0117 yra itin kokybi\u0161ka, tvirta ir plona. Labai tvirtai prilimpa, ta\u010diau yra lengvai atpl\u0117\u0161iama, nepalieka klij\u0173 \u017eym\u0117s. \u201eKapitza\u201c yra k\u016brybin\u0117 seser\u0173 Petros ir Nicole Kapitza studija, kurioje jos dalijasi aistra spalvomis, ornamentams, matematikai ir gamtai. Studija bendradarbiauja su \u012fvairiais tarptautiniais preki\u0173 \u017eenklais mados, interjero, kosmetikos, gamini\u0173 projektavimo ir leidybos srityse. J\u0173 klientais yra preki\u0173 \u017eenklai \u201eComme des Garcons\u201c, \u201eGucci\u201c, \u201eClinique\u201c, \u201eUSPS, \u201eTeNeues\u201c ir \u201eIKEA\u201c. \u201eKapitza\u201c \u012fgijo pasaulin\u012f pripa\u017einim\u0105 u\u017e savo naujovi\u0161kas ornamentinio meno knygas, kuriose pristatomi dr\u0105s\u016bs ir spalvingi k\u016briniai. \u0160ie k\u016briniai yra studijoje atliekam\u0173 eksperimentini\u0173 tyrim\u0173 su gamtoje randamomis ir \u017eenkl\u0173 gamyboje naudojamomis geometrin\u0117mis formomis ir matematin\u0117mis formul\u0117mis bei organin\u0117mis strukt\u016broms, rezultatas. Kartu su i\u0161mania konceptualia spalv\u0173 kalba, visa tai ir apibr\u0117\u017eia unikal\u0173 \u201eKapitza\u201c meno stili\u0173. 2008 m. pasirod\u017eiusi j\u0173 knyga \u201eKapitza\u2019s Geometric book\u201c suk\u0117l\u0117 geometrinio meno atgimim\u0105 mados, interjero ir iliustracij\u0173 mene \u2013 j\u0173 ornament\u0173 i\u0161skirtinumas ir unikalus spalv\u0173 naudojimo menas yra neprilygstamas.","og_url":"https:\/\/hobstop.ee\/lt\/produktas\/washi-dekoratyvi-lipni-juostele-mt-kapitza\/","og_site_name":"Skizze","article_publisher":"http:\/\/www.facebook.com\/VunderSkizze","og_image":[{"width":1024,"height":768,"url":"https:\/\/hobstop.ee\/media\/4759.jpg","type":"image\/jpeg"}],"twitter_card":"summary_large_image","twitter_misc":{"Est. reading time":"1 minute"},"schema":{"@context":"https:\/\/schema.org","@graph":[{"@type":"WebPage","@id":"https:\/\/hobstop.ee\/lt\/produktas\/washi-dekoratyvi-lipni-juostele-mt-kapitza\/","url":"https:\/\/hobstop.ee\/lt\/produktas\/washi-dekoratyvi-lipni-juostele-mt-kapitza\/","name":"Washi dekoratyvi lipni juostel\u0117 mt Kapitza &#8211; Skizze","isPartOf":{"@id":"https:\/\/www.hobstop.ee\/lt\/#website"},"primaryImageOfPage":{"@id":"https:\/\/hobstop.ee\/lt\/produktas\/washi-dekoratyvi-lipni-juostele-mt-kapitza\/#primaryimage"},"image":{"@id":"https:\/\/hobstop.ee\/lt\/produktas\/washi-dekoratyvi-lipni-juostele-mt-kapitza\/#primaryimage"},"thumbnailUrl":"https:\/\/hobstop.ee\/media\/4759.jpg","datePublished":"2018-07-10T11:57:58+00:00","dateModified":"2018-07-10T11:57:58+00:00","breadcrumb":{"@id":"https:\/\/hobstop.ee\/lt\/produktas\/washi-dekoratyvi-lipni-juostele-mt-kapitza\/#breadcrumb"},"inLanguage":"lt","potentialAction":[{"@type":"ReadAction","target":["https:\/\/hobstop.ee\/lt\/produktas\/washi-dekoratyvi-lipni-juostele-mt-kapitza\/"]}]},{"@type":"ImageObject","inLanguage":"lt","@id":"https:\/\/hobstop.ee\/lt\/produktas\/washi-dekoratyvi-lipni-juostele-mt-kapitza\/#primaryimage","url":"https:\/\/hobstop.ee\/media\/4759.jpg","contentUrl":"https:\/\/hobstop.ee\/media\/4759.jpg","width":1024,"height":768},{"@type":"BreadcrumbList","@id":"https:\/\/hobstop.ee\/lt\/produktas\/washi-dekoratyvi-lipni-juostele-mt-kapitza\/#breadcrumb","itemListElement":[{"@type":"ListItem","position":1,"name":"Avaleht","item":"https:\/\/hobstop.ee\/lt\/"},{"@type":"ListItem","position":2,"name":"Parduotuv\u0117","item":"https:\/\/www.hobstop.ee\/lt\/parduotuve\/"},{"@type":"ListItem","position":3,"name":"Washi dekoratyvi lipni juostel\u0117 mt Kapitza"}]},{"@type":"WebSite","@id":"https:\/\/www.hobstop.ee\/lt\/#website","url":"https:\/\/www.hobstop.ee\/lt\/","name":"Skizze","description":"Dail\u0117s, pom\u0117gi\u0173 ir mokykliniai reikm\u0117nys","publisher":{"@id":"https:\/\/www.hobstop.ee\/lt\/#organization"},"potentialAction":[{"@type":"SearchAction","target":{"@type":"EntryPoint","urlTemplate":"https:\/\/www.hobstop.ee\/lt\/?s={search_term_string}"},"query-input":{"@type":"PropertyValueSpecification","valueRequired":true,"valueName":"search_term_string"}}],"inLanguage":"lt"},{"@type":"Organization","@id":"https:\/\/www.hobstop.ee\/lt\/#organization","name":"Vunder AS","url":"https:\/\/www.hobstop.ee\/lt\/","logo":{"@type":"ImageObject","inLanguage":"lt","@id":"https:\/\/www.hobstop.ee\/lt\/#\/schema\/logo\/image\/","url":"https:\/\/hobstop.ee\/media\/vunder-logo.png","contentUrl":"https:\/\/hobstop.ee\/media\/vunder-logo.png","width":127,"height":55,"caption":"Vunder AS"},"image":{"@id":"https:\/\/www.hobstop.ee\/lt\/#\/schema\/logo\/image\/"},"sameAs":["http:\/\/www.facebook.com\/VunderSkizze"]}]}},"_links":{"self":[{"href":"https:\/\/hobstop.ee\/lt\/wp-json\/wp\/v2\/product\/313239","targetHints":{"allow":["GET"]}}],"collection":[{"href":"https:\/\/hobstop.ee\/lt\/wp-json\/wp\/v2\/product"}],"about":[{"href":"https:\/\/hobstop.ee\/lt\/wp-json\/wp\/v2\/types\/product"}],"replies":[{"embeddable":true,"href":"https:\/\/hobstop.ee\/lt\/wp-json\/wp\/v2\/comments?post=313239"}],"wp:featuredmedia":[{"embeddable":true,"href":"https:\/\/hobstop.ee\/lt\/wp-json\/wp\/v2\/media\/313495"}],"wp:attachment":[{"href":"https:\/\/hobstop.ee\/lt\/wp-json\/wp\/v2\/media?parent=313239"}],"wp:term":[{"taxonomy":"product_cat","embeddable":true,"href":"https:\/\/hobstop.ee\/lt\/wp-json\/wp\/v2\/product_cat?post=313239"},{"taxonomy":"product_tag","embeddable":true,"href":"https:\/\/hobstop.ee\/lt\/wp-json\/wp\/v2\/product_tag?post=313239"}],"curies":[{"name":"wp","href":"https:\/\/api.w.org\/{rel}","templated":true}]}}