{"id":313243,"date":"2018-07-10T14:57:59","date_gmt":"2018-07-10T11:57:59","guid":{"rendered":"https:\/\/skizze.ee\/lt\/product\/grimo-dazai-zymeklis-snazaroo\/"},"modified":"2018-07-10T14:57:59","modified_gmt":"2018-07-10T11:57:59","slug":"grimo-dazai-zymeklis-snazaroo","status":"publish","type":"product","link":"https:\/\/hobstop.ee\/lt\/produktas\/grimo-dazai-zymeklis-snazaroo\/","title":{"rendered":"Grimo da\u017eai \u017eymeklis Snazaroo"},"content":{"rendered":"<p>Dabar kiekvien\u0105 veid\u0105 bus lengva stebuklingai pakeisti! Galite tapti bet kuo \u2013piratu, superherojumi, f\u0117ja ar princese. Su \u201eSnazaroo\u201c veido da\u017e\u0173 markeriais veid\u0105 nuda\u017eysite greitai, tiksliai ir lengvai, nereik\u0117s atskir\u0173 teptuk\u0173 ar vandens veidui nuvalyti. Galiukas pie\u0161ia tiek tikslias linijas, smulkius ra\u0161tus, taip pat ir dengia didelius plotus. Tinka jautriai odai ir lengvai nuvalomi.<\/p>\n","protected":false},"excerpt":{"rendered":"<p>Dabar kiekvien\u0105 veid\u0105 bus lengva stebuklingai pakeisti! Galite tapti bet kuo \u2013piratu, superherojumi, f\u0117ja ar princese. Su \u201eSnazaroo\u201c veido da\u017e\u0173 markeriais veid\u0105 nuda\u017eysite greitai, tiksliai ir lengvai, nereik\u0117s atskir\u0173 teptuk\u0173 ar vandens veidui nuvalyti. Galiukas pie\u0161ia tiek tikslias linijas, smulkius ra\u0161tus, taip pat ir dengia didelius plotus. Tinka jautriai odai ir lengvai nuvalomi.<\/p>\n","protected":false},"featured_media":313499,"comment_status":"closed","ping_status":"closed","template":"","meta":{"_acf_changed":false,"ep_exclude_from_search":false},"product_cat":[18929,18968,17919],"product_tag":[],"class_list":{"0":"post-313243","1":"product","2":"type-product","3":"status-publish","4":"has-post-thumbnail","6":"product_cat-dazai-kunui-dazyti","7":"product_cat-ivairus-36","8":"product_cat-pomegiu-prekes","10":"first","11":"instock","12":"taxable","13":"shipping-taxable","14":"purchasable","15":"product-type-simple"},"acf":[],"yoast_head":"<!-- This site is optimized with the Yoast SEO plugin v24.1 - https:\/\/yoast.com\/wordpress\/plugins\/seo\/ -->\n<title>Grimo da\u017eai \u017eymeklis Snazaroo &#8211; Skizze<\/title>\n<meta name=\"robots\" content=\"noindex, follow, max-snippet:-1, max-image-preview:large, max-video-preview:-1\" \/>\n<meta property=\"og:locale\" content=\"lt_LT\" \/>\n<meta property=\"og:type\" content=\"article\" \/>\n<meta property=\"og:title\" content=\"Grimo da\u017eai \u017eymeklis Snazaroo &#8211; Skizze\" \/>\n<meta property=\"og:description\" content=\"Dabar kiekvien\u0105 veid\u0105 bus lengva stebuklingai pakeisti! Galite tapti bet kuo \u2013piratu, superherojumi, f\u0117ja ar princese. Su \u201eSnazaroo\u201c veido da\u017e\u0173 markeriais veid\u0105 nuda\u017eysite greitai, tiksliai ir lengvai, nereik\u0117s atskir\u0173 teptuk\u0173 ar vandens veidui nuvalyti. Galiukas pie\u0161ia tiek tikslias linijas, smulkius ra\u0161tus, taip pat ir dengia didelius plotus. Tinka jautriai odai ir lengvai nuvalomi.\" \/>\n<meta property=\"og:url\" content=\"https:\/\/hobstop.ee\/lt\/produktas\/grimo-dazai-zymeklis-snazaroo\/\" \/>\n<meta property=\"og:site_name\" content=\"Skizze\" \/>\n<meta property=\"article:publisher\" content=\"http:\/\/www.facebook.com\/VunderSkizze\" \/>\n<meta property=\"og:image\" content=\"https:\/\/hobstop.ee\/media\/4824.jpg\" \/>\n\t<meta property=\"og:image:width\" content=\"1024\" \/>\n\t<meta property=\"og:image:height\" content=\"768\" \/>\n\t<meta property=\"og:image:type\" content=\"image\/jpeg\" \/>\n<meta name=\"twitter:card\" content=\"summary_large_image\" \/>\n<script type=\"application\/ld+json\" class=\"yoast-schema-graph\">{\"@context\":\"https:\/\/schema.org\",\"@graph\":[{\"@type\":\"WebPage\",\"@id\":\"https:\/\/hobstop.ee\/lt\/produktas\/grimo-dazai-zymeklis-snazaroo\/\",\"url\":\"https:\/\/hobstop.ee\/lt\/produktas\/grimo-dazai-zymeklis-snazaroo\/\",\"name\":\"Grimo da\u017eai \u017eymeklis Snazaroo &#8211; Skizze\",\"isPartOf\":{\"@id\":\"https:\/\/hobstop.ee\/lt\/#website\"},\"primaryImageOfPage\":{\"@id\":\"https:\/\/hobstop.ee\/lt\/produktas\/grimo-dazai-zymeklis-snazaroo\/#primaryimage\"},\"image\":{\"@id\":\"https:\/\/hobstop.ee\/lt\/produktas\/grimo-dazai-zymeklis-snazaroo\/#primaryimage\"},\"thumbnailUrl\":\"https:\/\/hobstop.ee\/media\/4824.jpg\",\"datePublished\":\"2018-07-10T11:57:59+00:00\",\"dateModified\":\"2018-07-10T11:57:59+00:00\",\"breadcrumb\":{\"@id\":\"https:\/\/hobstop.ee\/lt\/produktas\/grimo-dazai-zymeklis-snazaroo\/#breadcrumb\"},\"inLanguage\":\"lt\",\"potentialAction\":[{\"@type\":\"ReadAction\",\"target\":[\"https:\/\/hobstop.ee\/lt\/produktas\/grimo-dazai-zymeklis-snazaroo\/\"]}]},{\"@type\":\"ImageObject\",\"inLanguage\":\"lt\",\"@id\":\"https:\/\/hobstop.ee\/lt\/produktas\/grimo-dazai-zymeklis-snazaroo\/#primaryimage\",\"url\":\"https:\/\/hobstop.ee\/media\/4824.jpg\",\"contentUrl\":\"https:\/\/hobstop.ee\/media\/4824.jpg\",\"width\":1024,\"height\":768},{\"@type\":\"BreadcrumbList\",\"@id\":\"https:\/\/hobstop.ee\/lt\/produktas\/grimo-dazai-zymeklis-snazaroo\/#breadcrumb\",\"itemListElement\":[{\"@type\":\"ListItem\",\"position\":1,\"name\":\"Avaleht\",\"item\":\"https:\/\/hobstop.ee\/lt\/\"},{\"@type\":\"ListItem\",\"position\":2,\"name\":\"Parduotuv\u0117\",\"item\":\"https:\/\/hobstop.ee\/lt\/parduotuve\/\"},{\"@type\":\"ListItem\",\"position\":3,\"name\":\"Grimo da\u017eai \u017eymeklis Snazaroo\"}]},{\"@type\":\"WebSite\",\"@id\":\"https:\/\/hobstop.ee\/lt\/#website\",\"url\":\"https:\/\/hobstop.ee\/lt\/\",\"name\":\"Skizze\",\"description\":\"Dail\u0117s, pom\u0117gi\u0173 ir mokykliniai reikm\u0117nys\",\"publisher\":{\"@id\":\"https:\/\/hobstop.ee\/lt\/#organization\"},\"potentialAction\":[{\"@type\":\"SearchAction\",\"target\":{\"@type\":\"EntryPoint\",\"urlTemplate\":\"https:\/\/hobstop.ee\/lt\/?s={search_term_string}\"},\"query-input\":{\"@type\":\"PropertyValueSpecification\",\"valueRequired\":true,\"valueName\":\"search_term_string\"}}],\"inLanguage\":\"lt\"},{\"@type\":\"Organization\",\"@id\":\"https:\/\/hobstop.ee\/lt\/#organization\",\"name\":\"Vunder AS\",\"url\":\"https:\/\/hobstop.ee\/lt\/\",\"logo\":{\"@type\":\"ImageObject\",\"inLanguage\":\"lt\",\"@id\":\"https:\/\/hobstop.ee\/lt\/#\/schema\/logo\/image\/\",\"url\":\"https:\/\/hobstop.ee\/media\/vunder-logo.png\",\"contentUrl\":\"https:\/\/hobstop.ee\/media\/vunder-logo.png\",\"width\":127,\"height\":55,\"caption\":\"Vunder AS\"},\"image\":{\"@id\":\"https:\/\/hobstop.ee\/lt\/#\/schema\/logo\/image\/\"},\"sameAs\":[\"http:\/\/www.facebook.com\/VunderSkizze\"]}]}<\/script>\n<!-- \/ Yoast SEO plugin. -->","yoast_head_json":{"title":"Grimo da\u017eai \u017eymeklis Snazaroo &#8211; Skizze","robots":{"index":"noindex","follow":"follow","max-snippet":"max-snippet:-1","max-image-preview":"max-image-preview:large","max-video-preview":"max-video-preview:-1"},"og_locale":"lt_LT","og_type":"article","og_title":"Grimo da\u017eai \u017eymeklis Snazaroo &#8211; Skizze","og_description":"Dabar kiekvien\u0105 veid\u0105 bus lengva stebuklingai pakeisti! Galite tapti bet kuo \u2013piratu, superherojumi, f\u0117ja ar princese. Su \u201eSnazaroo\u201c veido da\u017e\u0173 markeriais veid\u0105 nuda\u017eysite greitai, tiksliai ir lengvai, nereik\u0117s atskir\u0173 teptuk\u0173 ar vandens veidui nuvalyti. Galiukas pie\u0161ia tiek tikslias linijas, smulkius ra\u0161tus, taip pat ir dengia didelius plotus. Tinka jautriai odai ir lengvai nuvalomi.","og_url":"https:\/\/hobstop.ee\/lt\/produktas\/grimo-dazai-zymeklis-snazaroo\/","og_site_name":"Skizze","article_publisher":"http:\/\/www.facebook.com\/VunderSkizze","og_image":[{"width":1024,"height":768,"url":"https:\/\/hobstop.ee\/media\/4824.jpg","type":"image\/jpeg"}],"twitter_card":"summary_large_image","schema":{"@context":"https:\/\/schema.org","@graph":[{"@type":"WebPage","@id":"https:\/\/hobstop.ee\/lt\/produktas\/grimo-dazai-zymeklis-snazaroo\/","url":"https:\/\/hobstop.ee\/lt\/produktas\/grimo-dazai-zymeklis-snazaroo\/","name":"Grimo da\u017eai \u017eymeklis Snazaroo &#8211; Skizze","isPartOf":{"@id":"https:\/\/hobstop.ee\/lt\/#website"},"primaryImageOfPage":{"@id":"https:\/\/hobstop.ee\/lt\/produktas\/grimo-dazai-zymeklis-snazaroo\/#primaryimage"},"image":{"@id":"https:\/\/hobstop.ee\/lt\/produktas\/grimo-dazai-zymeklis-snazaroo\/#primaryimage"},"thumbnailUrl":"https:\/\/hobstop.ee\/media\/4824.jpg","datePublished":"2018-07-10T11:57:59+00:00","dateModified":"2018-07-10T11:57:59+00:00","breadcrumb":{"@id":"https:\/\/hobstop.ee\/lt\/produktas\/grimo-dazai-zymeklis-snazaroo\/#breadcrumb"},"inLanguage":"lt","potentialAction":[{"@type":"ReadAction","target":["https:\/\/hobstop.ee\/lt\/produktas\/grimo-dazai-zymeklis-snazaroo\/"]}]},{"@type":"ImageObject","inLanguage":"lt","@id":"https:\/\/hobstop.ee\/lt\/produktas\/grimo-dazai-zymeklis-snazaroo\/#primaryimage","url":"https:\/\/hobstop.ee\/media\/4824.jpg","contentUrl":"https:\/\/hobstop.ee\/media\/4824.jpg","width":1024,"height":768},{"@type":"BreadcrumbList","@id":"https:\/\/hobstop.ee\/lt\/produktas\/grimo-dazai-zymeklis-snazaroo\/#breadcrumb","itemListElement":[{"@type":"ListItem","position":1,"name":"Avaleht","item":"https:\/\/hobstop.ee\/lt\/"},{"@type":"ListItem","position":2,"name":"Parduotuv\u0117","item":"https:\/\/hobstop.ee\/lt\/parduotuve\/"},{"@type":"ListItem","position":3,"name":"Grimo da\u017eai \u017eymeklis Snazaroo"}]},{"@type":"WebSite","@id":"https:\/\/hobstop.ee\/lt\/#website","url":"https:\/\/hobstop.ee\/lt\/","name":"Skizze","description":"Dail\u0117s, pom\u0117gi\u0173 ir mokykliniai reikm\u0117nys","publisher":{"@id":"https:\/\/hobstop.ee\/lt\/#organization"},"potentialAction":[{"@type":"SearchAction","target":{"@type":"EntryPoint","urlTemplate":"https:\/\/hobstop.ee\/lt\/?s={search_term_string}"},"query-input":{"@type":"PropertyValueSpecification","valueRequired":true,"valueName":"search_term_string"}}],"inLanguage":"lt"},{"@type":"Organization","@id":"https:\/\/hobstop.ee\/lt\/#organization","name":"Vunder AS","url":"https:\/\/hobstop.ee\/lt\/","logo":{"@type":"ImageObject","inLanguage":"lt","@id":"https:\/\/hobstop.ee\/lt\/#\/schema\/logo\/image\/","url":"https:\/\/hobstop.ee\/media\/vunder-logo.png","contentUrl":"https:\/\/hobstop.ee\/media\/vunder-logo.png","width":127,"height":55,"caption":"Vunder AS"},"image":{"@id":"https:\/\/hobstop.ee\/lt\/#\/schema\/logo\/image\/"},"sameAs":["http:\/\/www.facebook.com\/VunderSkizze"]}]}},"_links":{"self":[{"href":"https:\/\/hobstop.ee\/lt\/wp-json\/wp\/v2\/product\/313243","targetHints":{"allow":["GET"]}}],"collection":[{"href":"https:\/\/hobstop.ee\/lt\/wp-json\/wp\/v2\/product"}],"about":[{"href":"https:\/\/hobstop.ee\/lt\/wp-json\/wp\/v2\/types\/product"}],"replies":[{"embeddable":true,"href":"https:\/\/hobstop.ee\/lt\/wp-json\/wp\/v2\/comments?post=313243"}],"wp:featuredmedia":[{"embeddable":true,"href":"https:\/\/hobstop.ee\/lt\/wp-json\/wp\/v2\/media\/313499"}],"wp:attachment":[{"href":"https:\/\/hobstop.ee\/lt\/wp-json\/wp\/v2\/media?parent=313243"}],"wp:term":[{"taxonomy":"product_cat","embeddable":true,"href":"https:\/\/hobstop.ee\/lt\/wp-json\/wp\/v2\/product_cat?post=313243"},{"taxonomy":"product_tag","embeddable":true,"href":"https:\/\/hobstop.ee\/lt\/wp-json\/wp\/v2\/product_tag?post=313243"}],"curies":[{"name":"wp","href":"https:\/\/api.w.org\/{rel}","templated":true}]}}