{"id":313259,"date":"2018-07-10T14:58:06","date_gmt":"2018-07-10T11:58:06","guid":{"rendered":"https:\/\/skizze.ee\/lt\/product\/mokyklinis-krepsys-walker-base\/"},"modified":"2018-07-10T14:58:06","modified_gmt":"2018-07-10T11:58:06","slug":"mokyklinis-krepsys-walker-base","status":"publish","type":"product","link":"https:\/\/hobstop.ee\/lt\/produktas\/mokyklinis-krepsys-walker-base\/","title":{"rendered":"Mokyklinis krep\u0161ys Walker Base"},"content":{"rendered":"<p>Mokykliniame krep\u0161yje \u201eWalker Base\u201c yra pagrindinis skyrius su pamink\u0161tintu skyreliu plan\u0161etiniam kompiuteriui (15\u201c) ir ma\u017ea u\u017etrauktuku u\u017etraukiama ki\u0161en\u0117l\u0117. Viduriniame skyriuje yra ki\u0161en\u0117l\u0117 telefonui, u\u017etrauktuku u\u017etraukiama priekin\u0117 ki\u0161en\u0117 ir tinklin\u0117s \u0161onin\u0117s ki\u0161en\u0117s g\u0117rim\u0173 buteliams sud\u0117ti. Krep\u0161yje \u201eWalker Base\u201c yra prakti\u0161ka rankena ir ergonomi\u0161ki bei patog\u016bs pe\u010di\u0173 dir\u017eai. Pagamintas i\u0161 vanden\u012f atstumian\u010dio poliesterio.<br \/>\nMatmenys: 32x45x21cm<br \/>\nTalpa: 30l<br \/>\nMas\u0117: apie 600g<\/p>\n","protected":false},"excerpt":{"rendered":"<p>Mokykliniame krep\u0161yje \u201eWalker Base\u201c yra pagrindinis skyrius su pamink\u0161tintu skyreliu plan\u0161etiniam kompiuteriui (15\u201c) ir ma\u017ea u\u017etrauktuku u\u017etraukiama ki\u0161en\u0117l\u0117. Viduriniame skyriuje yra ki\u0161en\u0117l\u0117 telefonui, u\u017etrauktuku u\u017etraukiama priekin\u0117 ki\u0161en\u0117 ir tinklin\u0117s \u0161onin\u0117s ki\u0161en\u0117s g\u0117rim\u0173 buteliams sud\u0117ti. Krep\u0161yje \u201eWalker Base\u201c yra prakti\u0161ka rankena ir ergonomi\u0161ki bei patog\u016bs pe\u010di\u0173 dir\u017eai. Pagamintas i\u0161 vanden\u012f atstumian\u010dio poliesterio. Matmenys: 32x45x21cm Talpa: 30l Mas\u0117: apie 600g<\/p>\n","protected":false},"featured_media":0,"comment_status":"closed","ping_status":"closed","template":"","meta":{"_acf_changed":false,"ep_exclude_from_search":false},"product_cat":[15064,235,14955],"product_tag":[],"class_list":{"0":"post-313259","1":"product","2":"type-product","3":"status-publish","5":"product_cat-puidu-immutus","6":"product_cat-mokyklines-prekes","7":"product_cat-seaharjas","9":"first","10":"instock","11":"taxable","12":"shipping-taxable","13":"product-type-simple"},"acf":[],"yoast_head":"<!-- This site is optimized with the Yoast SEO plugin v24.1 - https:\/\/yoast.com\/wordpress\/plugins\/seo\/ -->\n<title>Mokyklinis krep\u0161ys Walker Base &#8211; Skizze<\/title>\n<meta name=\"robots\" content=\"noindex, follow, max-snippet:-1, max-image-preview:large, max-video-preview:-1\" \/>\n<meta property=\"og:locale\" content=\"lt_LT\" \/>\n<meta property=\"og:type\" content=\"article\" \/>\n<meta property=\"og:title\" content=\"Mokyklinis krep\u0161ys Walker Base &#8211; Skizze\" \/>\n<meta property=\"og:description\" content=\"Mokykliniame krep\u0161yje \u201eWalker Base\u201c yra pagrindinis skyrius su pamink\u0161tintu skyreliu plan\u0161etiniam kompiuteriui (15\u201c) ir ma\u017ea u\u017etrauktuku u\u017etraukiama ki\u0161en\u0117l\u0117. Viduriniame skyriuje yra ki\u0161en\u0117l\u0117 telefonui, u\u017etrauktuku u\u017etraukiama priekin\u0117 ki\u0161en\u0117 ir tinklin\u0117s \u0161onin\u0117s ki\u0161en\u0117s g\u0117rim\u0173 buteliams sud\u0117ti. Krep\u0161yje \u201eWalker Base\u201c yra prakti\u0161ka rankena ir ergonomi\u0161ki bei patog\u016bs pe\u010di\u0173 dir\u017eai. Pagamintas i\u0161 vanden\u012f atstumian\u010dio poliesterio. Matmenys: 32x45x21cm Talpa: 30l Mas\u0117: apie 600g\" \/>\n<meta property=\"og:url\" content=\"https:\/\/hobstop.ee\/lt\/produktas\/mokyklinis-krepsys-walker-base\/\" \/>\n<meta property=\"og:site_name\" content=\"Skizze\" \/>\n<meta property=\"article:publisher\" content=\"http:\/\/www.facebook.com\/VunderSkizze\" \/>\n<meta name=\"twitter:card\" content=\"summary_large_image\" \/>\n<script type=\"application\/ld+json\" class=\"yoast-schema-graph\">{\"@context\":\"https:\/\/schema.org\",\"@graph\":[{\"@type\":\"WebPage\",\"@id\":\"https:\/\/hobstop.ee\/lt\/produktas\/mokyklinis-krepsys-walker-base\/\",\"url\":\"https:\/\/hobstop.ee\/lt\/produktas\/mokyklinis-krepsys-walker-base\/\",\"name\":\"Mokyklinis krep\u0161ys Walker Base &#8211; Skizze\",\"isPartOf\":{\"@id\":\"https:\/\/hobstop.ee\/lt\/#website\"},\"datePublished\":\"2018-07-10T11:58:06+00:00\",\"dateModified\":\"2018-07-10T11:58:06+00:00\",\"breadcrumb\":{\"@id\":\"https:\/\/hobstop.ee\/lt\/produktas\/mokyklinis-krepsys-walker-base\/#breadcrumb\"},\"inLanguage\":\"lt\",\"potentialAction\":[{\"@type\":\"ReadAction\",\"target\":[\"https:\/\/hobstop.ee\/lt\/produktas\/mokyklinis-krepsys-walker-base\/\"]}]},{\"@type\":\"BreadcrumbList\",\"@id\":\"https:\/\/hobstop.ee\/lt\/produktas\/mokyklinis-krepsys-walker-base\/#breadcrumb\",\"itemListElement\":[{\"@type\":\"ListItem\",\"position\":1,\"name\":\"Avaleht\",\"item\":\"https:\/\/hobstop.ee\/lt\/\"},{\"@type\":\"ListItem\",\"position\":2,\"name\":\"Parduotuv\u0117\",\"item\":\"https:\/\/hobstop.ee\/lt\/parduotuve\/\"},{\"@type\":\"ListItem\",\"position\":3,\"name\":\"Mokyklinis krep\u0161ys Walker Base\"}]},{\"@type\":\"WebSite\",\"@id\":\"https:\/\/hobstop.ee\/lt\/#website\",\"url\":\"https:\/\/hobstop.ee\/lt\/\",\"name\":\"Skizze\",\"description\":\"Dail\u0117s, pom\u0117gi\u0173 ir mokykliniai reikm\u0117nys\",\"publisher\":{\"@id\":\"https:\/\/hobstop.ee\/lt\/#organization\"},\"potentialAction\":[{\"@type\":\"SearchAction\",\"target\":{\"@type\":\"EntryPoint\",\"urlTemplate\":\"https:\/\/hobstop.ee\/lt\/?s={search_term_string}\"},\"query-input\":{\"@type\":\"PropertyValueSpecification\",\"valueRequired\":true,\"valueName\":\"search_term_string\"}}],\"inLanguage\":\"lt\"},{\"@type\":\"Organization\",\"@id\":\"https:\/\/hobstop.ee\/lt\/#organization\",\"name\":\"Vunder AS\",\"url\":\"https:\/\/hobstop.ee\/lt\/\",\"logo\":{\"@type\":\"ImageObject\",\"inLanguage\":\"lt\",\"@id\":\"https:\/\/hobstop.ee\/lt\/#\/schema\/logo\/image\/\",\"url\":\"https:\/\/hobstop.ee\/media\/vunder-logo.png\",\"contentUrl\":\"https:\/\/hobstop.ee\/media\/vunder-logo.png\",\"width\":127,\"height\":55,\"caption\":\"Vunder AS\"},\"image\":{\"@id\":\"https:\/\/hobstop.ee\/lt\/#\/schema\/logo\/image\/\"},\"sameAs\":[\"http:\/\/www.facebook.com\/VunderSkizze\"]}]}<\/script>\n<!-- \/ Yoast SEO plugin. -->","yoast_head_json":{"title":"Mokyklinis krep\u0161ys Walker Base &#8211; Skizze","robots":{"index":"noindex","follow":"follow","max-snippet":"max-snippet:-1","max-image-preview":"max-image-preview:large","max-video-preview":"max-video-preview:-1"},"og_locale":"lt_LT","og_type":"article","og_title":"Mokyklinis krep\u0161ys Walker Base &#8211; Skizze","og_description":"Mokykliniame krep\u0161yje \u201eWalker Base\u201c yra pagrindinis skyrius su pamink\u0161tintu skyreliu plan\u0161etiniam kompiuteriui (15\u201c) ir ma\u017ea u\u017etrauktuku u\u017etraukiama ki\u0161en\u0117l\u0117. Viduriniame skyriuje yra ki\u0161en\u0117l\u0117 telefonui, u\u017etrauktuku u\u017etraukiama priekin\u0117 ki\u0161en\u0117 ir tinklin\u0117s \u0161onin\u0117s ki\u0161en\u0117s g\u0117rim\u0173 buteliams sud\u0117ti. Krep\u0161yje \u201eWalker Base\u201c yra prakti\u0161ka rankena ir ergonomi\u0161ki bei patog\u016bs pe\u010di\u0173 dir\u017eai. Pagamintas i\u0161 vanden\u012f atstumian\u010dio poliesterio. Matmenys: 32x45x21cm Talpa: 30l Mas\u0117: apie 600g","og_url":"https:\/\/hobstop.ee\/lt\/produktas\/mokyklinis-krepsys-walker-base\/","og_site_name":"Skizze","article_publisher":"http:\/\/www.facebook.com\/VunderSkizze","twitter_card":"summary_large_image","schema":{"@context":"https:\/\/schema.org","@graph":[{"@type":"WebPage","@id":"https:\/\/hobstop.ee\/lt\/produktas\/mokyklinis-krepsys-walker-base\/","url":"https:\/\/hobstop.ee\/lt\/produktas\/mokyklinis-krepsys-walker-base\/","name":"Mokyklinis krep\u0161ys Walker Base &#8211; Skizze","isPartOf":{"@id":"https:\/\/hobstop.ee\/lt\/#website"},"datePublished":"2018-07-10T11:58:06+00:00","dateModified":"2018-07-10T11:58:06+00:00","breadcrumb":{"@id":"https:\/\/hobstop.ee\/lt\/produktas\/mokyklinis-krepsys-walker-base\/#breadcrumb"},"inLanguage":"lt","potentialAction":[{"@type":"ReadAction","target":["https:\/\/hobstop.ee\/lt\/produktas\/mokyklinis-krepsys-walker-base\/"]}]},{"@type":"BreadcrumbList","@id":"https:\/\/hobstop.ee\/lt\/produktas\/mokyklinis-krepsys-walker-base\/#breadcrumb","itemListElement":[{"@type":"ListItem","position":1,"name":"Avaleht","item":"https:\/\/hobstop.ee\/lt\/"},{"@type":"ListItem","position":2,"name":"Parduotuv\u0117","item":"https:\/\/hobstop.ee\/lt\/parduotuve\/"},{"@type":"ListItem","position":3,"name":"Mokyklinis krep\u0161ys Walker Base"}]},{"@type":"WebSite","@id":"https:\/\/hobstop.ee\/lt\/#website","url":"https:\/\/hobstop.ee\/lt\/","name":"Skizze","description":"Dail\u0117s, pom\u0117gi\u0173 ir mokykliniai reikm\u0117nys","publisher":{"@id":"https:\/\/hobstop.ee\/lt\/#organization"},"potentialAction":[{"@type":"SearchAction","target":{"@type":"EntryPoint","urlTemplate":"https:\/\/hobstop.ee\/lt\/?s={search_term_string}"},"query-input":{"@type":"PropertyValueSpecification","valueRequired":true,"valueName":"search_term_string"}}],"inLanguage":"lt"},{"@type":"Organization","@id":"https:\/\/hobstop.ee\/lt\/#organization","name":"Vunder AS","url":"https:\/\/hobstop.ee\/lt\/","logo":{"@type":"ImageObject","inLanguage":"lt","@id":"https:\/\/hobstop.ee\/lt\/#\/schema\/logo\/image\/","url":"https:\/\/hobstop.ee\/media\/vunder-logo.png","contentUrl":"https:\/\/hobstop.ee\/media\/vunder-logo.png","width":127,"height":55,"caption":"Vunder AS"},"image":{"@id":"https:\/\/hobstop.ee\/lt\/#\/schema\/logo\/image\/"},"sameAs":["http:\/\/www.facebook.com\/VunderSkizze"]}]}},"_links":{"self":[{"href":"https:\/\/hobstop.ee\/lt\/wp-json\/wp\/v2\/product\/313259","targetHints":{"allow":["GET"]}}],"collection":[{"href":"https:\/\/hobstop.ee\/lt\/wp-json\/wp\/v2\/product"}],"about":[{"href":"https:\/\/hobstop.ee\/lt\/wp-json\/wp\/v2\/types\/product"}],"replies":[{"embeddable":true,"href":"https:\/\/hobstop.ee\/lt\/wp-json\/wp\/v2\/comments?post=313259"}],"wp:attachment":[{"href":"https:\/\/hobstop.ee\/lt\/wp-json\/wp\/v2\/media?parent=313259"}],"wp:term":[{"taxonomy":"product_cat","embeddable":true,"href":"https:\/\/hobstop.ee\/lt\/wp-json\/wp\/v2\/product_cat?post=313259"},{"taxonomy":"product_tag","embeddable":true,"href":"https:\/\/hobstop.ee\/lt\/wp-json\/wp\/v2\/product_tag?post=313259"}],"curies":[{"name":"wp","href":"https:\/\/api.w.org\/{rel}","templated":true}]}}