{"id":313263,"date":"2018-07-10T14:58:07","date_gmt":"2018-07-10T11:58:07","guid":{"rendered":"https:\/\/skizze.ee\/lt\/product\/penalas-walker-classic\/"},"modified":"2018-07-10T14:58:07","modified_gmt":"2018-07-10T11:58:07","slug":"penalas-walker-classic","status":"publish","type":"product","link":"https:\/\/hobstop.ee\/lt\/produktas\/penalas-walker-classic\/","title":{"rendered":"Penalas Walker Classic"},"content":{"rendered":"<p>Kokybi\u0161kas penalas \u201eWalker\u201c su vienu u\u017etrauktu u\u017edaromu skyriumi. Pagrindiniame skyriuje yra lankstus dvigubas skirtukas su kilpomis 20 pie\u0161tuk\u0173, u\u017etrauktuku u\u017edaromas skyrelis ir du atviri skyreliai. Penalas \u201eWalker\u201c yra parduodamas tu\u0161\u010dias, paveiksl\u0117lyje parodyti mokykliniai reikmenys yra iliustraciniai.<br \/>\nMatmenys: 21x10x6cm<\/p>\n","protected":false},"excerpt":{"rendered":"<p>Kokybi\u0161kas penalas \u201eWalker\u201c su vienu u\u017etrauktu u\u017edaromu skyriumi. Pagrindiniame skyriuje yra lankstus dvigubas skirtukas su kilpomis 20 pie\u0161tuk\u0173, u\u017etrauktuku u\u017edaromas skyrelis ir du atviri skyreliai. Penalas \u201eWalker\u201c yra parduodamas tu\u0161\u010dias, paveiksl\u0117lyje parodyti mokykliniai reikmenys yra iliustraciniai. Matmenys: 21x10x6cm<\/p>\n","protected":false},"featured_media":355064,"comment_status":"closed","ping_status":"closed","template":"","meta":{"_acf_changed":false,"ep_exclude_from_search":false},"product_cat":[235,14955,18073],"product_tag":[],"class_list":{"0":"post-313263","1":"product","2":"type-product","3":"status-publish","4":"has-post-thumbnail","6":"product_cat-mokyklines-prekes","7":"product_cat-seaharjas","8":"product_cat-piestukines","10":"first","11":"instock","12":"taxable","13":"shipping-taxable","14":"purchasable","15":"product-type-simple"},"acf":[],"yoast_head":"<!-- This site is optimized with the Yoast SEO plugin v24.1 - https:\/\/yoast.com\/wordpress\/plugins\/seo\/ -->\n<title>Penalas Walker Classic &#8211; Skizze<\/title>\n<meta name=\"robots\" content=\"noindex, follow, max-snippet:-1, max-image-preview:large, max-video-preview:-1\" \/>\n<meta property=\"og:locale\" content=\"lt_LT\" \/>\n<meta property=\"og:type\" content=\"article\" \/>\n<meta property=\"og:title\" content=\"Penalas Walker Classic &#8211; Skizze\" \/>\n<meta property=\"og:description\" content=\"Kokybi\u0161kas penalas \u201eWalker\u201c su vienu u\u017etrauktu u\u017edaromu skyriumi. Pagrindiniame skyriuje yra lankstus dvigubas skirtukas su kilpomis 20 pie\u0161tuk\u0173, u\u017etrauktuku u\u017edaromas skyrelis ir du atviri skyreliai. Penalas \u201eWalker\u201c yra parduodamas tu\u0161\u010dias, paveiksl\u0117lyje parodyti mokykliniai reikmenys yra iliustraciniai. Matmenys: 21x10x6cm\" \/>\n<meta property=\"og:url\" content=\"https:\/\/hobstop.ee\/lt\/produktas\/penalas-walker-classic\/\" \/>\n<meta property=\"og:site_name\" content=\"Skizze\" \/>\n<meta property=\"article:publisher\" content=\"http:\/\/www.facebook.com\/VunderSkizze\" \/>\n<meta property=\"og:image\" content=\"https:\/\/hobstop.ee\/media\/4842-scaled.jpg\" \/>\n\t<meta property=\"og:image:width\" content=\"2560\" \/>\n\t<meta property=\"og:image:height\" content=\"2560\" \/>\n\t<meta property=\"og:image:type\" content=\"image\/jpeg\" \/>\n<meta name=\"twitter:card\" content=\"summary_large_image\" \/>\n<script type=\"application\/ld+json\" class=\"yoast-schema-graph\">{\"@context\":\"https:\/\/schema.org\",\"@graph\":[{\"@type\":\"WebPage\",\"@id\":\"https:\/\/hobstop.ee\/lt\/produktas\/penalas-walker-classic\/\",\"url\":\"https:\/\/hobstop.ee\/lt\/produktas\/penalas-walker-classic\/\",\"name\":\"Penalas Walker Classic &#8211; Skizze\",\"isPartOf\":{\"@id\":\"https:\/\/hobstop.ee\/lt\/#website\"},\"primaryImageOfPage\":{\"@id\":\"https:\/\/hobstop.ee\/lt\/produktas\/penalas-walker-classic\/#primaryimage\"},\"image\":{\"@id\":\"https:\/\/hobstop.ee\/lt\/produktas\/penalas-walker-classic\/#primaryimage\"},\"thumbnailUrl\":\"https:\/\/hobstop.ee\/media\/4842-scaled.jpg\",\"datePublished\":\"2018-07-10T11:58:07+00:00\",\"dateModified\":\"2018-07-10T11:58:07+00:00\",\"breadcrumb\":{\"@id\":\"https:\/\/hobstop.ee\/lt\/produktas\/penalas-walker-classic\/#breadcrumb\"},\"inLanguage\":\"lt\",\"potentialAction\":[{\"@type\":\"ReadAction\",\"target\":[\"https:\/\/hobstop.ee\/lt\/produktas\/penalas-walker-classic\/\"]}]},{\"@type\":\"ImageObject\",\"inLanguage\":\"lt\",\"@id\":\"https:\/\/hobstop.ee\/lt\/produktas\/penalas-walker-classic\/#primaryimage\",\"url\":\"https:\/\/hobstop.ee\/media\/4842-scaled.jpg\",\"contentUrl\":\"https:\/\/hobstop.ee\/media\/4842-scaled.jpg\",\"width\":2560,\"height\":2560},{\"@type\":\"BreadcrumbList\",\"@id\":\"https:\/\/hobstop.ee\/lt\/produktas\/penalas-walker-classic\/#breadcrumb\",\"itemListElement\":[{\"@type\":\"ListItem\",\"position\":1,\"name\":\"Avaleht\",\"item\":\"https:\/\/hobstop.ee\/lt\/\"},{\"@type\":\"ListItem\",\"position\":2,\"name\":\"Parduotuv\u0117\",\"item\":\"https:\/\/hobstop.ee\/lt\/parduotuve\/\"},{\"@type\":\"ListItem\",\"position\":3,\"name\":\"Penalas Walker Classic\"}]},{\"@type\":\"WebSite\",\"@id\":\"https:\/\/hobstop.ee\/lt\/#website\",\"url\":\"https:\/\/hobstop.ee\/lt\/\",\"name\":\"Skizze\",\"description\":\"Dail\u0117s, pom\u0117gi\u0173 ir mokykliniai reikm\u0117nys\",\"publisher\":{\"@id\":\"https:\/\/hobstop.ee\/lt\/#organization\"},\"potentialAction\":[{\"@type\":\"SearchAction\",\"target\":{\"@type\":\"EntryPoint\",\"urlTemplate\":\"https:\/\/hobstop.ee\/lt\/?s={search_term_string}\"},\"query-input\":{\"@type\":\"PropertyValueSpecification\",\"valueRequired\":true,\"valueName\":\"search_term_string\"}}],\"inLanguage\":\"lt\"},{\"@type\":\"Organization\",\"@id\":\"https:\/\/hobstop.ee\/lt\/#organization\",\"name\":\"Vunder AS\",\"url\":\"https:\/\/hobstop.ee\/lt\/\",\"logo\":{\"@type\":\"ImageObject\",\"inLanguage\":\"lt\",\"@id\":\"https:\/\/hobstop.ee\/lt\/#\/schema\/logo\/image\/\",\"url\":\"https:\/\/hobstop.ee\/media\/vunder-logo.png\",\"contentUrl\":\"https:\/\/hobstop.ee\/media\/vunder-logo.png\",\"width\":127,\"height\":55,\"caption\":\"Vunder AS\"},\"image\":{\"@id\":\"https:\/\/hobstop.ee\/lt\/#\/schema\/logo\/image\/\"},\"sameAs\":[\"http:\/\/www.facebook.com\/VunderSkizze\"]}]}<\/script>\n<!-- \/ Yoast SEO plugin. -->","yoast_head_json":{"title":"Penalas Walker Classic &#8211; Skizze","robots":{"index":"noindex","follow":"follow","max-snippet":"max-snippet:-1","max-image-preview":"max-image-preview:large","max-video-preview":"max-video-preview:-1"},"og_locale":"lt_LT","og_type":"article","og_title":"Penalas Walker Classic &#8211; Skizze","og_description":"Kokybi\u0161kas penalas \u201eWalker\u201c su vienu u\u017etrauktu u\u017edaromu skyriumi. Pagrindiniame skyriuje yra lankstus dvigubas skirtukas su kilpomis 20 pie\u0161tuk\u0173, u\u017etrauktuku u\u017edaromas skyrelis ir du atviri skyreliai. Penalas \u201eWalker\u201c yra parduodamas tu\u0161\u010dias, paveiksl\u0117lyje parodyti mokykliniai reikmenys yra iliustraciniai. Matmenys: 21x10x6cm","og_url":"https:\/\/hobstop.ee\/lt\/produktas\/penalas-walker-classic\/","og_site_name":"Skizze","article_publisher":"http:\/\/www.facebook.com\/VunderSkizze","og_image":[{"width":2560,"height":2560,"url":"https:\/\/hobstop.ee\/media\/4842-scaled.jpg","type":"image\/jpeg"}],"twitter_card":"summary_large_image","schema":{"@context":"https:\/\/schema.org","@graph":[{"@type":"WebPage","@id":"https:\/\/hobstop.ee\/lt\/produktas\/penalas-walker-classic\/","url":"https:\/\/hobstop.ee\/lt\/produktas\/penalas-walker-classic\/","name":"Penalas Walker Classic &#8211; Skizze","isPartOf":{"@id":"https:\/\/hobstop.ee\/lt\/#website"},"primaryImageOfPage":{"@id":"https:\/\/hobstop.ee\/lt\/produktas\/penalas-walker-classic\/#primaryimage"},"image":{"@id":"https:\/\/hobstop.ee\/lt\/produktas\/penalas-walker-classic\/#primaryimage"},"thumbnailUrl":"https:\/\/hobstop.ee\/media\/4842-scaled.jpg","datePublished":"2018-07-10T11:58:07+00:00","dateModified":"2018-07-10T11:58:07+00:00","breadcrumb":{"@id":"https:\/\/hobstop.ee\/lt\/produktas\/penalas-walker-classic\/#breadcrumb"},"inLanguage":"lt","potentialAction":[{"@type":"ReadAction","target":["https:\/\/hobstop.ee\/lt\/produktas\/penalas-walker-classic\/"]}]},{"@type":"ImageObject","inLanguage":"lt","@id":"https:\/\/hobstop.ee\/lt\/produktas\/penalas-walker-classic\/#primaryimage","url":"https:\/\/hobstop.ee\/media\/4842-scaled.jpg","contentUrl":"https:\/\/hobstop.ee\/media\/4842-scaled.jpg","width":2560,"height":2560},{"@type":"BreadcrumbList","@id":"https:\/\/hobstop.ee\/lt\/produktas\/penalas-walker-classic\/#breadcrumb","itemListElement":[{"@type":"ListItem","position":1,"name":"Avaleht","item":"https:\/\/hobstop.ee\/lt\/"},{"@type":"ListItem","position":2,"name":"Parduotuv\u0117","item":"https:\/\/hobstop.ee\/lt\/parduotuve\/"},{"@type":"ListItem","position":3,"name":"Penalas Walker Classic"}]},{"@type":"WebSite","@id":"https:\/\/hobstop.ee\/lt\/#website","url":"https:\/\/hobstop.ee\/lt\/","name":"Skizze","description":"Dail\u0117s, pom\u0117gi\u0173 ir mokykliniai reikm\u0117nys","publisher":{"@id":"https:\/\/hobstop.ee\/lt\/#organization"},"potentialAction":[{"@type":"SearchAction","target":{"@type":"EntryPoint","urlTemplate":"https:\/\/hobstop.ee\/lt\/?s={search_term_string}"},"query-input":{"@type":"PropertyValueSpecification","valueRequired":true,"valueName":"search_term_string"}}],"inLanguage":"lt"},{"@type":"Organization","@id":"https:\/\/hobstop.ee\/lt\/#organization","name":"Vunder AS","url":"https:\/\/hobstop.ee\/lt\/","logo":{"@type":"ImageObject","inLanguage":"lt","@id":"https:\/\/hobstop.ee\/lt\/#\/schema\/logo\/image\/","url":"https:\/\/hobstop.ee\/media\/vunder-logo.png","contentUrl":"https:\/\/hobstop.ee\/media\/vunder-logo.png","width":127,"height":55,"caption":"Vunder AS"},"image":{"@id":"https:\/\/hobstop.ee\/lt\/#\/schema\/logo\/image\/"},"sameAs":["http:\/\/www.facebook.com\/VunderSkizze"]}]}},"_links":{"self":[{"href":"https:\/\/hobstop.ee\/lt\/wp-json\/wp\/v2\/product\/313263","targetHints":{"allow":["GET"]}}],"collection":[{"href":"https:\/\/hobstop.ee\/lt\/wp-json\/wp\/v2\/product"}],"about":[{"href":"https:\/\/hobstop.ee\/lt\/wp-json\/wp\/v2\/types\/product"}],"replies":[{"embeddable":true,"href":"https:\/\/hobstop.ee\/lt\/wp-json\/wp\/v2\/comments?post=313263"}],"wp:featuredmedia":[{"embeddable":true,"href":"https:\/\/hobstop.ee\/lt\/wp-json\/wp\/v2\/media\/355064"}],"wp:attachment":[{"href":"https:\/\/hobstop.ee\/lt\/wp-json\/wp\/v2\/media?parent=313263"}],"wp:term":[{"taxonomy":"product_cat","embeddable":true,"href":"https:\/\/hobstop.ee\/lt\/wp-json\/wp\/v2\/product_cat?post=313263"},{"taxonomy":"product_tag","embeddable":true,"href":"https:\/\/hobstop.ee\/lt\/wp-json\/wp\/v2\/product_tag?post=313263"}],"curies":[{"name":"wp","href":"https:\/\/api.w.org\/{rel}","templated":true}]}}