{"id":313267,"date":"2018-07-10T14:58:08","date_gmt":"2018-07-10T11:58:08","guid":{"rendered":"https:\/\/skizze.ee\/lt\/product\/mokyklinis-krepsys-walker-fame\/"},"modified":"2018-07-10T14:58:08","modified_gmt":"2018-07-10T11:58:08","slug":"mokyklinis-krepsys-walker-fame","status":"publish","type":"product","link":"https:\/\/hobstop.ee\/lt\/produktas\/mokyklinis-krepsys-walker-fame\/","title":{"rendered":"Mokyklinis krep\u0161ys Walker Fame"},"content":{"rendered":"<p>Mokyklinio krep\u0161io \u201eWalker Fame\u201c pagrindiniame skyriuje yra lankstus skirtukas, u\u017etrauktuku u\u017etraukiama ki\u0161en\u0117l\u0117 ir A4 formato ki\u0161en\u0117. Taip pat yra ir vidurin\u0117 ki\u0161en\u0117 su skirtukais ir \u0161onin\u0117s ki\u0161en\u0117s g\u0117rim\u0173 buteliams su papildomomis u\u017etrauktuku u\u017edaromomis ki\u0161en\u0117mis. Daiktai bus tvarkingai sud\u0117ti, nes priekin\u0117je ki\u0161en\u0117je yra u\u017etrauktuku u\u017edaroma tinklin\u0117 ki\u0161en\u0117l\u0117, atviros ki\u0161en\u0117s ir laikikliai pie\u0161tukams. Krep\u0161yje \u201eWalker Fame\u201c yra prakti\u0161ka rankena ir ergonomi\u0161ki bei patog\u016bs pe\u010di\u0173 dir\u017eai. Patogum\u0105 u\u017etikrina orui laidus nugaros pamink\u0161tinimas ir ergonomi\u0161kos formos pe\u010di\u0173 dir\u017eai. Vanden\u012f atstumianti med\u017eiaga neleis krep\u0161iui su\u0161lapti, o at\u0161vaitai u\u017etikrins saugum\u0105 tamsiu paros metu. Pagaminta i\u0161 poliesterio ir (arba) nailono.<br \/>\nMatmenys: 32x44x24cm<br \/>\nTalpa: 32l<br \/>\nMas\u0117: apie 960g<\/p>\n","protected":false},"excerpt":{"rendered":"<p>Mokyklinio krep\u0161io \u201eWalker Fame\u201c pagrindiniame skyriuje yra lankstus skirtukas, u\u017etrauktuku u\u017etraukiama ki\u0161en\u0117l\u0117 ir A4 formato ki\u0161en\u0117. Taip pat yra ir vidurin\u0117 ki\u0161en\u0117 su skirtukais ir \u0161onin\u0117s ki\u0161en\u0117s g\u0117rim\u0173 buteliams su papildomomis u\u017etrauktuku u\u017edaromomis ki\u0161en\u0117mis. Daiktai bus tvarkingai sud\u0117ti, nes priekin\u0117je ki\u0161en\u0117je yra u\u017etrauktuku u\u017edaroma tinklin\u0117 ki\u0161en\u0117l\u0117, atviros ki\u0161en\u0117s ir laikikliai pie\u0161tukams. Krep\u0161yje \u201eWalker Fame\u201c yra prakti\u0161ka rankena ir ergonomi\u0161ki bei patog\u016bs pe\u010di\u0173 dir\u017eai. Patogum\u0105 u\u017etikrina orui laidus nugaros pamink\u0161tinimas ir ergonomi\u0161kos formos pe\u010di\u0173 dir\u017eai. Vanden\u012f atstumianti med\u017eiaga neleis krep\u0161iui su\u0161lapti, o at\u0161vaitai u\u017etikrins saugum\u0105 tamsiu paros metu. Pagaminta i\u0161 poliesterio ir (arba) nailono. Matmenys: 32x44x24cm Talpa: 32l Mas\u0117: apie 960g<\/p>\n","protected":false},"featured_media":0,"comment_status":"closed","ping_status":"closed","template":"","meta":{"_acf_changed":false,"ep_exclude_from_search":false},"product_cat":[15064,235,14955],"product_tag":[],"class_list":{"0":"post-313267","1":"product","2":"type-product","3":"status-publish","5":"product_cat-puidu-immutus","6":"product_cat-mokyklines-prekes","7":"product_cat-seaharjas","9":"first","10":"instock","11":"taxable","12":"shipping-taxable","13":"product-type-simple"},"acf":[],"yoast_head":"<!-- This site is optimized with the Yoast SEO plugin v24.1 - https:\/\/yoast.com\/wordpress\/plugins\/seo\/ -->\n<title>Mokyklinis krep\u0161ys Walker Fame &#8211; Skizze<\/title>\n<meta name=\"robots\" content=\"noindex, follow, max-snippet:-1, max-image-preview:large, max-video-preview:-1\" \/>\n<meta property=\"og:locale\" content=\"lt_LT\" \/>\n<meta property=\"og:type\" content=\"article\" \/>\n<meta property=\"og:title\" content=\"Mokyklinis krep\u0161ys Walker Fame &#8211; Skizze\" \/>\n<meta property=\"og:description\" content=\"Mokyklinio krep\u0161io \u201eWalker Fame\u201c pagrindiniame skyriuje yra lankstus skirtukas, u\u017etrauktuku u\u017etraukiama ki\u0161en\u0117l\u0117 ir A4 formato ki\u0161en\u0117. Taip pat yra ir vidurin\u0117 ki\u0161en\u0117 su skirtukais ir \u0161onin\u0117s ki\u0161en\u0117s g\u0117rim\u0173 buteliams su papildomomis u\u017etrauktuku u\u017edaromomis ki\u0161en\u0117mis. Daiktai bus tvarkingai sud\u0117ti, nes priekin\u0117je ki\u0161en\u0117je yra u\u017etrauktuku u\u017edaroma tinklin\u0117 ki\u0161en\u0117l\u0117, atviros ki\u0161en\u0117s ir laikikliai pie\u0161tukams. Krep\u0161yje \u201eWalker Fame\u201c yra prakti\u0161ka rankena ir ergonomi\u0161ki bei patog\u016bs pe\u010di\u0173 dir\u017eai. Patogum\u0105 u\u017etikrina orui laidus nugaros pamink\u0161tinimas ir ergonomi\u0161kos formos pe\u010di\u0173 dir\u017eai. Vanden\u012f atstumianti med\u017eiaga neleis krep\u0161iui su\u0161lapti, o at\u0161vaitai u\u017etikrins saugum\u0105 tamsiu paros metu. Pagaminta i\u0161 poliesterio ir (arba) nailono. Matmenys: 32x44x24cm Talpa: 32l Mas\u0117: apie 960g\" \/>\n<meta property=\"og:url\" content=\"https:\/\/hobstop.ee\/lt\/produktas\/mokyklinis-krepsys-walker-fame\/\" \/>\n<meta property=\"og:site_name\" content=\"Skizze\" \/>\n<meta property=\"article:publisher\" content=\"http:\/\/www.facebook.com\/VunderSkizze\" \/>\n<meta name=\"twitter:card\" content=\"summary_large_image\" \/>\n<meta name=\"twitter:label1\" content=\"Est. reading time\" \/>\n\t<meta name=\"twitter:data1\" content=\"1 minute\" \/>\n<script type=\"application\/ld+json\" class=\"yoast-schema-graph\">{\"@context\":\"https:\/\/schema.org\",\"@graph\":[{\"@type\":\"WebPage\",\"@id\":\"https:\/\/hobstop.ee\/lt\/produktas\/mokyklinis-krepsys-walker-fame\/\",\"url\":\"https:\/\/hobstop.ee\/lt\/produktas\/mokyklinis-krepsys-walker-fame\/\",\"name\":\"Mokyklinis krep\u0161ys Walker Fame &#8211; Skizze\",\"isPartOf\":{\"@id\":\"https:\/\/hobstop.ee\/lt\/#website\"},\"datePublished\":\"2018-07-10T11:58:08+00:00\",\"dateModified\":\"2018-07-10T11:58:08+00:00\",\"breadcrumb\":{\"@id\":\"https:\/\/hobstop.ee\/lt\/produktas\/mokyklinis-krepsys-walker-fame\/#breadcrumb\"},\"inLanguage\":\"lt\",\"potentialAction\":[{\"@type\":\"ReadAction\",\"target\":[\"https:\/\/hobstop.ee\/lt\/produktas\/mokyklinis-krepsys-walker-fame\/\"]}]},{\"@type\":\"BreadcrumbList\",\"@id\":\"https:\/\/hobstop.ee\/lt\/produktas\/mokyklinis-krepsys-walker-fame\/#breadcrumb\",\"itemListElement\":[{\"@type\":\"ListItem\",\"position\":1,\"name\":\"Avaleht\",\"item\":\"https:\/\/hobstop.ee\/lt\/\"},{\"@type\":\"ListItem\",\"position\":2,\"name\":\"Parduotuv\u0117\",\"item\":\"https:\/\/hobstop.ee\/lt\/parduotuve\/\"},{\"@type\":\"ListItem\",\"position\":3,\"name\":\"Mokyklinis krep\u0161ys Walker Fame\"}]},{\"@type\":\"WebSite\",\"@id\":\"https:\/\/hobstop.ee\/lt\/#website\",\"url\":\"https:\/\/hobstop.ee\/lt\/\",\"name\":\"Skizze\",\"description\":\"Dail\u0117s, pom\u0117gi\u0173 ir mokykliniai reikm\u0117nys\",\"publisher\":{\"@id\":\"https:\/\/hobstop.ee\/lt\/#organization\"},\"potentialAction\":[{\"@type\":\"SearchAction\",\"target\":{\"@type\":\"EntryPoint\",\"urlTemplate\":\"https:\/\/hobstop.ee\/lt\/?s={search_term_string}\"},\"query-input\":{\"@type\":\"PropertyValueSpecification\",\"valueRequired\":true,\"valueName\":\"search_term_string\"}}],\"inLanguage\":\"lt\"},{\"@type\":\"Organization\",\"@id\":\"https:\/\/hobstop.ee\/lt\/#organization\",\"name\":\"Vunder AS\",\"url\":\"https:\/\/hobstop.ee\/lt\/\",\"logo\":{\"@type\":\"ImageObject\",\"inLanguage\":\"lt\",\"@id\":\"https:\/\/hobstop.ee\/lt\/#\/schema\/logo\/image\/\",\"url\":\"https:\/\/hobstop.ee\/media\/vunder-logo.png\",\"contentUrl\":\"https:\/\/hobstop.ee\/media\/vunder-logo.png\",\"width\":127,\"height\":55,\"caption\":\"Vunder AS\"},\"image\":{\"@id\":\"https:\/\/hobstop.ee\/lt\/#\/schema\/logo\/image\/\"},\"sameAs\":[\"http:\/\/www.facebook.com\/VunderSkizze\"]}]}<\/script>\n<!-- \/ Yoast SEO plugin. -->","yoast_head_json":{"title":"Mokyklinis krep\u0161ys Walker Fame &#8211; Skizze","robots":{"index":"noindex","follow":"follow","max-snippet":"max-snippet:-1","max-image-preview":"max-image-preview:large","max-video-preview":"max-video-preview:-1"},"og_locale":"lt_LT","og_type":"article","og_title":"Mokyklinis krep\u0161ys Walker Fame &#8211; Skizze","og_description":"Mokyklinio krep\u0161io \u201eWalker Fame\u201c pagrindiniame skyriuje yra lankstus skirtukas, u\u017etrauktuku u\u017etraukiama ki\u0161en\u0117l\u0117 ir A4 formato ki\u0161en\u0117. Taip pat yra ir vidurin\u0117 ki\u0161en\u0117 su skirtukais ir \u0161onin\u0117s ki\u0161en\u0117s g\u0117rim\u0173 buteliams su papildomomis u\u017etrauktuku u\u017edaromomis ki\u0161en\u0117mis. Daiktai bus tvarkingai sud\u0117ti, nes priekin\u0117je ki\u0161en\u0117je yra u\u017etrauktuku u\u017edaroma tinklin\u0117 ki\u0161en\u0117l\u0117, atviros ki\u0161en\u0117s ir laikikliai pie\u0161tukams. Krep\u0161yje \u201eWalker Fame\u201c yra prakti\u0161ka rankena ir ergonomi\u0161ki bei patog\u016bs pe\u010di\u0173 dir\u017eai. Patogum\u0105 u\u017etikrina orui laidus nugaros pamink\u0161tinimas ir ergonomi\u0161kos formos pe\u010di\u0173 dir\u017eai. Vanden\u012f atstumianti med\u017eiaga neleis krep\u0161iui su\u0161lapti, o at\u0161vaitai u\u017etikrins saugum\u0105 tamsiu paros metu. Pagaminta i\u0161 poliesterio ir (arba) nailono. Matmenys: 32x44x24cm Talpa: 32l Mas\u0117: apie 960g","og_url":"https:\/\/hobstop.ee\/lt\/produktas\/mokyklinis-krepsys-walker-fame\/","og_site_name":"Skizze","article_publisher":"http:\/\/www.facebook.com\/VunderSkizze","twitter_card":"summary_large_image","twitter_misc":{"Est. reading time":"1 minute"},"schema":{"@context":"https:\/\/schema.org","@graph":[{"@type":"WebPage","@id":"https:\/\/hobstop.ee\/lt\/produktas\/mokyklinis-krepsys-walker-fame\/","url":"https:\/\/hobstop.ee\/lt\/produktas\/mokyklinis-krepsys-walker-fame\/","name":"Mokyklinis krep\u0161ys Walker Fame &#8211; Skizze","isPartOf":{"@id":"https:\/\/hobstop.ee\/lt\/#website"},"datePublished":"2018-07-10T11:58:08+00:00","dateModified":"2018-07-10T11:58:08+00:00","breadcrumb":{"@id":"https:\/\/hobstop.ee\/lt\/produktas\/mokyklinis-krepsys-walker-fame\/#breadcrumb"},"inLanguage":"lt","potentialAction":[{"@type":"ReadAction","target":["https:\/\/hobstop.ee\/lt\/produktas\/mokyklinis-krepsys-walker-fame\/"]}]},{"@type":"BreadcrumbList","@id":"https:\/\/hobstop.ee\/lt\/produktas\/mokyklinis-krepsys-walker-fame\/#breadcrumb","itemListElement":[{"@type":"ListItem","position":1,"name":"Avaleht","item":"https:\/\/hobstop.ee\/lt\/"},{"@type":"ListItem","position":2,"name":"Parduotuv\u0117","item":"https:\/\/hobstop.ee\/lt\/parduotuve\/"},{"@type":"ListItem","position":3,"name":"Mokyklinis krep\u0161ys Walker Fame"}]},{"@type":"WebSite","@id":"https:\/\/hobstop.ee\/lt\/#website","url":"https:\/\/hobstop.ee\/lt\/","name":"Skizze","description":"Dail\u0117s, pom\u0117gi\u0173 ir mokykliniai reikm\u0117nys","publisher":{"@id":"https:\/\/hobstop.ee\/lt\/#organization"},"potentialAction":[{"@type":"SearchAction","target":{"@type":"EntryPoint","urlTemplate":"https:\/\/hobstop.ee\/lt\/?s={search_term_string}"},"query-input":{"@type":"PropertyValueSpecification","valueRequired":true,"valueName":"search_term_string"}}],"inLanguage":"lt"},{"@type":"Organization","@id":"https:\/\/hobstop.ee\/lt\/#organization","name":"Vunder AS","url":"https:\/\/hobstop.ee\/lt\/","logo":{"@type":"ImageObject","inLanguage":"lt","@id":"https:\/\/hobstop.ee\/lt\/#\/schema\/logo\/image\/","url":"https:\/\/hobstop.ee\/media\/vunder-logo.png","contentUrl":"https:\/\/hobstop.ee\/media\/vunder-logo.png","width":127,"height":55,"caption":"Vunder AS"},"image":{"@id":"https:\/\/hobstop.ee\/lt\/#\/schema\/logo\/image\/"},"sameAs":["http:\/\/www.facebook.com\/VunderSkizze"]}]}},"_links":{"self":[{"href":"https:\/\/hobstop.ee\/lt\/wp-json\/wp\/v2\/product\/313267","targetHints":{"allow":["GET"]}}],"collection":[{"href":"https:\/\/hobstop.ee\/lt\/wp-json\/wp\/v2\/product"}],"about":[{"href":"https:\/\/hobstop.ee\/lt\/wp-json\/wp\/v2\/types\/product"}],"replies":[{"embeddable":true,"href":"https:\/\/hobstop.ee\/lt\/wp-json\/wp\/v2\/comments?post=313267"}],"wp:attachment":[{"href":"https:\/\/hobstop.ee\/lt\/wp-json\/wp\/v2\/media?parent=313267"}],"wp:term":[{"taxonomy":"product_cat","embeddable":true,"href":"https:\/\/hobstop.ee\/lt\/wp-json\/wp\/v2\/product_cat?post=313267"},{"taxonomy":"product_tag","embeddable":true,"href":"https:\/\/hobstop.ee\/lt\/wp-json\/wp\/v2\/product_tag?post=313267"}],"curies":[{"name":"wp","href":"https:\/\/api.w.org\/{rel}","templated":true}]}}