{"id":313295,"date":"2018-07-10T14:58:19","date_gmt":"2018-07-10T11:58:19","guid":{"rendered":"https:\/\/skizze.ee\/lt\/product\/indelis-vandeniui-maped-colorpeps\/"},"modified":"2018-07-10T14:58:19","modified_gmt":"2018-07-10T11:58:19","slug":"indelis-vandeniui-maped-colorpeps","status":"publish","type":"product","link":"https:\/\/hobstop.ee\/lt\/produktas\/indelis-vandeniui-maped-colorpeps\/","title":{"rendered":"Indelis vandeniui Maped Color&#8217;Peps"},"content":{"rendered":"<p>Vandens indelis \u201eMaped Color&#8217;Peps&#8221; idealiai tinka jauniesiems menininkams. Jo dangtelis yra atver\u010diamas \u2013 tokiu b\u016bdu galima naudoti kelis indelius su labai stabiliu pagrindu! Vandens indelis su linksmais superherojais turi atskir\u0105 dal\u012f teptukui laikyti, j\u012f yra lengva valyti.<br \/>\n\u012evairi\u0173 spalv\u0173.<\/p>\n","protected":false},"excerpt":{"rendered":"<p>Vandens indelis \u201eMaped Color&#8217;Peps&#8221; idealiai tinka jauniesiems menininkams. Jo dangtelis yra atver\u010diamas \u2013 tokiu b\u016bdu galima naudoti kelis indelius su labai stabiliu pagrindu! Vandens indelis su linksmais superherojais turi atskir\u0105 dal\u012f teptukui laikyti, j\u012f yra lengva valyti. \u012evairi\u0173 spalv\u0173.<\/p>\n","protected":false},"featured_media":313551,"comment_status":"closed","ping_status":"closed","template":"","meta":{"_acf_changed":false,"ep_exclude_from_search":false},"product_cat":[18708,235,18926],"product_tag":[],"class_list":{"0":"post-313295","1":"product","2":"type-product","3":"status-publish","4":"has-post-thumbnail","6":"product_cat-ivairus-10","7":"product_cat-mokyklines-prekes","8":"product_cat-tapymo-priemones","10":"first","11":"instock","12":"taxable","13":"shipping-taxable","14":"purchasable","15":"product-type-simple"},"acf":[],"yoast_head":"<!-- This site is optimized with the Yoast SEO plugin v24.1 - https:\/\/yoast.com\/wordpress\/plugins\/seo\/ -->\n<title>Indelis vandeniui Maped Color&#039;Peps &#8211; Skizze<\/title>\n<meta name=\"robots\" content=\"noindex, follow, max-snippet:-1, max-image-preview:large, max-video-preview:-1\" \/>\n<meta property=\"og:locale\" content=\"lt_LT\" \/>\n<meta property=\"og:type\" content=\"article\" \/>\n<meta property=\"og:title\" content=\"Indelis vandeniui Maped Color&#039;Peps &#8211; Skizze\" \/>\n<meta property=\"og:description\" content=\"Vandens indelis \u201eMaped Color&#8217;Peps&#8221; idealiai tinka jauniesiems menininkams. Jo dangtelis yra atver\u010diamas \u2013 tokiu b\u016bdu galima naudoti kelis indelius su labai stabiliu pagrindu! Vandens indelis su linksmais superherojais turi atskir\u0105 dal\u012f teptukui laikyti, j\u012f yra lengva valyti. \u012evairi\u0173 spalv\u0173.\" \/>\n<meta property=\"og:url\" content=\"https:\/\/hobstop.ee\/lt\/produktas\/indelis-vandeniui-maped-colorpeps\/\" \/>\n<meta property=\"og:site_name\" content=\"Skizze\" \/>\n<meta property=\"article:publisher\" content=\"http:\/\/www.facebook.com\/VunderSkizze\" \/>\n<meta property=\"og:image\" content=\"https:\/\/hobstop.ee\/media\/4852.jpg\" \/>\n\t<meta property=\"og:image:width\" content=\"1024\" \/>\n\t<meta property=\"og:image:height\" content=\"768\" \/>\n\t<meta property=\"og:image:type\" content=\"image\/jpeg\" \/>\n<meta name=\"twitter:card\" content=\"summary_large_image\" \/>\n<script type=\"application\/ld+json\" class=\"yoast-schema-graph\">{\"@context\":\"https:\/\/schema.org\",\"@graph\":[{\"@type\":\"WebPage\",\"@id\":\"https:\/\/hobstop.ee\/lt\/produktas\/indelis-vandeniui-maped-colorpeps\/\",\"url\":\"https:\/\/hobstop.ee\/lt\/produktas\/indelis-vandeniui-maped-colorpeps\/\",\"name\":\"Indelis vandeniui Maped Color'Peps &#8211; Skizze\",\"isPartOf\":{\"@id\":\"https:\/\/hobstop.ee\/lt\/#website\"},\"primaryImageOfPage\":{\"@id\":\"https:\/\/hobstop.ee\/lt\/produktas\/indelis-vandeniui-maped-colorpeps\/#primaryimage\"},\"image\":{\"@id\":\"https:\/\/hobstop.ee\/lt\/produktas\/indelis-vandeniui-maped-colorpeps\/#primaryimage\"},\"thumbnailUrl\":\"https:\/\/hobstop.ee\/media\/4852.jpg\",\"datePublished\":\"2018-07-10T11:58:19+00:00\",\"dateModified\":\"2018-07-10T11:58:19+00:00\",\"breadcrumb\":{\"@id\":\"https:\/\/hobstop.ee\/lt\/produktas\/indelis-vandeniui-maped-colorpeps\/#breadcrumb\"},\"inLanguage\":\"lt\",\"potentialAction\":[{\"@type\":\"ReadAction\",\"target\":[\"https:\/\/hobstop.ee\/lt\/produktas\/indelis-vandeniui-maped-colorpeps\/\"]}]},{\"@type\":\"ImageObject\",\"inLanguage\":\"lt\",\"@id\":\"https:\/\/hobstop.ee\/lt\/produktas\/indelis-vandeniui-maped-colorpeps\/#primaryimage\",\"url\":\"https:\/\/hobstop.ee\/media\/4852.jpg\",\"contentUrl\":\"https:\/\/hobstop.ee\/media\/4852.jpg\",\"width\":1024,\"height\":768},{\"@type\":\"BreadcrumbList\",\"@id\":\"https:\/\/hobstop.ee\/lt\/produktas\/indelis-vandeniui-maped-colorpeps\/#breadcrumb\",\"itemListElement\":[{\"@type\":\"ListItem\",\"position\":1,\"name\":\"Avaleht\",\"item\":\"https:\/\/hobstop.ee\/lt\/\"},{\"@type\":\"ListItem\",\"position\":2,\"name\":\"Parduotuv\u0117\",\"item\":\"https:\/\/hobstop.ee\/lt\/parduotuve\/\"},{\"@type\":\"ListItem\",\"position\":3,\"name\":\"Indelis vandeniui Maped Color&#8217;Peps\"}]},{\"@type\":\"WebSite\",\"@id\":\"https:\/\/hobstop.ee\/lt\/#website\",\"url\":\"https:\/\/hobstop.ee\/lt\/\",\"name\":\"Skizze\",\"description\":\"Dail\u0117s, pom\u0117gi\u0173 ir mokykliniai reikm\u0117nys\",\"publisher\":{\"@id\":\"https:\/\/hobstop.ee\/lt\/#organization\"},\"potentialAction\":[{\"@type\":\"SearchAction\",\"target\":{\"@type\":\"EntryPoint\",\"urlTemplate\":\"https:\/\/hobstop.ee\/lt\/?s={search_term_string}\"},\"query-input\":{\"@type\":\"PropertyValueSpecification\",\"valueRequired\":true,\"valueName\":\"search_term_string\"}}],\"inLanguage\":\"lt\"},{\"@type\":\"Organization\",\"@id\":\"https:\/\/hobstop.ee\/lt\/#organization\",\"name\":\"Vunder AS\",\"url\":\"https:\/\/hobstop.ee\/lt\/\",\"logo\":{\"@type\":\"ImageObject\",\"inLanguage\":\"lt\",\"@id\":\"https:\/\/hobstop.ee\/lt\/#\/schema\/logo\/image\/\",\"url\":\"https:\/\/hobstop.ee\/media\/vunder-logo.png\",\"contentUrl\":\"https:\/\/hobstop.ee\/media\/vunder-logo.png\",\"width\":127,\"height\":55,\"caption\":\"Vunder AS\"},\"image\":{\"@id\":\"https:\/\/hobstop.ee\/lt\/#\/schema\/logo\/image\/\"},\"sameAs\":[\"http:\/\/www.facebook.com\/VunderSkizze\"]}]}<\/script>\n<!-- \/ Yoast SEO plugin. -->","yoast_head_json":{"title":"Indelis vandeniui Maped Color'Peps &#8211; Skizze","robots":{"index":"noindex","follow":"follow","max-snippet":"max-snippet:-1","max-image-preview":"max-image-preview:large","max-video-preview":"max-video-preview:-1"},"og_locale":"lt_LT","og_type":"article","og_title":"Indelis vandeniui Maped Color'Peps &#8211; Skizze","og_description":"Vandens indelis \u201eMaped Color&#8217;Peps&#8221; idealiai tinka jauniesiems menininkams. Jo dangtelis yra atver\u010diamas \u2013 tokiu b\u016bdu galima naudoti kelis indelius su labai stabiliu pagrindu! Vandens indelis su linksmais superherojais turi atskir\u0105 dal\u012f teptukui laikyti, j\u012f yra lengva valyti. \u012evairi\u0173 spalv\u0173.","og_url":"https:\/\/hobstop.ee\/lt\/produktas\/indelis-vandeniui-maped-colorpeps\/","og_site_name":"Skizze","article_publisher":"http:\/\/www.facebook.com\/VunderSkizze","og_image":[{"width":1024,"height":768,"url":"https:\/\/hobstop.ee\/media\/4852.jpg","type":"image\/jpeg"}],"twitter_card":"summary_large_image","schema":{"@context":"https:\/\/schema.org","@graph":[{"@type":"WebPage","@id":"https:\/\/hobstop.ee\/lt\/produktas\/indelis-vandeniui-maped-colorpeps\/","url":"https:\/\/hobstop.ee\/lt\/produktas\/indelis-vandeniui-maped-colorpeps\/","name":"Indelis vandeniui Maped Color'Peps &#8211; Skizze","isPartOf":{"@id":"https:\/\/hobstop.ee\/lt\/#website"},"primaryImageOfPage":{"@id":"https:\/\/hobstop.ee\/lt\/produktas\/indelis-vandeniui-maped-colorpeps\/#primaryimage"},"image":{"@id":"https:\/\/hobstop.ee\/lt\/produktas\/indelis-vandeniui-maped-colorpeps\/#primaryimage"},"thumbnailUrl":"https:\/\/hobstop.ee\/media\/4852.jpg","datePublished":"2018-07-10T11:58:19+00:00","dateModified":"2018-07-10T11:58:19+00:00","breadcrumb":{"@id":"https:\/\/hobstop.ee\/lt\/produktas\/indelis-vandeniui-maped-colorpeps\/#breadcrumb"},"inLanguage":"lt","potentialAction":[{"@type":"ReadAction","target":["https:\/\/hobstop.ee\/lt\/produktas\/indelis-vandeniui-maped-colorpeps\/"]}]},{"@type":"ImageObject","inLanguage":"lt","@id":"https:\/\/hobstop.ee\/lt\/produktas\/indelis-vandeniui-maped-colorpeps\/#primaryimage","url":"https:\/\/hobstop.ee\/media\/4852.jpg","contentUrl":"https:\/\/hobstop.ee\/media\/4852.jpg","width":1024,"height":768},{"@type":"BreadcrumbList","@id":"https:\/\/hobstop.ee\/lt\/produktas\/indelis-vandeniui-maped-colorpeps\/#breadcrumb","itemListElement":[{"@type":"ListItem","position":1,"name":"Avaleht","item":"https:\/\/hobstop.ee\/lt\/"},{"@type":"ListItem","position":2,"name":"Parduotuv\u0117","item":"https:\/\/hobstop.ee\/lt\/parduotuve\/"},{"@type":"ListItem","position":3,"name":"Indelis vandeniui Maped Color&#8217;Peps"}]},{"@type":"WebSite","@id":"https:\/\/hobstop.ee\/lt\/#website","url":"https:\/\/hobstop.ee\/lt\/","name":"Skizze","description":"Dail\u0117s, pom\u0117gi\u0173 ir mokykliniai reikm\u0117nys","publisher":{"@id":"https:\/\/hobstop.ee\/lt\/#organization"},"potentialAction":[{"@type":"SearchAction","target":{"@type":"EntryPoint","urlTemplate":"https:\/\/hobstop.ee\/lt\/?s={search_term_string}"},"query-input":{"@type":"PropertyValueSpecification","valueRequired":true,"valueName":"search_term_string"}}],"inLanguage":"lt"},{"@type":"Organization","@id":"https:\/\/hobstop.ee\/lt\/#organization","name":"Vunder AS","url":"https:\/\/hobstop.ee\/lt\/","logo":{"@type":"ImageObject","inLanguage":"lt","@id":"https:\/\/hobstop.ee\/lt\/#\/schema\/logo\/image\/","url":"https:\/\/hobstop.ee\/media\/vunder-logo.png","contentUrl":"https:\/\/hobstop.ee\/media\/vunder-logo.png","width":127,"height":55,"caption":"Vunder AS"},"image":{"@id":"https:\/\/hobstop.ee\/lt\/#\/schema\/logo\/image\/"},"sameAs":["http:\/\/www.facebook.com\/VunderSkizze"]}]}},"_links":{"self":[{"href":"https:\/\/hobstop.ee\/lt\/wp-json\/wp\/v2\/product\/313295","targetHints":{"allow":["GET"]}}],"collection":[{"href":"https:\/\/hobstop.ee\/lt\/wp-json\/wp\/v2\/product"}],"about":[{"href":"https:\/\/hobstop.ee\/lt\/wp-json\/wp\/v2\/types\/product"}],"replies":[{"embeddable":true,"href":"https:\/\/hobstop.ee\/lt\/wp-json\/wp\/v2\/comments?post=313295"}],"wp:featuredmedia":[{"embeddable":true,"href":"https:\/\/hobstop.ee\/lt\/wp-json\/wp\/v2\/media\/313551"}],"wp:attachment":[{"href":"https:\/\/hobstop.ee\/lt\/wp-json\/wp\/v2\/media?parent=313295"}],"wp:term":[{"taxonomy":"product_cat","embeddable":true,"href":"https:\/\/hobstop.ee\/lt\/wp-json\/wp\/v2\/product_cat?post=313295"},{"taxonomy":"product_tag","embeddable":true,"href":"https:\/\/hobstop.ee\/lt\/wp-json\/wp\/v2\/product_tag?post=313295"}],"curies":[{"name":"wp","href":"https:\/\/api.w.org\/{rel}","templated":true}]}}