{"id":313299,"date":"2018-07-10T14:58:21","date_gmt":"2018-07-10T11:58:21","guid":{"rendered":"https:\/\/skizze.ee\/lt\/product\/droztukas-maped-croc-croc-signal\/"},"modified":"2018-07-10T14:58:21","modified_gmt":"2018-07-10T11:58:21","slug":"droztukas-maped-croc-croc-signal","status":"publish","type":"product","link":"https:\/\/hobstop.ee\/lt\/produktas\/droztukas-maped-croc-croc-signal\/","title":{"rendered":"Dro\u017etukas Maped Croc Croc Signal"},"content":{"rendered":"<p>Linksma varlyte papuo\u0161tas pie\u0161tuk\u0173 dro\u017etukas tikrai patiks vaikams! Dro\u017etuke yra naujovi\u0161ka \u201eCroc Signal\u201c sistema, kuri i\u0161mokys vaikus tinkamai padro\u017eti pie\u0161tukus \u2013 nusmailinus pie\u0161tuk\u0105, varlyt\u0117s akys i\u0161\u0161oks! Ergonomi\u0161kos formos, patogus. \u201eCroc Croc Signal\u201c triu\u0161is \u2013 toks mielas ir juokingas, kad tr\u016bksta \u017eod\u017ei\u0173.<br \/>\n\u012evairi\u0173 spalv\u0173.<\/p>\n","protected":false},"excerpt":{"rendered":"<p>Linksma varlyte papuo\u0161tas pie\u0161tuk\u0173 dro\u017etukas tikrai patiks vaikams! Dro\u017etuke yra naujovi\u0161ka \u201eCroc Signal\u201c sistema, kuri i\u0161mokys vaikus tinkamai padro\u017eti pie\u0161tukus \u2013 nusmailinus pie\u0161tuk\u0105, varlyt\u0117s akys i\u0161\u0161oks! Ergonomi\u0161kos formos, patogus. \u201eCroc Croc Signal\u201c triu\u0161is \u2013 toks mielas ir juokingas, kad tr\u016bksta \u017eod\u017ei\u0173. \u012evairi\u0173 spalv\u0173.<\/p>\n","protected":false},"featured_media":354472,"comment_status":"closed","ping_status":"closed","template":"","meta":{"_acf_changed":false,"ep_exclude_from_search":false},"product_cat":[10095,235,18634],"product_tag":[],"class_list":{"0":"post-313299","1":"product","2":"type-product","3":"status-publish","4":"has-post-thumbnail","6":"product_cat-muud-meisterdamist","7":"product_cat-mokyklines-prekes","8":"product_cat-piesimo-reikmenys-2","10":"first","11":"instock","12":"taxable","13":"shipping-taxable","14":"purchasable","15":"product-type-simple"},"acf":[],"yoast_head":"<!-- This site is optimized with the Yoast SEO plugin v24.1 - https:\/\/yoast.com\/wordpress\/plugins\/seo\/ -->\n<title>Dro\u017etukas Maped Croc Croc Signal &#8211; Skizze<\/title>\n<meta name=\"robots\" content=\"noindex, follow, max-snippet:-1, max-image-preview:large, max-video-preview:-1\" \/>\n<meta property=\"og:locale\" content=\"lt_LT\" \/>\n<meta property=\"og:type\" content=\"article\" \/>\n<meta property=\"og:title\" content=\"Dro\u017etukas Maped Croc Croc Signal &#8211; Skizze\" \/>\n<meta property=\"og:description\" content=\"Linksma varlyte papuo\u0161tas pie\u0161tuk\u0173 dro\u017etukas tikrai patiks vaikams! Dro\u017etuke yra naujovi\u0161ka \u201eCroc Signal\u201c sistema, kuri i\u0161mokys vaikus tinkamai padro\u017eti pie\u0161tukus \u2013 nusmailinus pie\u0161tuk\u0105, varlyt\u0117s akys i\u0161\u0161oks! Ergonomi\u0161kos formos, patogus. \u201eCroc Croc Signal\u201c triu\u0161is \u2013 toks mielas ir juokingas, kad tr\u016bksta \u017eod\u017ei\u0173. \u012evairi\u0173 spalv\u0173.\" \/>\n<meta property=\"og:url\" content=\"https:\/\/hobstop.ee\/lt\/produktas\/droztukas-maped-croc-croc-signal\/\" \/>\n<meta property=\"og:site_name\" content=\"Skizze\" \/>\n<meta property=\"article:publisher\" content=\"http:\/\/www.facebook.com\/VunderSkizze\" \/>\n<meta property=\"og:image\" content=\"https:\/\/hobstop.ee\/media\/4853.jpg\" \/>\n\t<meta property=\"og:image:width\" content=\"1024\" \/>\n\t<meta property=\"og:image:height\" content=\"768\" \/>\n\t<meta property=\"og:image:type\" content=\"image\/jpeg\" \/>\n<meta name=\"twitter:card\" content=\"summary_large_image\" \/>\n<script type=\"application\/ld+json\" class=\"yoast-schema-graph\">{\"@context\":\"https:\/\/schema.org\",\"@graph\":[{\"@type\":\"WebPage\",\"@id\":\"https:\/\/hobstop.ee\/lt\/produktas\/droztukas-maped-croc-croc-signal\/\",\"url\":\"https:\/\/hobstop.ee\/lt\/produktas\/droztukas-maped-croc-croc-signal\/\",\"name\":\"Dro\u017etukas Maped Croc Croc Signal &#8211; Skizze\",\"isPartOf\":{\"@id\":\"https:\/\/hobstop.ee\/lt\/#website\"},\"primaryImageOfPage\":{\"@id\":\"https:\/\/hobstop.ee\/lt\/produktas\/droztukas-maped-croc-croc-signal\/#primaryimage\"},\"image\":{\"@id\":\"https:\/\/hobstop.ee\/lt\/produktas\/droztukas-maped-croc-croc-signal\/#primaryimage\"},\"thumbnailUrl\":\"https:\/\/hobstop.ee\/media\/4853.jpg\",\"datePublished\":\"2018-07-10T11:58:21+00:00\",\"dateModified\":\"2018-07-10T11:58:21+00:00\",\"breadcrumb\":{\"@id\":\"https:\/\/hobstop.ee\/lt\/produktas\/droztukas-maped-croc-croc-signal\/#breadcrumb\"},\"inLanguage\":\"lt\",\"potentialAction\":[{\"@type\":\"ReadAction\",\"target\":[\"https:\/\/hobstop.ee\/lt\/produktas\/droztukas-maped-croc-croc-signal\/\"]}]},{\"@type\":\"ImageObject\",\"inLanguage\":\"lt\",\"@id\":\"https:\/\/hobstop.ee\/lt\/produktas\/droztukas-maped-croc-croc-signal\/#primaryimage\",\"url\":\"https:\/\/hobstop.ee\/media\/4853.jpg\",\"contentUrl\":\"https:\/\/hobstop.ee\/media\/4853.jpg\",\"width\":1024,\"height\":768},{\"@type\":\"BreadcrumbList\",\"@id\":\"https:\/\/hobstop.ee\/lt\/produktas\/droztukas-maped-croc-croc-signal\/#breadcrumb\",\"itemListElement\":[{\"@type\":\"ListItem\",\"position\":1,\"name\":\"Avaleht\",\"item\":\"https:\/\/hobstop.ee\/lt\/\"},{\"@type\":\"ListItem\",\"position\":2,\"name\":\"Parduotuv\u0117\",\"item\":\"https:\/\/hobstop.ee\/lt\/parduotuve\/\"},{\"@type\":\"ListItem\",\"position\":3,\"name\":\"Dro\u017etukas Maped Croc Croc Signal\"}]},{\"@type\":\"WebSite\",\"@id\":\"https:\/\/hobstop.ee\/lt\/#website\",\"url\":\"https:\/\/hobstop.ee\/lt\/\",\"name\":\"Skizze\",\"description\":\"Dail\u0117s, pom\u0117gi\u0173 ir mokykliniai reikm\u0117nys\",\"publisher\":{\"@id\":\"https:\/\/hobstop.ee\/lt\/#organization\"},\"potentialAction\":[{\"@type\":\"SearchAction\",\"target\":{\"@type\":\"EntryPoint\",\"urlTemplate\":\"https:\/\/hobstop.ee\/lt\/?s={search_term_string}\"},\"query-input\":{\"@type\":\"PropertyValueSpecification\",\"valueRequired\":true,\"valueName\":\"search_term_string\"}}],\"inLanguage\":\"lt\"},{\"@type\":\"Organization\",\"@id\":\"https:\/\/hobstop.ee\/lt\/#organization\",\"name\":\"Vunder AS\",\"url\":\"https:\/\/hobstop.ee\/lt\/\",\"logo\":{\"@type\":\"ImageObject\",\"inLanguage\":\"lt\",\"@id\":\"https:\/\/hobstop.ee\/lt\/#\/schema\/logo\/image\/\",\"url\":\"https:\/\/hobstop.ee\/media\/vunder-logo.png\",\"contentUrl\":\"https:\/\/hobstop.ee\/media\/vunder-logo.png\",\"width\":127,\"height\":55,\"caption\":\"Vunder AS\"},\"image\":{\"@id\":\"https:\/\/hobstop.ee\/lt\/#\/schema\/logo\/image\/\"},\"sameAs\":[\"http:\/\/www.facebook.com\/VunderSkizze\"]}]}<\/script>\n<!-- \/ Yoast SEO plugin. -->","yoast_head_json":{"title":"Dro\u017etukas Maped Croc Croc Signal &#8211; Skizze","robots":{"index":"noindex","follow":"follow","max-snippet":"max-snippet:-1","max-image-preview":"max-image-preview:large","max-video-preview":"max-video-preview:-1"},"og_locale":"lt_LT","og_type":"article","og_title":"Dro\u017etukas Maped Croc Croc Signal &#8211; Skizze","og_description":"Linksma varlyte papuo\u0161tas pie\u0161tuk\u0173 dro\u017etukas tikrai patiks vaikams! Dro\u017etuke yra naujovi\u0161ka \u201eCroc Signal\u201c sistema, kuri i\u0161mokys vaikus tinkamai padro\u017eti pie\u0161tukus \u2013 nusmailinus pie\u0161tuk\u0105, varlyt\u0117s akys i\u0161\u0161oks! Ergonomi\u0161kos formos, patogus. \u201eCroc Croc Signal\u201c triu\u0161is \u2013 toks mielas ir juokingas, kad tr\u016bksta \u017eod\u017ei\u0173. \u012evairi\u0173 spalv\u0173.","og_url":"https:\/\/hobstop.ee\/lt\/produktas\/droztukas-maped-croc-croc-signal\/","og_site_name":"Skizze","article_publisher":"http:\/\/www.facebook.com\/VunderSkizze","og_image":[{"width":1024,"height":768,"url":"https:\/\/hobstop.ee\/media\/4853.jpg","type":"image\/jpeg"}],"twitter_card":"summary_large_image","schema":{"@context":"https:\/\/schema.org","@graph":[{"@type":"WebPage","@id":"https:\/\/hobstop.ee\/lt\/produktas\/droztukas-maped-croc-croc-signal\/","url":"https:\/\/hobstop.ee\/lt\/produktas\/droztukas-maped-croc-croc-signal\/","name":"Dro\u017etukas Maped Croc Croc Signal &#8211; Skizze","isPartOf":{"@id":"https:\/\/hobstop.ee\/lt\/#website"},"primaryImageOfPage":{"@id":"https:\/\/hobstop.ee\/lt\/produktas\/droztukas-maped-croc-croc-signal\/#primaryimage"},"image":{"@id":"https:\/\/hobstop.ee\/lt\/produktas\/droztukas-maped-croc-croc-signal\/#primaryimage"},"thumbnailUrl":"https:\/\/hobstop.ee\/media\/4853.jpg","datePublished":"2018-07-10T11:58:21+00:00","dateModified":"2018-07-10T11:58:21+00:00","breadcrumb":{"@id":"https:\/\/hobstop.ee\/lt\/produktas\/droztukas-maped-croc-croc-signal\/#breadcrumb"},"inLanguage":"lt","potentialAction":[{"@type":"ReadAction","target":["https:\/\/hobstop.ee\/lt\/produktas\/droztukas-maped-croc-croc-signal\/"]}]},{"@type":"ImageObject","inLanguage":"lt","@id":"https:\/\/hobstop.ee\/lt\/produktas\/droztukas-maped-croc-croc-signal\/#primaryimage","url":"https:\/\/hobstop.ee\/media\/4853.jpg","contentUrl":"https:\/\/hobstop.ee\/media\/4853.jpg","width":1024,"height":768},{"@type":"BreadcrumbList","@id":"https:\/\/hobstop.ee\/lt\/produktas\/droztukas-maped-croc-croc-signal\/#breadcrumb","itemListElement":[{"@type":"ListItem","position":1,"name":"Avaleht","item":"https:\/\/hobstop.ee\/lt\/"},{"@type":"ListItem","position":2,"name":"Parduotuv\u0117","item":"https:\/\/hobstop.ee\/lt\/parduotuve\/"},{"@type":"ListItem","position":3,"name":"Dro\u017etukas Maped Croc Croc Signal"}]},{"@type":"WebSite","@id":"https:\/\/hobstop.ee\/lt\/#website","url":"https:\/\/hobstop.ee\/lt\/","name":"Skizze","description":"Dail\u0117s, pom\u0117gi\u0173 ir mokykliniai reikm\u0117nys","publisher":{"@id":"https:\/\/hobstop.ee\/lt\/#organization"},"potentialAction":[{"@type":"SearchAction","target":{"@type":"EntryPoint","urlTemplate":"https:\/\/hobstop.ee\/lt\/?s={search_term_string}"},"query-input":{"@type":"PropertyValueSpecification","valueRequired":true,"valueName":"search_term_string"}}],"inLanguage":"lt"},{"@type":"Organization","@id":"https:\/\/hobstop.ee\/lt\/#organization","name":"Vunder AS","url":"https:\/\/hobstop.ee\/lt\/","logo":{"@type":"ImageObject","inLanguage":"lt","@id":"https:\/\/hobstop.ee\/lt\/#\/schema\/logo\/image\/","url":"https:\/\/hobstop.ee\/media\/vunder-logo.png","contentUrl":"https:\/\/hobstop.ee\/media\/vunder-logo.png","width":127,"height":55,"caption":"Vunder AS"},"image":{"@id":"https:\/\/hobstop.ee\/lt\/#\/schema\/logo\/image\/"},"sameAs":["http:\/\/www.facebook.com\/VunderSkizze"]}]}},"_links":{"self":[{"href":"https:\/\/hobstop.ee\/lt\/wp-json\/wp\/v2\/product\/313299","targetHints":{"allow":["GET"]}}],"collection":[{"href":"https:\/\/hobstop.ee\/lt\/wp-json\/wp\/v2\/product"}],"about":[{"href":"https:\/\/hobstop.ee\/lt\/wp-json\/wp\/v2\/types\/product"}],"replies":[{"embeddable":true,"href":"https:\/\/hobstop.ee\/lt\/wp-json\/wp\/v2\/comments?post=313299"}],"wp:featuredmedia":[{"embeddable":true,"href":"https:\/\/hobstop.ee\/lt\/wp-json\/wp\/v2\/media\/354472"}],"wp:attachment":[{"href":"https:\/\/hobstop.ee\/lt\/wp-json\/wp\/v2\/media?parent=313299"}],"wp:term":[{"taxonomy":"product_cat","embeddable":true,"href":"https:\/\/hobstop.ee\/lt\/wp-json\/wp\/v2\/product_cat?post=313299"},{"taxonomy":"product_tag","embeddable":true,"href":"https:\/\/hobstop.ee\/lt\/wp-json\/wp\/v2\/product_tag?post=313299"}],"curies":[{"name":"wp","href":"https:\/\/api.w.org\/{rel}","templated":true}]}}