{"id":314026,"date":"2018-07-30T10:34:47","date_gmt":"2018-07-30T07:34:47","guid":{"rendered":"https:\/\/sharks.ee\/vunder_2019\/lt\/product\/priespieciu-dezute-maped-picnik-concept\/"},"modified":"2018-07-30T10:34:47","modified_gmt":"2018-07-30T07:34:47","slug":"priespieciu-dezute-maped-picnik-kids-concept-3-daliu","status":"publish","type":"product","link":"https:\/\/hobstop.ee\/lt\/produktas\/priespieciu-dezute-maped-picnik-kids-concept-3-daliu\/","title":{"rendered":"Prie\u0161pie\u010di\u0173 d\u0117\u017eut\u0117 Maped Picnik Kids Concept 3 dali\u0173"},"content":{"rendered":"<p>\u201eMaped\u201c pasinaudojo savo patirtimi kuriant ir gaminant kokybi\u0161kus mokyklinius produktus, pavyzd\u017eiui, nauja vaik\u0173 g\u0117rim\u0173 ir maisto ind\u0173 serija \u201eMaped Picnik\u201c. \u201eMaped Picnik\u201c serija yra visi\u0161kai pritaikyta vaikams!<br \/>\n\u201eConcept\u201c serijos maisto d\u0117\u017eut\u0117 su lengvai, vienu judesiu atidaromu dangteliu. Trys skyreliai su i\u0161imamu, skys\u010di\u0173 nepraleid\u017eian\u010diu pad\u0117klu, puikiai tinka sud\u0117ti \u012fvairiam maistui. Maisto d\u0117\u017eu\u010di\u0173 \u201eMaped Picnik Concept\u201c sud\u0117tyje n\u0117ra BPA, jas galima plauti indaplov\u0117je ir naudoti mikrobangin\u0117je krosnel\u0117je (be dang\u010dio).<br \/>\n&#8211; Lengvai atidaroma atlenkus tik 1 fiksatori\u0173<br \/>\n&#8211; Visi\u0161kai sandari<br \/>\n&#8211; Galima plauti indaplov\u0117je, n\u0117ra smail\u0173 kamp\u0173, lengvai valoma su nuimama vir\u0161utine detale<\/p>\n","protected":false},"excerpt":{"rendered":"<p>\u201eMaped\u201c pasinaudojo savo patirtimi kuriant ir gaminant kokybi\u0161kus mokyklinius produktus, pavyzd\u017eiui, nauja vaik\u0173 g\u0117rim\u0173 ir maisto ind\u0173 serija \u201eMaped Picnik\u201c. \u201eMaped Picnik\u201c serija yra visi\u0161kai pritaikyta vaikams! \u201eConcept\u201c serijos maisto d\u0117\u017eut\u0117 su lengvai, vienu judesiu atidaromu dangteliu. Trys skyreliai su i\u0161imamu, skys\u010di\u0173 nepraleid\u017eian\u010diu pad\u0117klu, puikiai tinka sud\u0117ti \u012fvairiam maistui. Maisto d\u0117\u017eu\u010di\u0173 \u201eMaped Picnik Concept\u201c sud\u0117tyje n\u0117ra BPA, jas galima plauti indaplov\u0117je ir naudoti mikrobangin\u0117je krosnel\u0117je (be dang\u010dio). &#8211; Lengvai atidaroma atlenkus tik 1 fiksatori\u0173 &#8211; Visi\u0161kai sandari &#8211; Galima plauti indaplov\u0117je, n\u0117ra smail\u0173 kamp\u0173, lengvai valoma su nuimama vir\u0161utine detale<\/p>\n","protected":false},"featured_media":314277,"comment_status":"closed","ping_status":"closed","template":"","meta":{"_acf_changed":false,"ep_exclude_from_search":false},"product_cat":[20375,20381],"product_tag":[],"class_list":{"0":"post-314026","1":"product","2":"type-product","3":"status-publish","4":"has-post-thumbnail","6":"product_cat-dezutes-maistui-ir-gertuves","7":"product_cat-maisto-dezutes","9":"first","10":"instock","11":"taxable","12":"shipping-taxable","13":"purchasable","14":"product-type-simple"},"acf":[],"yoast_head":"<!-- This site is optimized with the Yoast SEO plugin v24.1 - https:\/\/yoast.com\/wordpress\/plugins\/seo\/ -->\n<title>Prie\u0161pie\u010di\u0173 d\u0117\u017eut\u0117 Maped Picnik Kids Concept 3 dali\u0173 &#8211; Skizze<\/title>\n<meta name=\"robots\" content=\"noindex, follow, max-snippet:-1, max-image-preview:large, max-video-preview:-1\" \/>\n<meta property=\"og:locale\" content=\"lt_LT\" \/>\n<meta property=\"og:type\" content=\"article\" \/>\n<meta property=\"og:title\" content=\"Prie\u0161pie\u010di\u0173 d\u0117\u017eut\u0117 Maped Picnik Kids Concept 3 dali\u0173 &#8211; Skizze\" \/>\n<meta property=\"og:description\" content=\"\u201eMaped\u201c pasinaudojo savo patirtimi kuriant ir gaminant kokybi\u0161kus mokyklinius produktus, pavyzd\u017eiui, nauja vaik\u0173 g\u0117rim\u0173 ir maisto ind\u0173 serija \u201eMaped Picnik\u201c. \u201eMaped Picnik\u201c serija yra visi\u0161kai pritaikyta vaikams! \u201eConcept\u201c serijos maisto d\u0117\u017eut\u0117 su lengvai, vienu judesiu atidaromu dangteliu. Trys skyreliai su i\u0161imamu, skys\u010di\u0173 nepraleid\u017eian\u010diu pad\u0117klu, puikiai tinka sud\u0117ti \u012fvairiam maistui. Maisto d\u0117\u017eu\u010di\u0173 \u201eMaped Picnik Concept\u201c sud\u0117tyje n\u0117ra BPA, jas galima plauti indaplov\u0117je ir naudoti mikrobangin\u0117je krosnel\u0117je (be dang\u010dio). &#8211; Lengvai atidaroma atlenkus tik 1 fiksatori\u0173 &#8211; Visi\u0161kai sandari &#8211; Galima plauti indaplov\u0117je, n\u0117ra smail\u0173 kamp\u0173, lengvai valoma su nuimama vir\u0161utine detale\" \/>\n<meta property=\"og:url\" content=\"https:\/\/hobstop.ee\/lt\/produktas\/priespieciu-dezute-maped-picnik-kids-concept-3-daliu\/\" \/>\n<meta property=\"og:site_name\" content=\"Skizze\" \/>\n<meta property=\"article:publisher\" content=\"http:\/\/www.facebook.com\/VunderSkizze\" \/>\n<meta property=\"og:image\" content=\"https:\/\/hobstop.ee\/media\/4825.jpg\" \/>\n\t<meta property=\"og:image:width\" content=\"1024\" \/>\n\t<meta property=\"og:image:height\" content=\"768\" \/>\n\t<meta property=\"og:image:type\" content=\"image\/jpeg\" \/>\n<meta name=\"twitter:card\" content=\"summary_large_image\" \/>\n<meta name=\"twitter:label1\" content=\"Est. reading time\" \/>\n\t<meta name=\"twitter:data1\" content=\"1 minute\" \/>\n<script type=\"application\/ld+json\" class=\"yoast-schema-graph\">{\"@context\":\"https:\/\/schema.org\",\"@graph\":[{\"@type\":\"WebPage\",\"@id\":\"https:\/\/hobstop.ee\/lt\/produktas\/priespieciu-dezute-maped-picnik-kids-concept-3-daliu\/\",\"url\":\"https:\/\/hobstop.ee\/lt\/produktas\/priespieciu-dezute-maped-picnik-kids-concept-3-daliu\/\",\"name\":\"Prie\u0161pie\u010di\u0173 d\u0117\u017eut\u0117 Maped Picnik Kids Concept 3 dali\u0173 &#8211; Skizze\",\"isPartOf\":{\"@id\":\"https:\/\/hobstop.ee\/lt\/#website\"},\"primaryImageOfPage\":{\"@id\":\"https:\/\/hobstop.ee\/lt\/produktas\/priespieciu-dezute-maped-picnik-kids-concept-3-daliu\/#primaryimage\"},\"image\":{\"@id\":\"https:\/\/hobstop.ee\/lt\/produktas\/priespieciu-dezute-maped-picnik-kids-concept-3-daliu\/#primaryimage\"},\"thumbnailUrl\":\"https:\/\/hobstop.ee\/media\/4825.jpg\",\"datePublished\":\"2018-07-30T07:34:47+00:00\",\"dateModified\":\"2018-07-30T07:34:47+00:00\",\"breadcrumb\":{\"@id\":\"https:\/\/hobstop.ee\/lt\/produktas\/priespieciu-dezute-maped-picnik-kids-concept-3-daliu\/#breadcrumb\"},\"inLanguage\":\"lt\",\"potentialAction\":[{\"@type\":\"ReadAction\",\"target\":[\"https:\/\/hobstop.ee\/lt\/produktas\/priespieciu-dezute-maped-picnik-kids-concept-3-daliu\/\"]}]},{\"@type\":\"ImageObject\",\"inLanguage\":\"lt\",\"@id\":\"https:\/\/hobstop.ee\/lt\/produktas\/priespieciu-dezute-maped-picnik-kids-concept-3-daliu\/#primaryimage\",\"url\":\"https:\/\/hobstop.ee\/media\/4825.jpg\",\"contentUrl\":\"https:\/\/hobstop.ee\/media\/4825.jpg\",\"width\":1024,\"height\":768},{\"@type\":\"BreadcrumbList\",\"@id\":\"https:\/\/hobstop.ee\/lt\/produktas\/priespieciu-dezute-maped-picnik-kids-concept-3-daliu\/#breadcrumb\",\"itemListElement\":[{\"@type\":\"ListItem\",\"position\":1,\"name\":\"Avaleht\",\"item\":\"https:\/\/hobstop.ee\/lt\/\"},{\"@type\":\"ListItem\",\"position\":2,\"name\":\"Parduotuv\u0117\",\"item\":\"https:\/\/hobstop.ee\/lt\/parduotuve\/\"},{\"@type\":\"ListItem\",\"position\":3,\"name\":\"Prie\u0161pie\u010di\u0173 d\u0117\u017eut\u0117 Maped Picnik Kids Concept 3 dali\u0173\"}]},{\"@type\":\"WebSite\",\"@id\":\"https:\/\/hobstop.ee\/lt\/#website\",\"url\":\"https:\/\/hobstop.ee\/lt\/\",\"name\":\"Skizze\",\"description\":\"Dail\u0117s, pom\u0117gi\u0173 ir mokykliniai reikm\u0117nys\",\"publisher\":{\"@id\":\"https:\/\/hobstop.ee\/lt\/#organization\"},\"potentialAction\":[{\"@type\":\"SearchAction\",\"target\":{\"@type\":\"EntryPoint\",\"urlTemplate\":\"https:\/\/hobstop.ee\/lt\/?s={search_term_string}\"},\"query-input\":{\"@type\":\"PropertyValueSpecification\",\"valueRequired\":true,\"valueName\":\"search_term_string\"}}],\"inLanguage\":\"lt\"},{\"@type\":\"Organization\",\"@id\":\"https:\/\/hobstop.ee\/lt\/#organization\",\"name\":\"Vunder AS\",\"url\":\"https:\/\/hobstop.ee\/lt\/\",\"logo\":{\"@type\":\"ImageObject\",\"inLanguage\":\"lt\",\"@id\":\"https:\/\/hobstop.ee\/lt\/#\/schema\/logo\/image\/\",\"url\":\"https:\/\/hobstop.ee\/media\/vunder-logo.png\",\"contentUrl\":\"https:\/\/hobstop.ee\/media\/vunder-logo.png\",\"width\":127,\"height\":55,\"caption\":\"Vunder AS\"},\"image\":{\"@id\":\"https:\/\/hobstop.ee\/lt\/#\/schema\/logo\/image\/\"},\"sameAs\":[\"http:\/\/www.facebook.com\/VunderSkizze\"]}]}<\/script>\n<!-- \/ Yoast SEO plugin. -->","yoast_head_json":{"title":"Prie\u0161pie\u010di\u0173 d\u0117\u017eut\u0117 Maped Picnik Kids Concept 3 dali\u0173 &#8211; Skizze","robots":{"index":"noindex","follow":"follow","max-snippet":"max-snippet:-1","max-image-preview":"max-image-preview:large","max-video-preview":"max-video-preview:-1"},"og_locale":"lt_LT","og_type":"article","og_title":"Prie\u0161pie\u010di\u0173 d\u0117\u017eut\u0117 Maped Picnik Kids Concept 3 dali\u0173 &#8211; Skizze","og_description":"\u201eMaped\u201c pasinaudojo savo patirtimi kuriant ir gaminant kokybi\u0161kus mokyklinius produktus, pavyzd\u017eiui, nauja vaik\u0173 g\u0117rim\u0173 ir maisto ind\u0173 serija \u201eMaped Picnik\u201c. \u201eMaped Picnik\u201c serija yra visi\u0161kai pritaikyta vaikams! \u201eConcept\u201c serijos maisto d\u0117\u017eut\u0117 su lengvai, vienu judesiu atidaromu dangteliu. Trys skyreliai su i\u0161imamu, skys\u010di\u0173 nepraleid\u017eian\u010diu pad\u0117klu, puikiai tinka sud\u0117ti \u012fvairiam maistui. Maisto d\u0117\u017eu\u010di\u0173 \u201eMaped Picnik Concept\u201c sud\u0117tyje n\u0117ra BPA, jas galima plauti indaplov\u0117je ir naudoti mikrobangin\u0117je krosnel\u0117je (be dang\u010dio). &#8211; Lengvai atidaroma atlenkus tik 1 fiksatori\u0173 &#8211; Visi\u0161kai sandari &#8211; Galima plauti indaplov\u0117je, n\u0117ra smail\u0173 kamp\u0173, lengvai valoma su nuimama vir\u0161utine detale","og_url":"https:\/\/hobstop.ee\/lt\/produktas\/priespieciu-dezute-maped-picnik-kids-concept-3-daliu\/","og_site_name":"Skizze","article_publisher":"http:\/\/www.facebook.com\/VunderSkizze","og_image":[{"width":1024,"height":768,"url":"https:\/\/hobstop.ee\/media\/4825.jpg","type":"image\/jpeg"}],"twitter_card":"summary_large_image","twitter_misc":{"Est. reading time":"1 minute"},"schema":{"@context":"https:\/\/schema.org","@graph":[{"@type":"WebPage","@id":"https:\/\/hobstop.ee\/lt\/produktas\/priespieciu-dezute-maped-picnik-kids-concept-3-daliu\/","url":"https:\/\/hobstop.ee\/lt\/produktas\/priespieciu-dezute-maped-picnik-kids-concept-3-daliu\/","name":"Prie\u0161pie\u010di\u0173 d\u0117\u017eut\u0117 Maped Picnik Kids Concept 3 dali\u0173 &#8211; Skizze","isPartOf":{"@id":"https:\/\/hobstop.ee\/lt\/#website"},"primaryImageOfPage":{"@id":"https:\/\/hobstop.ee\/lt\/produktas\/priespieciu-dezute-maped-picnik-kids-concept-3-daliu\/#primaryimage"},"image":{"@id":"https:\/\/hobstop.ee\/lt\/produktas\/priespieciu-dezute-maped-picnik-kids-concept-3-daliu\/#primaryimage"},"thumbnailUrl":"https:\/\/hobstop.ee\/media\/4825.jpg","datePublished":"2018-07-30T07:34:47+00:00","dateModified":"2018-07-30T07:34:47+00:00","breadcrumb":{"@id":"https:\/\/hobstop.ee\/lt\/produktas\/priespieciu-dezute-maped-picnik-kids-concept-3-daliu\/#breadcrumb"},"inLanguage":"lt","potentialAction":[{"@type":"ReadAction","target":["https:\/\/hobstop.ee\/lt\/produktas\/priespieciu-dezute-maped-picnik-kids-concept-3-daliu\/"]}]},{"@type":"ImageObject","inLanguage":"lt","@id":"https:\/\/hobstop.ee\/lt\/produktas\/priespieciu-dezute-maped-picnik-kids-concept-3-daliu\/#primaryimage","url":"https:\/\/hobstop.ee\/media\/4825.jpg","contentUrl":"https:\/\/hobstop.ee\/media\/4825.jpg","width":1024,"height":768},{"@type":"BreadcrumbList","@id":"https:\/\/hobstop.ee\/lt\/produktas\/priespieciu-dezute-maped-picnik-kids-concept-3-daliu\/#breadcrumb","itemListElement":[{"@type":"ListItem","position":1,"name":"Avaleht","item":"https:\/\/hobstop.ee\/lt\/"},{"@type":"ListItem","position":2,"name":"Parduotuv\u0117","item":"https:\/\/hobstop.ee\/lt\/parduotuve\/"},{"@type":"ListItem","position":3,"name":"Prie\u0161pie\u010di\u0173 d\u0117\u017eut\u0117 Maped Picnik Kids Concept 3 dali\u0173"}]},{"@type":"WebSite","@id":"https:\/\/hobstop.ee\/lt\/#website","url":"https:\/\/hobstop.ee\/lt\/","name":"Skizze","description":"Dail\u0117s, pom\u0117gi\u0173 ir mokykliniai reikm\u0117nys","publisher":{"@id":"https:\/\/hobstop.ee\/lt\/#organization"},"potentialAction":[{"@type":"SearchAction","target":{"@type":"EntryPoint","urlTemplate":"https:\/\/hobstop.ee\/lt\/?s={search_term_string}"},"query-input":{"@type":"PropertyValueSpecification","valueRequired":true,"valueName":"search_term_string"}}],"inLanguage":"lt"},{"@type":"Organization","@id":"https:\/\/hobstop.ee\/lt\/#organization","name":"Vunder AS","url":"https:\/\/hobstop.ee\/lt\/","logo":{"@type":"ImageObject","inLanguage":"lt","@id":"https:\/\/hobstop.ee\/lt\/#\/schema\/logo\/image\/","url":"https:\/\/hobstop.ee\/media\/vunder-logo.png","contentUrl":"https:\/\/hobstop.ee\/media\/vunder-logo.png","width":127,"height":55,"caption":"Vunder AS"},"image":{"@id":"https:\/\/hobstop.ee\/lt\/#\/schema\/logo\/image\/"},"sameAs":["http:\/\/www.facebook.com\/VunderSkizze"]}]}},"_links":{"self":[{"href":"https:\/\/hobstop.ee\/lt\/wp-json\/wp\/v2\/product\/314026","targetHints":{"allow":["GET"]}}],"collection":[{"href":"https:\/\/hobstop.ee\/lt\/wp-json\/wp\/v2\/product"}],"about":[{"href":"https:\/\/hobstop.ee\/lt\/wp-json\/wp\/v2\/types\/product"}],"replies":[{"embeddable":true,"href":"https:\/\/hobstop.ee\/lt\/wp-json\/wp\/v2\/comments?post=314026"}],"wp:featuredmedia":[{"embeddable":true,"href":"https:\/\/hobstop.ee\/lt\/wp-json\/wp\/v2\/media\/314277"}],"wp:attachment":[{"href":"https:\/\/hobstop.ee\/lt\/wp-json\/wp\/v2\/media?parent=314026"}],"wp:term":[{"taxonomy":"product_cat","embeddable":true,"href":"https:\/\/hobstop.ee\/lt\/wp-json\/wp\/v2\/product_cat?post=314026"},{"taxonomy":"product_tag","embeddable":true,"href":"https:\/\/hobstop.ee\/lt\/wp-json\/wp\/v2\/product_tag?post=314026"}],"curies":[{"name":"wp","href":"https:\/\/api.w.org\/{rel}","templated":true}]}}