{"id":314030,"date":"2018-07-30T10:34:48","date_gmt":"2018-07-30T07:34:48","guid":{"rendered":"https:\/\/sharks.ee\/vunder_2019\/lt\/product\/gertuve-maped-picnik-concept-430ml\/"},"modified":"2018-07-30T10:34:48","modified_gmt":"2018-07-30T07:34:48","slug":"gertuve-maped-picnik-kids-concept-430ml","status":"publish","type":"product","link":"https:\/\/hobstop.ee\/lt\/produktas\/gertuve-maped-picnik-kids-concept-430ml\/","title":{"rendered":"Gertuv\u0117 Maped Picnik Kids Concept 430ml"},"content":{"rendered":"<p>\u201eMaped\u201c pasinaudojo savo patirtimi kuriant ir gaminant kokybi\u0161kus mokyklinius produktus, pavyzd\u017eiui, nauja vaik\u0173 g\u0117rim\u0173 ir maisto ind\u0173 serija \u201eMaped Picnik\u201c. \u201eMaped Picnik\u201c serija yra visi\u0161kai pritaikyta vaikams!<br \/>\nVandens buteli\u0173 serija \u201eConcept\u201c pasi\u017eymi itin sandariu, paspaud\u017eiant atsidaran\u010diu dangteliu, kuris sandariai u\u017edaromas pasinaudojus. Tiesiog vienu paspaudimu lengvai atidaromas higieni\u0161kas dangtelis u\u017etikrina, kad butelio snapelis i\u0161liks \u0161varus. Butelis yra lengvai valomas, nes j\u012f galima atsukti i\u0161 abiej\u0173 gal\u0173. Vandens buteli\u0173 \u201eMaped Picnik Concept\u201c sud\u0117tyje n\u0117ra BPA, juos galima plauti indaplov\u0117je.<br \/>\n&#8211; Visi\u0161kai sandarus ir nepratekantis<br \/>\n&#8211; Dantelyje yra fiksuojama patogi rankena<br \/>\n&#8211; Lengvai atidaromas paspaudus mygtuk\u0105<br \/>\n&#8211; Lengvai valomas \u2013 dangtel\u012f ir pagrind\u0105 galima nusukti<\/p>\n","protected":false},"excerpt":{"rendered":"<p>\u201eMaped\u201c pasinaudojo savo patirtimi kuriant ir gaminant kokybi\u0161kus mokyklinius produktus, pavyzd\u017eiui, nauja vaik\u0173 g\u0117rim\u0173 ir maisto ind\u0173 serija \u201eMaped Picnik\u201c. \u201eMaped Picnik\u201c serija yra visi\u0161kai pritaikyta vaikams! Vandens buteli\u0173 serija \u201eConcept\u201c pasi\u017eymi itin sandariu, paspaud\u017eiant atsidaran\u010diu dangteliu, kuris sandariai u\u017edaromas pasinaudojus. Tiesiog vienu paspaudimu lengvai atidaromas higieni\u0161kas dangtelis u\u017etikrina, kad butelio snapelis i\u0161liks \u0161varus. Butelis yra lengvai valomas, nes j\u012f galima atsukti i\u0161 abiej\u0173 gal\u0173. Vandens buteli\u0173 \u201eMaped Picnik Concept\u201c sud\u0117tyje n\u0117ra BPA, juos galima plauti indaplov\u0117je. &#8211; Visi\u0161kai sandarus ir nepratekantis &#8211; Dantelyje yra fiksuojama patogi rankena &#8211; Lengvai atidaromas paspaudus mygtuk\u0105 &#8211; Lengvai valomas \u2013 dangtel\u012f ir pagrind\u0105 galima nusukti<\/p>\n","protected":false},"featured_media":0,"comment_status":"closed","ping_status":"closed","template":"","meta":{"_acf_changed":false,"ep_exclude_from_search":false},"product_cat":[20375,20378],"product_tag":[],"class_list":{"0":"post-314030","1":"product","2":"type-product","3":"status-publish","5":"product_cat-dezutes-maistui-ir-gertuves","6":"product_cat-gertuves","8":"first","9":"instock","10":"taxable","11":"shipping-taxable","12":"purchasable","13":"product-type-simple"},"acf":[],"yoast_head":"<!-- This site is optimized with the Yoast SEO plugin v24.1 - https:\/\/yoast.com\/wordpress\/plugins\/seo\/ -->\n<title>Gertuv\u0117 Maped Picnik Kids Concept 430ml &#8211; Skizze<\/title>\n<meta name=\"robots\" content=\"noindex, follow, max-snippet:-1, max-image-preview:large, max-video-preview:-1\" \/>\n<meta property=\"og:locale\" content=\"lt_LT\" \/>\n<meta property=\"og:type\" content=\"article\" \/>\n<meta property=\"og:title\" content=\"Gertuv\u0117 Maped Picnik Kids Concept 430ml &#8211; Skizze\" \/>\n<meta property=\"og:description\" content=\"\u201eMaped\u201c pasinaudojo savo patirtimi kuriant ir gaminant kokybi\u0161kus mokyklinius produktus, pavyzd\u017eiui, nauja vaik\u0173 g\u0117rim\u0173 ir maisto ind\u0173 serija \u201eMaped Picnik\u201c. \u201eMaped Picnik\u201c serija yra visi\u0161kai pritaikyta vaikams! Vandens buteli\u0173 serija \u201eConcept\u201c pasi\u017eymi itin sandariu, paspaud\u017eiant atsidaran\u010diu dangteliu, kuris sandariai u\u017edaromas pasinaudojus. Tiesiog vienu paspaudimu lengvai atidaromas higieni\u0161kas dangtelis u\u017etikrina, kad butelio snapelis i\u0161liks \u0161varus. Butelis yra lengvai valomas, nes j\u012f galima atsukti i\u0161 abiej\u0173 gal\u0173. Vandens buteli\u0173 \u201eMaped Picnik Concept\u201c sud\u0117tyje n\u0117ra BPA, juos galima plauti indaplov\u0117je. &#8211; Visi\u0161kai sandarus ir nepratekantis &#8211; Dantelyje yra fiksuojama patogi rankena &#8211; Lengvai atidaromas paspaudus mygtuk\u0105 &#8211; Lengvai valomas \u2013 dangtel\u012f ir pagrind\u0105 galima nusukti\" \/>\n<meta property=\"og:url\" content=\"https:\/\/hobstop.ee\/lt\/produktas\/gertuve-maped-picnik-kids-concept-430ml\/\" \/>\n<meta property=\"og:site_name\" content=\"Skizze\" \/>\n<meta property=\"article:publisher\" content=\"http:\/\/www.facebook.com\/VunderSkizze\" \/>\n<meta name=\"twitter:card\" content=\"summary_large_image\" \/>\n<meta name=\"twitter:label1\" content=\"Est. reading time\" \/>\n\t<meta name=\"twitter:data1\" content=\"1 minute\" \/>\n<script type=\"application\/ld+json\" class=\"yoast-schema-graph\">{\"@context\":\"https:\/\/schema.org\",\"@graph\":[{\"@type\":\"WebPage\",\"@id\":\"https:\/\/hobstop.ee\/lt\/produktas\/gertuve-maped-picnik-kids-concept-430ml\/\",\"url\":\"https:\/\/hobstop.ee\/lt\/produktas\/gertuve-maped-picnik-kids-concept-430ml\/\",\"name\":\"Gertuv\u0117 Maped Picnik Kids Concept 430ml &#8211; Skizze\",\"isPartOf\":{\"@id\":\"https:\/\/hobstop.ee\/lt\/#website\"},\"datePublished\":\"2018-07-30T07:34:48+00:00\",\"dateModified\":\"2018-07-30T07:34:48+00:00\",\"breadcrumb\":{\"@id\":\"https:\/\/hobstop.ee\/lt\/produktas\/gertuve-maped-picnik-kids-concept-430ml\/#breadcrumb\"},\"inLanguage\":\"lt\",\"potentialAction\":[{\"@type\":\"ReadAction\",\"target\":[\"https:\/\/hobstop.ee\/lt\/produktas\/gertuve-maped-picnik-kids-concept-430ml\/\"]}]},{\"@type\":\"BreadcrumbList\",\"@id\":\"https:\/\/hobstop.ee\/lt\/produktas\/gertuve-maped-picnik-kids-concept-430ml\/#breadcrumb\",\"itemListElement\":[{\"@type\":\"ListItem\",\"position\":1,\"name\":\"Avaleht\",\"item\":\"https:\/\/hobstop.ee\/lt\/\"},{\"@type\":\"ListItem\",\"position\":2,\"name\":\"Parduotuv\u0117\",\"item\":\"https:\/\/hobstop.ee\/lt\/parduotuve\/\"},{\"@type\":\"ListItem\",\"position\":3,\"name\":\"Gertuv\u0117 Maped Picnik Kids Concept 430ml\"}]},{\"@type\":\"WebSite\",\"@id\":\"https:\/\/hobstop.ee\/lt\/#website\",\"url\":\"https:\/\/hobstop.ee\/lt\/\",\"name\":\"Skizze\",\"description\":\"Dail\u0117s, pom\u0117gi\u0173 ir mokykliniai reikm\u0117nys\",\"publisher\":{\"@id\":\"https:\/\/hobstop.ee\/lt\/#organization\"},\"potentialAction\":[{\"@type\":\"SearchAction\",\"target\":{\"@type\":\"EntryPoint\",\"urlTemplate\":\"https:\/\/hobstop.ee\/lt\/?s={search_term_string}\"},\"query-input\":{\"@type\":\"PropertyValueSpecification\",\"valueRequired\":true,\"valueName\":\"search_term_string\"}}],\"inLanguage\":\"lt\"},{\"@type\":\"Organization\",\"@id\":\"https:\/\/hobstop.ee\/lt\/#organization\",\"name\":\"Vunder AS\",\"url\":\"https:\/\/hobstop.ee\/lt\/\",\"logo\":{\"@type\":\"ImageObject\",\"inLanguage\":\"lt\",\"@id\":\"https:\/\/hobstop.ee\/lt\/#\/schema\/logo\/image\/\",\"url\":\"https:\/\/hobstop.ee\/media\/vunder-logo.png\",\"contentUrl\":\"https:\/\/hobstop.ee\/media\/vunder-logo.png\",\"width\":127,\"height\":55,\"caption\":\"Vunder AS\"},\"image\":{\"@id\":\"https:\/\/hobstop.ee\/lt\/#\/schema\/logo\/image\/\"},\"sameAs\":[\"http:\/\/www.facebook.com\/VunderSkizze\"]}]}<\/script>\n<!-- \/ Yoast SEO plugin. -->","yoast_head_json":{"title":"Gertuv\u0117 Maped Picnik Kids Concept 430ml &#8211; Skizze","robots":{"index":"noindex","follow":"follow","max-snippet":"max-snippet:-1","max-image-preview":"max-image-preview:large","max-video-preview":"max-video-preview:-1"},"og_locale":"lt_LT","og_type":"article","og_title":"Gertuv\u0117 Maped Picnik Kids Concept 430ml &#8211; Skizze","og_description":"\u201eMaped\u201c pasinaudojo savo patirtimi kuriant ir gaminant kokybi\u0161kus mokyklinius produktus, pavyzd\u017eiui, nauja vaik\u0173 g\u0117rim\u0173 ir maisto ind\u0173 serija \u201eMaped Picnik\u201c. \u201eMaped Picnik\u201c serija yra visi\u0161kai pritaikyta vaikams! Vandens buteli\u0173 serija \u201eConcept\u201c pasi\u017eymi itin sandariu, paspaud\u017eiant atsidaran\u010diu dangteliu, kuris sandariai u\u017edaromas pasinaudojus. Tiesiog vienu paspaudimu lengvai atidaromas higieni\u0161kas dangtelis u\u017etikrina, kad butelio snapelis i\u0161liks \u0161varus. Butelis yra lengvai valomas, nes j\u012f galima atsukti i\u0161 abiej\u0173 gal\u0173. Vandens buteli\u0173 \u201eMaped Picnik Concept\u201c sud\u0117tyje n\u0117ra BPA, juos galima plauti indaplov\u0117je. &#8211; Visi\u0161kai sandarus ir nepratekantis &#8211; Dantelyje yra fiksuojama patogi rankena &#8211; Lengvai atidaromas paspaudus mygtuk\u0105 &#8211; Lengvai valomas \u2013 dangtel\u012f ir pagrind\u0105 galima nusukti","og_url":"https:\/\/hobstop.ee\/lt\/produktas\/gertuve-maped-picnik-kids-concept-430ml\/","og_site_name":"Skizze","article_publisher":"http:\/\/www.facebook.com\/VunderSkizze","twitter_card":"summary_large_image","twitter_misc":{"Est. reading time":"1 minute"},"schema":{"@context":"https:\/\/schema.org","@graph":[{"@type":"WebPage","@id":"https:\/\/hobstop.ee\/lt\/produktas\/gertuve-maped-picnik-kids-concept-430ml\/","url":"https:\/\/hobstop.ee\/lt\/produktas\/gertuve-maped-picnik-kids-concept-430ml\/","name":"Gertuv\u0117 Maped Picnik Kids Concept 430ml &#8211; Skizze","isPartOf":{"@id":"https:\/\/hobstop.ee\/lt\/#website"},"datePublished":"2018-07-30T07:34:48+00:00","dateModified":"2018-07-30T07:34:48+00:00","breadcrumb":{"@id":"https:\/\/hobstop.ee\/lt\/produktas\/gertuve-maped-picnik-kids-concept-430ml\/#breadcrumb"},"inLanguage":"lt","potentialAction":[{"@type":"ReadAction","target":["https:\/\/hobstop.ee\/lt\/produktas\/gertuve-maped-picnik-kids-concept-430ml\/"]}]},{"@type":"BreadcrumbList","@id":"https:\/\/hobstop.ee\/lt\/produktas\/gertuve-maped-picnik-kids-concept-430ml\/#breadcrumb","itemListElement":[{"@type":"ListItem","position":1,"name":"Avaleht","item":"https:\/\/hobstop.ee\/lt\/"},{"@type":"ListItem","position":2,"name":"Parduotuv\u0117","item":"https:\/\/hobstop.ee\/lt\/parduotuve\/"},{"@type":"ListItem","position":3,"name":"Gertuv\u0117 Maped Picnik Kids Concept 430ml"}]},{"@type":"WebSite","@id":"https:\/\/hobstop.ee\/lt\/#website","url":"https:\/\/hobstop.ee\/lt\/","name":"Skizze","description":"Dail\u0117s, pom\u0117gi\u0173 ir mokykliniai reikm\u0117nys","publisher":{"@id":"https:\/\/hobstop.ee\/lt\/#organization"},"potentialAction":[{"@type":"SearchAction","target":{"@type":"EntryPoint","urlTemplate":"https:\/\/hobstop.ee\/lt\/?s={search_term_string}"},"query-input":{"@type":"PropertyValueSpecification","valueRequired":true,"valueName":"search_term_string"}}],"inLanguage":"lt"},{"@type":"Organization","@id":"https:\/\/hobstop.ee\/lt\/#organization","name":"Vunder AS","url":"https:\/\/hobstop.ee\/lt\/","logo":{"@type":"ImageObject","inLanguage":"lt","@id":"https:\/\/hobstop.ee\/lt\/#\/schema\/logo\/image\/","url":"https:\/\/hobstop.ee\/media\/vunder-logo.png","contentUrl":"https:\/\/hobstop.ee\/media\/vunder-logo.png","width":127,"height":55,"caption":"Vunder AS"},"image":{"@id":"https:\/\/hobstop.ee\/lt\/#\/schema\/logo\/image\/"},"sameAs":["http:\/\/www.facebook.com\/VunderSkizze"]}]}},"_links":{"self":[{"href":"https:\/\/hobstop.ee\/lt\/wp-json\/wp\/v2\/product\/314030","targetHints":{"allow":["GET"]}}],"collection":[{"href":"https:\/\/hobstop.ee\/lt\/wp-json\/wp\/v2\/product"}],"about":[{"href":"https:\/\/hobstop.ee\/lt\/wp-json\/wp\/v2\/types\/product"}],"replies":[{"embeddable":true,"href":"https:\/\/hobstop.ee\/lt\/wp-json\/wp\/v2\/comments?post=314030"}],"wp:attachment":[{"href":"https:\/\/hobstop.ee\/lt\/wp-json\/wp\/v2\/media?parent=314030"}],"wp:term":[{"taxonomy":"product_cat","embeddable":true,"href":"https:\/\/hobstop.ee\/lt\/wp-json\/wp\/v2\/product_cat?post=314030"},{"taxonomy":"product_tag","embeddable":true,"href":"https:\/\/hobstop.ee\/lt\/wp-json\/wp\/v2\/product_tag?post=314030"}],"curies":[{"name":"wp","href":"https:\/\/api.w.org\/{rel}","templated":true}]}}