{"id":314055,"date":"2018-07-30T10:34:57","date_gmt":"2018-07-30T07:34:57","guid":{"rendered":"https:\/\/sharks.ee\/vunder_2019\/lt\/product\/priespieciu-krepselis-maped-picnik-origins\/"},"modified":"2018-07-30T10:34:57","modified_gmt":"2018-07-30T07:34:57","slug":"priespieciu-krepselis-maped-picnik-kids-origins","status":"publish","type":"product","link":"https:\/\/hobstop.ee\/lt\/produktas\/priespieciu-krepselis-maped-picnik-kids-origins\/","title":{"rendered":"Prie\u0161pie\u010di\u0173 krep\u0161elis Maped Picnik Kids Origins"},"content":{"rendered":"<p>\u201eMaped\u201c pasinaudojo savo patirtimi kuriant ir gaminant kokybi\u0161kus mokyklinius produktus, pavyzd\u017eiui, nauja vaik\u0173 g\u0117rim\u0173 ir maisto ind\u0173 serija \u201eMaped Picnik\u201c. \u201eMaped Picnik\u201c serija yra visi\u0161kai pritaikyta vaikams!<br \/>\n\u201eOrigins\u201c serijos piet\u0173 krep\u0161iai yra visi\u0161kai sandar\u016bs, tod\u0117l maistas i\u0161lieka \u0161vie\u017eias, lengvai atidaromas vienu spaustuku, erdvus \u2013 telpa \u201eOrigins\u201c serijos maisto d\u0117\u017eut\u0117 ir vandens butelys. Patogus, su ilga rankena ir lengvai valomu pamu\u0161alu.<br \/>\n&#8211; Lengvai atidaromas atsegus tik 1 spaustuk\u0105<br \/>\n&#8211; Sandarus, tod\u0117l maistas i\u0161lieka \u0161vie\u017eias<br \/>\n&#8211; Pamu\u0161alas ir pagrindas yra pagaminti i\u0161 lengvai valomos med\u017eiagos<br \/>\n&#8211; Lengvai perne\u0161amas su patogia rankena<br \/>\n&#8211; Erdviame krep\u0161yje yra vietos vandens buteliui ir maisto d\u0117\u017eutei \u201eOrigins\u201c<\/p>\n","protected":false},"excerpt":{"rendered":"<p>\u201eMaped\u201c pasinaudojo savo patirtimi kuriant ir gaminant kokybi\u0161kus mokyklinius produktus, pavyzd\u017eiui, nauja vaik\u0173 g\u0117rim\u0173 ir maisto ind\u0173 serija \u201eMaped Picnik\u201c. \u201eMaped Picnik\u201c serija yra visi\u0161kai pritaikyta vaikams! \u201eOrigins\u201c serijos piet\u0173 krep\u0161iai yra visi\u0161kai sandar\u016bs, tod\u0117l maistas i\u0161lieka \u0161vie\u017eias, lengvai atidaromas vienu spaustuku, erdvus \u2013 telpa \u201eOrigins\u201c serijos maisto d\u0117\u017eut\u0117 ir vandens butelys. Patogus, su ilga rankena ir lengvai valomu pamu\u0161alu. &#8211; Lengvai atidaromas atsegus tik 1 spaustuk\u0105 &#8211; Sandarus, tod\u0117l maistas i\u0161lieka \u0161vie\u017eias &#8211; Pamu\u0161alas ir pagrindas yra pagaminti i\u0161 lengvai valomos med\u017eiagos &#8211; Lengvai perne\u0161amas su patogia rankena &#8211; Erdviame krep\u0161yje yra vietos vandens buteliui ir maisto d\u0117\u017eutei \u201eOrigins\u201c<\/p>\n","protected":false},"featured_media":314650,"comment_status":"closed","ping_status":"closed","template":"","meta":{"_acf_changed":false,"ep_exclude_from_search":false},"product_cat":[20375,20384],"product_tag":[],"class_list":{"0":"post-314055","1":"product","2":"type-product","3":"status-publish","4":"has-post-thumbnail","6":"product_cat-dezutes-maistui-ir-gertuves","7":"product_cat-kiti","9":"first","10":"outofstock","11":"taxable","12":"shipping-taxable","13":"purchasable","14":"product-type-simple"},"acf":[],"yoast_head":"<!-- This site is optimized with the Yoast SEO plugin v24.1 - https:\/\/yoast.com\/wordpress\/plugins\/seo\/ -->\n<title>Prie\u0161pie\u010di\u0173 krep\u0161elis Maped Picnik Kids Origins &#8211; Skizze<\/title>\n<meta name=\"robots\" content=\"noindex, follow, max-snippet:-1, max-image-preview:large, max-video-preview:-1\" \/>\n<meta property=\"og:locale\" content=\"lt_LT\" \/>\n<meta property=\"og:type\" content=\"article\" \/>\n<meta property=\"og:title\" content=\"Prie\u0161pie\u010di\u0173 krep\u0161elis Maped Picnik Kids Origins &#8211; Skizze\" \/>\n<meta property=\"og:description\" content=\"\u201eMaped\u201c pasinaudojo savo patirtimi kuriant ir gaminant kokybi\u0161kus mokyklinius produktus, pavyzd\u017eiui, nauja vaik\u0173 g\u0117rim\u0173 ir maisto ind\u0173 serija \u201eMaped Picnik\u201c. \u201eMaped Picnik\u201c serija yra visi\u0161kai pritaikyta vaikams! \u201eOrigins\u201c serijos piet\u0173 krep\u0161iai yra visi\u0161kai sandar\u016bs, tod\u0117l maistas i\u0161lieka \u0161vie\u017eias, lengvai atidaromas vienu spaustuku, erdvus \u2013 telpa \u201eOrigins\u201c serijos maisto d\u0117\u017eut\u0117 ir vandens butelys. Patogus, su ilga rankena ir lengvai valomu pamu\u0161alu. &#8211; Lengvai atidaromas atsegus tik 1 spaustuk\u0105 &#8211; Sandarus, tod\u0117l maistas i\u0161lieka \u0161vie\u017eias &#8211; Pamu\u0161alas ir pagrindas yra pagaminti i\u0161 lengvai valomos med\u017eiagos &#8211; Lengvai perne\u0161amas su patogia rankena &#8211; Erdviame krep\u0161yje yra vietos vandens buteliui ir maisto d\u0117\u017eutei \u201eOrigins\u201c\" \/>\n<meta property=\"og:url\" content=\"https:\/\/hobstop.ee\/lt\/produktas\/priespieciu-krepselis-maped-picnik-kids-origins\/\" \/>\n<meta property=\"og:site_name\" content=\"Skizze\" \/>\n<meta property=\"article:publisher\" content=\"http:\/\/www.facebook.com\/VunderSkizze\" \/>\n<meta property=\"og:image\" content=\"https:\/\/hobstop.ee\/media\/4833.jpg\" \/>\n\t<meta property=\"og:image:width\" content=\"1024\" \/>\n\t<meta property=\"og:image:height\" content=\"768\" \/>\n\t<meta property=\"og:image:type\" content=\"image\/jpeg\" \/>\n<meta name=\"twitter:card\" content=\"summary_large_image\" \/>\n<meta name=\"twitter:label1\" content=\"Est. reading time\" \/>\n\t<meta name=\"twitter:data1\" content=\"1 minute\" \/>\n<script type=\"application\/ld+json\" class=\"yoast-schema-graph\">{\"@context\":\"https:\/\/schema.org\",\"@graph\":[{\"@type\":\"WebPage\",\"@id\":\"https:\/\/hobstop.ee\/lt\/produktas\/priespieciu-krepselis-maped-picnik-kids-origins\/\",\"url\":\"https:\/\/hobstop.ee\/lt\/produktas\/priespieciu-krepselis-maped-picnik-kids-origins\/\",\"name\":\"Prie\u0161pie\u010di\u0173 krep\u0161elis Maped Picnik Kids Origins &#8211; Skizze\",\"isPartOf\":{\"@id\":\"https:\/\/hobstop.ee\/lt\/#website\"},\"primaryImageOfPage\":{\"@id\":\"https:\/\/hobstop.ee\/lt\/produktas\/priespieciu-krepselis-maped-picnik-kids-origins\/#primaryimage\"},\"image\":{\"@id\":\"https:\/\/hobstop.ee\/lt\/produktas\/priespieciu-krepselis-maped-picnik-kids-origins\/#primaryimage\"},\"thumbnailUrl\":\"https:\/\/hobstop.ee\/media\/4833.jpg\",\"datePublished\":\"2018-07-30T07:34:57+00:00\",\"dateModified\":\"2018-07-30T07:34:57+00:00\",\"breadcrumb\":{\"@id\":\"https:\/\/hobstop.ee\/lt\/produktas\/priespieciu-krepselis-maped-picnik-kids-origins\/#breadcrumb\"},\"inLanguage\":\"lt\",\"potentialAction\":[{\"@type\":\"ReadAction\",\"target\":[\"https:\/\/hobstop.ee\/lt\/produktas\/priespieciu-krepselis-maped-picnik-kids-origins\/\"]}]},{\"@type\":\"ImageObject\",\"inLanguage\":\"lt\",\"@id\":\"https:\/\/hobstop.ee\/lt\/produktas\/priespieciu-krepselis-maped-picnik-kids-origins\/#primaryimage\",\"url\":\"https:\/\/hobstop.ee\/media\/4833.jpg\",\"contentUrl\":\"https:\/\/hobstop.ee\/media\/4833.jpg\",\"width\":1024,\"height\":768},{\"@type\":\"BreadcrumbList\",\"@id\":\"https:\/\/hobstop.ee\/lt\/produktas\/priespieciu-krepselis-maped-picnik-kids-origins\/#breadcrumb\",\"itemListElement\":[{\"@type\":\"ListItem\",\"position\":1,\"name\":\"Avaleht\",\"item\":\"https:\/\/hobstop.ee\/lt\/\"},{\"@type\":\"ListItem\",\"position\":2,\"name\":\"Parduotuv\u0117\",\"item\":\"https:\/\/hobstop.ee\/lt\/parduotuve\/\"},{\"@type\":\"ListItem\",\"position\":3,\"name\":\"Prie\u0161pie\u010di\u0173 krep\u0161elis Maped Picnik Kids Origins\"}]},{\"@type\":\"WebSite\",\"@id\":\"https:\/\/hobstop.ee\/lt\/#website\",\"url\":\"https:\/\/hobstop.ee\/lt\/\",\"name\":\"Skizze\",\"description\":\"Dail\u0117s, pom\u0117gi\u0173 ir mokykliniai reikm\u0117nys\",\"publisher\":{\"@id\":\"https:\/\/hobstop.ee\/lt\/#organization\"},\"potentialAction\":[{\"@type\":\"SearchAction\",\"target\":{\"@type\":\"EntryPoint\",\"urlTemplate\":\"https:\/\/hobstop.ee\/lt\/?s={search_term_string}\"},\"query-input\":{\"@type\":\"PropertyValueSpecification\",\"valueRequired\":true,\"valueName\":\"search_term_string\"}}],\"inLanguage\":\"lt\"},{\"@type\":\"Organization\",\"@id\":\"https:\/\/hobstop.ee\/lt\/#organization\",\"name\":\"Vunder AS\",\"url\":\"https:\/\/hobstop.ee\/lt\/\",\"logo\":{\"@type\":\"ImageObject\",\"inLanguage\":\"lt\",\"@id\":\"https:\/\/hobstop.ee\/lt\/#\/schema\/logo\/image\/\",\"url\":\"https:\/\/hobstop.ee\/media\/vunder-logo.png\",\"contentUrl\":\"https:\/\/hobstop.ee\/media\/vunder-logo.png\",\"width\":127,\"height\":55,\"caption\":\"Vunder AS\"},\"image\":{\"@id\":\"https:\/\/hobstop.ee\/lt\/#\/schema\/logo\/image\/\"},\"sameAs\":[\"http:\/\/www.facebook.com\/VunderSkizze\"]}]}<\/script>\n<!-- \/ Yoast SEO plugin. -->","yoast_head_json":{"title":"Prie\u0161pie\u010di\u0173 krep\u0161elis Maped Picnik Kids Origins &#8211; Skizze","robots":{"index":"noindex","follow":"follow","max-snippet":"max-snippet:-1","max-image-preview":"max-image-preview:large","max-video-preview":"max-video-preview:-1"},"og_locale":"lt_LT","og_type":"article","og_title":"Prie\u0161pie\u010di\u0173 krep\u0161elis Maped Picnik Kids Origins &#8211; Skizze","og_description":"\u201eMaped\u201c pasinaudojo savo patirtimi kuriant ir gaminant kokybi\u0161kus mokyklinius produktus, pavyzd\u017eiui, nauja vaik\u0173 g\u0117rim\u0173 ir maisto ind\u0173 serija \u201eMaped Picnik\u201c. \u201eMaped Picnik\u201c serija yra visi\u0161kai pritaikyta vaikams! \u201eOrigins\u201c serijos piet\u0173 krep\u0161iai yra visi\u0161kai sandar\u016bs, tod\u0117l maistas i\u0161lieka \u0161vie\u017eias, lengvai atidaromas vienu spaustuku, erdvus \u2013 telpa \u201eOrigins\u201c serijos maisto d\u0117\u017eut\u0117 ir vandens butelys. Patogus, su ilga rankena ir lengvai valomu pamu\u0161alu. &#8211; Lengvai atidaromas atsegus tik 1 spaustuk\u0105 &#8211; Sandarus, tod\u0117l maistas i\u0161lieka \u0161vie\u017eias &#8211; Pamu\u0161alas ir pagrindas yra pagaminti i\u0161 lengvai valomos med\u017eiagos &#8211; Lengvai perne\u0161amas su patogia rankena &#8211; Erdviame krep\u0161yje yra vietos vandens buteliui ir maisto d\u0117\u017eutei \u201eOrigins\u201c","og_url":"https:\/\/hobstop.ee\/lt\/produktas\/priespieciu-krepselis-maped-picnik-kids-origins\/","og_site_name":"Skizze","article_publisher":"http:\/\/www.facebook.com\/VunderSkizze","og_image":[{"width":1024,"height":768,"url":"https:\/\/hobstop.ee\/media\/4833.jpg","type":"image\/jpeg"}],"twitter_card":"summary_large_image","twitter_misc":{"Est. reading time":"1 minute"},"schema":{"@context":"https:\/\/schema.org","@graph":[{"@type":"WebPage","@id":"https:\/\/hobstop.ee\/lt\/produktas\/priespieciu-krepselis-maped-picnik-kids-origins\/","url":"https:\/\/hobstop.ee\/lt\/produktas\/priespieciu-krepselis-maped-picnik-kids-origins\/","name":"Prie\u0161pie\u010di\u0173 krep\u0161elis Maped Picnik Kids Origins &#8211; Skizze","isPartOf":{"@id":"https:\/\/hobstop.ee\/lt\/#website"},"primaryImageOfPage":{"@id":"https:\/\/hobstop.ee\/lt\/produktas\/priespieciu-krepselis-maped-picnik-kids-origins\/#primaryimage"},"image":{"@id":"https:\/\/hobstop.ee\/lt\/produktas\/priespieciu-krepselis-maped-picnik-kids-origins\/#primaryimage"},"thumbnailUrl":"https:\/\/hobstop.ee\/media\/4833.jpg","datePublished":"2018-07-30T07:34:57+00:00","dateModified":"2018-07-30T07:34:57+00:00","breadcrumb":{"@id":"https:\/\/hobstop.ee\/lt\/produktas\/priespieciu-krepselis-maped-picnik-kids-origins\/#breadcrumb"},"inLanguage":"lt","potentialAction":[{"@type":"ReadAction","target":["https:\/\/hobstop.ee\/lt\/produktas\/priespieciu-krepselis-maped-picnik-kids-origins\/"]}]},{"@type":"ImageObject","inLanguage":"lt","@id":"https:\/\/hobstop.ee\/lt\/produktas\/priespieciu-krepselis-maped-picnik-kids-origins\/#primaryimage","url":"https:\/\/hobstop.ee\/media\/4833.jpg","contentUrl":"https:\/\/hobstop.ee\/media\/4833.jpg","width":1024,"height":768},{"@type":"BreadcrumbList","@id":"https:\/\/hobstop.ee\/lt\/produktas\/priespieciu-krepselis-maped-picnik-kids-origins\/#breadcrumb","itemListElement":[{"@type":"ListItem","position":1,"name":"Avaleht","item":"https:\/\/hobstop.ee\/lt\/"},{"@type":"ListItem","position":2,"name":"Parduotuv\u0117","item":"https:\/\/hobstop.ee\/lt\/parduotuve\/"},{"@type":"ListItem","position":3,"name":"Prie\u0161pie\u010di\u0173 krep\u0161elis Maped Picnik Kids Origins"}]},{"@type":"WebSite","@id":"https:\/\/hobstop.ee\/lt\/#website","url":"https:\/\/hobstop.ee\/lt\/","name":"Skizze","description":"Dail\u0117s, pom\u0117gi\u0173 ir mokykliniai reikm\u0117nys","publisher":{"@id":"https:\/\/hobstop.ee\/lt\/#organization"},"potentialAction":[{"@type":"SearchAction","target":{"@type":"EntryPoint","urlTemplate":"https:\/\/hobstop.ee\/lt\/?s={search_term_string}"},"query-input":{"@type":"PropertyValueSpecification","valueRequired":true,"valueName":"search_term_string"}}],"inLanguage":"lt"},{"@type":"Organization","@id":"https:\/\/hobstop.ee\/lt\/#organization","name":"Vunder AS","url":"https:\/\/hobstop.ee\/lt\/","logo":{"@type":"ImageObject","inLanguage":"lt","@id":"https:\/\/hobstop.ee\/lt\/#\/schema\/logo\/image\/","url":"https:\/\/hobstop.ee\/media\/vunder-logo.png","contentUrl":"https:\/\/hobstop.ee\/media\/vunder-logo.png","width":127,"height":55,"caption":"Vunder AS"},"image":{"@id":"https:\/\/hobstop.ee\/lt\/#\/schema\/logo\/image\/"},"sameAs":["http:\/\/www.facebook.com\/VunderSkizze"]}]}},"_links":{"self":[{"href":"https:\/\/hobstop.ee\/lt\/wp-json\/wp\/v2\/product\/314055","targetHints":{"allow":["GET"]}}],"collection":[{"href":"https:\/\/hobstop.ee\/lt\/wp-json\/wp\/v2\/product"}],"about":[{"href":"https:\/\/hobstop.ee\/lt\/wp-json\/wp\/v2\/types\/product"}],"replies":[{"embeddable":true,"href":"https:\/\/hobstop.ee\/lt\/wp-json\/wp\/v2\/comments?post=314055"}],"wp:featuredmedia":[{"embeddable":true,"href":"https:\/\/hobstop.ee\/lt\/wp-json\/wp\/v2\/media\/314650"}],"wp:attachment":[{"href":"https:\/\/hobstop.ee\/lt\/wp-json\/wp\/v2\/media?parent=314055"}],"wp:term":[{"taxonomy":"product_cat","embeddable":true,"href":"https:\/\/hobstop.ee\/lt\/wp-json\/wp\/v2\/product_cat?post=314055"},{"taxonomy":"product_tag","embeddable":true,"href":"https:\/\/hobstop.ee\/lt\/wp-json\/wp\/v2\/product_tag?post=314055"}],"curies":[{"name":"wp","href":"https:\/\/api.w.org\/{rel}","templated":true}]}}