{"id":315397,"date":"2018-08-18T18:51:24","date_gmt":"2018-08-18T15:51:24","guid":{"rendered":"https:\/\/sharks.ee\/vunder_2019\/lt\/product\/rasomosios-lentos-dazai-tinkantys-tekstilei-marabu-textil-design-aerozolis-150ml\/"},"modified":"2018-08-18T18:51:24","modified_gmt":"2018-08-18T15:51:24","slug":"rasomosios-lentos-dazai-tinkantys-tekstilei-marabu-textil-design-aerozolis-150ml","status":"publish","type":"product","link":"https:\/\/hobstop.ee\/lt\/produktas\/rasomosios-lentos-dazai-tinkantys-tekstilei-marabu-textil-design-aerozolis-150ml\/","title":{"rendered":"Ra\u0161omosios lentos da\u017eai tinkantys tekstilei Marabu Textil Design aerozolis 150ml"},"content":{"rendered":"<p>Akrilo pagrindu pagaminti pur\u0161kiamieji tekstil\u0117s da\u017eai \u201eMarabu Textil Design\u201c. Pur\u0161iami da\u017eai &#8220;Textil Design&#8221;  padengia mokyklini\u0173 lent\u0173 pavir\u0161i\u0173 taip, kad ant jo galima ra\u0161yti kreida. Nuda\u017eytus audinius galima skalbti ne auk\u0161tesn\u0117je nei 30\u00b0C temperat\u016broje (\u0161velnius audinius skalbkite i\u0161verstus). Technika netinka kasdieniniams drabu\u017eiams dekoruoti. Da\u017e\u0173 u\u017efiksuoti nereikia. Pur\u0161kiamieji da\u017eai \u201eTextil Design\u201c idealiai tinka audiniams dekoruoti naudojant \u201eMarabu\u201c trafaretus.<\/p>\n","protected":false},"excerpt":{"rendered":"<p>Akrilo pagrindu pagaminti pur\u0161kiamieji tekstil\u0117s da\u017eai \u201eMarabu Textil Design\u201c. Pur\u0161iami da\u017eai &#8220;Textil Design&#8221; padengia mokyklini\u0173 lent\u0173 pavir\u0161i\u0173 taip, kad ant jo galima ra\u0161yti kreida. Nuda\u017eytus audinius galima skalbti ne auk\u0161tesn\u0117je nei 30\u00b0C temperat\u016broje (\u0161velnius audinius skalbkite i\u0161verstus). Technika netinka kasdieniniams drabu\u017eiams dekoruoti. Da\u017e\u0173 u\u017efiksuoti nereikia. Pur\u0161kiamieji da\u017eai \u201eTextil Design\u201c idealiai tinka audiniams dekoruoti naudojant \u201eMarabu\u201c trafaretus.<\/p>\n","protected":false},"featured_media":316986,"comment_status":"closed","ping_status":"closed","template":"","meta":{"_acf_changed":false,"ep_exclude_from_search":false},"product_cat":[17919,14893,18213],"product_tag":[],"class_list":{"0":"post-315397","1":"product","2":"type-product","3":"status-publish","4":"has-post-thumbnail","6":"product_cat-pomegiu-prekes","7":"product_cat-tekstilei","8":"product_cat-tekstiles-dazai","10":"first","11":"instock","12":"taxable","13":"shipping-taxable","14":"purchasable","15":"product-type-simple"},"acf":[],"yoast_head":"<!-- This site is optimized with the Yoast SEO plugin v24.1 - https:\/\/yoast.com\/wordpress\/plugins\/seo\/ -->\n<title>Ra\u0161omosios lentos da\u017eai tinkantys tekstilei Marabu Textil Design aerozolis 150ml &#8211; Skizze<\/title>\n<meta name=\"robots\" content=\"noindex, follow, max-snippet:-1, max-image-preview:large, max-video-preview:-1\" \/>\n<meta property=\"og:locale\" content=\"lt_LT\" \/>\n<meta property=\"og:type\" content=\"article\" \/>\n<meta property=\"og:title\" content=\"Ra\u0161omosios lentos da\u017eai tinkantys tekstilei Marabu Textil Design aerozolis 150ml &#8211; Skizze\" \/>\n<meta property=\"og:description\" content=\"Akrilo pagrindu pagaminti pur\u0161kiamieji tekstil\u0117s da\u017eai \u201eMarabu Textil Design\u201c. Pur\u0161iami da\u017eai &#8220;Textil Design&#8221; padengia mokyklini\u0173 lent\u0173 pavir\u0161i\u0173 taip, kad ant jo galima ra\u0161yti kreida. Nuda\u017eytus audinius galima skalbti ne auk\u0161tesn\u0117je nei 30\u00b0C temperat\u016broje (\u0161velnius audinius skalbkite i\u0161verstus). Technika netinka kasdieniniams drabu\u017eiams dekoruoti. Da\u017e\u0173 u\u017efiksuoti nereikia. Pur\u0161kiamieji da\u017eai \u201eTextil Design\u201c idealiai tinka audiniams dekoruoti naudojant \u201eMarabu\u201c trafaretus.\" \/>\n<meta property=\"og:url\" content=\"https:\/\/hobstop.ee\/lt\/produktas\/rasomosios-lentos-dazai-tinkantys-tekstilei-marabu-textil-design-aerozolis-150ml\/\" \/>\n<meta property=\"og:site_name\" content=\"Skizze\" \/>\n<meta property=\"article:publisher\" content=\"http:\/\/www.facebook.com\/VunderSkizze\" \/>\n<meta property=\"og:image\" content=\"https:\/\/hobstop.ee\/media\/4773.jpg\" \/>\n\t<meta property=\"og:image:width\" content=\"1024\" \/>\n\t<meta property=\"og:image:height\" content=\"768\" \/>\n\t<meta property=\"og:image:type\" content=\"image\/jpeg\" \/>\n<meta name=\"twitter:card\" content=\"summary_large_image\" \/>\n<script type=\"application\/ld+json\" class=\"yoast-schema-graph\">{\"@context\":\"https:\/\/schema.org\",\"@graph\":[{\"@type\":\"WebPage\",\"@id\":\"https:\/\/hobstop.ee\/lt\/produktas\/rasomosios-lentos-dazai-tinkantys-tekstilei-marabu-textil-design-aerozolis-150ml\/\",\"url\":\"https:\/\/hobstop.ee\/lt\/produktas\/rasomosios-lentos-dazai-tinkantys-tekstilei-marabu-textil-design-aerozolis-150ml\/\",\"name\":\"Ra\u0161omosios lentos da\u017eai tinkantys tekstilei Marabu Textil Design aerozolis 150ml &#8211; Skizze\",\"isPartOf\":{\"@id\":\"https:\/\/www.hobstop.ee\/lt\/#website\"},\"primaryImageOfPage\":{\"@id\":\"https:\/\/hobstop.ee\/lt\/produktas\/rasomosios-lentos-dazai-tinkantys-tekstilei-marabu-textil-design-aerozolis-150ml\/#primaryimage\"},\"image\":{\"@id\":\"https:\/\/hobstop.ee\/lt\/produktas\/rasomosios-lentos-dazai-tinkantys-tekstilei-marabu-textil-design-aerozolis-150ml\/#primaryimage\"},\"thumbnailUrl\":\"https:\/\/hobstop.ee\/media\/4773.jpg\",\"datePublished\":\"2018-08-18T15:51:24+00:00\",\"dateModified\":\"2018-08-18T15:51:24+00:00\",\"breadcrumb\":{\"@id\":\"https:\/\/hobstop.ee\/lt\/produktas\/rasomosios-lentos-dazai-tinkantys-tekstilei-marabu-textil-design-aerozolis-150ml\/#breadcrumb\"},\"inLanguage\":\"lt\",\"potentialAction\":[{\"@type\":\"ReadAction\",\"target\":[\"https:\/\/hobstop.ee\/lt\/produktas\/rasomosios-lentos-dazai-tinkantys-tekstilei-marabu-textil-design-aerozolis-150ml\/\"]}]},{\"@type\":\"ImageObject\",\"inLanguage\":\"lt\",\"@id\":\"https:\/\/hobstop.ee\/lt\/produktas\/rasomosios-lentos-dazai-tinkantys-tekstilei-marabu-textil-design-aerozolis-150ml\/#primaryimage\",\"url\":\"https:\/\/hobstop.ee\/media\/4773.jpg\",\"contentUrl\":\"https:\/\/hobstop.ee\/media\/4773.jpg\",\"width\":1024,\"height\":768},{\"@type\":\"BreadcrumbList\",\"@id\":\"https:\/\/hobstop.ee\/lt\/produktas\/rasomosios-lentos-dazai-tinkantys-tekstilei-marabu-textil-design-aerozolis-150ml\/#breadcrumb\",\"itemListElement\":[{\"@type\":\"ListItem\",\"position\":1,\"name\":\"Avaleht\",\"item\":\"https:\/\/www.hobstop.ee\/lt\/\"},{\"@type\":\"ListItem\",\"position\":2,\"name\":\"Parduotuv\u0117\",\"item\":\"https:\/\/www.hobstop.ee\/lt\/parduotuve\/\"},{\"@type\":\"ListItem\",\"position\":3,\"name\":\"Ra\u0161omosios lentos da\u017eai tinkantys tekstilei Marabu Textil Design aerozolis 150ml\"}]},{\"@type\":\"WebSite\",\"@id\":\"https:\/\/www.hobstop.ee\/lt\/#website\",\"url\":\"https:\/\/www.hobstop.ee\/lt\/\",\"name\":\"Skizze\",\"description\":\"Dail\u0117s, pom\u0117gi\u0173 ir mokykliniai reikm\u0117nys\",\"publisher\":{\"@id\":\"https:\/\/www.hobstop.ee\/lt\/#organization\"},\"potentialAction\":[{\"@type\":\"SearchAction\",\"target\":{\"@type\":\"EntryPoint\",\"urlTemplate\":\"https:\/\/www.hobstop.ee\/lt\/?s={search_term_string}\"},\"query-input\":{\"@type\":\"PropertyValueSpecification\",\"valueRequired\":true,\"valueName\":\"search_term_string\"}}],\"inLanguage\":\"lt\"},{\"@type\":\"Organization\",\"@id\":\"https:\/\/www.hobstop.ee\/lt\/#organization\",\"name\":\"Vunder AS\",\"url\":\"https:\/\/www.hobstop.ee\/lt\/\",\"logo\":{\"@type\":\"ImageObject\",\"inLanguage\":\"lt\",\"@id\":\"https:\/\/www.hobstop.ee\/lt\/#\/schema\/logo\/image\/\",\"url\":\"https:\/\/hobstop.ee\/media\/vunder-logo.png\",\"contentUrl\":\"https:\/\/hobstop.ee\/media\/vunder-logo.png\",\"width\":127,\"height\":55,\"caption\":\"Vunder AS\"},\"image\":{\"@id\":\"https:\/\/www.hobstop.ee\/lt\/#\/schema\/logo\/image\/\"},\"sameAs\":[\"http:\/\/www.facebook.com\/VunderSkizze\"]}]}<\/script>\n<!-- \/ Yoast SEO plugin. -->","yoast_head_json":{"title":"Ra\u0161omosios lentos da\u017eai tinkantys tekstilei Marabu Textil Design aerozolis 150ml &#8211; Skizze","robots":{"index":"noindex","follow":"follow","max-snippet":"max-snippet:-1","max-image-preview":"max-image-preview:large","max-video-preview":"max-video-preview:-1"},"og_locale":"lt_LT","og_type":"article","og_title":"Ra\u0161omosios lentos da\u017eai tinkantys tekstilei Marabu Textil Design aerozolis 150ml &#8211; Skizze","og_description":"Akrilo pagrindu pagaminti pur\u0161kiamieji tekstil\u0117s da\u017eai \u201eMarabu Textil Design\u201c. Pur\u0161iami da\u017eai &#8220;Textil Design&#8221; padengia mokyklini\u0173 lent\u0173 pavir\u0161i\u0173 taip, kad ant jo galima ra\u0161yti kreida. Nuda\u017eytus audinius galima skalbti ne auk\u0161tesn\u0117je nei 30\u00b0C temperat\u016broje (\u0161velnius audinius skalbkite i\u0161verstus). Technika netinka kasdieniniams drabu\u017eiams dekoruoti. Da\u017e\u0173 u\u017efiksuoti nereikia. Pur\u0161kiamieji da\u017eai \u201eTextil Design\u201c idealiai tinka audiniams dekoruoti naudojant \u201eMarabu\u201c trafaretus.","og_url":"https:\/\/hobstop.ee\/lt\/produktas\/rasomosios-lentos-dazai-tinkantys-tekstilei-marabu-textil-design-aerozolis-150ml\/","og_site_name":"Skizze","article_publisher":"http:\/\/www.facebook.com\/VunderSkizze","og_image":[{"width":1024,"height":768,"url":"https:\/\/hobstop.ee\/media\/4773.jpg","type":"image\/jpeg"}],"twitter_card":"summary_large_image","schema":{"@context":"https:\/\/schema.org","@graph":[{"@type":"WebPage","@id":"https:\/\/hobstop.ee\/lt\/produktas\/rasomosios-lentos-dazai-tinkantys-tekstilei-marabu-textil-design-aerozolis-150ml\/","url":"https:\/\/hobstop.ee\/lt\/produktas\/rasomosios-lentos-dazai-tinkantys-tekstilei-marabu-textil-design-aerozolis-150ml\/","name":"Ra\u0161omosios lentos da\u017eai tinkantys tekstilei Marabu Textil Design aerozolis 150ml &#8211; Skizze","isPartOf":{"@id":"https:\/\/www.hobstop.ee\/lt\/#website"},"primaryImageOfPage":{"@id":"https:\/\/hobstop.ee\/lt\/produktas\/rasomosios-lentos-dazai-tinkantys-tekstilei-marabu-textil-design-aerozolis-150ml\/#primaryimage"},"image":{"@id":"https:\/\/hobstop.ee\/lt\/produktas\/rasomosios-lentos-dazai-tinkantys-tekstilei-marabu-textil-design-aerozolis-150ml\/#primaryimage"},"thumbnailUrl":"https:\/\/hobstop.ee\/media\/4773.jpg","datePublished":"2018-08-18T15:51:24+00:00","dateModified":"2018-08-18T15:51:24+00:00","breadcrumb":{"@id":"https:\/\/hobstop.ee\/lt\/produktas\/rasomosios-lentos-dazai-tinkantys-tekstilei-marabu-textil-design-aerozolis-150ml\/#breadcrumb"},"inLanguage":"lt","potentialAction":[{"@type":"ReadAction","target":["https:\/\/hobstop.ee\/lt\/produktas\/rasomosios-lentos-dazai-tinkantys-tekstilei-marabu-textil-design-aerozolis-150ml\/"]}]},{"@type":"ImageObject","inLanguage":"lt","@id":"https:\/\/hobstop.ee\/lt\/produktas\/rasomosios-lentos-dazai-tinkantys-tekstilei-marabu-textil-design-aerozolis-150ml\/#primaryimage","url":"https:\/\/hobstop.ee\/media\/4773.jpg","contentUrl":"https:\/\/hobstop.ee\/media\/4773.jpg","width":1024,"height":768},{"@type":"BreadcrumbList","@id":"https:\/\/hobstop.ee\/lt\/produktas\/rasomosios-lentos-dazai-tinkantys-tekstilei-marabu-textil-design-aerozolis-150ml\/#breadcrumb","itemListElement":[{"@type":"ListItem","position":1,"name":"Avaleht","item":"https:\/\/www.hobstop.ee\/lt\/"},{"@type":"ListItem","position":2,"name":"Parduotuv\u0117","item":"https:\/\/www.hobstop.ee\/lt\/parduotuve\/"},{"@type":"ListItem","position":3,"name":"Ra\u0161omosios lentos da\u017eai tinkantys tekstilei Marabu Textil Design aerozolis 150ml"}]},{"@type":"WebSite","@id":"https:\/\/www.hobstop.ee\/lt\/#website","url":"https:\/\/www.hobstop.ee\/lt\/","name":"Skizze","description":"Dail\u0117s, pom\u0117gi\u0173 ir mokykliniai reikm\u0117nys","publisher":{"@id":"https:\/\/www.hobstop.ee\/lt\/#organization"},"potentialAction":[{"@type":"SearchAction","target":{"@type":"EntryPoint","urlTemplate":"https:\/\/www.hobstop.ee\/lt\/?s={search_term_string}"},"query-input":{"@type":"PropertyValueSpecification","valueRequired":true,"valueName":"search_term_string"}}],"inLanguage":"lt"},{"@type":"Organization","@id":"https:\/\/www.hobstop.ee\/lt\/#organization","name":"Vunder AS","url":"https:\/\/www.hobstop.ee\/lt\/","logo":{"@type":"ImageObject","inLanguage":"lt","@id":"https:\/\/www.hobstop.ee\/lt\/#\/schema\/logo\/image\/","url":"https:\/\/hobstop.ee\/media\/vunder-logo.png","contentUrl":"https:\/\/hobstop.ee\/media\/vunder-logo.png","width":127,"height":55,"caption":"Vunder AS"},"image":{"@id":"https:\/\/www.hobstop.ee\/lt\/#\/schema\/logo\/image\/"},"sameAs":["http:\/\/www.facebook.com\/VunderSkizze"]}]}},"_links":{"self":[{"href":"https:\/\/hobstop.ee\/lt\/wp-json\/wp\/v2\/product\/315397","targetHints":{"allow":["GET"]}}],"collection":[{"href":"https:\/\/hobstop.ee\/lt\/wp-json\/wp\/v2\/product"}],"about":[{"href":"https:\/\/hobstop.ee\/lt\/wp-json\/wp\/v2\/types\/product"}],"replies":[{"embeddable":true,"href":"https:\/\/hobstop.ee\/lt\/wp-json\/wp\/v2\/comments?post=315397"}],"wp:featuredmedia":[{"embeddable":true,"href":"https:\/\/hobstop.ee\/lt\/wp-json\/wp\/v2\/media\/316986"}],"wp:attachment":[{"href":"https:\/\/hobstop.ee\/lt\/wp-json\/wp\/v2\/media?parent=315397"}],"wp:term":[{"taxonomy":"product_cat","embeddable":true,"href":"https:\/\/hobstop.ee\/lt\/wp-json\/wp\/v2\/product_cat?post=315397"},{"taxonomy":"product_tag","embeddable":true,"href":"https:\/\/hobstop.ee\/lt\/wp-json\/wp\/v2\/product_tag?post=315397"}],"curies":[{"name":"wp","href":"https:\/\/api.w.org\/{rel}","templated":true}]}}