{"id":315405,"date":"2018-08-18T18:51:26","date_gmt":"2018-08-18T15:51:26","guid":{"rendered":"https:\/\/sharks.ee\/vunder_2019\/lt\/product\/perkelimo-folija-rayher\/"},"modified":"2018-08-18T18:51:26","modified_gmt":"2018-08-18T15:51:26","slug":"perkelimo-folija-rayher","status":"publish","type":"product","link":"https:\/\/hobstop.ee\/lt\/produktas\/perkelimo-folija-rayher\/","title":{"rendered":"Perk\u0117limo folija Rayher"},"content":{"rendered":"<p>Kopijavimo pl\u0117vele \u201eRayher\u201c greitai ir paprastai perkelsite norim\u0105 atvaizd\u0105 ant \u017evaki\u0173 arba kit\u0173 lygi\u0173 ne\u012fgerian\u010di\u0173 pavir\u0161i\u0173. Neapverst\u0105 atvaizd\u0105 perkelkite ant blizgios kopijavimo pl\u0117vel\u0117s pus\u0117s, 30\u201360 sekund\u0117ms panardinkite \u012f drungn\u0105 vanden\u012f, kol pl\u0117vel\u0117 atsiskirs ir tada tiesiog perkelkite j\u0105 ant \u017evak\u0117s. Ant pl\u0117vel\u0117s atvaizd\u0105 galima perkelti lazeriniame spausdintuve arba kopijavimo \u012frenginyje (maks. b\u016bgninio cilindro temperat\u016bra 170\u00b0C), popieriaus storis \u2013 apie  185g\/m2.<\/p>\n","protected":false},"excerpt":{"rendered":"<p>Kopijavimo pl\u0117vele \u201eRayher\u201c greitai ir paprastai perkelsite norim\u0105 atvaizd\u0105 ant \u017evaki\u0173 arba kit\u0173 lygi\u0173 ne\u012fgerian\u010di\u0173 pavir\u0161i\u0173. Neapverst\u0105 atvaizd\u0105 perkelkite ant blizgios kopijavimo pl\u0117vel\u0117s pus\u0117s, 30\u201360 sekund\u0117ms panardinkite \u012f drungn\u0105 vanden\u012f, kol pl\u0117vel\u0117 atsiskirs ir tada tiesiog perkelkite j\u0105 ant \u017evak\u0117s. Ant pl\u0117vel\u0117s atvaizd\u0105 galima perkelti lazeriniame spausdintuve arba kopijavimo \u012frenginyje (maks. b\u016bgninio cilindro temperat\u016bra 170\u00b0C), popieriaus storis \u2013 apie 185g\/m2.<\/p>\n","protected":false},"featured_media":315441,"comment_status":"closed","ping_status":"closed","template":"","meta":{"_acf_changed":false,"ep_exclude_from_search":false},"product_cat":[18983,17969,17919],"product_tag":[],"class_list":{"0":"post-315405","1":"product","2":"type-product","3":"status-publish","4":"has-post-thumbnail","6":"product_cat-ivairus-38","7":"product_cat-kitos-prekes","8":"product_cat-pomegiu-prekes","10":"first","11":"instock","12":"taxable","13":"shipping-taxable","14":"product-type-simple"},"acf":[],"yoast_head":"<!-- This site is optimized with the Yoast SEO plugin v24.1 - https:\/\/yoast.com\/wordpress\/plugins\/seo\/ -->\n<title>Perk\u0117limo folija Rayher &#8211; Skizze<\/title>\n<meta name=\"robots\" content=\"noindex, follow, max-snippet:-1, max-image-preview:large, max-video-preview:-1\" \/>\n<meta property=\"og:locale\" content=\"lt_LT\" \/>\n<meta property=\"og:type\" content=\"article\" \/>\n<meta property=\"og:title\" content=\"Perk\u0117limo folija Rayher &#8211; Skizze\" \/>\n<meta property=\"og:description\" content=\"Kopijavimo pl\u0117vele \u201eRayher\u201c greitai ir paprastai perkelsite norim\u0105 atvaizd\u0105 ant \u017evaki\u0173 arba kit\u0173 lygi\u0173 ne\u012fgerian\u010di\u0173 pavir\u0161i\u0173. Neapverst\u0105 atvaizd\u0105 perkelkite ant blizgios kopijavimo pl\u0117vel\u0117s pus\u0117s, 30\u201360 sekund\u0117ms panardinkite \u012f drungn\u0105 vanden\u012f, kol pl\u0117vel\u0117 atsiskirs ir tada tiesiog perkelkite j\u0105 ant \u017evak\u0117s. Ant pl\u0117vel\u0117s atvaizd\u0105 galima perkelti lazeriniame spausdintuve arba kopijavimo \u012frenginyje (maks. b\u016bgninio cilindro temperat\u016bra 170\u00b0C), popieriaus storis \u2013 apie 185g\/m2.\" \/>\n<meta property=\"og:url\" content=\"https:\/\/hobstop.ee\/lt\/produktas\/perkelimo-folija-rayher\/\" \/>\n<meta property=\"og:site_name\" content=\"Skizze\" \/>\n<meta property=\"article:publisher\" content=\"http:\/\/www.facebook.com\/VunderSkizze\" \/>\n<meta property=\"og:image\" content=\"https:\/\/hobstop.ee\/media\/4867.jpg\" \/>\n\t<meta property=\"og:image:width\" content=\"1024\" \/>\n\t<meta property=\"og:image:height\" content=\"768\" \/>\n\t<meta property=\"og:image:type\" content=\"image\/jpeg\" \/>\n<meta name=\"twitter:card\" content=\"summary_large_image\" \/>\n<script type=\"application\/ld+json\" class=\"yoast-schema-graph\">{\"@context\":\"https:\/\/schema.org\",\"@graph\":[{\"@type\":\"WebPage\",\"@id\":\"https:\/\/hobstop.ee\/lt\/produktas\/perkelimo-folija-rayher\/\",\"url\":\"https:\/\/hobstop.ee\/lt\/produktas\/perkelimo-folija-rayher\/\",\"name\":\"Perk\u0117limo folija Rayher &#8211; Skizze\",\"isPartOf\":{\"@id\":\"https:\/\/hobstop.ee\/lt\/#website\"},\"primaryImageOfPage\":{\"@id\":\"https:\/\/hobstop.ee\/lt\/produktas\/perkelimo-folija-rayher\/#primaryimage\"},\"image\":{\"@id\":\"https:\/\/hobstop.ee\/lt\/produktas\/perkelimo-folija-rayher\/#primaryimage\"},\"thumbnailUrl\":\"https:\/\/hobstop.ee\/media\/4867.jpg\",\"datePublished\":\"2018-08-18T15:51:26+00:00\",\"dateModified\":\"2018-08-18T15:51:26+00:00\",\"breadcrumb\":{\"@id\":\"https:\/\/hobstop.ee\/lt\/produktas\/perkelimo-folija-rayher\/#breadcrumb\"},\"inLanguage\":\"lt\",\"potentialAction\":[{\"@type\":\"ReadAction\",\"target\":[\"https:\/\/hobstop.ee\/lt\/produktas\/perkelimo-folija-rayher\/\"]}]},{\"@type\":\"ImageObject\",\"inLanguage\":\"lt\",\"@id\":\"https:\/\/hobstop.ee\/lt\/produktas\/perkelimo-folija-rayher\/#primaryimage\",\"url\":\"https:\/\/hobstop.ee\/media\/4867.jpg\",\"contentUrl\":\"https:\/\/hobstop.ee\/media\/4867.jpg\",\"width\":1024,\"height\":768},{\"@type\":\"BreadcrumbList\",\"@id\":\"https:\/\/hobstop.ee\/lt\/produktas\/perkelimo-folija-rayher\/#breadcrumb\",\"itemListElement\":[{\"@type\":\"ListItem\",\"position\":1,\"name\":\"Avaleht\",\"item\":\"https:\/\/hobstop.ee\/lt\/\"},{\"@type\":\"ListItem\",\"position\":2,\"name\":\"Parduotuv\u0117\",\"item\":\"https:\/\/hobstop.ee\/lt\/parduotuve\/\"},{\"@type\":\"ListItem\",\"position\":3,\"name\":\"Perk\u0117limo folija Rayher\"}]},{\"@type\":\"WebSite\",\"@id\":\"https:\/\/hobstop.ee\/lt\/#website\",\"url\":\"https:\/\/hobstop.ee\/lt\/\",\"name\":\"Skizze\",\"description\":\"Dail\u0117s, pom\u0117gi\u0173 ir mokykliniai reikm\u0117nys\",\"publisher\":{\"@id\":\"https:\/\/hobstop.ee\/lt\/#organization\"},\"potentialAction\":[{\"@type\":\"SearchAction\",\"target\":{\"@type\":\"EntryPoint\",\"urlTemplate\":\"https:\/\/hobstop.ee\/lt\/?s={search_term_string}\"},\"query-input\":{\"@type\":\"PropertyValueSpecification\",\"valueRequired\":true,\"valueName\":\"search_term_string\"}}],\"inLanguage\":\"lt\"},{\"@type\":\"Organization\",\"@id\":\"https:\/\/hobstop.ee\/lt\/#organization\",\"name\":\"Vunder AS\",\"url\":\"https:\/\/hobstop.ee\/lt\/\",\"logo\":{\"@type\":\"ImageObject\",\"inLanguage\":\"lt\",\"@id\":\"https:\/\/hobstop.ee\/lt\/#\/schema\/logo\/image\/\",\"url\":\"https:\/\/hobstop.ee\/media\/vunder-logo.png\",\"contentUrl\":\"https:\/\/hobstop.ee\/media\/vunder-logo.png\",\"width\":127,\"height\":55,\"caption\":\"Vunder AS\"},\"image\":{\"@id\":\"https:\/\/hobstop.ee\/lt\/#\/schema\/logo\/image\/\"},\"sameAs\":[\"http:\/\/www.facebook.com\/VunderSkizze\"]}]}<\/script>\n<!-- \/ Yoast SEO plugin. -->","yoast_head_json":{"title":"Perk\u0117limo folija Rayher &#8211; Skizze","robots":{"index":"noindex","follow":"follow","max-snippet":"max-snippet:-1","max-image-preview":"max-image-preview:large","max-video-preview":"max-video-preview:-1"},"og_locale":"lt_LT","og_type":"article","og_title":"Perk\u0117limo folija Rayher &#8211; Skizze","og_description":"Kopijavimo pl\u0117vele \u201eRayher\u201c greitai ir paprastai perkelsite norim\u0105 atvaizd\u0105 ant \u017evaki\u0173 arba kit\u0173 lygi\u0173 ne\u012fgerian\u010di\u0173 pavir\u0161i\u0173. Neapverst\u0105 atvaizd\u0105 perkelkite ant blizgios kopijavimo pl\u0117vel\u0117s pus\u0117s, 30\u201360 sekund\u0117ms panardinkite \u012f drungn\u0105 vanden\u012f, kol pl\u0117vel\u0117 atsiskirs ir tada tiesiog perkelkite j\u0105 ant \u017evak\u0117s. Ant pl\u0117vel\u0117s atvaizd\u0105 galima perkelti lazeriniame spausdintuve arba kopijavimo \u012frenginyje (maks. b\u016bgninio cilindro temperat\u016bra 170\u00b0C), popieriaus storis \u2013 apie 185g\/m2.","og_url":"https:\/\/hobstop.ee\/lt\/produktas\/perkelimo-folija-rayher\/","og_site_name":"Skizze","article_publisher":"http:\/\/www.facebook.com\/VunderSkizze","og_image":[{"width":1024,"height":768,"url":"https:\/\/hobstop.ee\/media\/4867.jpg","type":"image\/jpeg"}],"twitter_card":"summary_large_image","schema":{"@context":"https:\/\/schema.org","@graph":[{"@type":"WebPage","@id":"https:\/\/hobstop.ee\/lt\/produktas\/perkelimo-folija-rayher\/","url":"https:\/\/hobstop.ee\/lt\/produktas\/perkelimo-folija-rayher\/","name":"Perk\u0117limo folija Rayher &#8211; Skizze","isPartOf":{"@id":"https:\/\/hobstop.ee\/lt\/#website"},"primaryImageOfPage":{"@id":"https:\/\/hobstop.ee\/lt\/produktas\/perkelimo-folija-rayher\/#primaryimage"},"image":{"@id":"https:\/\/hobstop.ee\/lt\/produktas\/perkelimo-folija-rayher\/#primaryimage"},"thumbnailUrl":"https:\/\/hobstop.ee\/media\/4867.jpg","datePublished":"2018-08-18T15:51:26+00:00","dateModified":"2018-08-18T15:51:26+00:00","breadcrumb":{"@id":"https:\/\/hobstop.ee\/lt\/produktas\/perkelimo-folija-rayher\/#breadcrumb"},"inLanguage":"lt","potentialAction":[{"@type":"ReadAction","target":["https:\/\/hobstop.ee\/lt\/produktas\/perkelimo-folija-rayher\/"]}]},{"@type":"ImageObject","inLanguage":"lt","@id":"https:\/\/hobstop.ee\/lt\/produktas\/perkelimo-folija-rayher\/#primaryimage","url":"https:\/\/hobstop.ee\/media\/4867.jpg","contentUrl":"https:\/\/hobstop.ee\/media\/4867.jpg","width":1024,"height":768},{"@type":"BreadcrumbList","@id":"https:\/\/hobstop.ee\/lt\/produktas\/perkelimo-folija-rayher\/#breadcrumb","itemListElement":[{"@type":"ListItem","position":1,"name":"Avaleht","item":"https:\/\/hobstop.ee\/lt\/"},{"@type":"ListItem","position":2,"name":"Parduotuv\u0117","item":"https:\/\/hobstop.ee\/lt\/parduotuve\/"},{"@type":"ListItem","position":3,"name":"Perk\u0117limo folija Rayher"}]},{"@type":"WebSite","@id":"https:\/\/hobstop.ee\/lt\/#website","url":"https:\/\/hobstop.ee\/lt\/","name":"Skizze","description":"Dail\u0117s, pom\u0117gi\u0173 ir mokykliniai reikm\u0117nys","publisher":{"@id":"https:\/\/hobstop.ee\/lt\/#organization"},"potentialAction":[{"@type":"SearchAction","target":{"@type":"EntryPoint","urlTemplate":"https:\/\/hobstop.ee\/lt\/?s={search_term_string}"},"query-input":{"@type":"PropertyValueSpecification","valueRequired":true,"valueName":"search_term_string"}}],"inLanguage":"lt"},{"@type":"Organization","@id":"https:\/\/hobstop.ee\/lt\/#organization","name":"Vunder AS","url":"https:\/\/hobstop.ee\/lt\/","logo":{"@type":"ImageObject","inLanguage":"lt","@id":"https:\/\/hobstop.ee\/lt\/#\/schema\/logo\/image\/","url":"https:\/\/hobstop.ee\/media\/vunder-logo.png","contentUrl":"https:\/\/hobstop.ee\/media\/vunder-logo.png","width":127,"height":55,"caption":"Vunder AS"},"image":{"@id":"https:\/\/hobstop.ee\/lt\/#\/schema\/logo\/image\/"},"sameAs":["http:\/\/www.facebook.com\/VunderSkizze"]}]}},"_links":{"self":[{"href":"https:\/\/hobstop.ee\/lt\/wp-json\/wp\/v2\/product\/315405","targetHints":{"allow":["GET"]}}],"collection":[{"href":"https:\/\/hobstop.ee\/lt\/wp-json\/wp\/v2\/product"}],"about":[{"href":"https:\/\/hobstop.ee\/lt\/wp-json\/wp\/v2\/types\/product"}],"replies":[{"embeddable":true,"href":"https:\/\/hobstop.ee\/lt\/wp-json\/wp\/v2\/comments?post=315405"}],"wp:featuredmedia":[{"embeddable":true,"href":"https:\/\/hobstop.ee\/lt\/wp-json\/wp\/v2\/media\/315441"}],"wp:attachment":[{"href":"https:\/\/hobstop.ee\/lt\/wp-json\/wp\/v2\/media?parent=315405"}],"wp:term":[{"taxonomy":"product_cat","embeddable":true,"href":"https:\/\/hobstop.ee\/lt\/wp-json\/wp\/v2\/product_cat?post=315405"},{"taxonomy":"product_tag","embeddable":true,"href":"https:\/\/hobstop.ee\/lt\/wp-json\/wp\/v2\/product_tag?post=315405"}],"curies":[{"name":"wp","href":"https:\/\/api.w.org\/{rel}","templated":true}]}}