{"id":317475,"date":"2018-09-05T13:44:47","date_gmt":"2018-09-05T10:44:47","guid":{"rendered":"https:\/\/sharks.ee\/vunder_2019\/lt\/product\/dekoratyviniai-dazai-aladine-izink-diamond-80ml\/"},"modified":"2018-09-05T13:44:47","modified_gmt":"2018-09-05T10:44:47","slug":"dekoratyviniai-dazai-aladine-izink-diamond-80ml","status":"publish","type":"product","link":"https:\/\/hobstop.ee\/lt\/produktas\/dekoratyviniai-dazai-aladine-izink-diamond-80ml\/","title":{"rendered":"Dekoratyviniai da\u017eai Aladine Izink Diamond 80ml"},"content":{"rendered":"<p>Daugiafunkciai blizgantys da\u017eai ir pasta viename \u201eAladine Izink Diamond\u201c. Unikalios sud\u0117ties, kuri u\u017etikrina, kad da\u017eai tvirtai priglus prie bet kokio pavir\u0161iaus, taip pat ir audinio \u2013 \u0161iais da\u017eais galite da\u017eyti beveik visk\u0105! Da\u017eydami pavir\u0161ius, naudokite teptuk\u0105 arba trafaretus, kad sukurtum\u0117te nuostabias, blizgias detales.  Patvariais da\u017eais \u201eAladine Izink Diamond\u201c nuda\u017eytus audinius galima skalbti skalbimo ma\u0161inoje 40 laipsni\u0173 temperat\u016bros vandenyje (prie\u0161 dedant \u012f skalbimo ma\u0161in\u0105, audin\u012f reikia ne ma\u017eiau kaip 5 minutes u\u017elyginti lygintuvu. Lygindami u\u017ed\u0117kite ant da\u017eyto audinio kit\u0105 audin\u012f, kad apsaugotum\u0117te lygintuv\u0105). Mai\u0161elis leid\u017eia lengvai dengti pavir\u0161ius ir yra pakartotinai perdirbamas, tod\u0117l nelieka atliek\u0173.<\/p>\n","protected":false},"excerpt":{"rendered":"<p>Daugiafunkciai blizgantys da\u017eai ir pasta viename \u201eAladine Izink Diamond\u201c. Unikalios sud\u0117ties, kuri u\u017etikrina, kad da\u017eai tvirtai priglus prie bet kokio pavir\u0161iaus, taip pat ir audinio \u2013 \u0161iais da\u017eais galite da\u017eyti beveik visk\u0105! Da\u017eydami pavir\u0161ius, naudokite teptuk\u0105 arba trafaretus, kad sukurtum\u0117te nuostabias, blizgias detales. Patvariais da\u017eais \u201eAladine Izink Diamond\u201c nuda\u017eytus audinius galima skalbti skalbimo ma\u0161inoje 40 laipsni\u0173 temperat\u016bros vandenyje (prie\u0161 dedant \u012f skalbimo ma\u0161in\u0105, audin\u012f reikia ne ma\u017eiau kaip 5 minutes u\u017elyginti lygintuvu. Lygindami u\u017ed\u0117kite ant da\u017eyto audinio kit\u0105 audin\u012f, kad apsaugotum\u0117te lygintuv\u0105). Mai\u0161elis leid\u017eia lengvai dengti pavir\u0161ius ir yra pakartotinai perdirbamas, tod\u0117l nelieka atliek\u0173.<\/p>\n","protected":false},"featured_media":317768,"comment_status":"closed","ping_status":"closed","template":"","meta":{"_acf_changed":false,"ep_exclude_from_search":false},"product_cat":[18202,239,17919],"product_tag":[],"class_list":{"0":"post-317475","1":"product","2":"type-product","3":"status-publish","4":"has-post-thumbnail","6":"product_cat-dekoratyviniai-dazai","7":"product_cat-aerosoolvarvid","8":"product_cat-pomegiu-prekes","10":"first","11":"instock","12":"taxable","13":"shipping-taxable","14":"purchasable","15":"product-type-simple"},"acf":[],"yoast_head":"<!-- This site is optimized with the Yoast SEO plugin v24.1 - https:\/\/yoast.com\/wordpress\/plugins\/seo\/ -->\n<title>Dekoratyviniai da\u017eai Aladine Izink Diamond 80ml &#8211; Skizze<\/title>\n<meta name=\"robots\" content=\"noindex, follow, max-snippet:-1, max-image-preview:large, max-video-preview:-1\" \/>\n<meta property=\"og:locale\" content=\"lt_LT\" \/>\n<meta property=\"og:type\" content=\"article\" \/>\n<meta property=\"og:title\" content=\"Dekoratyviniai da\u017eai Aladine Izink Diamond 80ml &#8211; Skizze\" \/>\n<meta property=\"og:description\" content=\"Daugiafunkciai blizgantys da\u017eai ir pasta viename \u201eAladine Izink Diamond\u201c. Unikalios sud\u0117ties, kuri u\u017etikrina, kad da\u017eai tvirtai priglus prie bet kokio pavir\u0161iaus, taip pat ir audinio \u2013 \u0161iais da\u017eais galite da\u017eyti beveik visk\u0105! Da\u017eydami pavir\u0161ius, naudokite teptuk\u0105 arba trafaretus, kad sukurtum\u0117te nuostabias, blizgias detales. Patvariais da\u017eais \u201eAladine Izink Diamond\u201c nuda\u017eytus audinius galima skalbti skalbimo ma\u0161inoje 40 laipsni\u0173 temperat\u016bros vandenyje (prie\u0161 dedant \u012f skalbimo ma\u0161in\u0105, audin\u012f reikia ne ma\u017eiau kaip 5 minutes u\u017elyginti lygintuvu. Lygindami u\u017ed\u0117kite ant da\u017eyto audinio kit\u0105 audin\u012f, kad apsaugotum\u0117te lygintuv\u0105). Mai\u0161elis leid\u017eia lengvai dengti pavir\u0161ius ir yra pakartotinai perdirbamas, tod\u0117l nelieka atliek\u0173.\" \/>\n<meta property=\"og:url\" content=\"https:\/\/hobstop.ee\/lt\/produktas\/dekoratyviniai-dazai-aladine-izink-diamond-80ml\/\" \/>\n<meta property=\"og:site_name\" content=\"Skizze\" \/>\n<meta property=\"article:publisher\" content=\"http:\/\/www.facebook.com\/VunderSkizze\" \/>\n<meta property=\"og:image\" content=\"https:\/\/hobstop.ee\/media\/4778.jpg\" \/>\n\t<meta property=\"og:image:width\" content=\"1024\" \/>\n\t<meta property=\"og:image:height\" content=\"768\" \/>\n\t<meta property=\"og:image:type\" content=\"image\/jpeg\" \/>\n<meta name=\"twitter:card\" content=\"summary_large_image\" \/>\n<meta name=\"twitter:label1\" content=\"Est. reading time\" \/>\n\t<meta name=\"twitter:data1\" content=\"1 minute\" \/>\n<script type=\"application\/ld+json\" class=\"yoast-schema-graph\">{\"@context\":\"https:\/\/schema.org\",\"@graph\":[{\"@type\":\"WebPage\",\"@id\":\"https:\/\/hobstop.ee\/lt\/produktas\/dekoratyviniai-dazai-aladine-izink-diamond-80ml\/\",\"url\":\"https:\/\/hobstop.ee\/lt\/produktas\/dekoratyviniai-dazai-aladine-izink-diamond-80ml\/\",\"name\":\"Dekoratyviniai da\u017eai Aladine Izink Diamond 80ml &#8211; Skizze\",\"isPartOf\":{\"@id\":\"https:\/\/hobstop.ee\/lt\/#website\"},\"primaryImageOfPage\":{\"@id\":\"https:\/\/hobstop.ee\/lt\/produktas\/dekoratyviniai-dazai-aladine-izink-diamond-80ml\/#primaryimage\"},\"image\":{\"@id\":\"https:\/\/hobstop.ee\/lt\/produktas\/dekoratyviniai-dazai-aladine-izink-diamond-80ml\/#primaryimage\"},\"thumbnailUrl\":\"https:\/\/hobstop.ee\/media\/4778.jpg\",\"datePublished\":\"2018-09-05T10:44:47+00:00\",\"dateModified\":\"2018-09-05T10:44:47+00:00\",\"breadcrumb\":{\"@id\":\"https:\/\/hobstop.ee\/lt\/produktas\/dekoratyviniai-dazai-aladine-izink-diamond-80ml\/#breadcrumb\"},\"inLanguage\":\"lt\",\"potentialAction\":[{\"@type\":\"ReadAction\",\"target\":[\"https:\/\/hobstop.ee\/lt\/produktas\/dekoratyviniai-dazai-aladine-izink-diamond-80ml\/\"]}]},{\"@type\":\"ImageObject\",\"inLanguage\":\"lt\",\"@id\":\"https:\/\/hobstop.ee\/lt\/produktas\/dekoratyviniai-dazai-aladine-izink-diamond-80ml\/#primaryimage\",\"url\":\"https:\/\/hobstop.ee\/media\/4778.jpg\",\"contentUrl\":\"https:\/\/hobstop.ee\/media\/4778.jpg\",\"width\":1024,\"height\":768},{\"@type\":\"BreadcrumbList\",\"@id\":\"https:\/\/hobstop.ee\/lt\/produktas\/dekoratyviniai-dazai-aladine-izink-diamond-80ml\/#breadcrumb\",\"itemListElement\":[{\"@type\":\"ListItem\",\"position\":1,\"name\":\"Avaleht\",\"item\":\"https:\/\/hobstop.ee\/lt\/\"},{\"@type\":\"ListItem\",\"position\":2,\"name\":\"Parduotuv\u0117\",\"item\":\"https:\/\/hobstop.ee\/lt\/parduotuve\/\"},{\"@type\":\"ListItem\",\"position\":3,\"name\":\"Dekoratyviniai da\u017eai Aladine Izink Diamond 80ml\"}]},{\"@type\":\"WebSite\",\"@id\":\"https:\/\/hobstop.ee\/lt\/#website\",\"url\":\"https:\/\/hobstop.ee\/lt\/\",\"name\":\"Skizze\",\"description\":\"Dail\u0117s, pom\u0117gi\u0173 ir mokykliniai reikm\u0117nys\",\"publisher\":{\"@id\":\"https:\/\/hobstop.ee\/lt\/#organization\"},\"potentialAction\":[{\"@type\":\"SearchAction\",\"target\":{\"@type\":\"EntryPoint\",\"urlTemplate\":\"https:\/\/hobstop.ee\/lt\/?s={search_term_string}\"},\"query-input\":{\"@type\":\"PropertyValueSpecification\",\"valueRequired\":true,\"valueName\":\"search_term_string\"}}],\"inLanguage\":\"lt\"},{\"@type\":\"Organization\",\"@id\":\"https:\/\/hobstop.ee\/lt\/#organization\",\"name\":\"Vunder AS\",\"url\":\"https:\/\/hobstop.ee\/lt\/\",\"logo\":{\"@type\":\"ImageObject\",\"inLanguage\":\"lt\",\"@id\":\"https:\/\/hobstop.ee\/lt\/#\/schema\/logo\/image\/\",\"url\":\"https:\/\/hobstop.ee\/media\/vunder-logo.png\",\"contentUrl\":\"https:\/\/hobstop.ee\/media\/vunder-logo.png\",\"width\":127,\"height\":55,\"caption\":\"Vunder AS\"},\"image\":{\"@id\":\"https:\/\/hobstop.ee\/lt\/#\/schema\/logo\/image\/\"},\"sameAs\":[\"http:\/\/www.facebook.com\/VunderSkizze\"]}]}<\/script>\n<!-- \/ Yoast SEO plugin. -->","yoast_head_json":{"title":"Dekoratyviniai da\u017eai Aladine Izink Diamond 80ml &#8211; Skizze","robots":{"index":"noindex","follow":"follow","max-snippet":"max-snippet:-1","max-image-preview":"max-image-preview:large","max-video-preview":"max-video-preview:-1"},"og_locale":"lt_LT","og_type":"article","og_title":"Dekoratyviniai da\u017eai Aladine Izink Diamond 80ml &#8211; Skizze","og_description":"Daugiafunkciai blizgantys da\u017eai ir pasta viename \u201eAladine Izink Diamond\u201c. Unikalios sud\u0117ties, kuri u\u017etikrina, kad da\u017eai tvirtai priglus prie bet kokio pavir\u0161iaus, taip pat ir audinio \u2013 \u0161iais da\u017eais galite da\u017eyti beveik visk\u0105! Da\u017eydami pavir\u0161ius, naudokite teptuk\u0105 arba trafaretus, kad sukurtum\u0117te nuostabias, blizgias detales. Patvariais da\u017eais \u201eAladine Izink Diamond\u201c nuda\u017eytus audinius galima skalbti skalbimo ma\u0161inoje 40 laipsni\u0173 temperat\u016bros vandenyje (prie\u0161 dedant \u012f skalbimo ma\u0161in\u0105, audin\u012f reikia ne ma\u017eiau kaip 5 minutes u\u017elyginti lygintuvu. Lygindami u\u017ed\u0117kite ant da\u017eyto audinio kit\u0105 audin\u012f, kad apsaugotum\u0117te lygintuv\u0105). Mai\u0161elis leid\u017eia lengvai dengti pavir\u0161ius ir yra pakartotinai perdirbamas, tod\u0117l nelieka atliek\u0173.","og_url":"https:\/\/hobstop.ee\/lt\/produktas\/dekoratyviniai-dazai-aladine-izink-diamond-80ml\/","og_site_name":"Skizze","article_publisher":"http:\/\/www.facebook.com\/VunderSkizze","og_image":[{"width":1024,"height":768,"url":"https:\/\/hobstop.ee\/media\/4778.jpg","type":"image\/jpeg"}],"twitter_card":"summary_large_image","twitter_misc":{"Est. reading time":"1 minute"},"schema":{"@context":"https:\/\/schema.org","@graph":[{"@type":"WebPage","@id":"https:\/\/hobstop.ee\/lt\/produktas\/dekoratyviniai-dazai-aladine-izink-diamond-80ml\/","url":"https:\/\/hobstop.ee\/lt\/produktas\/dekoratyviniai-dazai-aladine-izink-diamond-80ml\/","name":"Dekoratyviniai da\u017eai Aladine Izink Diamond 80ml &#8211; Skizze","isPartOf":{"@id":"https:\/\/hobstop.ee\/lt\/#website"},"primaryImageOfPage":{"@id":"https:\/\/hobstop.ee\/lt\/produktas\/dekoratyviniai-dazai-aladine-izink-diamond-80ml\/#primaryimage"},"image":{"@id":"https:\/\/hobstop.ee\/lt\/produktas\/dekoratyviniai-dazai-aladine-izink-diamond-80ml\/#primaryimage"},"thumbnailUrl":"https:\/\/hobstop.ee\/media\/4778.jpg","datePublished":"2018-09-05T10:44:47+00:00","dateModified":"2018-09-05T10:44:47+00:00","breadcrumb":{"@id":"https:\/\/hobstop.ee\/lt\/produktas\/dekoratyviniai-dazai-aladine-izink-diamond-80ml\/#breadcrumb"},"inLanguage":"lt","potentialAction":[{"@type":"ReadAction","target":["https:\/\/hobstop.ee\/lt\/produktas\/dekoratyviniai-dazai-aladine-izink-diamond-80ml\/"]}]},{"@type":"ImageObject","inLanguage":"lt","@id":"https:\/\/hobstop.ee\/lt\/produktas\/dekoratyviniai-dazai-aladine-izink-diamond-80ml\/#primaryimage","url":"https:\/\/hobstop.ee\/media\/4778.jpg","contentUrl":"https:\/\/hobstop.ee\/media\/4778.jpg","width":1024,"height":768},{"@type":"BreadcrumbList","@id":"https:\/\/hobstop.ee\/lt\/produktas\/dekoratyviniai-dazai-aladine-izink-diamond-80ml\/#breadcrumb","itemListElement":[{"@type":"ListItem","position":1,"name":"Avaleht","item":"https:\/\/hobstop.ee\/lt\/"},{"@type":"ListItem","position":2,"name":"Parduotuv\u0117","item":"https:\/\/hobstop.ee\/lt\/parduotuve\/"},{"@type":"ListItem","position":3,"name":"Dekoratyviniai da\u017eai Aladine Izink Diamond 80ml"}]},{"@type":"WebSite","@id":"https:\/\/hobstop.ee\/lt\/#website","url":"https:\/\/hobstop.ee\/lt\/","name":"Skizze","description":"Dail\u0117s, pom\u0117gi\u0173 ir mokykliniai reikm\u0117nys","publisher":{"@id":"https:\/\/hobstop.ee\/lt\/#organization"},"potentialAction":[{"@type":"SearchAction","target":{"@type":"EntryPoint","urlTemplate":"https:\/\/hobstop.ee\/lt\/?s={search_term_string}"},"query-input":{"@type":"PropertyValueSpecification","valueRequired":true,"valueName":"search_term_string"}}],"inLanguage":"lt"},{"@type":"Organization","@id":"https:\/\/hobstop.ee\/lt\/#organization","name":"Vunder AS","url":"https:\/\/hobstop.ee\/lt\/","logo":{"@type":"ImageObject","inLanguage":"lt","@id":"https:\/\/hobstop.ee\/lt\/#\/schema\/logo\/image\/","url":"https:\/\/hobstop.ee\/media\/vunder-logo.png","contentUrl":"https:\/\/hobstop.ee\/media\/vunder-logo.png","width":127,"height":55,"caption":"Vunder AS"},"image":{"@id":"https:\/\/hobstop.ee\/lt\/#\/schema\/logo\/image\/"},"sameAs":["http:\/\/www.facebook.com\/VunderSkizze"]}]}},"_links":{"self":[{"href":"https:\/\/hobstop.ee\/lt\/wp-json\/wp\/v2\/product\/317475","targetHints":{"allow":["GET"]}}],"collection":[{"href":"https:\/\/hobstop.ee\/lt\/wp-json\/wp\/v2\/product"}],"about":[{"href":"https:\/\/hobstop.ee\/lt\/wp-json\/wp\/v2\/types\/product"}],"replies":[{"embeddable":true,"href":"https:\/\/hobstop.ee\/lt\/wp-json\/wp\/v2\/comments?post=317475"}],"wp:featuredmedia":[{"embeddable":true,"href":"https:\/\/hobstop.ee\/lt\/wp-json\/wp\/v2\/media\/317768"}],"wp:attachment":[{"href":"https:\/\/hobstop.ee\/lt\/wp-json\/wp\/v2\/media?parent=317475"}],"wp:term":[{"taxonomy":"product_cat","embeddable":true,"href":"https:\/\/hobstop.ee\/lt\/wp-json\/wp\/v2\/product_cat?post=317475"},{"taxonomy":"product_tag","embeddable":true,"href":"https:\/\/hobstop.ee\/lt\/wp-json\/wp\/v2\/product_tag?post=317475"}],"curies":[{"name":"wp","href":"https:\/\/api.w.org\/{rel}","templated":true}]}}