{"id":317507,"date":"2018-09-05T13:44:54","date_gmt":"2018-09-05T10:44:54","guid":{"rendered":"https:\/\/sharks.ee\/vunder_2019\/lt\/product\/bambukinis-dubenelis-rayher\/"},"modified":"2018-09-05T13:44:54","modified_gmt":"2018-09-05T10:44:54","slug":"bambukinis-dubenelis-rayher","status":"publish","type":"product","link":"https:\/\/hobstop.ee\/lt\/produktas\/bambukinis-dubenelis-rayher\/","title":{"rendered":"Bambukinis duben\u0117lis Rayher"},"content":{"rendered":"<p>Pakartotinai naudojami produktai i\u0161 bambuko \u201eRayher\u201c suteikia daugiau galimybi\u0173 k\u016brybi\u0161kumui ir didesniam tvarumui! Daugyb\u0117 k\u016brybing\u0173 galimybi\u0173 dekoruoti nat\u016bralius bambuko gaminius: juos galima nuda\u017eyti kreidos da\u017eais, matiniais ar blizgiais rankdarbi\u0173 da\u017eais, markeriais, papuo\u0161ti lipdukais ir t.t. (da\u017e\u0173 negalima kaitinti, nes \u0161i med\u017eiaga n\u0117ra tinkama naudoti orkait\u0117je). Atsi\u017evelgiant \u012f ekologin\u0119 atsakomyb\u0119 prie\u0161 i\u0161tekli\u0173 \u0161vaistym\u0105 ir \u012f vis augan\u010dius \u0161iuk\u0161li\u0173 kalnus, pakartotinai naudojami bambuko produktai yra puiki galimyb\u0117 prisid\u0117ti prie aplinkos i\u0161saugojimo!<br \/>\n&#8211; Bambukai auga greitai, tod\u0117l yra tausojami svarb\u016bs resursai<br \/>\n&#8211; Galima d\u0117ti maist\u0105, neutralaus skonio<br \/>\n&#8211; Galima plauti indaplov\u0117je<br \/>\n&#8211; Lengvi, ta\u010diau nel\u016b\u017eta<br \/>\n&#8211; Galima priderinti savo skoniui<br \/>\n&#8211; 50% bambuko, 30% kukur\u016bz\u0173 krakmolo ir tik 20% melanino<br \/>\n&#8211; Netinka mikrobang\u0173 krosnelei ir orkaitei<\/p>\n","protected":false},"excerpt":{"rendered":"<p>Pakartotinai naudojami produktai i\u0161 bambuko \u201eRayher\u201c suteikia daugiau galimybi\u0173 k\u016brybi\u0161kumui ir didesniam tvarumui! Daugyb\u0117 k\u016brybing\u0173 galimybi\u0173 dekoruoti nat\u016bralius bambuko gaminius: juos galima nuda\u017eyti kreidos da\u017eais, matiniais ar blizgiais rankdarbi\u0173 da\u017eais, markeriais, papuo\u0161ti lipdukais ir t.t. (da\u017e\u0173 negalima kaitinti, nes \u0161i med\u017eiaga n\u0117ra tinkama naudoti orkait\u0117je). Atsi\u017evelgiant \u012f ekologin\u0119 atsakomyb\u0119 prie\u0161 i\u0161tekli\u0173 \u0161vaistym\u0105 ir \u012f vis augan\u010dius \u0161iuk\u0161li\u0173 kalnus, pakartotinai naudojami bambuko produktai yra puiki galimyb\u0117 prisid\u0117ti prie aplinkos i\u0161saugojimo! &#8211; Bambukai auga greitai, tod\u0117l yra tausojami svarb\u016bs resursai &#8211; Galima d\u0117ti maist\u0105, neutralaus skonio &#8211; Galima plauti indaplov\u0117je &#8211; Lengvi, ta\u010diau nel\u016b\u017eta &#8211; Galima priderinti savo skoniui &#8211; 50% bambuko, 30% kukur\u016bz\u0173 krakmolo ir tik 20% melanino &#8211; Netinka mikrobang\u0173 krosnelei ir orkaitei<\/p>\n","protected":false},"featured_media":317800,"comment_status":"closed","ping_status":"closed","template":"","meta":{"_acf_changed":false,"ep_exclude_from_search":false},"product_cat":[20156,17919,14986],"product_tag":[],"class_list":{"0":"post-317507","1":"product","2":"type-product","3":"status-publish","4":"has-post-thumbnail","6":"product_cat-medis","7":"product_cat-pomegiu-prekes","8":"product_cat-ruosinys","10":"first","11":"instock","12":"taxable","13":"shipping-taxable","14":"product-type-simple"},"acf":[],"yoast_head":"<!-- This site is optimized with the Yoast SEO plugin v24.1 - https:\/\/yoast.com\/wordpress\/plugins\/seo\/ -->\n<title>Bambukinis duben\u0117lis Rayher &#8211; Skizze<\/title>\n<meta name=\"robots\" content=\"noindex, follow, max-snippet:-1, max-image-preview:large, max-video-preview:-1\" \/>\n<meta property=\"og:locale\" content=\"lt_LT\" \/>\n<meta property=\"og:type\" content=\"article\" \/>\n<meta property=\"og:title\" content=\"Bambukinis duben\u0117lis Rayher &#8211; Skizze\" \/>\n<meta property=\"og:description\" content=\"Pakartotinai naudojami produktai i\u0161 bambuko \u201eRayher\u201c suteikia daugiau galimybi\u0173 k\u016brybi\u0161kumui ir didesniam tvarumui! Daugyb\u0117 k\u016brybing\u0173 galimybi\u0173 dekoruoti nat\u016bralius bambuko gaminius: juos galima nuda\u017eyti kreidos da\u017eais, matiniais ar blizgiais rankdarbi\u0173 da\u017eais, markeriais, papuo\u0161ti lipdukais ir t.t. (da\u017e\u0173 negalima kaitinti, nes \u0161i med\u017eiaga n\u0117ra tinkama naudoti orkait\u0117je). Atsi\u017evelgiant \u012f ekologin\u0119 atsakomyb\u0119 prie\u0161 i\u0161tekli\u0173 \u0161vaistym\u0105 ir \u012f vis augan\u010dius \u0161iuk\u0161li\u0173 kalnus, pakartotinai naudojami bambuko produktai yra puiki galimyb\u0117 prisid\u0117ti prie aplinkos i\u0161saugojimo! &#8211; Bambukai auga greitai, tod\u0117l yra tausojami svarb\u016bs resursai &#8211; Galima d\u0117ti maist\u0105, neutralaus skonio &#8211; Galima plauti indaplov\u0117je &#8211; Lengvi, ta\u010diau nel\u016b\u017eta &#8211; Galima priderinti savo skoniui &#8211; 50% bambuko, 30% kukur\u016bz\u0173 krakmolo ir tik 20% melanino &#8211; Netinka mikrobang\u0173 krosnelei ir orkaitei\" \/>\n<meta property=\"og:url\" content=\"https:\/\/hobstop.ee\/lt\/produktas\/bambukinis-dubenelis-rayher\/\" \/>\n<meta property=\"og:site_name\" content=\"Skizze\" \/>\n<meta property=\"article:publisher\" content=\"http:\/\/www.facebook.com\/VunderSkizze\" \/>\n<meta property=\"og:image\" content=\"https:\/\/hobstop.ee\/media\/4921.jpg\" \/>\n\t<meta property=\"og:image:width\" content=\"1024\" \/>\n\t<meta property=\"og:image:height\" content=\"769\" \/>\n\t<meta property=\"og:image:type\" content=\"image\/jpeg\" \/>\n<meta name=\"twitter:card\" content=\"summary_large_image\" \/>\n<meta name=\"twitter:label1\" content=\"Est. reading time\" \/>\n\t<meta name=\"twitter:data1\" content=\"1 minute\" \/>\n<script type=\"application\/ld+json\" class=\"yoast-schema-graph\">{\"@context\":\"https:\/\/schema.org\",\"@graph\":[{\"@type\":\"WebPage\",\"@id\":\"https:\/\/hobstop.ee\/lt\/produktas\/bambukinis-dubenelis-rayher\/\",\"url\":\"https:\/\/hobstop.ee\/lt\/produktas\/bambukinis-dubenelis-rayher\/\",\"name\":\"Bambukinis duben\u0117lis Rayher &#8211; Skizze\",\"isPartOf\":{\"@id\":\"https:\/\/hobstop.ee\/lt\/#website\"},\"primaryImageOfPage\":{\"@id\":\"https:\/\/hobstop.ee\/lt\/produktas\/bambukinis-dubenelis-rayher\/#primaryimage\"},\"image\":{\"@id\":\"https:\/\/hobstop.ee\/lt\/produktas\/bambukinis-dubenelis-rayher\/#primaryimage\"},\"thumbnailUrl\":\"https:\/\/hobstop.ee\/media\/4921.jpg\",\"datePublished\":\"2018-09-05T10:44:54+00:00\",\"dateModified\":\"2018-09-05T10:44:54+00:00\",\"breadcrumb\":{\"@id\":\"https:\/\/hobstop.ee\/lt\/produktas\/bambukinis-dubenelis-rayher\/#breadcrumb\"},\"inLanguage\":\"lt\",\"potentialAction\":[{\"@type\":\"ReadAction\",\"target\":[\"https:\/\/hobstop.ee\/lt\/produktas\/bambukinis-dubenelis-rayher\/\"]}]},{\"@type\":\"ImageObject\",\"inLanguage\":\"lt\",\"@id\":\"https:\/\/hobstop.ee\/lt\/produktas\/bambukinis-dubenelis-rayher\/#primaryimage\",\"url\":\"https:\/\/hobstop.ee\/media\/4921.jpg\",\"contentUrl\":\"https:\/\/hobstop.ee\/media\/4921.jpg\",\"width\":1024,\"height\":769},{\"@type\":\"BreadcrumbList\",\"@id\":\"https:\/\/hobstop.ee\/lt\/produktas\/bambukinis-dubenelis-rayher\/#breadcrumb\",\"itemListElement\":[{\"@type\":\"ListItem\",\"position\":1,\"name\":\"Avaleht\",\"item\":\"https:\/\/hobstop.ee\/lt\/\"},{\"@type\":\"ListItem\",\"position\":2,\"name\":\"Parduotuv\u0117\",\"item\":\"https:\/\/hobstop.ee\/lt\/parduotuve\/\"},{\"@type\":\"ListItem\",\"position\":3,\"name\":\"Bambukinis duben\u0117lis Rayher\"}]},{\"@type\":\"WebSite\",\"@id\":\"https:\/\/hobstop.ee\/lt\/#website\",\"url\":\"https:\/\/hobstop.ee\/lt\/\",\"name\":\"Skizze\",\"description\":\"Dail\u0117s, pom\u0117gi\u0173 ir mokykliniai reikm\u0117nys\",\"publisher\":{\"@id\":\"https:\/\/hobstop.ee\/lt\/#organization\"},\"potentialAction\":[{\"@type\":\"SearchAction\",\"target\":{\"@type\":\"EntryPoint\",\"urlTemplate\":\"https:\/\/hobstop.ee\/lt\/?s={search_term_string}\"},\"query-input\":{\"@type\":\"PropertyValueSpecification\",\"valueRequired\":true,\"valueName\":\"search_term_string\"}}],\"inLanguage\":\"lt\"},{\"@type\":\"Organization\",\"@id\":\"https:\/\/hobstop.ee\/lt\/#organization\",\"name\":\"Vunder AS\",\"url\":\"https:\/\/hobstop.ee\/lt\/\",\"logo\":{\"@type\":\"ImageObject\",\"inLanguage\":\"lt\",\"@id\":\"https:\/\/hobstop.ee\/lt\/#\/schema\/logo\/image\/\",\"url\":\"https:\/\/hobstop.ee\/media\/vunder-logo.png\",\"contentUrl\":\"https:\/\/hobstop.ee\/media\/vunder-logo.png\",\"width\":127,\"height\":55,\"caption\":\"Vunder AS\"},\"image\":{\"@id\":\"https:\/\/hobstop.ee\/lt\/#\/schema\/logo\/image\/\"},\"sameAs\":[\"http:\/\/www.facebook.com\/VunderSkizze\"]}]}<\/script>\n<!-- \/ Yoast SEO plugin. -->","yoast_head_json":{"title":"Bambukinis duben\u0117lis Rayher &#8211; Skizze","robots":{"index":"noindex","follow":"follow","max-snippet":"max-snippet:-1","max-image-preview":"max-image-preview:large","max-video-preview":"max-video-preview:-1"},"og_locale":"lt_LT","og_type":"article","og_title":"Bambukinis duben\u0117lis Rayher &#8211; Skizze","og_description":"Pakartotinai naudojami produktai i\u0161 bambuko \u201eRayher\u201c suteikia daugiau galimybi\u0173 k\u016brybi\u0161kumui ir didesniam tvarumui! Daugyb\u0117 k\u016brybing\u0173 galimybi\u0173 dekoruoti nat\u016bralius bambuko gaminius: juos galima nuda\u017eyti kreidos da\u017eais, matiniais ar blizgiais rankdarbi\u0173 da\u017eais, markeriais, papuo\u0161ti lipdukais ir t.t. (da\u017e\u0173 negalima kaitinti, nes \u0161i med\u017eiaga n\u0117ra tinkama naudoti orkait\u0117je). Atsi\u017evelgiant \u012f ekologin\u0119 atsakomyb\u0119 prie\u0161 i\u0161tekli\u0173 \u0161vaistym\u0105 ir \u012f vis augan\u010dius \u0161iuk\u0161li\u0173 kalnus, pakartotinai naudojami bambuko produktai yra puiki galimyb\u0117 prisid\u0117ti prie aplinkos i\u0161saugojimo! &#8211; Bambukai auga greitai, tod\u0117l yra tausojami svarb\u016bs resursai &#8211; Galima d\u0117ti maist\u0105, neutralaus skonio &#8211; Galima plauti indaplov\u0117je &#8211; Lengvi, ta\u010diau nel\u016b\u017eta &#8211; Galima priderinti savo skoniui &#8211; 50% bambuko, 30% kukur\u016bz\u0173 krakmolo ir tik 20% melanino &#8211; Netinka mikrobang\u0173 krosnelei ir orkaitei","og_url":"https:\/\/hobstop.ee\/lt\/produktas\/bambukinis-dubenelis-rayher\/","og_site_name":"Skizze","article_publisher":"http:\/\/www.facebook.com\/VunderSkizze","og_image":[{"width":1024,"height":769,"url":"https:\/\/hobstop.ee\/media\/4921.jpg","type":"image\/jpeg"}],"twitter_card":"summary_large_image","twitter_misc":{"Est. reading time":"1 minute"},"schema":{"@context":"https:\/\/schema.org","@graph":[{"@type":"WebPage","@id":"https:\/\/hobstop.ee\/lt\/produktas\/bambukinis-dubenelis-rayher\/","url":"https:\/\/hobstop.ee\/lt\/produktas\/bambukinis-dubenelis-rayher\/","name":"Bambukinis duben\u0117lis Rayher &#8211; Skizze","isPartOf":{"@id":"https:\/\/hobstop.ee\/lt\/#website"},"primaryImageOfPage":{"@id":"https:\/\/hobstop.ee\/lt\/produktas\/bambukinis-dubenelis-rayher\/#primaryimage"},"image":{"@id":"https:\/\/hobstop.ee\/lt\/produktas\/bambukinis-dubenelis-rayher\/#primaryimage"},"thumbnailUrl":"https:\/\/hobstop.ee\/media\/4921.jpg","datePublished":"2018-09-05T10:44:54+00:00","dateModified":"2018-09-05T10:44:54+00:00","breadcrumb":{"@id":"https:\/\/hobstop.ee\/lt\/produktas\/bambukinis-dubenelis-rayher\/#breadcrumb"},"inLanguage":"lt","potentialAction":[{"@type":"ReadAction","target":["https:\/\/hobstop.ee\/lt\/produktas\/bambukinis-dubenelis-rayher\/"]}]},{"@type":"ImageObject","inLanguage":"lt","@id":"https:\/\/hobstop.ee\/lt\/produktas\/bambukinis-dubenelis-rayher\/#primaryimage","url":"https:\/\/hobstop.ee\/media\/4921.jpg","contentUrl":"https:\/\/hobstop.ee\/media\/4921.jpg","width":1024,"height":769},{"@type":"BreadcrumbList","@id":"https:\/\/hobstop.ee\/lt\/produktas\/bambukinis-dubenelis-rayher\/#breadcrumb","itemListElement":[{"@type":"ListItem","position":1,"name":"Avaleht","item":"https:\/\/hobstop.ee\/lt\/"},{"@type":"ListItem","position":2,"name":"Parduotuv\u0117","item":"https:\/\/hobstop.ee\/lt\/parduotuve\/"},{"@type":"ListItem","position":3,"name":"Bambukinis duben\u0117lis Rayher"}]},{"@type":"WebSite","@id":"https:\/\/hobstop.ee\/lt\/#website","url":"https:\/\/hobstop.ee\/lt\/","name":"Skizze","description":"Dail\u0117s, pom\u0117gi\u0173 ir mokykliniai reikm\u0117nys","publisher":{"@id":"https:\/\/hobstop.ee\/lt\/#organization"},"potentialAction":[{"@type":"SearchAction","target":{"@type":"EntryPoint","urlTemplate":"https:\/\/hobstop.ee\/lt\/?s={search_term_string}"},"query-input":{"@type":"PropertyValueSpecification","valueRequired":true,"valueName":"search_term_string"}}],"inLanguage":"lt"},{"@type":"Organization","@id":"https:\/\/hobstop.ee\/lt\/#organization","name":"Vunder AS","url":"https:\/\/hobstop.ee\/lt\/","logo":{"@type":"ImageObject","inLanguage":"lt","@id":"https:\/\/hobstop.ee\/lt\/#\/schema\/logo\/image\/","url":"https:\/\/hobstop.ee\/media\/vunder-logo.png","contentUrl":"https:\/\/hobstop.ee\/media\/vunder-logo.png","width":127,"height":55,"caption":"Vunder AS"},"image":{"@id":"https:\/\/hobstop.ee\/lt\/#\/schema\/logo\/image\/"},"sameAs":["http:\/\/www.facebook.com\/VunderSkizze"]}]}},"_links":{"self":[{"href":"https:\/\/hobstop.ee\/lt\/wp-json\/wp\/v2\/product\/317507","targetHints":{"allow":["GET"]}}],"collection":[{"href":"https:\/\/hobstop.ee\/lt\/wp-json\/wp\/v2\/product"}],"about":[{"href":"https:\/\/hobstop.ee\/lt\/wp-json\/wp\/v2\/types\/product"}],"replies":[{"embeddable":true,"href":"https:\/\/hobstop.ee\/lt\/wp-json\/wp\/v2\/comments?post=317507"}],"wp:featuredmedia":[{"embeddable":true,"href":"https:\/\/hobstop.ee\/lt\/wp-json\/wp\/v2\/media\/317800"}],"wp:attachment":[{"href":"https:\/\/hobstop.ee\/lt\/wp-json\/wp\/v2\/media?parent=317507"}],"wp:term":[{"taxonomy":"product_cat","embeddable":true,"href":"https:\/\/hobstop.ee\/lt\/wp-json\/wp\/v2\/product_cat?post=317507"},{"taxonomy":"product_tag","embeddable":true,"href":"https:\/\/hobstop.ee\/lt\/wp-json\/wp\/v2\/product_tag?post=317507"}],"curies":[{"name":"wp","href":"https:\/\/api.w.org\/{rel}","templated":true}]}}