{"id":317511,"date":"2018-09-05T13:44:55","date_gmt":"2018-09-05T10:44:55","guid":{"rendered":"https:\/\/sharks.ee\/vunder_2019\/lt\/product\/forma-is-latekso-rayher\/"},"modified":"2018-09-05T13:44:55","modified_gmt":"2018-09-05T10:44:55","slug":"forma-is-latekso-rayher","status":"publish","type":"product","link":"https:\/\/hobstop.ee\/lt\/produktas\/forma-is-latekso-rayher\/","title":{"rendered":"Forma i\u0161 latekso Rayher"},"content":{"rendered":"<p>Patvari forma \u201eRayher\u201c yra skirta 3D daiktams lieti i\u0161 dekoratyvinio cemento ir gipso milteli\u0173.  Pagaminta i\u0161 latekso, tod\u0117l visada galima pakartotinai panaudoti.<br \/>\nNaudojimas: form\u0105 \u012fd\u0117kite \u012f tinkamo dyd\u017eio ind\u0105 arba \u012f stiklin\u0119. U\u017epildykite liejimo mi\u0161iniu, \u0161iek tiek suplakite, kol pavir\u0161iuje pasirodys ir i\u0161nyks oro burbuliukai.  Prie\u0161 i\u0161imdami i\u0161 formos, palaukite, kol liejinys i\u0161d\u017eius ir sukiet\u0117s. Prie\u0161 da\u017eydami ir dekoruodami, palaukite, kol liejinys visi\u0161kai i\u0161d\u017eius.<\/p>\n","protected":false},"excerpt":{"rendered":"<p>Patvari forma \u201eRayher\u201c yra skirta 3D daiktams lieti i\u0161 dekoratyvinio cemento ir gipso milteli\u0173. Pagaminta i\u0161 latekso, tod\u0117l visada galima pakartotinai panaudoti. Naudojimas: form\u0105 \u012fd\u0117kite \u012f tinkamo dyd\u017eio ind\u0105 arba \u012f stiklin\u0119. U\u017epildykite liejimo mi\u0161iniu, \u0161iek tiek suplakite, kol pavir\u0161iuje pasirodys ir i\u0161nyks oro burbuliukai. Prie\u0161 i\u0161imdami i\u0161 formos, palaukite, kol liejinys i\u0161d\u017eius ir sukiet\u0117s. Prie\u0161 da\u017eydami ir dekoruodami, palaukite, kol liejinys visi\u0161kai i\u0161d\u017eius.<\/p>\n","protected":false},"featured_media":317804,"comment_status":"closed","ping_status":"closed","template":"","meta":{"_acf_changed":false,"ep_exclude_from_search":false},"product_cat":[20093,20087,17919],"product_tag":[],"class_list":{"0":"post-317511","1":"product","2":"type-product","3":"status-publish","4":"has-post-thumbnail","6":"product_cat-darbo-irankiai-4","7":"product_cat-medziagos-ir-priemones-lipdymui","8":"product_cat-pomegiu-prekes","10":"first","11":"instock","12":"taxable","13":"shipping-taxable","14":"product-type-simple"},"acf":[],"yoast_head":"<!-- This site is optimized with the Yoast SEO plugin v24.1 - https:\/\/yoast.com\/wordpress\/plugins\/seo\/ -->\n<title>Forma i\u0161 latekso Rayher &#8211; Skizze<\/title>\n<meta name=\"robots\" content=\"noindex, follow, max-snippet:-1, max-image-preview:large, max-video-preview:-1\" \/>\n<meta property=\"og:locale\" content=\"lt_LT\" \/>\n<meta property=\"og:type\" content=\"article\" \/>\n<meta property=\"og:title\" content=\"Forma i\u0161 latekso Rayher &#8211; Skizze\" \/>\n<meta property=\"og:description\" content=\"Patvari forma \u201eRayher\u201c yra skirta 3D daiktams lieti i\u0161 dekoratyvinio cemento ir gipso milteli\u0173. Pagaminta i\u0161 latekso, tod\u0117l visada galima pakartotinai panaudoti. Naudojimas: form\u0105 \u012fd\u0117kite \u012f tinkamo dyd\u017eio ind\u0105 arba \u012f stiklin\u0119. U\u017epildykite liejimo mi\u0161iniu, \u0161iek tiek suplakite, kol pavir\u0161iuje pasirodys ir i\u0161nyks oro burbuliukai. Prie\u0161 i\u0161imdami i\u0161 formos, palaukite, kol liejinys i\u0161d\u017eius ir sukiet\u0117s. Prie\u0161 da\u017eydami ir dekoruodami, palaukite, kol liejinys visi\u0161kai i\u0161d\u017eius.\" \/>\n<meta property=\"og:url\" content=\"https:\/\/hobstop.ee\/lt\/produktas\/forma-is-latekso-rayher\/\" \/>\n<meta property=\"og:site_name\" content=\"Skizze\" \/>\n<meta property=\"article:publisher\" content=\"http:\/\/www.facebook.com\/VunderSkizze\" \/>\n<meta property=\"og:image\" content=\"https:\/\/hobstop.ee\/media\/4926.jpg\" \/>\n\t<meta property=\"og:image:width\" content=\"1024\" \/>\n\t<meta property=\"og:image:height\" content=\"768\" \/>\n\t<meta property=\"og:image:type\" content=\"image\/jpeg\" \/>\n<meta name=\"twitter:card\" content=\"summary_large_image\" \/>\n<script type=\"application\/ld+json\" class=\"yoast-schema-graph\">{\"@context\":\"https:\/\/schema.org\",\"@graph\":[{\"@type\":\"WebPage\",\"@id\":\"https:\/\/hobstop.ee\/lt\/produktas\/forma-is-latekso-rayher\/\",\"url\":\"https:\/\/hobstop.ee\/lt\/produktas\/forma-is-latekso-rayher\/\",\"name\":\"Forma i\u0161 latekso Rayher &#8211; Skizze\",\"isPartOf\":{\"@id\":\"https:\/\/hobstop.ee\/lt\/#website\"},\"primaryImageOfPage\":{\"@id\":\"https:\/\/hobstop.ee\/lt\/produktas\/forma-is-latekso-rayher\/#primaryimage\"},\"image\":{\"@id\":\"https:\/\/hobstop.ee\/lt\/produktas\/forma-is-latekso-rayher\/#primaryimage\"},\"thumbnailUrl\":\"https:\/\/hobstop.ee\/media\/4926.jpg\",\"datePublished\":\"2018-09-05T10:44:55+00:00\",\"dateModified\":\"2018-09-05T10:44:55+00:00\",\"breadcrumb\":{\"@id\":\"https:\/\/hobstop.ee\/lt\/produktas\/forma-is-latekso-rayher\/#breadcrumb\"},\"inLanguage\":\"lt\",\"potentialAction\":[{\"@type\":\"ReadAction\",\"target\":[\"https:\/\/hobstop.ee\/lt\/produktas\/forma-is-latekso-rayher\/\"]}]},{\"@type\":\"ImageObject\",\"inLanguage\":\"lt\",\"@id\":\"https:\/\/hobstop.ee\/lt\/produktas\/forma-is-latekso-rayher\/#primaryimage\",\"url\":\"https:\/\/hobstop.ee\/media\/4926.jpg\",\"contentUrl\":\"https:\/\/hobstop.ee\/media\/4926.jpg\",\"width\":1024,\"height\":768},{\"@type\":\"BreadcrumbList\",\"@id\":\"https:\/\/hobstop.ee\/lt\/produktas\/forma-is-latekso-rayher\/#breadcrumb\",\"itemListElement\":[{\"@type\":\"ListItem\",\"position\":1,\"name\":\"Avaleht\",\"item\":\"https:\/\/hobstop.ee\/lt\/\"},{\"@type\":\"ListItem\",\"position\":2,\"name\":\"Parduotuv\u0117\",\"item\":\"https:\/\/hobstop.ee\/lt\/parduotuve\/\"},{\"@type\":\"ListItem\",\"position\":3,\"name\":\"Forma i\u0161 latekso Rayher\"}]},{\"@type\":\"WebSite\",\"@id\":\"https:\/\/hobstop.ee\/lt\/#website\",\"url\":\"https:\/\/hobstop.ee\/lt\/\",\"name\":\"Skizze\",\"description\":\"Dail\u0117s, pom\u0117gi\u0173 ir mokykliniai reikm\u0117nys\",\"publisher\":{\"@id\":\"https:\/\/hobstop.ee\/lt\/#organization\"},\"potentialAction\":[{\"@type\":\"SearchAction\",\"target\":{\"@type\":\"EntryPoint\",\"urlTemplate\":\"https:\/\/hobstop.ee\/lt\/?s={search_term_string}\"},\"query-input\":{\"@type\":\"PropertyValueSpecification\",\"valueRequired\":true,\"valueName\":\"search_term_string\"}}],\"inLanguage\":\"lt\"},{\"@type\":\"Organization\",\"@id\":\"https:\/\/hobstop.ee\/lt\/#organization\",\"name\":\"Vunder AS\",\"url\":\"https:\/\/hobstop.ee\/lt\/\",\"logo\":{\"@type\":\"ImageObject\",\"inLanguage\":\"lt\",\"@id\":\"https:\/\/hobstop.ee\/lt\/#\/schema\/logo\/image\/\",\"url\":\"https:\/\/hobstop.ee\/media\/vunder-logo.png\",\"contentUrl\":\"https:\/\/hobstop.ee\/media\/vunder-logo.png\",\"width\":127,\"height\":55,\"caption\":\"Vunder AS\"},\"image\":{\"@id\":\"https:\/\/hobstop.ee\/lt\/#\/schema\/logo\/image\/\"},\"sameAs\":[\"http:\/\/www.facebook.com\/VunderSkizze\"]}]}<\/script>\n<!-- \/ Yoast SEO plugin. -->","yoast_head_json":{"title":"Forma i\u0161 latekso Rayher &#8211; Skizze","robots":{"index":"noindex","follow":"follow","max-snippet":"max-snippet:-1","max-image-preview":"max-image-preview:large","max-video-preview":"max-video-preview:-1"},"og_locale":"lt_LT","og_type":"article","og_title":"Forma i\u0161 latekso Rayher &#8211; Skizze","og_description":"Patvari forma \u201eRayher\u201c yra skirta 3D daiktams lieti i\u0161 dekoratyvinio cemento ir gipso milteli\u0173. Pagaminta i\u0161 latekso, tod\u0117l visada galima pakartotinai panaudoti. Naudojimas: form\u0105 \u012fd\u0117kite \u012f tinkamo dyd\u017eio ind\u0105 arba \u012f stiklin\u0119. U\u017epildykite liejimo mi\u0161iniu, \u0161iek tiek suplakite, kol pavir\u0161iuje pasirodys ir i\u0161nyks oro burbuliukai. Prie\u0161 i\u0161imdami i\u0161 formos, palaukite, kol liejinys i\u0161d\u017eius ir sukiet\u0117s. Prie\u0161 da\u017eydami ir dekoruodami, palaukite, kol liejinys visi\u0161kai i\u0161d\u017eius.","og_url":"https:\/\/hobstop.ee\/lt\/produktas\/forma-is-latekso-rayher\/","og_site_name":"Skizze","article_publisher":"http:\/\/www.facebook.com\/VunderSkizze","og_image":[{"width":1024,"height":768,"url":"https:\/\/hobstop.ee\/media\/4926.jpg","type":"image\/jpeg"}],"twitter_card":"summary_large_image","schema":{"@context":"https:\/\/schema.org","@graph":[{"@type":"WebPage","@id":"https:\/\/hobstop.ee\/lt\/produktas\/forma-is-latekso-rayher\/","url":"https:\/\/hobstop.ee\/lt\/produktas\/forma-is-latekso-rayher\/","name":"Forma i\u0161 latekso Rayher &#8211; Skizze","isPartOf":{"@id":"https:\/\/hobstop.ee\/lt\/#website"},"primaryImageOfPage":{"@id":"https:\/\/hobstop.ee\/lt\/produktas\/forma-is-latekso-rayher\/#primaryimage"},"image":{"@id":"https:\/\/hobstop.ee\/lt\/produktas\/forma-is-latekso-rayher\/#primaryimage"},"thumbnailUrl":"https:\/\/hobstop.ee\/media\/4926.jpg","datePublished":"2018-09-05T10:44:55+00:00","dateModified":"2018-09-05T10:44:55+00:00","breadcrumb":{"@id":"https:\/\/hobstop.ee\/lt\/produktas\/forma-is-latekso-rayher\/#breadcrumb"},"inLanguage":"lt","potentialAction":[{"@type":"ReadAction","target":["https:\/\/hobstop.ee\/lt\/produktas\/forma-is-latekso-rayher\/"]}]},{"@type":"ImageObject","inLanguage":"lt","@id":"https:\/\/hobstop.ee\/lt\/produktas\/forma-is-latekso-rayher\/#primaryimage","url":"https:\/\/hobstop.ee\/media\/4926.jpg","contentUrl":"https:\/\/hobstop.ee\/media\/4926.jpg","width":1024,"height":768},{"@type":"BreadcrumbList","@id":"https:\/\/hobstop.ee\/lt\/produktas\/forma-is-latekso-rayher\/#breadcrumb","itemListElement":[{"@type":"ListItem","position":1,"name":"Avaleht","item":"https:\/\/hobstop.ee\/lt\/"},{"@type":"ListItem","position":2,"name":"Parduotuv\u0117","item":"https:\/\/hobstop.ee\/lt\/parduotuve\/"},{"@type":"ListItem","position":3,"name":"Forma i\u0161 latekso Rayher"}]},{"@type":"WebSite","@id":"https:\/\/hobstop.ee\/lt\/#website","url":"https:\/\/hobstop.ee\/lt\/","name":"Skizze","description":"Dail\u0117s, pom\u0117gi\u0173 ir mokykliniai reikm\u0117nys","publisher":{"@id":"https:\/\/hobstop.ee\/lt\/#organization"},"potentialAction":[{"@type":"SearchAction","target":{"@type":"EntryPoint","urlTemplate":"https:\/\/hobstop.ee\/lt\/?s={search_term_string}"},"query-input":{"@type":"PropertyValueSpecification","valueRequired":true,"valueName":"search_term_string"}}],"inLanguage":"lt"},{"@type":"Organization","@id":"https:\/\/hobstop.ee\/lt\/#organization","name":"Vunder AS","url":"https:\/\/hobstop.ee\/lt\/","logo":{"@type":"ImageObject","inLanguage":"lt","@id":"https:\/\/hobstop.ee\/lt\/#\/schema\/logo\/image\/","url":"https:\/\/hobstop.ee\/media\/vunder-logo.png","contentUrl":"https:\/\/hobstop.ee\/media\/vunder-logo.png","width":127,"height":55,"caption":"Vunder AS"},"image":{"@id":"https:\/\/hobstop.ee\/lt\/#\/schema\/logo\/image\/"},"sameAs":["http:\/\/www.facebook.com\/VunderSkizze"]}]}},"_links":{"self":[{"href":"https:\/\/hobstop.ee\/lt\/wp-json\/wp\/v2\/product\/317511","targetHints":{"allow":["GET"]}}],"collection":[{"href":"https:\/\/hobstop.ee\/lt\/wp-json\/wp\/v2\/product"}],"about":[{"href":"https:\/\/hobstop.ee\/lt\/wp-json\/wp\/v2\/types\/product"}],"replies":[{"embeddable":true,"href":"https:\/\/hobstop.ee\/lt\/wp-json\/wp\/v2\/comments?post=317511"}],"wp:featuredmedia":[{"embeddable":true,"href":"https:\/\/hobstop.ee\/lt\/wp-json\/wp\/v2\/media\/317804"}],"wp:attachment":[{"href":"https:\/\/hobstop.ee\/lt\/wp-json\/wp\/v2\/media?parent=317511"}],"wp:term":[{"taxonomy":"product_cat","embeddable":true,"href":"https:\/\/hobstop.ee\/lt\/wp-json\/wp\/v2\/product_cat?post=317511"},{"taxonomy":"product_tag","embeddable":true,"href":"https:\/\/hobstop.ee\/lt\/wp-json\/wp\/v2\/product_tag?post=317511"}],"curies":[{"name":"wp","href":"https:\/\/api.w.org\/{rel}","templated":true}]}}