{"id":317515,"date":"2018-09-05T13:44:56","date_gmt":"2018-09-05T10:44:56","guid":{"rendered":"https:\/\/sharks.ee\/vunder_2019\/lt\/product\/plastikinis-sausainiu-deklas-rayher-su-gaubtu\/"},"modified":"2018-09-05T13:44:56","modified_gmt":"2018-09-05T10:44:56","slug":"plastikinis-sausainiu-deklas-rayher-su-gaubtu","status":"publish","type":"product","link":"https:\/\/hobstop.ee\/lt\/produktas\/plastikinis-sausainiu-deklas-rayher-su-gaubtu\/","title":{"rendered":"Plastikinis sausaini\u0173 d\u0117klas Rayher su gaubtu"},"content":{"rendered":"<p>Jums patiks \u0161ie puik\u016bs ma\u017ei i\u0161 maistui saugaus plastiko pagaminti pad\u0117klai ant kojeli\u0173!  Ant j\u0173 galima sud\u0117ti ne tik saldainius ar nedidelius pyragai\u010dius, kurie i\u0161liks \u0161vie\u017ei viso vakar\u0117lio metu; jie taip pat puikus dekoravimo elementas \u2013 ant j\u0173 galima pad\u0117ti skanumyn\u0173, nedideli\u0173 muiliuk\u0173 arba panaudoti kaip dovan\u0105 savo sve\u010diams. Begalin\u0117s dekoravimo galimyb\u0117s \u2013 papuo\u0161kite savo miniati\u016brin\u012f pasaul\u012f pagal met\u0173 laik\u0105!<\/p>\n","protected":false},"excerpt":{"rendered":"<p>Jums patiks \u0161ie puik\u016bs ma\u017ei i\u0161 maistui saugaus plastiko pagaminti pad\u0117klai ant kojeli\u0173! Ant j\u0173 galima sud\u0117ti ne tik saldainius ar nedidelius pyragai\u010dius, kurie i\u0161liks \u0161vie\u017ei viso vakar\u0117lio metu; jie taip pat puikus dekoravimo elementas \u2013 ant j\u0173 galima pad\u0117ti skanumyn\u0173, nedideli\u0173 muiliuk\u0173 arba panaudoti kaip dovan\u0105 savo sve\u010diams. Begalin\u0117s dekoravimo galimyb\u0117s \u2013 papuo\u0161kite savo miniati\u016brin\u012f pasaul\u012f pagal met\u0173 laik\u0105!<\/p>\n","protected":false},"featured_media":317808,"comment_status":"closed","ping_status":"closed","template":"","meta":{"_acf_changed":false,"ep_exclude_from_search":false},"product_cat":[18983,17969,17919],"product_tag":[],"class_list":{"0":"post-317515","1":"product","2":"type-product","3":"status-publish","4":"has-post-thumbnail","6":"product_cat-ivairus-38","7":"product_cat-kitos-prekes","8":"product_cat-pomegiu-prekes","10":"first","11":"instock","12":"taxable","13":"shipping-taxable","14":"purchasable","15":"product-type-simple"},"acf":[],"yoast_head":"<!-- This site is optimized with the Yoast SEO plugin v24.1 - https:\/\/yoast.com\/wordpress\/plugins\/seo\/ -->\n<title>Plastikinis sausaini\u0173 d\u0117klas Rayher su gaubtu &#8211; Skizze<\/title>\n<meta name=\"robots\" content=\"noindex, follow, max-snippet:-1, max-image-preview:large, max-video-preview:-1\" \/>\n<meta property=\"og:locale\" content=\"lt_LT\" \/>\n<meta property=\"og:type\" content=\"article\" \/>\n<meta property=\"og:title\" content=\"Plastikinis sausaini\u0173 d\u0117klas Rayher su gaubtu &#8211; Skizze\" \/>\n<meta property=\"og:description\" content=\"Jums patiks \u0161ie puik\u016bs ma\u017ei i\u0161 maistui saugaus plastiko pagaminti pad\u0117klai ant kojeli\u0173! Ant j\u0173 galima sud\u0117ti ne tik saldainius ar nedidelius pyragai\u010dius, kurie i\u0161liks \u0161vie\u017ei viso vakar\u0117lio metu; jie taip pat puikus dekoravimo elementas \u2013 ant j\u0173 galima pad\u0117ti skanumyn\u0173, nedideli\u0173 muiliuk\u0173 arba panaudoti kaip dovan\u0105 savo sve\u010diams. Begalin\u0117s dekoravimo galimyb\u0117s \u2013 papuo\u0161kite savo miniati\u016brin\u012f pasaul\u012f pagal met\u0173 laik\u0105!\" \/>\n<meta property=\"og:url\" content=\"https:\/\/hobstop.ee\/lt\/produktas\/plastikinis-sausainiu-deklas-rayher-su-gaubtu\/\" \/>\n<meta property=\"og:site_name\" content=\"Skizze\" \/>\n<meta property=\"article:publisher\" content=\"http:\/\/www.facebook.com\/VunderSkizze\" \/>\n<meta property=\"og:image\" content=\"https:\/\/www.hobstop.ee\/media\/4927.jpg\" \/>\n\t<meta property=\"og:image:width\" content=\"1024\" \/>\n\t<meta property=\"og:image:height\" content=\"768\" \/>\n\t<meta property=\"og:image:type\" content=\"image\/jpeg\" \/>\n<meta name=\"twitter:card\" content=\"summary_large_image\" \/>\n<script type=\"application\/ld+json\" class=\"yoast-schema-graph\">{\"@context\":\"https:\/\/schema.org\",\"@graph\":[{\"@type\":\"WebPage\",\"@id\":\"https:\/\/hobstop.ee\/lt\/produktas\/plastikinis-sausainiu-deklas-rayher-su-gaubtu\/\",\"url\":\"https:\/\/hobstop.ee\/lt\/produktas\/plastikinis-sausainiu-deklas-rayher-su-gaubtu\/\",\"name\":\"Plastikinis sausaini\u0173 d\u0117klas Rayher su gaubtu &#8211; Skizze\",\"isPartOf\":{\"@id\":\"https:\/\/hobstop.ee\/lt\/#website\"},\"primaryImageOfPage\":{\"@id\":\"https:\/\/hobstop.ee\/lt\/produktas\/plastikinis-sausainiu-deklas-rayher-su-gaubtu\/#primaryimage\"},\"image\":{\"@id\":\"https:\/\/hobstop.ee\/lt\/produktas\/plastikinis-sausainiu-deklas-rayher-su-gaubtu\/#primaryimage\"},\"thumbnailUrl\":\"https:\/\/hobstop.ee\/media\/4927.jpg\",\"datePublished\":\"2018-09-05T10:44:56+00:00\",\"dateModified\":\"2018-09-05T10:44:56+00:00\",\"breadcrumb\":{\"@id\":\"https:\/\/hobstop.ee\/lt\/produktas\/plastikinis-sausainiu-deklas-rayher-su-gaubtu\/#breadcrumb\"},\"inLanguage\":\"lt\",\"potentialAction\":[{\"@type\":\"ReadAction\",\"target\":[\"https:\/\/hobstop.ee\/lt\/produktas\/plastikinis-sausainiu-deklas-rayher-su-gaubtu\/\"]}]},{\"@type\":\"ImageObject\",\"inLanguage\":\"lt\",\"@id\":\"https:\/\/hobstop.ee\/lt\/produktas\/plastikinis-sausainiu-deklas-rayher-su-gaubtu\/#primaryimage\",\"url\":\"https:\/\/hobstop.ee\/media\/4927.jpg\",\"contentUrl\":\"https:\/\/hobstop.ee\/media\/4927.jpg\",\"width\":1024,\"height\":768},{\"@type\":\"BreadcrumbList\",\"@id\":\"https:\/\/hobstop.ee\/lt\/produktas\/plastikinis-sausainiu-deklas-rayher-su-gaubtu\/#breadcrumb\",\"itemListElement\":[{\"@type\":\"ListItem\",\"position\":1,\"name\":\"Avaleht\",\"item\":\"https:\/\/hobstop.ee\/lt\/\"},{\"@type\":\"ListItem\",\"position\":2,\"name\":\"Parduotuv\u0117\",\"item\":\"https:\/\/hobstop.ee\/lt\/parduotuve\/\"},{\"@type\":\"ListItem\",\"position\":3,\"name\":\"Plastikinis sausaini\u0173 d\u0117klas Rayher su gaubtu\"}]},{\"@type\":\"WebSite\",\"@id\":\"https:\/\/hobstop.ee\/lt\/#website\",\"url\":\"https:\/\/hobstop.ee\/lt\/\",\"name\":\"Skizze\",\"description\":\"Dail\u0117s, pom\u0117gi\u0173 ir mokykliniai reikm\u0117nys\",\"publisher\":{\"@id\":\"https:\/\/hobstop.ee\/lt\/#organization\"},\"potentialAction\":[{\"@type\":\"SearchAction\",\"target\":{\"@type\":\"EntryPoint\",\"urlTemplate\":\"https:\/\/hobstop.ee\/lt\/?s={search_term_string}\"},\"query-input\":{\"@type\":\"PropertyValueSpecification\",\"valueRequired\":true,\"valueName\":\"search_term_string\"}}],\"inLanguage\":\"lt\"},{\"@type\":\"Organization\",\"@id\":\"https:\/\/hobstop.ee\/lt\/#organization\",\"name\":\"Vunder AS\",\"url\":\"https:\/\/hobstop.ee\/lt\/\",\"logo\":{\"@type\":\"ImageObject\",\"inLanguage\":\"lt\",\"@id\":\"https:\/\/hobstop.ee\/lt\/#\/schema\/logo\/image\/\",\"url\":\"https:\/\/hobstop.ee\/media\/vunder-logo.png\",\"contentUrl\":\"https:\/\/hobstop.ee\/media\/vunder-logo.png\",\"width\":127,\"height\":55,\"caption\":\"Vunder AS\"},\"image\":{\"@id\":\"https:\/\/hobstop.ee\/lt\/#\/schema\/logo\/image\/\"},\"sameAs\":[\"http:\/\/www.facebook.com\/VunderSkizze\"]}]}<\/script>\n<!-- \/ Yoast SEO plugin. -->","yoast_head_json":{"title":"Plastikinis sausaini\u0173 d\u0117klas Rayher su gaubtu &#8211; Skizze","robots":{"index":"noindex","follow":"follow","max-snippet":"max-snippet:-1","max-image-preview":"max-image-preview:large","max-video-preview":"max-video-preview:-1"},"og_locale":"lt_LT","og_type":"article","og_title":"Plastikinis sausaini\u0173 d\u0117klas Rayher su gaubtu &#8211; Skizze","og_description":"Jums patiks \u0161ie puik\u016bs ma\u017ei i\u0161 maistui saugaus plastiko pagaminti pad\u0117klai ant kojeli\u0173! Ant j\u0173 galima sud\u0117ti ne tik saldainius ar nedidelius pyragai\u010dius, kurie i\u0161liks \u0161vie\u017ei viso vakar\u0117lio metu; jie taip pat puikus dekoravimo elementas \u2013 ant j\u0173 galima pad\u0117ti skanumyn\u0173, nedideli\u0173 muiliuk\u0173 arba panaudoti kaip dovan\u0105 savo sve\u010diams. Begalin\u0117s dekoravimo galimyb\u0117s \u2013 papuo\u0161kite savo miniati\u016brin\u012f pasaul\u012f pagal met\u0173 laik\u0105!","og_url":"https:\/\/hobstop.ee\/lt\/produktas\/plastikinis-sausainiu-deklas-rayher-su-gaubtu\/","og_site_name":"Skizze","article_publisher":"http:\/\/www.facebook.com\/VunderSkizze","og_image":[{"width":1024,"height":768,"url":"https:\/\/www.hobstop.ee\/media\/4927.jpg","type":"image\/jpeg"}],"twitter_card":"summary_large_image","schema":{"@context":"https:\/\/schema.org","@graph":[{"@type":"WebPage","@id":"https:\/\/hobstop.ee\/lt\/produktas\/plastikinis-sausainiu-deklas-rayher-su-gaubtu\/","url":"https:\/\/hobstop.ee\/lt\/produktas\/plastikinis-sausainiu-deklas-rayher-su-gaubtu\/","name":"Plastikinis sausaini\u0173 d\u0117klas Rayher su gaubtu &#8211; Skizze","isPartOf":{"@id":"https:\/\/hobstop.ee\/lt\/#website"},"primaryImageOfPage":{"@id":"https:\/\/hobstop.ee\/lt\/produktas\/plastikinis-sausainiu-deklas-rayher-su-gaubtu\/#primaryimage"},"image":{"@id":"https:\/\/hobstop.ee\/lt\/produktas\/plastikinis-sausainiu-deklas-rayher-su-gaubtu\/#primaryimage"},"thumbnailUrl":"https:\/\/hobstop.ee\/media\/4927.jpg","datePublished":"2018-09-05T10:44:56+00:00","dateModified":"2018-09-05T10:44:56+00:00","breadcrumb":{"@id":"https:\/\/hobstop.ee\/lt\/produktas\/plastikinis-sausainiu-deklas-rayher-su-gaubtu\/#breadcrumb"},"inLanguage":"lt","potentialAction":[{"@type":"ReadAction","target":["https:\/\/hobstop.ee\/lt\/produktas\/plastikinis-sausainiu-deklas-rayher-su-gaubtu\/"]}]},{"@type":"ImageObject","inLanguage":"lt","@id":"https:\/\/hobstop.ee\/lt\/produktas\/plastikinis-sausainiu-deklas-rayher-su-gaubtu\/#primaryimage","url":"https:\/\/hobstop.ee\/media\/4927.jpg","contentUrl":"https:\/\/hobstop.ee\/media\/4927.jpg","width":1024,"height":768},{"@type":"BreadcrumbList","@id":"https:\/\/hobstop.ee\/lt\/produktas\/plastikinis-sausainiu-deklas-rayher-su-gaubtu\/#breadcrumb","itemListElement":[{"@type":"ListItem","position":1,"name":"Avaleht","item":"https:\/\/hobstop.ee\/lt\/"},{"@type":"ListItem","position":2,"name":"Parduotuv\u0117","item":"https:\/\/hobstop.ee\/lt\/parduotuve\/"},{"@type":"ListItem","position":3,"name":"Plastikinis sausaini\u0173 d\u0117klas Rayher su gaubtu"}]},{"@type":"WebSite","@id":"https:\/\/hobstop.ee\/lt\/#website","url":"https:\/\/hobstop.ee\/lt\/","name":"Skizze","description":"Dail\u0117s, pom\u0117gi\u0173 ir mokykliniai reikm\u0117nys","publisher":{"@id":"https:\/\/hobstop.ee\/lt\/#organization"},"potentialAction":[{"@type":"SearchAction","target":{"@type":"EntryPoint","urlTemplate":"https:\/\/hobstop.ee\/lt\/?s={search_term_string}"},"query-input":{"@type":"PropertyValueSpecification","valueRequired":true,"valueName":"search_term_string"}}],"inLanguage":"lt"},{"@type":"Organization","@id":"https:\/\/hobstop.ee\/lt\/#organization","name":"Vunder AS","url":"https:\/\/hobstop.ee\/lt\/","logo":{"@type":"ImageObject","inLanguage":"lt","@id":"https:\/\/hobstop.ee\/lt\/#\/schema\/logo\/image\/","url":"https:\/\/hobstop.ee\/media\/vunder-logo.png","contentUrl":"https:\/\/hobstop.ee\/media\/vunder-logo.png","width":127,"height":55,"caption":"Vunder AS"},"image":{"@id":"https:\/\/hobstop.ee\/lt\/#\/schema\/logo\/image\/"},"sameAs":["http:\/\/www.facebook.com\/VunderSkizze"]}]}},"_links":{"self":[{"href":"https:\/\/hobstop.ee\/lt\/wp-json\/wp\/v2\/product\/317515","targetHints":{"allow":["GET"]}}],"collection":[{"href":"https:\/\/hobstop.ee\/lt\/wp-json\/wp\/v2\/product"}],"about":[{"href":"https:\/\/hobstop.ee\/lt\/wp-json\/wp\/v2\/types\/product"}],"replies":[{"embeddable":true,"href":"https:\/\/hobstop.ee\/lt\/wp-json\/wp\/v2\/comments?post=317515"}],"wp:featuredmedia":[{"embeddable":true,"href":"https:\/\/hobstop.ee\/lt\/wp-json\/wp\/v2\/media\/317808"}],"wp:attachment":[{"href":"https:\/\/hobstop.ee\/lt\/wp-json\/wp\/v2\/media?parent=317515"}],"wp:term":[{"taxonomy":"product_cat","embeddable":true,"href":"https:\/\/hobstop.ee\/lt\/wp-json\/wp\/v2\/product_cat?post=317515"},{"taxonomy":"product_tag","embeddable":true,"href":"https:\/\/hobstop.ee\/lt\/wp-json\/wp\/v2\/product_tag?post=317515"}],"curies":[{"name":"wp","href":"https:\/\/api.w.org\/{rel}","templated":true}]}}