{"id":317519,"date":"2018-09-05T13:44:57","date_gmt":"2018-09-05T10:44:57","guid":{"rendered":"https:\/\/sharks.ee\/vunder_2019\/lt\/product\/3d-medines-figureles-rayher-sviecianti-dezute\/"},"modified":"2018-09-05T13:44:57","modified_gmt":"2018-09-05T10:44:57","slug":"3d-medines-figureles-sviecianti-dezute-rayher","status":"publish","type":"product","link":"https:\/\/hobstop.ee\/lt\/produktas\/3d-medines-figureles-sviecianti-dezute-rayher\/","title":{"rendered":"3D medin\u0117s fig\u016br\u0117l\u0117s-\u0161vie\u010dianti d\u0117\u017eut\u0117 Rayher"},"content":{"rendered":"<p>J\u016bs\u0173 istorija d\u0117\u017eut\u0117je! \u0160viesd\u0117\u017e\u0117 \u201eRayher 3D\u201c puikiai tinka sukurti vizualiai efekting\u0105 dekoratyvin\u0119 detal\u0119, kuri spinduliuoja ramyb\u0119 bei harmonij\u0105 ir sukuria jauki\u0105 atmosfer\u0105 tamsiuoju met\u0173 laiku. J\u0105 galima dekoruoti \u012fvairiais b\u016bdais \u2013 nat\u016braliais r\u0117mais, efektinga folija, dekoratyvin\u0117mis lempu\u010di\u0173 girliandomis, spalvomis, detaliais dekoratyviniais elementais ir blizgan\u010diomis dekoracijomis.<\/p>\n","protected":false},"excerpt":{"rendered":"<p>J\u016bs\u0173 istorija d\u0117\u017eut\u0117je! \u0160viesd\u0117\u017e\u0117 \u201eRayher 3D\u201c puikiai tinka sukurti vizualiai efekting\u0105 dekoratyvin\u0119 detal\u0119, kuri spinduliuoja ramyb\u0119 bei harmonij\u0105 ir sukuria jauki\u0105 atmosfer\u0105 tamsiuoju met\u0173 laiku. J\u0105 galima dekoruoti \u012fvairiais b\u016bdais \u2013 nat\u016braliais r\u0117mais, efektinga folija, dekoratyvin\u0117mis lempu\u010di\u0173 girliandomis, spalvomis, detaliais dekoratyviniais elementais ir blizgan\u010diomis dekoracijomis.<\/p>\n","protected":false},"featured_media":317812,"comment_status":"closed","ping_status":"closed","template":"","meta":{"_acf_changed":false,"ep_exclude_from_search":false},"product_cat":[20156,17919,14986],"product_tag":[],"class_list":{"0":"post-317519","1":"product","2":"type-product","3":"status-publish","4":"has-post-thumbnail","6":"product_cat-medis","7":"product_cat-pomegiu-prekes","8":"product_cat-ruosinys","10":"first","11":"instock","12":"taxable","13":"shipping-taxable","14":"purchasable","15":"product-type-simple"},"acf":[],"yoast_head":"<!-- This site is optimized with the Yoast SEO plugin v24.1 - https:\/\/yoast.com\/wordpress\/plugins\/seo\/ -->\n<title>3D medin\u0117s fig\u016br\u0117l\u0117s-\u0161vie\u010dianti d\u0117\u017eut\u0117 Rayher &#8211; Skizze<\/title>\n<meta name=\"robots\" content=\"noindex, follow, max-snippet:-1, max-image-preview:large, max-video-preview:-1\" \/>\n<meta property=\"og:locale\" content=\"lt_LT\" \/>\n<meta property=\"og:type\" content=\"article\" \/>\n<meta property=\"og:title\" content=\"3D medin\u0117s fig\u016br\u0117l\u0117s-\u0161vie\u010dianti d\u0117\u017eut\u0117 Rayher &#8211; Skizze\" \/>\n<meta property=\"og:description\" content=\"J\u016bs\u0173 istorija d\u0117\u017eut\u0117je! \u0160viesd\u0117\u017e\u0117 \u201eRayher 3D\u201c puikiai tinka sukurti vizualiai efekting\u0105 dekoratyvin\u0119 detal\u0119, kuri spinduliuoja ramyb\u0119 bei harmonij\u0105 ir sukuria jauki\u0105 atmosfer\u0105 tamsiuoju met\u0173 laiku. J\u0105 galima dekoruoti \u012fvairiais b\u016bdais \u2013 nat\u016braliais r\u0117mais, efektinga folija, dekoratyvin\u0117mis lempu\u010di\u0173 girliandomis, spalvomis, detaliais dekoratyviniais elementais ir blizgan\u010diomis dekoracijomis.\" \/>\n<meta property=\"og:url\" content=\"https:\/\/hobstop.ee\/lt\/produktas\/3d-medines-figureles-sviecianti-dezute-rayher\/\" \/>\n<meta property=\"og:site_name\" content=\"Skizze\" \/>\n<meta property=\"article:publisher\" content=\"http:\/\/www.facebook.com\/VunderSkizze\" \/>\n<meta property=\"og:image\" content=\"https:\/\/hobstop.ee\/media\/4932.jpg\" \/>\n\t<meta property=\"og:image:width\" content=\"1024\" \/>\n\t<meta property=\"og:image:height\" content=\"768\" \/>\n\t<meta property=\"og:image:type\" content=\"image\/jpeg\" \/>\n<meta name=\"twitter:card\" content=\"summary_large_image\" \/>\n<script type=\"application\/ld+json\" class=\"yoast-schema-graph\">{\"@context\":\"https:\/\/schema.org\",\"@graph\":[{\"@type\":\"WebPage\",\"@id\":\"https:\/\/hobstop.ee\/lt\/produktas\/3d-medines-figureles-sviecianti-dezute-rayher\/\",\"url\":\"https:\/\/hobstop.ee\/lt\/produktas\/3d-medines-figureles-sviecianti-dezute-rayher\/\",\"name\":\"3D medin\u0117s fig\u016br\u0117l\u0117s-\u0161vie\u010dianti d\u0117\u017eut\u0117 Rayher &#8211; Skizze\",\"isPartOf\":{\"@id\":\"https:\/\/hobstop.ee\/lt\/#website\"},\"primaryImageOfPage\":{\"@id\":\"https:\/\/hobstop.ee\/lt\/produktas\/3d-medines-figureles-sviecianti-dezute-rayher\/#primaryimage\"},\"image\":{\"@id\":\"https:\/\/hobstop.ee\/lt\/produktas\/3d-medines-figureles-sviecianti-dezute-rayher\/#primaryimage\"},\"thumbnailUrl\":\"https:\/\/hobstop.ee\/media\/4932.jpg\",\"datePublished\":\"2018-09-05T10:44:57+00:00\",\"dateModified\":\"2018-09-05T10:44:57+00:00\",\"breadcrumb\":{\"@id\":\"https:\/\/hobstop.ee\/lt\/produktas\/3d-medines-figureles-sviecianti-dezute-rayher\/#breadcrumb\"},\"inLanguage\":\"lt\",\"potentialAction\":[{\"@type\":\"ReadAction\",\"target\":[\"https:\/\/hobstop.ee\/lt\/produktas\/3d-medines-figureles-sviecianti-dezute-rayher\/\"]}]},{\"@type\":\"ImageObject\",\"inLanguage\":\"lt\",\"@id\":\"https:\/\/hobstop.ee\/lt\/produktas\/3d-medines-figureles-sviecianti-dezute-rayher\/#primaryimage\",\"url\":\"https:\/\/hobstop.ee\/media\/4932.jpg\",\"contentUrl\":\"https:\/\/hobstop.ee\/media\/4932.jpg\",\"width\":1024,\"height\":768},{\"@type\":\"BreadcrumbList\",\"@id\":\"https:\/\/hobstop.ee\/lt\/produktas\/3d-medines-figureles-sviecianti-dezute-rayher\/#breadcrumb\",\"itemListElement\":[{\"@type\":\"ListItem\",\"position\":1,\"name\":\"Avaleht\",\"item\":\"https:\/\/hobstop.ee\/lt\/\"},{\"@type\":\"ListItem\",\"position\":2,\"name\":\"Parduotuv\u0117\",\"item\":\"https:\/\/hobstop.ee\/lt\/parduotuve\/\"},{\"@type\":\"ListItem\",\"position\":3,\"name\":\"3D medin\u0117s fig\u016br\u0117l\u0117s-\u0161vie\u010dianti d\u0117\u017eut\u0117 Rayher\"}]},{\"@type\":\"WebSite\",\"@id\":\"https:\/\/hobstop.ee\/lt\/#website\",\"url\":\"https:\/\/hobstop.ee\/lt\/\",\"name\":\"Skizze\",\"description\":\"Dail\u0117s, pom\u0117gi\u0173 ir mokykliniai reikm\u0117nys\",\"publisher\":{\"@id\":\"https:\/\/hobstop.ee\/lt\/#organization\"},\"potentialAction\":[{\"@type\":\"SearchAction\",\"target\":{\"@type\":\"EntryPoint\",\"urlTemplate\":\"https:\/\/hobstop.ee\/lt\/?s={search_term_string}\"},\"query-input\":{\"@type\":\"PropertyValueSpecification\",\"valueRequired\":true,\"valueName\":\"search_term_string\"}}],\"inLanguage\":\"lt\"},{\"@type\":\"Organization\",\"@id\":\"https:\/\/hobstop.ee\/lt\/#organization\",\"name\":\"Vunder AS\",\"url\":\"https:\/\/hobstop.ee\/lt\/\",\"logo\":{\"@type\":\"ImageObject\",\"inLanguage\":\"lt\",\"@id\":\"https:\/\/hobstop.ee\/lt\/#\/schema\/logo\/image\/\",\"url\":\"https:\/\/hobstop.ee\/media\/vunder-logo.png\",\"contentUrl\":\"https:\/\/hobstop.ee\/media\/vunder-logo.png\",\"width\":127,\"height\":55,\"caption\":\"Vunder AS\"},\"image\":{\"@id\":\"https:\/\/hobstop.ee\/lt\/#\/schema\/logo\/image\/\"},\"sameAs\":[\"http:\/\/www.facebook.com\/VunderSkizze\"]}]}<\/script>\n<!-- \/ Yoast SEO plugin. -->","yoast_head_json":{"title":"3D medin\u0117s fig\u016br\u0117l\u0117s-\u0161vie\u010dianti d\u0117\u017eut\u0117 Rayher &#8211; Skizze","robots":{"index":"noindex","follow":"follow","max-snippet":"max-snippet:-1","max-image-preview":"max-image-preview:large","max-video-preview":"max-video-preview:-1"},"og_locale":"lt_LT","og_type":"article","og_title":"3D medin\u0117s fig\u016br\u0117l\u0117s-\u0161vie\u010dianti d\u0117\u017eut\u0117 Rayher &#8211; Skizze","og_description":"J\u016bs\u0173 istorija d\u0117\u017eut\u0117je! \u0160viesd\u0117\u017e\u0117 \u201eRayher 3D\u201c puikiai tinka sukurti vizualiai efekting\u0105 dekoratyvin\u0119 detal\u0119, kuri spinduliuoja ramyb\u0119 bei harmonij\u0105 ir sukuria jauki\u0105 atmosfer\u0105 tamsiuoju met\u0173 laiku. J\u0105 galima dekoruoti \u012fvairiais b\u016bdais \u2013 nat\u016braliais r\u0117mais, efektinga folija, dekoratyvin\u0117mis lempu\u010di\u0173 girliandomis, spalvomis, detaliais dekoratyviniais elementais ir blizgan\u010diomis dekoracijomis.","og_url":"https:\/\/hobstop.ee\/lt\/produktas\/3d-medines-figureles-sviecianti-dezute-rayher\/","og_site_name":"Skizze","article_publisher":"http:\/\/www.facebook.com\/VunderSkizze","og_image":[{"width":1024,"height":768,"url":"https:\/\/hobstop.ee\/media\/4932.jpg","type":"image\/jpeg"}],"twitter_card":"summary_large_image","schema":{"@context":"https:\/\/schema.org","@graph":[{"@type":"WebPage","@id":"https:\/\/hobstop.ee\/lt\/produktas\/3d-medines-figureles-sviecianti-dezute-rayher\/","url":"https:\/\/hobstop.ee\/lt\/produktas\/3d-medines-figureles-sviecianti-dezute-rayher\/","name":"3D medin\u0117s fig\u016br\u0117l\u0117s-\u0161vie\u010dianti d\u0117\u017eut\u0117 Rayher &#8211; Skizze","isPartOf":{"@id":"https:\/\/hobstop.ee\/lt\/#website"},"primaryImageOfPage":{"@id":"https:\/\/hobstop.ee\/lt\/produktas\/3d-medines-figureles-sviecianti-dezute-rayher\/#primaryimage"},"image":{"@id":"https:\/\/hobstop.ee\/lt\/produktas\/3d-medines-figureles-sviecianti-dezute-rayher\/#primaryimage"},"thumbnailUrl":"https:\/\/hobstop.ee\/media\/4932.jpg","datePublished":"2018-09-05T10:44:57+00:00","dateModified":"2018-09-05T10:44:57+00:00","breadcrumb":{"@id":"https:\/\/hobstop.ee\/lt\/produktas\/3d-medines-figureles-sviecianti-dezute-rayher\/#breadcrumb"},"inLanguage":"lt","potentialAction":[{"@type":"ReadAction","target":["https:\/\/hobstop.ee\/lt\/produktas\/3d-medines-figureles-sviecianti-dezute-rayher\/"]}]},{"@type":"ImageObject","inLanguage":"lt","@id":"https:\/\/hobstop.ee\/lt\/produktas\/3d-medines-figureles-sviecianti-dezute-rayher\/#primaryimage","url":"https:\/\/hobstop.ee\/media\/4932.jpg","contentUrl":"https:\/\/hobstop.ee\/media\/4932.jpg","width":1024,"height":768},{"@type":"BreadcrumbList","@id":"https:\/\/hobstop.ee\/lt\/produktas\/3d-medines-figureles-sviecianti-dezute-rayher\/#breadcrumb","itemListElement":[{"@type":"ListItem","position":1,"name":"Avaleht","item":"https:\/\/hobstop.ee\/lt\/"},{"@type":"ListItem","position":2,"name":"Parduotuv\u0117","item":"https:\/\/hobstop.ee\/lt\/parduotuve\/"},{"@type":"ListItem","position":3,"name":"3D medin\u0117s fig\u016br\u0117l\u0117s-\u0161vie\u010dianti d\u0117\u017eut\u0117 Rayher"}]},{"@type":"WebSite","@id":"https:\/\/hobstop.ee\/lt\/#website","url":"https:\/\/hobstop.ee\/lt\/","name":"Skizze","description":"Dail\u0117s, pom\u0117gi\u0173 ir mokykliniai reikm\u0117nys","publisher":{"@id":"https:\/\/hobstop.ee\/lt\/#organization"},"potentialAction":[{"@type":"SearchAction","target":{"@type":"EntryPoint","urlTemplate":"https:\/\/hobstop.ee\/lt\/?s={search_term_string}"},"query-input":{"@type":"PropertyValueSpecification","valueRequired":true,"valueName":"search_term_string"}}],"inLanguage":"lt"},{"@type":"Organization","@id":"https:\/\/hobstop.ee\/lt\/#organization","name":"Vunder AS","url":"https:\/\/hobstop.ee\/lt\/","logo":{"@type":"ImageObject","inLanguage":"lt","@id":"https:\/\/hobstop.ee\/lt\/#\/schema\/logo\/image\/","url":"https:\/\/hobstop.ee\/media\/vunder-logo.png","contentUrl":"https:\/\/hobstop.ee\/media\/vunder-logo.png","width":127,"height":55,"caption":"Vunder AS"},"image":{"@id":"https:\/\/hobstop.ee\/lt\/#\/schema\/logo\/image\/"},"sameAs":["http:\/\/www.facebook.com\/VunderSkizze"]}]}},"_links":{"self":[{"href":"https:\/\/hobstop.ee\/lt\/wp-json\/wp\/v2\/product\/317519","targetHints":{"allow":["GET"]}}],"collection":[{"href":"https:\/\/hobstop.ee\/lt\/wp-json\/wp\/v2\/product"}],"about":[{"href":"https:\/\/hobstop.ee\/lt\/wp-json\/wp\/v2\/types\/product"}],"replies":[{"embeddable":true,"href":"https:\/\/hobstop.ee\/lt\/wp-json\/wp\/v2\/comments?post=317519"}],"wp:featuredmedia":[{"embeddable":true,"href":"https:\/\/hobstop.ee\/lt\/wp-json\/wp\/v2\/media\/317812"}],"wp:attachment":[{"href":"https:\/\/hobstop.ee\/lt\/wp-json\/wp\/v2\/media?parent=317519"}],"wp:term":[{"taxonomy":"product_cat","embeddable":true,"href":"https:\/\/hobstop.ee\/lt\/wp-json\/wp\/v2\/product_cat?post=317519"},{"taxonomy":"product_tag","embeddable":true,"href":"https:\/\/hobstop.ee\/lt\/wp-json\/wp\/v2\/product_tag?post=317519"}],"curies":[{"name":"wp","href":"https:\/\/api.w.org\/{rel}","templated":true}]}}