{"id":317523,"date":"2018-09-05T13:44:58","date_gmt":"2018-09-05T10:44:58","guid":{"rendered":"https:\/\/sharks.ee\/vunder_2019\/lt\/product\/balionas-apvalus-rayher-skaidrus\/"},"modified":"2018-09-05T13:44:58","modified_gmt":"2018-09-05T10:44:58","slug":"balionas-apvalus-rayher-skaidrus","status":"publish","type":"product","link":"https:\/\/hobstop.ee\/lt\/produktas\/balionas-apvalus-rayher-skaidrus\/","title":{"rendered":"Balionas apvalus Rayher skaidrus"},"content":{"rendered":"<p>Skaidrus balionas \u201eRayher\u201c yra ypatingas b\u016bdas papuo\u0161ti j\u016bs\u0173 vakar\u0117l\u012f. Skaidr\u0173 balion\u0105 galima naudoti kaip vakar\u0117lio dekoravimo priemon\u0119 tiek viduje, tiek ir lauke! \u012e baliono vid\u0173 galite pripilti konfeti, kit\u0173 dekoratyvi\u0173 papuo\u0161im\u0173 arba tiesiog i\u0161ra\u0161yti markeriu arba nuda\u017eyti da\u017eais. Pripu\u010diamas oru arba heliu.<\/p>\n","protected":false},"excerpt":{"rendered":"<p>Skaidrus balionas \u201eRayher\u201c yra ypatingas b\u016bdas papuo\u0161ti j\u016bs\u0173 vakar\u0117l\u012f. Skaidr\u0173 balion\u0105 galima naudoti kaip vakar\u0117lio dekoravimo priemon\u0119 tiek viduje, tiek ir lauke! \u012e baliono vid\u0173 galite pripilti konfeti, kit\u0173 dekoratyvi\u0173 papuo\u0161im\u0173 arba tiesiog i\u0161ra\u0161yti markeriu arba nuda\u017eyti da\u017eais. Pripu\u010diamas oru arba heliu.<\/p>\n","protected":false},"featured_media":0,"comment_status":"closed","ping_status":"closed","template":"","meta":{"_acf_changed":false,"ep_exclude_from_search":false},"product_cat":[19951,19795,19943],"product_tag":[],"class_list":{"0":"post-317523","1":"product","2":"type-product","3":"status-publish","5":"product_cat-balionai","6":"product_cat-kepimo-ir-svenciu-reikmenys","7":"product_cat-svenciu-reikmenys","9":"first","10":"instock","11":"taxable","12":"shipping-taxable","13":"purchasable","14":"product-type-simple"},"acf":[],"yoast_head":"<!-- This site is optimized with the Yoast SEO plugin v24.1 - https:\/\/yoast.com\/wordpress\/plugins\/seo\/ -->\n<title>Balionas apvalus Rayher skaidrus &#8211; Skizze<\/title>\n<meta name=\"robots\" content=\"noindex, follow, max-snippet:-1, max-image-preview:large, max-video-preview:-1\" \/>\n<meta property=\"og:locale\" content=\"lt_LT\" \/>\n<meta property=\"og:type\" content=\"article\" \/>\n<meta property=\"og:title\" content=\"Balionas apvalus Rayher skaidrus &#8211; Skizze\" \/>\n<meta property=\"og:description\" content=\"Skaidrus balionas \u201eRayher\u201c yra ypatingas b\u016bdas papuo\u0161ti j\u016bs\u0173 vakar\u0117l\u012f. Skaidr\u0173 balion\u0105 galima naudoti kaip vakar\u0117lio dekoravimo priemon\u0119 tiek viduje, tiek ir lauke! \u012e baliono vid\u0173 galite pripilti konfeti, kit\u0173 dekoratyvi\u0173 papuo\u0161im\u0173 arba tiesiog i\u0161ra\u0161yti markeriu arba nuda\u017eyti da\u017eais. Pripu\u010diamas oru arba heliu.\" \/>\n<meta property=\"og:url\" content=\"https:\/\/hobstop.ee\/lt\/produktas\/balionas-apvalus-rayher-skaidrus\/\" \/>\n<meta property=\"og:site_name\" content=\"Skizze\" \/>\n<meta property=\"article:publisher\" content=\"http:\/\/www.facebook.com\/VunderSkizze\" \/>\n<meta name=\"twitter:card\" content=\"summary_large_image\" \/>\n<script type=\"application\/ld+json\" class=\"yoast-schema-graph\">{\"@context\":\"https:\/\/schema.org\",\"@graph\":[{\"@type\":\"WebPage\",\"@id\":\"https:\/\/hobstop.ee\/lt\/produktas\/balionas-apvalus-rayher-skaidrus\/\",\"url\":\"https:\/\/hobstop.ee\/lt\/produktas\/balionas-apvalus-rayher-skaidrus\/\",\"name\":\"Balionas apvalus Rayher skaidrus &#8211; Skizze\",\"isPartOf\":{\"@id\":\"https:\/\/hobstop.ee\/lt\/#website\"},\"datePublished\":\"2018-09-05T10:44:58+00:00\",\"dateModified\":\"2018-09-05T10:44:58+00:00\",\"breadcrumb\":{\"@id\":\"https:\/\/hobstop.ee\/lt\/produktas\/balionas-apvalus-rayher-skaidrus\/#breadcrumb\"},\"inLanguage\":\"lt\",\"potentialAction\":[{\"@type\":\"ReadAction\",\"target\":[\"https:\/\/hobstop.ee\/lt\/produktas\/balionas-apvalus-rayher-skaidrus\/\"]}]},{\"@type\":\"BreadcrumbList\",\"@id\":\"https:\/\/hobstop.ee\/lt\/produktas\/balionas-apvalus-rayher-skaidrus\/#breadcrumb\",\"itemListElement\":[{\"@type\":\"ListItem\",\"position\":1,\"name\":\"Avaleht\",\"item\":\"https:\/\/hobstop.ee\/lt\/\"},{\"@type\":\"ListItem\",\"position\":2,\"name\":\"Parduotuv\u0117\",\"item\":\"https:\/\/hobstop.ee\/lt\/parduotuve\/\"},{\"@type\":\"ListItem\",\"position\":3,\"name\":\"Balionas apvalus Rayher skaidrus\"}]},{\"@type\":\"WebSite\",\"@id\":\"https:\/\/hobstop.ee\/lt\/#website\",\"url\":\"https:\/\/hobstop.ee\/lt\/\",\"name\":\"Skizze\",\"description\":\"Dail\u0117s, pom\u0117gi\u0173 ir mokykliniai reikm\u0117nys\",\"publisher\":{\"@id\":\"https:\/\/hobstop.ee\/lt\/#organization\"},\"potentialAction\":[{\"@type\":\"SearchAction\",\"target\":{\"@type\":\"EntryPoint\",\"urlTemplate\":\"https:\/\/hobstop.ee\/lt\/?s={search_term_string}\"},\"query-input\":{\"@type\":\"PropertyValueSpecification\",\"valueRequired\":true,\"valueName\":\"search_term_string\"}}],\"inLanguage\":\"lt\"},{\"@type\":\"Organization\",\"@id\":\"https:\/\/hobstop.ee\/lt\/#organization\",\"name\":\"Vunder AS\",\"url\":\"https:\/\/hobstop.ee\/lt\/\",\"logo\":{\"@type\":\"ImageObject\",\"inLanguage\":\"lt\",\"@id\":\"https:\/\/hobstop.ee\/lt\/#\/schema\/logo\/image\/\",\"url\":\"https:\/\/hobstop.ee\/media\/vunder-logo.png\",\"contentUrl\":\"https:\/\/hobstop.ee\/media\/vunder-logo.png\",\"width\":127,\"height\":55,\"caption\":\"Vunder AS\"},\"image\":{\"@id\":\"https:\/\/hobstop.ee\/lt\/#\/schema\/logo\/image\/\"},\"sameAs\":[\"http:\/\/www.facebook.com\/VunderSkizze\"]}]}<\/script>\n<!-- \/ Yoast SEO plugin. -->","yoast_head_json":{"title":"Balionas apvalus Rayher skaidrus &#8211; Skizze","robots":{"index":"noindex","follow":"follow","max-snippet":"max-snippet:-1","max-image-preview":"max-image-preview:large","max-video-preview":"max-video-preview:-1"},"og_locale":"lt_LT","og_type":"article","og_title":"Balionas apvalus Rayher skaidrus &#8211; Skizze","og_description":"Skaidrus balionas \u201eRayher\u201c yra ypatingas b\u016bdas papuo\u0161ti j\u016bs\u0173 vakar\u0117l\u012f. Skaidr\u0173 balion\u0105 galima naudoti kaip vakar\u0117lio dekoravimo priemon\u0119 tiek viduje, tiek ir lauke! \u012e baliono vid\u0173 galite pripilti konfeti, kit\u0173 dekoratyvi\u0173 papuo\u0161im\u0173 arba tiesiog i\u0161ra\u0161yti markeriu arba nuda\u017eyti da\u017eais. Pripu\u010diamas oru arba heliu.","og_url":"https:\/\/hobstop.ee\/lt\/produktas\/balionas-apvalus-rayher-skaidrus\/","og_site_name":"Skizze","article_publisher":"http:\/\/www.facebook.com\/VunderSkizze","twitter_card":"summary_large_image","schema":{"@context":"https:\/\/schema.org","@graph":[{"@type":"WebPage","@id":"https:\/\/hobstop.ee\/lt\/produktas\/balionas-apvalus-rayher-skaidrus\/","url":"https:\/\/hobstop.ee\/lt\/produktas\/balionas-apvalus-rayher-skaidrus\/","name":"Balionas apvalus Rayher skaidrus &#8211; Skizze","isPartOf":{"@id":"https:\/\/hobstop.ee\/lt\/#website"},"datePublished":"2018-09-05T10:44:58+00:00","dateModified":"2018-09-05T10:44:58+00:00","breadcrumb":{"@id":"https:\/\/hobstop.ee\/lt\/produktas\/balionas-apvalus-rayher-skaidrus\/#breadcrumb"},"inLanguage":"lt","potentialAction":[{"@type":"ReadAction","target":["https:\/\/hobstop.ee\/lt\/produktas\/balionas-apvalus-rayher-skaidrus\/"]}]},{"@type":"BreadcrumbList","@id":"https:\/\/hobstop.ee\/lt\/produktas\/balionas-apvalus-rayher-skaidrus\/#breadcrumb","itemListElement":[{"@type":"ListItem","position":1,"name":"Avaleht","item":"https:\/\/hobstop.ee\/lt\/"},{"@type":"ListItem","position":2,"name":"Parduotuv\u0117","item":"https:\/\/hobstop.ee\/lt\/parduotuve\/"},{"@type":"ListItem","position":3,"name":"Balionas apvalus Rayher skaidrus"}]},{"@type":"WebSite","@id":"https:\/\/hobstop.ee\/lt\/#website","url":"https:\/\/hobstop.ee\/lt\/","name":"Skizze","description":"Dail\u0117s, pom\u0117gi\u0173 ir mokykliniai reikm\u0117nys","publisher":{"@id":"https:\/\/hobstop.ee\/lt\/#organization"},"potentialAction":[{"@type":"SearchAction","target":{"@type":"EntryPoint","urlTemplate":"https:\/\/hobstop.ee\/lt\/?s={search_term_string}"},"query-input":{"@type":"PropertyValueSpecification","valueRequired":true,"valueName":"search_term_string"}}],"inLanguage":"lt"},{"@type":"Organization","@id":"https:\/\/hobstop.ee\/lt\/#organization","name":"Vunder AS","url":"https:\/\/hobstop.ee\/lt\/","logo":{"@type":"ImageObject","inLanguage":"lt","@id":"https:\/\/hobstop.ee\/lt\/#\/schema\/logo\/image\/","url":"https:\/\/hobstop.ee\/media\/vunder-logo.png","contentUrl":"https:\/\/hobstop.ee\/media\/vunder-logo.png","width":127,"height":55,"caption":"Vunder AS"},"image":{"@id":"https:\/\/hobstop.ee\/lt\/#\/schema\/logo\/image\/"},"sameAs":["http:\/\/www.facebook.com\/VunderSkizze"]}]}},"_links":{"self":[{"href":"https:\/\/hobstop.ee\/lt\/wp-json\/wp\/v2\/product\/317523","targetHints":{"allow":["GET"]}}],"collection":[{"href":"https:\/\/hobstop.ee\/lt\/wp-json\/wp\/v2\/product"}],"about":[{"href":"https:\/\/hobstop.ee\/lt\/wp-json\/wp\/v2\/types\/product"}],"replies":[{"embeddable":true,"href":"https:\/\/hobstop.ee\/lt\/wp-json\/wp\/v2\/comments?post=317523"}],"wp:attachment":[{"href":"https:\/\/hobstop.ee\/lt\/wp-json\/wp\/v2\/media?parent=317523"}],"wp:term":[{"taxonomy":"product_cat","embeddable":true,"href":"https:\/\/hobstop.ee\/lt\/wp-json\/wp\/v2\/product_cat?post=317523"},{"taxonomy":"product_tag","embeddable":true,"href":"https:\/\/hobstop.ee\/lt\/wp-json\/wp\/v2\/product_tag?post=317523"}],"curies":[{"name":"wp","href":"https:\/\/api.w.org\/{rel}","templated":true}]}}