{"id":317531,"date":"2018-09-05T13:45:00","date_gmt":"2018-09-05T10:45:00","guid":{"rendered":"https:\/\/sharks.ee\/vunder_2019\/lt\/product\/vasko-smelis-zvakems-rayher\/"},"modified":"2018-09-05T13:45:00","modified_gmt":"2018-09-05T10:45:00","slug":"vasko-smelis-zvakems-rayher","status":"publish","type":"product","link":"https:\/\/hobstop.ee\/lt\/produktas\/vasko-smelis-zvakems-rayher\/","title":{"rendered":"Va\u0161ko sm\u0117lis \u017evak\u0117ms Rayher"},"content":{"rendered":"<p>\u017dvaki\u0173 sm\u0117lis \u201eRayher\u201c yra skirtas veiksmingam ir greitam \u017evaki\u0173 dekoravimui. Tiesiog \u012f ugniai atspar\u0173 ind\u0105 pripilkite \u017evali\u0173 sm\u0117lio ir \u012fd\u0117kite \u012f j\u012f dagt\u012f \u2013 sm\u0117lis yra paruo\u0161tas ap\u0161vietimui! Degdamas \u017evaki\u0173 sm\u0117lis suformuoja ma\u017edaug 5 cm plo\u010dio, pana\u0161\u0173 \u012f  arbatin\u0117s \u017evakut\u0117s \u012fdubim\u0105. Atau\u0161us\u012f i\u0161silyd\u017eius\u012f va\u0161k\u0105 be dagties i\u0161meskite \u012f organines atliekas. \u012ed\u0117kite dagt\u012f \u012f likus\u012f \u017evaki\u0173 sm\u0117l\u012f ir nauja \u017evak\u0117 yra paruo\u0161ta!  \u017dvaki\u0173 sm\u0117lis yra nat\u016bralus maistiniais da\u017eais nuda\u017eytas produktas; jis n\u0117ra atsparus UV spinduliams, tod\u0117l jo spalva gali \u0161iek tiek skirtis esant stipriems saul\u0117s spinduliams.<\/p>\n","protected":false},"excerpt":{"rendered":"<p>\u017dvaki\u0173 sm\u0117lis \u201eRayher\u201c yra skirtas veiksmingam ir greitam \u017evaki\u0173 dekoravimui. Tiesiog \u012f ugniai atspar\u0173 ind\u0105 pripilkite \u017evali\u0173 sm\u0117lio ir \u012fd\u0117kite \u012f j\u012f dagt\u012f \u2013 sm\u0117lis yra paruo\u0161tas ap\u0161vietimui! Degdamas \u017evaki\u0173 sm\u0117lis suformuoja ma\u017edaug 5 cm plo\u010dio, pana\u0161\u0173 \u012f arbatin\u0117s \u017evakut\u0117s \u012fdubim\u0105. Atau\u0161us\u012f i\u0161silyd\u017eius\u012f va\u0161k\u0105 be dagties i\u0161meskite \u012f organines atliekas. \u012ed\u0117kite dagt\u012f \u012f likus\u012f \u017evaki\u0173 sm\u0117l\u012f ir nauja \u017evak\u0117 yra paruo\u0161ta! \u017dvaki\u0173 sm\u0117lis yra nat\u016bralus maistiniais da\u017eais nuda\u017eytas produktas; jis n\u0117ra atsparus UV spinduliams, tod\u0117l jo spalva gali \u0161iek tiek skirtis esant stipriems saul\u0117s spinduliams.<\/p>\n","protected":false},"featured_media":317824,"comment_status":"closed","ping_status":"closed","template":"","meta":{"_acf_changed":false,"ep_exclude_from_search":false},"product_cat":[17919,18738,10088],"product_tag":[],"class_list":{"0":"post-317531","1":"product","2":"type-product","3":"status-publish","4":"has-post-thumbnail","6":"product_cat-pomegiu-prekes","7":"product_cat-vaskai-2","8":"product_cat-vaskas-zvakems-lieti-ir-dekoravimo-medziagos","10":"first","11":"instock","12":"taxable","13":"shipping-taxable","14":"product-type-simple"},"acf":[],"yoast_head":"<!-- This site is optimized with the Yoast SEO plugin v24.1 - https:\/\/yoast.com\/wordpress\/plugins\/seo\/ -->\n<title>Va\u0161ko sm\u0117lis \u017evak\u0117ms Rayher &#8211; Skizze<\/title>\n<meta name=\"robots\" content=\"noindex, follow, max-snippet:-1, max-image-preview:large, max-video-preview:-1\" \/>\n<meta property=\"og:locale\" content=\"lt_LT\" \/>\n<meta property=\"og:type\" content=\"article\" \/>\n<meta property=\"og:title\" content=\"Va\u0161ko sm\u0117lis \u017evak\u0117ms Rayher &#8211; Skizze\" \/>\n<meta property=\"og:description\" content=\"\u017dvaki\u0173 sm\u0117lis \u201eRayher\u201c yra skirtas veiksmingam ir greitam \u017evaki\u0173 dekoravimui. Tiesiog \u012f ugniai atspar\u0173 ind\u0105 pripilkite \u017evali\u0173 sm\u0117lio ir \u012fd\u0117kite \u012f j\u012f dagt\u012f \u2013 sm\u0117lis yra paruo\u0161tas ap\u0161vietimui! Degdamas \u017evaki\u0173 sm\u0117lis suformuoja ma\u017edaug 5 cm plo\u010dio, pana\u0161\u0173 \u012f arbatin\u0117s \u017evakut\u0117s \u012fdubim\u0105. Atau\u0161us\u012f i\u0161silyd\u017eius\u012f va\u0161k\u0105 be dagties i\u0161meskite \u012f organines atliekas. \u012ed\u0117kite dagt\u012f \u012f likus\u012f \u017evaki\u0173 sm\u0117l\u012f ir nauja \u017evak\u0117 yra paruo\u0161ta! \u017dvaki\u0173 sm\u0117lis yra nat\u016bralus maistiniais da\u017eais nuda\u017eytas produktas; jis n\u0117ra atsparus UV spinduliams, tod\u0117l jo spalva gali \u0161iek tiek skirtis esant stipriems saul\u0117s spinduliams.\" \/>\n<meta property=\"og:url\" content=\"https:\/\/hobstop.ee\/lt\/produktas\/vasko-smelis-zvakems-rayher\/\" \/>\n<meta property=\"og:site_name\" content=\"Skizze\" \/>\n<meta property=\"article:publisher\" content=\"http:\/\/www.facebook.com\/VunderSkizze\" \/>\n<meta property=\"og:image\" content=\"https:\/\/hobstop.ee\/media\/4939.jpg\" \/>\n\t<meta property=\"og:image:width\" content=\"1024\" \/>\n\t<meta property=\"og:image:height\" content=\"768\" \/>\n\t<meta property=\"og:image:type\" content=\"image\/jpeg\" \/>\n<meta name=\"twitter:card\" content=\"summary_large_image\" \/>\n<meta name=\"twitter:label1\" content=\"Est. reading time\" \/>\n\t<meta name=\"twitter:data1\" content=\"1 minute\" \/>\n<script type=\"application\/ld+json\" class=\"yoast-schema-graph\">{\"@context\":\"https:\/\/schema.org\",\"@graph\":[{\"@type\":\"WebPage\",\"@id\":\"https:\/\/hobstop.ee\/lt\/produktas\/vasko-smelis-zvakems-rayher\/\",\"url\":\"https:\/\/hobstop.ee\/lt\/produktas\/vasko-smelis-zvakems-rayher\/\",\"name\":\"Va\u0161ko sm\u0117lis \u017evak\u0117ms Rayher &#8211; Skizze\",\"isPartOf\":{\"@id\":\"https:\/\/hobstop.ee\/lt\/#website\"},\"primaryImageOfPage\":{\"@id\":\"https:\/\/hobstop.ee\/lt\/produktas\/vasko-smelis-zvakems-rayher\/#primaryimage\"},\"image\":{\"@id\":\"https:\/\/hobstop.ee\/lt\/produktas\/vasko-smelis-zvakems-rayher\/#primaryimage\"},\"thumbnailUrl\":\"https:\/\/hobstop.ee\/media\/4939.jpg\",\"datePublished\":\"2018-09-05T10:45:00+00:00\",\"dateModified\":\"2018-09-05T10:45:00+00:00\",\"breadcrumb\":{\"@id\":\"https:\/\/hobstop.ee\/lt\/produktas\/vasko-smelis-zvakems-rayher\/#breadcrumb\"},\"inLanguage\":\"lt\",\"potentialAction\":[{\"@type\":\"ReadAction\",\"target\":[\"https:\/\/hobstop.ee\/lt\/produktas\/vasko-smelis-zvakems-rayher\/\"]}]},{\"@type\":\"ImageObject\",\"inLanguage\":\"lt\",\"@id\":\"https:\/\/hobstop.ee\/lt\/produktas\/vasko-smelis-zvakems-rayher\/#primaryimage\",\"url\":\"https:\/\/hobstop.ee\/media\/4939.jpg\",\"contentUrl\":\"https:\/\/hobstop.ee\/media\/4939.jpg\",\"width\":1024,\"height\":768},{\"@type\":\"BreadcrumbList\",\"@id\":\"https:\/\/hobstop.ee\/lt\/produktas\/vasko-smelis-zvakems-rayher\/#breadcrumb\",\"itemListElement\":[{\"@type\":\"ListItem\",\"position\":1,\"name\":\"Avaleht\",\"item\":\"https:\/\/hobstop.ee\/lt\/\"},{\"@type\":\"ListItem\",\"position\":2,\"name\":\"Parduotuv\u0117\",\"item\":\"https:\/\/hobstop.ee\/lt\/parduotuve\/\"},{\"@type\":\"ListItem\",\"position\":3,\"name\":\"Va\u0161ko sm\u0117lis \u017evak\u0117ms Rayher\"}]},{\"@type\":\"WebSite\",\"@id\":\"https:\/\/hobstop.ee\/lt\/#website\",\"url\":\"https:\/\/hobstop.ee\/lt\/\",\"name\":\"Skizze\",\"description\":\"Dail\u0117s, pom\u0117gi\u0173 ir mokykliniai reikm\u0117nys\",\"publisher\":{\"@id\":\"https:\/\/hobstop.ee\/lt\/#organization\"},\"potentialAction\":[{\"@type\":\"SearchAction\",\"target\":{\"@type\":\"EntryPoint\",\"urlTemplate\":\"https:\/\/hobstop.ee\/lt\/?s={search_term_string}\"},\"query-input\":{\"@type\":\"PropertyValueSpecification\",\"valueRequired\":true,\"valueName\":\"search_term_string\"}}],\"inLanguage\":\"lt\"},{\"@type\":\"Organization\",\"@id\":\"https:\/\/hobstop.ee\/lt\/#organization\",\"name\":\"Vunder AS\",\"url\":\"https:\/\/hobstop.ee\/lt\/\",\"logo\":{\"@type\":\"ImageObject\",\"inLanguage\":\"lt\",\"@id\":\"https:\/\/hobstop.ee\/lt\/#\/schema\/logo\/image\/\",\"url\":\"https:\/\/hobstop.ee\/media\/vunder-logo.png\",\"contentUrl\":\"https:\/\/hobstop.ee\/media\/vunder-logo.png\",\"width\":127,\"height\":55,\"caption\":\"Vunder AS\"},\"image\":{\"@id\":\"https:\/\/hobstop.ee\/lt\/#\/schema\/logo\/image\/\"},\"sameAs\":[\"http:\/\/www.facebook.com\/VunderSkizze\"]}]}<\/script>\n<!-- \/ Yoast SEO plugin. -->","yoast_head_json":{"title":"Va\u0161ko sm\u0117lis \u017evak\u0117ms Rayher &#8211; Skizze","robots":{"index":"noindex","follow":"follow","max-snippet":"max-snippet:-1","max-image-preview":"max-image-preview:large","max-video-preview":"max-video-preview:-1"},"og_locale":"lt_LT","og_type":"article","og_title":"Va\u0161ko sm\u0117lis \u017evak\u0117ms Rayher &#8211; Skizze","og_description":"\u017dvaki\u0173 sm\u0117lis \u201eRayher\u201c yra skirtas veiksmingam ir greitam \u017evaki\u0173 dekoravimui. Tiesiog \u012f ugniai atspar\u0173 ind\u0105 pripilkite \u017evali\u0173 sm\u0117lio ir \u012fd\u0117kite \u012f j\u012f dagt\u012f \u2013 sm\u0117lis yra paruo\u0161tas ap\u0161vietimui! Degdamas \u017evaki\u0173 sm\u0117lis suformuoja ma\u017edaug 5 cm plo\u010dio, pana\u0161\u0173 \u012f arbatin\u0117s \u017evakut\u0117s \u012fdubim\u0105. Atau\u0161us\u012f i\u0161silyd\u017eius\u012f va\u0161k\u0105 be dagties i\u0161meskite \u012f organines atliekas. \u012ed\u0117kite dagt\u012f \u012f likus\u012f \u017evaki\u0173 sm\u0117l\u012f ir nauja \u017evak\u0117 yra paruo\u0161ta! \u017dvaki\u0173 sm\u0117lis yra nat\u016bralus maistiniais da\u017eais nuda\u017eytas produktas; jis n\u0117ra atsparus UV spinduliams, tod\u0117l jo spalva gali \u0161iek tiek skirtis esant stipriems saul\u0117s spinduliams.","og_url":"https:\/\/hobstop.ee\/lt\/produktas\/vasko-smelis-zvakems-rayher\/","og_site_name":"Skizze","article_publisher":"http:\/\/www.facebook.com\/VunderSkizze","og_image":[{"width":1024,"height":768,"url":"https:\/\/hobstop.ee\/media\/4939.jpg","type":"image\/jpeg"}],"twitter_card":"summary_large_image","twitter_misc":{"Est. reading time":"1 minute"},"schema":{"@context":"https:\/\/schema.org","@graph":[{"@type":"WebPage","@id":"https:\/\/hobstop.ee\/lt\/produktas\/vasko-smelis-zvakems-rayher\/","url":"https:\/\/hobstop.ee\/lt\/produktas\/vasko-smelis-zvakems-rayher\/","name":"Va\u0161ko sm\u0117lis \u017evak\u0117ms Rayher &#8211; Skizze","isPartOf":{"@id":"https:\/\/hobstop.ee\/lt\/#website"},"primaryImageOfPage":{"@id":"https:\/\/hobstop.ee\/lt\/produktas\/vasko-smelis-zvakems-rayher\/#primaryimage"},"image":{"@id":"https:\/\/hobstop.ee\/lt\/produktas\/vasko-smelis-zvakems-rayher\/#primaryimage"},"thumbnailUrl":"https:\/\/hobstop.ee\/media\/4939.jpg","datePublished":"2018-09-05T10:45:00+00:00","dateModified":"2018-09-05T10:45:00+00:00","breadcrumb":{"@id":"https:\/\/hobstop.ee\/lt\/produktas\/vasko-smelis-zvakems-rayher\/#breadcrumb"},"inLanguage":"lt","potentialAction":[{"@type":"ReadAction","target":["https:\/\/hobstop.ee\/lt\/produktas\/vasko-smelis-zvakems-rayher\/"]}]},{"@type":"ImageObject","inLanguage":"lt","@id":"https:\/\/hobstop.ee\/lt\/produktas\/vasko-smelis-zvakems-rayher\/#primaryimage","url":"https:\/\/hobstop.ee\/media\/4939.jpg","contentUrl":"https:\/\/hobstop.ee\/media\/4939.jpg","width":1024,"height":768},{"@type":"BreadcrumbList","@id":"https:\/\/hobstop.ee\/lt\/produktas\/vasko-smelis-zvakems-rayher\/#breadcrumb","itemListElement":[{"@type":"ListItem","position":1,"name":"Avaleht","item":"https:\/\/hobstop.ee\/lt\/"},{"@type":"ListItem","position":2,"name":"Parduotuv\u0117","item":"https:\/\/hobstop.ee\/lt\/parduotuve\/"},{"@type":"ListItem","position":3,"name":"Va\u0161ko sm\u0117lis \u017evak\u0117ms Rayher"}]},{"@type":"WebSite","@id":"https:\/\/hobstop.ee\/lt\/#website","url":"https:\/\/hobstop.ee\/lt\/","name":"Skizze","description":"Dail\u0117s, pom\u0117gi\u0173 ir mokykliniai reikm\u0117nys","publisher":{"@id":"https:\/\/hobstop.ee\/lt\/#organization"},"potentialAction":[{"@type":"SearchAction","target":{"@type":"EntryPoint","urlTemplate":"https:\/\/hobstop.ee\/lt\/?s={search_term_string}"},"query-input":{"@type":"PropertyValueSpecification","valueRequired":true,"valueName":"search_term_string"}}],"inLanguage":"lt"},{"@type":"Organization","@id":"https:\/\/hobstop.ee\/lt\/#organization","name":"Vunder AS","url":"https:\/\/hobstop.ee\/lt\/","logo":{"@type":"ImageObject","inLanguage":"lt","@id":"https:\/\/hobstop.ee\/lt\/#\/schema\/logo\/image\/","url":"https:\/\/hobstop.ee\/media\/vunder-logo.png","contentUrl":"https:\/\/hobstop.ee\/media\/vunder-logo.png","width":127,"height":55,"caption":"Vunder AS"},"image":{"@id":"https:\/\/hobstop.ee\/lt\/#\/schema\/logo\/image\/"},"sameAs":["http:\/\/www.facebook.com\/VunderSkizze"]}]}},"_links":{"self":[{"href":"https:\/\/hobstop.ee\/lt\/wp-json\/wp\/v2\/product\/317531","targetHints":{"allow":["GET"]}}],"collection":[{"href":"https:\/\/hobstop.ee\/lt\/wp-json\/wp\/v2\/product"}],"about":[{"href":"https:\/\/hobstop.ee\/lt\/wp-json\/wp\/v2\/types\/product"}],"replies":[{"embeddable":true,"href":"https:\/\/hobstop.ee\/lt\/wp-json\/wp\/v2\/comments?post=317531"}],"wp:featuredmedia":[{"embeddable":true,"href":"https:\/\/hobstop.ee\/lt\/wp-json\/wp\/v2\/media\/317824"}],"wp:attachment":[{"href":"https:\/\/hobstop.ee\/lt\/wp-json\/wp\/v2\/media?parent=317531"}],"wp:term":[{"taxonomy":"product_cat","embeddable":true,"href":"https:\/\/hobstop.ee\/lt\/wp-json\/wp\/v2\/product_cat?post=317531"},{"taxonomy":"product_tag","embeddable":true,"href":"https:\/\/hobstop.ee\/lt\/wp-json\/wp\/v2\/product_tag?post=317531"}],"curies":[{"name":"wp","href":"https:\/\/api.w.org\/{rel}","templated":true}]}}