{"id":317535,"date":"2018-09-05T13:45:01","date_gmt":"2018-09-05T10:45:01","guid":{"rendered":"https:\/\/sharks.ee\/vunder_2019\/lt\/product\/popierinis-maiselis-rayher-su-apvaliu-pagrindu\/"},"modified":"2018-09-05T13:45:01","modified_gmt":"2018-09-05T10:45:01","slug":"popierinis-maiselis-rayher-su-apvaliu-pagrindu","status":"publish","type":"product","link":"https:\/\/hobstop.ee\/lt\/produktas\/popierinis-maiselis-rayher-su-apvaliu-pagrindu\/","title":{"rendered":"Popierinis mai\u0161elis Rayher su apvaliu pagrindu"},"content":{"rendered":"<p>Popieriaus mai\u0161elis \u201eRayher\u201c yra pagamintas i\u0161 dvipusio Kraft popieriaus, tod\u0117l yra neper\u0161lampamas \u2013 popierius sugeria dr\u0117gm\u0119, i\u0161d\u017ei\u016bv\u0119s i\u0161laiko savo form\u0105 ir nei\u0161ty\u017eta.  Mai\u0161elio dugnas yra apvalus, jis yra pagamintas i\u0161 tvirtos med\u017eiagos, tod\u0117l yra ideali nam\u0173 dekoravimo priemon\u0117.<\/p>\n","protected":false},"excerpt":{"rendered":"<p>Popieriaus mai\u0161elis \u201eRayher\u201c yra pagamintas i\u0161 dvipusio Kraft popieriaus, tod\u0117l yra neper\u0161lampamas \u2013 popierius sugeria dr\u0117gm\u0119, i\u0161d\u017ei\u016bv\u0119s i\u0161laiko savo form\u0105 ir nei\u0161ty\u017eta. Mai\u0161elio dugnas yra apvalus, jis yra pagamintas i\u0161 tvirtos med\u017eiagos, tod\u0117l yra ideali nam\u0173 dekoravimo priemon\u0117.<\/p>\n","protected":false},"featured_media":317828,"comment_status":"closed","ping_status":"closed","template":"","meta":{"_acf_changed":false,"ep_exclude_from_search":false},"product_cat":[18983,17969,17919],"product_tag":[],"class_list":{"0":"post-317535","1":"product","2":"type-product","3":"status-publish","4":"has-post-thumbnail","6":"product_cat-ivairus-38","7":"product_cat-kitos-prekes","8":"product_cat-pomegiu-prekes","10":"first","11":"instock","12":"taxable","13":"shipping-taxable","14":"product-type-simple"},"acf":[],"yoast_head":"<!-- This site is optimized with the Yoast SEO plugin v24.1 - https:\/\/yoast.com\/wordpress\/plugins\/seo\/ -->\n<title>Popierinis mai\u0161elis Rayher su apvaliu pagrindu &#8211; Skizze<\/title>\n<meta name=\"robots\" content=\"noindex, follow, max-snippet:-1, max-image-preview:large, max-video-preview:-1\" \/>\n<meta property=\"og:locale\" content=\"lt_LT\" \/>\n<meta property=\"og:type\" content=\"article\" \/>\n<meta property=\"og:title\" content=\"Popierinis mai\u0161elis Rayher su apvaliu pagrindu &#8211; Skizze\" \/>\n<meta property=\"og:description\" content=\"Popieriaus mai\u0161elis \u201eRayher\u201c yra pagamintas i\u0161 dvipusio Kraft popieriaus, tod\u0117l yra neper\u0161lampamas \u2013 popierius sugeria dr\u0117gm\u0119, i\u0161d\u017ei\u016bv\u0119s i\u0161laiko savo form\u0105 ir nei\u0161ty\u017eta. Mai\u0161elio dugnas yra apvalus, jis yra pagamintas i\u0161 tvirtos med\u017eiagos, tod\u0117l yra ideali nam\u0173 dekoravimo priemon\u0117.\" \/>\n<meta property=\"og:url\" content=\"https:\/\/hobstop.ee\/lt\/produktas\/popierinis-maiselis-rayher-su-apvaliu-pagrindu\/\" \/>\n<meta property=\"og:site_name\" content=\"Skizze\" \/>\n<meta property=\"article:publisher\" content=\"http:\/\/www.facebook.com\/VunderSkizze\" \/>\n<meta property=\"og:image\" content=\"https:\/\/hobstop.ee\/media\/4940.jpg\" \/>\n\t<meta property=\"og:image:width\" content=\"1024\" \/>\n\t<meta property=\"og:image:height\" content=\"768\" \/>\n\t<meta property=\"og:image:type\" content=\"image\/jpeg\" \/>\n<meta name=\"twitter:card\" content=\"summary_large_image\" \/>\n<script type=\"application\/ld+json\" class=\"yoast-schema-graph\">{\"@context\":\"https:\/\/schema.org\",\"@graph\":[{\"@type\":\"WebPage\",\"@id\":\"https:\/\/hobstop.ee\/lt\/produktas\/popierinis-maiselis-rayher-su-apvaliu-pagrindu\/\",\"url\":\"https:\/\/hobstop.ee\/lt\/produktas\/popierinis-maiselis-rayher-su-apvaliu-pagrindu\/\",\"name\":\"Popierinis mai\u0161elis Rayher su apvaliu pagrindu &#8211; Skizze\",\"isPartOf\":{\"@id\":\"https:\/\/hobstop.ee\/lt\/#website\"},\"primaryImageOfPage\":{\"@id\":\"https:\/\/hobstop.ee\/lt\/produktas\/popierinis-maiselis-rayher-su-apvaliu-pagrindu\/#primaryimage\"},\"image\":{\"@id\":\"https:\/\/hobstop.ee\/lt\/produktas\/popierinis-maiselis-rayher-su-apvaliu-pagrindu\/#primaryimage\"},\"thumbnailUrl\":\"https:\/\/hobstop.ee\/media\/4940.jpg\",\"datePublished\":\"2018-09-05T10:45:01+00:00\",\"dateModified\":\"2018-09-05T10:45:01+00:00\",\"breadcrumb\":{\"@id\":\"https:\/\/hobstop.ee\/lt\/produktas\/popierinis-maiselis-rayher-su-apvaliu-pagrindu\/#breadcrumb\"},\"inLanguage\":\"lt\",\"potentialAction\":[{\"@type\":\"ReadAction\",\"target\":[\"https:\/\/hobstop.ee\/lt\/produktas\/popierinis-maiselis-rayher-su-apvaliu-pagrindu\/\"]}]},{\"@type\":\"ImageObject\",\"inLanguage\":\"lt\",\"@id\":\"https:\/\/hobstop.ee\/lt\/produktas\/popierinis-maiselis-rayher-su-apvaliu-pagrindu\/#primaryimage\",\"url\":\"https:\/\/hobstop.ee\/media\/4940.jpg\",\"contentUrl\":\"https:\/\/hobstop.ee\/media\/4940.jpg\",\"width\":1024,\"height\":768},{\"@type\":\"BreadcrumbList\",\"@id\":\"https:\/\/hobstop.ee\/lt\/produktas\/popierinis-maiselis-rayher-su-apvaliu-pagrindu\/#breadcrumb\",\"itemListElement\":[{\"@type\":\"ListItem\",\"position\":1,\"name\":\"Avaleht\",\"item\":\"https:\/\/hobstop.ee\/lt\/\"},{\"@type\":\"ListItem\",\"position\":2,\"name\":\"Parduotuv\u0117\",\"item\":\"https:\/\/hobstop.ee\/lt\/parduotuve\/\"},{\"@type\":\"ListItem\",\"position\":3,\"name\":\"Popierinis mai\u0161elis Rayher su apvaliu pagrindu\"}]},{\"@type\":\"WebSite\",\"@id\":\"https:\/\/hobstop.ee\/lt\/#website\",\"url\":\"https:\/\/hobstop.ee\/lt\/\",\"name\":\"Skizze\",\"description\":\"Dail\u0117s, pom\u0117gi\u0173 ir mokykliniai reikm\u0117nys\",\"publisher\":{\"@id\":\"https:\/\/hobstop.ee\/lt\/#organization\"},\"potentialAction\":[{\"@type\":\"SearchAction\",\"target\":{\"@type\":\"EntryPoint\",\"urlTemplate\":\"https:\/\/hobstop.ee\/lt\/?s={search_term_string}\"},\"query-input\":{\"@type\":\"PropertyValueSpecification\",\"valueRequired\":true,\"valueName\":\"search_term_string\"}}],\"inLanguage\":\"lt\"},{\"@type\":\"Organization\",\"@id\":\"https:\/\/hobstop.ee\/lt\/#organization\",\"name\":\"Vunder AS\",\"url\":\"https:\/\/hobstop.ee\/lt\/\",\"logo\":{\"@type\":\"ImageObject\",\"inLanguage\":\"lt\",\"@id\":\"https:\/\/hobstop.ee\/lt\/#\/schema\/logo\/image\/\",\"url\":\"https:\/\/hobstop.ee\/media\/vunder-logo.png\",\"contentUrl\":\"https:\/\/hobstop.ee\/media\/vunder-logo.png\",\"width\":127,\"height\":55,\"caption\":\"Vunder AS\"},\"image\":{\"@id\":\"https:\/\/hobstop.ee\/lt\/#\/schema\/logo\/image\/\"},\"sameAs\":[\"http:\/\/www.facebook.com\/VunderSkizze\"]}]}<\/script>\n<!-- \/ Yoast SEO plugin. -->","yoast_head_json":{"title":"Popierinis mai\u0161elis Rayher su apvaliu pagrindu &#8211; Skizze","robots":{"index":"noindex","follow":"follow","max-snippet":"max-snippet:-1","max-image-preview":"max-image-preview:large","max-video-preview":"max-video-preview:-1"},"og_locale":"lt_LT","og_type":"article","og_title":"Popierinis mai\u0161elis Rayher su apvaliu pagrindu &#8211; Skizze","og_description":"Popieriaus mai\u0161elis \u201eRayher\u201c yra pagamintas i\u0161 dvipusio Kraft popieriaus, tod\u0117l yra neper\u0161lampamas \u2013 popierius sugeria dr\u0117gm\u0119, i\u0161d\u017ei\u016bv\u0119s i\u0161laiko savo form\u0105 ir nei\u0161ty\u017eta. Mai\u0161elio dugnas yra apvalus, jis yra pagamintas i\u0161 tvirtos med\u017eiagos, tod\u0117l yra ideali nam\u0173 dekoravimo priemon\u0117.","og_url":"https:\/\/hobstop.ee\/lt\/produktas\/popierinis-maiselis-rayher-su-apvaliu-pagrindu\/","og_site_name":"Skizze","article_publisher":"http:\/\/www.facebook.com\/VunderSkizze","og_image":[{"width":1024,"height":768,"url":"https:\/\/hobstop.ee\/media\/4940.jpg","type":"image\/jpeg"}],"twitter_card":"summary_large_image","schema":{"@context":"https:\/\/schema.org","@graph":[{"@type":"WebPage","@id":"https:\/\/hobstop.ee\/lt\/produktas\/popierinis-maiselis-rayher-su-apvaliu-pagrindu\/","url":"https:\/\/hobstop.ee\/lt\/produktas\/popierinis-maiselis-rayher-su-apvaliu-pagrindu\/","name":"Popierinis mai\u0161elis Rayher su apvaliu pagrindu &#8211; Skizze","isPartOf":{"@id":"https:\/\/hobstop.ee\/lt\/#website"},"primaryImageOfPage":{"@id":"https:\/\/hobstop.ee\/lt\/produktas\/popierinis-maiselis-rayher-su-apvaliu-pagrindu\/#primaryimage"},"image":{"@id":"https:\/\/hobstop.ee\/lt\/produktas\/popierinis-maiselis-rayher-su-apvaliu-pagrindu\/#primaryimage"},"thumbnailUrl":"https:\/\/hobstop.ee\/media\/4940.jpg","datePublished":"2018-09-05T10:45:01+00:00","dateModified":"2018-09-05T10:45:01+00:00","breadcrumb":{"@id":"https:\/\/hobstop.ee\/lt\/produktas\/popierinis-maiselis-rayher-su-apvaliu-pagrindu\/#breadcrumb"},"inLanguage":"lt","potentialAction":[{"@type":"ReadAction","target":["https:\/\/hobstop.ee\/lt\/produktas\/popierinis-maiselis-rayher-su-apvaliu-pagrindu\/"]}]},{"@type":"ImageObject","inLanguage":"lt","@id":"https:\/\/hobstop.ee\/lt\/produktas\/popierinis-maiselis-rayher-su-apvaliu-pagrindu\/#primaryimage","url":"https:\/\/hobstop.ee\/media\/4940.jpg","contentUrl":"https:\/\/hobstop.ee\/media\/4940.jpg","width":1024,"height":768},{"@type":"BreadcrumbList","@id":"https:\/\/hobstop.ee\/lt\/produktas\/popierinis-maiselis-rayher-su-apvaliu-pagrindu\/#breadcrumb","itemListElement":[{"@type":"ListItem","position":1,"name":"Avaleht","item":"https:\/\/hobstop.ee\/lt\/"},{"@type":"ListItem","position":2,"name":"Parduotuv\u0117","item":"https:\/\/hobstop.ee\/lt\/parduotuve\/"},{"@type":"ListItem","position":3,"name":"Popierinis mai\u0161elis Rayher su apvaliu pagrindu"}]},{"@type":"WebSite","@id":"https:\/\/hobstop.ee\/lt\/#website","url":"https:\/\/hobstop.ee\/lt\/","name":"Skizze","description":"Dail\u0117s, pom\u0117gi\u0173 ir mokykliniai reikm\u0117nys","publisher":{"@id":"https:\/\/hobstop.ee\/lt\/#organization"},"potentialAction":[{"@type":"SearchAction","target":{"@type":"EntryPoint","urlTemplate":"https:\/\/hobstop.ee\/lt\/?s={search_term_string}"},"query-input":{"@type":"PropertyValueSpecification","valueRequired":true,"valueName":"search_term_string"}}],"inLanguage":"lt"},{"@type":"Organization","@id":"https:\/\/hobstop.ee\/lt\/#organization","name":"Vunder AS","url":"https:\/\/hobstop.ee\/lt\/","logo":{"@type":"ImageObject","inLanguage":"lt","@id":"https:\/\/hobstop.ee\/lt\/#\/schema\/logo\/image\/","url":"https:\/\/hobstop.ee\/media\/vunder-logo.png","contentUrl":"https:\/\/hobstop.ee\/media\/vunder-logo.png","width":127,"height":55,"caption":"Vunder AS"},"image":{"@id":"https:\/\/hobstop.ee\/lt\/#\/schema\/logo\/image\/"},"sameAs":["http:\/\/www.facebook.com\/VunderSkizze"]}]}},"_links":{"self":[{"href":"https:\/\/hobstop.ee\/lt\/wp-json\/wp\/v2\/product\/317535","targetHints":{"allow":["GET"]}}],"collection":[{"href":"https:\/\/hobstop.ee\/lt\/wp-json\/wp\/v2\/product"}],"about":[{"href":"https:\/\/hobstop.ee\/lt\/wp-json\/wp\/v2\/types\/product"}],"replies":[{"embeddable":true,"href":"https:\/\/hobstop.ee\/lt\/wp-json\/wp\/v2\/comments?post=317535"}],"wp:featuredmedia":[{"embeddable":true,"href":"https:\/\/hobstop.ee\/lt\/wp-json\/wp\/v2\/media\/317828"}],"wp:attachment":[{"href":"https:\/\/hobstop.ee\/lt\/wp-json\/wp\/v2\/media?parent=317535"}],"wp:term":[{"taxonomy":"product_cat","embeddable":true,"href":"https:\/\/hobstop.ee\/lt\/wp-json\/wp\/v2\/product_cat?post=317535"},{"taxonomy":"product_tag","embeddable":true,"href":"https:\/\/hobstop.ee\/lt\/wp-json\/wp\/v2\/product_tag?post=317535"}],"curies":[{"name":"wp","href":"https:\/\/api.w.org\/{rel}","templated":true}]}}