{"id":317539,"date":"2018-09-05T13:45:02","date_gmt":"2018-09-05T10:45:02","guid":{"rendered":"https:\/\/sharks.ee\/vunder_2019\/lt\/product\/klijai-putplasciui-rayher\/"},"modified":"2018-09-05T13:45:02","modified_gmt":"2018-09-05T10:45:02","slug":"klijai-putplasciui-rayher","status":"publish","type":"product","link":"https:\/\/hobstop.ee\/lt\/produktas\/klijai-putplasciui-rayher\/","title":{"rendered":"Klijai putplas\u010diui Rayher"},"content":{"rendered":"<p>Skaidr\u016bs, paruo\u0161ti naudoti special\u016bs stiroporo klijai \u201eRayher\u201c yra skirti stiroporui, polistirenui ir putplas\u010diui klijuoti. Klijus lengva naudoti, jie greitai i\u0161d\u017ei\u016bsta ir yra itin lipn\u016bs, tod\u0117l stiroporas i\u0161lieka nepa\u017eeistas. \u0160velniai patepkite klijais i\u0161 abiej\u0173 pusi\u0173 ir palaukite, kol visi\u0161kai i\u0161d\u017eius. Klij\u0173 sud\u0117tyje yra tirpikli\u0173, tod\u0117l jie gali pakenkti da\u017eytiems daiktams.<\/p>\n","protected":false},"excerpt":{"rendered":"<p>Skaidr\u016bs, paruo\u0161ti naudoti special\u016bs stiroporo klijai \u201eRayher\u201c yra skirti stiroporui, polistirenui ir putplas\u010diui klijuoti. Klijus lengva naudoti, jie greitai i\u0161d\u017ei\u016bsta ir yra itin lipn\u016bs, tod\u0117l stiroporas i\u0161lieka nepa\u017eeistas. \u0160velniai patepkite klijais i\u0161 abiej\u0173 pusi\u0173 ir palaukite, kol visi\u0161kai i\u0161d\u017eius. Klij\u0173 sud\u0117tyje yra tirpikli\u0173, tod\u0117l jie gali pakenkti da\u017eytiems daiktams.<\/p>\n","protected":false},"featured_media":317832,"comment_status":"closed","ping_status":"closed","template":"","meta":{"_acf_changed":false,"ep_exclude_from_search":false},"product_cat":[17919,19847,19856],"product_tag":[],"class_list":{"0":"post-317539","1":"product","2":"type-product","3":"status-publish","4":"has-post-thumbnail","6":"product_cat-pomegiu-prekes","7":"product_cat-rankdarbiu-klijai","8":"product_cat-specialus-klijai","10":"first","11":"instock","12":"taxable","13":"shipping-taxable","14":"purchasable","15":"product-type-simple"},"acf":[],"yoast_head":"<!-- This site is optimized with the Yoast SEO plugin v24.1 - https:\/\/yoast.com\/wordpress\/plugins\/seo\/ -->\n<title>Klijai putplas\u010diui Rayher &#8211; Skizze<\/title>\n<meta name=\"robots\" content=\"noindex, follow, max-snippet:-1, max-image-preview:large, max-video-preview:-1\" \/>\n<meta property=\"og:locale\" content=\"lt_LT\" \/>\n<meta property=\"og:type\" content=\"article\" \/>\n<meta property=\"og:title\" content=\"Klijai putplas\u010diui Rayher &#8211; Skizze\" \/>\n<meta property=\"og:description\" content=\"Skaidr\u016bs, paruo\u0161ti naudoti special\u016bs stiroporo klijai \u201eRayher\u201c yra skirti stiroporui, polistirenui ir putplas\u010diui klijuoti. Klijus lengva naudoti, jie greitai i\u0161d\u017ei\u016bsta ir yra itin lipn\u016bs, tod\u0117l stiroporas i\u0161lieka nepa\u017eeistas. \u0160velniai patepkite klijais i\u0161 abiej\u0173 pusi\u0173 ir palaukite, kol visi\u0161kai i\u0161d\u017eius. Klij\u0173 sud\u0117tyje yra tirpikli\u0173, tod\u0117l jie gali pakenkti da\u017eytiems daiktams.\" \/>\n<meta property=\"og:url\" content=\"https:\/\/hobstop.ee\/lt\/produktas\/klijai-putplasciui-rayher\/\" \/>\n<meta property=\"og:site_name\" content=\"Skizze\" \/>\n<meta property=\"article:publisher\" content=\"http:\/\/www.facebook.com\/VunderSkizze\" \/>\n<meta property=\"og:image\" content=\"https:\/\/hobstop.ee\/media\/4943.jpg\" \/>\n\t<meta property=\"og:image:width\" content=\"1024\" \/>\n\t<meta property=\"og:image:height\" content=\"768\" \/>\n\t<meta property=\"og:image:type\" content=\"image\/jpeg\" \/>\n<meta name=\"twitter:card\" content=\"summary_large_image\" \/>\n<script type=\"application\/ld+json\" class=\"yoast-schema-graph\">{\"@context\":\"https:\/\/schema.org\",\"@graph\":[{\"@type\":\"WebPage\",\"@id\":\"https:\/\/hobstop.ee\/lt\/produktas\/klijai-putplasciui-rayher\/\",\"url\":\"https:\/\/hobstop.ee\/lt\/produktas\/klijai-putplasciui-rayher\/\",\"name\":\"Klijai putplas\u010diui Rayher &#8211; Skizze\",\"isPartOf\":{\"@id\":\"https:\/\/hobstop.ee\/lt\/#website\"},\"primaryImageOfPage\":{\"@id\":\"https:\/\/hobstop.ee\/lt\/produktas\/klijai-putplasciui-rayher\/#primaryimage\"},\"image\":{\"@id\":\"https:\/\/hobstop.ee\/lt\/produktas\/klijai-putplasciui-rayher\/#primaryimage\"},\"thumbnailUrl\":\"https:\/\/hobstop.ee\/media\/4943.jpg\",\"datePublished\":\"2018-09-05T10:45:02+00:00\",\"dateModified\":\"2018-09-05T10:45:02+00:00\",\"breadcrumb\":{\"@id\":\"https:\/\/hobstop.ee\/lt\/produktas\/klijai-putplasciui-rayher\/#breadcrumb\"},\"inLanguage\":\"lt\",\"potentialAction\":[{\"@type\":\"ReadAction\",\"target\":[\"https:\/\/hobstop.ee\/lt\/produktas\/klijai-putplasciui-rayher\/\"]}]},{\"@type\":\"ImageObject\",\"inLanguage\":\"lt\",\"@id\":\"https:\/\/hobstop.ee\/lt\/produktas\/klijai-putplasciui-rayher\/#primaryimage\",\"url\":\"https:\/\/hobstop.ee\/media\/4943.jpg\",\"contentUrl\":\"https:\/\/hobstop.ee\/media\/4943.jpg\",\"width\":1024,\"height\":768},{\"@type\":\"BreadcrumbList\",\"@id\":\"https:\/\/hobstop.ee\/lt\/produktas\/klijai-putplasciui-rayher\/#breadcrumb\",\"itemListElement\":[{\"@type\":\"ListItem\",\"position\":1,\"name\":\"Avaleht\",\"item\":\"https:\/\/hobstop.ee\/lt\/\"},{\"@type\":\"ListItem\",\"position\":2,\"name\":\"Parduotuv\u0117\",\"item\":\"https:\/\/hobstop.ee\/lt\/parduotuve\/\"},{\"@type\":\"ListItem\",\"position\":3,\"name\":\"Klijai putplas\u010diui Rayher\"}]},{\"@type\":\"WebSite\",\"@id\":\"https:\/\/hobstop.ee\/lt\/#website\",\"url\":\"https:\/\/hobstop.ee\/lt\/\",\"name\":\"Skizze\",\"description\":\"Dail\u0117s, pom\u0117gi\u0173 ir mokykliniai reikm\u0117nys\",\"publisher\":{\"@id\":\"https:\/\/hobstop.ee\/lt\/#organization\"},\"potentialAction\":[{\"@type\":\"SearchAction\",\"target\":{\"@type\":\"EntryPoint\",\"urlTemplate\":\"https:\/\/hobstop.ee\/lt\/?s={search_term_string}\"},\"query-input\":{\"@type\":\"PropertyValueSpecification\",\"valueRequired\":true,\"valueName\":\"search_term_string\"}}],\"inLanguage\":\"lt\"},{\"@type\":\"Organization\",\"@id\":\"https:\/\/hobstop.ee\/lt\/#organization\",\"name\":\"Vunder AS\",\"url\":\"https:\/\/hobstop.ee\/lt\/\",\"logo\":{\"@type\":\"ImageObject\",\"inLanguage\":\"lt\",\"@id\":\"https:\/\/hobstop.ee\/lt\/#\/schema\/logo\/image\/\",\"url\":\"https:\/\/hobstop.ee\/media\/vunder-logo.png\",\"contentUrl\":\"https:\/\/hobstop.ee\/media\/vunder-logo.png\",\"width\":127,\"height\":55,\"caption\":\"Vunder AS\"},\"image\":{\"@id\":\"https:\/\/hobstop.ee\/lt\/#\/schema\/logo\/image\/\"},\"sameAs\":[\"http:\/\/www.facebook.com\/VunderSkizze\"]}]}<\/script>\n<!-- \/ Yoast SEO plugin. -->","yoast_head_json":{"title":"Klijai putplas\u010diui Rayher &#8211; Skizze","robots":{"index":"noindex","follow":"follow","max-snippet":"max-snippet:-1","max-image-preview":"max-image-preview:large","max-video-preview":"max-video-preview:-1"},"og_locale":"lt_LT","og_type":"article","og_title":"Klijai putplas\u010diui Rayher &#8211; Skizze","og_description":"Skaidr\u016bs, paruo\u0161ti naudoti special\u016bs stiroporo klijai \u201eRayher\u201c yra skirti stiroporui, polistirenui ir putplas\u010diui klijuoti. Klijus lengva naudoti, jie greitai i\u0161d\u017ei\u016bsta ir yra itin lipn\u016bs, tod\u0117l stiroporas i\u0161lieka nepa\u017eeistas. \u0160velniai patepkite klijais i\u0161 abiej\u0173 pusi\u0173 ir palaukite, kol visi\u0161kai i\u0161d\u017eius. Klij\u0173 sud\u0117tyje yra tirpikli\u0173, tod\u0117l jie gali pakenkti da\u017eytiems daiktams.","og_url":"https:\/\/hobstop.ee\/lt\/produktas\/klijai-putplasciui-rayher\/","og_site_name":"Skizze","article_publisher":"http:\/\/www.facebook.com\/VunderSkizze","og_image":[{"width":1024,"height":768,"url":"https:\/\/hobstop.ee\/media\/4943.jpg","type":"image\/jpeg"}],"twitter_card":"summary_large_image","schema":{"@context":"https:\/\/schema.org","@graph":[{"@type":"WebPage","@id":"https:\/\/hobstop.ee\/lt\/produktas\/klijai-putplasciui-rayher\/","url":"https:\/\/hobstop.ee\/lt\/produktas\/klijai-putplasciui-rayher\/","name":"Klijai putplas\u010diui Rayher &#8211; Skizze","isPartOf":{"@id":"https:\/\/hobstop.ee\/lt\/#website"},"primaryImageOfPage":{"@id":"https:\/\/hobstop.ee\/lt\/produktas\/klijai-putplasciui-rayher\/#primaryimage"},"image":{"@id":"https:\/\/hobstop.ee\/lt\/produktas\/klijai-putplasciui-rayher\/#primaryimage"},"thumbnailUrl":"https:\/\/hobstop.ee\/media\/4943.jpg","datePublished":"2018-09-05T10:45:02+00:00","dateModified":"2018-09-05T10:45:02+00:00","breadcrumb":{"@id":"https:\/\/hobstop.ee\/lt\/produktas\/klijai-putplasciui-rayher\/#breadcrumb"},"inLanguage":"lt","potentialAction":[{"@type":"ReadAction","target":["https:\/\/hobstop.ee\/lt\/produktas\/klijai-putplasciui-rayher\/"]}]},{"@type":"ImageObject","inLanguage":"lt","@id":"https:\/\/hobstop.ee\/lt\/produktas\/klijai-putplasciui-rayher\/#primaryimage","url":"https:\/\/hobstop.ee\/media\/4943.jpg","contentUrl":"https:\/\/hobstop.ee\/media\/4943.jpg","width":1024,"height":768},{"@type":"BreadcrumbList","@id":"https:\/\/hobstop.ee\/lt\/produktas\/klijai-putplasciui-rayher\/#breadcrumb","itemListElement":[{"@type":"ListItem","position":1,"name":"Avaleht","item":"https:\/\/hobstop.ee\/lt\/"},{"@type":"ListItem","position":2,"name":"Parduotuv\u0117","item":"https:\/\/hobstop.ee\/lt\/parduotuve\/"},{"@type":"ListItem","position":3,"name":"Klijai putplas\u010diui Rayher"}]},{"@type":"WebSite","@id":"https:\/\/hobstop.ee\/lt\/#website","url":"https:\/\/hobstop.ee\/lt\/","name":"Skizze","description":"Dail\u0117s, pom\u0117gi\u0173 ir mokykliniai reikm\u0117nys","publisher":{"@id":"https:\/\/hobstop.ee\/lt\/#organization"},"potentialAction":[{"@type":"SearchAction","target":{"@type":"EntryPoint","urlTemplate":"https:\/\/hobstop.ee\/lt\/?s={search_term_string}"},"query-input":{"@type":"PropertyValueSpecification","valueRequired":true,"valueName":"search_term_string"}}],"inLanguage":"lt"},{"@type":"Organization","@id":"https:\/\/hobstop.ee\/lt\/#organization","name":"Vunder AS","url":"https:\/\/hobstop.ee\/lt\/","logo":{"@type":"ImageObject","inLanguage":"lt","@id":"https:\/\/hobstop.ee\/lt\/#\/schema\/logo\/image\/","url":"https:\/\/hobstop.ee\/media\/vunder-logo.png","contentUrl":"https:\/\/hobstop.ee\/media\/vunder-logo.png","width":127,"height":55,"caption":"Vunder AS"},"image":{"@id":"https:\/\/hobstop.ee\/lt\/#\/schema\/logo\/image\/"},"sameAs":["http:\/\/www.facebook.com\/VunderSkizze"]}]}},"_links":{"self":[{"href":"https:\/\/hobstop.ee\/lt\/wp-json\/wp\/v2\/product\/317539","targetHints":{"allow":["GET"]}}],"collection":[{"href":"https:\/\/hobstop.ee\/lt\/wp-json\/wp\/v2\/product"}],"about":[{"href":"https:\/\/hobstop.ee\/lt\/wp-json\/wp\/v2\/types\/product"}],"replies":[{"embeddable":true,"href":"https:\/\/hobstop.ee\/lt\/wp-json\/wp\/v2\/comments?post=317539"}],"wp:featuredmedia":[{"embeddable":true,"href":"https:\/\/hobstop.ee\/lt\/wp-json\/wp\/v2\/media\/317832"}],"wp:attachment":[{"href":"https:\/\/hobstop.ee\/lt\/wp-json\/wp\/v2\/media?parent=317539"}],"wp:term":[{"taxonomy":"product_cat","embeddable":true,"href":"https:\/\/hobstop.ee\/lt\/wp-json\/wp\/v2\/product_cat?post=317539"},{"taxonomy":"product_tag","embeddable":true,"href":"https:\/\/hobstop.ee\/lt\/wp-json\/wp\/v2\/product_tag?post=317539"}],"curies":[{"name":"wp","href":"https:\/\/api.w.org\/{rel}","templated":true}]}}