{"id":317551,"date":"2018-09-05T13:45:05","date_gmt":"2018-09-05T10:45:05","guid":{"rendered":"https:\/\/sharks.ee\/vunder_2019\/lt\/product\/pjaustymo-padeklas-rayher-sulankstomas\/"},"modified":"2018-09-05T13:45:05","modified_gmt":"2018-09-05T10:45:05","slug":"pjaustymo-padeklas-rayher-sulankstomas","status":"publish","type":"product","link":"https:\/\/hobstop.ee\/lt\/produktas\/pjaustymo-padeklas-rayher-sulankstomas\/","title":{"rendered":"Pjaustymo pad\u0117klas Rayher sulankstomas"},"content":{"rendered":"<p>Pjovimo pagrindas \u201eRayher\u201c yra puiki pavir\u0161iaus apsaugos priemon\u0117 pjaunat, u\u017esiimant popieriaus darbais ir rankdarbiais.  Auk\u0161\u010diausios kokyb\u0117s ir savaime i\u0161silyginantis daugiasluoksn\u0117s med\u017eiagos pavir\u0161ius, tod\u0117l pj\u016bviai i\u0161silygina ir tampa nematomi.  J\u012f galima sulankstyti, tod\u0117l neu\u017eima daug vietos, o neslystanti kita pus\u0117 u\u017etikrina saug\u0173 darb\u0105.<\/p>\n","protected":false},"excerpt":{"rendered":"<p>Pjovimo pagrindas \u201eRayher\u201c yra puiki pavir\u0161iaus apsaugos priemon\u0117 pjaunat, u\u017esiimant popieriaus darbais ir rankdarbiais. Auk\u0161\u010diausios kokyb\u0117s ir savaime i\u0161silyginantis daugiasluoksn\u0117s med\u017eiagos pavir\u0161ius, tod\u0117l pj\u016bviai i\u0161silygina ir tampa nematomi. J\u012f galima sulankstyti, tod\u0117l neu\u017eima daug vietos, o neslystanti kita pus\u0117 u\u017etikrina saug\u0173 darb\u0105.<\/p>\n","protected":false},"featured_media":317844,"comment_status":"closed","ping_status":"closed","template":"","meta":{"_acf_changed":false,"ep_exclude_from_search":false},"product_cat":[14923,14924,17919],"product_tag":[],"class_list":{"0":"post-317551","1":"product","2":"type-product","3":"status-publish","4":"has-post-thumbnail","6":"product_cat-raamil","7":"product_cat-maalikastid","8":"product_cat-pomegiu-prekes","10":"first","11":"outofstock","12":"taxable","13":"shipping-taxable","14":"purchasable","15":"product-type-simple"},"acf":[],"yoast_head":"<!-- This site is optimized with the Yoast SEO plugin v24.1 - https:\/\/yoast.com\/wordpress\/plugins\/seo\/ -->\n<title>Pjaustymo pad\u0117klas Rayher sulankstomas &#8211; Skizze<\/title>\n<meta name=\"robots\" content=\"noindex, follow, max-snippet:-1, max-image-preview:large, max-video-preview:-1\" \/>\n<meta property=\"og:locale\" content=\"lt_LT\" \/>\n<meta property=\"og:type\" content=\"article\" \/>\n<meta property=\"og:title\" content=\"Pjaustymo pad\u0117klas Rayher sulankstomas &#8211; Skizze\" \/>\n<meta property=\"og:description\" content=\"Pjovimo pagrindas \u201eRayher\u201c yra puiki pavir\u0161iaus apsaugos priemon\u0117 pjaunat, u\u017esiimant popieriaus darbais ir rankdarbiais. Auk\u0161\u010diausios kokyb\u0117s ir savaime i\u0161silyginantis daugiasluoksn\u0117s med\u017eiagos pavir\u0161ius, tod\u0117l pj\u016bviai i\u0161silygina ir tampa nematomi. J\u012f galima sulankstyti, tod\u0117l neu\u017eima daug vietos, o neslystanti kita pus\u0117 u\u017etikrina saug\u0173 darb\u0105.\" \/>\n<meta property=\"og:url\" content=\"https:\/\/hobstop.ee\/lt\/produktas\/pjaustymo-padeklas-rayher-sulankstomas\/\" \/>\n<meta property=\"og:site_name\" content=\"Skizze\" \/>\n<meta property=\"article:publisher\" content=\"http:\/\/www.facebook.com\/VunderSkizze\" \/>\n<meta property=\"og:image\" content=\"https:\/\/hobstop.ee\/media\/4947.jpg\" \/>\n\t<meta property=\"og:image:width\" content=\"1024\" \/>\n\t<meta property=\"og:image:height\" content=\"768\" \/>\n\t<meta property=\"og:image:type\" content=\"image\/jpeg\" \/>\n<meta name=\"twitter:card\" content=\"summary_large_image\" \/>\n<script type=\"application\/ld+json\" class=\"yoast-schema-graph\">{\"@context\":\"https:\/\/schema.org\",\"@graph\":[{\"@type\":\"WebPage\",\"@id\":\"https:\/\/hobstop.ee\/lt\/produktas\/pjaustymo-padeklas-rayher-sulankstomas\/\",\"url\":\"https:\/\/hobstop.ee\/lt\/produktas\/pjaustymo-padeklas-rayher-sulankstomas\/\",\"name\":\"Pjaustymo pad\u0117klas Rayher sulankstomas &#8211; Skizze\",\"isPartOf\":{\"@id\":\"https:\/\/hobstop.ee\/lt\/#website\"},\"primaryImageOfPage\":{\"@id\":\"https:\/\/hobstop.ee\/lt\/produktas\/pjaustymo-padeklas-rayher-sulankstomas\/#primaryimage\"},\"image\":{\"@id\":\"https:\/\/hobstop.ee\/lt\/produktas\/pjaustymo-padeklas-rayher-sulankstomas\/#primaryimage\"},\"thumbnailUrl\":\"https:\/\/hobstop.ee\/media\/4947.jpg\",\"datePublished\":\"2018-09-05T10:45:05+00:00\",\"dateModified\":\"2018-09-05T10:45:05+00:00\",\"breadcrumb\":{\"@id\":\"https:\/\/hobstop.ee\/lt\/produktas\/pjaustymo-padeklas-rayher-sulankstomas\/#breadcrumb\"},\"inLanguage\":\"lt\",\"potentialAction\":[{\"@type\":\"ReadAction\",\"target\":[\"https:\/\/hobstop.ee\/lt\/produktas\/pjaustymo-padeklas-rayher-sulankstomas\/\"]}]},{\"@type\":\"ImageObject\",\"inLanguage\":\"lt\",\"@id\":\"https:\/\/hobstop.ee\/lt\/produktas\/pjaustymo-padeklas-rayher-sulankstomas\/#primaryimage\",\"url\":\"https:\/\/hobstop.ee\/media\/4947.jpg\",\"contentUrl\":\"https:\/\/hobstop.ee\/media\/4947.jpg\",\"width\":1024,\"height\":768},{\"@type\":\"BreadcrumbList\",\"@id\":\"https:\/\/hobstop.ee\/lt\/produktas\/pjaustymo-padeklas-rayher-sulankstomas\/#breadcrumb\",\"itemListElement\":[{\"@type\":\"ListItem\",\"position\":1,\"name\":\"Avaleht\",\"item\":\"https:\/\/hobstop.ee\/lt\/\"},{\"@type\":\"ListItem\",\"position\":2,\"name\":\"Parduotuv\u0117\",\"item\":\"https:\/\/hobstop.ee\/lt\/parduotuve\/\"},{\"@type\":\"ListItem\",\"position\":3,\"name\":\"Pjaustymo pad\u0117klas Rayher sulankstomas\"}]},{\"@type\":\"WebSite\",\"@id\":\"https:\/\/hobstop.ee\/lt\/#website\",\"url\":\"https:\/\/hobstop.ee\/lt\/\",\"name\":\"Skizze\",\"description\":\"Dail\u0117s, pom\u0117gi\u0173 ir mokykliniai reikm\u0117nys\",\"publisher\":{\"@id\":\"https:\/\/hobstop.ee\/lt\/#organization\"},\"potentialAction\":[{\"@type\":\"SearchAction\",\"target\":{\"@type\":\"EntryPoint\",\"urlTemplate\":\"https:\/\/hobstop.ee\/lt\/?s={search_term_string}\"},\"query-input\":{\"@type\":\"PropertyValueSpecification\",\"valueRequired\":true,\"valueName\":\"search_term_string\"}}],\"inLanguage\":\"lt\"},{\"@type\":\"Organization\",\"@id\":\"https:\/\/hobstop.ee\/lt\/#organization\",\"name\":\"Vunder AS\",\"url\":\"https:\/\/hobstop.ee\/lt\/\",\"logo\":{\"@type\":\"ImageObject\",\"inLanguage\":\"lt\",\"@id\":\"https:\/\/hobstop.ee\/lt\/#\/schema\/logo\/image\/\",\"url\":\"https:\/\/hobstop.ee\/media\/vunder-logo.png\",\"contentUrl\":\"https:\/\/hobstop.ee\/media\/vunder-logo.png\",\"width\":127,\"height\":55,\"caption\":\"Vunder AS\"},\"image\":{\"@id\":\"https:\/\/hobstop.ee\/lt\/#\/schema\/logo\/image\/\"},\"sameAs\":[\"http:\/\/www.facebook.com\/VunderSkizze\"]}]}<\/script>\n<!-- \/ Yoast SEO plugin. -->","yoast_head_json":{"title":"Pjaustymo pad\u0117klas Rayher sulankstomas &#8211; Skizze","robots":{"index":"noindex","follow":"follow","max-snippet":"max-snippet:-1","max-image-preview":"max-image-preview:large","max-video-preview":"max-video-preview:-1"},"og_locale":"lt_LT","og_type":"article","og_title":"Pjaustymo pad\u0117klas Rayher sulankstomas &#8211; Skizze","og_description":"Pjovimo pagrindas \u201eRayher\u201c yra puiki pavir\u0161iaus apsaugos priemon\u0117 pjaunat, u\u017esiimant popieriaus darbais ir rankdarbiais. Auk\u0161\u010diausios kokyb\u0117s ir savaime i\u0161silyginantis daugiasluoksn\u0117s med\u017eiagos pavir\u0161ius, tod\u0117l pj\u016bviai i\u0161silygina ir tampa nematomi. J\u012f galima sulankstyti, tod\u0117l neu\u017eima daug vietos, o neslystanti kita pus\u0117 u\u017etikrina saug\u0173 darb\u0105.","og_url":"https:\/\/hobstop.ee\/lt\/produktas\/pjaustymo-padeklas-rayher-sulankstomas\/","og_site_name":"Skizze","article_publisher":"http:\/\/www.facebook.com\/VunderSkizze","og_image":[{"width":1024,"height":768,"url":"https:\/\/hobstop.ee\/media\/4947.jpg","type":"image\/jpeg"}],"twitter_card":"summary_large_image","schema":{"@context":"https:\/\/schema.org","@graph":[{"@type":"WebPage","@id":"https:\/\/hobstop.ee\/lt\/produktas\/pjaustymo-padeklas-rayher-sulankstomas\/","url":"https:\/\/hobstop.ee\/lt\/produktas\/pjaustymo-padeklas-rayher-sulankstomas\/","name":"Pjaustymo pad\u0117klas Rayher sulankstomas &#8211; Skizze","isPartOf":{"@id":"https:\/\/hobstop.ee\/lt\/#website"},"primaryImageOfPage":{"@id":"https:\/\/hobstop.ee\/lt\/produktas\/pjaustymo-padeklas-rayher-sulankstomas\/#primaryimage"},"image":{"@id":"https:\/\/hobstop.ee\/lt\/produktas\/pjaustymo-padeklas-rayher-sulankstomas\/#primaryimage"},"thumbnailUrl":"https:\/\/hobstop.ee\/media\/4947.jpg","datePublished":"2018-09-05T10:45:05+00:00","dateModified":"2018-09-05T10:45:05+00:00","breadcrumb":{"@id":"https:\/\/hobstop.ee\/lt\/produktas\/pjaustymo-padeklas-rayher-sulankstomas\/#breadcrumb"},"inLanguage":"lt","potentialAction":[{"@type":"ReadAction","target":["https:\/\/hobstop.ee\/lt\/produktas\/pjaustymo-padeklas-rayher-sulankstomas\/"]}]},{"@type":"ImageObject","inLanguage":"lt","@id":"https:\/\/hobstop.ee\/lt\/produktas\/pjaustymo-padeklas-rayher-sulankstomas\/#primaryimage","url":"https:\/\/hobstop.ee\/media\/4947.jpg","contentUrl":"https:\/\/hobstop.ee\/media\/4947.jpg","width":1024,"height":768},{"@type":"BreadcrumbList","@id":"https:\/\/hobstop.ee\/lt\/produktas\/pjaustymo-padeklas-rayher-sulankstomas\/#breadcrumb","itemListElement":[{"@type":"ListItem","position":1,"name":"Avaleht","item":"https:\/\/hobstop.ee\/lt\/"},{"@type":"ListItem","position":2,"name":"Parduotuv\u0117","item":"https:\/\/hobstop.ee\/lt\/parduotuve\/"},{"@type":"ListItem","position":3,"name":"Pjaustymo pad\u0117klas Rayher sulankstomas"}]},{"@type":"WebSite","@id":"https:\/\/hobstop.ee\/lt\/#website","url":"https:\/\/hobstop.ee\/lt\/","name":"Skizze","description":"Dail\u0117s, pom\u0117gi\u0173 ir mokykliniai reikm\u0117nys","publisher":{"@id":"https:\/\/hobstop.ee\/lt\/#organization"},"potentialAction":[{"@type":"SearchAction","target":{"@type":"EntryPoint","urlTemplate":"https:\/\/hobstop.ee\/lt\/?s={search_term_string}"},"query-input":{"@type":"PropertyValueSpecification","valueRequired":true,"valueName":"search_term_string"}}],"inLanguage":"lt"},{"@type":"Organization","@id":"https:\/\/hobstop.ee\/lt\/#organization","name":"Vunder AS","url":"https:\/\/hobstop.ee\/lt\/","logo":{"@type":"ImageObject","inLanguage":"lt","@id":"https:\/\/hobstop.ee\/lt\/#\/schema\/logo\/image\/","url":"https:\/\/hobstop.ee\/media\/vunder-logo.png","contentUrl":"https:\/\/hobstop.ee\/media\/vunder-logo.png","width":127,"height":55,"caption":"Vunder AS"},"image":{"@id":"https:\/\/hobstop.ee\/lt\/#\/schema\/logo\/image\/"},"sameAs":["http:\/\/www.facebook.com\/VunderSkizze"]}]}},"_links":{"self":[{"href":"https:\/\/hobstop.ee\/lt\/wp-json\/wp\/v2\/product\/317551","targetHints":{"allow":["GET"]}}],"collection":[{"href":"https:\/\/hobstop.ee\/lt\/wp-json\/wp\/v2\/product"}],"about":[{"href":"https:\/\/hobstop.ee\/lt\/wp-json\/wp\/v2\/types\/product"}],"replies":[{"embeddable":true,"href":"https:\/\/hobstop.ee\/lt\/wp-json\/wp\/v2\/comments?post=317551"}],"wp:featuredmedia":[{"embeddable":true,"href":"https:\/\/hobstop.ee\/lt\/wp-json\/wp\/v2\/media\/317844"}],"wp:attachment":[{"href":"https:\/\/hobstop.ee\/lt\/wp-json\/wp\/v2\/media?parent=317551"}],"wp:term":[{"taxonomy":"product_cat","embeddable":true,"href":"https:\/\/hobstop.ee\/lt\/wp-json\/wp\/v2\/product_cat?post=317551"},{"taxonomy":"product_tag","embeddable":true,"href":"https:\/\/hobstop.ee\/lt\/wp-json\/wp\/v2\/product_tag?post=317551"}],"curies":[{"name":"wp","href":"https:\/\/api.w.org\/{rel}","templated":true}]}}