{"id":318461,"date":"2018-10-01T10:39:12","date_gmt":"2018-10-01T07:39:12","guid":{"rendered":"https:\/\/sharks.ee\/vunder_2019\/lt\/product\/tekstiles-dazai-marabu-textil-plus-50ml\/"},"modified":"2018-10-01T10:39:12","modified_gmt":"2018-10-01T07:39:12","slug":"tekstiles-dazai-marabu-textil-plus-50ml","status":"publish","type":"product","link":"https:\/\/hobstop.ee\/lt\/produktas\/tekstiles-dazai-marabu-textil-plus-50ml\/","title":{"rendered":"Tekstil\u0117s da\u017eai Marabu Textil Plus 50ml"},"content":{"rendered":"<p>I\u0161ry\u0161kinkite savo m\u0117gstamus tamsius drabu\u017eius su tekstil\u0117s da\u017eais \u201eMarabu Textil Plus\u201c! Itin gerai tekstil\u0119 dengiantys vandens pagrindu pagaminti da\u017eai puikiai tinka mokyklai, rankdarbiams, laisvalaikiui ir menams. Pritaikyti tamsiems audiniams, ta\u010diau tinka ir \u0161viesiai da\u017eytai medvilnei, linui, \u0161ilkui, d\u017eiutui ir mi\u0161rios sud\u0117ties neapdorotu pavir\u0161iumi audiniams, kuriuose yra ne daugiau kaip 20 proc. sintetikos. Idealiai tinka tapybai ir \u0161ablonams. U\u017efiksavus da\u017eus \u201eTextil plus\u201c (lygintuvu arba pakaitinus 8 minutes 150\u00b0C orkait\u0117je), audin\u012f galima skalbti 40\u00b0C temperat\u016broje. Da\u017eai puikiai nuda\u017eo, yra itin ry\u0161k\u016bs, labai mink\u0161ti lie\u010diant. Visas spalvas galima tarpusavyje mai\u0161yti. Da\u017eant storesnius audinius rekomenduojama dengti storesniu da\u017e\u0173 sluoksniu.<\/p>\n","protected":false},"excerpt":{"rendered":"<p>I\u0161ry\u0161kinkite savo m\u0117gstamus tamsius drabu\u017eius su tekstil\u0117s da\u017eais \u201eMarabu Textil Plus\u201c! Itin gerai tekstil\u0119 dengiantys vandens pagrindu pagaminti da\u017eai puikiai tinka mokyklai, rankdarbiams, laisvalaikiui ir menams. Pritaikyti tamsiems audiniams, ta\u010diau tinka ir \u0161viesiai da\u017eytai medvilnei, linui, \u0161ilkui, d\u017eiutui ir mi\u0161rios sud\u0117ties neapdorotu pavir\u0161iumi audiniams, kuriuose yra ne daugiau kaip 20 proc. sintetikos. Idealiai tinka tapybai ir \u0161ablonams. U\u017efiksavus da\u017eus \u201eTextil plus\u201c (lygintuvu arba pakaitinus 8 minutes 150\u00b0C orkait\u0117je), audin\u012f galima skalbti 40\u00b0C temperat\u016broje. Da\u017eai puikiai nuda\u017eo, yra itin ry\u0161k\u016bs, labai mink\u0161ti lie\u010diant. Visas spalvas galima tarpusavyje mai\u0161yti. Da\u017eant storesnius audinius rekomenduojama dengti storesniu da\u017e\u0173 sluoksniu.<\/p>\n","protected":false},"featured_media":320183,"comment_status":"closed","ping_status":"closed","template":"","meta":{"_acf_changed":false,"ep_exclude_from_search":false},"product_cat":[17919,14893,18213],"product_tag":[],"class_list":{"0":"post-318461","1":"product","2":"type-product","3":"status-publish","4":"has-post-thumbnail","6":"product_cat-pomegiu-prekes","7":"product_cat-tekstilei","8":"product_cat-tekstiles-dazai","10":"first","11":"instock","12":"taxable","13":"shipping-taxable","14":"purchasable","15":"product-type-simple"},"acf":[],"yoast_head":"<!-- This site is optimized with the Yoast SEO plugin v24.1 - https:\/\/yoast.com\/wordpress\/plugins\/seo\/ -->\n<title>Tekstil\u0117s da\u017eai Marabu Textil Plus 50ml &#8211; Skizze<\/title>\n<meta name=\"robots\" content=\"noindex, follow, max-snippet:-1, max-image-preview:large, max-video-preview:-1\" \/>\n<meta property=\"og:locale\" content=\"lt_LT\" \/>\n<meta property=\"og:type\" content=\"article\" \/>\n<meta property=\"og:title\" content=\"Tekstil\u0117s da\u017eai Marabu Textil Plus 50ml &#8211; Skizze\" \/>\n<meta property=\"og:description\" content=\"I\u0161ry\u0161kinkite savo m\u0117gstamus tamsius drabu\u017eius su tekstil\u0117s da\u017eais \u201eMarabu Textil Plus\u201c! Itin gerai tekstil\u0119 dengiantys vandens pagrindu pagaminti da\u017eai puikiai tinka mokyklai, rankdarbiams, laisvalaikiui ir menams. Pritaikyti tamsiems audiniams, ta\u010diau tinka ir \u0161viesiai da\u017eytai medvilnei, linui, \u0161ilkui, d\u017eiutui ir mi\u0161rios sud\u0117ties neapdorotu pavir\u0161iumi audiniams, kuriuose yra ne daugiau kaip 20 proc. sintetikos. Idealiai tinka tapybai ir \u0161ablonams. U\u017efiksavus da\u017eus \u201eTextil plus\u201c (lygintuvu arba pakaitinus 8 minutes 150\u00b0C orkait\u0117je), audin\u012f galima skalbti 40\u00b0C temperat\u016broje. Da\u017eai puikiai nuda\u017eo, yra itin ry\u0161k\u016bs, labai mink\u0161ti lie\u010diant. Visas spalvas galima tarpusavyje mai\u0161yti. Da\u017eant storesnius audinius rekomenduojama dengti storesniu da\u017e\u0173 sluoksniu.\" \/>\n<meta property=\"og:url\" content=\"https:\/\/hobstop.ee\/lt\/produktas\/tekstiles-dazai-marabu-textil-plus-50ml\/\" \/>\n<meta property=\"og:site_name\" content=\"Skizze\" \/>\n<meta property=\"article:publisher\" content=\"http:\/\/www.facebook.com\/VunderSkizze\" \/>\n<meta property=\"og:image\" content=\"https:\/\/www.hobstop.ee\/media\/4894.jpg\" \/>\n\t<meta property=\"og:image:width\" content=\"1024\" \/>\n\t<meta property=\"og:image:height\" content=\"768\" \/>\n\t<meta property=\"og:image:type\" content=\"image\/jpeg\" \/>\n<meta name=\"twitter:card\" content=\"summary_large_image\" \/>\n<meta name=\"twitter:label1\" content=\"Est. reading time\" \/>\n\t<meta name=\"twitter:data1\" content=\"1 minute\" \/>\n<script type=\"application\/ld+json\" class=\"yoast-schema-graph\">{\"@context\":\"https:\/\/schema.org\",\"@graph\":[{\"@type\":\"WebPage\",\"@id\":\"https:\/\/hobstop.ee\/lt\/produktas\/tekstiles-dazai-marabu-textil-plus-50ml\/\",\"url\":\"https:\/\/hobstop.ee\/lt\/produktas\/tekstiles-dazai-marabu-textil-plus-50ml\/\",\"name\":\"Tekstil\u0117s da\u017eai Marabu Textil Plus 50ml &#8211; Skizze\",\"isPartOf\":{\"@id\":\"https:\/\/hobstop.ee\/lt\/#website\"},\"primaryImageOfPage\":{\"@id\":\"https:\/\/hobstop.ee\/lt\/produktas\/tekstiles-dazai-marabu-textil-plus-50ml\/#primaryimage\"},\"image\":{\"@id\":\"https:\/\/hobstop.ee\/lt\/produktas\/tekstiles-dazai-marabu-textil-plus-50ml\/#primaryimage\"},\"thumbnailUrl\":\"https:\/\/hobstop.ee\/media\/4894.jpg\",\"datePublished\":\"2018-10-01T07:39:12+00:00\",\"dateModified\":\"2018-10-01T07:39:12+00:00\",\"breadcrumb\":{\"@id\":\"https:\/\/hobstop.ee\/lt\/produktas\/tekstiles-dazai-marabu-textil-plus-50ml\/#breadcrumb\"},\"inLanguage\":\"lt\",\"potentialAction\":[{\"@type\":\"ReadAction\",\"target\":[\"https:\/\/hobstop.ee\/lt\/produktas\/tekstiles-dazai-marabu-textil-plus-50ml\/\"]}]},{\"@type\":\"ImageObject\",\"inLanguage\":\"lt\",\"@id\":\"https:\/\/hobstop.ee\/lt\/produktas\/tekstiles-dazai-marabu-textil-plus-50ml\/#primaryimage\",\"url\":\"https:\/\/hobstop.ee\/media\/4894.jpg\",\"contentUrl\":\"https:\/\/hobstop.ee\/media\/4894.jpg\",\"width\":1024,\"height\":768},{\"@type\":\"BreadcrumbList\",\"@id\":\"https:\/\/hobstop.ee\/lt\/produktas\/tekstiles-dazai-marabu-textil-plus-50ml\/#breadcrumb\",\"itemListElement\":[{\"@type\":\"ListItem\",\"position\":1,\"name\":\"Avaleht\",\"item\":\"https:\/\/hobstop.ee\/lt\/\"},{\"@type\":\"ListItem\",\"position\":2,\"name\":\"Parduotuv\u0117\",\"item\":\"https:\/\/hobstop.ee\/lt\/parduotuve\/\"},{\"@type\":\"ListItem\",\"position\":3,\"name\":\"Tekstil\u0117s da\u017eai Marabu Textil Plus 50ml\"}]},{\"@type\":\"WebSite\",\"@id\":\"https:\/\/hobstop.ee\/lt\/#website\",\"url\":\"https:\/\/hobstop.ee\/lt\/\",\"name\":\"Skizze\",\"description\":\"Dail\u0117s, pom\u0117gi\u0173 ir mokykliniai reikm\u0117nys\",\"publisher\":{\"@id\":\"https:\/\/hobstop.ee\/lt\/#organization\"},\"potentialAction\":[{\"@type\":\"SearchAction\",\"target\":{\"@type\":\"EntryPoint\",\"urlTemplate\":\"https:\/\/hobstop.ee\/lt\/?s={search_term_string}\"},\"query-input\":{\"@type\":\"PropertyValueSpecification\",\"valueRequired\":true,\"valueName\":\"search_term_string\"}}],\"inLanguage\":\"lt\"},{\"@type\":\"Organization\",\"@id\":\"https:\/\/hobstop.ee\/lt\/#organization\",\"name\":\"Vunder AS\",\"url\":\"https:\/\/hobstop.ee\/lt\/\",\"logo\":{\"@type\":\"ImageObject\",\"inLanguage\":\"lt\",\"@id\":\"https:\/\/hobstop.ee\/lt\/#\/schema\/logo\/image\/\",\"url\":\"https:\/\/hobstop.ee\/media\/vunder-logo.png\",\"contentUrl\":\"https:\/\/hobstop.ee\/media\/vunder-logo.png\",\"width\":127,\"height\":55,\"caption\":\"Vunder AS\"},\"image\":{\"@id\":\"https:\/\/hobstop.ee\/lt\/#\/schema\/logo\/image\/\"},\"sameAs\":[\"http:\/\/www.facebook.com\/VunderSkizze\"]}]}<\/script>\n<!-- \/ Yoast SEO plugin. -->","yoast_head_json":{"title":"Tekstil\u0117s da\u017eai Marabu Textil Plus 50ml &#8211; Skizze","robots":{"index":"noindex","follow":"follow","max-snippet":"max-snippet:-1","max-image-preview":"max-image-preview:large","max-video-preview":"max-video-preview:-1"},"og_locale":"lt_LT","og_type":"article","og_title":"Tekstil\u0117s da\u017eai Marabu Textil Plus 50ml &#8211; Skizze","og_description":"I\u0161ry\u0161kinkite savo m\u0117gstamus tamsius drabu\u017eius su tekstil\u0117s da\u017eais \u201eMarabu Textil Plus\u201c! Itin gerai tekstil\u0119 dengiantys vandens pagrindu pagaminti da\u017eai puikiai tinka mokyklai, rankdarbiams, laisvalaikiui ir menams. Pritaikyti tamsiems audiniams, ta\u010diau tinka ir \u0161viesiai da\u017eytai medvilnei, linui, \u0161ilkui, d\u017eiutui ir mi\u0161rios sud\u0117ties neapdorotu pavir\u0161iumi audiniams, kuriuose yra ne daugiau kaip 20 proc. sintetikos. Idealiai tinka tapybai ir \u0161ablonams. U\u017efiksavus da\u017eus \u201eTextil plus\u201c (lygintuvu arba pakaitinus 8 minutes 150\u00b0C orkait\u0117je), audin\u012f galima skalbti 40\u00b0C temperat\u016broje. Da\u017eai puikiai nuda\u017eo, yra itin ry\u0161k\u016bs, labai mink\u0161ti lie\u010diant. Visas spalvas galima tarpusavyje mai\u0161yti. Da\u017eant storesnius audinius rekomenduojama dengti storesniu da\u017e\u0173 sluoksniu.","og_url":"https:\/\/hobstop.ee\/lt\/produktas\/tekstiles-dazai-marabu-textil-plus-50ml\/","og_site_name":"Skizze","article_publisher":"http:\/\/www.facebook.com\/VunderSkizze","og_image":[{"width":1024,"height":768,"url":"https:\/\/www.hobstop.ee\/media\/4894.jpg","type":"image\/jpeg"}],"twitter_card":"summary_large_image","twitter_misc":{"Est. reading time":"1 minute"},"schema":{"@context":"https:\/\/schema.org","@graph":[{"@type":"WebPage","@id":"https:\/\/hobstop.ee\/lt\/produktas\/tekstiles-dazai-marabu-textil-plus-50ml\/","url":"https:\/\/hobstop.ee\/lt\/produktas\/tekstiles-dazai-marabu-textil-plus-50ml\/","name":"Tekstil\u0117s da\u017eai Marabu Textil Plus 50ml &#8211; Skizze","isPartOf":{"@id":"https:\/\/hobstop.ee\/lt\/#website"},"primaryImageOfPage":{"@id":"https:\/\/hobstop.ee\/lt\/produktas\/tekstiles-dazai-marabu-textil-plus-50ml\/#primaryimage"},"image":{"@id":"https:\/\/hobstop.ee\/lt\/produktas\/tekstiles-dazai-marabu-textil-plus-50ml\/#primaryimage"},"thumbnailUrl":"https:\/\/hobstop.ee\/media\/4894.jpg","datePublished":"2018-10-01T07:39:12+00:00","dateModified":"2018-10-01T07:39:12+00:00","breadcrumb":{"@id":"https:\/\/hobstop.ee\/lt\/produktas\/tekstiles-dazai-marabu-textil-plus-50ml\/#breadcrumb"},"inLanguage":"lt","potentialAction":[{"@type":"ReadAction","target":["https:\/\/hobstop.ee\/lt\/produktas\/tekstiles-dazai-marabu-textil-plus-50ml\/"]}]},{"@type":"ImageObject","inLanguage":"lt","@id":"https:\/\/hobstop.ee\/lt\/produktas\/tekstiles-dazai-marabu-textil-plus-50ml\/#primaryimage","url":"https:\/\/hobstop.ee\/media\/4894.jpg","contentUrl":"https:\/\/hobstop.ee\/media\/4894.jpg","width":1024,"height":768},{"@type":"BreadcrumbList","@id":"https:\/\/hobstop.ee\/lt\/produktas\/tekstiles-dazai-marabu-textil-plus-50ml\/#breadcrumb","itemListElement":[{"@type":"ListItem","position":1,"name":"Avaleht","item":"https:\/\/hobstop.ee\/lt\/"},{"@type":"ListItem","position":2,"name":"Parduotuv\u0117","item":"https:\/\/hobstop.ee\/lt\/parduotuve\/"},{"@type":"ListItem","position":3,"name":"Tekstil\u0117s da\u017eai Marabu Textil Plus 50ml"}]},{"@type":"WebSite","@id":"https:\/\/hobstop.ee\/lt\/#website","url":"https:\/\/hobstop.ee\/lt\/","name":"Skizze","description":"Dail\u0117s, pom\u0117gi\u0173 ir mokykliniai reikm\u0117nys","publisher":{"@id":"https:\/\/hobstop.ee\/lt\/#organization"},"potentialAction":[{"@type":"SearchAction","target":{"@type":"EntryPoint","urlTemplate":"https:\/\/hobstop.ee\/lt\/?s={search_term_string}"},"query-input":{"@type":"PropertyValueSpecification","valueRequired":true,"valueName":"search_term_string"}}],"inLanguage":"lt"},{"@type":"Organization","@id":"https:\/\/hobstop.ee\/lt\/#organization","name":"Vunder AS","url":"https:\/\/hobstop.ee\/lt\/","logo":{"@type":"ImageObject","inLanguage":"lt","@id":"https:\/\/hobstop.ee\/lt\/#\/schema\/logo\/image\/","url":"https:\/\/hobstop.ee\/media\/vunder-logo.png","contentUrl":"https:\/\/hobstop.ee\/media\/vunder-logo.png","width":127,"height":55,"caption":"Vunder AS"},"image":{"@id":"https:\/\/hobstop.ee\/lt\/#\/schema\/logo\/image\/"},"sameAs":["http:\/\/www.facebook.com\/VunderSkizze"]}]}},"_links":{"self":[{"href":"https:\/\/hobstop.ee\/lt\/wp-json\/wp\/v2\/product\/318461","targetHints":{"allow":["GET"]}}],"collection":[{"href":"https:\/\/hobstop.ee\/lt\/wp-json\/wp\/v2\/product"}],"about":[{"href":"https:\/\/hobstop.ee\/lt\/wp-json\/wp\/v2\/types\/product"}],"replies":[{"embeddable":true,"href":"https:\/\/hobstop.ee\/lt\/wp-json\/wp\/v2\/comments?post=318461"}],"wp:featuredmedia":[{"embeddable":true,"href":"https:\/\/hobstop.ee\/lt\/wp-json\/wp\/v2\/media\/320183"}],"wp:attachment":[{"href":"https:\/\/hobstop.ee\/lt\/wp-json\/wp\/v2\/media?parent=318461"}],"wp:term":[{"taxonomy":"product_cat","embeddable":true,"href":"https:\/\/hobstop.ee\/lt\/wp-json\/wp\/v2\/product_cat?post=318461"},{"taxonomy":"product_tag","embeddable":true,"href":"https:\/\/hobstop.ee\/lt\/wp-json\/wp\/v2\/product_tag?post=318461"}],"curies":[{"name":"wp","href":"https:\/\/api.w.org\/{rel}","templated":true}]}}