{"id":318481,"date":"2018-10-01T10:39:17","date_gmt":"2018-10-01T07:39:17","guid":{"rendered":"https:\/\/sharks.ee\/vunder_2019\/lt\/product\/dekoratyviniai-dazai-marabu-himalaya-stone-100ml\/"},"modified":"2018-10-01T10:39:17","modified_gmt":"2018-10-01T07:39:17","slug":"dekoratyviniai-dazai-marabu-himalaya-stone-100ml","status":"publish","type":"product","link":"https:\/\/hobstop.ee\/lt\/produktas\/dekoratyviniai-dazai-marabu-himalaya-stone-100ml\/","title":{"rendered":"Dekoratyviniai da\u017eai Marabu Himalaya Stone 100ml"},"content":{"rendered":"<p>Puikiai dengianti ir akmens efekt\u0105 suteikianti pasta \u201eMarabu Himalaya Stone\u201c. Nepalieka nutek\u0117jimo \u017eymi\u0173, nepermatoma, netepi, galima i\u0161 naujo u\u017eda\u017eyti ir nu\u0161lifuoti. Puikiai tinka medienai, MDF, papje ma\u0161\u0117, akmeniui, keramikai, moliui ir drob\u0117ms. Dengti mentele.<\/p>\n","protected":false},"excerpt":{"rendered":"<p>Puikiai dengianti ir akmens efekt\u0105 suteikianti pasta \u201eMarabu Himalaya Stone\u201c. Nepalieka nutek\u0117jimo \u017eymi\u0173, nepermatoma, netepi, galima i\u0161 naujo u\u017eda\u017eyti ir nu\u0161lifuoti. Puikiai tinka medienai, MDF, papje ma\u0161\u0117, akmeniui, keramikai, moliui ir drob\u0117ms. Dengti mentele.<\/p>\n","protected":false},"featured_media":320203,"comment_status":"closed","ping_status":"closed","template":"","meta":{"_acf_changed":false,"ep_exclude_from_search":false},"product_cat":[18202,239,17919],"product_tag":[],"class_list":{"0":"post-318481","1":"product","2":"type-product","3":"status-publish","4":"has-post-thumbnail","6":"product_cat-dekoratyviniai-dazai","7":"product_cat-aerosoolvarvid","8":"product_cat-pomegiu-prekes","10":"first","11":"instock","12":"taxable","13":"shipping-taxable","14":"purchasable","15":"product-type-simple"},"acf":[],"yoast_head":"<!-- This site is optimized with the Yoast SEO plugin v24.1 - https:\/\/yoast.com\/wordpress\/plugins\/seo\/ -->\n<title>Dekoratyviniai da\u017eai Marabu Himalaya Stone 100ml &#8211; Skizze<\/title>\n<meta name=\"robots\" content=\"noindex, follow, max-snippet:-1, max-image-preview:large, max-video-preview:-1\" \/>\n<meta property=\"og:locale\" content=\"lt_LT\" \/>\n<meta property=\"og:type\" content=\"article\" \/>\n<meta property=\"og:title\" content=\"Dekoratyviniai da\u017eai Marabu Himalaya Stone 100ml &#8211; Skizze\" \/>\n<meta property=\"og:description\" content=\"Puikiai dengianti ir akmens efekt\u0105 suteikianti pasta \u201eMarabu Himalaya Stone\u201c. Nepalieka nutek\u0117jimo \u017eymi\u0173, nepermatoma, netepi, galima i\u0161 naujo u\u017eda\u017eyti ir nu\u0161lifuoti. Puikiai tinka medienai, MDF, papje ma\u0161\u0117, akmeniui, keramikai, moliui ir drob\u0117ms. Dengti mentele.\" \/>\n<meta property=\"og:url\" content=\"https:\/\/hobstop.ee\/lt\/produktas\/dekoratyviniai-dazai-marabu-himalaya-stone-100ml\/\" \/>\n<meta property=\"og:site_name\" content=\"Skizze\" \/>\n<meta property=\"article:publisher\" content=\"http:\/\/www.facebook.com\/VunderSkizze\" \/>\n<meta property=\"og:image\" content=\"https:\/\/hobstop.ee\/media\/4908.jpg\" \/>\n\t<meta property=\"og:image:width\" content=\"1024\" \/>\n\t<meta property=\"og:image:height\" content=\"768\" \/>\n\t<meta property=\"og:image:type\" content=\"image\/jpeg\" \/>\n<meta name=\"twitter:card\" content=\"summary_large_image\" \/>\n<script type=\"application\/ld+json\" class=\"yoast-schema-graph\">{\"@context\":\"https:\/\/schema.org\",\"@graph\":[{\"@type\":\"WebPage\",\"@id\":\"https:\/\/hobstop.ee\/lt\/produktas\/dekoratyviniai-dazai-marabu-himalaya-stone-100ml\/\",\"url\":\"https:\/\/hobstop.ee\/lt\/produktas\/dekoratyviniai-dazai-marabu-himalaya-stone-100ml\/\",\"name\":\"Dekoratyviniai da\u017eai Marabu Himalaya Stone 100ml &#8211; Skizze\",\"isPartOf\":{\"@id\":\"https:\/\/hobstop.ee\/lt\/#website\"},\"primaryImageOfPage\":{\"@id\":\"https:\/\/hobstop.ee\/lt\/produktas\/dekoratyviniai-dazai-marabu-himalaya-stone-100ml\/#primaryimage\"},\"image\":{\"@id\":\"https:\/\/hobstop.ee\/lt\/produktas\/dekoratyviniai-dazai-marabu-himalaya-stone-100ml\/#primaryimage\"},\"thumbnailUrl\":\"https:\/\/hobstop.ee\/media\/4908.jpg\",\"datePublished\":\"2018-10-01T07:39:17+00:00\",\"dateModified\":\"2018-10-01T07:39:17+00:00\",\"breadcrumb\":{\"@id\":\"https:\/\/hobstop.ee\/lt\/produktas\/dekoratyviniai-dazai-marabu-himalaya-stone-100ml\/#breadcrumb\"},\"inLanguage\":\"lt\",\"potentialAction\":[{\"@type\":\"ReadAction\",\"target\":[\"https:\/\/hobstop.ee\/lt\/produktas\/dekoratyviniai-dazai-marabu-himalaya-stone-100ml\/\"]}]},{\"@type\":\"ImageObject\",\"inLanguage\":\"lt\",\"@id\":\"https:\/\/hobstop.ee\/lt\/produktas\/dekoratyviniai-dazai-marabu-himalaya-stone-100ml\/#primaryimage\",\"url\":\"https:\/\/hobstop.ee\/media\/4908.jpg\",\"contentUrl\":\"https:\/\/hobstop.ee\/media\/4908.jpg\",\"width\":1024,\"height\":768},{\"@type\":\"BreadcrumbList\",\"@id\":\"https:\/\/hobstop.ee\/lt\/produktas\/dekoratyviniai-dazai-marabu-himalaya-stone-100ml\/#breadcrumb\",\"itemListElement\":[{\"@type\":\"ListItem\",\"position\":1,\"name\":\"Avaleht\",\"item\":\"https:\/\/hobstop.ee\/lt\/\"},{\"@type\":\"ListItem\",\"position\":2,\"name\":\"Parduotuv\u0117\",\"item\":\"https:\/\/hobstop.ee\/lt\/parduotuve\/\"},{\"@type\":\"ListItem\",\"position\":3,\"name\":\"Dekoratyviniai da\u017eai Marabu Himalaya Stone 100ml\"}]},{\"@type\":\"WebSite\",\"@id\":\"https:\/\/hobstop.ee\/lt\/#website\",\"url\":\"https:\/\/hobstop.ee\/lt\/\",\"name\":\"Skizze\",\"description\":\"Dail\u0117s, pom\u0117gi\u0173 ir mokykliniai reikm\u0117nys\",\"publisher\":{\"@id\":\"https:\/\/hobstop.ee\/lt\/#organization\"},\"potentialAction\":[{\"@type\":\"SearchAction\",\"target\":{\"@type\":\"EntryPoint\",\"urlTemplate\":\"https:\/\/hobstop.ee\/lt\/?s={search_term_string}\"},\"query-input\":{\"@type\":\"PropertyValueSpecification\",\"valueRequired\":true,\"valueName\":\"search_term_string\"}}],\"inLanguage\":\"lt\"},{\"@type\":\"Organization\",\"@id\":\"https:\/\/hobstop.ee\/lt\/#organization\",\"name\":\"Vunder AS\",\"url\":\"https:\/\/hobstop.ee\/lt\/\",\"logo\":{\"@type\":\"ImageObject\",\"inLanguage\":\"lt\",\"@id\":\"https:\/\/hobstop.ee\/lt\/#\/schema\/logo\/image\/\",\"url\":\"https:\/\/hobstop.ee\/media\/vunder-logo.png\",\"contentUrl\":\"https:\/\/hobstop.ee\/media\/vunder-logo.png\",\"width\":127,\"height\":55,\"caption\":\"Vunder AS\"},\"image\":{\"@id\":\"https:\/\/hobstop.ee\/lt\/#\/schema\/logo\/image\/\"},\"sameAs\":[\"http:\/\/www.facebook.com\/VunderSkizze\"]}]}<\/script>\n<!-- \/ Yoast SEO plugin. -->","yoast_head_json":{"title":"Dekoratyviniai da\u017eai Marabu Himalaya Stone 100ml &#8211; Skizze","robots":{"index":"noindex","follow":"follow","max-snippet":"max-snippet:-1","max-image-preview":"max-image-preview:large","max-video-preview":"max-video-preview:-1"},"og_locale":"lt_LT","og_type":"article","og_title":"Dekoratyviniai da\u017eai Marabu Himalaya Stone 100ml &#8211; Skizze","og_description":"Puikiai dengianti ir akmens efekt\u0105 suteikianti pasta \u201eMarabu Himalaya Stone\u201c. Nepalieka nutek\u0117jimo \u017eymi\u0173, nepermatoma, netepi, galima i\u0161 naujo u\u017eda\u017eyti ir nu\u0161lifuoti. Puikiai tinka medienai, MDF, papje ma\u0161\u0117, akmeniui, keramikai, moliui ir drob\u0117ms. Dengti mentele.","og_url":"https:\/\/hobstop.ee\/lt\/produktas\/dekoratyviniai-dazai-marabu-himalaya-stone-100ml\/","og_site_name":"Skizze","article_publisher":"http:\/\/www.facebook.com\/VunderSkizze","og_image":[{"width":1024,"height":768,"url":"https:\/\/hobstop.ee\/media\/4908.jpg","type":"image\/jpeg"}],"twitter_card":"summary_large_image","schema":{"@context":"https:\/\/schema.org","@graph":[{"@type":"WebPage","@id":"https:\/\/hobstop.ee\/lt\/produktas\/dekoratyviniai-dazai-marabu-himalaya-stone-100ml\/","url":"https:\/\/hobstop.ee\/lt\/produktas\/dekoratyviniai-dazai-marabu-himalaya-stone-100ml\/","name":"Dekoratyviniai da\u017eai Marabu Himalaya Stone 100ml &#8211; Skizze","isPartOf":{"@id":"https:\/\/hobstop.ee\/lt\/#website"},"primaryImageOfPage":{"@id":"https:\/\/hobstop.ee\/lt\/produktas\/dekoratyviniai-dazai-marabu-himalaya-stone-100ml\/#primaryimage"},"image":{"@id":"https:\/\/hobstop.ee\/lt\/produktas\/dekoratyviniai-dazai-marabu-himalaya-stone-100ml\/#primaryimage"},"thumbnailUrl":"https:\/\/hobstop.ee\/media\/4908.jpg","datePublished":"2018-10-01T07:39:17+00:00","dateModified":"2018-10-01T07:39:17+00:00","breadcrumb":{"@id":"https:\/\/hobstop.ee\/lt\/produktas\/dekoratyviniai-dazai-marabu-himalaya-stone-100ml\/#breadcrumb"},"inLanguage":"lt","potentialAction":[{"@type":"ReadAction","target":["https:\/\/hobstop.ee\/lt\/produktas\/dekoratyviniai-dazai-marabu-himalaya-stone-100ml\/"]}]},{"@type":"ImageObject","inLanguage":"lt","@id":"https:\/\/hobstop.ee\/lt\/produktas\/dekoratyviniai-dazai-marabu-himalaya-stone-100ml\/#primaryimage","url":"https:\/\/hobstop.ee\/media\/4908.jpg","contentUrl":"https:\/\/hobstop.ee\/media\/4908.jpg","width":1024,"height":768},{"@type":"BreadcrumbList","@id":"https:\/\/hobstop.ee\/lt\/produktas\/dekoratyviniai-dazai-marabu-himalaya-stone-100ml\/#breadcrumb","itemListElement":[{"@type":"ListItem","position":1,"name":"Avaleht","item":"https:\/\/hobstop.ee\/lt\/"},{"@type":"ListItem","position":2,"name":"Parduotuv\u0117","item":"https:\/\/hobstop.ee\/lt\/parduotuve\/"},{"@type":"ListItem","position":3,"name":"Dekoratyviniai da\u017eai Marabu Himalaya Stone 100ml"}]},{"@type":"WebSite","@id":"https:\/\/hobstop.ee\/lt\/#website","url":"https:\/\/hobstop.ee\/lt\/","name":"Skizze","description":"Dail\u0117s, pom\u0117gi\u0173 ir mokykliniai reikm\u0117nys","publisher":{"@id":"https:\/\/hobstop.ee\/lt\/#organization"},"potentialAction":[{"@type":"SearchAction","target":{"@type":"EntryPoint","urlTemplate":"https:\/\/hobstop.ee\/lt\/?s={search_term_string}"},"query-input":{"@type":"PropertyValueSpecification","valueRequired":true,"valueName":"search_term_string"}}],"inLanguage":"lt"},{"@type":"Organization","@id":"https:\/\/hobstop.ee\/lt\/#organization","name":"Vunder AS","url":"https:\/\/hobstop.ee\/lt\/","logo":{"@type":"ImageObject","inLanguage":"lt","@id":"https:\/\/hobstop.ee\/lt\/#\/schema\/logo\/image\/","url":"https:\/\/hobstop.ee\/media\/vunder-logo.png","contentUrl":"https:\/\/hobstop.ee\/media\/vunder-logo.png","width":127,"height":55,"caption":"Vunder AS"},"image":{"@id":"https:\/\/hobstop.ee\/lt\/#\/schema\/logo\/image\/"},"sameAs":["http:\/\/www.facebook.com\/VunderSkizze"]}]}},"_links":{"self":[{"href":"https:\/\/hobstop.ee\/lt\/wp-json\/wp\/v2\/product\/318481","targetHints":{"allow":["GET"]}}],"collection":[{"href":"https:\/\/hobstop.ee\/lt\/wp-json\/wp\/v2\/product"}],"about":[{"href":"https:\/\/hobstop.ee\/lt\/wp-json\/wp\/v2\/types\/product"}],"replies":[{"embeddable":true,"href":"https:\/\/hobstop.ee\/lt\/wp-json\/wp\/v2\/comments?post=318481"}],"wp:featuredmedia":[{"embeddable":true,"href":"https:\/\/hobstop.ee\/lt\/wp-json\/wp\/v2\/media\/320203"}],"wp:attachment":[{"href":"https:\/\/hobstop.ee\/lt\/wp-json\/wp\/v2\/media?parent=318481"}],"wp:term":[{"taxonomy":"product_cat","embeddable":true,"href":"https:\/\/hobstop.ee\/lt\/wp-json\/wp\/v2\/product_cat?post=318481"},{"taxonomy":"product_tag","embeddable":true,"href":"https:\/\/hobstop.ee\/lt\/wp-json\/wp\/v2\/product_tag?post=318481"}],"curies":[{"name":"wp","href":"https:\/\/api.w.org\/{rel}","templated":true}]}}