{"id":318489,"date":"2018-10-01T10:39:20","date_gmt":"2018-10-01T07:39:20","guid":{"rendered":"https:\/\/sharks.ee\/vunder_2019\/lt\/product\/dekoratyviniai-dazai-marabu-new-york-neon-100ml\/"},"modified":"2018-10-01T10:39:20","modified_gmt":"2018-10-01T07:39:20","slug":"dekoratyviniai-dazai-marabu-new-york-neon-100ml","status":"publish","type":"product","link":"https:\/\/hobstop.ee\/lt\/produktas\/dekoratyviniai-dazai-marabu-new-york-neon-100ml\/","title":{"rendered":"Dekoratyviniai da\u017eai Marabu New York Neon 100ml"},"content":{"rendered":"<p>Vandens pagrindu pagaminti pusiau permatomi fluorescenciniai, \u0161iek tiek blizg\u016bs da\u017eai \u201eMarabu New York Neon\u201c. Atspar\u016bs oro s\u0105lygoms, netep\u016bs, atspar\u016bs \u0161viesios poveikiui ir greitai d\u017ei\u016bstantys. Tinka \u012fgeriantiems pavir\u0161iams \u2013 medienai, MDF, papje ma\u0161\u0117, popieriui, akmeniui, keramikai, moliui, polistirolui, drobei ir pan. Geresnis rezultatas bus gaunamas dengiant \u0161viesius pavir\u0161ius arba naudojant kaip grunt\u0105.<\/p>\n","protected":false},"excerpt":{"rendered":"<p>Vandens pagrindu pagaminti pusiau permatomi fluorescenciniai, \u0161iek tiek blizg\u016bs da\u017eai \u201eMarabu New York Neon\u201c. Atspar\u016bs oro s\u0105lygoms, netep\u016bs, atspar\u016bs \u0161viesios poveikiui ir greitai d\u017ei\u016bstantys. Tinka \u012fgeriantiems pavir\u0161iams \u2013 medienai, MDF, papje ma\u0161\u0117, popieriui, akmeniui, keramikai, moliui, polistirolui, drobei ir pan. Geresnis rezultatas bus gaunamas dengiant \u0161viesius pavir\u0161ius arba naudojant kaip grunt\u0105.<\/p>\n","protected":false},"featured_media":320211,"comment_status":"closed","ping_status":"closed","template":"","meta":{"_acf_changed":false,"ep_exclude_from_search":false},"product_cat":[18202,239,17919],"product_tag":[],"class_list":{"0":"post-318489","1":"product","2":"type-product","3":"status-publish","4":"has-post-thumbnail","6":"product_cat-dekoratyviniai-dazai","7":"product_cat-aerosoolvarvid","8":"product_cat-pomegiu-prekes","10":"first","11":"instock","12":"taxable","13":"shipping-taxable","14":"purchasable","15":"product-type-simple"},"acf":[],"yoast_head":"<!-- This site is optimized with the Yoast SEO plugin v24.1 - https:\/\/yoast.com\/wordpress\/plugins\/seo\/ -->\n<title>Dekoratyviniai da\u017eai Marabu New York Neon 100ml &#8211; Skizze<\/title>\n<meta name=\"robots\" content=\"noindex, follow, max-snippet:-1, max-image-preview:large, max-video-preview:-1\" \/>\n<meta property=\"og:locale\" content=\"lt_LT\" \/>\n<meta property=\"og:type\" content=\"article\" \/>\n<meta property=\"og:title\" content=\"Dekoratyviniai da\u017eai Marabu New York Neon 100ml &#8211; Skizze\" \/>\n<meta property=\"og:description\" content=\"Vandens pagrindu pagaminti pusiau permatomi fluorescenciniai, \u0161iek tiek blizg\u016bs da\u017eai \u201eMarabu New York Neon\u201c. Atspar\u016bs oro s\u0105lygoms, netep\u016bs, atspar\u016bs \u0161viesios poveikiui ir greitai d\u017ei\u016bstantys. Tinka \u012fgeriantiems pavir\u0161iams \u2013 medienai, MDF, papje ma\u0161\u0117, popieriui, akmeniui, keramikai, moliui, polistirolui, drobei ir pan. Geresnis rezultatas bus gaunamas dengiant \u0161viesius pavir\u0161ius arba naudojant kaip grunt\u0105.\" \/>\n<meta property=\"og:url\" content=\"https:\/\/hobstop.ee\/lt\/produktas\/dekoratyviniai-dazai-marabu-new-york-neon-100ml\/\" \/>\n<meta property=\"og:site_name\" content=\"Skizze\" \/>\n<meta property=\"article:publisher\" content=\"http:\/\/www.facebook.com\/VunderSkizze\" \/>\n<meta property=\"og:image\" content=\"https:\/\/hobstop.ee\/media\/4910.jpg\" \/>\n\t<meta property=\"og:image:width\" content=\"1024\" \/>\n\t<meta property=\"og:image:height\" content=\"768\" \/>\n\t<meta property=\"og:image:type\" content=\"image\/jpeg\" \/>\n<meta name=\"twitter:card\" content=\"summary_large_image\" \/>\n<script type=\"application\/ld+json\" class=\"yoast-schema-graph\">{\"@context\":\"https:\/\/schema.org\",\"@graph\":[{\"@type\":\"WebPage\",\"@id\":\"https:\/\/hobstop.ee\/lt\/produktas\/dekoratyviniai-dazai-marabu-new-york-neon-100ml\/\",\"url\":\"https:\/\/hobstop.ee\/lt\/produktas\/dekoratyviniai-dazai-marabu-new-york-neon-100ml\/\",\"name\":\"Dekoratyviniai da\u017eai Marabu New York Neon 100ml &#8211; Skizze\",\"isPartOf\":{\"@id\":\"https:\/\/hobstop.ee\/lt\/#website\"},\"primaryImageOfPage\":{\"@id\":\"https:\/\/hobstop.ee\/lt\/produktas\/dekoratyviniai-dazai-marabu-new-york-neon-100ml\/#primaryimage\"},\"image\":{\"@id\":\"https:\/\/hobstop.ee\/lt\/produktas\/dekoratyviniai-dazai-marabu-new-york-neon-100ml\/#primaryimage\"},\"thumbnailUrl\":\"https:\/\/hobstop.ee\/media\/4910.jpg\",\"datePublished\":\"2018-10-01T07:39:20+00:00\",\"dateModified\":\"2018-10-01T07:39:20+00:00\",\"breadcrumb\":{\"@id\":\"https:\/\/hobstop.ee\/lt\/produktas\/dekoratyviniai-dazai-marabu-new-york-neon-100ml\/#breadcrumb\"},\"inLanguage\":\"lt\",\"potentialAction\":[{\"@type\":\"ReadAction\",\"target\":[\"https:\/\/hobstop.ee\/lt\/produktas\/dekoratyviniai-dazai-marabu-new-york-neon-100ml\/\"]}]},{\"@type\":\"ImageObject\",\"inLanguage\":\"lt\",\"@id\":\"https:\/\/hobstop.ee\/lt\/produktas\/dekoratyviniai-dazai-marabu-new-york-neon-100ml\/#primaryimage\",\"url\":\"https:\/\/hobstop.ee\/media\/4910.jpg\",\"contentUrl\":\"https:\/\/hobstop.ee\/media\/4910.jpg\",\"width\":1024,\"height\":768},{\"@type\":\"BreadcrumbList\",\"@id\":\"https:\/\/hobstop.ee\/lt\/produktas\/dekoratyviniai-dazai-marabu-new-york-neon-100ml\/#breadcrumb\",\"itemListElement\":[{\"@type\":\"ListItem\",\"position\":1,\"name\":\"Avaleht\",\"item\":\"https:\/\/hobstop.ee\/lt\/\"},{\"@type\":\"ListItem\",\"position\":2,\"name\":\"Parduotuv\u0117\",\"item\":\"https:\/\/hobstop.ee\/lt\/parduotuve\/\"},{\"@type\":\"ListItem\",\"position\":3,\"name\":\"Dekoratyviniai da\u017eai Marabu New York Neon 100ml\"}]},{\"@type\":\"WebSite\",\"@id\":\"https:\/\/hobstop.ee\/lt\/#website\",\"url\":\"https:\/\/hobstop.ee\/lt\/\",\"name\":\"Skizze\",\"description\":\"Dail\u0117s, pom\u0117gi\u0173 ir mokykliniai reikm\u0117nys\",\"publisher\":{\"@id\":\"https:\/\/hobstop.ee\/lt\/#organization\"},\"potentialAction\":[{\"@type\":\"SearchAction\",\"target\":{\"@type\":\"EntryPoint\",\"urlTemplate\":\"https:\/\/hobstop.ee\/lt\/?s={search_term_string}\"},\"query-input\":{\"@type\":\"PropertyValueSpecification\",\"valueRequired\":true,\"valueName\":\"search_term_string\"}}],\"inLanguage\":\"lt\"},{\"@type\":\"Organization\",\"@id\":\"https:\/\/hobstop.ee\/lt\/#organization\",\"name\":\"Vunder AS\",\"url\":\"https:\/\/hobstop.ee\/lt\/\",\"logo\":{\"@type\":\"ImageObject\",\"inLanguage\":\"lt\",\"@id\":\"https:\/\/hobstop.ee\/lt\/#\/schema\/logo\/image\/\",\"url\":\"https:\/\/hobstop.ee\/media\/vunder-logo.png\",\"contentUrl\":\"https:\/\/hobstop.ee\/media\/vunder-logo.png\",\"width\":127,\"height\":55,\"caption\":\"Vunder AS\"},\"image\":{\"@id\":\"https:\/\/hobstop.ee\/lt\/#\/schema\/logo\/image\/\"},\"sameAs\":[\"http:\/\/www.facebook.com\/VunderSkizze\"]}]}<\/script>\n<!-- \/ Yoast SEO plugin. -->","yoast_head_json":{"title":"Dekoratyviniai da\u017eai Marabu New York Neon 100ml &#8211; Skizze","robots":{"index":"noindex","follow":"follow","max-snippet":"max-snippet:-1","max-image-preview":"max-image-preview:large","max-video-preview":"max-video-preview:-1"},"og_locale":"lt_LT","og_type":"article","og_title":"Dekoratyviniai da\u017eai Marabu New York Neon 100ml &#8211; Skizze","og_description":"Vandens pagrindu pagaminti pusiau permatomi fluorescenciniai, \u0161iek tiek blizg\u016bs da\u017eai \u201eMarabu New York Neon\u201c. Atspar\u016bs oro s\u0105lygoms, netep\u016bs, atspar\u016bs \u0161viesios poveikiui ir greitai d\u017ei\u016bstantys. Tinka \u012fgeriantiems pavir\u0161iams \u2013 medienai, MDF, papje ma\u0161\u0117, popieriui, akmeniui, keramikai, moliui, polistirolui, drobei ir pan. Geresnis rezultatas bus gaunamas dengiant \u0161viesius pavir\u0161ius arba naudojant kaip grunt\u0105.","og_url":"https:\/\/hobstop.ee\/lt\/produktas\/dekoratyviniai-dazai-marabu-new-york-neon-100ml\/","og_site_name":"Skizze","article_publisher":"http:\/\/www.facebook.com\/VunderSkizze","og_image":[{"width":1024,"height":768,"url":"https:\/\/hobstop.ee\/media\/4910.jpg","type":"image\/jpeg"}],"twitter_card":"summary_large_image","schema":{"@context":"https:\/\/schema.org","@graph":[{"@type":"WebPage","@id":"https:\/\/hobstop.ee\/lt\/produktas\/dekoratyviniai-dazai-marabu-new-york-neon-100ml\/","url":"https:\/\/hobstop.ee\/lt\/produktas\/dekoratyviniai-dazai-marabu-new-york-neon-100ml\/","name":"Dekoratyviniai da\u017eai Marabu New York Neon 100ml &#8211; Skizze","isPartOf":{"@id":"https:\/\/hobstop.ee\/lt\/#website"},"primaryImageOfPage":{"@id":"https:\/\/hobstop.ee\/lt\/produktas\/dekoratyviniai-dazai-marabu-new-york-neon-100ml\/#primaryimage"},"image":{"@id":"https:\/\/hobstop.ee\/lt\/produktas\/dekoratyviniai-dazai-marabu-new-york-neon-100ml\/#primaryimage"},"thumbnailUrl":"https:\/\/hobstop.ee\/media\/4910.jpg","datePublished":"2018-10-01T07:39:20+00:00","dateModified":"2018-10-01T07:39:20+00:00","breadcrumb":{"@id":"https:\/\/hobstop.ee\/lt\/produktas\/dekoratyviniai-dazai-marabu-new-york-neon-100ml\/#breadcrumb"},"inLanguage":"lt","potentialAction":[{"@type":"ReadAction","target":["https:\/\/hobstop.ee\/lt\/produktas\/dekoratyviniai-dazai-marabu-new-york-neon-100ml\/"]}]},{"@type":"ImageObject","inLanguage":"lt","@id":"https:\/\/hobstop.ee\/lt\/produktas\/dekoratyviniai-dazai-marabu-new-york-neon-100ml\/#primaryimage","url":"https:\/\/hobstop.ee\/media\/4910.jpg","contentUrl":"https:\/\/hobstop.ee\/media\/4910.jpg","width":1024,"height":768},{"@type":"BreadcrumbList","@id":"https:\/\/hobstop.ee\/lt\/produktas\/dekoratyviniai-dazai-marabu-new-york-neon-100ml\/#breadcrumb","itemListElement":[{"@type":"ListItem","position":1,"name":"Avaleht","item":"https:\/\/hobstop.ee\/lt\/"},{"@type":"ListItem","position":2,"name":"Parduotuv\u0117","item":"https:\/\/hobstop.ee\/lt\/parduotuve\/"},{"@type":"ListItem","position":3,"name":"Dekoratyviniai da\u017eai Marabu New York Neon 100ml"}]},{"@type":"WebSite","@id":"https:\/\/hobstop.ee\/lt\/#website","url":"https:\/\/hobstop.ee\/lt\/","name":"Skizze","description":"Dail\u0117s, pom\u0117gi\u0173 ir mokykliniai reikm\u0117nys","publisher":{"@id":"https:\/\/hobstop.ee\/lt\/#organization"},"potentialAction":[{"@type":"SearchAction","target":{"@type":"EntryPoint","urlTemplate":"https:\/\/hobstop.ee\/lt\/?s={search_term_string}"},"query-input":{"@type":"PropertyValueSpecification","valueRequired":true,"valueName":"search_term_string"}}],"inLanguage":"lt"},{"@type":"Organization","@id":"https:\/\/hobstop.ee\/lt\/#organization","name":"Vunder AS","url":"https:\/\/hobstop.ee\/lt\/","logo":{"@type":"ImageObject","inLanguage":"lt","@id":"https:\/\/hobstop.ee\/lt\/#\/schema\/logo\/image\/","url":"https:\/\/hobstop.ee\/media\/vunder-logo.png","contentUrl":"https:\/\/hobstop.ee\/media\/vunder-logo.png","width":127,"height":55,"caption":"Vunder AS"},"image":{"@id":"https:\/\/hobstop.ee\/lt\/#\/schema\/logo\/image\/"},"sameAs":["http:\/\/www.facebook.com\/VunderSkizze"]}]}},"_links":{"self":[{"href":"https:\/\/hobstop.ee\/lt\/wp-json\/wp\/v2\/product\/318489","targetHints":{"allow":["GET"]}}],"collection":[{"href":"https:\/\/hobstop.ee\/lt\/wp-json\/wp\/v2\/product"}],"about":[{"href":"https:\/\/hobstop.ee\/lt\/wp-json\/wp\/v2\/types\/product"}],"replies":[{"embeddable":true,"href":"https:\/\/hobstop.ee\/lt\/wp-json\/wp\/v2\/comments?post=318489"}],"wp:featuredmedia":[{"embeddable":true,"href":"https:\/\/hobstop.ee\/lt\/wp-json\/wp\/v2\/media\/320211"}],"wp:attachment":[{"href":"https:\/\/hobstop.ee\/lt\/wp-json\/wp\/v2\/media?parent=318489"}],"wp:term":[{"taxonomy":"product_cat","embeddable":true,"href":"https:\/\/hobstop.ee\/lt\/wp-json\/wp\/v2\/product_cat?post=318489"},{"taxonomy":"product_tag","embeddable":true,"href":"https:\/\/hobstop.ee\/lt\/wp-json\/wp\/v2\/product_tag?post=318489"}],"curies":[{"name":"wp","href":"https:\/\/api.w.org\/{rel}","templated":true}]}}