{"id":318497,"date":"2018-10-01T10:39:22","date_gmt":"2018-10-01T07:39:22","guid":{"rendered":"https:\/\/sharks.ee\/vunder_2019\/lt\/product\/dekoratyviniai-dazai-marabu-decormatt-50ml\/"},"modified":"2018-10-01T10:39:22","modified_gmt":"2018-10-01T07:39:22","slug":"dekoratyviniai-dazai-marabu-decormatt-50ml","status":"publish","type":"product","link":"https:\/\/hobstop.ee\/lt\/produktas\/dekoratyviniai-dazai-marabu-decormatt-50ml\/","title":{"rendered":"Dekoratyviniai da\u017eai Marabu Decormatt 50ml"},"content":{"rendered":"<p>Vandens pagrindu pagaminti aksomin\u012f efekt\u0105 suteikiantys matiniai akriliniai da\u017eai \u201eMarabu Decormatt\u201c yra skirti rankdarbi\u0173 m\u0117g\u0117jams ir profesionalams. Kremin\u0117s konsistencijos ir puikiai dengiantys. Da\u017eai \u201eMarabu Decormatt\u201c yra atspar\u016bs oro s\u0105lygoms ir \u0161viesos poveikiui, ry\u0161ki\u0173 spalv\u0173. Idealiai tinka da\u017eyti, trafaretams ir antspaudams spausti, dekupa\u017eui ir tradicinei med\u017eio apdailai bei beveik visoms amat\u0173 technikoms.<\/p>\n","protected":false},"excerpt":{"rendered":"<p>Vandens pagrindu pagaminti aksomin\u012f efekt\u0105 suteikiantys matiniai akriliniai da\u017eai \u201eMarabu Decormatt\u201c yra skirti rankdarbi\u0173 m\u0117g\u0117jams ir profesionalams. Kremin\u0117s konsistencijos ir puikiai dengiantys. Da\u017eai \u201eMarabu Decormatt\u201c yra atspar\u016bs oro s\u0105lygoms ir \u0161viesos poveikiui, ry\u0161ki\u0173 spalv\u0173. Idealiai tinka da\u017eyti, trafaretams ir antspaudams spausti, dekupa\u017eui ir tradicinei med\u017eio apdailai bei beveik visoms amat\u0173 technikoms.<\/p>\n","protected":false},"featured_media":320219,"comment_status":"closed","ping_status":"closed","template":"","meta":{"_acf_changed":false,"ep_exclude_from_search":false},"product_cat":[18202,239,17919],"product_tag":[],"class_list":{"0":"post-318497","1":"product","2":"type-product","3":"status-publish","4":"has-post-thumbnail","6":"product_cat-dekoratyviniai-dazai","7":"product_cat-aerosoolvarvid","8":"product_cat-pomegiu-prekes","10":"first","11":"instock","12":"taxable","13":"shipping-taxable","14":"product-type-variable"},"acf":[],"yoast_head":"<!-- This site is optimized with the Yoast SEO plugin v24.1 - https:\/\/yoast.com\/wordpress\/plugins\/seo\/ -->\n<title>Dekoratyviniai da\u017eai Marabu Decormatt 50ml &#8211; Skizze<\/title>\n<meta name=\"robots\" content=\"noindex, follow, max-snippet:-1, max-image-preview:large, max-video-preview:-1\" \/>\n<meta property=\"og:locale\" content=\"lt_LT\" \/>\n<meta property=\"og:type\" content=\"article\" \/>\n<meta property=\"og:title\" content=\"Dekoratyviniai da\u017eai Marabu Decormatt 50ml &#8211; Skizze\" \/>\n<meta property=\"og:description\" content=\"Vandens pagrindu pagaminti aksomin\u012f efekt\u0105 suteikiantys matiniai akriliniai da\u017eai \u201eMarabu Decormatt\u201c yra skirti rankdarbi\u0173 m\u0117g\u0117jams ir profesionalams. Kremin\u0117s konsistencijos ir puikiai dengiantys. Da\u017eai \u201eMarabu Decormatt\u201c yra atspar\u016bs oro s\u0105lygoms ir \u0161viesos poveikiui, ry\u0161ki\u0173 spalv\u0173. Idealiai tinka da\u017eyti, trafaretams ir antspaudams spausti, dekupa\u017eui ir tradicinei med\u017eio apdailai bei beveik visoms amat\u0173 technikoms.\" \/>\n<meta property=\"og:url\" content=\"https:\/\/hobstop.ee\/lt\/produktas\/dekoratyviniai-dazai-marabu-decormatt-50ml\/\" \/>\n<meta property=\"og:site_name\" content=\"Skizze\" \/>\n<meta property=\"article:publisher\" content=\"http:\/\/www.facebook.com\/VunderSkizze\" \/>\n<meta property=\"og:image\" content=\"https:\/\/hobstop.ee\/media\/4912.jpg\" \/>\n\t<meta property=\"og:image:width\" content=\"1024\" \/>\n\t<meta property=\"og:image:height\" content=\"768\" \/>\n\t<meta property=\"og:image:type\" content=\"image\/jpeg\" \/>\n<meta name=\"twitter:card\" content=\"summary_large_image\" \/>\n<script type=\"application\/ld+json\" class=\"yoast-schema-graph\">{\"@context\":\"https:\/\/schema.org\",\"@graph\":[{\"@type\":\"WebPage\",\"@id\":\"https:\/\/hobstop.ee\/lt\/produktas\/dekoratyviniai-dazai-marabu-decormatt-50ml\/\",\"url\":\"https:\/\/hobstop.ee\/lt\/produktas\/dekoratyviniai-dazai-marabu-decormatt-50ml\/\",\"name\":\"Dekoratyviniai da\u017eai Marabu Decormatt 50ml &#8211; Skizze\",\"isPartOf\":{\"@id\":\"https:\/\/hobstop.ee\/lt\/#website\"},\"primaryImageOfPage\":{\"@id\":\"https:\/\/hobstop.ee\/lt\/produktas\/dekoratyviniai-dazai-marabu-decormatt-50ml\/#primaryimage\"},\"image\":{\"@id\":\"https:\/\/hobstop.ee\/lt\/produktas\/dekoratyviniai-dazai-marabu-decormatt-50ml\/#primaryimage\"},\"thumbnailUrl\":\"https:\/\/hobstop.ee\/media\/4912.jpg\",\"datePublished\":\"2018-10-01T07:39:22+00:00\",\"dateModified\":\"2018-10-01T07:39:22+00:00\",\"breadcrumb\":{\"@id\":\"https:\/\/hobstop.ee\/lt\/produktas\/dekoratyviniai-dazai-marabu-decormatt-50ml\/#breadcrumb\"},\"inLanguage\":\"lt\",\"potentialAction\":[{\"@type\":\"ReadAction\",\"target\":[\"https:\/\/hobstop.ee\/lt\/produktas\/dekoratyviniai-dazai-marabu-decormatt-50ml\/\"]}]},{\"@type\":\"ImageObject\",\"inLanguage\":\"lt\",\"@id\":\"https:\/\/hobstop.ee\/lt\/produktas\/dekoratyviniai-dazai-marabu-decormatt-50ml\/#primaryimage\",\"url\":\"https:\/\/hobstop.ee\/media\/4912.jpg\",\"contentUrl\":\"https:\/\/hobstop.ee\/media\/4912.jpg\",\"width\":1024,\"height\":768},{\"@type\":\"BreadcrumbList\",\"@id\":\"https:\/\/hobstop.ee\/lt\/produktas\/dekoratyviniai-dazai-marabu-decormatt-50ml\/#breadcrumb\",\"itemListElement\":[{\"@type\":\"ListItem\",\"position\":1,\"name\":\"Avaleht\",\"item\":\"https:\/\/hobstop.ee\/lt\/\"},{\"@type\":\"ListItem\",\"position\":2,\"name\":\"Parduotuv\u0117\",\"item\":\"https:\/\/hobstop.ee\/lt\/parduotuve\/\"},{\"@type\":\"ListItem\",\"position\":3,\"name\":\"Dekoratyviniai da\u017eai Marabu Decormatt 50ml\"}]},{\"@type\":\"WebSite\",\"@id\":\"https:\/\/hobstop.ee\/lt\/#website\",\"url\":\"https:\/\/hobstop.ee\/lt\/\",\"name\":\"Skizze\",\"description\":\"Dail\u0117s, pom\u0117gi\u0173 ir mokykliniai reikm\u0117nys\",\"publisher\":{\"@id\":\"https:\/\/hobstop.ee\/lt\/#organization\"},\"potentialAction\":[{\"@type\":\"SearchAction\",\"target\":{\"@type\":\"EntryPoint\",\"urlTemplate\":\"https:\/\/hobstop.ee\/lt\/?s={search_term_string}\"},\"query-input\":{\"@type\":\"PropertyValueSpecification\",\"valueRequired\":true,\"valueName\":\"search_term_string\"}}],\"inLanguage\":\"lt\"},{\"@type\":\"Organization\",\"@id\":\"https:\/\/hobstop.ee\/lt\/#organization\",\"name\":\"Vunder AS\",\"url\":\"https:\/\/hobstop.ee\/lt\/\",\"logo\":{\"@type\":\"ImageObject\",\"inLanguage\":\"lt\",\"@id\":\"https:\/\/hobstop.ee\/lt\/#\/schema\/logo\/image\/\",\"url\":\"https:\/\/hobstop.ee\/media\/vunder-logo.png\",\"contentUrl\":\"https:\/\/hobstop.ee\/media\/vunder-logo.png\",\"width\":127,\"height\":55,\"caption\":\"Vunder AS\"},\"image\":{\"@id\":\"https:\/\/hobstop.ee\/lt\/#\/schema\/logo\/image\/\"},\"sameAs\":[\"http:\/\/www.facebook.com\/VunderSkizze\"]}]}<\/script>\n<!-- \/ Yoast SEO plugin. -->","yoast_head_json":{"title":"Dekoratyviniai da\u017eai Marabu Decormatt 50ml &#8211; Skizze","robots":{"index":"noindex","follow":"follow","max-snippet":"max-snippet:-1","max-image-preview":"max-image-preview:large","max-video-preview":"max-video-preview:-1"},"og_locale":"lt_LT","og_type":"article","og_title":"Dekoratyviniai da\u017eai Marabu Decormatt 50ml &#8211; Skizze","og_description":"Vandens pagrindu pagaminti aksomin\u012f efekt\u0105 suteikiantys matiniai akriliniai da\u017eai \u201eMarabu Decormatt\u201c yra skirti rankdarbi\u0173 m\u0117g\u0117jams ir profesionalams. Kremin\u0117s konsistencijos ir puikiai dengiantys. Da\u017eai \u201eMarabu Decormatt\u201c yra atspar\u016bs oro s\u0105lygoms ir \u0161viesos poveikiui, ry\u0161ki\u0173 spalv\u0173. Idealiai tinka da\u017eyti, trafaretams ir antspaudams spausti, dekupa\u017eui ir tradicinei med\u017eio apdailai bei beveik visoms amat\u0173 technikoms.","og_url":"https:\/\/hobstop.ee\/lt\/produktas\/dekoratyviniai-dazai-marabu-decormatt-50ml\/","og_site_name":"Skizze","article_publisher":"http:\/\/www.facebook.com\/VunderSkizze","og_image":[{"width":1024,"height":768,"url":"https:\/\/hobstop.ee\/media\/4912.jpg","type":"image\/jpeg"}],"twitter_card":"summary_large_image","schema":{"@context":"https:\/\/schema.org","@graph":[{"@type":"WebPage","@id":"https:\/\/hobstop.ee\/lt\/produktas\/dekoratyviniai-dazai-marabu-decormatt-50ml\/","url":"https:\/\/hobstop.ee\/lt\/produktas\/dekoratyviniai-dazai-marabu-decormatt-50ml\/","name":"Dekoratyviniai da\u017eai Marabu Decormatt 50ml &#8211; Skizze","isPartOf":{"@id":"https:\/\/hobstop.ee\/lt\/#website"},"primaryImageOfPage":{"@id":"https:\/\/hobstop.ee\/lt\/produktas\/dekoratyviniai-dazai-marabu-decormatt-50ml\/#primaryimage"},"image":{"@id":"https:\/\/hobstop.ee\/lt\/produktas\/dekoratyviniai-dazai-marabu-decormatt-50ml\/#primaryimage"},"thumbnailUrl":"https:\/\/hobstop.ee\/media\/4912.jpg","datePublished":"2018-10-01T07:39:22+00:00","dateModified":"2018-10-01T07:39:22+00:00","breadcrumb":{"@id":"https:\/\/hobstop.ee\/lt\/produktas\/dekoratyviniai-dazai-marabu-decormatt-50ml\/#breadcrumb"},"inLanguage":"lt","potentialAction":[{"@type":"ReadAction","target":["https:\/\/hobstop.ee\/lt\/produktas\/dekoratyviniai-dazai-marabu-decormatt-50ml\/"]}]},{"@type":"ImageObject","inLanguage":"lt","@id":"https:\/\/hobstop.ee\/lt\/produktas\/dekoratyviniai-dazai-marabu-decormatt-50ml\/#primaryimage","url":"https:\/\/hobstop.ee\/media\/4912.jpg","contentUrl":"https:\/\/hobstop.ee\/media\/4912.jpg","width":1024,"height":768},{"@type":"BreadcrumbList","@id":"https:\/\/hobstop.ee\/lt\/produktas\/dekoratyviniai-dazai-marabu-decormatt-50ml\/#breadcrumb","itemListElement":[{"@type":"ListItem","position":1,"name":"Avaleht","item":"https:\/\/hobstop.ee\/lt\/"},{"@type":"ListItem","position":2,"name":"Parduotuv\u0117","item":"https:\/\/hobstop.ee\/lt\/parduotuve\/"},{"@type":"ListItem","position":3,"name":"Dekoratyviniai da\u017eai Marabu Decormatt 50ml"}]},{"@type":"WebSite","@id":"https:\/\/hobstop.ee\/lt\/#website","url":"https:\/\/hobstop.ee\/lt\/","name":"Skizze","description":"Dail\u0117s, pom\u0117gi\u0173 ir mokykliniai reikm\u0117nys","publisher":{"@id":"https:\/\/hobstop.ee\/lt\/#organization"},"potentialAction":[{"@type":"SearchAction","target":{"@type":"EntryPoint","urlTemplate":"https:\/\/hobstop.ee\/lt\/?s={search_term_string}"},"query-input":{"@type":"PropertyValueSpecification","valueRequired":true,"valueName":"search_term_string"}}],"inLanguage":"lt"},{"@type":"Organization","@id":"https:\/\/hobstop.ee\/lt\/#organization","name":"Vunder AS","url":"https:\/\/hobstop.ee\/lt\/","logo":{"@type":"ImageObject","inLanguage":"lt","@id":"https:\/\/hobstop.ee\/lt\/#\/schema\/logo\/image\/","url":"https:\/\/hobstop.ee\/media\/vunder-logo.png","contentUrl":"https:\/\/hobstop.ee\/media\/vunder-logo.png","width":127,"height":55,"caption":"Vunder AS"},"image":{"@id":"https:\/\/hobstop.ee\/lt\/#\/schema\/logo\/image\/"},"sameAs":["http:\/\/www.facebook.com\/VunderSkizze"]}]}},"_links":{"self":[{"href":"https:\/\/hobstop.ee\/lt\/wp-json\/wp\/v2\/product\/318497","targetHints":{"allow":["GET"]}}],"collection":[{"href":"https:\/\/hobstop.ee\/lt\/wp-json\/wp\/v2\/product"}],"about":[{"href":"https:\/\/hobstop.ee\/lt\/wp-json\/wp\/v2\/types\/product"}],"replies":[{"embeddable":true,"href":"https:\/\/hobstop.ee\/lt\/wp-json\/wp\/v2\/comments?post=318497"}],"wp:featuredmedia":[{"embeddable":true,"href":"https:\/\/hobstop.ee\/lt\/wp-json\/wp\/v2\/media\/320219"}],"wp:attachment":[{"href":"https:\/\/hobstop.ee\/lt\/wp-json\/wp\/v2\/media?parent=318497"}],"wp:term":[{"taxonomy":"product_cat","embeddable":true,"href":"https:\/\/hobstop.ee\/lt\/wp-json\/wp\/v2\/product_cat?post=318497"},{"taxonomy":"product_tag","embeddable":true,"href":"https:\/\/hobstop.ee\/lt\/wp-json\/wp\/v2\/product_tag?post=318497"}],"curies":[{"name":"wp","href":"https:\/\/api.w.org\/{rel}","templated":true}]}}