{"id":318505,"date":"2018-10-01T10:39:24","date_gmt":"2018-10-01T07:39:24","guid":{"rendered":"https:\/\/sharks.ee\/vunder_2019\/lt\/product\/akriliniai-dazai-lb-fine-80ml\/"},"modified":"2018-10-01T10:39:24","modified_gmt":"2018-10-01T07:39:24","slug":"akriliniai-dazai-lb-fine-80ml","status":"publish","type":"product","link":"https:\/\/hobstop.ee\/lt\/produktas\/akriliniai-dazai-lb-fine-80ml\/","title":{"rendered":"Akriliniai da\u017eai LB Fine 80ml"},"content":{"rendered":"<p>Akriliniai da\u017eai \u201eLefranc Bourgeois Fine\u201c yra idealios tekst\u016bros, tinka tiek m\u0117g\u0117jams, tiek ir moksleiviams, o taip pat ir profesionalams. Jie yra ry\u0161k\u016bs ir puikios kokyb\u0117s \u2013 \u012fsp\u016bdingi, ta\u010diau prieinamos kainos! Da\u017euose \u201eLB Fine\u201c yra daug pigmento, jie yra gili\u0173 spalv\u0173, palieka mink\u0161t\u0105 aksomin\u012f pot\u0117p\u012f. Lengvai dengiami, pana\u0161ios \u012f sviest\u0105 tekst\u016bros, ta\u010diau pakankamai tir\u0161ti, tod\u0117l matosi kiekvienas teptuko pot\u0117pis. \u0160ioje serijoje yra 50 spalv\u0173 palet\u0117, kurioje yra atrinktos da\u017eniausiai naudojamos, populiariausios ir kompakti\u0161kos spalvos.<\/p>\n","protected":false},"excerpt":{"rendered":"<p>Akriliniai da\u017eai \u201eLefranc Bourgeois Fine\u201c yra idealios tekst\u016bros, tinka tiek m\u0117g\u0117jams, tiek ir moksleiviams, o taip pat ir profesionalams. Jie yra ry\u0161k\u016bs ir puikios kokyb\u0117s \u2013 \u012fsp\u016bdingi, ta\u010diau prieinamos kainos! Da\u017euose \u201eLB Fine\u201c yra daug pigmento, jie yra gili\u0173 spalv\u0173, palieka mink\u0161t\u0105 aksomin\u012f pot\u0117p\u012f. Lengvai dengiami, pana\u0161ios \u012f sviest\u0105 tekst\u016bros, ta\u010diau pakankamai tir\u0161ti, tod\u0117l matosi kiekvienas teptuko pot\u0117pis. \u0160ioje serijoje yra 50 spalv\u0173 palet\u0117, kurioje yra atrinktos da\u017eniausiai naudojamos, populiariausios ir kompakti\u0161kos spalvos.<\/p>\n","protected":false},"featured_media":328388,"comment_status":"closed","ping_status":"closed","template":"","meta":{"_acf_changed":false,"ep_exclude_from_search":false},"product_cat":[18995,16124,17981],"product_tag":[],"class_list":{"0":"post-318505","1":"product","2":"type-product","3":"status-publish","4":"has-post-thumbnail","6":"product_cat-akriliniai-dazai-4","7":"product_cat-dailes-prekes","8":"product_cat-dazai-ir-priedai-tapybai","10":"first","11":"instock","12":"taxable","13":"shipping-taxable","14":"purchasable","15":"product-type-simple"},"acf":[],"yoast_head":"<!-- This site is optimized with the Yoast SEO plugin v24.1 - https:\/\/yoast.com\/wordpress\/plugins\/seo\/ -->\n<title>Akriliniai da\u017eai LB Fine 80ml &#8211; Skizze<\/title>\n<meta name=\"robots\" content=\"noindex, follow, max-snippet:-1, max-image-preview:large, max-video-preview:-1\" \/>\n<meta property=\"og:locale\" content=\"lt_LT\" \/>\n<meta property=\"og:type\" content=\"article\" \/>\n<meta property=\"og:title\" content=\"Akriliniai da\u017eai LB Fine 80ml &#8211; Skizze\" \/>\n<meta property=\"og:description\" content=\"Akriliniai da\u017eai \u201eLefranc Bourgeois Fine\u201c yra idealios tekst\u016bros, tinka tiek m\u0117g\u0117jams, tiek ir moksleiviams, o taip pat ir profesionalams. Jie yra ry\u0161k\u016bs ir puikios kokyb\u0117s \u2013 \u012fsp\u016bdingi, ta\u010diau prieinamos kainos! Da\u017euose \u201eLB Fine\u201c yra daug pigmento, jie yra gili\u0173 spalv\u0173, palieka mink\u0161t\u0105 aksomin\u012f pot\u0117p\u012f. Lengvai dengiami, pana\u0161ios \u012f sviest\u0105 tekst\u016bros, ta\u010diau pakankamai tir\u0161ti, tod\u0117l matosi kiekvienas teptuko pot\u0117pis. \u0160ioje serijoje yra 50 spalv\u0173 palet\u0117, kurioje yra atrinktos da\u017eniausiai naudojamos, populiariausios ir kompakti\u0161kos spalvos.\" \/>\n<meta property=\"og:url\" content=\"https:\/\/hobstop.ee\/lt\/produktas\/akriliniai-dazai-lb-fine-80ml\/\" \/>\n<meta property=\"og:site_name\" content=\"Skizze\" \/>\n<meta property=\"article:publisher\" content=\"http:\/\/www.facebook.com\/VunderSkizze\" \/>\n<meta property=\"og:image\" content=\"https:\/\/www.hobstop.ee\/media\/4928.jpg\" \/>\n\t<meta property=\"og:image:width\" content=\"1024\" \/>\n\t<meta property=\"og:image:height\" content=\"768\" \/>\n\t<meta property=\"og:image:type\" content=\"image\/jpeg\" \/>\n<meta name=\"twitter:card\" content=\"summary_large_image\" \/>\n<script type=\"application\/ld+json\" class=\"yoast-schema-graph\">{\"@context\":\"https:\/\/schema.org\",\"@graph\":[{\"@type\":\"WebPage\",\"@id\":\"https:\/\/hobstop.ee\/lt\/produktas\/akriliniai-dazai-lb-fine-80ml\/\",\"url\":\"https:\/\/hobstop.ee\/lt\/produktas\/akriliniai-dazai-lb-fine-80ml\/\",\"name\":\"Akriliniai da\u017eai LB Fine 80ml &#8211; Skizze\",\"isPartOf\":{\"@id\":\"https:\/\/hobstop.ee\/lt\/#website\"},\"primaryImageOfPage\":{\"@id\":\"https:\/\/hobstop.ee\/lt\/produktas\/akriliniai-dazai-lb-fine-80ml\/#primaryimage\"},\"image\":{\"@id\":\"https:\/\/hobstop.ee\/lt\/produktas\/akriliniai-dazai-lb-fine-80ml\/#primaryimage\"},\"thumbnailUrl\":\"https:\/\/hobstop.ee\/media\/4928.jpg\",\"datePublished\":\"2018-10-01T07:39:24+00:00\",\"dateModified\":\"2018-10-01T07:39:24+00:00\",\"breadcrumb\":{\"@id\":\"https:\/\/hobstop.ee\/lt\/produktas\/akriliniai-dazai-lb-fine-80ml\/#breadcrumb\"},\"inLanguage\":\"lt\",\"potentialAction\":[{\"@type\":\"ReadAction\",\"target\":[\"https:\/\/hobstop.ee\/lt\/produktas\/akriliniai-dazai-lb-fine-80ml\/\"]}]},{\"@type\":\"ImageObject\",\"inLanguage\":\"lt\",\"@id\":\"https:\/\/hobstop.ee\/lt\/produktas\/akriliniai-dazai-lb-fine-80ml\/#primaryimage\",\"url\":\"https:\/\/hobstop.ee\/media\/4928.jpg\",\"contentUrl\":\"https:\/\/hobstop.ee\/media\/4928.jpg\",\"width\":1024,\"height\":768},{\"@type\":\"BreadcrumbList\",\"@id\":\"https:\/\/hobstop.ee\/lt\/produktas\/akriliniai-dazai-lb-fine-80ml\/#breadcrumb\",\"itemListElement\":[{\"@type\":\"ListItem\",\"position\":1,\"name\":\"Avaleht\",\"item\":\"https:\/\/hobstop.ee\/lt\/\"},{\"@type\":\"ListItem\",\"position\":2,\"name\":\"Parduotuv\u0117\",\"item\":\"https:\/\/hobstop.ee\/lt\/parduotuve\/\"},{\"@type\":\"ListItem\",\"position\":3,\"name\":\"Akriliniai da\u017eai LB Fine 80ml\"}]},{\"@type\":\"WebSite\",\"@id\":\"https:\/\/hobstop.ee\/lt\/#website\",\"url\":\"https:\/\/hobstop.ee\/lt\/\",\"name\":\"Skizze\",\"description\":\"Dail\u0117s, pom\u0117gi\u0173 ir mokykliniai reikm\u0117nys\",\"publisher\":{\"@id\":\"https:\/\/hobstop.ee\/lt\/#organization\"},\"potentialAction\":[{\"@type\":\"SearchAction\",\"target\":{\"@type\":\"EntryPoint\",\"urlTemplate\":\"https:\/\/hobstop.ee\/lt\/?s={search_term_string}\"},\"query-input\":{\"@type\":\"PropertyValueSpecification\",\"valueRequired\":true,\"valueName\":\"search_term_string\"}}],\"inLanguage\":\"lt\"},{\"@type\":\"Organization\",\"@id\":\"https:\/\/hobstop.ee\/lt\/#organization\",\"name\":\"Vunder AS\",\"url\":\"https:\/\/hobstop.ee\/lt\/\",\"logo\":{\"@type\":\"ImageObject\",\"inLanguage\":\"lt\",\"@id\":\"https:\/\/hobstop.ee\/lt\/#\/schema\/logo\/image\/\",\"url\":\"https:\/\/hobstop.ee\/media\/vunder-logo.png\",\"contentUrl\":\"https:\/\/hobstop.ee\/media\/vunder-logo.png\",\"width\":127,\"height\":55,\"caption\":\"Vunder AS\"},\"image\":{\"@id\":\"https:\/\/hobstop.ee\/lt\/#\/schema\/logo\/image\/\"},\"sameAs\":[\"http:\/\/www.facebook.com\/VunderSkizze\"]}]}<\/script>\n<!-- \/ Yoast SEO plugin. -->","yoast_head_json":{"title":"Akriliniai da\u017eai LB Fine 80ml &#8211; Skizze","robots":{"index":"noindex","follow":"follow","max-snippet":"max-snippet:-1","max-image-preview":"max-image-preview:large","max-video-preview":"max-video-preview:-1"},"og_locale":"lt_LT","og_type":"article","og_title":"Akriliniai da\u017eai LB Fine 80ml &#8211; Skizze","og_description":"Akriliniai da\u017eai \u201eLefranc Bourgeois Fine\u201c yra idealios tekst\u016bros, tinka tiek m\u0117g\u0117jams, tiek ir moksleiviams, o taip pat ir profesionalams. Jie yra ry\u0161k\u016bs ir puikios kokyb\u0117s \u2013 \u012fsp\u016bdingi, ta\u010diau prieinamos kainos! Da\u017euose \u201eLB Fine\u201c yra daug pigmento, jie yra gili\u0173 spalv\u0173, palieka mink\u0161t\u0105 aksomin\u012f pot\u0117p\u012f. Lengvai dengiami, pana\u0161ios \u012f sviest\u0105 tekst\u016bros, ta\u010diau pakankamai tir\u0161ti, tod\u0117l matosi kiekvienas teptuko pot\u0117pis. \u0160ioje serijoje yra 50 spalv\u0173 palet\u0117, kurioje yra atrinktos da\u017eniausiai naudojamos, populiariausios ir kompakti\u0161kos spalvos.","og_url":"https:\/\/hobstop.ee\/lt\/produktas\/akriliniai-dazai-lb-fine-80ml\/","og_site_name":"Skizze","article_publisher":"http:\/\/www.facebook.com\/VunderSkizze","og_image":[{"width":1024,"height":768,"url":"https:\/\/www.hobstop.ee\/media\/4928.jpg","type":"image\/jpeg"}],"twitter_card":"summary_large_image","schema":{"@context":"https:\/\/schema.org","@graph":[{"@type":"WebPage","@id":"https:\/\/hobstop.ee\/lt\/produktas\/akriliniai-dazai-lb-fine-80ml\/","url":"https:\/\/hobstop.ee\/lt\/produktas\/akriliniai-dazai-lb-fine-80ml\/","name":"Akriliniai da\u017eai LB Fine 80ml &#8211; Skizze","isPartOf":{"@id":"https:\/\/hobstop.ee\/lt\/#website"},"primaryImageOfPage":{"@id":"https:\/\/hobstop.ee\/lt\/produktas\/akriliniai-dazai-lb-fine-80ml\/#primaryimage"},"image":{"@id":"https:\/\/hobstop.ee\/lt\/produktas\/akriliniai-dazai-lb-fine-80ml\/#primaryimage"},"thumbnailUrl":"https:\/\/hobstop.ee\/media\/4928.jpg","datePublished":"2018-10-01T07:39:24+00:00","dateModified":"2018-10-01T07:39:24+00:00","breadcrumb":{"@id":"https:\/\/hobstop.ee\/lt\/produktas\/akriliniai-dazai-lb-fine-80ml\/#breadcrumb"},"inLanguage":"lt","potentialAction":[{"@type":"ReadAction","target":["https:\/\/hobstop.ee\/lt\/produktas\/akriliniai-dazai-lb-fine-80ml\/"]}]},{"@type":"ImageObject","inLanguage":"lt","@id":"https:\/\/hobstop.ee\/lt\/produktas\/akriliniai-dazai-lb-fine-80ml\/#primaryimage","url":"https:\/\/hobstop.ee\/media\/4928.jpg","contentUrl":"https:\/\/hobstop.ee\/media\/4928.jpg","width":1024,"height":768},{"@type":"BreadcrumbList","@id":"https:\/\/hobstop.ee\/lt\/produktas\/akriliniai-dazai-lb-fine-80ml\/#breadcrumb","itemListElement":[{"@type":"ListItem","position":1,"name":"Avaleht","item":"https:\/\/hobstop.ee\/lt\/"},{"@type":"ListItem","position":2,"name":"Parduotuv\u0117","item":"https:\/\/hobstop.ee\/lt\/parduotuve\/"},{"@type":"ListItem","position":3,"name":"Akriliniai da\u017eai LB Fine 80ml"}]},{"@type":"WebSite","@id":"https:\/\/hobstop.ee\/lt\/#website","url":"https:\/\/hobstop.ee\/lt\/","name":"Skizze","description":"Dail\u0117s, pom\u0117gi\u0173 ir mokykliniai reikm\u0117nys","publisher":{"@id":"https:\/\/hobstop.ee\/lt\/#organization"},"potentialAction":[{"@type":"SearchAction","target":{"@type":"EntryPoint","urlTemplate":"https:\/\/hobstop.ee\/lt\/?s={search_term_string}"},"query-input":{"@type":"PropertyValueSpecification","valueRequired":true,"valueName":"search_term_string"}}],"inLanguage":"lt"},{"@type":"Organization","@id":"https:\/\/hobstop.ee\/lt\/#organization","name":"Vunder AS","url":"https:\/\/hobstop.ee\/lt\/","logo":{"@type":"ImageObject","inLanguage":"lt","@id":"https:\/\/hobstop.ee\/lt\/#\/schema\/logo\/image\/","url":"https:\/\/hobstop.ee\/media\/vunder-logo.png","contentUrl":"https:\/\/hobstop.ee\/media\/vunder-logo.png","width":127,"height":55,"caption":"Vunder AS"},"image":{"@id":"https:\/\/hobstop.ee\/lt\/#\/schema\/logo\/image\/"},"sameAs":["http:\/\/www.facebook.com\/VunderSkizze"]}]}},"_links":{"self":[{"href":"https:\/\/hobstop.ee\/lt\/wp-json\/wp\/v2\/product\/318505","targetHints":{"allow":["GET"]}}],"collection":[{"href":"https:\/\/hobstop.ee\/lt\/wp-json\/wp\/v2\/product"}],"about":[{"href":"https:\/\/hobstop.ee\/lt\/wp-json\/wp\/v2\/types\/product"}],"replies":[{"embeddable":true,"href":"https:\/\/hobstop.ee\/lt\/wp-json\/wp\/v2\/comments?post=318505"}],"wp:featuredmedia":[{"embeddable":true,"href":"https:\/\/hobstop.ee\/lt\/wp-json\/wp\/v2\/media\/328388"}],"wp:attachment":[{"href":"https:\/\/hobstop.ee\/lt\/wp-json\/wp\/v2\/media?parent=318505"}],"wp:term":[{"taxonomy":"product_cat","embeddable":true,"href":"https:\/\/hobstop.ee\/lt\/wp-json\/wp\/v2\/product_cat?post=318505"},{"taxonomy":"product_tag","embeddable":true,"href":"https:\/\/hobstop.ee\/lt\/wp-json\/wp\/v2\/product_tag?post=318505"}],"curies":[{"name":"wp","href":"https:\/\/api.w.org\/{rel}","templated":true}]}}