{"id":318521,"date":"2018-10-01T10:39:28","date_gmt":"2018-10-01T07:39:28","guid":{"rendered":"https:\/\/sharks.ee\/vunder_2019\/lt\/product\/rasalas-wn-14ml\/"},"modified":"2018-10-01T10:39:28","modified_gmt":"2018-10-01T07:39:28","slug":"tusas-wn-14ml","status":"publish","type":"product","link":"https:\/\/hobstop.ee\/lt\/produktas\/tusas-wn-14ml\/","title":{"rendered":"Tu\u0161as W&#038;N 14ml"},"content":{"rendered":"<p>Geros kokyb\u0117s, \u012f puikius ma\u017eus buteliukus supilstytas senovi\u0161kas tu\u0161as, kur\u012f naudoja iliustruotojai nuo pat jo pasirodymo 1890-aisiais metais. Garsus \u201eWinsor&#038;Newton\u201c pie\u0161imui skirtas tu\u0161as yra pagamintas i\u0161 tirpi\u0173 da\u017e\u0173 auk\u0161\u010diausios kokyb\u0117s \u0161elako tirpale. Greitai d\u017ei\u016bstantis, atsparus vandeniui (i\u0161skyrus r\u016b\u0161is \u201eLiquid Indian\u201c, \u201eGold\u201c ir \u201eSilver\u201c) ir skaidrus \u2013 galima naudoti teptuk\u0105, plunksn\u0105 ar purk\u0161tuv\u0105.  \u201eWinsor&#038;Newton\u201c suk\u016br\u0117 26 spalvas, \u012fskaitant \u201eLiquid Indian Ink\u201c \u2013 tradicinio Kinijos tu\u0161o vandenin\u012f tirpal\u0105. Visas spalvas galima tarpusavyje mai\u0161yti*, \u012fvairias spalvas galima sluoksniuoti ir i\u0161gauti naujus efektus bei atspalvius, jas lengvai galima skiesti distiliuotu vandeniu. Tu\u0161as turi puik\u0173 sukibim\u0105 su daugeliu pavir\u0161i\u0173. Stiklini\u0173 buteliuk\u0173 pagrindas yra platus, tod\u0117l juos sunku apversti ir i\u0161lieti. Ant buteliuk\u0173 esan\u010dios etiket\u0117s ir net d\u0117\u017eut\u0117s, \u012f kurias tu\u0161as yra supakuotas, yra am\u017eino meno k\u016briniai. Kiekviena etiket\u0117 buvo atskirai sukurta, joje yra unikali ir m\u012fslinga iliustracija, kurioje matoma tu\u0161o spalva. Daugelis Britanijos geriausi\u0173 iliustruotoj\u0173 prisid\u0117jo prie \u0161ios serijos. \u201eW&#038;N\u201c pie\u0161imo tu\u0161\u0105 pla\u010diai naudoja iliustratoriai, dizaineriai, kaligrafai ir menininkai.<br \/>\n*Auksin\u0117s ir sidabrin\u0117s spalvos tu\u0161as \u012f kitos spalvos tu\u0161\u0105 tur\u0117t\u0173 b\u016bti pridedamas nedideliais kiekiais, kad tu\u0161as nesutir\u0161t\u0117t\u0173. Aukso ir sidabro spalvos mi\u0161iniai netur\u0117t\u0173 b\u016bti saugomi kartu d\u0117l nepalanki\u0173 chemini\u0173 reakcij\u0173.<\/p>\n","protected":false},"excerpt":{"rendered":"<p>Geros kokyb\u0117s, \u012f puikius ma\u017eus buteliukus supilstytas senovi\u0161kas tu\u0161as, kur\u012f naudoja iliustruotojai nuo pat jo pasirodymo 1890-aisiais metais. Garsus \u201eWinsor&#038;Newton\u201c pie\u0161imui skirtas tu\u0161as yra pagamintas i\u0161 tirpi\u0173 da\u017e\u0173 auk\u0161\u010diausios kokyb\u0117s \u0161elako tirpale. Greitai d\u017ei\u016bstantis, atsparus vandeniui (i\u0161skyrus r\u016b\u0161is \u201eLiquid Indian\u201c, \u201eGold\u201c ir \u201eSilver\u201c) ir skaidrus \u2013 galima naudoti teptuk\u0105, plunksn\u0105 ar purk\u0161tuv\u0105. \u201eWinsor&#038;Newton\u201c suk\u016br\u0117 26 spalvas, \u012fskaitant \u201eLiquid Indian Ink\u201c \u2013 tradicinio Kinijos tu\u0161o vandenin\u012f tirpal\u0105. Visas spalvas galima tarpusavyje mai\u0161yti*, \u012fvairias spalvas galima sluoksniuoti ir i\u0161gauti naujus efektus bei atspalvius, jas lengvai galima skiesti distiliuotu vandeniu. Tu\u0161as turi puik\u0173 sukibim\u0105 su daugeliu pavir\u0161i\u0173. Stiklini\u0173 buteliuk\u0173 pagrindas yra platus, tod\u0117l juos sunku apversti ir i\u0161lieti. Ant buteliuk\u0173 esan\u010dios etiket\u0117s ir net d\u0117\u017eut\u0117s, \u012f kurias tu\u0161as yra supakuotas, yra am\u017eino meno k\u016briniai. Kiekviena etiket\u0117 buvo atskirai sukurta, joje yra unikali ir m\u012fslinga iliustracija, kurioje matoma tu\u0161o spalva. Daugelis Britanijos geriausi\u0173 iliustruotoj\u0173 prisid\u0117jo prie \u0161ios serijos. \u201eW&#038;N\u201c pie\u0161imo tu\u0161\u0105 pla\u010diai naudoja iliustratoriai, dizaineriai, kaligrafai ir menininkai. *Auksin\u0117s ir sidabrin\u0117s spalvos tu\u0161as \u012f kitos spalvos tu\u0161\u0105 tur\u0117t\u0173 b\u016bti pridedamas nedideliais kiekiais, kad tu\u0161as nesutir\u0161t\u0117t\u0173. Aukso ir sidabro spalvos mi\u0161iniai netur\u0117t\u0173 b\u016bti saugomi kartu d\u0117l nepalanki\u0173 chemini\u0173 reakcij\u0173.<\/p>\n","protected":false},"featured_media":328376,"comment_status":"closed","ping_status":"closed","template":"","meta":{"_acf_changed":false,"ep_exclude_from_search":false},"product_cat":[16124,14880,18342],"product_tag":[],"class_list":{"0":"post-318521","1":"product","2":"type-product","3":"status-publish","4":"has-post-thumbnail","6":"product_cat-dailes-prekes","7":"product_cat-kiirkoitjad","8":"product_cat-tusai","10":"first","11":"instock","12":"taxable","13":"shipping-taxable","14":"purchasable","15":"product-type-simple"},"acf":[],"yoast_head":"<!-- This site is optimized with the Yoast SEO plugin v24.1 - https:\/\/yoast.com\/wordpress\/plugins\/seo\/ -->\n<title>Tu\u0161as W&amp;N 14ml &#8211; Skizze<\/title>\n<meta name=\"robots\" content=\"noindex, follow, max-snippet:-1, max-image-preview:large, max-video-preview:-1\" \/>\n<meta property=\"og:locale\" content=\"lt_LT\" \/>\n<meta property=\"og:type\" content=\"article\" \/>\n<meta property=\"og:title\" content=\"Tu\u0161as W&amp;N 14ml &#8211; Skizze\" \/>\n<meta property=\"og:description\" content=\"Geros kokyb\u0117s, \u012f puikius ma\u017eus buteliukus supilstytas senovi\u0161kas tu\u0161as, kur\u012f naudoja iliustruotojai nuo pat jo pasirodymo 1890-aisiais metais. Garsus \u201eWinsor&#038;Newton\u201c pie\u0161imui skirtas tu\u0161as yra pagamintas i\u0161 tirpi\u0173 da\u017e\u0173 auk\u0161\u010diausios kokyb\u0117s \u0161elako tirpale. Greitai d\u017ei\u016bstantis, atsparus vandeniui (i\u0161skyrus r\u016b\u0161is \u201eLiquid Indian\u201c, \u201eGold\u201c ir \u201eSilver\u201c) ir skaidrus \u2013 galima naudoti teptuk\u0105, plunksn\u0105 ar purk\u0161tuv\u0105. \u201eWinsor&#038;Newton\u201c suk\u016br\u0117 26 spalvas, \u012fskaitant \u201eLiquid Indian Ink\u201c \u2013 tradicinio Kinijos tu\u0161o vandenin\u012f tirpal\u0105. Visas spalvas galima tarpusavyje mai\u0161yti*, \u012fvairias spalvas galima sluoksniuoti ir i\u0161gauti naujus efektus bei atspalvius, jas lengvai galima skiesti distiliuotu vandeniu. Tu\u0161as turi puik\u0173 sukibim\u0105 su daugeliu pavir\u0161i\u0173. Stiklini\u0173 buteliuk\u0173 pagrindas yra platus, tod\u0117l juos sunku apversti ir i\u0161lieti. Ant buteliuk\u0173 esan\u010dios etiket\u0117s ir net d\u0117\u017eut\u0117s, \u012f kurias tu\u0161as yra supakuotas, yra am\u017eino meno k\u016briniai. Kiekviena etiket\u0117 buvo atskirai sukurta, joje yra unikali ir m\u012fslinga iliustracija, kurioje matoma tu\u0161o spalva. Daugelis Britanijos geriausi\u0173 iliustruotoj\u0173 prisid\u0117jo prie \u0161ios serijos. \u201eW&#038;N\u201c pie\u0161imo tu\u0161\u0105 pla\u010diai naudoja iliustratoriai, dizaineriai, kaligrafai ir menininkai. *Auksin\u0117s ir sidabrin\u0117s spalvos tu\u0161as \u012f kitos spalvos tu\u0161\u0105 tur\u0117t\u0173 b\u016bti pridedamas nedideliais kiekiais, kad tu\u0161as nesutir\u0161t\u0117t\u0173. Aukso ir sidabro spalvos mi\u0161iniai netur\u0117t\u0173 b\u016bti saugomi kartu d\u0117l nepalanki\u0173 chemini\u0173 reakcij\u0173.\" \/>\n<meta property=\"og:url\" content=\"https:\/\/hobstop.ee\/lt\/produktas\/tusas-wn-14ml\/\" \/>\n<meta property=\"og:site_name\" content=\"Skizze\" \/>\n<meta property=\"article:publisher\" content=\"http:\/\/www.facebook.com\/VunderSkizze\" \/>\n<meta property=\"og:image\" content=\"https:\/\/hobstop.ee\/media\/4952.jpg\" \/>\n\t<meta property=\"og:image:width\" content=\"1024\" \/>\n\t<meta property=\"og:image:height\" content=\"768\" \/>\n\t<meta property=\"og:image:type\" content=\"image\/jpeg\" \/>\n<meta name=\"twitter:card\" content=\"summary_large_image\" \/>\n<meta name=\"twitter:label1\" content=\"Est. reading time\" \/>\n\t<meta name=\"twitter:data1\" content=\"1 minute\" \/>\n<script type=\"application\/ld+json\" class=\"yoast-schema-graph\">{\"@context\":\"https:\/\/schema.org\",\"@graph\":[{\"@type\":\"WebPage\",\"@id\":\"https:\/\/hobstop.ee\/lt\/produktas\/tusas-wn-14ml\/\",\"url\":\"https:\/\/hobstop.ee\/lt\/produktas\/tusas-wn-14ml\/\",\"name\":\"Tu\u0161as W&N 14ml &#8211; Skizze\",\"isPartOf\":{\"@id\":\"https:\/\/hobstop.ee\/lt\/#website\"},\"primaryImageOfPage\":{\"@id\":\"https:\/\/hobstop.ee\/lt\/produktas\/tusas-wn-14ml\/#primaryimage\"},\"image\":{\"@id\":\"https:\/\/hobstop.ee\/lt\/produktas\/tusas-wn-14ml\/#primaryimage\"},\"thumbnailUrl\":\"https:\/\/hobstop.ee\/media\/4952.jpg\",\"datePublished\":\"2018-10-01T07:39:28+00:00\",\"dateModified\":\"2018-10-01T07:39:28+00:00\",\"breadcrumb\":{\"@id\":\"https:\/\/hobstop.ee\/lt\/produktas\/tusas-wn-14ml\/#breadcrumb\"},\"inLanguage\":\"lt\",\"potentialAction\":[{\"@type\":\"ReadAction\",\"target\":[\"https:\/\/hobstop.ee\/lt\/produktas\/tusas-wn-14ml\/\"]}]},{\"@type\":\"ImageObject\",\"inLanguage\":\"lt\",\"@id\":\"https:\/\/hobstop.ee\/lt\/produktas\/tusas-wn-14ml\/#primaryimage\",\"url\":\"https:\/\/hobstop.ee\/media\/4952.jpg\",\"contentUrl\":\"https:\/\/hobstop.ee\/media\/4952.jpg\",\"width\":1024,\"height\":768},{\"@type\":\"BreadcrumbList\",\"@id\":\"https:\/\/hobstop.ee\/lt\/produktas\/tusas-wn-14ml\/#breadcrumb\",\"itemListElement\":[{\"@type\":\"ListItem\",\"position\":1,\"name\":\"Avaleht\",\"item\":\"https:\/\/hobstop.ee\/lt\/\"},{\"@type\":\"ListItem\",\"position\":2,\"name\":\"Parduotuv\u0117\",\"item\":\"https:\/\/hobstop.ee\/lt\/parduotuve\/\"},{\"@type\":\"ListItem\",\"position\":3,\"name\":\"Tu\u0161as W&#038;N 14ml\"}]},{\"@type\":\"WebSite\",\"@id\":\"https:\/\/hobstop.ee\/lt\/#website\",\"url\":\"https:\/\/hobstop.ee\/lt\/\",\"name\":\"Skizze\",\"description\":\"Dail\u0117s, pom\u0117gi\u0173 ir mokykliniai reikm\u0117nys\",\"publisher\":{\"@id\":\"https:\/\/hobstop.ee\/lt\/#organization\"},\"potentialAction\":[{\"@type\":\"SearchAction\",\"target\":{\"@type\":\"EntryPoint\",\"urlTemplate\":\"https:\/\/hobstop.ee\/lt\/?s={search_term_string}\"},\"query-input\":{\"@type\":\"PropertyValueSpecification\",\"valueRequired\":true,\"valueName\":\"search_term_string\"}}],\"inLanguage\":\"lt\"},{\"@type\":\"Organization\",\"@id\":\"https:\/\/hobstop.ee\/lt\/#organization\",\"name\":\"Vunder AS\",\"url\":\"https:\/\/hobstop.ee\/lt\/\",\"logo\":{\"@type\":\"ImageObject\",\"inLanguage\":\"lt\",\"@id\":\"https:\/\/hobstop.ee\/lt\/#\/schema\/logo\/image\/\",\"url\":\"https:\/\/hobstop.ee\/media\/vunder-logo.png\",\"contentUrl\":\"https:\/\/hobstop.ee\/media\/vunder-logo.png\",\"width\":127,\"height\":55,\"caption\":\"Vunder AS\"},\"image\":{\"@id\":\"https:\/\/hobstop.ee\/lt\/#\/schema\/logo\/image\/\"},\"sameAs\":[\"http:\/\/www.facebook.com\/VunderSkizze\"]}]}<\/script>\n<!-- \/ Yoast SEO plugin. -->","yoast_head_json":{"title":"Tu\u0161as W&N 14ml &#8211; Skizze","robots":{"index":"noindex","follow":"follow","max-snippet":"max-snippet:-1","max-image-preview":"max-image-preview:large","max-video-preview":"max-video-preview:-1"},"og_locale":"lt_LT","og_type":"article","og_title":"Tu\u0161as W&N 14ml &#8211; Skizze","og_description":"Geros kokyb\u0117s, \u012f puikius ma\u017eus buteliukus supilstytas senovi\u0161kas tu\u0161as, kur\u012f naudoja iliustruotojai nuo pat jo pasirodymo 1890-aisiais metais. Garsus \u201eWinsor&#038;Newton\u201c pie\u0161imui skirtas tu\u0161as yra pagamintas i\u0161 tirpi\u0173 da\u017e\u0173 auk\u0161\u010diausios kokyb\u0117s \u0161elako tirpale. Greitai d\u017ei\u016bstantis, atsparus vandeniui (i\u0161skyrus r\u016b\u0161is \u201eLiquid Indian\u201c, \u201eGold\u201c ir \u201eSilver\u201c) ir skaidrus \u2013 galima naudoti teptuk\u0105, plunksn\u0105 ar purk\u0161tuv\u0105. \u201eWinsor&#038;Newton\u201c suk\u016br\u0117 26 spalvas, \u012fskaitant \u201eLiquid Indian Ink\u201c \u2013 tradicinio Kinijos tu\u0161o vandenin\u012f tirpal\u0105. Visas spalvas galima tarpusavyje mai\u0161yti*, \u012fvairias spalvas galima sluoksniuoti ir i\u0161gauti naujus efektus bei atspalvius, jas lengvai galima skiesti distiliuotu vandeniu. Tu\u0161as turi puik\u0173 sukibim\u0105 su daugeliu pavir\u0161i\u0173. Stiklini\u0173 buteliuk\u0173 pagrindas yra platus, tod\u0117l juos sunku apversti ir i\u0161lieti. Ant buteliuk\u0173 esan\u010dios etiket\u0117s ir net d\u0117\u017eut\u0117s, \u012f kurias tu\u0161as yra supakuotas, yra am\u017eino meno k\u016briniai. Kiekviena etiket\u0117 buvo atskirai sukurta, joje yra unikali ir m\u012fslinga iliustracija, kurioje matoma tu\u0161o spalva. Daugelis Britanijos geriausi\u0173 iliustruotoj\u0173 prisid\u0117jo prie \u0161ios serijos. \u201eW&#038;N\u201c pie\u0161imo tu\u0161\u0105 pla\u010diai naudoja iliustratoriai, dizaineriai, kaligrafai ir menininkai. *Auksin\u0117s ir sidabrin\u0117s spalvos tu\u0161as \u012f kitos spalvos tu\u0161\u0105 tur\u0117t\u0173 b\u016bti pridedamas nedideliais kiekiais, kad tu\u0161as nesutir\u0161t\u0117t\u0173. Aukso ir sidabro spalvos mi\u0161iniai netur\u0117t\u0173 b\u016bti saugomi kartu d\u0117l nepalanki\u0173 chemini\u0173 reakcij\u0173.","og_url":"https:\/\/hobstop.ee\/lt\/produktas\/tusas-wn-14ml\/","og_site_name":"Skizze","article_publisher":"http:\/\/www.facebook.com\/VunderSkizze","og_image":[{"width":1024,"height":768,"url":"https:\/\/hobstop.ee\/media\/4952.jpg","type":"image\/jpeg"}],"twitter_card":"summary_large_image","twitter_misc":{"Est. reading time":"1 minute"},"schema":{"@context":"https:\/\/schema.org","@graph":[{"@type":"WebPage","@id":"https:\/\/hobstop.ee\/lt\/produktas\/tusas-wn-14ml\/","url":"https:\/\/hobstop.ee\/lt\/produktas\/tusas-wn-14ml\/","name":"Tu\u0161as W&N 14ml &#8211; Skizze","isPartOf":{"@id":"https:\/\/hobstop.ee\/lt\/#website"},"primaryImageOfPage":{"@id":"https:\/\/hobstop.ee\/lt\/produktas\/tusas-wn-14ml\/#primaryimage"},"image":{"@id":"https:\/\/hobstop.ee\/lt\/produktas\/tusas-wn-14ml\/#primaryimage"},"thumbnailUrl":"https:\/\/hobstop.ee\/media\/4952.jpg","datePublished":"2018-10-01T07:39:28+00:00","dateModified":"2018-10-01T07:39:28+00:00","breadcrumb":{"@id":"https:\/\/hobstop.ee\/lt\/produktas\/tusas-wn-14ml\/#breadcrumb"},"inLanguage":"lt","potentialAction":[{"@type":"ReadAction","target":["https:\/\/hobstop.ee\/lt\/produktas\/tusas-wn-14ml\/"]}]},{"@type":"ImageObject","inLanguage":"lt","@id":"https:\/\/hobstop.ee\/lt\/produktas\/tusas-wn-14ml\/#primaryimage","url":"https:\/\/hobstop.ee\/media\/4952.jpg","contentUrl":"https:\/\/hobstop.ee\/media\/4952.jpg","width":1024,"height":768},{"@type":"BreadcrumbList","@id":"https:\/\/hobstop.ee\/lt\/produktas\/tusas-wn-14ml\/#breadcrumb","itemListElement":[{"@type":"ListItem","position":1,"name":"Avaleht","item":"https:\/\/hobstop.ee\/lt\/"},{"@type":"ListItem","position":2,"name":"Parduotuv\u0117","item":"https:\/\/hobstop.ee\/lt\/parduotuve\/"},{"@type":"ListItem","position":3,"name":"Tu\u0161as W&#038;N 14ml"}]},{"@type":"WebSite","@id":"https:\/\/hobstop.ee\/lt\/#website","url":"https:\/\/hobstop.ee\/lt\/","name":"Skizze","description":"Dail\u0117s, pom\u0117gi\u0173 ir mokykliniai reikm\u0117nys","publisher":{"@id":"https:\/\/hobstop.ee\/lt\/#organization"},"potentialAction":[{"@type":"SearchAction","target":{"@type":"EntryPoint","urlTemplate":"https:\/\/hobstop.ee\/lt\/?s={search_term_string}"},"query-input":{"@type":"PropertyValueSpecification","valueRequired":true,"valueName":"search_term_string"}}],"inLanguage":"lt"},{"@type":"Organization","@id":"https:\/\/hobstop.ee\/lt\/#organization","name":"Vunder AS","url":"https:\/\/hobstop.ee\/lt\/","logo":{"@type":"ImageObject","inLanguage":"lt","@id":"https:\/\/hobstop.ee\/lt\/#\/schema\/logo\/image\/","url":"https:\/\/hobstop.ee\/media\/vunder-logo.png","contentUrl":"https:\/\/hobstop.ee\/media\/vunder-logo.png","width":127,"height":55,"caption":"Vunder AS"},"image":{"@id":"https:\/\/hobstop.ee\/lt\/#\/schema\/logo\/image\/"},"sameAs":["http:\/\/www.facebook.com\/VunderSkizze"]}]}},"_links":{"self":[{"href":"https:\/\/hobstop.ee\/lt\/wp-json\/wp\/v2\/product\/318521","targetHints":{"allow":["GET"]}}],"collection":[{"href":"https:\/\/hobstop.ee\/lt\/wp-json\/wp\/v2\/product"}],"about":[{"href":"https:\/\/hobstop.ee\/lt\/wp-json\/wp\/v2\/types\/product"}],"replies":[{"embeddable":true,"href":"https:\/\/hobstop.ee\/lt\/wp-json\/wp\/v2\/comments?post=318521"}],"wp:featuredmedia":[{"embeddable":true,"href":"https:\/\/hobstop.ee\/lt\/wp-json\/wp\/v2\/media\/328376"}],"wp:attachment":[{"href":"https:\/\/hobstop.ee\/lt\/wp-json\/wp\/v2\/media?parent=318521"}],"wp:term":[{"taxonomy":"product_cat","embeddable":true,"href":"https:\/\/hobstop.ee\/lt\/wp-json\/wp\/v2\/product_cat?post=318521"},{"taxonomy":"product_tag","embeddable":true,"href":"https:\/\/hobstop.ee\/lt\/wp-json\/wp\/v2\/product_tag?post=318521"}],"curies":[{"name":"wp","href":"https:\/\/api.w.org\/{rel}","templated":true}]}}