{"id":335188,"date":"2019-05-23T16:11:55","date_gmt":"2019-05-23T13:11:58","guid":{"rendered":"https:\/\/sharks.ee\/vunder_2019\/product\/teptuku-rinkinys-lb-fine-sintetinis\/"},"modified":"2019-05-23T16:11:58","modified_gmt":"2019-05-23T13:11:58","slug":"teptuku-rinkinys-lb-fine-sintetinis","status":"publish","type":"product","link":"https:\/\/hobstop.ee\/lt\/produktas\/teptuku-rinkinys-lb-fine-sintetinis\/","title":{"rendered":"Teptuk\u0173 rinkinys LB Fine sintetinis"},"content":{"rendered":"<p>Universal\u016bs ir prieinamos kainos tvirtais \u0161ereliais sintetiniai teptukai \u201eLB Fine\u201c serijos teptukai idealiai tinka daugeliui naudojimo sri\u010di\u0173. Skirti akrilo da\u017eams, tod\u0117l j\u0173 pot\u0117pis yra tikslus, teptukai puikiai \u012fgeria da\u017eus ir juos vienodai paskirsto.<\/p>\n","protected":false},"excerpt":{"rendered":"<p>Universal\u016bs ir prieinamos kainos tvirtais \u0161ereliais sintetiniai teptukai \u201eLB Fine\u201c serijos teptukai idealiai tinka daugeliui naudojimo sri\u010di\u0173. Skirti akrilo da\u017eams, tod\u0117l j\u0173 pot\u0117pis yra tikslus, teptukai puikiai \u012fgeria da\u017eus ir juos vienodai paskirsto.<\/p>\n","protected":false},"featured_media":335712,"comment_status":"closed","ping_status":"closed","template":"","meta":{"_acf_changed":false,"ep_exclude_from_search":false},"product_cat":[16124,15042,18651],"product_tag":[],"class_list":{"0":"post-335188","1":"product","2":"type-product","3":"status-publish","4":"has-post-thumbnail","6":"product_cat-dailes-prekes","7":"product_cat-sintetiniai-teptukai-2","8":"product_cat-teptukai-ir-irankiai-tapymui","10":"first","11":"instock","12":"taxable","13":"shipping-taxable","14":"product-type-simple"},"acf":[],"yoast_head":"<!-- This site is optimized with the Yoast SEO plugin v24.1 - https:\/\/yoast.com\/wordpress\/plugins\/seo\/ -->\n<title>Teptuk\u0173 rinkinys LB Fine sintetinis &#8211; Skizze<\/title>\n<meta name=\"robots\" content=\"noindex, follow, max-snippet:-1, max-image-preview:large, max-video-preview:-1\" \/>\n<meta property=\"og:locale\" content=\"lt_LT\" \/>\n<meta property=\"og:type\" content=\"article\" \/>\n<meta property=\"og:title\" content=\"Teptuk\u0173 rinkinys LB Fine sintetinis &#8211; Skizze\" \/>\n<meta property=\"og:description\" content=\"Universal\u016bs ir prieinamos kainos tvirtais \u0161ereliais sintetiniai teptukai \u201eLB Fine\u201c serijos teptukai idealiai tinka daugeliui naudojimo sri\u010di\u0173. Skirti akrilo da\u017eams, tod\u0117l j\u0173 pot\u0117pis yra tikslus, teptukai puikiai \u012fgeria da\u017eus ir juos vienodai paskirsto.\" \/>\n<meta property=\"og:url\" content=\"https:\/\/hobstop.ee\/lt\/produktas\/teptuku-rinkinys-lb-fine-sintetinis\/\" \/>\n<meta property=\"og:site_name\" content=\"Skizze\" \/>\n<meta property=\"article:publisher\" content=\"http:\/\/www.facebook.com\/VunderSkizze\" \/>\n<meta property=\"og:image\" content=\"https:\/\/www.hobstop.ee\/media\/4856.jpg\" \/>\n\t<meta property=\"og:image:width\" content=\"1024\" \/>\n\t<meta property=\"og:image:height\" content=\"768\" \/>\n\t<meta property=\"og:image:type\" content=\"image\/jpeg\" \/>\n<meta name=\"twitter:card\" content=\"summary_large_image\" \/>\n<script type=\"application\/ld+json\" class=\"yoast-schema-graph\">{\"@context\":\"https:\/\/schema.org\",\"@graph\":[{\"@type\":\"WebPage\",\"@id\":\"https:\/\/hobstop.ee\/lt\/produktas\/teptuku-rinkinys-lb-fine-sintetinis\/\",\"url\":\"https:\/\/hobstop.ee\/lt\/produktas\/teptuku-rinkinys-lb-fine-sintetinis\/\",\"name\":\"Teptuk\u0173 rinkinys LB Fine sintetinis &#8211; Skizze\",\"isPartOf\":{\"@id\":\"https:\/\/hobstop.ee\/lt\/#website\"},\"primaryImageOfPage\":{\"@id\":\"https:\/\/hobstop.ee\/lt\/produktas\/teptuku-rinkinys-lb-fine-sintetinis\/#primaryimage\"},\"image\":{\"@id\":\"https:\/\/hobstop.ee\/lt\/produktas\/teptuku-rinkinys-lb-fine-sintetinis\/#primaryimage\"},\"thumbnailUrl\":\"https:\/\/hobstop.ee\/media\/4856.jpg\",\"datePublished\":\"2019-05-23T13:11:58+00:00\",\"dateModified\":\"2019-05-23T13:11:58+00:00\",\"breadcrumb\":{\"@id\":\"https:\/\/hobstop.ee\/lt\/produktas\/teptuku-rinkinys-lb-fine-sintetinis\/#breadcrumb\"},\"inLanguage\":\"lt\",\"potentialAction\":[{\"@type\":\"ReadAction\",\"target\":[\"https:\/\/hobstop.ee\/lt\/produktas\/teptuku-rinkinys-lb-fine-sintetinis\/\"]}]},{\"@type\":\"ImageObject\",\"inLanguage\":\"lt\",\"@id\":\"https:\/\/hobstop.ee\/lt\/produktas\/teptuku-rinkinys-lb-fine-sintetinis\/#primaryimage\",\"url\":\"https:\/\/hobstop.ee\/media\/4856.jpg\",\"contentUrl\":\"https:\/\/hobstop.ee\/media\/4856.jpg\",\"width\":1024,\"height\":768},{\"@type\":\"BreadcrumbList\",\"@id\":\"https:\/\/hobstop.ee\/lt\/produktas\/teptuku-rinkinys-lb-fine-sintetinis\/#breadcrumb\",\"itemListElement\":[{\"@type\":\"ListItem\",\"position\":1,\"name\":\"Avaleht\",\"item\":\"https:\/\/hobstop.ee\/lt\/\"},{\"@type\":\"ListItem\",\"position\":2,\"name\":\"Parduotuv\u0117\",\"item\":\"https:\/\/hobstop.ee\/lt\/parduotuve\/\"},{\"@type\":\"ListItem\",\"position\":3,\"name\":\"Teptuk\u0173 rinkinys LB Fine sintetinis\"}]},{\"@type\":\"WebSite\",\"@id\":\"https:\/\/hobstop.ee\/lt\/#website\",\"url\":\"https:\/\/hobstop.ee\/lt\/\",\"name\":\"Skizze\",\"description\":\"Dail\u0117s, pom\u0117gi\u0173 ir mokykliniai reikm\u0117nys\",\"publisher\":{\"@id\":\"https:\/\/hobstop.ee\/lt\/#organization\"},\"potentialAction\":[{\"@type\":\"SearchAction\",\"target\":{\"@type\":\"EntryPoint\",\"urlTemplate\":\"https:\/\/hobstop.ee\/lt\/?s={search_term_string}\"},\"query-input\":{\"@type\":\"PropertyValueSpecification\",\"valueRequired\":true,\"valueName\":\"search_term_string\"}}],\"inLanguage\":\"lt\"},{\"@type\":\"Organization\",\"@id\":\"https:\/\/hobstop.ee\/lt\/#organization\",\"name\":\"Vunder AS\",\"url\":\"https:\/\/hobstop.ee\/lt\/\",\"logo\":{\"@type\":\"ImageObject\",\"inLanguage\":\"lt\",\"@id\":\"https:\/\/hobstop.ee\/lt\/#\/schema\/logo\/image\/\",\"url\":\"https:\/\/hobstop.ee\/media\/vunder-logo.png\",\"contentUrl\":\"https:\/\/hobstop.ee\/media\/vunder-logo.png\",\"width\":127,\"height\":55,\"caption\":\"Vunder AS\"},\"image\":{\"@id\":\"https:\/\/hobstop.ee\/lt\/#\/schema\/logo\/image\/\"},\"sameAs\":[\"http:\/\/www.facebook.com\/VunderSkizze\"]}]}<\/script>\n<!-- \/ Yoast SEO plugin. -->","yoast_head_json":{"title":"Teptuk\u0173 rinkinys LB Fine sintetinis &#8211; Skizze","robots":{"index":"noindex","follow":"follow","max-snippet":"max-snippet:-1","max-image-preview":"max-image-preview:large","max-video-preview":"max-video-preview:-1"},"og_locale":"lt_LT","og_type":"article","og_title":"Teptuk\u0173 rinkinys LB Fine sintetinis &#8211; Skizze","og_description":"Universal\u016bs ir prieinamos kainos tvirtais \u0161ereliais sintetiniai teptukai \u201eLB Fine\u201c serijos teptukai idealiai tinka daugeliui naudojimo sri\u010di\u0173. Skirti akrilo da\u017eams, tod\u0117l j\u0173 pot\u0117pis yra tikslus, teptukai puikiai \u012fgeria da\u017eus ir juos vienodai paskirsto.","og_url":"https:\/\/hobstop.ee\/lt\/produktas\/teptuku-rinkinys-lb-fine-sintetinis\/","og_site_name":"Skizze","article_publisher":"http:\/\/www.facebook.com\/VunderSkizze","og_image":[{"width":1024,"height":768,"url":"https:\/\/www.hobstop.ee\/media\/4856.jpg","type":"image\/jpeg"}],"twitter_card":"summary_large_image","schema":{"@context":"https:\/\/schema.org","@graph":[{"@type":"WebPage","@id":"https:\/\/hobstop.ee\/lt\/produktas\/teptuku-rinkinys-lb-fine-sintetinis\/","url":"https:\/\/hobstop.ee\/lt\/produktas\/teptuku-rinkinys-lb-fine-sintetinis\/","name":"Teptuk\u0173 rinkinys LB Fine sintetinis &#8211; Skizze","isPartOf":{"@id":"https:\/\/hobstop.ee\/lt\/#website"},"primaryImageOfPage":{"@id":"https:\/\/hobstop.ee\/lt\/produktas\/teptuku-rinkinys-lb-fine-sintetinis\/#primaryimage"},"image":{"@id":"https:\/\/hobstop.ee\/lt\/produktas\/teptuku-rinkinys-lb-fine-sintetinis\/#primaryimage"},"thumbnailUrl":"https:\/\/hobstop.ee\/media\/4856.jpg","datePublished":"2019-05-23T13:11:58+00:00","dateModified":"2019-05-23T13:11:58+00:00","breadcrumb":{"@id":"https:\/\/hobstop.ee\/lt\/produktas\/teptuku-rinkinys-lb-fine-sintetinis\/#breadcrumb"},"inLanguage":"lt","potentialAction":[{"@type":"ReadAction","target":["https:\/\/hobstop.ee\/lt\/produktas\/teptuku-rinkinys-lb-fine-sintetinis\/"]}]},{"@type":"ImageObject","inLanguage":"lt","@id":"https:\/\/hobstop.ee\/lt\/produktas\/teptuku-rinkinys-lb-fine-sintetinis\/#primaryimage","url":"https:\/\/hobstop.ee\/media\/4856.jpg","contentUrl":"https:\/\/hobstop.ee\/media\/4856.jpg","width":1024,"height":768},{"@type":"BreadcrumbList","@id":"https:\/\/hobstop.ee\/lt\/produktas\/teptuku-rinkinys-lb-fine-sintetinis\/#breadcrumb","itemListElement":[{"@type":"ListItem","position":1,"name":"Avaleht","item":"https:\/\/hobstop.ee\/lt\/"},{"@type":"ListItem","position":2,"name":"Parduotuv\u0117","item":"https:\/\/hobstop.ee\/lt\/parduotuve\/"},{"@type":"ListItem","position":3,"name":"Teptuk\u0173 rinkinys LB Fine sintetinis"}]},{"@type":"WebSite","@id":"https:\/\/hobstop.ee\/lt\/#website","url":"https:\/\/hobstop.ee\/lt\/","name":"Skizze","description":"Dail\u0117s, pom\u0117gi\u0173 ir mokykliniai reikm\u0117nys","publisher":{"@id":"https:\/\/hobstop.ee\/lt\/#organization"},"potentialAction":[{"@type":"SearchAction","target":{"@type":"EntryPoint","urlTemplate":"https:\/\/hobstop.ee\/lt\/?s={search_term_string}"},"query-input":{"@type":"PropertyValueSpecification","valueRequired":true,"valueName":"search_term_string"}}],"inLanguage":"lt"},{"@type":"Organization","@id":"https:\/\/hobstop.ee\/lt\/#organization","name":"Vunder AS","url":"https:\/\/hobstop.ee\/lt\/","logo":{"@type":"ImageObject","inLanguage":"lt","@id":"https:\/\/hobstop.ee\/lt\/#\/schema\/logo\/image\/","url":"https:\/\/hobstop.ee\/media\/vunder-logo.png","contentUrl":"https:\/\/hobstop.ee\/media\/vunder-logo.png","width":127,"height":55,"caption":"Vunder AS"},"image":{"@id":"https:\/\/hobstop.ee\/lt\/#\/schema\/logo\/image\/"},"sameAs":["http:\/\/www.facebook.com\/VunderSkizze"]}]}},"_links":{"self":[{"href":"https:\/\/hobstop.ee\/lt\/wp-json\/wp\/v2\/product\/335188","targetHints":{"allow":["GET"]}}],"collection":[{"href":"https:\/\/hobstop.ee\/lt\/wp-json\/wp\/v2\/product"}],"about":[{"href":"https:\/\/hobstop.ee\/lt\/wp-json\/wp\/v2\/types\/product"}],"replies":[{"embeddable":true,"href":"https:\/\/hobstop.ee\/lt\/wp-json\/wp\/v2\/comments?post=335188"}],"wp:featuredmedia":[{"embeddable":true,"href":"https:\/\/hobstop.ee\/lt\/wp-json\/wp\/v2\/media\/335712"}],"wp:attachment":[{"href":"https:\/\/hobstop.ee\/lt\/wp-json\/wp\/v2\/media?parent=335188"}],"wp:term":[{"taxonomy":"product_cat","embeddable":true,"href":"https:\/\/hobstop.ee\/lt\/wp-json\/wp\/v2\/product_cat?post=335188"},{"taxonomy":"product_tag","embeddable":true,"href":"https:\/\/hobstop.ee\/lt\/wp-json\/wp\/v2\/product_tag?post=335188"}],"curies":[{"name":"wp","href":"https:\/\/api.w.org\/{rel}","templated":true}]}}