{"id":335192,"date":"2019-05-23T16:11:59","date_gmt":"2019-05-23T13:12:03","guid":{"rendered":"https:\/\/sharks.ee\/vunder_2019\/product\/dekoratyviniu-dazu-rinkinys-marabu-berlin-flip-flop\/"},"modified":"2019-05-23T16:12:03","modified_gmt":"2019-05-23T13:12:03","slug":"dekoratyviniu-dazu-rinkinys-marabu-berlin-flip-flop","status":"publish","type":"product","link":"https:\/\/hobstop.ee\/lt\/produktas\/dekoratyviniu-dazu-rinkinys-marabu-berlin-flip-flop\/","title":{"rendered":"Dekoratyvini\u0173 da\u017e\u0173 rinkinys Marabu Berlin Flip Flop"},"content":{"rendered":"<p>Ir \u0161iandien ir rytoj \u2013 Berlynas yra vienas ry\u0161kiausi\u0173 pasaulio miest\u0173. Kartais miestas yra jaunas ir triuk\u0161mingas, o kartais senas ir \u012fsi\u0161aknij\u0119s \u012f istorij\u0105. \u012evairiaspalviai \u201eMarabu Berlin Flip Flop\u201c da\u017eai kei\u010dia spalv\u0105 priklausomai nuo \u017ei\u016br\u0117jimo kampo ir \u0161viesos da\u017enio \u2013 objektai, kurie ne visada yra tai, kokie jie atrodo. Da\u017e\u0173 \u201eBerlin Flip Flop\u201c atspind\u017eiai ir spalv\u0173 kaitos efektas geriausiai matomi tamsiame fone.<\/p>\n","protected":false},"excerpt":{"rendered":"<p>Ir \u0161iandien ir rytoj \u2013 Berlynas yra vienas ry\u0161kiausi\u0173 pasaulio miest\u0173. Kartais miestas yra jaunas ir triuk\u0161mingas, o kartais senas ir \u012fsi\u0161aknij\u0119s \u012f istorij\u0105. \u012evairiaspalviai \u201eMarabu Berlin Flip Flop\u201c da\u017eai kei\u010dia spalv\u0105 priklausomai nuo \u017ei\u016br\u0117jimo kampo ir \u0161viesos da\u017enio \u2013 objektai, kurie ne visada yra tai, kokie jie atrodo. Da\u017e\u0173 \u201eBerlin Flip Flop\u201c atspind\u017eiai ir spalv\u0173 kaitos efektas geriausiai matomi tamsiame fone.<\/p>\n","protected":false},"featured_media":352880,"comment_status":"closed","ping_status":"closed","template":"","meta":{"_acf_changed":false,"ep_exclude_from_search":false},"product_cat":[18202,239,17919],"product_tag":[],"class_list":{"0":"post-335192","1":"product","2":"type-product","3":"status-publish","4":"has-post-thumbnail","6":"product_cat-dekoratyviniai-dazai","7":"product_cat-aerosoolvarvid","8":"product_cat-pomegiu-prekes","10":"first","11":"instock","12":"taxable","13":"shipping-taxable","14":"product-type-simple"},"acf":[],"yoast_head":"<!-- This site is optimized with the Yoast SEO plugin v24.1 - https:\/\/yoast.com\/wordpress\/plugins\/seo\/ -->\n<title>Dekoratyvini\u0173 da\u017e\u0173 rinkinys Marabu Berlin Flip Flop &#8211; Skizze<\/title>\n<meta name=\"robots\" content=\"noindex, follow, max-snippet:-1, max-image-preview:large, max-video-preview:-1\" \/>\n<meta property=\"og:locale\" content=\"lt_LT\" \/>\n<meta property=\"og:type\" content=\"article\" \/>\n<meta property=\"og:title\" content=\"Dekoratyvini\u0173 da\u017e\u0173 rinkinys Marabu Berlin Flip Flop &#8211; Skizze\" \/>\n<meta property=\"og:description\" content=\"Ir \u0161iandien ir rytoj \u2013 Berlynas yra vienas ry\u0161kiausi\u0173 pasaulio miest\u0173. Kartais miestas yra jaunas ir triuk\u0161mingas, o kartais senas ir \u012fsi\u0161aknij\u0119s \u012f istorij\u0105. \u012evairiaspalviai \u201eMarabu Berlin Flip Flop\u201c da\u017eai kei\u010dia spalv\u0105 priklausomai nuo \u017ei\u016br\u0117jimo kampo ir \u0161viesos da\u017enio \u2013 objektai, kurie ne visada yra tai, kokie jie atrodo. Da\u017e\u0173 \u201eBerlin Flip Flop\u201c atspind\u017eiai ir spalv\u0173 kaitos efektas geriausiai matomi tamsiame fone.\" \/>\n<meta property=\"og:url\" content=\"https:\/\/hobstop.ee\/lt\/produktas\/dekoratyviniu-dazu-rinkinys-marabu-berlin-flip-flop\/\" \/>\n<meta property=\"og:site_name\" content=\"Skizze\" \/>\n<meta property=\"article:publisher\" content=\"http:\/\/www.facebook.com\/VunderSkizze\" \/>\n<meta property=\"og:image\" content=\"https:\/\/hobstop.ee\/media\/4915.jpg\" \/>\n\t<meta property=\"og:image:width\" content=\"1024\" \/>\n\t<meta property=\"og:image:height\" content=\"768\" \/>\n\t<meta property=\"og:image:type\" content=\"image\/jpeg\" \/>\n<meta name=\"twitter:card\" content=\"summary_large_image\" \/>\n<script type=\"application\/ld+json\" class=\"yoast-schema-graph\">{\"@context\":\"https:\/\/schema.org\",\"@graph\":[{\"@type\":\"WebPage\",\"@id\":\"https:\/\/hobstop.ee\/lt\/produktas\/dekoratyviniu-dazu-rinkinys-marabu-berlin-flip-flop\/\",\"url\":\"https:\/\/hobstop.ee\/lt\/produktas\/dekoratyviniu-dazu-rinkinys-marabu-berlin-flip-flop\/\",\"name\":\"Dekoratyvini\u0173 da\u017e\u0173 rinkinys Marabu Berlin Flip Flop &#8211; Skizze\",\"isPartOf\":{\"@id\":\"https:\/\/hobstop.ee\/lt\/#website\"},\"primaryImageOfPage\":{\"@id\":\"https:\/\/hobstop.ee\/lt\/produktas\/dekoratyviniu-dazu-rinkinys-marabu-berlin-flip-flop\/#primaryimage\"},\"image\":{\"@id\":\"https:\/\/hobstop.ee\/lt\/produktas\/dekoratyviniu-dazu-rinkinys-marabu-berlin-flip-flop\/#primaryimage\"},\"thumbnailUrl\":\"https:\/\/hobstop.ee\/media\/4915.jpg\",\"datePublished\":\"2019-05-23T13:12:03+00:00\",\"dateModified\":\"2019-05-23T13:12:03+00:00\",\"breadcrumb\":{\"@id\":\"https:\/\/hobstop.ee\/lt\/produktas\/dekoratyviniu-dazu-rinkinys-marabu-berlin-flip-flop\/#breadcrumb\"},\"inLanguage\":\"lt\",\"potentialAction\":[{\"@type\":\"ReadAction\",\"target\":[\"https:\/\/hobstop.ee\/lt\/produktas\/dekoratyviniu-dazu-rinkinys-marabu-berlin-flip-flop\/\"]}]},{\"@type\":\"ImageObject\",\"inLanguage\":\"lt\",\"@id\":\"https:\/\/hobstop.ee\/lt\/produktas\/dekoratyviniu-dazu-rinkinys-marabu-berlin-flip-flop\/#primaryimage\",\"url\":\"https:\/\/hobstop.ee\/media\/4915.jpg\",\"contentUrl\":\"https:\/\/hobstop.ee\/media\/4915.jpg\",\"width\":1024,\"height\":768},{\"@type\":\"BreadcrumbList\",\"@id\":\"https:\/\/hobstop.ee\/lt\/produktas\/dekoratyviniu-dazu-rinkinys-marabu-berlin-flip-flop\/#breadcrumb\",\"itemListElement\":[{\"@type\":\"ListItem\",\"position\":1,\"name\":\"Avaleht\",\"item\":\"https:\/\/hobstop.ee\/lt\/\"},{\"@type\":\"ListItem\",\"position\":2,\"name\":\"Parduotuv\u0117\",\"item\":\"https:\/\/hobstop.ee\/lt\/parduotuve\/\"},{\"@type\":\"ListItem\",\"position\":3,\"name\":\"Dekoratyvini\u0173 da\u017e\u0173 rinkinys Marabu Berlin Flip Flop\"}]},{\"@type\":\"WebSite\",\"@id\":\"https:\/\/hobstop.ee\/lt\/#website\",\"url\":\"https:\/\/hobstop.ee\/lt\/\",\"name\":\"Skizze\",\"description\":\"Dail\u0117s, pom\u0117gi\u0173 ir mokykliniai reikm\u0117nys\",\"publisher\":{\"@id\":\"https:\/\/hobstop.ee\/lt\/#organization\"},\"potentialAction\":[{\"@type\":\"SearchAction\",\"target\":{\"@type\":\"EntryPoint\",\"urlTemplate\":\"https:\/\/hobstop.ee\/lt\/?s={search_term_string}\"},\"query-input\":{\"@type\":\"PropertyValueSpecification\",\"valueRequired\":true,\"valueName\":\"search_term_string\"}}],\"inLanguage\":\"lt\"},{\"@type\":\"Organization\",\"@id\":\"https:\/\/hobstop.ee\/lt\/#organization\",\"name\":\"Vunder AS\",\"url\":\"https:\/\/hobstop.ee\/lt\/\",\"logo\":{\"@type\":\"ImageObject\",\"inLanguage\":\"lt\",\"@id\":\"https:\/\/hobstop.ee\/lt\/#\/schema\/logo\/image\/\",\"url\":\"https:\/\/hobstop.ee\/media\/vunder-logo.png\",\"contentUrl\":\"https:\/\/hobstop.ee\/media\/vunder-logo.png\",\"width\":127,\"height\":55,\"caption\":\"Vunder AS\"},\"image\":{\"@id\":\"https:\/\/hobstop.ee\/lt\/#\/schema\/logo\/image\/\"},\"sameAs\":[\"http:\/\/www.facebook.com\/VunderSkizze\"]}]}<\/script>\n<!-- \/ Yoast SEO plugin. -->","yoast_head_json":{"title":"Dekoratyvini\u0173 da\u017e\u0173 rinkinys Marabu Berlin Flip Flop &#8211; Skizze","robots":{"index":"noindex","follow":"follow","max-snippet":"max-snippet:-1","max-image-preview":"max-image-preview:large","max-video-preview":"max-video-preview:-1"},"og_locale":"lt_LT","og_type":"article","og_title":"Dekoratyvini\u0173 da\u017e\u0173 rinkinys Marabu Berlin Flip Flop &#8211; Skizze","og_description":"Ir \u0161iandien ir rytoj \u2013 Berlynas yra vienas ry\u0161kiausi\u0173 pasaulio miest\u0173. Kartais miestas yra jaunas ir triuk\u0161mingas, o kartais senas ir \u012fsi\u0161aknij\u0119s \u012f istorij\u0105. \u012evairiaspalviai \u201eMarabu Berlin Flip Flop\u201c da\u017eai kei\u010dia spalv\u0105 priklausomai nuo \u017ei\u016br\u0117jimo kampo ir \u0161viesos da\u017enio \u2013 objektai, kurie ne visada yra tai, kokie jie atrodo. Da\u017e\u0173 \u201eBerlin Flip Flop\u201c atspind\u017eiai ir spalv\u0173 kaitos efektas geriausiai matomi tamsiame fone.","og_url":"https:\/\/hobstop.ee\/lt\/produktas\/dekoratyviniu-dazu-rinkinys-marabu-berlin-flip-flop\/","og_site_name":"Skizze","article_publisher":"http:\/\/www.facebook.com\/VunderSkizze","og_image":[{"width":1024,"height":768,"url":"https:\/\/hobstop.ee\/media\/4915.jpg","type":"image\/jpeg"}],"twitter_card":"summary_large_image","schema":{"@context":"https:\/\/schema.org","@graph":[{"@type":"WebPage","@id":"https:\/\/hobstop.ee\/lt\/produktas\/dekoratyviniu-dazu-rinkinys-marabu-berlin-flip-flop\/","url":"https:\/\/hobstop.ee\/lt\/produktas\/dekoratyviniu-dazu-rinkinys-marabu-berlin-flip-flop\/","name":"Dekoratyvini\u0173 da\u017e\u0173 rinkinys Marabu Berlin Flip Flop &#8211; Skizze","isPartOf":{"@id":"https:\/\/hobstop.ee\/lt\/#website"},"primaryImageOfPage":{"@id":"https:\/\/hobstop.ee\/lt\/produktas\/dekoratyviniu-dazu-rinkinys-marabu-berlin-flip-flop\/#primaryimage"},"image":{"@id":"https:\/\/hobstop.ee\/lt\/produktas\/dekoratyviniu-dazu-rinkinys-marabu-berlin-flip-flop\/#primaryimage"},"thumbnailUrl":"https:\/\/hobstop.ee\/media\/4915.jpg","datePublished":"2019-05-23T13:12:03+00:00","dateModified":"2019-05-23T13:12:03+00:00","breadcrumb":{"@id":"https:\/\/hobstop.ee\/lt\/produktas\/dekoratyviniu-dazu-rinkinys-marabu-berlin-flip-flop\/#breadcrumb"},"inLanguage":"lt","potentialAction":[{"@type":"ReadAction","target":["https:\/\/hobstop.ee\/lt\/produktas\/dekoratyviniu-dazu-rinkinys-marabu-berlin-flip-flop\/"]}]},{"@type":"ImageObject","inLanguage":"lt","@id":"https:\/\/hobstop.ee\/lt\/produktas\/dekoratyviniu-dazu-rinkinys-marabu-berlin-flip-flop\/#primaryimage","url":"https:\/\/hobstop.ee\/media\/4915.jpg","contentUrl":"https:\/\/hobstop.ee\/media\/4915.jpg","width":1024,"height":768},{"@type":"BreadcrumbList","@id":"https:\/\/hobstop.ee\/lt\/produktas\/dekoratyviniu-dazu-rinkinys-marabu-berlin-flip-flop\/#breadcrumb","itemListElement":[{"@type":"ListItem","position":1,"name":"Avaleht","item":"https:\/\/hobstop.ee\/lt\/"},{"@type":"ListItem","position":2,"name":"Parduotuv\u0117","item":"https:\/\/hobstop.ee\/lt\/parduotuve\/"},{"@type":"ListItem","position":3,"name":"Dekoratyvini\u0173 da\u017e\u0173 rinkinys Marabu Berlin Flip Flop"}]},{"@type":"WebSite","@id":"https:\/\/hobstop.ee\/lt\/#website","url":"https:\/\/hobstop.ee\/lt\/","name":"Skizze","description":"Dail\u0117s, pom\u0117gi\u0173 ir mokykliniai reikm\u0117nys","publisher":{"@id":"https:\/\/hobstop.ee\/lt\/#organization"},"potentialAction":[{"@type":"SearchAction","target":{"@type":"EntryPoint","urlTemplate":"https:\/\/hobstop.ee\/lt\/?s={search_term_string}"},"query-input":{"@type":"PropertyValueSpecification","valueRequired":true,"valueName":"search_term_string"}}],"inLanguage":"lt"},{"@type":"Organization","@id":"https:\/\/hobstop.ee\/lt\/#organization","name":"Vunder AS","url":"https:\/\/hobstop.ee\/lt\/","logo":{"@type":"ImageObject","inLanguage":"lt","@id":"https:\/\/hobstop.ee\/lt\/#\/schema\/logo\/image\/","url":"https:\/\/hobstop.ee\/media\/vunder-logo.png","contentUrl":"https:\/\/hobstop.ee\/media\/vunder-logo.png","width":127,"height":55,"caption":"Vunder AS"},"image":{"@id":"https:\/\/hobstop.ee\/lt\/#\/schema\/logo\/image\/"},"sameAs":["http:\/\/www.facebook.com\/VunderSkizze"]}]}},"_links":{"self":[{"href":"https:\/\/hobstop.ee\/lt\/wp-json\/wp\/v2\/product\/335192","targetHints":{"allow":["GET"]}}],"collection":[{"href":"https:\/\/hobstop.ee\/lt\/wp-json\/wp\/v2\/product"}],"about":[{"href":"https:\/\/hobstop.ee\/lt\/wp-json\/wp\/v2\/types\/product"}],"replies":[{"embeddable":true,"href":"https:\/\/hobstop.ee\/lt\/wp-json\/wp\/v2\/comments?post=335192"}],"wp:featuredmedia":[{"embeddable":true,"href":"https:\/\/hobstop.ee\/lt\/wp-json\/wp\/v2\/media\/352880"}],"wp:attachment":[{"href":"https:\/\/hobstop.ee\/lt\/wp-json\/wp\/v2\/media?parent=335192"}],"wp:term":[{"taxonomy":"product_cat","embeddable":true,"href":"https:\/\/hobstop.ee\/lt\/wp-json\/wp\/v2\/product_cat?post=335192"},{"taxonomy":"product_tag","embeddable":true,"href":"https:\/\/hobstop.ee\/lt\/wp-json\/wp\/v2\/product_tag?post=335192"}],"curies":[{"name":"wp","href":"https:\/\/api.w.org\/{rel}","templated":true}]}}