{"id":335196,"date":"2019-05-23T16:12:04","date_gmt":"2019-05-23T13:12:08","guid":{"rendered":"https:\/\/sharks.ee\/vunder_2019\/product\/dekoratyviniu-dazu-rinkinys-marabu-nevada-rust\/"},"modified":"2019-05-23T16:12:08","modified_gmt":"2019-05-23T13:12:08","slug":"dekoratyviniu-dazu-rinkinys-marabu-nevada-rust","status":"publish","type":"product","link":"https:\/\/hobstop.ee\/lt\/produktas\/dekoratyviniu-dazu-rinkinys-marabu-nevada-rust\/","title":{"rendered":"Dekoratyvini\u0173 da\u017e\u0173 rinkinys Marabu Nevada Rust"},"content":{"rendered":"<p>Prireikia laiko, kol daiktus padengia r\u016bdys. Kai metalas gr\u012f\u017eta \u012f savo nat\u016brali\u0105 b\u016bsen\u0105, jis sukuria \u0161viesos \u017eaism\u0105 tarsi Sieros Nevados kalnai. Da\u017eai \u201eMarabu Nevada Rust\u201c leid\u017eia \u012fvairiems daiktams suteikti r\u016bd\u017ei\u0173 efekt\u0105. Da\u017eus dengiant \u0161epet\u0117liu arba kempine, \u012fvair\u016bs da\u017e\u0173 atspalviai suteiks dekoruojamam daiktui r\u016bd\u017ei\u0173 efekt\u0105. Da\u017eai ne tik sukuria \u0161ilt\u0173 r\u016bd\u017ei\u0173 spalv\u0173 \u017eaism\u0105, bet ir gyv\u0105 jausm\u0105!<\/p>\n","protected":false},"excerpt":{"rendered":"<p>Prireikia laiko, kol daiktus padengia r\u016bdys. Kai metalas gr\u012f\u017eta \u012f savo nat\u016brali\u0105 b\u016bsen\u0105, jis sukuria \u0161viesos \u017eaism\u0105 tarsi Sieros Nevados kalnai. Da\u017eai \u201eMarabu Nevada Rust\u201c leid\u017eia \u012fvairiems daiktams suteikti r\u016bd\u017ei\u0173 efekt\u0105. Da\u017eus dengiant \u0161epet\u0117liu arba kempine, \u012fvair\u016bs da\u017e\u0173 atspalviai suteiks dekoruojamam daiktui r\u016bd\u017ei\u0173 efekt\u0105. Da\u017eai ne tik sukuria \u0161ilt\u0173 r\u016bd\u017ei\u0173 spalv\u0173 \u017eaism\u0105, bet ir gyv\u0105 jausm\u0105!<\/p>\n","protected":false},"featured_media":352884,"comment_status":"closed","ping_status":"closed","template":"","meta":{"_acf_changed":false,"ep_exclude_from_search":false},"product_cat":[18202,239,17919],"product_tag":[],"class_list":{"0":"post-335196","1":"product","2":"type-product","3":"status-publish","4":"has-post-thumbnail","6":"product_cat-dekoratyviniai-dazai","7":"product_cat-aerosoolvarvid","8":"product_cat-pomegiu-prekes","10":"first","11":"instock","12":"taxable","13":"shipping-taxable","14":"product-type-simple"},"acf":[],"yoast_head":"<!-- This site is optimized with the Yoast SEO plugin v24.1 - https:\/\/yoast.com\/wordpress\/plugins\/seo\/ -->\n<title>Dekoratyvini\u0173 da\u017e\u0173 rinkinys Marabu Nevada Rust &#8211; Skizze<\/title>\n<meta name=\"robots\" content=\"noindex, follow, max-snippet:-1, max-image-preview:large, max-video-preview:-1\" \/>\n<meta property=\"og:locale\" content=\"lt_LT\" \/>\n<meta property=\"og:type\" content=\"article\" \/>\n<meta property=\"og:title\" content=\"Dekoratyvini\u0173 da\u017e\u0173 rinkinys Marabu Nevada Rust &#8211; Skizze\" \/>\n<meta property=\"og:description\" content=\"Prireikia laiko, kol daiktus padengia r\u016bdys. Kai metalas gr\u012f\u017eta \u012f savo nat\u016brali\u0105 b\u016bsen\u0105, jis sukuria \u0161viesos \u017eaism\u0105 tarsi Sieros Nevados kalnai. Da\u017eai \u201eMarabu Nevada Rust\u201c leid\u017eia \u012fvairiems daiktams suteikti r\u016bd\u017ei\u0173 efekt\u0105. Da\u017eus dengiant \u0161epet\u0117liu arba kempine, \u012fvair\u016bs da\u017e\u0173 atspalviai suteiks dekoruojamam daiktui r\u016bd\u017ei\u0173 efekt\u0105. Da\u017eai ne tik sukuria \u0161ilt\u0173 r\u016bd\u017ei\u0173 spalv\u0173 \u017eaism\u0105, bet ir gyv\u0105 jausm\u0105!\" \/>\n<meta property=\"og:url\" content=\"https:\/\/hobstop.ee\/lt\/produktas\/dekoratyviniu-dazu-rinkinys-marabu-nevada-rust\/\" \/>\n<meta property=\"og:site_name\" content=\"Skizze\" \/>\n<meta property=\"article:publisher\" content=\"http:\/\/www.facebook.com\/VunderSkizze\" \/>\n<meta property=\"og:image\" content=\"https:\/\/hobstop.ee\/media\/4916.jpg\" \/>\n\t<meta property=\"og:image:width\" content=\"1024\" \/>\n\t<meta property=\"og:image:height\" content=\"768\" \/>\n\t<meta property=\"og:image:type\" content=\"image\/jpeg\" \/>\n<meta name=\"twitter:card\" content=\"summary_large_image\" \/>\n<script type=\"application\/ld+json\" class=\"yoast-schema-graph\">{\"@context\":\"https:\/\/schema.org\",\"@graph\":[{\"@type\":\"WebPage\",\"@id\":\"https:\/\/hobstop.ee\/lt\/produktas\/dekoratyviniu-dazu-rinkinys-marabu-nevada-rust\/\",\"url\":\"https:\/\/hobstop.ee\/lt\/produktas\/dekoratyviniu-dazu-rinkinys-marabu-nevada-rust\/\",\"name\":\"Dekoratyvini\u0173 da\u017e\u0173 rinkinys Marabu Nevada Rust &#8211; Skizze\",\"isPartOf\":{\"@id\":\"https:\/\/hobstop.ee\/lt\/#website\"},\"primaryImageOfPage\":{\"@id\":\"https:\/\/hobstop.ee\/lt\/produktas\/dekoratyviniu-dazu-rinkinys-marabu-nevada-rust\/#primaryimage\"},\"image\":{\"@id\":\"https:\/\/hobstop.ee\/lt\/produktas\/dekoratyviniu-dazu-rinkinys-marabu-nevada-rust\/#primaryimage\"},\"thumbnailUrl\":\"https:\/\/hobstop.ee\/media\/4916.jpg\",\"datePublished\":\"2019-05-23T13:12:08+00:00\",\"dateModified\":\"2019-05-23T13:12:08+00:00\",\"breadcrumb\":{\"@id\":\"https:\/\/hobstop.ee\/lt\/produktas\/dekoratyviniu-dazu-rinkinys-marabu-nevada-rust\/#breadcrumb\"},\"inLanguage\":\"lt\",\"potentialAction\":[{\"@type\":\"ReadAction\",\"target\":[\"https:\/\/hobstop.ee\/lt\/produktas\/dekoratyviniu-dazu-rinkinys-marabu-nevada-rust\/\"]}]},{\"@type\":\"ImageObject\",\"inLanguage\":\"lt\",\"@id\":\"https:\/\/hobstop.ee\/lt\/produktas\/dekoratyviniu-dazu-rinkinys-marabu-nevada-rust\/#primaryimage\",\"url\":\"https:\/\/hobstop.ee\/media\/4916.jpg\",\"contentUrl\":\"https:\/\/hobstop.ee\/media\/4916.jpg\",\"width\":1024,\"height\":768},{\"@type\":\"BreadcrumbList\",\"@id\":\"https:\/\/hobstop.ee\/lt\/produktas\/dekoratyviniu-dazu-rinkinys-marabu-nevada-rust\/#breadcrumb\",\"itemListElement\":[{\"@type\":\"ListItem\",\"position\":1,\"name\":\"Avaleht\",\"item\":\"https:\/\/hobstop.ee\/lt\/\"},{\"@type\":\"ListItem\",\"position\":2,\"name\":\"Parduotuv\u0117\",\"item\":\"https:\/\/hobstop.ee\/lt\/parduotuve\/\"},{\"@type\":\"ListItem\",\"position\":3,\"name\":\"Dekoratyvini\u0173 da\u017e\u0173 rinkinys Marabu Nevada Rust\"}]},{\"@type\":\"WebSite\",\"@id\":\"https:\/\/hobstop.ee\/lt\/#website\",\"url\":\"https:\/\/hobstop.ee\/lt\/\",\"name\":\"Skizze\",\"description\":\"Dail\u0117s, pom\u0117gi\u0173 ir mokykliniai reikm\u0117nys\",\"publisher\":{\"@id\":\"https:\/\/hobstop.ee\/lt\/#organization\"},\"potentialAction\":[{\"@type\":\"SearchAction\",\"target\":{\"@type\":\"EntryPoint\",\"urlTemplate\":\"https:\/\/hobstop.ee\/lt\/?s={search_term_string}\"},\"query-input\":{\"@type\":\"PropertyValueSpecification\",\"valueRequired\":true,\"valueName\":\"search_term_string\"}}],\"inLanguage\":\"lt\"},{\"@type\":\"Organization\",\"@id\":\"https:\/\/hobstop.ee\/lt\/#organization\",\"name\":\"Vunder AS\",\"url\":\"https:\/\/hobstop.ee\/lt\/\",\"logo\":{\"@type\":\"ImageObject\",\"inLanguage\":\"lt\",\"@id\":\"https:\/\/hobstop.ee\/lt\/#\/schema\/logo\/image\/\",\"url\":\"https:\/\/hobstop.ee\/media\/vunder-logo.png\",\"contentUrl\":\"https:\/\/hobstop.ee\/media\/vunder-logo.png\",\"width\":127,\"height\":55,\"caption\":\"Vunder AS\"},\"image\":{\"@id\":\"https:\/\/hobstop.ee\/lt\/#\/schema\/logo\/image\/\"},\"sameAs\":[\"http:\/\/www.facebook.com\/VunderSkizze\"]}]}<\/script>\n<!-- \/ Yoast SEO plugin. -->","yoast_head_json":{"title":"Dekoratyvini\u0173 da\u017e\u0173 rinkinys Marabu Nevada Rust &#8211; Skizze","robots":{"index":"noindex","follow":"follow","max-snippet":"max-snippet:-1","max-image-preview":"max-image-preview:large","max-video-preview":"max-video-preview:-1"},"og_locale":"lt_LT","og_type":"article","og_title":"Dekoratyvini\u0173 da\u017e\u0173 rinkinys Marabu Nevada Rust &#8211; Skizze","og_description":"Prireikia laiko, kol daiktus padengia r\u016bdys. Kai metalas gr\u012f\u017eta \u012f savo nat\u016brali\u0105 b\u016bsen\u0105, jis sukuria \u0161viesos \u017eaism\u0105 tarsi Sieros Nevados kalnai. Da\u017eai \u201eMarabu Nevada Rust\u201c leid\u017eia \u012fvairiems daiktams suteikti r\u016bd\u017ei\u0173 efekt\u0105. Da\u017eus dengiant \u0161epet\u0117liu arba kempine, \u012fvair\u016bs da\u017e\u0173 atspalviai suteiks dekoruojamam daiktui r\u016bd\u017ei\u0173 efekt\u0105. Da\u017eai ne tik sukuria \u0161ilt\u0173 r\u016bd\u017ei\u0173 spalv\u0173 \u017eaism\u0105, bet ir gyv\u0105 jausm\u0105!","og_url":"https:\/\/hobstop.ee\/lt\/produktas\/dekoratyviniu-dazu-rinkinys-marabu-nevada-rust\/","og_site_name":"Skizze","article_publisher":"http:\/\/www.facebook.com\/VunderSkizze","og_image":[{"width":1024,"height":768,"url":"https:\/\/hobstop.ee\/media\/4916.jpg","type":"image\/jpeg"}],"twitter_card":"summary_large_image","schema":{"@context":"https:\/\/schema.org","@graph":[{"@type":"WebPage","@id":"https:\/\/hobstop.ee\/lt\/produktas\/dekoratyviniu-dazu-rinkinys-marabu-nevada-rust\/","url":"https:\/\/hobstop.ee\/lt\/produktas\/dekoratyviniu-dazu-rinkinys-marabu-nevada-rust\/","name":"Dekoratyvini\u0173 da\u017e\u0173 rinkinys Marabu Nevada Rust &#8211; Skizze","isPartOf":{"@id":"https:\/\/hobstop.ee\/lt\/#website"},"primaryImageOfPage":{"@id":"https:\/\/hobstop.ee\/lt\/produktas\/dekoratyviniu-dazu-rinkinys-marabu-nevada-rust\/#primaryimage"},"image":{"@id":"https:\/\/hobstop.ee\/lt\/produktas\/dekoratyviniu-dazu-rinkinys-marabu-nevada-rust\/#primaryimage"},"thumbnailUrl":"https:\/\/hobstop.ee\/media\/4916.jpg","datePublished":"2019-05-23T13:12:08+00:00","dateModified":"2019-05-23T13:12:08+00:00","breadcrumb":{"@id":"https:\/\/hobstop.ee\/lt\/produktas\/dekoratyviniu-dazu-rinkinys-marabu-nevada-rust\/#breadcrumb"},"inLanguage":"lt","potentialAction":[{"@type":"ReadAction","target":["https:\/\/hobstop.ee\/lt\/produktas\/dekoratyviniu-dazu-rinkinys-marabu-nevada-rust\/"]}]},{"@type":"ImageObject","inLanguage":"lt","@id":"https:\/\/hobstop.ee\/lt\/produktas\/dekoratyviniu-dazu-rinkinys-marabu-nevada-rust\/#primaryimage","url":"https:\/\/hobstop.ee\/media\/4916.jpg","contentUrl":"https:\/\/hobstop.ee\/media\/4916.jpg","width":1024,"height":768},{"@type":"BreadcrumbList","@id":"https:\/\/hobstop.ee\/lt\/produktas\/dekoratyviniu-dazu-rinkinys-marabu-nevada-rust\/#breadcrumb","itemListElement":[{"@type":"ListItem","position":1,"name":"Avaleht","item":"https:\/\/hobstop.ee\/lt\/"},{"@type":"ListItem","position":2,"name":"Parduotuv\u0117","item":"https:\/\/hobstop.ee\/lt\/parduotuve\/"},{"@type":"ListItem","position":3,"name":"Dekoratyvini\u0173 da\u017e\u0173 rinkinys Marabu Nevada Rust"}]},{"@type":"WebSite","@id":"https:\/\/hobstop.ee\/lt\/#website","url":"https:\/\/hobstop.ee\/lt\/","name":"Skizze","description":"Dail\u0117s, pom\u0117gi\u0173 ir mokykliniai reikm\u0117nys","publisher":{"@id":"https:\/\/hobstop.ee\/lt\/#organization"},"potentialAction":[{"@type":"SearchAction","target":{"@type":"EntryPoint","urlTemplate":"https:\/\/hobstop.ee\/lt\/?s={search_term_string}"},"query-input":{"@type":"PropertyValueSpecification","valueRequired":true,"valueName":"search_term_string"}}],"inLanguage":"lt"},{"@type":"Organization","@id":"https:\/\/hobstop.ee\/lt\/#organization","name":"Vunder AS","url":"https:\/\/hobstop.ee\/lt\/","logo":{"@type":"ImageObject","inLanguage":"lt","@id":"https:\/\/hobstop.ee\/lt\/#\/schema\/logo\/image\/","url":"https:\/\/hobstop.ee\/media\/vunder-logo.png","contentUrl":"https:\/\/hobstop.ee\/media\/vunder-logo.png","width":127,"height":55,"caption":"Vunder AS"},"image":{"@id":"https:\/\/hobstop.ee\/lt\/#\/schema\/logo\/image\/"},"sameAs":["http:\/\/www.facebook.com\/VunderSkizze"]}]}},"_links":{"self":[{"href":"https:\/\/hobstop.ee\/lt\/wp-json\/wp\/v2\/product\/335196","targetHints":{"allow":["GET"]}}],"collection":[{"href":"https:\/\/hobstop.ee\/lt\/wp-json\/wp\/v2\/product"}],"about":[{"href":"https:\/\/hobstop.ee\/lt\/wp-json\/wp\/v2\/types\/product"}],"replies":[{"embeddable":true,"href":"https:\/\/hobstop.ee\/lt\/wp-json\/wp\/v2\/comments?post=335196"}],"wp:featuredmedia":[{"embeddable":true,"href":"https:\/\/hobstop.ee\/lt\/wp-json\/wp\/v2\/media\/352884"}],"wp:attachment":[{"href":"https:\/\/hobstop.ee\/lt\/wp-json\/wp\/v2\/media?parent=335196"}],"wp:term":[{"taxonomy":"product_cat","embeddable":true,"href":"https:\/\/hobstop.ee\/lt\/wp-json\/wp\/v2\/product_cat?post=335196"},{"taxonomy":"product_tag","embeddable":true,"href":"https:\/\/hobstop.ee\/lt\/wp-json\/wp\/v2\/product_tag?post=335196"}],"curies":[{"name":"wp","href":"https:\/\/api.w.org\/{rel}","templated":true}]}}