{"id":335204,"date":"2019-05-23T16:12:14","date_gmt":"2019-05-23T13:12:17","guid":{"rendered":"https:\/\/sharks.ee\/vunder_2019\/product\/teptukas-lb-fine-kiaules-seriu-plokscias\/"},"modified":"2019-05-23T16:12:17","modified_gmt":"2019-05-23T13:12:17","slug":"teptukas-lb-fine-kiaules-seriu-plokscias","status":"publish","type":"product","link":"https:\/\/hobstop.ee\/lt\/produktas\/teptukas-lb-fine-kiaules-seriu-plokscias\/","title":{"rendered":"Teptukas LB Fine kiaul\u0117s \u0161eri\u0173 plok\u0161\u010dias"},"content":{"rendered":"<p>Universalus ir prieinamos kainos \u201eLefranc Burgeois Fine\u201c \u0161ern\u0173 \u0161eri\u0173 \u0161epet\u0117lis pagamintas i\u0161 balint\u0173 balt\u0173 Chungkingo \u0161erno \u0161eri\u0173, kurie suteikia tvirt\u0105 ir galing\u0105 pot\u0117p\u012f. Jis yra vertinamas d\u0117l elastingumo ir i\u0161skirtinio atsparumo. Itin patvar\u016bs \u0161ereliai tampa dar patvaresni naudojant ir palieka teptuko p\u0117dsak\u0105, kuris puikiai tinka \u201edemi-p\u00e2te\u201c technikai tapant aliejiniais da\u017eais arba akrilu. Idealiai tinka tapybai aliejiniais da\u017eais arba akrilu.<\/p>\n","protected":false},"excerpt":{"rendered":"<p>Universalus ir prieinamos kainos \u201eLefranc Burgeois Fine\u201c \u0161ern\u0173 \u0161eri\u0173 \u0161epet\u0117lis pagamintas i\u0161 balint\u0173 balt\u0173 Chungkingo \u0161erno \u0161eri\u0173, kurie suteikia tvirt\u0105 ir galing\u0105 pot\u0117p\u012f. Jis yra vertinamas d\u0117l elastingumo ir i\u0161skirtinio atsparumo. Itin patvar\u016bs \u0161ereliai tampa dar patvaresni naudojant ir palieka teptuko p\u0117dsak\u0105, kuris puikiai tinka \u201edemi-p\u00e2te\u201c technikai tapant aliejiniais da\u017eais arba akrilu. Idealiai tinka tapybai aliejiniais da\u017eais arba akrilu.<\/p>\n","protected":false},"featured_media":0,"comment_status":"closed","ping_status":"closed","template":"","meta":{"_acf_changed":false,"ep_exclude_from_search":false},"product_cat":[16124,18390,18651],"product_tag":[],"class_list":{"0":"post-335204","1":"product","2":"type-product","3":"status-publish","5":"product_cat-dailes-prekes","6":"product_cat-kiaules-seriu-teptukai-3","7":"product_cat-teptukai-ir-irankiai-tapymui","9":"first","10":"instock","11":"taxable","12":"shipping-taxable","13":"product-type-simple"},"acf":[],"yoast_head":"<!-- This site is optimized with the Yoast SEO plugin v24.1 - https:\/\/yoast.com\/wordpress\/plugins\/seo\/ -->\n<title>Teptukas LB Fine kiaul\u0117s \u0161eri\u0173 plok\u0161\u010dias &#8211; Skizze<\/title>\n<meta name=\"robots\" content=\"noindex, follow, max-snippet:-1, max-image-preview:large, max-video-preview:-1\" \/>\n<meta property=\"og:locale\" content=\"lt_LT\" \/>\n<meta property=\"og:type\" content=\"article\" \/>\n<meta property=\"og:title\" content=\"Teptukas LB Fine kiaul\u0117s \u0161eri\u0173 plok\u0161\u010dias &#8211; Skizze\" \/>\n<meta property=\"og:description\" content=\"Universalus ir prieinamos kainos \u201eLefranc Burgeois Fine\u201c \u0161ern\u0173 \u0161eri\u0173 \u0161epet\u0117lis pagamintas i\u0161 balint\u0173 balt\u0173 Chungkingo \u0161erno \u0161eri\u0173, kurie suteikia tvirt\u0105 ir galing\u0105 pot\u0117p\u012f. Jis yra vertinamas d\u0117l elastingumo ir i\u0161skirtinio atsparumo. Itin patvar\u016bs \u0161ereliai tampa dar patvaresni naudojant ir palieka teptuko p\u0117dsak\u0105, kuris puikiai tinka \u201edemi-p\u00e2te\u201c technikai tapant aliejiniais da\u017eais arba akrilu. Idealiai tinka tapybai aliejiniais da\u017eais arba akrilu.\" \/>\n<meta property=\"og:url\" content=\"https:\/\/hobstop.ee\/lt\/produktas\/teptukas-lb-fine-kiaules-seriu-plokscias\/\" \/>\n<meta property=\"og:site_name\" content=\"Skizze\" \/>\n<meta property=\"article:publisher\" content=\"http:\/\/www.facebook.com\/VunderSkizze\" \/>\n<meta name=\"twitter:card\" content=\"summary_large_image\" \/>\n<script type=\"application\/ld+json\" class=\"yoast-schema-graph\">{\"@context\":\"https:\/\/schema.org\",\"@graph\":[{\"@type\":\"WebPage\",\"@id\":\"https:\/\/hobstop.ee\/lt\/produktas\/teptukas-lb-fine-kiaules-seriu-plokscias\/\",\"url\":\"https:\/\/hobstop.ee\/lt\/produktas\/teptukas-lb-fine-kiaules-seriu-plokscias\/\",\"name\":\"Teptukas LB Fine kiaul\u0117s \u0161eri\u0173 plok\u0161\u010dias &#8211; Skizze\",\"isPartOf\":{\"@id\":\"https:\/\/hobstop.ee\/lt\/#website\"},\"datePublished\":\"2019-05-23T13:12:17+00:00\",\"dateModified\":\"2019-05-23T13:12:17+00:00\",\"breadcrumb\":{\"@id\":\"https:\/\/hobstop.ee\/lt\/produktas\/teptukas-lb-fine-kiaules-seriu-plokscias\/#breadcrumb\"},\"inLanguage\":\"lt\",\"potentialAction\":[{\"@type\":\"ReadAction\",\"target\":[\"https:\/\/hobstop.ee\/lt\/produktas\/teptukas-lb-fine-kiaules-seriu-plokscias\/\"]}]},{\"@type\":\"BreadcrumbList\",\"@id\":\"https:\/\/hobstop.ee\/lt\/produktas\/teptukas-lb-fine-kiaules-seriu-plokscias\/#breadcrumb\",\"itemListElement\":[{\"@type\":\"ListItem\",\"position\":1,\"name\":\"Avaleht\",\"item\":\"https:\/\/hobstop.ee\/lt\/\"},{\"@type\":\"ListItem\",\"position\":2,\"name\":\"Parduotuv\u0117\",\"item\":\"https:\/\/hobstop.ee\/lt\/parduotuve\/\"},{\"@type\":\"ListItem\",\"position\":3,\"name\":\"Teptukas LB Fine kiaul\u0117s \u0161eri\u0173 plok\u0161\u010dias\"}]},{\"@type\":\"WebSite\",\"@id\":\"https:\/\/hobstop.ee\/lt\/#website\",\"url\":\"https:\/\/hobstop.ee\/lt\/\",\"name\":\"Skizze\",\"description\":\"Dail\u0117s, pom\u0117gi\u0173 ir mokykliniai reikm\u0117nys\",\"publisher\":{\"@id\":\"https:\/\/hobstop.ee\/lt\/#organization\"},\"potentialAction\":[{\"@type\":\"SearchAction\",\"target\":{\"@type\":\"EntryPoint\",\"urlTemplate\":\"https:\/\/hobstop.ee\/lt\/?s={search_term_string}\"},\"query-input\":{\"@type\":\"PropertyValueSpecification\",\"valueRequired\":true,\"valueName\":\"search_term_string\"}}],\"inLanguage\":\"lt\"},{\"@type\":\"Organization\",\"@id\":\"https:\/\/hobstop.ee\/lt\/#organization\",\"name\":\"Vunder AS\",\"url\":\"https:\/\/hobstop.ee\/lt\/\",\"logo\":{\"@type\":\"ImageObject\",\"inLanguage\":\"lt\",\"@id\":\"https:\/\/hobstop.ee\/lt\/#\/schema\/logo\/image\/\",\"url\":\"https:\/\/hobstop.ee\/media\/vunder-logo.png\",\"contentUrl\":\"https:\/\/hobstop.ee\/media\/vunder-logo.png\",\"width\":127,\"height\":55,\"caption\":\"Vunder AS\"},\"image\":{\"@id\":\"https:\/\/hobstop.ee\/lt\/#\/schema\/logo\/image\/\"},\"sameAs\":[\"http:\/\/www.facebook.com\/VunderSkizze\"]}]}<\/script>\n<!-- \/ Yoast SEO plugin. -->","yoast_head_json":{"title":"Teptukas LB Fine kiaul\u0117s \u0161eri\u0173 plok\u0161\u010dias &#8211; Skizze","robots":{"index":"noindex","follow":"follow","max-snippet":"max-snippet:-1","max-image-preview":"max-image-preview:large","max-video-preview":"max-video-preview:-1"},"og_locale":"lt_LT","og_type":"article","og_title":"Teptukas LB Fine kiaul\u0117s \u0161eri\u0173 plok\u0161\u010dias &#8211; Skizze","og_description":"Universalus ir prieinamos kainos \u201eLefranc Burgeois Fine\u201c \u0161ern\u0173 \u0161eri\u0173 \u0161epet\u0117lis pagamintas i\u0161 balint\u0173 balt\u0173 Chungkingo \u0161erno \u0161eri\u0173, kurie suteikia tvirt\u0105 ir galing\u0105 pot\u0117p\u012f. Jis yra vertinamas d\u0117l elastingumo ir i\u0161skirtinio atsparumo. Itin patvar\u016bs \u0161ereliai tampa dar patvaresni naudojant ir palieka teptuko p\u0117dsak\u0105, kuris puikiai tinka \u201edemi-p\u00e2te\u201c technikai tapant aliejiniais da\u017eais arba akrilu. Idealiai tinka tapybai aliejiniais da\u017eais arba akrilu.","og_url":"https:\/\/hobstop.ee\/lt\/produktas\/teptukas-lb-fine-kiaules-seriu-plokscias\/","og_site_name":"Skizze","article_publisher":"http:\/\/www.facebook.com\/VunderSkizze","twitter_card":"summary_large_image","schema":{"@context":"https:\/\/schema.org","@graph":[{"@type":"WebPage","@id":"https:\/\/hobstop.ee\/lt\/produktas\/teptukas-lb-fine-kiaules-seriu-plokscias\/","url":"https:\/\/hobstop.ee\/lt\/produktas\/teptukas-lb-fine-kiaules-seriu-plokscias\/","name":"Teptukas LB Fine kiaul\u0117s \u0161eri\u0173 plok\u0161\u010dias &#8211; Skizze","isPartOf":{"@id":"https:\/\/hobstop.ee\/lt\/#website"},"datePublished":"2019-05-23T13:12:17+00:00","dateModified":"2019-05-23T13:12:17+00:00","breadcrumb":{"@id":"https:\/\/hobstop.ee\/lt\/produktas\/teptukas-lb-fine-kiaules-seriu-plokscias\/#breadcrumb"},"inLanguage":"lt","potentialAction":[{"@type":"ReadAction","target":["https:\/\/hobstop.ee\/lt\/produktas\/teptukas-lb-fine-kiaules-seriu-plokscias\/"]}]},{"@type":"BreadcrumbList","@id":"https:\/\/hobstop.ee\/lt\/produktas\/teptukas-lb-fine-kiaules-seriu-plokscias\/#breadcrumb","itemListElement":[{"@type":"ListItem","position":1,"name":"Avaleht","item":"https:\/\/hobstop.ee\/lt\/"},{"@type":"ListItem","position":2,"name":"Parduotuv\u0117","item":"https:\/\/hobstop.ee\/lt\/parduotuve\/"},{"@type":"ListItem","position":3,"name":"Teptukas LB Fine kiaul\u0117s \u0161eri\u0173 plok\u0161\u010dias"}]},{"@type":"WebSite","@id":"https:\/\/hobstop.ee\/lt\/#website","url":"https:\/\/hobstop.ee\/lt\/","name":"Skizze","description":"Dail\u0117s, pom\u0117gi\u0173 ir mokykliniai reikm\u0117nys","publisher":{"@id":"https:\/\/hobstop.ee\/lt\/#organization"},"potentialAction":[{"@type":"SearchAction","target":{"@type":"EntryPoint","urlTemplate":"https:\/\/hobstop.ee\/lt\/?s={search_term_string}"},"query-input":{"@type":"PropertyValueSpecification","valueRequired":true,"valueName":"search_term_string"}}],"inLanguage":"lt"},{"@type":"Organization","@id":"https:\/\/hobstop.ee\/lt\/#organization","name":"Vunder AS","url":"https:\/\/hobstop.ee\/lt\/","logo":{"@type":"ImageObject","inLanguage":"lt","@id":"https:\/\/hobstop.ee\/lt\/#\/schema\/logo\/image\/","url":"https:\/\/hobstop.ee\/media\/vunder-logo.png","contentUrl":"https:\/\/hobstop.ee\/media\/vunder-logo.png","width":127,"height":55,"caption":"Vunder AS"},"image":{"@id":"https:\/\/hobstop.ee\/lt\/#\/schema\/logo\/image\/"},"sameAs":["http:\/\/www.facebook.com\/VunderSkizze"]}]}},"_links":{"self":[{"href":"https:\/\/hobstop.ee\/lt\/wp-json\/wp\/v2\/product\/335204","targetHints":{"allow":["GET"]}}],"collection":[{"href":"https:\/\/hobstop.ee\/lt\/wp-json\/wp\/v2\/product"}],"about":[{"href":"https:\/\/hobstop.ee\/lt\/wp-json\/wp\/v2\/types\/product"}],"replies":[{"embeddable":true,"href":"https:\/\/hobstop.ee\/lt\/wp-json\/wp\/v2\/comments?post=335204"}],"wp:attachment":[{"href":"https:\/\/hobstop.ee\/lt\/wp-json\/wp\/v2\/media?parent=335204"}],"wp:term":[{"taxonomy":"product_cat","embeddable":true,"href":"https:\/\/hobstop.ee\/lt\/wp-json\/wp\/v2\/product_cat?post=335204"},{"taxonomy":"product_tag","embeddable":true,"href":"https:\/\/hobstop.ee\/lt\/wp-json\/wp\/v2\/product_tag?post=335204"}],"curies":[{"name":"wp","href":"https:\/\/api.w.org\/{rel}","templated":true}]}}