{"id":335208,"date":"2019-05-23T16:12:19","date_gmt":"2019-05-23T13:12:22","guid":{"rendered":"https:\/\/sharks.ee\/vunder_2019\/product\/polimerinis-molis-cernit-metallic-56g\/"},"modified":"2019-05-23T16:12:22","modified_gmt":"2019-05-23T13:12:22","slug":"polimerinis-molis-cernit-metallic-56g","status":"publish","type":"product","link":"https:\/\/hobstop.ee\/lt\/produktas\/polimerinis-molis-cernit-metallic-56g\/","title":{"rendered":"Polimerinis molis Cernit Metallic 56g"},"content":{"rendered":"<p>Savo juvelyriniams dirbiniams ir dekoratyviniams daiktams suteikite metalin\u012f atspalv\u012f. Metalo spalvos polimerinis molis \u201eCernit Metallic\u201c daiktams suteikia nat\u016bralaus blizgesio; ypa\u010d gra\u017eiai jis atrodo dirbinius nu\u0161lifavus ir nupoliravus. Polimerinis modeliavimo molis \u201eCernit\u201c sukiet\u0117ja kepant j\u012f 15\u201330 minu\u010di\u0173 iki 110\u2013130\u00b0C \u012fkaitintoje orkait\u0117je. Ko\u010diojama ir minkoma med\u017eiaga tampa plasti\u0161ka ir gerai formuojama \u012fvairiomis kryptimis. Galima tampyti kaip te\u0161l\u0105 ir vynioti kaip audin\u012f. Visos spalvos tarpusavyje yra mai\u0161omos ir tonuojamos, galima suteikti marmuro efekt\u0105 ir \u0161viesinti primai\u0161ant bespalvio ar balto priedo. I\u0161degtas tampa pana\u0161us \u012f porcelian\u0105 \u2013 itin tvirtas, j\u012f galima gr\u0119\u017eti ir \u0161lifuoti. Da\u017eymui galima naudoti akrilinius da\u017eus, dekoratyvinius miltelius ir lak\u0105. Puikiai tinka dekoratyviniams daiktams, pavyzd\u017eiui, papuo\u0161alams (auskarams, apyrank\u0117ms, pakabukams ir pan.), fig\u016br\u0117l\u0117ms, aksesuarams, maisto produkt\u0173 miniati\u016broms, gaminti, taip pat suteikti baldams individualumo arba naudoti baldams restauruoti.<\/p>\n","protected":false},"excerpt":{"rendered":"<p>Savo juvelyriniams dirbiniams ir dekoratyviniams daiktams suteikite metalin\u012f atspalv\u012f. Metalo spalvos polimerinis molis \u201eCernit Metallic\u201c daiktams suteikia nat\u016bralaus blizgesio; ypa\u010d gra\u017eiai jis atrodo dirbinius nu\u0161lifavus ir nupoliravus. Polimerinis modeliavimo molis \u201eCernit\u201c sukiet\u0117ja kepant j\u012f 15\u201330 minu\u010di\u0173 iki 110\u2013130\u00b0C \u012fkaitintoje orkait\u0117je. Ko\u010diojama ir minkoma med\u017eiaga tampa plasti\u0161ka ir gerai formuojama \u012fvairiomis kryptimis. Galima tampyti kaip te\u0161l\u0105 ir vynioti kaip audin\u012f. Visos spalvos tarpusavyje yra mai\u0161omos ir tonuojamos, galima suteikti marmuro efekt\u0105 ir \u0161viesinti primai\u0161ant bespalvio ar balto priedo. I\u0161degtas tampa pana\u0161us \u012f porcelian\u0105 \u2013 itin tvirtas, j\u012f galima gr\u0119\u017eti ir \u0161lifuoti. Da\u017eymui galima naudoti akrilinius da\u017eus, dekoratyvinius miltelius ir lak\u0105. Puikiai tinka dekoratyviniams daiktams, pavyzd\u017eiui, papuo\u0161alams (auskarams, apyrank\u0117ms, pakabukams ir pan.), fig\u016br\u0117l\u0117ms, aksesuarams, maisto produkt\u0173 miniati\u016broms, gaminti, taip pat suteikti baldams individualumo arba naudoti baldams restauruoti.<\/p>\n","protected":false},"featured_media":352796,"comment_status":"closed","ping_status":"closed","template":"","meta":{"_acf_changed":false,"ep_exclude_from_search":false},"product_cat":[20087,15010,17919],"product_tag":[],"class_list":{"0":"post-335208","1":"product","2":"type-product","3":"status-publish","4":"has-post-thumbnail","6":"product_cat-medziagos-ir-priemones-lipdymui","7":"product_cat-polimerinis-molis","8":"product_cat-pomegiu-prekes","10":"first","11":"instock","12":"taxable","13":"shipping-taxable","14":"product-type-simple"},"acf":[],"yoast_head":"<!-- This site is optimized with the Yoast SEO plugin v24.1 - https:\/\/yoast.com\/wordpress\/plugins\/seo\/ -->\n<title>Polimerinis molis Cernit Metallic 56g &#8211; Skizze<\/title>\n<meta name=\"robots\" content=\"noindex, follow, max-snippet:-1, max-image-preview:large, max-video-preview:-1\" \/>\n<meta property=\"og:locale\" content=\"lt_LT\" \/>\n<meta property=\"og:type\" content=\"article\" \/>\n<meta property=\"og:title\" content=\"Polimerinis molis Cernit Metallic 56g &#8211; Skizze\" \/>\n<meta property=\"og:description\" content=\"Savo juvelyriniams dirbiniams ir dekoratyviniams daiktams suteikite metalin\u012f atspalv\u012f. Metalo spalvos polimerinis molis \u201eCernit Metallic\u201c daiktams suteikia nat\u016bralaus blizgesio; ypa\u010d gra\u017eiai jis atrodo dirbinius nu\u0161lifavus ir nupoliravus. Polimerinis modeliavimo molis \u201eCernit\u201c sukiet\u0117ja kepant j\u012f 15\u201330 minu\u010di\u0173 iki 110\u2013130\u00b0C \u012fkaitintoje orkait\u0117je. Ko\u010diojama ir minkoma med\u017eiaga tampa plasti\u0161ka ir gerai formuojama \u012fvairiomis kryptimis. Galima tampyti kaip te\u0161l\u0105 ir vynioti kaip audin\u012f. Visos spalvos tarpusavyje yra mai\u0161omos ir tonuojamos, galima suteikti marmuro efekt\u0105 ir \u0161viesinti primai\u0161ant bespalvio ar balto priedo. I\u0161degtas tampa pana\u0161us \u012f porcelian\u0105 \u2013 itin tvirtas, j\u012f galima gr\u0119\u017eti ir \u0161lifuoti. Da\u017eymui galima naudoti akrilinius da\u017eus, dekoratyvinius miltelius ir lak\u0105. Puikiai tinka dekoratyviniams daiktams, pavyzd\u017eiui, papuo\u0161alams (auskarams, apyrank\u0117ms, pakabukams ir pan.), fig\u016br\u0117l\u0117ms, aksesuarams, maisto produkt\u0173 miniati\u016broms, gaminti, taip pat suteikti baldams individualumo arba naudoti baldams restauruoti.\" \/>\n<meta property=\"og:url\" content=\"https:\/\/hobstop.ee\/lt\/produktas\/polimerinis-molis-cernit-metallic-56g\/\" \/>\n<meta property=\"og:site_name\" content=\"Skizze\" \/>\n<meta property=\"article:publisher\" content=\"http:\/\/www.facebook.com\/VunderSkizze\" \/>\n<meta property=\"og:image\" content=\"https:\/\/hobstop.ee\/media\/4955.jpg\" \/>\n\t<meta property=\"og:image:width\" content=\"1024\" \/>\n\t<meta property=\"og:image:height\" content=\"768\" \/>\n\t<meta property=\"og:image:type\" content=\"image\/jpeg\" \/>\n<meta name=\"twitter:card\" content=\"summary_large_image\" \/>\n<meta name=\"twitter:label1\" content=\"Est. reading time\" \/>\n\t<meta name=\"twitter:data1\" content=\"1 minute\" \/>\n<script type=\"application\/ld+json\" class=\"yoast-schema-graph\">{\"@context\":\"https:\/\/schema.org\",\"@graph\":[{\"@type\":\"WebPage\",\"@id\":\"https:\/\/hobstop.ee\/lt\/produktas\/polimerinis-molis-cernit-metallic-56g\/\",\"url\":\"https:\/\/hobstop.ee\/lt\/produktas\/polimerinis-molis-cernit-metallic-56g\/\",\"name\":\"Polimerinis molis Cernit Metallic 56g &#8211; Skizze\",\"isPartOf\":{\"@id\":\"https:\/\/hobstop.ee\/lt\/#website\"},\"primaryImageOfPage\":{\"@id\":\"https:\/\/hobstop.ee\/lt\/produktas\/polimerinis-molis-cernit-metallic-56g\/#primaryimage\"},\"image\":{\"@id\":\"https:\/\/hobstop.ee\/lt\/produktas\/polimerinis-molis-cernit-metallic-56g\/#primaryimage\"},\"thumbnailUrl\":\"https:\/\/hobstop.ee\/media\/4955.jpg\",\"datePublished\":\"2019-05-23T13:12:22+00:00\",\"dateModified\":\"2019-05-23T13:12:22+00:00\",\"breadcrumb\":{\"@id\":\"https:\/\/hobstop.ee\/lt\/produktas\/polimerinis-molis-cernit-metallic-56g\/#breadcrumb\"},\"inLanguage\":\"lt\",\"potentialAction\":[{\"@type\":\"ReadAction\",\"target\":[\"https:\/\/hobstop.ee\/lt\/produktas\/polimerinis-molis-cernit-metallic-56g\/\"]}]},{\"@type\":\"ImageObject\",\"inLanguage\":\"lt\",\"@id\":\"https:\/\/hobstop.ee\/lt\/produktas\/polimerinis-molis-cernit-metallic-56g\/#primaryimage\",\"url\":\"https:\/\/hobstop.ee\/media\/4955.jpg\",\"contentUrl\":\"https:\/\/hobstop.ee\/media\/4955.jpg\",\"width\":1024,\"height\":768},{\"@type\":\"BreadcrumbList\",\"@id\":\"https:\/\/hobstop.ee\/lt\/produktas\/polimerinis-molis-cernit-metallic-56g\/#breadcrumb\",\"itemListElement\":[{\"@type\":\"ListItem\",\"position\":1,\"name\":\"Avaleht\",\"item\":\"https:\/\/hobstop.ee\/lt\/\"},{\"@type\":\"ListItem\",\"position\":2,\"name\":\"Parduotuv\u0117\",\"item\":\"https:\/\/hobstop.ee\/lt\/parduotuve\/\"},{\"@type\":\"ListItem\",\"position\":3,\"name\":\"Polimerinis molis Cernit Metallic 56g\"}]},{\"@type\":\"WebSite\",\"@id\":\"https:\/\/hobstop.ee\/lt\/#website\",\"url\":\"https:\/\/hobstop.ee\/lt\/\",\"name\":\"Skizze\",\"description\":\"Dail\u0117s, pom\u0117gi\u0173 ir mokykliniai reikm\u0117nys\",\"publisher\":{\"@id\":\"https:\/\/hobstop.ee\/lt\/#organization\"},\"potentialAction\":[{\"@type\":\"SearchAction\",\"target\":{\"@type\":\"EntryPoint\",\"urlTemplate\":\"https:\/\/hobstop.ee\/lt\/?s={search_term_string}\"},\"query-input\":{\"@type\":\"PropertyValueSpecification\",\"valueRequired\":true,\"valueName\":\"search_term_string\"}}],\"inLanguage\":\"lt\"},{\"@type\":\"Organization\",\"@id\":\"https:\/\/hobstop.ee\/lt\/#organization\",\"name\":\"Vunder AS\",\"url\":\"https:\/\/hobstop.ee\/lt\/\",\"logo\":{\"@type\":\"ImageObject\",\"inLanguage\":\"lt\",\"@id\":\"https:\/\/hobstop.ee\/lt\/#\/schema\/logo\/image\/\",\"url\":\"https:\/\/hobstop.ee\/media\/vunder-logo.png\",\"contentUrl\":\"https:\/\/hobstop.ee\/media\/vunder-logo.png\",\"width\":127,\"height\":55,\"caption\":\"Vunder AS\"},\"image\":{\"@id\":\"https:\/\/hobstop.ee\/lt\/#\/schema\/logo\/image\/\"},\"sameAs\":[\"http:\/\/www.facebook.com\/VunderSkizze\"]}]}<\/script>\n<!-- \/ Yoast SEO plugin. -->","yoast_head_json":{"title":"Polimerinis molis Cernit Metallic 56g &#8211; Skizze","robots":{"index":"noindex","follow":"follow","max-snippet":"max-snippet:-1","max-image-preview":"max-image-preview:large","max-video-preview":"max-video-preview:-1"},"og_locale":"lt_LT","og_type":"article","og_title":"Polimerinis molis Cernit Metallic 56g &#8211; Skizze","og_description":"Savo juvelyriniams dirbiniams ir dekoratyviniams daiktams suteikite metalin\u012f atspalv\u012f. Metalo spalvos polimerinis molis \u201eCernit Metallic\u201c daiktams suteikia nat\u016bralaus blizgesio; ypa\u010d gra\u017eiai jis atrodo dirbinius nu\u0161lifavus ir nupoliravus. Polimerinis modeliavimo molis \u201eCernit\u201c sukiet\u0117ja kepant j\u012f 15\u201330 minu\u010di\u0173 iki 110\u2013130\u00b0C \u012fkaitintoje orkait\u0117je. Ko\u010diojama ir minkoma med\u017eiaga tampa plasti\u0161ka ir gerai formuojama \u012fvairiomis kryptimis. Galima tampyti kaip te\u0161l\u0105 ir vynioti kaip audin\u012f. Visos spalvos tarpusavyje yra mai\u0161omos ir tonuojamos, galima suteikti marmuro efekt\u0105 ir \u0161viesinti primai\u0161ant bespalvio ar balto priedo. I\u0161degtas tampa pana\u0161us \u012f porcelian\u0105 \u2013 itin tvirtas, j\u012f galima gr\u0119\u017eti ir \u0161lifuoti. Da\u017eymui galima naudoti akrilinius da\u017eus, dekoratyvinius miltelius ir lak\u0105. Puikiai tinka dekoratyviniams daiktams, pavyzd\u017eiui, papuo\u0161alams (auskarams, apyrank\u0117ms, pakabukams ir pan.), fig\u016br\u0117l\u0117ms, aksesuarams, maisto produkt\u0173 miniati\u016broms, gaminti, taip pat suteikti baldams individualumo arba naudoti baldams restauruoti.","og_url":"https:\/\/hobstop.ee\/lt\/produktas\/polimerinis-molis-cernit-metallic-56g\/","og_site_name":"Skizze","article_publisher":"http:\/\/www.facebook.com\/VunderSkizze","og_image":[{"width":1024,"height":768,"url":"https:\/\/hobstop.ee\/media\/4955.jpg","type":"image\/jpeg"}],"twitter_card":"summary_large_image","twitter_misc":{"Est. reading time":"1 minute"},"schema":{"@context":"https:\/\/schema.org","@graph":[{"@type":"WebPage","@id":"https:\/\/hobstop.ee\/lt\/produktas\/polimerinis-molis-cernit-metallic-56g\/","url":"https:\/\/hobstop.ee\/lt\/produktas\/polimerinis-molis-cernit-metallic-56g\/","name":"Polimerinis molis Cernit Metallic 56g &#8211; Skizze","isPartOf":{"@id":"https:\/\/hobstop.ee\/lt\/#website"},"primaryImageOfPage":{"@id":"https:\/\/hobstop.ee\/lt\/produktas\/polimerinis-molis-cernit-metallic-56g\/#primaryimage"},"image":{"@id":"https:\/\/hobstop.ee\/lt\/produktas\/polimerinis-molis-cernit-metallic-56g\/#primaryimage"},"thumbnailUrl":"https:\/\/hobstop.ee\/media\/4955.jpg","datePublished":"2019-05-23T13:12:22+00:00","dateModified":"2019-05-23T13:12:22+00:00","breadcrumb":{"@id":"https:\/\/hobstop.ee\/lt\/produktas\/polimerinis-molis-cernit-metallic-56g\/#breadcrumb"},"inLanguage":"lt","potentialAction":[{"@type":"ReadAction","target":["https:\/\/hobstop.ee\/lt\/produktas\/polimerinis-molis-cernit-metallic-56g\/"]}]},{"@type":"ImageObject","inLanguage":"lt","@id":"https:\/\/hobstop.ee\/lt\/produktas\/polimerinis-molis-cernit-metallic-56g\/#primaryimage","url":"https:\/\/hobstop.ee\/media\/4955.jpg","contentUrl":"https:\/\/hobstop.ee\/media\/4955.jpg","width":1024,"height":768},{"@type":"BreadcrumbList","@id":"https:\/\/hobstop.ee\/lt\/produktas\/polimerinis-molis-cernit-metallic-56g\/#breadcrumb","itemListElement":[{"@type":"ListItem","position":1,"name":"Avaleht","item":"https:\/\/hobstop.ee\/lt\/"},{"@type":"ListItem","position":2,"name":"Parduotuv\u0117","item":"https:\/\/hobstop.ee\/lt\/parduotuve\/"},{"@type":"ListItem","position":3,"name":"Polimerinis molis Cernit Metallic 56g"}]},{"@type":"WebSite","@id":"https:\/\/hobstop.ee\/lt\/#website","url":"https:\/\/hobstop.ee\/lt\/","name":"Skizze","description":"Dail\u0117s, pom\u0117gi\u0173 ir mokykliniai reikm\u0117nys","publisher":{"@id":"https:\/\/hobstop.ee\/lt\/#organization"},"potentialAction":[{"@type":"SearchAction","target":{"@type":"EntryPoint","urlTemplate":"https:\/\/hobstop.ee\/lt\/?s={search_term_string}"},"query-input":{"@type":"PropertyValueSpecification","valueRequired":true,"valueName":"search_term_string"}}],"inLanguage":"lt"},{"@type":"Organization","@id":"https:\/\/hobstop.ee\/lt\/#organization","name":"Vunder AS","url":"https:\/\/hobstop.ee\/lt\/","logo":{"@type":"ImageObject","inLanguage":"lt","@id":"https:\/\/hobstop.ee\/lt\/#\/schema\/logo\/image\/","url":"https:\/\/hobstop.ee\/media\/vunder-logo.png","contentUrl":"https:\/\/hobstop.ee\/media\/vunder-logo.png","width":127,"height":55,"caption":"Vunder AS"},"image":{"@id":"https:\/\/hobstop.ee\/lt\/#\/schema\/logo\/image\/"},"sameAs":["http:\/\/www.facebook.com\/VunderSkizze"]}]}},"_links":{"self":[{"href":"https:\/\/hobstop.ee\/lt\/wp-json\/wp\/v2\/product\/335208","targetHints":{"allow":["GET"]}}],"collection":[{"href":"https:\/\/hobstop.ee\/lt\/wp-json\/wp\/v2\/product"}],"about":[{"href":"https:\/\/hobstop.ee\/lt\/wp-json\/wp\/v2\/types\/product"}],"replies":[{"embeddable":true,"href":"https:\/\/hobstop.ee\/lt\/wp-json\/wp\/v2\/comments?post=335208"}],"wp:featuredmedia":[{"embeddable":true,"href":"https:\/\/hobstop.ee\/lt\/wp-json\/wp\/v2\/media\/352796"}],"wp:attachment":[{"href":"https:\/\/hobstop.ee\/lt\/wp-json\/wp\/v2\/media?parent=335208"}],"wp:term":[{"taxonomy":"product_cat","embeddable":true,"href":"https:\/\/hobstop.ee\/lt\/wp-json\/wp\/v2\/product_cat?post=335208"},{"taxonomy":"product_tag","embeddable":true,"href":"https:\/\/hobstop.ee\/lt\/wp-json\/wp\/v2\/product_tag?post=335208"}],"curies":[{"name":"wp","href":"https:\/\/api.w.org\/{rel}","templated":true}]}}