{"id":335216,"date":"2019-05-23T16:12:28","date_gmt":"2019-05-23T13:12:32","guid":{"rendered":"https:\/\/sharks.ee\/vunder_2019\/product\/polimerinis-molis-cernit-opaline-250g\/"},"modified":"2019-05-23T16:12:32","modified_gmt":"2019-05-23T13:12:32","slug":"polimerinis-molis-cernit-opaline-250g","status":"publish","type":"product","link":"https:\/\/hobstop.ee\/lt\/produktas\/polimerinis-molis-cernit-opaline-250g\/","title":{"rendered":"Polimerinis molis Cernit Opaline 250g"},"content":{"rendered":"<p>Lengvas polimerinio molio \u201eCernit Opaline\u201c blizgesys j\u016bs\u0173 k\u016briniams suteiks keramikos dirbiniams b\u016bdingo skaidrumo! Lengvo skaidraus blizgesio polimerinis molis \u201eCernit Opaline\u201c puikiai tinka papuo\u0161alams, fig\u016br\u0117l\u0117ms ir dekoratyviniams daiktams gaminti. Polimerinis modeliavimo molis \u201eCernit\u201c sukiet\u0117ja kepant j\u012f 15\u201330 minu\u010di\u0173 iki 110\u2013130\u00b0C \u012fkaitintoje orkait\u0117je. Ko\u010diojama ir minkoma med\u017eiaga tampa plasti\u0161ka ir gerai formuojama \u012fvairiomis kryptimis. Galima tampyti kaip te\u0161l\u0105 ir vynioti kaip audin\u012f. Visos spalvos tarpusavyje yra mai\u0161omos ir tonuojamos, galima suteikti marmuro efekt\u0105 ir \u0161viesinti primai\u0161ant bespalvio ar balto priedo. I\u0161degtas tampa pana\u0161us \u012f porcelian\u0105 \u2013 itin tvirtas, j\u012f galima gr\u0119\u017eti ir \u0161lifuoti. Da\u017eymui galima naudoti akrilinius da\u017eus, dekoratyvinius miltelius ir lak\u0105. Puikiai tinka dekoratyviniams daiktams, pavyzd\u017eiui, papuo\u0161alams (auskarams, apyrank\u0117ms, pakabukams ir pan.), fig\u016br\u0117l\u0117ms, aksesuarams, maisto produkt\u0173 miniati\u016broms, gaminti, taip pat suteikti baldams individualumo arba naudoti baldams restauruoti.<\/p>\n","protected":false},"excerpt":{"rendered":"<p>Lengvas polimerinio molio \u201eCernit Opaline\u201c blizgesys j\u016bs\u0173 k\u016briniams suteiks keramikos dirbiniams b\u016bdingo skaidrumo! Lengvo skaidraus blizgesio polimerinis molis \u201eCernit Opaline\u201c puikiai tinka papuo\u0161alams, fig\u016br\u0117l\u0117ms ir dekoratyviniams daiktams gaminti. Polimerinis modeliavimo molis \u201eCernit\u201c sukiet\u0117ja kepant j\u012f 15\u201330 minu\u010di\u0173 iki 110\u2013130\u00b0C \u012fkaitintoje orkait\u0117je. Ko\u010diojama ir minkoma med\u017eiaga tampa plasti\u0161ka ir gerai formuojama \u012fvairiomis kryptimis. Galima tampyti kaip te\u0161l\u0105 ir vynioti kaip audin\u012f. Visos spalvos tarpusavyje yra mai\u0161omos ir tonuojamos, galima suteikti marmuro efekt\u0105 ir \u0161viesinti primai\u0161ant bespalvio ar balto priedo. I\u0161degtas tampa pana\u0161us \u012f porcelian\u0105 \u2013 itin tvirtas, j\u012f galima gr\u0119\u017eti ir \u0161lifuoti. Da\u017eymui galima naudoti akrilinius da\u017eus, dekoratyvinius miltelius ir lak\u0105. Puikiai tinka dekoratyviniams daiktams, pavyzd\u017eiui, papuo\u0161alams (auskarams, apyrank\u0117ms, pakabukams ir pan.), fig\u016br\u0117l\u0117ms, aksesuarams, maisto produkt\u0173 miniati\u016broms, gaminti, taip pat suteikti baldams individualumo arba naudoti baldams restauruoti.<\/p>\n","protected":false},"featured_media":352828,"comment_status":"closed","ping_status":"closed","template":"","meta":{"_acf_changed":false,"ep_exclude_from_search":false},"product_cat":[20087,15010,17919],"product_tag":[],"class_list":{"0":"post-335216","1":"product","2":"type-product","3":"status-publish","4":"has-post-thumbnail","6":"product_cat-medziagos-ir-priemones-lipdymui","7":"product_cat-polimerinis-molis","8":"product_cat-pomegiu-prekes","10":"first","11":"instock","12":"taxable","13":"shipping-taxable","14":"product-type-simple"},"acf":[],"yoast_head":"<!-- This site is optimized with the Yoast SEO plugin v24.1 - https:\/\/yoast.com\/wordpress\/plugins\/seo\/ -->\n<title>Polimerinis molis Cernit Opaline 250g &#8211; Skizze<\/title>\n<meta name=\"robots\" content=\"noindex, follow, max-snippet:-1, max-image-preview:large, max-video-preview:-1\" \/>\n<meta property=\"og:locale\" content=\"lt_LT\" \/>\n<meta property=\"og:type\" content=\"article\" \/>\n<meta property=\"og:title\" content=\"Polimerinis molis Cernit Opaline 250g &#8211; Skizze\" \/>\n<meta property=\"og:description\" content=\"Lengvas polimerinio molio \u201eCernit Opaline\u201c blizgesys j\u016bs\u0173 k\u016briniams suteiks keramikos dirbiniams b\u016bdingo skaidrumo! Lengvo skaidraus blizgesio polimerinis molis \u201eCernit Opaline\u201c puikiai tinka papuo\u0161alams, fig\u016br\u0117l\u0117ms ir dekoratyviniams daiktams gaminti. Polimerinis modeliavimo molis \u201eCernit\u201c sukiet\u0117ja kepant j\u012f 15\u201330 minu\u010di\u0173 iki 110\u2013130\u00b0C \u012fkaitintoje orkait\u0117je. Ko\u010diojama ir minkoma med\u017eiaga tampa plasti\u0161ka ir gerai formuojama \u012fvairiomis kryptimis. Galima tampyti kaip te\u0161l\u0105 ir vynioti kaip audin\u012f. Visos spalvos tarpusavyje yra mai\u0161omos ir tonuojamos, galima suteikti marmuro efekt\u0105 ir \u0161viesinti primai\u0161ant bespalvio ar balto priedo. I\u0161degtas tampa pana\u0161us \u012f porcelian\u0105 \u2013 itin tvirtas, j\u012f galima gr\u0119\u017eti ir \u0161lifuoti. Da\u017eymui galima naudoti akrilinius da\u017eus, dekoratyvinius miltelius ir lak\u0105. Puikiai tinka dekoratyviniams daiktams, pavyzd\u017eiui, papuo\u0161alams (auskarams, apyrank\u0117ms, pakabukams ir pan.), fig\u016br\u0117l\u0117ms, aksesuarams, maisto produkt\u0173 miniati\u016broms, gaminti, taip pat suteikti baldams individualumo arba naudoti baldams restauruoti.\" \/>\n<meta property=\"og:url\" content=\"https:\/\/hobstop.ee\/lt\/produktas\/polimerinis-molis-cernit-opaline-250g\/\" \/>\n<meta property=\"og:site_name\" content=\"Skizze\" \/>\n<meta property=\"article:publisher\" content=\"http:\/\/www.facebook.com\/VunderSkizze\" \/>\n<meta property=\"og:image\" content=\"https:\/\/hobstop.ee\/media\/4957.jpg\" \/>\n\t<meta property=\"og:image:width\" content=\"1024\" \/>\n\t<meta property=\"og:image:height\" content=\"768\" \/>\n\t<meta property=\"og:image:type\" content=\"image\/jpeg\" \/>\n<meta name=\"twitter:card\" content=\"summary_large_image\" \/>\n<meta name=\"twitter:label1\" content=\"Est. reading time\" \/>\n\t<meta name=\"twitter:data1\" content=\"1 minute\" \/>\n<script type=\"application\/ld+json\" class=\"yoast-schema-graph\">{\"@context\":\"https:\/\/schema.org\",\"@graph\":[{\"@type\":\"WebPage\",\"@id\":\"https:\/\/hobstop.ee\/lt\/produktas\/polimerinis-molis-cernit-opaline-250g\/\",\"url\":\"https:\/\/hobstop.ee\/lt\/produktas\/polimerinis-molis-cernit-opaline-250g\/\",\"name\":\"Polimerinis molis Cernit Opaline 250g &#8211; Skizze\",\"isPartOf\":{\"@id\":\"https:\/\/hobstop.ee\/lt\/#website\"},\"primaryImageOfPage\":{\"@id\":\"https:\/\/hobstop.ee\/lt\/produktas\/polimerinis-molis-cernit-opaline-250g\/#primaryimage\"},\"image\":{\"@id\":\"https:\/\/hobstop.ee\/lt\/produktas\/polimerinis-molis-cernit-opaline-250g\/#primaryimage\"},\"thumbnailUrl\":\"https:\/\/hobstop.ee\/media\/4957.jpg\",\"datePublished\":\"2019-05-23T13:12:32+00:00\",\"dateModified\":\"2019-05-23T13:12:32+00:00\",\"breadcrumb\":{\"@id\":\"https:\/\/hobstop.ee\/lt\/produktas\/polimerinis-molis-cernit-opaline-250g\/#breadcrumb\"},\"inLanguage\":\"lt\",\"potentialAction\":[{\"@type\":\"ReadAction\",\"target\":[\"https:\/\/hobstop.ee\/lt\/produktas\/polimerinis-molis-cernit-opaline-250g\/\"]}]},{\"@type\":\"ImageObject\",\"inLanguage\":\"lt\",\"@id\":\"https:\/\/hobstop.ee\/lt\/produktas\/polimerinis-molis-cernit-opaline-250g\/#primaryimage\",\"url\":\"https:\/\/hobstop.ee\/media\/4957.jpg\",\"contentUrl\":\"https:\/\/hobstop.ee\/media\/4957.jpg\",\"width\":1024,\"height\":768},{\"@type\":\"BreadcrumbList\",\"@id\":\"https:\/\/hobstop.ee\/lt\/produktas\/polimerinis-molis-cernit-opaline-250g\/#breadcrumb\",\"itemListElement\":[{\"@type\":\"ListItem\",\"position\":1,\"name\":\"Avaleht\",\"item\":\"https:\/\/hobstop.ee\/lt\/\"},{\"@type\":\"ListItem\",\"position\":2,\"name\":\"Parduotuv\u0117\",\"item\":\"https:\/\/hobstop.ee\/lt\/parduotuve\/\"},{\"@type\":\"ListItem\",\"position\":3,\"name\":\"Polimerinis molis Cernit Opaline 250g\"}]},{\"@type\":\"WebSite\",\"@id\":\"https:\/\/hobstop.ee\/lt\/#website\",\"url\":\"https:\/\/hobstop.ee\/lt\/\",\"name\":\"Skizze\",\"description\":\"Dail\u0117s, pom\u0117gi\u0173 ir mokykliniai reikm\u0117nys\",\"publisher\":{\"@id\":\"https:\/\/hobstop.ee\/lt\/#organization\"},\"potentialAction\":[{\"@type\":\"SearchAction\",\"target\":{\"@type\":\"EntryPoint\",\"urlTemplate\":\"https:\/\/hobstop.ee\/lt\/?s={search_term_string}\"},\"query-input\":{\"@type\":\"PropertyValueSpecification\",\"valueRequired\":true,\"valueName\":\"search_term_string\"}}],\"inLanguage\":\"lt\"},{\"@type\":\"Organization\",\"@id\":\"https:\/\/hobstop.ee\/lt\/#organization\",\"name\":\"Vunder AS\",\"url\":\"https:\/\/hobstop.ee\/lt\/\",\"logo\":{\"@type\":\"ImageObject\",\"inLanguage\":\"lt\",\"@id\":\"https:\/\/hobstop.ee\/lt\/#\/schema\/logo\/image\/\",\"url\":\"https:\/\/hobstop.ee\/media\/vunder-logo.png\",\"contentUrl\":\"https:\/\/hobstop.ee\/media\/vunder-logo.png\",\"width\":127,\"height\":55,\"caption\":\"Vunder AS\"},\"image\":{\"@id\":\"https:\/\/hobstop.ee\/lt\/#\/schema\/logo\/image\/\"},\"sameAs\":[\"http:\/\/www.facebook.com\/VunderSkizze\"]}]}<\/script>\n<!-- \/ Yoast SEO plugin. -->","yoast_head_json":{"title":"Polimerinis molis Cernit Opaline 250g &#8211; Skizze","robots":{"index":"noindex","follow":"follow","max-snippet":"max-snippet:-1","max-image-preview":"max-image-preview:large","max-video-preview":"max-video-preview:-1"},"og_locale":"lt_LT","og_type":"article","og_title":"Polimerinis molis Cernit Opaline 250g &#8211; Skizze","og_description":"Lengvas polimerinio molio \u201eCernit Opaline\u201c blizgesys j\u016bs\u0173 k\u016briniams suteiks keramikos dirbiniams b\u016bdingo skaidrumo! Lengvo skaidraus blizgesio polimerinis molis \u201eCernit Opaline\u201c puikiai tinka papuo\u0161alams, fig\u016br\u0117l\u0117ms ir dekoratyviniams daiktams gaminti. Polimerinis modeliavimo molis \u201eCernit\u201c sukiet\u0117ja kepant j\u012f 15\u201330 minu\u010di\u0173 iki 110\u2013130\u00b0C \u012fkaitintoje orkait\u0117je. Ko\u010diojama ir minkoma med\u017eiaga tampa plasti\u0161ka ir gerai formuojama \u012fvairiomis kryptimis. Galima tampyti kaip te\u0161l\u0105 ir vynioti kaip audin\u012f. Visos spalvos tarpusavyje yra mai\u0161omos ir tonuojamos, galima suteikti marmuro efekt\u0105 ir \u0161viesinti primai\u0161ant bespalvio ar balto priedo. I\u0161degtas tampa pana\u0161us \u012f porcelian\u0105 \u2013 itin tvirtas, j\u012f galima gr\u0119\u017eti ir \u0161lifuoti. Da\u017eymui galima naudoti akrilinius da\u017eus, dekoratyvinius miltelius ir lak\u0105. Puikiai tinka dekoratyviniams daiktams, pavyzd\u017eiui, papuo\u0161alams (auskarams, apyrank\u0117ms, pakabukams ir pan.), fig\u016br\u0117l\u0117ms, aksesuarams, maisto produkt\u0173 miniati\u016broms, gaminti, taip pat suteikti baldams individualumo arba naudoti baldams restauruoti.","og_url":"https:\/\/hobstop.ee\/lt\/produktas\/polimerinis-molis-cernit-opaline-250g\/","og_site_name":"Skizze","article_publisher":"http:\/\/www.facebook.com\/VunderSkizze","og_image":[{"width":1024,"height":768,"url":"https:\/\/hobstop.ee\/media\/4957.jpg","type":"image\/jpeg"}],"twitter_card":"summary_large_image","twitter_misc":{"Est. reading time":"1 minute"},"schema":{"@context":"https:\/\/schema.org","@graph":[{"@type":"WebPage","@id":"https:\/\/hobstop.ee\/lt\/produktas\/polimerinis-molis-cernit-opaline-250g\/","url":"https:\/\/hobstop.ee\/lt\/produktas\/polimerinis-molis-cernit-opaline-250g\/","name":"Polimerinis molis Cernit Opaline 250g &#8211; Skizze","isPartOf":{"@id":"https:\/\/hobstop.ee\/lt\/#website"},"primaryImageOfPage":{"@id":"https:\/\/hobstop.ee\/lt\/produktas\/polimerinis-molis-cernit-opaline-250g\/#primaryimage"},"image":{"@id":"https:\/\/hobstop.ee\/lt\/produktas\/polimerinis-molis-cernit-opaline-250g\/#primaryimage"},"thumbnailUrl":"https:\/\/hobstop.ee\/media\/4957.jpg","datePublished":"2019-05-23T13:12:32+00:00","dateModified":"2019-05-23T13:12:32+00:00","breadcrumb":{"@id":"https:\/\/hobstop.ee\/lt\/produktas\/polimerinis-molis-cernit-opaline-250g\/#breadcrumb"},"inLanguage":"lt","potentialAction":[{"@type":"ReadAction","target":["https:\/\/hobstop.ee\/lt\/produktas\/polimerinis-molis-cernit-opaline-250g\/"]}]},{"@type":"ImageObject","inLanguage":"lt","@id":"https:\/\/hobstop.ee\/lt\/produktas\/polimerinis-molis-cernit-opaline-250g\/#primaryimage","url":"https:\/\/hobstop.ee\/media\/4957.jpg","contentUrl":"https:\/\/hobstop.ee\/media\/4957.jpg","width":1024,"height":768},{"@type":"BreadcrumbList","@id":"https:\/\/hobstop.ee\/lt\/produktas\/polimerinis-molis-cernit-opaline-250g\/#breadcrumb","itemListElement":[{"@type":"ListItem","position":1,"name":"Avaleht","item":"https:\/\/hobstop.ee\/lt\/"},{"@type":"ListItem","position":2,"name":"Parduotuv\u0117","item":"https:\/\/hobstop.ee\/lt\/parduotuve\/"},{"@type":"ListItem","position":3,"name":"Polimerinis molis Cernit Opaline 250g"}]},{"@type":"WebSite","@id":"https:\/\/hobstop.ee\/lt\/#website","url":"https:\/\/hobstop.ee\/lt\/","name":"Skizze","description":"Dail\u0117s, pom\u0117gi\u0173 ir mokykliniai reikm\u0117nys","publisher":{"@id":"https:\/\/hobstop.ee\/lt\/#organization"},"potentialAction":[{"@type":"SearchAction","target":{"@type":"EntryPoint","urlTemplate":"https:\/\/hobstop.ee\/lt\/?s={search_term_string}"},"query-input":{"@type":"PropertyValueSpecification","valueRequired":true,"valueName":"search_term_string"}}],"inLanguage":"lt"},{"@type":"Organization","@id":"https:\/\/hobstop.ee\/lt\/#organization","name":"Vunder AS","url":"https:\/\/hobstop.ee\/lt\/","logo":{"@type":"ImageObject","inLanguage":"lt","@id":"https:\/\/hobstop.ee\/lt\/#\/schema\/logo\/image\/","url":"https:\/\/hobstop.ee\/media\/vunder-logo.png","contentUrl":"https:\/\/hobstop.ee\/media\/vunder-logo.png","width":127,"height":55,"caption":"Vunder AS"},"image":{"@id":"https:\/\/hobstop.ee\/lt\/#\/schema\/logo\/image\/"},"sameAs":["http:\/\/www.facebook.com\/VunderSkizze"]}]}},"_links":{"self":[{"href":"https:\/\/hobstop.ee\/lt\/wp-json\/wp\/v2\/product\/335216","targetHints":{"allow":["GET"]}}],"collection":[{"href":"https:\/\/hobstop.ee\/lt\/wp-json\/wp\/v2\/product"}],"about":[{"href":"https:\/\/hobstop.ee\/lt\/wp-json\/wp\/v2\/types\/product"}],"replies":[{"embeddable":true,"href":"https:\/\/hobstop.ee\/lt\/wp-json\/wp\/v2\/comments?post=335216"}],"wp:featuredmedia":[{"embeddable":true,"href":"https:\/\/hobstop.ee\/lt\/wp-json\/wp\/v2\/media\/352828"}],"wp:attachment":[{"href":"https:\/\/hobstop.ee\/lt\/wp-json\/wp\/v2\/media?parent=335216"}],"wp:term":[{"taxonomy":"product_cat","embeddable":true,"href":"https:\/\/hobstop.ee\/lt\/wp-json\/wp\/v2\/product_cat?post=335216"},{"taxonomy":"product_tag","embeddable":true,"href":"https:\/\/hobstop.ee\/lt\/wp-json\/wp\/v2\/product_tag?post=335216"}],"curies":[{"name":"wp","href":"https:\/\/api.w.org\/{rel}","templated":true}]}}