{"id":335236,"date":"2019-05-23T16:12:54","date_gmt":"2019-05-23T13:12:57","guid":{"rendered":"https:\/\/sharks.ee\/vunder_2019\/product\/polimerinio-molio-minkstiklis-cernit-magic-mix\/"},"modified":"2019-05-23T16:12:57","modified_gmt":"2019-05-23T13:12:57","slug":"polimerinio-molio-minkstiklis-cernit-magic-mix","status":"publish","type":"product","link":"https:\/\/hobstop.ee\/lt\/produktas\/polimerinio-molio-minkstiklis-cernit-magic-mix\/","title":{"rendered":"Polimerinio molio mink\u0161tiklis Cernit Magic Mix"},"content":{"rendered":"<p>Mink\u0161tiklis \u201eCernit Magic Mix\u201c yra tiesiog b\u016btinas dirbant su polimeriniu moliu \u201eCernit\u201c!  Skirtas mink\u0161tinti \u0161iek tiek sukiet\u0117jus\u012f mol\u012f. Jei pamir\u0161ote polimerin\u012f mol\u012f spintel\u0117s gale, jis sukrito gabalais ar sukiet\u0117jo, j\u012f lengvai atstatysite. Naudojant mink\u0161tikl\u012f \u201eMagic Mix\u201c, polimerinio molio i\u0161mesti nebereik\u0117s! Polimerinio molio plastifikatorius \u201eCernit Magic Mix\u201c. \u012e mol\u012f \u012fmai\u0161ykite \u0161iek tiek plastifikatoriaus, kol pasieksite norim\u0105 konsistencij\u0105. Naudokite su pasta konsistencijai atstatyti arba nor\u0117dami suteikti daugiau elastingumo moliui. Molis taps dar tampresnis! I\u0161keptas polimerinis molis tampa kietas tarsi akmuo. Nor\u0117dami sukurti \u201ekramtomosios gumos\u201c efekt\u0105, \u012f polimerin\u012f mol\u012f Cernit\u201c prid\u0117kite plastifikatoriaus \u201eMagic Mix\u201c; nor\u0117dami gauti skyst\u0105 polimerin\u012f mol\u012f, stebuklingo produkto prid\u0117kite daugiau. Atsiskleid\u017eia tiesiog neribotos galimyb\u0117s! Mink\u0161tinkl\u012f taip pat galima naudoti pir\u0161t\u0173 atspaudams nuo dirbini\u0173 pa\u0161alinti \u2013 tiesiog pavir\u0161i\u0173 \u0161velniai sutepkite plastifikatoriumi.<\/p>\n","protected":false},"excerpt":{"rendered":"<p>Mink\u0161tiklis \u201eCernit Magic Mix\u201c yra tiesiog b\u016btinas dirbant su polimeriniu moliu \u201eCernit\u201c! Skirtas mink\u0161tinti \u0161iek tiek sukiet\u0117jus\u012f mol\u012f. Jei pamir\u0161ote polimerin\u012f mol\u012f spintel\u0117s gale, jis sukrito gabalais ar sukiet\u0117jo, j\u012f lengvai atstatysite. Naudojant mink\u0161tikl\u012f \u201eMagic Mix\u201c, polimerinio molio i\u0161mesti nebereik\u0117s! Polimerinio molio plastifikatorius \u201eCernit Magic Mix\u201c. \u012e mol\u012f \u012fmai\u0161ykite \u0161iek tiek plastifikatoriaus, kol pasieksite norim\u0105 konsistencij\u0105. Naudokite su pasta konsistencijai atstatyti arba nor\u0117dami suteikti daugiau elastingumo moliui. Molis taps dar tampresnis! I\u0161keptas polimerinis molis tampa kietas tarsi akmuo. Nor\u0117dami sukurti \u201ekramtomosios gumos\u201c efekt\u0105, \u012f polimerin\u012f mol\u012f Cernit\u201c prid\u0117kite plastifikatoriaus \u201eMagic Mix\u201c; nor\u0117dami gauti skyst\u0105 polimerin\u012f mol\u012f, stebuklingo produkto prid\u0117kite daugiau. Atsiskleid\u017eia tiesiog neribotos galimyb\u0117s! Mink\u0161tinkl\u012f taip pat galima naudoti pir\u0161t\u0173 atspaudams nuo dirbini\u0173 pa\u0161alinti \u2013 tiesiog pavir\u0161i\u0173 \u0161velniai sutepkite plastifikatoriumi.<\/p>\n","protected":false},"featured_media":352844,"comment_status":"closed","ping_status":"closed","template":"","meta":{"_acf_changed":false,"ep_exclude_from_search":false},"product_cat":[20087,15010,17919],"product_tag":[],"class_list":{"0":"post-335236","1":"product","2":"type-product","3":"status-publish","4":"has-post-thumbnail","6":"product_cat-medziagos-ir-priemones-lipdymui","7":"product_cat-polimerinis-molis","8":"product_cat-pomegiu-prekes","10":"first","11":"instock","12":"taxable","13":"shipping-taxable","14":"product-type-simple"},"acf":[],"yoast_head":"<!-- This site is optimized with the Yoast SEO plugin v24.1 - https:\/\/yoast.com\/wordpress\/plugins\/seo\/ -->\n<title>Polimerinio molio mink\u0161tiklis Cernit Magic Mix &#8211; Skizze<\/title>\n<meta name=\"robots\" content=\"noindex, follow, max-snippet:-1, max-image-preview:large, max-video-preview:-1\" \/>\n<meta property=\"og:locale\" content=\"lt_LT\" \/>\n<meta property=\"og:type\" content=\"article\" \/>\n<meta property=\"og:title\" content=\"Polimerinio molio mink\u0161tiklis Cernit Magic Mix &#8211; Skizze\" \/>\n<meta property=\"og:description\" content=\"Mink\u0161tiklis \u201eCernit Magic Mix\u201c yra tiesiog b\u016btinas dirbant su polimeriniu moliu \u201eCernit\u201c! Skirtas mink\u0161tinti \u0161iek tiek sukiet\u0117jus\u012f mol\u012f. Jei pamir\u0161ote polimerin\u012f mol\u012f spintel\u0117s gale, jis sukrito gabalais ar sukiet\u0117jo, j\u012f lengvai atstatysite. Naudojant mink\u0161tikl\u012f \u201eMagic Mix\u201c, polimerinio molio i\u0161mesti nebereik\u0117s! Polimerinio molio plastifikatorius \u201eCernit Magic Mix\u201c. \u012e mol\u012f \u012fmai\u0161ykite \u0161iek tiek plastifikatoriaus, kol pasieksite norim\u0105 konsistencij\u0105. Naudokite su pasta konsistencijai atstatyti arba nor\u0117dami suteikti daugiau elastingumo moliui. Molis taps dar tampresnis! I\u0161keptas polimerinis molis tampa kietas tarsi akmuo. Nor\u0117dami sukurti \u201ekramtomosios gumos\u201c efekt\u0105, \u012f polimerin\u012f mol\u012f Cernit\u201c prid\u0117kite plastifikatoriaus \u201eMagic Mix\u201c; nor\u0117dami gauti skyst\u0105 polimerin\u012f mol\u012f, stebuklingo produkto prid\u0117kite daugiau. Atsiskleid\u017eia tiesiog neribotos galimyb\u0117s! Mink\u0161tinkl\u012f taip pat galima naudoti pir\u0161t\u0173 atspaudams nuo dirbini\u0173 pa\u0161alinti \u2013 tiesiog pavir\u0161i\u0173 \u0161velniai sutepkite plastifikatoriumi.\" \/>\n<meta property=\"og:url\" content=\"https:\/\/hobstop.ee\/lt\/produktas\/polimerinio-molio-minkstiklis-cernit-magic-mix\/\" \/>\n<meta property=\"og:site_name\" content=\"Skizze\" \/>\n<meta property=\"article:publisher\" content=\"http:\/\/www.facebook.com\/VunderSkizze\" \/>\n<meta property=\"og:image\" content=\"https:\/\/hobstop.ee\/media\/4963.jpg\" \/>\n\t<meta property=\"og:image:width\" content=\"1024\" \/>\n\t<meta property=\"og:image:height\" content=\"768\" \/>\n\t<meta property=\"og:image:type\" content=\"image\/jpeg\" \/>\n<meta name=\"twitter:card\" content=\"summary_large_image\" \/>\n<meta name=\"twitter:label1\" content=\"Est. reading time\" \/>\n\t<meta name=\"twitter:data1\" content=\"1 minute\" \/>\n<script type=\"application\/ld+json\" class=\"yoast-schema-graph\">{\"@context\":\"https:\/\/schema.org\",\"@graph\":[{\"@type\":\"WebPage\",\"@id\":\"https:\/\/hobstop.ee\/lt\/produktas\/polimerinio-molio-minkstiklis-cernit-magic-mix\/\",\"url\":\"https:\/\/hobstop.ee\/lt\/produktas\/polimerinio-molio-minkstiklis-cernit-magic-mix\/\",\"name\":\"Polimerinio molio mink\u0161tiklis Cernit Magic Mix &#8211; Skizze\",\"isPartOf\":{\"@id\":\"https:\/\/hobstop.ee\/lt\/#website\"},\"primaryImageOfPage\":{\"@id\":\"https:\/\/hobstop.ee\/lt\/produktas\/polimerinio-molio-minkstiklis-cernit-magic-mix\/#primaryimage\"},\"image\":{\"@id\":\"https:\/\/hobstop.ee\/lt\/produktas\/polimerinio-molio-minkstiklis-cernit-magic-mix\/#primaryimage\"},\"thumbnailUrl\":\"https:\/\/hobstop.ee\/media\/4963.jpg\",\"datePublished\":\"2019-05-23T13:12:57+00:00\",\"dateModified\":\"2019-05-23T13:12:57+00:00\",\"breadcrumb\":{\"@id\":\"https:\/\/hobstop.ee\/lt\/produktas\/polimerinio-molio-minkstiklis-cernit-magic-mix\/#breadcrumb\"},\"inLanguage\":\"lt\",\"potentialAction\":[{\"@type\":\"ReadAction\",\"target\":[\"https:\/\/hobstop.ee\/lt\/produktas\/polimerinio-molio-minkstiklis-cernit-magic-mix\/\"]}]},{\"@type\":\"ImageObject\",\"inLanguage\":\"lt\",\"@id\":\"https:\/\/hobstop.ee\/lt\/produktas\/polimerinio-molio-minkstiklis-cernit-magic-mix\/#primaryimage\",\"url\":\"https:\/\/hobstop.ee\/media\/4963.jpg\",\"contentUrl\":\"https:\/\/hobstop.ee\/media\/4963.jpg\",\"width\":1024,\"height\":768},{\"@type\":\"BreadcrumbList\",\"@id\":\"https:\/\/hobstop.ee\/lt\/produktas\/polimerinio-molio-minkstiklis-cernit-magic-mix\/#breadcrumb\",\"itemListElement\":[{\"@type\":\"ListItem\",\"position\":1,\"name\":\"Avaleht\",\"item\":\"https:\/\/hobstop.ee\/lt\/\"},{\"@type\":\"ListItem\",\"position\":2,\"name\":\"Parduotuv\u0117\",\"item\":\"https:\/\/hobstop.ee\/lt\/parduotuve\/\"},{\"@type\":\"ListItem\",\"position\":3,\"name\":\"Polimerinio molio mink\u0161tiklis Cernit Magic Mix\"}]},{\"@type\":\"WebSite\",\"@id\":\"https:\/\/hobstop.ee\/lt\/#website\",\"url\":\"https:\/\/hobstop.ee\/lt\/\",\"name\":\"Skizze\",\"description\":\"Dail\u0117s, pom\u0117gi\u0173 ir mokykliniai reikm\u0117nys\",\"publisher\":{\"@id\":\"https:\/\/hobstop.ee\/lt\/#organization\"},\"potentialAction\":[{\"@type\":\"SearchAction\",\"target\":{\"@type\":\"EntryPoint\",\"urlTemplate\":\"https:\/\/hobstop.ee\/lt\/?s={search_term_string}\"},\"query-input\":{\"@type\":\"PropertyValueSpecification\",\"valueRequired\":true,\"valueName\":\"search_term_string\"}}],\"inLanguage\":\"lt\"},{\"@type\":\"Organization\",\"@id\":\"https:\/\/hobstop.ee\/lt\/#organization\",\"name\":\"Vunder AS\",\"url\":\"https:\/\/hobstop.ee\/lt\/\",\"logo\":{\"@type\":\"ImageObject\",\"inLanguage\":\"lt\",\"@id\":\"https:\/\/hobstop.ee\/lt\/#\/schema\/logo\/image\/\",\"url\":\"https:\/\/hobstop.ee\/media\/vunder-logo.png\",\"contentUrl\":\"https:\/\/hobstop.ee\/media\/vunder-logo.png\",\"width\":127,\"height\":55,\"caption\":\"Vunder AS\"},\"image\":{\"@id\":\"https:\/\/hobstop.ee\/lt\/#\/schema\/logo\/image\/\"},\"sameAs\":[\"http:\/\/www.facebook.com\/VunderSkizze\"]}]}<\/script>\n<!-- \/ Yoast SEO plugin. -->","yoast_head_json":{"title":"Polimerinio molio mink\u0161tiklis Cernit Magic Mix &#8211; Skizze","robots":{"index":"noindex","follow":"follow","max-snippet":"max-snippet:-1","max-image-preview":"max-image-preview:large","max-video-preview":"max-video-preview:-1"},"og_locale":"lt_LT","og_type":"article","og_title":"Polimerinio molio mink\u0161tiklis Cernit Magic Mix &#8211; Skizze","og_description":"Mink\u0161tiklis \u201eCernit Magic Mix\u201c yra tiesiog b\u016btinas dirbant su polimeriniu moliu \u201eCernit\u201c! Skirtas mink\u0161tinti \u0161iek tiek sukiet\u0117jus\u012f mol\u012f. Jei pamir\u0161ote polimerin\u012f mol\u012f spintel\u0117s gale, jis sukrito gabalais ar sukiet\u0117jo, j\u012f lengvai atstatysite. Naudojant mink\u0161tikl\u012f \u201eMagic Mix\u201c, polimerinio molio i\u0161mesti nebereik\u0117s! Polimerinio molio plastifikatorius \u201eCernit Magic Mix\u201c. \u012e mol\u012f \u012fmai\u0161ykite \u0161iek tiek plastifikatoriaus, kol pasieksite norim\u0105 konsistencij\u0105. Naudokite su pasta konsistencijai atstatyti arba nor\u0117dami suteikti daugiau elastingumo moliui. Molis taps dar tampresnis! I\u0161keptas polimerinis molis tampa kietas tarsi akmuo. Nor\u0117dami sukurti \u201ekramtomosios gumos\u201c efekt\u0105, \u012f polimerin\u012f mol\u012f Cernit\u201c prid\u0117kite plastifikatoriaus \u201eMagic Mix\u201c; nor\u0117dami gauti skyst\u0105 polimerin\u012f mol\u012f, stebuklingo produkto prid\u0117kite daugiau. Atsiskleid\u017eia tiesiog neribotos galimyb\u0117s! Mink\u0161tinkl\u012f taip pat galima naudoti pir\u0161t\u0173 atspaudams nuo dirbini\u0173 pa\u0161alinti \u2013 tiesiog pavir\u0161i\u0173 \u0161velniai sutepkite plastifikatoriumi.","og_url":"https:\/\/hobstop.ee\/lt\/produktas\/polimerinio-molio-minkstiklis-cernit-magic-mix\/","og_site_name":"Skizze","article_publisher":"http:\/\/www.facebook.com\/VunderSkizze","og_image":[{"width":1024,"height":768,"url":"https:\/\/hobstop.ee\/media\/4963.jpg","type":"image\/jpeg"}],"twitter_card":"summary_large_image","twitter_misc":{"Est. reading time":"1 minute"},"schema":{"@context":"https:\/\/schema.org","@graph":[{"@type":"WebPage","@id":"https:\/\/hobstop.ee\/lt\/produktas\/polimerinio-molio-minkstiklis-cernit-magic-mix\/","url":"https:\/\/hobstop.ee\/lt\/produktas\/polimerinio-molio-minkstiklis-cernit-magic-mix\/","name":"Polimerinio molio mink\u0161tiklis Cernit Magic Mix &#8211; Skizze","isPartOf":{"@id":"https:\/\/hobstop.ee\/lt\/#website"},"primaryImageOfPage":{"@id":"https:\/\/hobstop.ee\/lt\/produktas\/polimerinio-molio-minkstiklis-cernit-magic-mix\/#primaryimage"},"image":{"@id":"https:\/\/hobstop.ee\/lt\/produktas\/polimerinio-molio-minkstiklis-cernit-magic-mix\/#primaryimage"},"thumbnailUrl":"https:\/\/hobstop.ee\/media\/4963.jpg","datePublished":"2019-05-23T13:12:57+00:00","dateModified":"2019-05-23T13:12:57+00:00","breadcrumb":{"@id":"https:\/\/hobstop.ee\/lt\/produktas\/polimerinio-molio-minkstiklis-cernit-magic-mix\/#breadcrumb"},"inLanguage":"lt","potentialAction":[{"@type":"ReadAction","target":["https:\/\/hobstop.ee\/lt\/produktas\/polimerinio-molio-minkstiklis-cernit-magic-mix\/"]}]},{"@type":"ImageObject","inLanguage":"lt","@id":"https:\/\/hobstop.ee\/lt\/produktas\/polimerinio-molio-minkstiklis-cernit-magic-mix\/#primaryimage","url":"https:\/\/hobstop.ee\/media\/4963.jpg","contentUrl":"https:\/\/hobstop.ee\/media\/4963.jpg","width":1024,"height":768},{"@type":"BreadcrumbList","@id":"https:\/\/hobstop.ee\/lt\/produktas\/polimerinio-molio-minkstiklis-cernit-magic-mix\/#breadcrumb","itemListElement":[{"@type":"ListItem","position":1,"name":"Avaleht","item":"https:\/\/hobstop.ee\/lt\/"},{"@type":"ListItem","position":2,"name":"Parduotuv\u0117","item":"https:\/\/hobstop.ee\/lt\/parduotuve\/"},{"@type":"ListItem","position":3,"name":"Polimerinio molio mink\u0161tiklis Cernit Magic Mix"}]},{"@type":"WebSite","@id":"https:\/\/hobstop.ee\/lt\/#website","url":"https:\/\/hobstop.ee\/lt\/","name":"Skizze","description":"Dail\u0117s, pom\u0117gi\u0173 ir mokykliniai reikm\u0117nys","publisher":{"@id":"https:\/\/hobstop.ee\/lt\/#organization"},"potentialAction":[{"@type":"SearchAction","target":{"@type":"EntryPoint","urlTemplate":"https:\/\/hobstop.ee\/lt\/?s={search_term_string}"},"query-input":{"@type":"PropertyValueSpecification","valueRequired":true,"valueName":"search_term_string"}}],"inLanguage":"lt"},{"@type":"Organization","@id":"https:\/\/hobstop.ee\/lt\/#organization","name":"Vunder AS","url":"https:\/\/hobstop.ee\/lt\/","logo":{"@type":"ImageObject","inLanguage":"lt","@id":"https:\/\/hobstop.ee\/lt\/#\/schema\/logo\/image\/","url":"https:\/\/hobstop.ee\/media\/vunder-logo.png","contentUrl":"https:\/\/hobstop.ee\/media\/vunder-logo.png","width":127,"height":55,"caption":"Vunder AS"},"image":{"@id":"https:\/\/hobstop.ee\/lt\/#\/schema\/logo\/image\/"},"sameAs":["http:\/\/www.facebook.com\/VunderSkizze"]}]}},"_links":{"self":[{"href":"https:\/\/hobstop.ee\/lt\/wp-json\/wp\/v2\/product\/335236","targetHints":{"allow":["GET"]}}],"collection":[{"href":"https:\/\/hobstop.ee\/lt\/wp-json\/wp\/v2\/product"}],"about":[{"href":"https:\/\/hobstop.ee\/lt\/wp-json\/wp\/v2\/types\/product"}],"replies":[{"embeddable":true,"href":"https:\/\/hobstop.ee\/lt\/wp-json\/wp\/v2\/comments?post=335236"}],"wp:featuredmedia":[{"embeddable":true,"href":"https:\/\/hobstop.ee\/lt\/wp-json\/wp\/v2\/media\/352844"}],"wp:attachment":[{"href":"https:\/\/hobstop.ee\/lt\/wp-json\/wp\/v2\/media?parent=335236"}],"wp:term":[{"taxonomy":"product_cat","embeddable":true,"href":"https:\/\/hobstop.ee\/lt\/wp-json\/wp\/v2\/product_cat?post=335236"},{"taxonomy":"product_tag","embeddable":true,"href":"https:\/\/hobstop.ee\/lt\/wp-json\/wp\/v2\/product_tag?post=335236"}],"curies":[{"name":"wp","href":"https:\/\/api.w.org\/{rel}","templated":true}]}}