{"id":335240,"date":"2019-05-23T16:12:59","date_gmt":"2019-05-23T13:13:03","guid":{"rendered":"https:\/\/sharks.ee\/vunder_2019\/product\/torseras-daylight-duolamp-led\/"},"modified":"2019-05-23T16:13:03","modified_gmt":"2019-05-23T13:13:03","slug":"torseras-daylight-duolamp-led","status":"publish","type":"product","link":"https:\/\/hobstop.ee\/lt\/produktas\/torseras-daylight-duolamp-led\/","title":{"rendered":"Tor\u0161eras Daylight DuoLamp LED"},"content":{"rendered":"<p>\u0160iuolaikinio dizaino ir eleganti\u0161kos apdailos grak\u0161tus ir lankstus grind\u0173 \u0161viestuvas. Du nepriklausomai reguliuojami \u0161viestuvo gaubtai leid\u017eia ap\u0161viesti labai didel\u012f plot\u0105 arba intensyvi\u0105 \u0161vies\u0105 ma\u017eame plote. Lanks\u010dia rankena galima nukreipti \u0161viesos sraut\u0105 tiksliai ten, kur jums jo reikia, o 56 auk\u0161tos kokyb\u0117s ry\u0161k\u016bs \u0161viesos diodai ap\u0161vie\u010dia nei\u0161kreipdami spalv\u0173. \u0160viestuve \u012ftaisytas jutiklinis \u0161viesos ry\u0161kumo reguliatorius su 4 \u0161viesos ry\u0161kumo lygiais. Idealiai tinka men\u0173 ir amat\u0173 m\u0117g\u0117jams, skaityti arba naudoti gro\u017eio salonuose.<\/p>\n<p>\u0160viesos \u0161altinis: LED<br \/>\nLemput\u0117s ry\u0161kumas: 2090 liuks\u0173 (30cm atstumu)<br \/>\n\u0160viesos spalvin\u0117 temperat\u016bra: 6000\u00b0K<br \/>\nElektros suvartojimas: 10W<\/p>\n","protected":false},"excerpt":{"rendered":"<p>\u0160iuolaikinio dizaino ir eleganti\u0161kos apdailos grak\u0161tus ir lankstus grind\u0173 \u0161viestuvas. Du nepriklausomai reguliuojami \u0161viestuvo gaubtai leid\u017eia ap\u0161viesti labai didel\u012f plot\u0105 arba intensyvi\u0105 \u0161vies\u0105 ma\u017eame plote. Lanks\u010dia rankena galima nukreipti \u0161viesos sraut\u0105 tiksliai ten, kur jums jo reikia, o 56 auk\u0161tos kokyb\u0117s ry\u0161k\u016bs \u0161viesos diodai ap\u0161vie\u010dia nei\u0161kreipdami spalv\u0173. \u0160viestuve \u012ftaisytas jutiklinis \u0161viesos ry\u0161kumo reguliatorius su 4 \u0161viesos ry\u0161kumo lygiais. Idealiai tinka men\u0173 ir amat\u0173 m\u0117g\u0117jams, skaityti arba naudoti gro\u017eio salonuose. \u0160viesos \u0161altinis: LED Lemput\u0117s ry\u0161kumas: 2090 liuks\u0173 (30cm atstumu) \u0160viesos spalvin\u0117 temperat\u016bra: 6000\u00b0K Elektros suvartojimas: 10W<\/p>\n","protected":false},"featured_media":352708,"comment_status":"closed","ping_status":"closed","template":"","meta":{"_acf_changed":false,"ep_exclude_from_search":false},"product_cat":[18799,19703],"product_tag":[],"class_list":{"0":"post-335240","1":"product","2":"type-product","3":"status-publish","4":"has-post-thumbnail","6":"product_cat-sviestuvai-2","7":"product_cat-torserai-2","9":"first","10":"instock","11":"taxable","12":"shipping-taxable","13":"product-type-simple"},"acf":[],"yoast_head":"<!-- This site is optimized with the Yoast SEO plugin v24.1 - https:\/\/yoast.com\/wordpress\/plugins\/seo\/ -->\n<title>Tor\u0161eras Daylight DuoLamp LED &#8211; Skizze<\/title>\n<meta name=\"robots\" content=\"noindex, follow, max-snippet:-1, max-image-preview:large, max-video-preview:-1\" \/>\n<meta property=\"og:locale\" content=\"lt_LT\" \/>\n<meta property=\"og:type\" content=\"article\" \/>\n<meta property=\"og:title\" content=\"Tor\u0161eras Daylight DuoLamp LED &#8211; Skizze\" \/>\n<meta property=\"og:description\" content=\"\u0160iuolaikinio dizaino ir eleganti\u0161kos apdailos grak\u0161tus ir lankstus grind\u0173 \u0161viestuvas. Du nepriklausomai reguliuojami \u0161viestuvo gaubtai leid\u017eia ap\u0161viesti labai didel\u012f plot\u0105 arba intensyvi\u0105 \u0161vies\u0105 ma\u017eame plote. Lanks\u010dia rankena galima nukreipti \u0161viesos sraut\u0105 tiksliai ten, kur jums jo reikia, o 56 auk\u0161tos kokyb\u0117s ry\u0161k\u016bs \u0161viesos diodai ap\u0161vie\u010dia nei\u0161kreipdami spalv\u0173. \u0160viestuve \u012ftaisytas jutiklinis \u0161viesos ry\u0161kumo reguliatorius su 4 \u0161viesos ry\u0161kumo lygiais. Idealiai tinka men\u0173 ir amat\u0173 m\u0117g\u0117jams, skaityti arba naudoti gro\u017eio salonuose. \u0160viesos \u0161altinis: LED Lemput\u0117s ry\u0161kumas: 2090 liuks\u0173 (30cm atstumu) \u0160viesos spalvin\u0117 temperat\u016bra: 6000\u00b0K Elektros suvartojimas: 10W\" \/>\n<meta property=\"og:url\" content=\"https:\/\/hobstop.ee\/lt\/produktas\/torseras-daylight-duolamp-led\/\" \/>\n<meta property=\"og:site_name\" content=\"Skizze\" \/>\n<meta property=\"article:publisher\" content=\"http:\/\/www.facebook.com\/VunderSkizze\" \/>\n<meta property=\"og:image\" content=\"https:\/\/hobstop.ee\/media\/4964.jpg\" \/>\n\t<meta property=\"og:image:width\" content=\"1024\" \/>\n\t<meta property=\"og:image:height\" content=\"768\" \/>\n\t<meta property=\"og:image:type\" content=\"image\/jpeg\" \/>\n<meta name=\"twitter:card\" content=\"summary_large_image\" \/>\n<meta name=\"twitter:label1\" content=\"Est. reading time\" \/>\n\t<meta name=\"twitter:data1\" content=\"1 minute\" \/>\n<script type=\"application\/ld+json\" class=\"yoast-schema-graph\">{\"@context\":\"https:\/\/schema.org\",\"@graph\":[{\"@type\":\"WebPage\",\"@id\":\"https:\/\/hobstop.ee\/lt\/produktas\/torseras-daylight-duolamp-led\/\",\"url\":\"https:\/\/hobstop.ee\/lt\/produktas\/torseras-daylight-duolamp-led\/\",\"name\":\"Tor\u0161eras Daylight DuoLamp LED &#8211; Skizze\",\"isPartOf\":{\"@id\":\"https:\/\/hobstop.ee\/lt\/#website\"},\"primaryImageOfPage\":{\"@id\":\"https:\/\/hobstop.ee\/lt\/produktas\/torseras-daylight-duolamp-led\/#primaryimage\"},\"image\":{\"@id\":\"https:\/\/hobstop.ee\/lt\/produktas\/torseras-daylight-duolamp-led\/#primaryimage\"},\"thumbnailUrl\":\"https:\/\/hobstop.ee\/media\/4964.jpg\",\"datePublished\":\"2019-05-23T13:13:03+00:00\",\"dateModified\":\"2019-05-23T13:13:03+00:00\",\"breadcrumb\":{\"@id\":\"https:\/\/hobstop.ee\/lt\/produktas\/torseras-daylight-duolamp-led\/#breadcrumb\"},\"inLanguage\":\"lt\",\"potentialAction\":[{\"@type\":\"ReadAction\",\"target\":[\"https:\/\/hobstop.ee\/lt\/produktas\/torseras-daylight-duolamp-led\/\"]}]},{\"@type\":\"ImageObject\",\"inLanguage\":\"lt\",\"@id\":\"https:\/\/hobstop.ee\/lt\/produktas\/torseras-daylight-duolamp-led\/#primaryimage\",\"url\":\"https:\/\/hobstop.ee\/media\/4964.jpg\",\"contentUrl\":\"https:\/\/hobstop.ee\/media\/4964.jpg\",\"width\":1024,\"height\":768},{\"@type\":\"BreadcrumbList\",\"@id\":\"https:\/\/hobstop.ee\/lt\/produktas\/torseras-daylight-duolamp-led\/#breadcrumb\",\"itemListElement\":[{\"@type\":\"ListItem\",\"position\":1,\"name\":\"Avaleht\",\"item\":\"https:\/\/hobstop.ee\/lt\/\"},{\"@type\":\"ListItem\",\"position\":2,\"name\":\"Parduotuv\u0117\",\"item\":\"https:\/\/hobstop.ee\/lt\/parduotuve\/\"},{\"@type\":\"ListItem\",\"position\":3,\"name\":\"Tor\u0161eras Daylight DuoLamp LED\"}]},{\"@type\":\"WebSite\",\"@id\":\"https:\/\/hobstop.ee\/lt\/#website\",\"url\":\"https:\/\/hobstop.ee\/lt\/\",\"name\":\"Skizze\",\"description\":\"Dail\u0117s, pom\u0117gi\u0173 ir mokykliniai reikm\u0117nys\",\"publisher\":{\"@id\":\"https:\/\/hobstop.ee\/lt\/#organization\"},\"potentialAction\":[{\"@type\":\"SearchAction\",\"target\":{\"@type\":\"EntryPoint\",\"urlTemplate\":\"https:\/\/hobstop.ee\/lt\/?s={search_term_string}\"},\"query-input\":{\"@type\":\"PropertyValueSpecification\",\"valueRequired\":true,\"valueName\":\"search_term_string\"}}],\"inLanguage\":\"lt\"},{\"@type\":\"Organization\",\"@id\":\"https:\/\/hobstop.ee\/lt\/#organization\",\"name\":\"Vunder AS\",\"url\":\"https:\/\/hobstop.ee\/lt\/\",\"logo\":{\"@type\":\"ImageObject\",\"inLanguage\":\"lt\",\"@id\":\"https:\/\/hobstop.ee\/lt\/#\/schema\/logo\/image\/\",\"url\":\"https:\/\/hobstop.ee\/media\/vunder-logo.png\",\"contentUrl\":\"https:\/\/hobstop.ee\/media\/vunder-logo.png\",\"width\":127,\"height\":55,\"caption\":\"Vunder AS\"},\"image\":{\"@id\":\"https:\/\/hobstop.ee\/lt\/#\/schema\/logo\/image\/\"},\"sameAs\":[\"http:\/\/www.facebook.com\/VunderSkizze\"]}]}<\/script>\n<!-- \/ Yoast SEO plugin. -->","yoast_head_json":{"title":"Tor\u0161eras Daylight DuoLamp LED &#8211; Skizze","robots":{"index":"noindex","follow":"follow","max-snippet":"max-snippet:-1","max-image-preview":"max-image-preview:large","max-video-preview":"max-video-preview:-1"},"og_locale":"lt_LT","og_type":"article","og_title":"Tor\u0161eras Daylight DuoLamp LED &#8211; Skizze","og_description":"\u0160iuolaikinio dizaino ir eleganti\u0161kos apdailos grak\u0161tus ir lankstus grind\u0173 \u0161viestuvas. Du nepriklausomai reguliuojami \u0161viestuvo gaubtai leid\u017eia ap\u0161viesti labai didel\u012f plot\u0105 arba intensyvi\u0105 \u0161vies\u0105 ma\u017eame plote. Lanks\u010dia rankena galima nukreipti \u0161viesos sraut\u0105 tiksliai ten, kur jums jo reikia, o 56 auk\u0161tos kokyb\u0117s ry\u0161k\u016bs \u0161viesos diodai ap\u0161vie\u010dia nei\u0161kreipdami spalv\u0173. \u0160viestuve \u012ftaisytas jutiklinis \u0161viesos ry\u0161kumo reguliatorius su 4 \u0161viesos ry\u0161kumo lygiais. Idealiai tinka men\u0173 ir amat\u0173 m\u0117g\u0117jams, skaityti arba naudoti gro\u017eio salonuose. \u0160viesos \u0161altinis: LED Lemput\u0117s ry\u0161kumas: 2090 liuks\u0173 (30cm atstumu) \u0160viesos spalvin\u0117 temperat\u016bra: 6000\u00b0K Elektros suvartojimas: 10W","og_url":"https:\/\/hobstop.ee\/lt\/produktas\/torseras-daylight-duolamp-led\/","og_site_name":"Skizze","article_publisher":"http:\/\/www.facebook.com\/VunderSkizze","og_image":[{"width":1024,"height":768,"url":"https:\/\/hobstop.ee\/media\/4964.jpg","type":"image\/jpeg"}],"twitter_card":"summary_large_image","twitter_misc":{"Est. reading time":"1 minute"},"schema":{"@context":"https:\/\/schema.org","@graph":[{"@type":"WebPage","@id":"https:\/\/hobstop.ee\/lt\/produktas\/torseras-daylight-duolamp-led\/","url":"https:\/\/hobstop.ee\/lt\/produktas\/torseras-daylight-duolamp-led\/","name":"Tor\u0161eras Daylight DuoLamp LED &#8211; Skizze","isPartOf":{"@id":"https:\/\/hobstop.ee\/lt\/#website"},"primaryImageOfPage":{"@id":"https:\/\/hobstop.ee\/lt\/produktas\/torseras-daylight-duolamp-led\/#primaryimage"},"image":{"@id":"https:\/\/hobstop.ee\/lt\/produktas\/torseras-daylight-duolamp-led\/#primaryimage"},"thumbnailUrl":"https:\/\/hobstop.ee\/media\/4964.jpg","datePublished":"2019-05-23T13:13:03+00:00","dateModified":"2019-05-23T13:13:03+00:00","breadcrumb":{"@id":"https:\/\/hobstop.ee\/lt\/produktas\/torseras-daylight-duolamp-led\/#breadcrumb"},"inLanguage":"lt","potentialAction":[{"@type":"ReadAction","target":["https:\/\/hobstop.ee\/lt\/produktas\/torseras-daylight-duolamp-led\/"]}]},{"@type":"ImageObject","inLanguage":"lt","@id":"https:\/\/hobstop.ee\/lt\/produktas\/torseras-daylight-duolamp-led\/#primaryimage","url":"https:\/\/hobstop.ee\/media\/4964.jpg","contentUrl":"https:\/\/hobstop.ee\/media\/4964.jpg","width":1024,"height":768},{"@type":"BreadcrumbList","@id":"https:\/\/hobstop.ee\/lt\/produktas\/torseras-daylight-duolamp-led\/#breadcrumb","itemListElement":[{"@type":"ListItem","position":1,"name":"Avaleht","item":"https:\/\/hobstop.ee\/lt\/"},{"@type":"ListItem","position":2,"name":"Parduotuv\u0117","item":"https:\/\/hobstop.ee\/lt\/parduotuve\/"},{"@type":"ListItem","position":3,"name":"Tor\u0161eras Daylight DuoLamp LED"}]},{"@type":"WebSite","@id":"https:\/\/hobstop.ee\/lt\/#website","url":"https:\/\/hobstop.ee\/lt\/","name":"Skizze","description":"Dail\u0117s, pom\u0117gi\u0173 ir mokykliniai reikm\u0117nys","publisher":{"@id":"https:\/\/hobstop.ee\/lt\/#organization"},"potentialAction":[{"@type":"SearchAction","target":{"@type":"EntryPoint","urlTemplate":"https:\/\/hobstop.ee\/lt\/?s={search_term_string}"},"query-input":{"@type":"PropertyValueSpecification","valueRequired":true,"valueName":"search_term_string"}}],"inLanguage":"lt"},{"@type":"Organization","@id":"https:\/\/hobstop.ee\/lt\/#organization","name":"Vunder AS","url":"https:\/\/hobstop.ee\/lt\/","logo":{"@type":"ImageObject","inLanguage":"lt","@id":"https:\/\/hobstop.ee\/lt\/#\/schema\/logo\/image\/","url":"https:\/\/hobstop.ee\/media\/vunder-logo.png","contentUrl":"https:\/\/hobstop.ee\/media\/vunder-logo.png","width":127,"height":55,"caption":"Vunder AS"},"image":{"@id":"https:\/\/hobstop.ee\/lt\/#\/schema\/logo\/image\/"},"sameAs":["http:\/\/www.facebook.com\/VunderSkizze"]}]}},"_links":{"self":[{"href":"https:\/\/hobstop.ee\/lt\/wp-json\/wp\/v2\/product\/335240","targetHints":{"allow":["GET"]}}],"collection":[{"href":"https:\/\/hobstop.ee\/lt\/wp-json\/wp\/v2\/product"}],"about":[{"href":"https:\/\/hobstop.ee\/lt\/wp-json\/wp\/v2\/types\/product"}],"replies":[{"embeddable":true,"href":"https:\/\/hobstop.ee\/lt\/wp-json\/wp\/v2\/comments?post=335240"}],"wp:featuredmedia":[{"embeddable":true,"href":"https:\/\/hobstop.ee\/lt\/wp-json\/wp\/v2\/media\/352708"}],"wp:attachment":[{"href":"https:\/\/hobstop.ee\/lt\/wp-json\/wp\/v2\/media?parent=335240"}],"wp:term":[{"taxonomy":"product_cat","embeddable":true,"href":"https:\/\/hobstop.ee\/lt\/wp-json\/wp\/v2\/product_cat?post=335240"},{"taxonomy":"product_tag","embeddable":true,"href":"https:\/\/hobstop.ee\/lt\/wp-json\/wp\/v2\/product_tag?post=335240"}],"curies":[{"name":"wp","href":"https:\/\/api.w.org\/{rel}","templated":true}]}}