{"id":335260,"date":"2019-05-23T16:13:25","date_gmt":"2019-05-23T13:13:28","guid":{"rendered":"https:\/\/sharks.ee\/vunder_2019\/product\/prijuoste-maped-colorpeps-early-age\/"},"modified":"2019-05-23T16:13:28","modified_gmt":"2019-05-23T13:13:28","slug":"prijuoste-maped-colorpeps-early-age","status":"publish","type":"product","link":"https:\/\/hobstop.ee\/lt\/produktas\/prijuoste-maped-colorpeps-early-age\/","title":{"rendered":"Prijuost\u0117 Maped Color&#8217;Peps Early Age"},"content":{"rendered":"<p>\u201eMaped Color\u2019Peps Early Age\u201c vaiki\u0161ka prijuost\u0117 yra tiesiog b\u016btina pirmosios k\u016brybin\u0117s veiklos metu! Lengvai u\u017esegama nugaroje esan\u010diu kabliuku ir kilpa. \u201eMaped Color&#8217;Peps Early Age\u201c prijuost\u0117 turi ilgas, elastingas rankoves, pasi\u016bta i\u0161 lengvai skalbiamos mink\u0161tos ir vandeniui atsparios med\u017eiagos. Tinka vaikams nuo 18 m\u0117nesi\u0173 iki 5 met\u0173 am\u017eiaus (nuo 82 iki 110 cm).<\/p>\n","protected":false},"excerpt":{"rendered":"<p>\u201eMaped Color\u2019Peps Early Age\u201c vaiki\u0161ka prijuost\u0117 yra tiesiog b\u016btina pirmosios k\u016brybin\u0117s veiklos metu! Lengvai u\u017esegama nugaroje esan\u010diu kabliuku ir kilpa. \u201eMaped Color&#8217;Peps Early Age\u201c prijuost\u0117 turi ilgas, elastingas rankoves, pasi\u016bta i\u0161 lengvai skalbiamos mink\u0161tos ir vandeniui atsparios med\u017eiagos. Tinka vaikams nuo 18 m\u0117nesi\u0173 iki 5 met\u0173 am\u017eiaus (nuo 82 iki 110 cm).<\/p>\n","protected":false},"featured_media":353024,"comment_status":"closed","ping_status":"closed","template":"","meta":{"_acf_changed":false,"ep_exclude_from_search":false},"product_cat":[18708,235,18926],"product_tag":[],"class_list":{"0":"post-335260","1":"product","2":"type-product","3":"status-publish","4":"has-post-thumbnail","6":"product_cat-ivairus-10","7":"product_cat-mokyklines-prekes","8":"product_cat-tapymo-priemones","10":"first","11":"instock","12":"taxable","13":"shipping-taxable","14":"product-type-simple"},"acf":[],"yoast_head":"<!-- This site is optimized with the Yoast SEO plugin v24.1 - https:\/\/yoast.com\/wordpress\/plugins\/seo\/ -->\n<title>Prijuost\u0117 Maped Color&#039;Peps Early Age &#8211; Skizze<\/title>\n<meta name=\"robots\" content=\"noindex, follow, max-snippet:-1, max-image-preview:large, max-video-preview:-1\" \/>\n<meta property=\"og:locale\" content=\"lt_LT\" \/>\n<meta property=\"og:type\" content=\"article\" \/>\n<meta property=\"og:title\" content=\"Prijuost\u0117 Maped Color&#039;Peps Early Age &#8211; Skizze\" \/>\n<meta property=\"og:description\" content=\"\u201eMaped Color\u2019Peps Early Age\u201c vaiki\u0161ka prijuost\u0117 yra tiesiog b\u016btina pirmosios k\u016brybin\u0117s veiklos metu! Lengvai u\u017esegama nugaroje esan\u010diu kabliuku ir kilpa. \u201eMaped Color&#8217;Peps Early Age\u201c prijuost\u0117 turi ilgas, elastingas rankoves, pasi\u016bta i\u0161 lengvai skalbiamos mink\u0161tos ir vandeniui atsparios med\u017eiagos. Tinka vaikams nuo 18 m\u0117nesi\u0173 iki 5 met\u0173 am\u017eiaus (nuo 82 iki 110 cm).\" \/>\n<meta property=\"og:url\" content=\"https:\/\/hobstop.ee\/lt\/produktas\/prijuoste-maped-colorpeps-early-age\/\" \/>\n<meta property=\"og:site_name\" content=\"Skizze\" \/>\n<meta property=\"article:publisher\" content=\"http:\/\/www.facebook.com\/VunderSkizze\" \/>\n<meta property=\"og:image\" content=\"https:\/\/hobstop.ee\/media\/4970.jpg\" \/>\n\t<meta property=\"og:image:width\" content=\"1024\" \/>\n\t<meta property=\"og:image:height\" content=\"768\" \/>\n\t<meta property=\"og:image:type\" content=\"image\/jpeg\" \/>\n<meta name=\"twitter:card\" content=\"summary_large_image\" \/>\n<script type=\"application\/ld+json\" class=\"yoast-schema-graph\">{\"@context\":\"https:\/\/schema.org\",\"@graph\":[{\"@type\":\"WebPage\",\"@id\":\"https:\/\/hobstop.ee\/lt\/produktas\/prijuoste-maped-colorpeps-early-age\/\",\"url\":\"https:\/\/hobstop.ee\/lt\/produktas\/prijuoste-maped-colorpeps-early-age\/\",\"name\":\"Prijuost\u0117 Maped Color'Peps Early Age &#8211; Skizze\",\"isPartOf\":{\"@id\":\"https:\/\/hobstop.ee\/lt\/#website\"},\"primaryImageOfPage\":{\"@id\":\"https:\/\/hobstop.ee\/lt\/produktas\/prijuoste-maped-colorpeps-early-age\/#primaryimage\"},\"image\":{\"@id\":\"https:\/\/hobstop.ee\/lt\/produktas\/prijuoste-maped-colorpeps-early-age\/#primaryimage\"},\"thumbnailUrl\":\"https:\/\/hobstop.ee\/media\/4970.jpg\",\"datePublished\":\"2019-05-23T13:13:28+00:00\",\"dateModified\":\"2019-05-23T13:13:28+00:00\",\"breadcrumb\":{\"@id\":\"https:\/\/hobstop.ee\/lt\/produktas\/prijuoste-maped-colorpeps-early-age\/#breadcrumb\"},\"inLanguage\":\"lt\",\"potentialAction\":[{\"@type\":\"ReadAction\",\"target\":[\"https:\/\/hobstop.ee\/lt\/produktas\/prijuoste-maped-colorpeps-early-age\/\"]}]},{\"@type\":\"ImageObject\",\"inLanguage\":\"lt\",\"@id\":\"https:\/\/hobstop.ee\/lt\/produktas\/prijuoste-maped-colorpeps-early-age\/#primaryimage\",\"url\":\"https:\/\/hobstop.ee\/media\/4970.jpg\",\"contentUrl\":\"https:\/\/hobstop.ee\/media\/4970.jpg\",\"width\":1024,\"height\":768},{\"@type\":\"BreadcrumbList\",\"@id\":\"https:\/\/hobstop.ee\/lt\/produktas\/prijuoste-maped-colorpeps-early-age\/#breadcrumb\",\"itemListElement\":[{\"@type\":\"ListItem\",\"position\":1,\"name\":\"Avaleht\",\"item\":\"https:\/\/hobstop.ee\/lt\/\"},{\"@type\":\"ListItem\",\"position\":2,\"name\":\"Parduotuv\u0117\",\"item\":\"https:\/\/hobstop.ee\/lt\/parduotuve\/\"},{\"@type\":\"ListItem\",\"position\":3,\"name\":\"Prijuost\u0117 Maped Color&#8217;Peps Early Age\"}]},{\"@type\":\"WebSite\",\"@id\":\"https:\/\/hobstop.ee\/lt\/#website\",\"url\":\"https:\/\/hobstop.ee\/lt\/\",\"name\":\"Skizze\",\"description\":\"Dail\u0117s, pom\u0117gi\u0173 ir mokykliniai reikm\u0117nys\",\"publisher\":{\"@id\":\"https:\/\/hobstop.ee\/lt\/#organization\"},\"potentialAction\":[{\"@type\":\"SearchAction\",\"target\":{\"@type\":\"EntryPoint\",\"urlTemplate\":\"https:\/\/hobstop.ee\/lt\/?s={search_term_string}\"},\"query-input\":{\"@type\":\"PropertyValueSpecification\",\"valueRequired\":true,\"valueName\":\"search_term_string\"}}],\"inLanguage\":\"lt\"},{\"@type\":\"Organization\",\"@id\":\"https:\/\/hobstop.ee\/lt\/#organization\",\"name\":\"Vunder AS\",\"url\":\"https:\/\/hobstop.ee\/lt\/\",\"logo\":{\"@type\":\"ImageObject\",\"inLanguage\":\"lt\",\"@id\":\"https:\/\/hobstop.ee\/lt\/#\/schema\/logo\/image\/\",\"url\":\"https:\/\/hobstop.ee\/media\/vunder-logo.png\",\"contentUrl\":\"https:\/\/hobstop.ee\/media\/vunder-logo.png\",\"width\":127,\"height\":55,\"caption\":\"Vunder AS\"},\"image\":{\"@id\":\"https:\/\/hobstop.ee\/lt\/#\/schema\/logo\/image\/\"},\"sameAs\":[\"http:\/\/www.facebook.com\/VunderSkizze\"]}]}<\/script>\n<!-- \/ Yoast SEO plugin. -->","yoast_head_json":{"title":"Prijuost\u0117 Maped Color'Peps Early Age &#8211; Skizze","robots":{"index":"noindex","follow":"follow","max-snippet":"max-snippet:-1","max-image-preview":"max-image-preview:large","max-video-preview":"max-video-preview:-1"},"og_locale":"lt_LT","og_type":"article","og_title":"Prijuost\u0117 Maped Color'Peps Early Age &#8211; Skizze","og_description":"\u201eMaped Color\u2019Peps Early Age\u201c vaiki\u0161ka prijuost\u0117 yra tiesiog b\u016btina pirmosios k\u016brybin\u0117s veiklos metu! Lengvai u\u017esegama nugaroje esan\u010diu kabliuku ir kilpa. \u201eMaped Color&#8217;Peps Early Age\u201c prijuost\u0117 turi ilgas, elastingas rankoves, pasi\u016bta i\u0161 lengvai skalbiamos mink\u0161tos ir vandeniui atsparios med\u017eiagos. Tinka vaikams nuo 18 m\u0117nesi\u0173 iki 5 met\u0173 am\u017eiaus (nuo 82 iki 110 cm).","og_url":"https:\/\/hobstop.ee\/lt\/produktas\/prijuoste-maped-colorpeps-early-age\/","og_site_name":"Skizze","article_publisher":"http:\/\/www.facebook.com\/VunderSkizze","og_image":[{"width":1024,"height":768,"url":"https:\/\/hobstop.ee\/media\/4970.jpg","type":"image\/jpeg"}],"twitter_card":"summary_large_image","schema":{"@context":"https:\/\/schema.org","@graph":[{"@type":"WebPage","@id":"https:\/\/hobstop.ee\/lt\/produktas\/prijuoste-maped-colorpeps-early-age\/","url":"https:\/\/hobstop.ee\/lt\/produktas\/prijuoste-maped-colorpeps-early-age\/","name":"Prijuost\u0117 Maped Color'Peps Early Age &#8211; Skizze","isPartOf":{"@id":"https:\/\/hobstop.ee\/lt\/#website"},"primaryImageOfPage":{"@id":"https:\/\/hobstop.ee\/lt\/produktas\/prijuoste-maped-colorpeps-early-age\/#primaryimage"},"image":{"@id":"https:\/\/hobstop.ee\/lt\/produktas\/prijuoste-maped-colorpeps-early-age\/#primaryimage"},"thumbnailUrl":"https:\/\/hobstop.ee\/media\/4970.jpg","datePublished":"2019-05-23T13:13:28+00:00","dateModified":"2019-05-23T13:13:28+00:00","breadcrumb":{"@id":"https:\/\/hobstop.ee\/lt\/produktas\/prijuoste-maped-colorpeps-early-age\/#breadcrumb"},"inLanguage":"lt","potentialAction":[{"@type":"ReadAction","target":["https:\/\/hobstop.ee\/lt\/produktas\/prijuoste-maped-colorpeps-early-age\/"]}]},{"@type":"ImageObject","inLanguage":"lt","@id":"https:\/\/hobstop.ee\/lt\/produktas\/prijuoste-maped-colorpeps-early-age\/#primaryimage","url":"https:\/\/hobstop.ee\/media\/4970.jpg","contentUrl":"https:\/\/hobstop.ee\/media\/4970.jpg","width":1024,"height":768},{"@type":"BreadcrumbList","@id":"https:\/\/hobstop.ee\/lt\/produktas\/prijuoste-maped-colorpeps-early-age\/#breadcrumb","itemListElement":[{"@type":"ListItem","position":1,"name":"Avaleht","item":"https:\/\/hobstop.ee\/lt\/"},{"@type":"ListItem","position":2,"name":"Parduotuv\u0117","item":"https:\/\/hobstop.ee\/lt\/parduotuve\/"},{"@type":"ListItem","position":3,"name":"Prijuost\u0117 Maped Color&#8217;Peps Early Age"}]},{"@type":"WebSite","@id":"https:\/\/hobstop.ee\/lt\/#website","url":"https:\/\/hobstop.ee\/lt\/","name":"Skizze","description":"Dail\u0117s, pom\u0117gi\u0173 ir mokykliniai reikm\u0117nys","publisher":{"@id":"https:\/\/hobstop.ee\/lt\/#organization"},"potentialAction":[{"@type":"SearchAction","target":{"@type":"EntryPoint","urlTemplate":"https:\/\/hobstop.ee\/lt\/?s={search_term_string}"},"query-input":{"@type":"PropertyValueSpecification","valueRequired":true,"valueName":"search_term_string"}}],"inLanguage":"lt"},{"@type":"Organization","@id":"https:\/\/hobstop.ee\/lt\/#organization","name":"Vunder AS","url":"https:\/\/hobstop.ee\/lt\/","logo":{"@type":"ImageObject","inLanguage":"lt","@id":"https:\/\/hobstop.ee\/lt\/#\/schema\/logo\/image\/","url":"https:\/\/hobstop.ee\/media\/vunder-logo.png","contentUrl":"https:\/\/hobstop.ee\/media\/vunder-logo.png","width":127,"height":55,"caption":"Vunder AS"},"image":{"@id":"https:\/\/hobstop.ee\/lt\/#\/schema\/logo\/image\/"},"sameAs":["http:\/\/www.facebook.com\/VunderSkizze"]}]}},"_links":{"self":[{"href":"https:\/\/hobstop.ee\/lt\/wp-json\/wp\/v2\/product\/335260","targetHints":{"allow":["GET"]}}],"collection":[{"href":"https:\/\/hobstop.ee\/lt\/wp-json\/wp\/v2\/product"}],"about":[{"href":"https:\/\/hobstop.ee\/lt\/wp-json\/wp\/v2\/types\/product"}],"replies":[{"embeddable":true,"href":"https:\/\/hobstop.ee\/lt\/wp-json\/wp\/v2\/comments?post=335260"}],"wp:featuredmedia":[{"embeddable":true,"href":"https:\/\/hobstop.ee\/lt\/wp-json\/wp\/v2\/media\/353024"}],"wp:attachment":[{"href":"https:\/\/hobstop.ee\/lt\/wp-json\/wp\/v2\/media?parent=335260"}],"wp:term":[{"taxonomy":"product_cat","embeddable":true,"href":"https:\/\/hobstop.ee\/lt\/wp-json\/wp\/v2\/product_cat?post=335260"},{"taxonomy":"product_tag","embeddable":true,"href":"https:\/\/hobstop.ee\/lt\/wp-json\/wp\/v2\/product_tag?post=335260"}],"curies":[{"name":"wp","href":"https:\/\/api.w.org\/{rel}","templated":true}]}}