{"id":335272,"date":"2019-05-23T16:13:40","date_gmt":"2019-05-23T13:13:44","guid":{"rendered":"https:\/\/sharks.ee\/vunder_2019\/product\/tusinukas-istrinamas-fineliner-pilot-frixion\/"},"modified":"2019-05-23T16:13:44","modified_gmt":"2019-05-23T13:13:44","slug":"tusinukas-istrinamas-fineliner-pilot-frixion","status":"publish","type":"product","link":"https:\/\/hobstop.ee\/lt\/produktas\/tusinukas-istrinamas-fineliner-pilot-frixion\/","title":{"rendered":"Tu\u0161inukas i\u0161trinamas fineliner Pilot Frixion"},"content":{"rendered":"<p>I\u0161saugokite tik tai, kas geriausia, i\u0161trinkite ko nereikia! Ra\u0161ykite, trinkite, kartokite! Naudojant trinam\u0105j\u012f ra\u0161ikl\u012f \u201ePilot FriXion Fineliner\u201c, jums niekada daugiau nebeprireiks nieko i\u0161braukti. Nauju skland\u017eiai ra\u0161an\u010diu ra\u0161ikliu \u201ePilot FriXion Fineliner\u201c su i\u0161trinamu ra\u0161alu vienodai lengvai ir tiksliai u\u017era\u0161ysite tekst\u0105, nupie\u0161ite eskiz\u0105 arba nubrai\u017eysite br\u0117\u017ein\u012f. Ketinate iliustruoti, apmesti ir planuoti savo mintis naujiems kuriamiems projektams ir id\u0117joms? Spalvomis i\u0161ry\u0161kinti pastabas ir svarbesnes mintis? Organizuoti savo kasdien\u012f gyvenim\u0105 savitame asmeniniame dienora\u0161tyje? Ra\u0161iklis \u201ePilot FriXion Fineliner\u201c praturtins ir papuo\u0161 j\u016bs\u0173 u\u017era\u0161us. Juo galima i\u0161trinti u\u017era\u0161us ir dvejones, kai id\u0117jos tampa nesuvaldomos, kad gal\u0117tum\u0117te i\u0161saugoti tik pa\u010dias geriausias savo mintis. D\u0117l i\u0161trinamo ra\u0161alo \u201ePilot FriXion\u201c ra\u0161ikliai negali b\u016bti naudojami para\u0161ams, teisiniams dokumentams, egzaminams ar kitiems i\u0161liekam\u0105j\u0105 vert\u0119 turintiems dokumentams.<\/p>\n","protected":false},"excerpt":{"rendered":"<p>I\u0161saugokite tik tai, kas geriausia, i\u0161trinkite ko nereikia! Ra\u0161ykite, trinkite, kartokite! Naudojant trinam\u0105j\u012f ra\u0161ikl\u012f \u201ePilot FriXion Fineliner\u201c, jums niekada daugiau nebeprireiks nieko i\u0161braukti. Nauju skland\u017eiai ra\u0161an\u010diu ra\u0161ikliu \u201ePilot FriXion Fineliner\u201c su i\u0161trinamu ra\u0161alu vienodai lengvai ir tiksliai u\u017era\u0161ysite tekst\u0105, nupie\u0161ite eskiz\u0105 arba nubrai\u017eysite br\u0117\u017ein\u012f. Ketinate iliustruoti, apmesti ir planuoti savo mintis naujiems kuriamiems projektams ir id\u0117joms? Spalvomis i\u0161ry\u0161kinti pastabas ir svarbesnes mintis? Organizuoti savo kasdien\u012f gyvenim\u0105 savitame asmeniniame dienora\u0161tyje? Ra\u0161iklis \u201ePilot FriXion Fineliner\u201c praturtins ir papuo\u0161 j\u016bs\u0173 u\u017era\u0161us. Juo galima i\u0161trinti u\u017era\u0161us ir dvejones, kai id\u0117jos tampa nesuvaldomos, kad gal\u0117tum\u0117te i\u0161saugoti tik pa\u010dias geriausias savo mintis. D\u0117l i\u0161trinamo ra\u0161alo \u201ePilot FriXion\u201c ra\u0161ikliai negali b\u016bti naudojami para\u0161ams, teisiniams dokumentams, egzaminams ar kitiems i\u0161liekam\u0105j\u0105 vert\u0119 turintiems dokumentams.<\/p>\n","protected":false},"featured_media":352872,"comment_status":"closed","ping_status":"closed","template":"","meta":{"_acf_changed":false,"ep_exclude_from_search":false},"product_cat":[17042,19696],"product_tag":[],"class_list":{"0":"post-335272","1":"product","2":"type-product","3":"status-publish","4":"has-post-thumbnail","6":"product_cat-rasymo-priemones-2","7":"product_cat-sratinukai","9":"first","10":"instock","11":"taxable","12":"shipping-taxable","13":"product-type-simple"},"acf":[],"yoast_head":"<!-- This site is optimized with the Yoast SEO plugin v24.1 - https:\/\/yoast.com\/wordpress\/plugins\/seo\/ -->\n<title>Tu\u0161inukas i\u0161trinamas fineliner Pilot Frixion &#8211; Skizze<\/title>\n<meta name=\"robots\" content=\"noindex, follow, max-snippet:-1, max-image-preview:large, max-video-preview:-1\" \/>\n<meta property=\"og:locale\" content=\"lt_LT\" \/>\n<meta property=\"og:type\" content=\"article\" \/>\n<meta property=\"og:title\" content=\"Tu\u0161inukas i\u0161trinamas fineliner Pilot Frixion &#8211; Skizze\" \/>\n<meta property=\"og:description\" content=\"I\u0161saugokite tik tai, kas geriausia, i\u0161trinkite ko nereikia! Ra\u0161ykite, trinkite, kartokite! Naudojant trinam\u0105j\u012f ra\u0161ikl\u012f \u201ePilot FriXion Fineliner\u201c, jums niekada daugiau nebeprireiks nieko i\u0161braukti. Nauju skland\u017eiai ra\u0161an\u010diu ra\u0161ikliu \u201ePilot FriXion Fineliner\u201c su i\u0161trinamu ra\u0161alu vienodai lengvai ir tiksliai u\u017era\u0161ysite tekst\u0105, nupie\u0161ite eskiz\u0105 arba nubrai\u017eysite br\u0117\u017ein\u012f. Ketinate iliustruoti, apmesti ir planuoti savo mintis naujiems kuriamiems projektams ir id\u0117joms? Spalvomis i\u0161ry\u0161kinti pastabas ir svarbesnes mintis? Organizuoti savo kasdien\u012f gyvenim\u0105 savitame asmeniniame dienora\u0161tyje? Ra\u0161iklis \u201ePilot FriXion Fineliner\u201c praturtins ir papuo\u0161 j\u016bs\u0173 u\u017era\u0161us. Juo galima i\u0161trinti u\u017era\u0161us ir dvejones, kai id\u0117jos tampa nesuvaldomos, kad gal\u0117tum\u0117te i\u0161saugoti tik pa\u010dias geriausias savo mintis. D\u0117l i\u0161trinamo ra\u0161alo \u201ePilot FriXion\u201c ra\u0161ikliai negali b\u016bti naudojami para\u0161ams, teisiniams dokumentams, egzaminams ar kitiems i\u0161liekam\u0105j\u0105 vert\u0119 turintiems dokumentams.\" \/>\n<meta property=\"og:url\" content=\"https:\/\/hobstop.ee\/lt\/produktas\/tusinukas-istrinamas-fineliner-pilot-frixion\/\" \/>\n<meta property=\"og:site_name\" content=\"Skizze\" \/>\n<meta property=\"article:publisher\" content=\"http:\/\/www.facebook.com\/VunderSkizze\" \/>\n<meta property=\"og:image\" content=\"https:\/\/hobstop.ee\/media\/4977.jpg\" \/>\n\t<meta property=\"og:image:width\" content=\"1024\" \/>\n\t<meta property=\"og:image:height\" content=\"768\" \/>\n\t<meta property=\"og:image:type\" content=\"image\/jpeg\" \/>\n<meta name=\"twitter:card\" content=\"summary_large_image\" \/>\n<meta name=\"twitter:label1\" content=\"Est. reading time\" \/>\n\t<meta name=\"twitter:data1\" content=\"1 minute\" \/>\n<script type=\"application\/ld+json\" class=\"yoast-schema-graph\">{\"@context\":\"https:\/\/schema.org\",\"@graph\":[{\"@type\":\"WebPage\",\"@id\":\"https:\/\/hobstop.ee\/lt\/produktas\/tusinukas-istrinamas-fineliner-pilot-frixion\/\",\"url\":\"https:\/\/hobstop.ee\/lt\/produktas\/tusinukas-istrinamas-fineliner-pilot-frixion\/\",\"name\":\"Tu\u0161inukas i\u0161trinamas fineliner Pilot Frixion &#8211; Skizze\",\"isPartOf\":{\"@id\":\"https:\/\/hobstop.ee\/lt\/#website\"},\"primaryImageOfPage\":{\"@id\":\"https:\/\/hobstop.ee\/lt\/produktas\/tusinukas-istrinamas-fineliner-pilot-frixion\/#primaryimage\"},\"image\":{\"@id\":\"https:\/\/hobstop.ee\/lt\/produktas\/tusinukas-istrinamas-fineliner-pilot-frixion\/#primaryimage\"},\"thumbnailUrl\":\"https:\/\/hobstop.ee\/media\/4977.jpg\",\"datePublished\":\"2019-05-23T13:13:44+00:00\",\"dateModified\":\"2019-05-23T13:13:44+00:00\",\"breadcrumb\":{\"@id\":\"https:\/\/hobstop.ee\/lt\/produktas\/tusinukas-istrinamas-fineliner-pilot-frixion\/#breadcrumb\"},\"inLanguage\":\"lt\",\"potentialAction\":[{\"@type\":\"ReadAction\",\"target\":[\"https:\/\/hobstop.ee\/lt\/produktas\/tusinukas-istrinamas-fineliner-pilot-frixion\/\"]}]},{\"@type\":\"ImageObject\",\"inLanguage\":\"lt\",\"@id\":\"https:\/\/hobstop.ee\/lt\/produktas\/tusinukas-istrinamas-fineliner-pilot-frixion\/#primaryimage\",\"url\":\"https:\/\/hobstop.ee\/media\/4977.jpg\",\"contentUrl\":\"https:\/\/hobstop.ee\/media\/4977.jpg\",\"width\":1024,\"height\":768},{\"@type\":\"BreadcrumbList\",\"@id\":\"https:\/\/hobstop.ee\/lt\/produktas\/tusinukas-istrinamas-fineliner-pilot-frixion\/#breadcrumb\",\"itemListElement\":[{\"@type\":\"ListItem\",\"position\":1,\"name\":\"Avaleht\",\"item\":\"https:\/\/hobstop.ee\/lt\/\"},{\"@type\":\"ListItem\",\"position\":2,\"name\":\"Parduotuv\u0117\",\"item\":\"https:\/\/hobstop.ee\/lt\/parduotuve\/\"},{\"@type\":\"ListItem\",\"position\":3,\"name\":\"Tu\u0161inukas i\u0161trinamas fineliner Pilot Frixion\"}]},{\"@type\":\"WebSite\",\"@id\":\"https:\/\/hobstop.ee\/lt\/#website\",\"url\":\"https:\/\/hobstop.ee\/lt\/\",\"name\":\"Skizze\",\"description\":\"Dail\u0117s, pom\u0117gi\u0173 ir mokykliniai reikm\u0117nys\",\"publisher\":{\"@id\":\"https:\/\/hobstop.ee\/lt\/#organization\"},\"potentialAction\":[{\"@type\":\"SearchAction\",\"target\":{\"@type\":\"EntryPoint\",\"urlTemplate\":\"https:\/\/hobstop.ee\/lt\/?s={search_term_string}\"},\"query-input\":{\"@type\":\"PropertyValueSpecification\",\"valueRequired\":true,\"valueName\":\"search_term_string\"}}],\"inLanguage\":\"lt\"},{\"@type\":\"Organization\",\"@id\":\"https:\/\/hobstop.ee\/lt\/#organization\",\"name\":\"Vunder AS\",\"url\":\"https:\/\/hobstop.ee\/lt\/\",\"logo\":{\"@type\":\"ImageObject\",\"inLanguage\":\"lt\",\"@id\":\"https:\/\/hobstop.ee\/lt\/#\/schema\/logo\/image\/\",\"url\":\"https:\/\/hobstop.ee\/media\/vunder-logo.png\",\"contentUrl\":\"https:\/\/hobstop.ee\/media\/vunder-logo.png\",\"width\":127,\"height\":55,\"caption\":\"Vunder AS\"},\"image\":{\"@id\":\"https:\/\/hobstop.ee\/lt\/#\/schema\/logo\/image\/\"},\"sameAs\":[\"http:\/\/www.facebook.com\/VunderSkizze\"]}]}<\/script>\n<!-- \/ Yoast SEO plugin. -->","yoast_head_json":{"title":"Tu\u0161inukas i\u0161trinamas fineliner Pilot Frixion &#8211; Skizze","robots":{"index":"noindex","follow":"follow","max-snippet":"max-snippet:-1","max-image-preview":"max-image-preview:large","max-video-preview":"max-video-preview:-1"},"og_locale":"lt_LT","og_type":"article","og_title":"Tu\u0161inukas i\u0161trinamas fineliner Pilot Frixion &#8211; Skizze","og_description":"I\u0161saugokite tik tai, kas geriausia, i\u0161trinkite ko nereikia! Ra\u0161ykite, trinkite, kartokite! Naudojant trinam\u0105j\u012f ra\u0161ikl\u012f \u201ePilot FriXion Fineliner\u201c, jums niekada daugiau nebeprireiks nieko i\u0161braukti. Nauju skland\u017eiai ra\u0161an\u010diu ra\u0161ikliu \u201ePilot FriXion Fineliner\u201c su i\u0161trinamu ra\u0161alu vienodai lengvai ir tiksliai u\u017era\u0161ysite tekst\u0105, nupie\u0161ite eskiz\u0105 arba nubrai\u017eysite br\u0117\u017ein\u012f. Ketinate iliustruoti, apmesti ir planuoti savo mintis naujiems kuriamiems projektams ir id\u0117joms? Spalvomis i\u0161ry\u0161kinti pastabas ir svarbesnes mintis? Organizuoti savo kasdien\u012f gyvenim\u0105 savitame asmeniniame dienora\u0161tyje? Ra\u0161iklis \u201ePilot FriXion Fineliner\u201c praturtins ir papuo\u0161 j\u016bs\u0173 u\u017era\u0161us. Juo galima i\u0161trinti u\u017era\u0161us ir dvejones, kai id\u0117jos tampa nesuvaldomos, kad gal\u0117tum\u0117te i\u0161saugoti tik pa\u010dias geriausias savo mintis. D\u0117l i\u0161trinamo ra\u0161alo \u201ePilot FriXion\u201c ra\u0161ikliai negali b\u016bti naudojami para\u0161ams, teisiniams dokumentams, egzaminams ar kitiems i\u0161liekam\u0105j\u0105 vert\u0119 turintiems dokumentams.","og_url":"https:\/\/hobstop.ee\/lt\/produktas\/tusinukas-istrinamas-fineliner-pilot-frixion\/","og_site_name":"Skizze","article_publisher":"http:\/\/www.facebook.com\/VunderSkizze","og_image":[{"width":1024,"height":768,"url":"https:\/\/hobstop.ee\/media\/4977.jpg","type":"image\/jpeg"}],"twitter_card":"summary_large_image","twitter_misc":{"Est. reading time":"1 minute"},"schema":{"@context":"https:\/\/schema.org","@graph":[{"@type":"WebPage","@id":"https:\/\/hobstop.ee\/lt\/produktas\/tusinukas-istrinamas-fineliner-pilot-frixion\/","url":"https:\/\/hobstop.ee\/lt\/produktas\/tusinukas-istrinamas-fineliner-pilot-frixion\/","name":"Tu\u0161inukas i\u0161trinamas fineliner Pilot Frixion &#8211; Skizze","isPartOf":{"@id":"https:\/\/hobstop.ee\/lt\/#website"},"primaryImageOfPage":{"@id":"https:\/\/hobstop.ee\/lt\/produktas\/tusinukas-istrinamas-fineliner-pilot-frixion\/#primaryimage"},"image":{"@id":"https:\/\/hobstop.ee\/lt\/produktas\/tusinukas-istrinamas-fineliner-pilot-frixion\/#primaryimage"},"thumbnailUrl":"https:\/\/hobstop.ee\/media\/4977.jpg","datePublished":"2019-05-23T13:13:44+00:00","dateModified":"2019-05-23T13:13:44+00:00","breadcrumb":{"@id":"https:\/\/hobstop.ee\/lt\/produktas\/tusinukas-istrinamas-fineliner-pilot-frixion\/#breadcrumb"},"inLanguage":"lt","potentialAction":[{"@type":"ReadAction","target":["https:\/\/hobstop.ee\/lt\/produktas\/tusinukas-istrinamas-fineliner-pilot-frixion\/"]}]},{"@type":"ImageObject","inLanguage":"lt","@id":"https:\/\/hobstop.ee\/lt\/produktas\/tusinukas-istrinamas-fineliner-pilot-frixion\/#primaryimage","url":"https:\/\/hobstop.ee\/media\/4977.jpg","contentUrl":"https:\/\/hobstop.ee\/media\/4977.jpg","width":1024,"height":768},{"@type":"BreadcrumbList","@id":"https:\/\/hobstop.ee\/lt\/produktas\/tusinukas-istrinamas-fineliner-pilot-frixion\/#breadcrumb","itemListElement":[{"@type":"ListItem","position":1,"name":"Avaleht","item":"https:\/\/hobstop.ee\/lt\/"},{"@type":"ListItem","position":2,"name":"Parduotuv\u0117","item":"https:\/\/hobstop.ee\/lt\/parduotuve\/"},{"@type":"ListItem","position":3,"name":"Tu\u0161inukas i\u0161trinamas fineliner Pilot Frixion"}]},{"@type":"WebSite","@id":"https:\/\/hobstop.ee\/lt\/#website","url":"https:\/\/hobstop.ee\/lt\/","name":"Skizze","description":"Dail\u0117s, pom\u0117gi\u0173 ir mokykliniai reikm\u0117nys","publisher":{"@id":"https:\/\/hobstop.ee\/lt\/#organization"},"potentialAction":[{"@type":"SearchAction","target":{"@type":"EntryPoint","urlTemplate":"https:\/\/hobstop.ee\/lt\/?s={search_term_string}"},"query-input":{"@type":"PropertyValueSpecification","valueRequired":true,"valueName":"search_term_string"}}],"inLanguage":"lt"},{"@type":"Organization","@id":"https:\/\/hobstop.ee\/lt\/#organization","name":"Vunder AS","url":"https:\/\/hobstop.ee\/lt\/","logo":{"@type":"ImageObject","inLanguage":"lt","@id":"https:\/\/hobstop.ee\/lt\/#\/schema\/logo\/image\/","url":"https:\/\/hobstop.ee\/media\/vunder-logo.png","contentUrl":"https:\/\/hobstop.ee\/media\/vunder-logo.png","width":127,"height":55,"caption":"Vunder AS"},"image":{"@id":"https:\/\/hobstop.ee\/lt\/#\/schema\/logo\/image\/"},"sameAs":["http:\/\/www.facebook.com\/VunderSkizze"]}]}},"_links":{"self":[{"href":"https:\/\/hobstop.ee\/lt\/wp-json\/wp\/v2\/product\/335272","targetHints":{"allow":["GET"]}}],"collection":[{"href":"https:\/\/hobstop.ee\/lt\/wp-json\/wp\/v2\/product"}],"about":[{"href":"https:\/\/hobstop.ee\/lt\/wp-json\/wp\/v2\/types\/product"}],"replies":[{"embeddable":true,"href":"https:\/\/hobstop.ee\/lt\/wp-json\/wp\/v2\/comments?post=335272"}],"wp:featuredmedia":[{"embeddable":true,"href":"https:\/\/hobstop.ee\/lt\/wp-json\/wp\/v2\/media\/352872"}],"wp:attachment":[{"href":"https:\/\/hobstop.ee\/lt\/wp-json\/wp\/v2\/media?parent=335272"}],"wp:term":[{"taxonomy":"product_cat","embeddable":true,"href":"https:\/\/hobstop.ee\/lt\/wp-json\/wp\/v2\/product_cat?post=335272"},{"taxonomy":"product_tag","embeddable":true,"href":"https:\/\/hobstop.ee\/lt\/wp-json\/wp\/v2\/product_tag?post=335272"}],"curies":[{"name":"wp","href":"https:\/\/api.w.org\/{rel}","templated":true}]}}