{"id":335284,"date":"2019-05-23T16:13:55","date_gmt":"2019-05-23T13:13:59","guid":{"rendered":"https:\/\/sharks.ee\/vunder_2019\/product\/meistravimo-komplektas-maped-creativ-early-age\/"},"modified":"2019-05-23T16:13:59","modified_gmt":"2019-05-23T13:13:59","slug":"meistravimo-komplektas-maped-creativ-early-age","status":"publish","type":"product","link":"https:\/\/hobstop.ee\/lt\/produktas\/meistravimo-komplektas-maped-creativ-early-age\/","title":{"rendered":"Meistravimo komplektas Maped Creativ Early Age"},"content":{"rendered":"<p>Sukurkite linksm\u0105 ir spalving\u0105 kloun\u0105 ir savo kambaryje \u012frenkite cirk\u0105! 3D ma\u017e\u0173 vaik\u0173 kambario dekoravimo rinkinys.<\/p>\n<p>Veiklos apra\u0161as:<br \/>\n1) Nuspalvokite savo kloun\u0105 su vaiki\u0161kais pie\u0161tukais ir priklijuokite lipdukus ant cirko skelbimo.<br \/>\n2) Pasikvieskite t\u0117vus ir kartu surinkite kloun\u0105.<br \/>\n3) \u017daiskite su savo cirku!<\/p>\n<p>Rinkinyje yra:<br \/>\n6 vaiki\u0161ki pie\u0161tukai<br \/>\n100 vaiki\u0161k\u0173 lipduk\u0173<br \/>\nCirko plakatas<br \/>\nKartoninis klounas<br \/>\nPlastikinis lagaminas<\/p>\n","protected":false},"excerpt":{"rendered":"<p>Sukurkite linksm\u0105 ir spalving\u0105 kloun\u0105 ir savo kambaryje \u012frenkite cirk\u0105! 3D ma\u017e\u0173 vaik\u0173 kambario dekoravimo rinkinys. Veiklos apra\u0161as: 1) Nuspalvokite savo kloun\u0105 su vaiki\u0161kais pie\u0161tukais ir priklijuokite lipdukus ant cirko skelbimo. 2) Pasikvieskite t\u0117vus ir kartu surinkite kloun\u0105. 3) \u017daiskite su savo cirku! Rinkinyje yra: 6 vaiki\u0161ki pie\u0161tukai 100 vaiki\u0161k\u0173 lipduk\u0173 Cirko plakatas Kartoninis klounas Plastikinis lagaminas<\/p>\n","protected":false},"featured_media":0,"comment_status":"closed","ping_status":"closed","template":"","meta":{"_acf_changed":false,"ep_exclude_from_search":false},"product_cat":[20387,20393,19836],"product_tag":[],"class_list":{"0":"post-335284","1":"product","2":"type-product","3":"status-publish","5":"product_cat-rankdarbiai-2","6":"product_cat-rankdarbiu-rinkiniai","7":"product_cat-vaiku-laisvalaikio-prekes","9":"first","10":"instock","11":"taxable","12":"shipping-taxable","13":"product-type-simple"},"acf":[],"yoast_head":"<!-- This site is optimized with the Yoast SEO plugin v24.1 - https:\/\/yoast.com\/wordpress\/plugins\/seo\/ -->\n<title>Meistravimo komplektas Maped Creativ Early Age &#8211; Skizze<\/title>\n<meta name=\"robots\" content=\"noindex, follow, max-snippet:-1, max-image-preview:large, max-video-preview:-1\" \/>\n<meta property=\"og:locale\" content=\"lt_LT\" \/>\n<meta property=\"og:type\" content=\"article\" \/>\n<meta property=\"og:title\" content=\"Meistravimo komplektas Maped Creativ Early Age &#8211; Skizze\" \/>\n<meta property=\"og:description\" content=\"Sukurkite linksm\u0105 ir spalving\u0105 kloun\u0105 ir savo kambaryje \u012frenkite cirk\u0105! 3D ma\u017e\u0173 vaik\u0173 kambario dekoravimo rinkinys. Veiklos apra\u0161as: 1) Nuspalvokite savo kloun\u0105 su vaiki\u0161kais pie\u0161tukais ir priklijuokite lipdukus ant cirko skelbimo. 2) Pasikvieskite t\u0117vus ir kartu surinkite kloun\u0105. 3) \u017daiskite su savo cirku! Rinkinyje yra: 6 vaiki\u0161ki pie\u0161tukai 100 vaiki\u0161k\u0173 lipduk\u0173 Cirko plakatas Kartoninis klounas Plastikinis lagaminas\" \/>\n<meta property=\"og:url\" content=\"https:\/\/hobstop.ee\/lt\/produktas\/meistravimo-komplektas-maped-creativ-early-age\/\" \/>\n<meta property=\"og:site_name\" content=\"Skizze\" \/>\n<meta property=\"article:publisher\" content=\"http:\/\/www.facebook.com\/VunderSkizze\" \/>\n<meta name=\"twitter:card\" content=\"summary_large_image\" \/>\n<script type=\"application\/ld+json\" class=\"yoast-schema-graph\">{\"@context\":\"https:\/\/schema.org\",\"@graph\":[{\"@type\":\"WebPage\",\"@id\":\"https:\/\/hobstop.ee\/lt\/produktas\/meistravimo-komplektas-maped-creativ-early-age\/\",\"url\":\"https:\/\/hobstop.ee\/lt\/produktas\/meistravimo-komplektas-maped-creativ-early-age\/\",\"name\":\"Meistravimo komplektas Maped Creativ Early Age &#8211; Skizze\",\"isPartOf\":{\"@id\":\"https:\/\/hobstop.ee\/lt\/#website\"},\"datePublished\":\"2019-05-23T13:13:59+00:00\",\"dateModified\":\"2019-05-23T13:13:59+00:00\",\"breadcrumb\":{\"@id\":\"https:\/\/hobstop.ee\/lt\/produktas\/meistravimo-komplektas-maped-creativ-early-age\/#breadcrumb\"},\"inLanguage\":\"lt\",\"potentialAction\":[{\"@type\":\"ReadAction\",\"target\":[\"https:\/\/hobstop.ee\/lt\/produktas\/meistravimo-komplektas-maped-creativ-early-age\/\"]}]},{\"@type\":\"BreadcrumbList\",\"@id\":\"https:\/\/hobstop.ee\/lt\/produktas\/meistravimo-komplektas-maped-creativ-early-age\/#breadcrumb\",\"itemListElement\":[{\"@type\":\"ListItem\",\"position\":1,\"name\":\"Avaleht\",\"item\":\"https:\/\/hobstop.ee\/lt\/\"},{\"@type\":\"ListItem\",\"position\":2,\"name\":\"Parduotuv\u0117\",\"item\":\"https:\/\/hobstop.ee\/lt\/parduotuve\/\"},{\"@type\":\"ListItem\",\"position\":3,\"name\":\"Meistravimo komplektas Maped Creativ Early Age\"}]},{\"@type\":\"WebSite\",\"@id\":\"https:\/\/hobstop.ee\/lt\/#website\",\"url\":\"https:\/\/hobstop.ee\/lt\/\",\"name\":\"Skizze\",\"description\":\"Dail\u0117s, pom\u0117gi\u0173 ir mokykliniai reikm\u0117nys\",\"publisher\":{\"@id\":\"https:\/\/hobstop.ee\/lt\/#organization\"},\"potentialAction\":[{\"@type\":\"SearchAction\",\"target\":{\"@type\":\"EntryPoint\",\"urlTemplate\":\"https:\/\/hobstop.ee\/lt\/?s={search_term_string}\"},\"query-input\":{\"@type\":\"PropertyValueSpecification\",\"valueRequired\":true,\"valueName\":\"search_term_string\"}}],\"inLanguage\":\"lt\"},{\"@type\":\"Organization\",\"@id\":\"https:\/\/hobstop.ee\/lt\/#organization\",\"name\":\"Vunder AS\",\"url\":\"https:\/\/hobstop.ee\/lt\/\",\"logo\":{\"@type\":\"ImageObject\",\"inLanguage\":\"lt\",\"@id\":\"https:\/\/hobstop.ee\/lt\/#\/schema\/logo\/image\/\",\"url\":\"https:\/\/hobstop.ee\/media\/vunder-logo.png\",\"contentUrl\":\"https:\/\/hobstop.ee\/media\/vunder-logo.png\",\"width\":127,\"height\":55,\"caption\":\"Vunder AS\"},\"image\":{\"@id\":\"https:\/\/hobstop.ee\/lt\/#\/schema\/logo\/image\/\"},\"sameAs\":[\"http:\/\/www.facebook.com\/VunderSkizze\"]}]}<\/script>\n<!-- \/ Yoast SEO plugin. -->","yoast_head_json":{"title":"Meistravimo komplektas Maped Creativ Early Age &#8211; Skizze","robots":{"index":"noindex","follow":"follow","max-snippet":"max-snippet:-1","max-image-preview":"max-image-preview:large","max-video-preview":"max-video-preview:-1"},"og_locale":"lt_LT","og_type":"article","og_title":"Meistravimo komplektas Maped Creativ Early Age &#8211; Skizze","og_description":"Sukurkite linksm\u0105 ir spalving\u0105 kloun\u0105 ir savo kambaryje \u012frenkite cirk\u0105! 3D ma\u017e\u0173 vaik\u0173 kambario dekoravimo rinkinys. Veiklos apra\u0161as: 1) Nuspalvokite savo kloun\u0105 su vaiki\u0161kais pie\u0161tukais ir priklijuokite lipdukus ant cirko skelbimo. 2) Pasikvieskite t\u0117vus ir kartu surinkite kloun\u0105. 3) \u017daiskite su savo cirku! Rinkinyje yra: 6 vaiki\u0161ki pie\u0161tukai 100 vaiki\u0161k\u0173 lipduk\u0173 Cirko plakatas Kartoninis klounas Plastikinis lagaminas","og_url":"https:\/\/hobstop.ee\/lt\/produktas\/meistravimo-komplektas-maped-creativ-early-age\/","og_site_name":"Skizze","article_publisher":"http:\/\/www.facebook.com\/VunderSkizze","twitter_card":"summary_large_image","schema":{"@context":"https:\/\/schema.org","@graph":[{"@type":"WebPage","@id":"https:\/\/hobstop.ee\/lt\/produktas\/meistravimo-komplektas-maped-creativ-early-age\/","url":"https:\/\/hobstop.ee\/lt\/produktas\/meistravimo-komplektas-maped-creativ-early-age\/","name":"Meistravimo komplektas Maped Creativ Early Age &#8211; Skizze","isPartOf":{"@id":"https:\/\/hobstop.ee\/lt\/#website"},"datePublished":"2019-05-23T13:13:59+00:00","dateModified":"2019-05-23T13:13:59+00:00","breadcrumb":{"@id":"https:\/\/hobstop.ee\/lt\/produktas\/meistravimo-komplektas-maped-creativ-early-age\/#breadcrumb"},"inLanguage":"lt","potentialAction":[{"@type":"ReadAction","target":["https:\/\/hobstop.ee\/lt\/produktas\/meistravimo-komplektas-maped-creativ-early-age\/"]}]},{"@type":"BreadcrumbList","@id":"https:\/\/hobstop.ee\/lt\/produktas\/meistravimo-komplektas-maped-creativ-early-age\/#breadcrumb","itemListElement":[{"@type":"ListItem","position":1,"name":"Avaleht","item":"https:\/\/hobstop.ee\/lt\/"},{"@type":"ListItem","position":2,"name":"Parduotuv\u0117","item":"https:\/\/hobstop.ee\/lt\/parduotuve\/"},{"@type":"ListItem","position":3,"name":"Meistravimo komplektas Maped Creativ Early Age"}]},{"@type":"WebSite","@id":"https:\/\/hobstop.ee\/lt\/#website","url":"https:\/\/hobstop.ee\/lt\/","name":"Skizze","description":"Dail\u0117s, pom\u0117gi\u0173 ir mokykliniai reikm\u0117nys","publisher":{"@id":"https:\/\/hobstop.ee\/lt\/#organization"},"potentialAction":[{"@type":"SearchAction","target":{"@type":"EntryPoint","urlTemplate":"https:\/\/hobstop.ee\/lt\/?s={search_term_string}"},"query-input":{"@type":"PropertyValueSpecification","valueRequired":true,"valueName":"search_term_string"}}],"inLanguage":"lt"},{"@type":"Organization","@id":"https:\/\/hobstop.ee\/lt\/#organization","name":"Vunder AS","url":"https:\/\/hobstop.ee\/lt\/","logo":{"@type":"ImageObject","inLanguage":"lt","@id":"https:\/\/hobstop.ee\/lt\/#\/schema\/logo\/image\/","url":"https:\/\/hobstop.ee\/media\/vunder-logo.png","contentUrl":"https:\/\/hobstop.ee\/media\/vunder-logo.png","width":127,"height":55,"caption":"Vunder AS"},"image":{"@id":"https:\/\/hobstop.ee\/lt\/#\/schema\/logo\/image\/"},"sameAs":["http:\/\/www.facebook.com\/VunderSkizze"]}]}},"_links":{"self":[{"href":"https:\/\/hobstop.ee\/lt\/wp-json\/wp\/v2\/product\/335284","targetHints":{"allow":["GET"]}}],"collection":[{"href":"https:\/\/hobstop.ee\/lt\/wp-json\/wp\/v2\/product"}],"about":[{"href":"https:\/\/hobstop.ee\/lt\/wp-json\/wp\/v2\/types\/product"}],"replies":[{"embeddable":true,"href":"https:\/\/hobstop.ee\/lt\/wp-json\/wp\/v2\/comments?post=335284"}],"wp:attachment":[{"href":"https:\/\/hobstop.ee\/lt\/wp-json\/wp\/v2\/media?parent=335284"}],"wp:term":[{"taxonomy":"product_cat","embeddable":true,"href":"https:\/\/hobstop.ee\/lt\/wp-json\/wp\/v2\/product_cat?post=335284"},{"taxonomy":"product_tag","embeddable":true,"href":"https:\/\/hobstop.ee\/lt\/wp-json\/wp\/v2\/product_tag?post=335284"}],"curies":[{"name":"wp","href":"https:\/\/api.w.org\/{rel}","templated":true}]}}