{"id":335288,"date":"2019-05-23T16:14:01","date_gmt":"2019-05-23T13:14:04","guid":{"rendered":"https:\/\/sharks.ee\/vunder_2019\/product\/antspaudu-rinkinys-maped-creativ-early-age\/"},"modified":"2019-05-23T16:14:04","modified_gmt":"2019-05-23T13:14:04","slug":"antspaudu-rinkinys-maped-creativ-early-age","status":"publish","type":"product","link":"https:\/\/hobstop.ee\/lt\/produktas\/antspaudu-rinkinys-maped-creativ-early-age\/","title":{"rendered":"Antspaud\u0173 rinkinys Maped Creativ Early Age"},"content":{"rendered":"<p>Papuo\u0161kite spaudais savo u\u017era\u0161in\u0119 ir sukurkite nuostabius pie\u0161inius. Yra spaud\u0173 modeli\u0173, kuriuos reik\u0117s u\u017ebaigti patiems, k\u016brybi\u0161kumui pasireik\u0161ti yra palikti tu\u0161ti puslapiai. Ergonomi\u0161ki, mink\u0161ti spaudai specialiai sukurti, kad b\u016bt\u0173 patog\u016bs ma\u017eoms rankut\u0117ms.<\/p>\n<p>Veiklos apra\u0161as:<br \/>\n1) Pasirinkite norimo ra\u0161to spaud\u0105.<br \/>\n2) Pada\u017eykite j\u012f \u012f ra\u0161alo kempin\u0119.<br \/>\n3) Atspauskite pie\u0161in\u012f.<\/p>\n<p>Rinkinyje yra:<br \/>\n6 ergonomi\u0161ki \u012fvairi\u0173 ra\u0161t\u0173 spaudai<br \/>\n4 spalv\u0173 ra\u0161alo kempin\u0117l\u0117<br \/>\n\u017daidim\u0173 apra\u0161o knygel\u0117 (15 spaud\u0173, kuriuos reikia u\u017ebaigti ir 5 tu\u0161ti lapai)<br \/>\nPlastikinis lagaminas<\/p>\n","protected":false},"excerpt":{"rendered":"<p>Papuo\u0161kite spaudais savo u\u017era\u0161in\u0119 ir sukurkite nuostabius pie\u0161inius. Yra spaud\u0173 modeli\u0173, kuriuos reik\u0117s u\u017ebaigti patiems, k\u016brybi\u0161kumui pasireik\u0161ti yra palikti tu\u0161ti puslapiai. Ergonomi\u0161ki, mink\u0161ti spaudai specialiai sukurti, kad b\u016bt\u0173 patog\u016bs ma\u017eoms rankut\u0117ms. Veiklos apra\u0161as: 1) Pasirinkite norimo ra\u0161to spaud\u0105. 2) Pada\u017eykite j\u012f \u012f ra\u0161alo kempin\u0119. 3) Atspauskite pie\u0161in\u012f. Rinkinyje yra: 6 ergonomi\u0161ki \u012fvairi\u0173 ra\u0161t\u0173 spaudai 4 spalv\u0173 ra\u0161alo kempin\u0117l\u0117 \u017daidim\u0173 apra\u0161o knygel\u0117 (15 spaud\u0173, kuriuos reikia u\u017ebaigti ir 5 tu\u0161ti lapai) Plastikinis lagaminas<\/p>\n","protected":false},"featured_media":353564,"comment_status":"closed","ping_status":"closed","template":"","meta":{"_acf_changed":false,"ep_exclude_from_search":false},"product_cat":[20390,20402,19836],"product_tag":[],"class_list":{"0":"post-335288","1":"product","2":"type-product","3":"status-publish","4":"has-post-thumbnail","6":"product_cat-dailes-prekes-2","7":"product_cat-spaudai","8":"product_cat-vaiku-laisvalaikio-prekes","10":"first","11":"instock","12":"taxable","13":"shipping-taxable","14":"product-type-simple"},"acf":[],"yoast_head":"<!-- This site is optimized with the Yoast SEO plugin v24.1 - https:\/\/yoast.com\/wordpress\/plugins\/seo\/ -->\n<title>Antspaud\u0173 rinkinys Maped Creativ Early Age &#8211; Skizze<\/title>\n<meta name=\"robots\" content=\"noindex, follow, max-snippet:-1, max-image-preview:large, max-video-preview:-1\" \/>\n<meta property=\"og:locale\" content=\"lt_LT\" \/>\n<meta property=\"og:type\" content=\"article\" \/>\n<meta property=\"og:title\" content=\"Antspaud\u0173 rinkinys Maped Creativ Early Age &#8211; Skizze\" \/>\n<meta property=\"og:description\" content=\"Papuo\u0161kite spaudais savo u\u017era\u0161in\u0119 ir sukurkite nuostabius pie\u0161inius. Yra spaud\u0173 modeli\u0173, kuriuos reik\u0117s u\u017ebaigti patiems, k\u016brybi\u0161kumui pasireik\u0161ti yra palikti tu\u0161ti puslapiai. Ergonomi\u0161ki, mink\u0161ti spaudai specialiai sukurti, kad b\u016bt\u0173 patog\u016bs ma\u017eoms rankut\u0117ms. Veiklos apra\u0161as: 1) Pasirinkite norimo ra\u0161to spaud\u0105. 2) Pada\u017eykite j\u012f \u012f ra\u0161alo kempin\u0119. 3) Atspauskite pie\u0161in\u012f. Rinkinyje yra: 6 ergonomi\u0161ki \u012fvairi\u0173 ra\u0161t\u0173 spaudai 4 spalv\u0173 ra\u0161alo kempin\u0117l\u0117 \u017daidim\u0173 apra\u0161o knygel\u0117 (15 spaud\u0173, kuriuos reikia u\u017ebaigti ir 5 tu\u0161ti lapai) Plastikinis lagaminas\" \/>\n<meta property=\"og:url\" content=\"https:\/\/hobstop.ee\/lt\/produktas\/antspaudu-rinkinys-maped-creativ-early-age\/\" \/>\n<meta property=\"og:site_name\" content=\"Skizze\" \/>\n<meta property=\"article:publisher\" content=\"http:\/\/www.facebook.com\/VunderSkizze\" \/>\n<meta property=\"og:image\" content=\"https:\/\/hobstop.ee\/media\/4987.jpg\" \/>\n\t<meta property=\"og:image:width\" content=\"1024\" \/>\n\t<meta property=\"og:image:height\" content=\"768\" \/>\n\t<meta property=\"og:image:type\" content=\"image\/jpeg\" \/>\n<meta name=\"twitter:card\" content=\"summary_large_image\" \/>\n<script type=\"application\/ld+json\" class=\"yoast-schema-graph\">{\"@context\":\"https:\/\/schema.org\",\"@graph\":[{\"@type\":\"WebPage\",\"@id\":\"https:\/\/hobstop.ee\/lt\/produktas\/antspaudu-rinkinys-maped-creativ-early-age\/\",\"url\":\"https:\/\/hobstop.ee\/lt\/produktas\/antspaudu-rinkinys-maped-creativ-early-age\/\",\"name\":\"Antspaud\u0173 rinkinys Maped Creativ Early Age &#8211; Skizze\",\"isPartOf\":{\"@id\":\"https:\/\/hobstop.ee\/lt\/#website\"},\"primaryImageOfPage\":{\"@id\":\"https:\/\/hobstop.ee\/lt\/produktas\/antspaudu-rinkinys-maped-creativ-early-age\/#primaryimage\"},\"image\":{\"@id\":\"https:\/\/hobstop.ee\/lt\/produktas\/antspaudu-rinkinys-maped-creativ-early-age\/#primaryimage\"},\"thumbnailUrl\":\"https:\/\/hobstop.ee\/media\/4987.jpg\",\"datePublished\":\"2019-05-23T13:14:04+00:00\",\"dateModified\":\"2019-05-23T13:14:04+00:00\",\"breadcrumb\":{\"@id\":\"https:\/\/hobstop.ee\/lt\/produktas\/antspaudu-rinkinys-maped-creativ-early-age\/#breadcrumb\"},\"inLanguage\":\"lt\",\"potentialAction\":[{\"@type\":\"ReadAction\",\"target\":[\"https:\/\/hobstop.ee\/lt\/produktas\/antspaudu-rinkinys-maped-creativ-early-age\/\"]}]},{\"@type\":\"ImageObject\",\"inLanguage\":\"lt\",\"@id\":\"https:\/\/hobstop.ee\/lt\/produktas\/antspaudu-rinkinys-maped-creativ-early-age\/#primaryimage\",\"url\":\"https:\/\/hobstop.ee\/media\/4987.jpg\",\"contentUrl\":\"https:\/\/hobstop.ee\/media\/4987.jpg\",\"width\":1024,\"height\":768},{\"@type\":\"BreadcrumbList\",\"@id\":\"https:\/\/hobstop.ee\/lt\/produktas\/antspaudu-rinkinys-maped-creativ-early-age\/#breadcrumb\",\"itemListElement\":[{\"@type\":\"ListItem\",\"position\":1,\"name\":\"Avaleht\",\"item\":\"https:\/\/hobstop.ee\/lt\/\"},{\"@type\":\"ListItem\",\"position\":2,\"name\":\"Parduotuv\u0117\",\"item\":\"https:\/\/hobstop.ee\/lt\/parduotuve\/\"},{\"@type\":\"ListItem\",\"position\":3,\"name\":\"Antspaud\u0173 rinkinys Maped Creativ Early Age\"}]},{\"@type\":\"WebSite\",\"@id\":\"https:\/\/hobstop.ee\/lt\/#website\",\"url\":\"https:\/\/hobstop.ee\/lt\/\",\"name\":\"Skizze\",\"description\":\"Dail\u0117s, pom\u0117gi\u0173 ir mokykliniai reikm\u0117nys\",\"publisher\":{\"@id\":\"https:\/\/hobstop.ee\/lt\/#organization\"},\"potentialAction\":[{\"@type\":\"SearchAction\",\"target\":{\"@type\":\"EntryPoint\",\"urlTemplate\":\"https:\/\/hobstop.ee\/lt\/?s={search_term_string}\"},\"query-input\":{\"@type\":\"PropertyValueSpecification\",\"valueRequired\":true,\"valueName\":\"search_term_string\"}}],\"inLanguage\":\"lt\"},{\"@type\":\"Organization\",\"@id\":\"https:\/\/hobstop.ee\/lt\/#organization\",\"name\":\"Vunder AS\",\"url\":\"https:\/\/hobstop.ee\/lt\/\",\"logo\":{\"@type\":\"ImageObject\",\"inLanguage\":\"lt\",\"@id\":\"https:\/\/hobstop.ee\/lt\/#\/schema\/logo\/image\/\",\"url\":\"https:\/\/hobstop.ee\/media\/vunder-logo.png\",\"contentUrl\":\"https:\/\/hobstop.ee\/media\/vunder-logo.png\",\"width\":127,\"height\":55,\"caption\":\"Vunder AS\"},\"image\":{\"@id\":\"https:\/\/hobstop.ee\/lt\/#\/schema\/logo\/image\/\"},\"sameAs\":[\"http:\/\/www.facebook.com\/VunderSkizze\"]}]}<\/script>\n<!-- \/ Yoast SEO plugin. -->","yoast_head_json":{"title":"Antspaud\u0173 rinkinys Maped Creativ Early Age &#8211; Skizze","robots":{"index":"noindex","follow":"follow","max-snippet":"max-snippet:-1","max-image-preview":"max-image-preview:large","max-video-preview":"max-video-preview:-1"},"og_locale":"lt_LT","og_type":"article","og_title":"Antspaud\u0173 rinkinys Maped Creativ Early Age &#8211; Skizze","og_description":"Papuo\u0161kite spaudais savo u\u017era\u0161in\u0119 ir sukurkite nuostabius pie\u0161inius. Yra spaud\u0173 modeli\u0173, kuriuos reik\u0117s u\u017ebaigti patiems, k\u016brybi\u0161kumui pasireik\u0161ti yra palikti tu\u0161ti puslapiai. Ergonomi\u0161ki, mink\u0161ti spaudai specialiai sukurti, kad b\u016bt\u0173 patog\u016bs ma\u017eoms rankut\u0117ms. Veiklos apra\u0161as: 1) Pasirinkite norimo ra\u0161to spaud\u0105. 2) Pada\u017eykite j\u012f \u012f ra\u0161alo kempin\u0119. 3) Atspauskite pie\u0161in\u012f. Rinkinyje yra: 6 ergonomi\u0161ki \u012fvairi\u0173 ra\u0161t\u0173 spaudai 4 spalv\u0173 ra\u0161alo kempin\u0117l\u0117 \u017daidim\u0173 apra\u0161o knygel\u0117 (15 spaud\u0173, kuriuos reikia u\u017ebaigti ir 5 tu\u0161ti lapai) Plastikinis lagaminas","og_url":"https:\/\/hobstop.ee\/lt\/produktas\/antspaudu-rinkinys-maped-creativ-early-age\/","og_site_name":"Skizze","article_publisher":"http:\/\/www.facebook.com\/VunderSkizze","og_image":[{"width":1024,"height":768,"url":"https:\/\/hobstop.ee\/media\/4987.jpg","type":"image\/jpeg"}],"twitter_card":"summary_large_image","schema":{"@context":"https:\/\/schema.org","@graph":[{"@type":"WebPage","@id":"https:\/\/hobstop.ee\/lt\/produktas\/antspaudu-rinkinys-maped-creativ-early-age\/","url":"https:\/\/hobstop.ee\/lt\/produktas\/antspaudu-rinkinys-maped-creativ-early-age\/","name":"Antspaud\u0173 rinkinys Maped Creativ Early Age &#8211; Skizze","isPartOf":{"@id":"https:\/\/hobstop.ee\/lt\/#website"},"primaryImageOfPage":{"@id":"https:\/\/hobstop.ee\/lt\/produktas\/antspaudu-rinkinys-maped-creativ-early-age\/#primaryimage"},"image":{"@id":"https:\/\/hobstop.ee\/lt\/produktas\/antspaudu-rinkinys-maped-creativ-early-age\/#primaryimage"},"thumbnailUrl":"https:\/\/hobstop.ee\/media\/4987.jpg","datePublished":"2019-05-23T13:14:04+00:00","dateModified":"2019-05-23T13:14:04+00:00","breadcrumb":{"@id":"https:\/\/hobstop.ee\/lt\/produktas\/antspaudu-rinkinys-maped-creativ-early-age\/#breadcrumb"},"inLanguage":"lt","potentialAction":[{"@type":"ReadAction","target":["https:\/\/hobstop.ee\/lt\/produktas\/antspaudu-rinkinys-maped-creativ-early-age\/"]}]},{"@type":"ImageObject","inLanguage":"lt","@id":"https:\/\/hobstop.ee\/lt\/produktas\/antspaudu-rinkinys-maped-creativ-early-age\/#primaryimage","url":"https:\/\/hobstop.ee\/media\/4987.jpg","contentUrl":"https:\/\/hobstop.ee\/media\/4987.jpg","width":1024,"height":768},{"@type":"BreadcrumbList","@id":"https:\/\/hobstop.ee\/lt\/produktas\/antspaudu-rinkinys-maped-creativ-early-age\/#breadcrumb","itemListElement":[{"@type":"ListItem","position":1,"name":"Avaleht","item":"https:\/\/hobstop.ee\/lt\/"},{"@type":"ListItem","position":2,"name":"Parduotuv\u0117","item":"https:\/\/hobstop.ee\/lt\/parduotuve\/"},{"@type":"ListItem","position":3,"name":"Antspaud\u0173 rinkinys Maped Creativ Early Age"}]},{"@type":"WebSite","@id":"https:\/\/hobstop.ee\/lt\/#website","url":"https:\/\/hobstop.ee\/lt\/","name":"Skizze","description":"Dail\u0117s, pom\u0117gi\u0173 ir mokykliniai reikm\u0117nys","publisher":{"@id":"https:\/\/hobstop.ee\/lt\/#organization"},"potentialAction":[{"@type":"SearchAction","target":{"@type":"EntryPoint","urlTemplate":"https:\/\/hobstop.ee\/lt\/?s={search_term_string}"},"query-input":{"@type":"PropertyValueSpecification","valueRequired":true,"valueName":"search_term_string"}}],"inLanguage":"lt"},{"@type":"Organization","@id":"https:\/\/hobstop.ee\/lt\/#organization","name":"Vunder AS","url":"https:\/\/hobstop.ee\/lt\/","logo":{"@type":"ImageObject","inLanguage":"lt","@id":"https:\/\/hobstop.ee\/lt\/#\/schema\/logo\/image\/","url":"https:\/\/hobstop.ee\/media\/vunder-logo.png","contentUrl":"https:\/\/hobstop.ee\/media\/vunder-logo.png","width":127,"height":55,"caption":"Vunder AS"},"image":{"@id":"https:\/\/hobstop.ee\/lt\/#\/schema\/logo\/image\/"},"sameAs":["http:\/\/www.facebook.com\/VunderSkizze"]}]}},"_links":{"self":[{"href":"https:\/\/hobstop.ee\/lt\/wp-json\/wp\/v2\/product\/335288","targetHints":{"allow":["GET"]}}],"collection":[{"href":"https:\/\/hobstop.ee\/lt\/wp-json\/wp\/v2\/product"}],"about":[{"href":"https:\/\/hobstop.ee\/lt\/wp-json\/wp\/v2\/types\/product"}],"replies":[{"embeddable":true,"href":"https:\/\/hobstop.ee\/lt\/wp-json\/wp\/v2\/comments?post=335288"}],"wp:featuredmedia":[{"embeddable":true,"href":"https:\/\/hobstop.ee\/lt\/wp-json\/wp\/v2\/media\/353564"}],"wp:attachment":[{"href":"https:\/\/hobstop.ee\/lt\/wp-json\/wp\/v2\/media?parent=335288"}],"wp:term":[{"taxonomy":"product_cat","embeddable":true,"href":"https:\/\/hobstop.ee\/lt\/wp-json\/wp\/v2\/product_cat?post=335288"},{"taxonomy":"product_tag","embeddable":true,"href":"https:\/\/hobstop.ee\/lt\/wp-json\/wp\/v2\/product_tag?post=335288"}],"curies":[{"name":"wp","href":"https:\/\/api.w.org\/{rel}","templated":true}]}}