{"id":335296,"date":"2019-05-23T16:18:28","date_gmt":"2019-05-23T13:18:32","guid":{"rendered":"https:\/\/sharks.ee\/vunder_2019\/product\/meistravimo-komplektas-maped-creativ-colorplay-design-my-garden\/"},"modified":"2019-05-23T16:18:32","modified_gmt":"2019-05-23T13:18:32","slug":"meistravimo-komplektas-maped-creativ-colorplay-design-my-garden","status":"publish","type":"product","link":"https:\/\/hobstop.ee\/lt\/produktas\/meistravimo-komplektas-maped-creativ-colorplay-design-my-garden\/","title":{"rendered":"Meistravimo komplektas Maped Creativ Color&#038;Play Design my Garden"},"content":{"rendered":"<p>Nuspalvinkite ir sukurkite savo \u017eaidim\u0173 sod\u0105!<\/p>\n<p>Veiklos apra\u0161as:<br \/>\n1) I\u0161d\u0117stykite \u017eaidim\u0105.<br \/>\n2) Papuo\u0161kite savo sod\u0105 spaudais, lipdukais ir nuspalvinkite spalvotais pie\u0161tukais.<br \/>\n3) Pasilinksminkite sodeliu ir jo g\u0117ryb\u0117mis!<\/p>\n<p>Rinkinyje yra:<br \/>\nDekoravimo reikmenys<br \/>\nLapas su lipdukais<br \/>\n12 spalvot\u0173 pie\u0161tuk\u0173<br \/>\n6 spaudai<br \/>\nPagalv\u0117l\u0117 su ra\u0161alu<br \/>\n2 spalvinimo sodai<br \/>\nLenta su pridedamais reikmenimis nuspalvinti<\/p>\n","protected":false},"excerpt":{"rendered":"<p>Nuspalvinkite ir sukurkite savo \u017eaidim\u0173 sod\u0105! Veiklos apra\u0161as: 1) I\u0161d\u0117stykite \u017eaidim\u0105. 2) Papuo\u0161kite savo sod\u0105 spaudais, lipdukais ir nuspalvinkite spalvotais pie\u0161tukais. 3) Pasilinksminkite sodeliu ir jo g\u0117ryb\u0117mis! Rinkinyje yra: Dekoravimo reikmenys Lapas su lipdukais 12 spalvot\u0173 pie\u0161tuk\u0173 6 spaudai Pagalv\u0117l\u0117 su ra\u0161alu 2 spalvinimo sodai Lenta su pridedamais reikmenimis nuspalvinti<\/p>\n","protected":false},"featured_media":0,"comment_status":"closed","ping_status":"closed","template":"","meta":{"_acf_changed":false,"ep_exclude_from_search":false},"product_cat":[20387,20393,19836],"product_tag":[],"class_list":{"0":"post-335296","1":"product","2":"type-product","3":"status-publish","5":"product_cat-rankdarbiai-2","6":"product_cat-rankdarbiu-rinkiniai","7":"product_cat-vaiku-laisvalaikio-prekes","9":"first","10":"instock","11":"taxable","12":"shipping-taxable","13":"product-type-simple"},"acf":[],"yoast_head":"<!-- This site is optimized with the Yoast SEO plugin v24.1 - https:\/\/yoast.com\/wordpress\/plugins\/seo\/ -->\n<title>Meistravimo komplektas Maped Creativ Color&amp;Play Design my Garden &#8211; Skizze<\/title>\n<meta name=\"robots\" content=\"noindex, follow, max-snippet:-1, max-image-preview:large, max-video-preview:-1\" \/>\n<meta property=\"og:locale\" content=\"lt_LT\" \/>\n<meta property=\"og:type\" content=\"article\" \/>\n<meta property=\"og:title\" content=\"Meistravimo komplektas Maped Creativ Color&amp;Play Design my Garden &#8211; Skizze\" \/>\n<meta property=\"og:description\" content=\"Nuspalvinkite ir sukurkite savo \u017eaidim\u0173 sod\u0105! Veiklos apra\u0161as: 1) I\u0161d\u0117stykite \u017eaidim\u0105. 2) Papuo\u0161kite savo sod\u0105 spaudais, lipdukais ir nuspalvinkite spalvotais pie\u0161tukais. 3) Pasilinksminkite sodeliu ir jo g\u0117ryb\u0117mis! Rinkinyje yra: Dekoravimo reikmenys Lapas su lipdukais 12 spalvot\u0173 pie\u0161tuk\u0173 6 spaudai Pagalv\u0117l\u0117 su ra\u0161alu 2 spalvinimo sodai Lenta su pridedamais reikmenimis nuspalvinti\" \/>\n<meta property=\"og:url\" content=\"https:\/\/hobstop.ee\/lt\/produktas\/meistravimo-komplektas-maped-creativ-colorplay-design-my-garden\/\" \/>\n<meta property=\"og:site_name\" content=\"Skizze\" \/>\n<meta property=\"article:publisher\" content=\"http:\/\/www.facebook.com\/VunderSkizze\" \/>\n<meta name=\"twitter:card\" content=\"summary_large_image\" \/>\n<script type=\"application\/ld+json\" class=\"yoast-schema-graph\">{\"@context\":\"https:\/\/schema.org\",\"@graph\":[{\"@type\":\"WebPage\",\"@id\":\"https:\/\/hobstop.ee\/lt\/produktas\/meistravimo-komplektas-maped-creativ-colorplay-design-my-garden\/\",\"url\":\"https:\/\/hobstop.ee\/lt\/produktas\/meistravimo-komplektas-maped-creativ-colorplay-design-my-garden\/\",\"name\":\"Meistravimo komplektas Maped Creativ Color&Play Design my Garden &#8211; Skizze\",\"isPartOf\":{\"@id\":\"https:\/\/hobstop.ee\/lt\/#website\"},\"datePublished\":\"2019-05-23T13:18:32+00:00\",\"dateModified\":\"2019-05-23T13:18:32+00:00\",\"breadcrumb\":{\"@id\":\"https:\/\/hobstop.ee\/lt\/produktas\/meistravimo-komplektas-maped-creativ-colorplay-design-my-garden\/#breadcrumb\"},\"inLanguage\":\"lt\",\"potentialAction\":[{\"@type\":\"ReadAction\",\"target\":[\"https:\/\/hobstop.ee\/lt\/produktas\/meistravimo-komplektas-maped-creativ-colorplay-design-my-garden\/\"]}]},{\"@type\":\"BreadcrumbList\",\"@id\":\"https:\/\/hobstop.ee\/lt\/produktas\/meistravimo-komplektas-maped-creativ-colorplay-design-my-garden\/#breadcrumb\",\"itemListElement\":[{\"@type\":\"ListItem\",\"position\":1,\"name\":\"Avaleht\",\"item\":\"https:\/\/hobstop.ee\/lt\/\"},{\"@type\":\"ListItem\",\"position\":2,\"name\":\"Parduotuv\u0117\",\"item\":\"https:\/\/hobstop.ee\/lt\/parduotuve\/\"},{\"@type\":\"ListItem\",\"position\":3,\"name\":\"Meistravimo komplektas Maped Creativ Color&#038;Play Design my Garden\"}]},{\"@type\":\"WebSite\",\"@id\":\"https:\/\/hobstop.ee\/lt\/#website\",\"url\":\"https:\/\/hobstop.ee\/lt\/\",\"name\":\"Skizze\",\"description\":\"Dail\u0117s, pom\u0117gi\u0173 ir mokykliniai reikm\u0117nys\",\"publisher\":{\"@id\":\"https:\/\/hobstop.ee\/lt\/#organization\"},\"potentialAction\":[{\"@type\":\"SearchAction\",\"target\":{\"@type\":\"EntryPoint\",\"urlTemplate\":\"https:\/\/hobstop.ee\/lt\/?s={search_term_string}\"},\"query-input\":{\"@type\":\"PropertyValueSpecification\",\"valueRequired\":true,\"valueName\":\"search_term_string\"}}],\"inLanguage\":\"lt\"},{\"@type\":\"Organization\",\"@id\":\"https:\/\/hobstop.ee\/lt\/#organization\",\"name\":\"Vunder AS\",\"url\":\"https:\/\/hobstop.ee\/lt\/\",\"logo\":{\"@type\":\"ImageObject\",\"inLanguage\":\"lt\",\"@id\":\"https:\/\/hobstop.ee\/lt\/#\/schema\/logo\/image\/\",\"url\":\"https:\/\/hobstop.ee\/media\/vunder-logo.png\",\"contentUrl\":\"https:\/\/hobstop.ee\/media\/vunder-logo.png\",\"width\":127,\"height\":55,\"caption\":\"Vunder AS\"},\"image\":{\"@id\":\"https:\/\/hobstop.ee\/lt\/#\/schema\/logo\/image\/\"},\"sameAs\":[\"http:\/\/www.facebook.com\/VunderSkizze\"]}]}<\/script>\n<!-- \/ Yoast SEO plugin. -->","yoast_head_json":{"title":"Meistravimo komplektas Maped Creativ Color&Play Design my Garden &#8211; Skizze","robots":{"index":"noindex","follow":"follow","max-snippet":"max-snippet:-1","max-image-preview":"max-image-preview:large","max-video-preview":"max-video-preview:-1"},"og_locale":"lt_LT","og_type":"article","og_title":"Meistravimo komplektas Maped Creativ Color&Play Design my Garden &#8211; Skizze","og_description":"Nuspalvinkite ir sukurkite savo \u017eaidim\u0173 sod\u0105! Veiklos apra\u0161as: 1) I\u0161d\u0117stykite \u017eaidim\u0105. 2) Papuo\u0161kite savo sod\u0105 spaudais, lipdukais ir nuspalvinkite spalvotais pie\u0161tukais. 3) Pasilinksminkite sodeliu ir jo g\u0117ryb\u0117mis! Rinkinyje yra: Dekoravimo reikmenys Lapas su lipdukais 12 spalvot\u0173 pie\u0161tuk\u0173 6 spaudai Pagalv\u0117l\u0117 su ra\u0161alu 2 spalvinimo sodai Lenta su pridedamais reikmenimis nuspalvinti","og_url":"https:\/\/hobstop.ee\/lt\/produktas\/meistravimo-komplektas-maped-creativ-colorplay-design-my-garden\/","og_site_name":"Skizze","article_publisher":"http:\/\/www.facebook.com\/VunderSkizze","twitter_card":"summary_large_image","schema":{"@context":"https:\/\/schema.org","@graph":[{"@type":"WebPage","@id":"https:\/\/hobstop.ee\/lt\/produktas\/meistravimo-komplektas-maped-creativ-colorplay-design-my-garden\/","url":"https:\/\/hobstop.ee\/lt\/produktas\/meistravimo-komplektas-maped-creativ-colorplay-design-my-garden\/","name":"Meistravimo komplektas Maped Creativ Color&Play Design my Garden &#8211; Skizze","isPartOf":{"@id":"https:\/\/hobstop.ee\/lt\/#website"},"datePublished":"2019-05-23T13:18:32+00:00","dateModified":"2019-05-23T13:18:32+00:00","breadcrumb":{"@id":"https:\/\/hobstop.ee\/lt\/produktas\/meistravimo-komplektas-maped-creativ-colorplay-design-my-garden\/#breadcrumb"},"inLanguage":"lt","potentialAction":[{"@type":"ReadAction","target":["https:\/\/hobstop.ee\/lt\/produktas\/meistravimo-komplektas-maped-creativ-colorplay-design-my-garden\/"]}]},{"@type":"BreadcrumbList","@id":"https:\/\/hobstop.ee\/lt\/produktas\/meistravimo-komplektas-maped-creativ-colorplay-design-my-garden\/#breadcrumb","itemListElement":[{"@type":"ListItem","position":1,"name":"Avaleht","item":"https:\/\/hobstop.ee\/lt\/"},{"@type":"ListItem","position":2,"name":"Parduotuv\u0117","item":"https:\/\/hobstop.ee\/lt\/parduotuve\/"},{"@type":"ListItem","position":3,"name":"Meistravimo komplektas Maped Creativ Color&#038;Play Design my Garden"}]},{"@type":"WebSite","@id":"https:\/\/hobstop.ee\/lt\/#website","url":"https:\/\/hobstop.ee\/lt\/","name":"Skizze","description":"Dail\u0117s, pom\u0117gi\u0173 ir mokykliniai reikm\u0117nys","publisher":{"@id":"https:\/\/hobstop.ee\/lt\/#organization"},"potentialAction":[{"@type":"SearchAction","target":{"@type":"EntryPoint","urlTemplate":"https:\/\/hobstop.ee\/lt\/?s={search_term_string}"},"query-input":{"@type":"PropertyValueSpecification","valueRequired":true,"valueName":"search_term_string"}}],"inLanguage":"lt"},{"@type":"Organization","@id":"https:\/\/hobstop.ee\/lt\/#organization","name":"Vunder AS","url":"https:\/\/hobstop.ee\/lt\/","logo":{"@type":"ImageObject","inLanguage":"lt","@id":"https:\/\/hobstop.ee\/lt\/#\/schema\/logo\/image\/","url":"https:\/\/hobstop.ee\/media\/vunder-logo.png","contentUrl":"https:\/\/hobstop.ee\/media\/vunder-logo.png","width":127,"height":55,"caption":"Vunder AS"},"image":{"@id":"https:\/\/hobstop.ee\/lt\/#\/schema\/logo\/image\/"},"sameAs":["http:\/\/www.facebook.com\/VunderSkizze"]}]}},"_links":{"self":[{"href":"https:\/\/hobstop.ee\/lt\/wp-json\/wp\/v2\/product\/335296","targetHints":{"allow":["GET"]}}],"collection":[{"href":"https:\/\/hobstop.ee\/lt\/wp-json\/wp\/v2\/product"}],"about":[{"href":"https:\/\/hobstop.ee\/lt\/wp-json\/wp\/v2\/types\/product"}],"replies":[{"embeddable":true,"href":"https:\/\/hobstop.ee\/lt\/wp-json\/wp\/v2\/comments?post=335296"}],"wp:attachment":[{"href":"https:\/\/hobstop.ee\/lt\/wp-json\/wp\/v2\/media?parent=335296"}],"wp:term":[{"taxonomy":"product_cat","embeddable":true,"href":"https:\/\/hobstop.ee\/lt\/wp-json\/wp\/v2\/product_cat?post=335296"},{"taxonomy":"product_tag","embeddable":true,"href":"https:\/\/hobstop.ee\/lt\/wp-json\/wp\/v2\/product_tag?post=335296"}],"curies":[{"name":"wp","href":"https:\/\/api.w.org\/{rel}","templated":true}]}}