{"id":335312,"date":"2019-05-23T16:18:50","date_gmt":"2019-05-23T13:18:56","guid":{"rendered":"https:\/\/sharks.ee\/vunder_2019\/product\/langu-dazu-rinkinys-maped-creativ-mini-box\/"},"modified":"2019-05-23T16:18:56","modified_gmt":"2019-05-23T13:18:56","slug":"langu-dazu-rinkinys-maped-creativ-mini-box","status":"publish","type":"product","link":"https:\/\/hobstop.ee\/lt\/produktas\/langu-dazu-rinkinys-maped-creativ-mini-box\/","title":{"rendered":"Lang\u0173 da\u017e\u0173 rinkinys Maped Creativ Mini Box"},"content":{"rendered":"<p>Sukurkite linksmus ir spalvingus lipdukus ir papuo\u0161kite jais savo langus bei aksesuarus!<\/p>\n<p>Veiklos apra\u0161as:<br \/>\n1) Juoda spalva apveskite \u0161ablon\u0105 ir palikite, kol da\u017eai i\u0161d\u017eius.<br \/>\n2) Nuspalvinkite pie\u0161inio vidin\u0119 dal\u012f ir palikite d\u017ei\u016bti per nakt\u012f.<br \/>\n3) Nulupkite savo k\u016brin\u012f.<br \/>\n4) Priklijuokite j\u012f ant tinkamos vietos! Tinka klijuoti ant lang\u0173, telefon\u0173 aplank\u0173 ir pan.<\/p>\n<p>Rinkinyje yra:<br \/>\n2 dvipusiai \u017eaidim\u0173 lapai<br \/>\n6 stiklo da\u017e\u0173 t\u016bbel\u0117s, 10ml<\/p>\n","protected":false},"excerpt":{"rendered":"<p>Sukurkite linksmus ir spalvingus lipdukus ir papuo\u0161kite jais savo langus bei aksesuarus! Veiklos apra\u0161as: 1) Juoda spalva apveskite \u0161ablon\u0105 ir palikite, kol da\u017eai i\u0161d\u017eius. 2) Nuspalvinkite pie\u0161inio vidin\u0119 dal\u012f ir palikite d\u017ei\u016bti per nakt\u012f. 3) Nulupkite savo k\u016brin\u012f. 4) Priklijuokite j\u012f ant tinkamos vietos! Tinka klijuoti ant lang\u0173, telefon\u0173 aplank\u0173 ir pan. Rinkinyje yra: 2 dvipusiai \u017eaidim\u0173 lapai 6 stiklo da\u017e\u0173 t\u016bbel\u0117s, 10ml<\/p>\n","protected":false},"featured_media":0,"comment_status":"closed","ping_status":"closed","template":"","meta":{"_acf_changed":false,"ep_exclude_from_search":false},"product_cat":[20390,20399,19836],"product_tag":[],"class_list":{"0":"post-335312","1":"product","2":"type-product","3":"status-publish","5":"product_cat-dailes-prekes-2","6":"product_cat-krasas","7":"product_cat-vaiku-laisvalaikio-prekes","9":"first","10":"instock","11":"taxable","12":"shipping-taxable","13":"product-type-simple"},"acf":[],"yoast_head":"<!-- This site is optimized with the Yoast SEO plugin v24.1 - https:\/\/yoast.com\/wordpress\/plugins\/seo\/ -->\n<title>Lang\u0173 da\u017e\u0173 rinkinys Maped Creativ Mini Box &#8211; Skizze<\/title>\n<meta name=\"robots\" content=\"noindex, follow, max-snippet:-1, max-image-preview:large, max-video-preview:-1\" \/>\n<meta property=\"og:locale\" content=\"lt_LT\" \/>\n<meta property=\"og:type\" content=\"article\" \/>\n<meta property=\"og:title\" content=\"Lang\u0173 da\u017e\u0173 rinkinys Maped Creativ Mini Box &#8211; Skizze\" \/>\n<meta property=\"og:description\" content=\"Sukurkite linksmus ir spalvingus lipdukus ir papuo\u0161kite jais savo langus bei aksesuarus! Veiklos apra\u0161as: 1) Juoda spalva apveskite \u0161ablon\u0105 ir palikite, kol da\u017eai i\u0161d\u017eius. 2) Nuspalvinkite pie\u0161inio vidin\u0119 dal\u012f ir palikite d\u017ei\u016bti per nakt\u012f. 3) Nulupkite savo k\u016brin\u012f. 4) Priklijuokite j\u012f ant tinkamos vietos! Tinka klijuoti ant lang\u0173, telefon\u0173 aplank\u0173 ir pan. Rinkinyje yra: 2 dvipusiai \u017eaidim\u0173 lapai 6 stiklo da\u017e\u0173 t\u016bbel\u0117s, 10ml\" \/>\n<meta property=\"og:url\" content=\"https:\/\/hobstop.ee\/lt\/produktas\/langu-dazu-rinkinys-maped-creativ-mini-box\/\" \/>\n<meta property=\"og:site_name\" content=\"Skizze\" \/>\n<meta property=\"article:publisher\" content=\"http:\/\/www.facebook.com\/VunderSkizze\" \/>\n<meta name=\"twitter:card\" content=\"summary_large_image\" \/>\n<script type=\"application\/ld+json\" class=\"yoast-schema-graph\">{\"@context\":\"https:\/\/schema.org\",\"@graph\":[{\"@type\":\"WebPage\",\"@id\":\"https:\/\/hobstop.ee\/lt\/produktas\/langu-dazu-rinkinys-maped-creativ-mini-box\/\",\"url\":\"https:\/\/hobstop.ee\/lt\/produktas\/langu-dazu-rinkinys-maped-creativ-mini-box\/\",\"name\":\"Lang\u0173 da\u017e\u0173 rinkinys Maped Creativ Mini Box &#8211; Skizze\",\"isPartOf\":{\"@id\":\"https:\/\/hobstop.ee\/lt\/#website\"},\"datePublished\":\"2019-05-23T13:18:56+00:00\",\"dateModified\":\"2019-05-23T13:18:56+00:00\",\"breadcrumb\":{\"@id\":\"https:\/\/hobstop.ee\/lt\/produktas\/langu-dazu-rinkinys-maped-creativ-mini-box\/#breadcrumb\"},\"inLanguage\":\"lt\",\"potentialAction\":[{\"@type\":\"ReadAction\",\"target\":[\"https:\/\/hobstop.ee\/lt\/produktas\/langu-dazu-rinkinys-maped-creativ-mini-box\/\"]}]},{\"@type\":\"BreadcrumbList\",\"@id\":\"https:\/\/hobstop.ee\/lt\/produktas\/langu-dazu-rinkinys-maped-creativ-mini-box\/#breadcrumb\",\"itemListElement\":[{\"@type\":\"ListItem\",\"position\":1,\"name\":\"Avaleht\",\"item\":\"https:\/\/hobstop.ee\/lt\/\"},{\"@type\":\"ListItem\",\"position\":2,\"name\":\"Parduotuv\u0117\",\"item\":\"https:\/\/hobstop.ee\/lt\/parduotuve\/\"},{\"@type\":\"ListItem\",\"position\":3,\"name\":\"Lang\u0173 da\u017e\u0173 rinkinys Maped Creativ Mini Box\"}]},{\"@type\":\"WebSite\",\"@id\":\"https:\/\/hobstop.ee\/lt\/#website\",\"url\":\"https:\/\/hobstop.ee\/lt\/\",\"name\":\"Skizze\",\"description\":\"Dail\u0117s, pom\u0117gi\u0173 ir mokykliniai reikm\u0117nys\",\"publisher\":{\"@id\":\"https:\/\/hobstop.ee\/lt\/#organization\"},\"potentialAction\":[{\"@type\":\"SearchAction\",\"target\":{\"@type\":\"EntryPoint\",\"urlTemplate\":\"https:\/\/hobstop.ee\/lt\/?s={search_term_string}\"},\"query-input\":{\"@type\":\"PropertyValueSpecification\",\"valueRequired\":true,\"valueName\":\"search_term_string\"}}],\"inLanguage\":\"lt\"},{\"@type\":\"Organization\",\"@id\":\"https:\/\/hobstop.ee\/lt\/#organization\",\"name\":\"Vunder AS\",\"url\":\"https:\/\/hobstop.ee\/lt\/\",\"logo\":{\"@type\":\"ImageObject\",\"inLanguage\":\"lt\",\"@id\":\"https:\/\/hobstop.ee\/lt\/#\/schema\/logo\/image\/\",\"url\":\"https:\/\/hobstop.ee\/media\/vunder-logo.png\",\"contentUrl\":\"https:\/\/hobstop.ee\/media\/vunder-logo.png\",\"width\":127,\"height\":55,\"caption\":\"Vunder AS\"},\"image\":{\"@id\":\"https:\/\/hobstop.ee\/lt\/#\/schema\/logo\/image\/\"},\"sameAs\":[\"http:\/\/www.facebook.com\/VunderSkizze\"]}]}<\/script>\n<!-- \/ Yoast SEO plugin. -->","yoast_head_json":{"title":"Lang\u0173 da\u017e\u0173 rinkinys Maped Creativ Mini Box &#8211; Skizze","robots":{"index":"noindex","follow":"follow","max-snippet":"max-snippet:-1","max-image-preview":"max-image-preview:large","max-video-preview":"max-video-preview:-1"},"og_locale":"lt_LT","og_type":"article","og_title":"Lang\u0173 da\u017e\u0173 rinkinys Maped Creativ Mini Box &#8211; Skizze","og_description":"Sukurkite linksmus ir spalvingus lipdukus ir papuo\u0161kite jais savo langus bei aksesuarus! Veiklos apra\u0161as: 1) Juoda spalva apveskite \u0161ablon\u0105 ir palikite, kol da\u017eai i\u0161d\u017eius. 2) Nuspalvinkite pie\u0161inio vidin\u0119 dal\u012f ir palikite d\u017ei\u016bti per nakt\u012f. 3) Nulupkite savo k\u016brin\u012f. 4) Priklijuokite j\u012f ant tinkamos vietos! Tinka klijuoti ant lang\u0173, telefon\u0173 aplank\u0173 ir pan. Rinkinyje yra: 2 dvipusiai \u017eaidim\u0173 lapai 6 stiklo da\u017e\u0173 t\u016bbel\u0117s, 10ml","og_url":"https:\/\/hobstop.ee\/lt\/produktas\/langu-dazu-rinkinys-maped-creativ-mini-box\/","og_site_name":"Skizze","article_publisher":"http:\/\/www.facebook.com\/VunderSkizze","twitter_card":"summary_large_image","schema":{"@context":"https:\/\/schema.org","@graph":[{"@type":"WebPage","@id":"https:\/\/hobstop.ee\/lt\/produktas\/langu-dazu-rinkinys-maped-creativ-mini-box\/","url":"https:\/\/hobstop.ee\/lt\/produktas\/langu-dazu-rinkinys-maped-creativ-mini-box\/","name":"Lang\u0173 da\u017e\u0173 rinkinys Maped Creativ Mini Box &#8211; Skizze","isPartOf":{"@id":"https:\/\/hobstop.ee\/lt\/#website"},"datePublished":"2019-05-23T13:18:56+00:00","dateModified":"2019-05-23T13:18:56+00:00","breadcrumb":{"@id":"https:\/\/hobstop.ee\/lt\/produktas\/langu-dazu-rinkinys-maped-creativ-mini-box\/#breadcrumb"},"inLanguage":"lt","potentialAction":[{"@type":"ReadAction","target":["https:\/\/hobstop.ee\/lt\/produktas\/langu-dazu-rinkinys-maped-creativ-mini-box\/"]}]},{"@type":"BreadcrumbList","@id":"https:\/\/hobstop.ee\/lt\/produktas\/langu-dazu-rinkinys-maped-creativ-mini-box\/#breadcrumb","itemListElement":[{"@type":"ListItem","position":1,"name":"Avaleht","item":"https:\/\/hobstop.ee\/lt\/"},{"@type":"ListItem","position":2,"name":"Parduotuv\u0117","item":"https:\/\/hobstop.ee\/lt\/parduotuve\/"},{"@type":"ListItem","position":3,"name":"Lang\u0173 da\u017e\u0173 rinkinys Maped Creativ Mini Box"}]},{"@type":"WebSite","@id":"https:\/\/hobstop.ee\/lt\/#website","url":"https:\/\/hobstop.ee\/lt\/","name":"Skizze","description":"Dail\u0117s, pom\u0117gi\u0173 ir mokykliniai reikm\u0117nys","publisher":{"@id":"https:\/\/hobstop.ee\/lt\/#organization"},"potentialAction":[{"@type":"SearchAction","target":{"@type":"EntryPoint","urlTemplate":"https:\/\/hobstop.ee\/lt\/?s={search_term_string}"},"query-input":{"@type":"PropertyValueSpecification","valueRequired":true,"valueName":"search_term_string"}}],"inLanguage":"lt"},{"@type":"Organization","@id":"https:\/\/hobstop.ee\/lt\/#organization","name":"Vunder AS","url":"https:\/\/hobstop.ee\/lt\/","logo":{"@type":"ImageObject","inLanguage":"lt","@id":"https:\/\/hobstop.ee\/lt\/#\/schema\/logo\/image\/","url":"https:\/\/hobstop.ee\/media\/vunder-logo.png","contentUrl":"https:\/\/hobstop.ee\/media\/vunder-logo.png","width":127,"height":55,"caption":"Vunder AS"},"image":{"@id":"https:\/\/hobstop.ee\/lt\/#\/schema\/logo\/image\/"},"sameAs":["http:\/\/www.facebook.com\/VunderSkizze"]}]}},"_links":{"self":[{"href":"https:\/\/hobstop.ee\/lt\/wp-json\/wp\/v2\/product\/335312","targetHints":{"allow":["GET"]}}],"collection":[{"href":"https:\/\/hobstop.ee\/lt\/wp-json\/wp\/v2\/product"}],"about":[{"href":"https:\/\/hobstop.ee\/lt\/wp-json\/wp\/v2\/types\/product"}],"replies":[{"embeddable":true,"href":"https:\/\/hobstop.ee\/lt\/wp-json\/wp\/v2\/comments?post=335312"}],"wp:attachment":[{"href":"https:\/\/hobstop.ee\/lt\/wp-json\/wp\/v2\/media?parent=335312"}],"wp:term":[{"taxonomy":"product_cat","embeddable":true,"href":"https:\/\/hobstop.ee\/lt\/wp-json\/wp\/v2\/product_cat?post=335312"},{"taxonomy":"product_tag","embeddable":true,"href":"https:\/\/hobstop.ee\/lt\/wp-json\/wp\/v2\/product_tag?post=335312"}],"curies":[{"name":"wp","href":"https:\/\/api.w.org\/{rel}","templated":true}]}}