{"id":335316,"date":"2019-05-23T16:18:58","date_gmt":"2019-05-23T13:19:04","guid":{"rendered":"https:\/\/sharks.ee\/vunder_2019\/product\/meistravimo-komplektas-maped-creativ-mini-box-taupykle\/"},"modified":"2019-05-23T16:19:04","modified_gmt":"2019-05-23T13:19:04","slug":"meistravimo-komplektas-maped-creativ-mini-box-taupykle","status":"publish","type":"product","link":"https:\/\/hobstop.ee\/lt\/produktas\/meistravimo-komplektas-maped-creativ-mini-box-taupykle\/","title":{"rendered":"Meistravimo komplektas Maped Creativ Mini Box taupykl\u0117"},"content":{"rendered":"<p>Nuspalvinkite ir sukurkite savo kiaul\u0119-taupykl\u0119! \u012emetus monet\u0105 sujuda kiaul\u0117s-taupykl\u0117s kojos.<\/p>\n<p>Veiklos apra\u0161as:<br \/>\n1) Kiaul\u0119 taupykl\u0119 nuspalvinkite pasirinktomis spalvomis<br \/>\n2) Surinkite ir pritvirtinkite kojeles<br \/>\n3) \u012emeskite savo monetas<\/p>\n<p>Rinkinyje yra:<br \/>\nKiaul\u0117 taupykl\u0117 popieriuje su \u0161velnia med\u017eiaga (tikslesniam spalvinimui)<br \/>\n6 \u201eColor\u2019Peps Jungle\u201c flomasteriai<\/p>\n","protected":false},"excerpt":{"rendered":"<p>Nuspalvinkite ir sukurkite savo kiaul\u0119-taupykl\u0119! \u012emetus monet\u0105 sujuda kiaul\u0117s-taupykl\u0117s kojos. Veiklos apra\u0161as: 1) Kiaul\u0119 taupykl\u0119 nuspalvinkite pasirinktomis spalvomis 2) Surinkite ir pritvirtinkite kojeles 3) \u012emeskite savo monetas Rinkinyje yra: Kiaul\u0117 taupykl\u0117 popieriuje su \u0161velnia med\u017eiaga (tikslesniam spalvinimui) 6 \u201eColor\u2019Peps Jungle\u201c flomasteriai<\/p>\n","protected":false},"featured_media":352984,"comment_status":"closed","ping_status":"closed","template":"","meta":{"_acf_changed":false,"ep_exclude_from_search":false},"product_cat":[20387,20393,19836],"product_tag":[],"class_list":{"0":"post-335316","1":"product","2":"type-product","3":"status-publish","4":"has-post-thumbnail","6":"product_cat-rankdarbiai-2","7":"product_cat-rankdarbiu-rinkiniai","8":"product_cat-vaiku-laisvalaikio-prekes","10":"first","11":"instock","12":"taxable","13":"shipping-taxable","14":"product-type-simple"},"acf":[],"yoast_head":"<!-- This site is optimized with the Yoast SEO plugin v24.1 - https:\/\/yoast.com\/wordpress\/plugins\/seo\/ -->\n<title>Meistravimo komplektas Maped Creativ Mini Box taupykl\u0117 &#8211; Skizze<\/title>\n<meta name=\"robots\" content=\"noindex, follow, max-snippet:-1, max-image-preview:large, max-video-preview:-1\" \/>\n<meta property=\"og:locale\" content=\"lt_LT\" \/>\n<meta property=\"og:type\" content=\"article\" \/>\n<meta property=\"og:title\" content=\"Meistravimo komplektas Maped Creativ Mini Box taupykl\u0117 &#8211; Skizze\" \/>\n<meta property=\"og:description\" content=\"Nuspalvinkite ir sukurkite savo kiaul\u0119-taupykl\u0119! \u012emetus monet\u0105 sujuda kiaul\u0117s-taupykl\u0117s kojos. Veiklos apra\u0161as: 1) Kiaul\u0119 taupykl\u0119 nuspalvinkite pasirinktomis spalvomis 2) Surinkite ir pritvirtinkite kojeles 3) \u012emeskite savo monetas Rinkinyje yra: Kiaul\u0117 taupykl\u0117 popieriuje su \u0161velnia med\u017eiaga (tikslesniam spalvinimui) 6 \u201eColor\u2019Peps Jungle\u201c flomasteriai\" \/>\n<meta property=\"og:url\" content=\"https:\/\/hobstop.ee\/lt\/produktas\/meistravimo-komplektas-maped-creativ-mini-box-taupykle\/\" \/>\n<meta property=\"og:site_name\" content=\"Skizze\" \/>\n<meta property=\"article:publisher\" content=\"http:\/\/www.facebook.com\/VunderSkizze\" \/>\n<meta property=\"og:image\" content=\"https:\/\/hobstop.ee\/media\/4994.jpg\" \/>\n\t<meta property=\"og:image:width\" content=\"1024\" \/>\n\t<meta property=\"og:image:height\" content=\"768\" \/>\n\t<meta property=\"og:image:type\" content=\"image\/jpeg\" \/>\n<meta name=\"twitter:card\" content=\"summary_large_image\" \/>\n<script type=\"application\/ld+json\" class=\"yoast-schema-graph\">{\"@context\":\"https:\/\/schema.org\",\"@graph\":[{\"@type\":\"WebPage\",\"@id\":\"https:\/\/hobstop.ee\/lt\/produktas\/meistravimo-komplektas-maped-creativ-mini-box-taupykle\/\",\"url\":\"https:\/\/hobstop.ee\/lt\/produktas\/meistravimo-komplektas-maped-creativ-mini-box-taupykle\/\",\"name\":\"Meistravimo komplektas Maped Creativ Mini Box taupykl\u0117 &#8211; Skizze\",\"isPartOf\":{\"@id\":\"https:\/\/hobstop.ee\/lt\/#website\"},\"primaryImageOfPage\":{\"@id\":\"https:\/\/hobstop.ee\/lt\/produktas\/meistravimo-komplektas-maped-creativ-mini-box-taupykle\/#primaryimage\"},\"image\":{\"@id\":\"https:\/\/hobstop.ee\/lt\/produktas\/meistravimo-komplektas-maped-creativ-mini-box-taupykle\/#primaryimage\"},\"thumbnailUrl\":\"https:\/\/hobstop.ee\/media\/4994.jpg\",\"datePublished\":\"2019-05-23T13:19:04+00:00\",\"dateModified\":\"2019-05-23T13:19:04+00:00\",\"breadcrumb\":{\"@id\":\"https:\/\/hobstop.ee\/lt\/produktas\/meistravimo-komplektas-maped-creativ-mini-box-taupykle\/#breadcrumb\"},\"inLanguage\":\"lt\",\"potentialAction\":[{\"@type\":\"ReadAction\",\"target\":[\"https:\/\/hobstop.ee\/lt\/produktas\/meistravimo-komplektas-maped-creativ-mini-box-taupykle\/\"]}]},{\"@type\":\"ImageObject\",\"inLanguage\":\"lt\",\"@id\":\"https:\/\/hobstop.ee\/lt\/produktas\/meistravimo-komplektas-maped-creativ-mini-box-taupykle\/#primaryimage\",\"url\":\"https:\/\/hobstop.ee\/media\/4994.jpg\",\"contentUrl\":\"https:\/\/hobstop.ee\/media\/4994.jpg\",\"width\":1024,\"height\":768},{\"@type\":\"BreadcrumbList\",\"@id\":\"https:\/\/hobstop.ee\/lt\/produktas\/meistravimo-komplektas-maped-creativ-mini-box-taupykle\/#breadcrumb\",\"itemListElement\":[{\"@type\":\"ListItem\",\"position\":1,\"name\":\"Avaleht\",\"item\":\"https:\/\/hobstop.ee\/lt\/\"},{\"@type\":\"ListItem\",\"position\":2,\"name\":\"Parduotuv\u0117\",\"item\":\"https:\/\/hobstop.ee\/lt\/parduotuve\/\"},{\"@type\":\"ListItem\",\"position\":3,\"name\":\"Meistravimo komplektas Maped Creativ Mini Box taupykl\u0117\"}]},{\"@type\":\"WebSite\",\"@id\":\"https:\/\/hobstop.ee\/lt\/#website\",\"url\":\"https:\/\/hobstop.ee\/lt\/\",\"name\":\"Skizze\",\"description\":\"Dail\u0117s, pom\u0117gi\u0173 ir mokykliniai reikm\u0117nys\",\"publisher\":{\"@id\":\"https:\/\/hobstop.ee\/lt\/#organization\"},\"potentialAction\":[{\"@type\":\"SearchAction\",\"target\":{\"@type\":\"EntryPoint\",\"urlTemplate\":\"https:\/\/hobstop.ee\/lt\/?s={search_term_string}\"},\"query-input\":{\"@type\":\"PropertyValueSpecification\",\"valueRequired\":true,\"valueName\":\"search_term_string\"}}],\"inLanguage\":\"lt\"},{\"@type\":\"Organization\",\"@id\":\"https:\/\/hobstop.ee\/lt\/#organization\",\"name\":\"Vunder AS\",\"url\":\"https:\/\/hobstop.ee\/lt\/\",\"logo\":{\"@type\":\"ImageObject\",\"inLanguage\":\"lt\",\"@id\":\"https:\/\/hobstop.ee\/lt\/#\/schema\/logo\/image\/\",\"url\":\"https:\/\/hobstop.ee\/media\/vunder-logo.png\",\"contentUrl\":\"https:\/\/hobstop.ee\/media\/vunder-logo.png\",\"width\":127,\"height\":55,\"caption\":\"Vunder AS\"},\"image\":{\"@id\":\"https:\/\/hobstop.ee\/lt\/#\/schema\/logo\/image\/\"},\"sameAs\":[\"http:\/\/www.facebook.com\/VunderSkizze\"]}]}<\/script>\n<!-- \/ Yoast SEO plugin. -->","yoast_head_json":{"title":"Meistravimo komplektas Maped Creativ Mini Box taupykl\u0117 &#8211; Skizze","robots":{"index":"noindex","follow":"follow","max-snippet":"max-snippet:-1","max-image-preview":"max-image-preview:large","max-video-preview":"max-video-preview:-1"},"og_locale":"lt_LT","og_type":"article","og_title":"Meistravimo komplektas Maped Creativ Mini Box taupykl\u0117 &#8211; Skizze","og_description":"Nuspalvinkite ir sukurkite savo kiaul\u0119-taupykl\u0119! \u012emetus monet\u0105 sujuda kiaul\u0117s-taupykl\u0117s kojos. Veiklos apra\u0161as: 1) Kiaul\u0119 taupykl\u0119 nuspalvinkite pasirinktomis spalvomis 2) Surinkite ir pritvirtinkite kojeles 3) \u012emeskite savo monetas Rinkinyje yra: Kiaul\u0117 taupykl\u0117 popieriuje su \u0161velnia med\u017eiaga (tikslesniam spalvinimui) 6 \u201eColor\u2019Peps Jungle\u201c flomasteriai","og_url":"https:\/\/hobstop.ee\/lt\/produktas\/meistravimo-komplektas-maped-creativ-mini-box-taupykle\/","og_site_name":"Skizze","article_publisher":"http:\/\/www.facebook.com\/VunderSkizze","og_image":[{"width":1024,"height":768,"url":"https:\/\/hobstop.ee\/media\/4994.jpg","type":"image\/jpeg"}],"twitter_card":"summary_large_image","schema":{"@context":"https:\/\/schema.org","@graph":[{"@type":"WebPage","@id":"https:\/\/hobstop.ee\/lt\/produktas\/meistravimo-komplektas-maped-creativ-mini-box-taupykle\/","url":"https:\/\/hobstop.ee\/lt\/produktas\/meistravimo-komplektas-maped-creativ-mini-box-taupykle\/","name":"Meistravimo komplektas Maped Creativ Mini Box taupykl\u0117 &#8211; Skizze","isPartOf":{"@id":"https:\/\/hobstop.ee\/lt\/#website"},"primaryImageOfPage":{"@id":"https:\/\/hobstop.ee\/lt\/produktas\/meistravimo-komplektas-maped-creativ-mini-box-taupykle\/#primaryimage"},"image":{"@id":"https:\/\/hobstop.ee\/lt\/produktas\/meistravimo-komplektas-maped-creativ-mini-box-taupykle\/#primaryimage"},"thumbnailUrl":"https:\/\/hobstop.ee\/media\/4994.jpg","datePublished":"2019-05-23T13:19:04+00:00","dateModified":"2019-05-23T13:19:04+00:00","breadcrumb":{"@id":"https:\/\/hobstop.ee\/lt\/produktas\/meistravimo-komplektas-maped-creativ-mini-box-taupykle\/#breadcrumb"},"inLanguage":"lt","potentialAction":[{"@type":"ReadAction","target":["https:\/\/hobstop.ee\/lt\/produktas\/meistravimo-komplektas-maped-creativ-mini-box-taupykle\/"]}]},{"@type":"ImageObject","inLanguage":"lt","@id":"https:\/\/hobstop.ee\/lt\/produktas\/meistravimo-komplektas-maped-creativ-mini-box-taupykle\/#primaryimage","url":"https:\/\/hobstop.ee\/media\/4994.jpg","contentUrl":"https:\/\/hobstop.ee\/media\/4994.jpg","width":1024,"height":768},{"@type":"BreadcrumbList","@id":"https:\/\/hobstop.ee\/lt\/produktas\/meistravimo-komplektas-maped-creativ-mini-box-taupykle\/#breadcrumb","itemListElement":[{"@type":"ListItem","position":1,"name":"Avaleht","item":"https:\/\/hobstop.ee\/lt\/"},{"@type":"ListItem","position":2,"name":"Parduotuv\u0117","item":"https:\/\/hobstop.ee\/lt\/parduotuve\/"},{"@type":"ListItem","position":3,"name":"Meistravimo komplektas Maped Creativ Mini Box taupykl\u0117"}]},{"@type":"WebSite","@id":"https:\/\/hobstop.ee\/lt\/#website","url":"https:\/\/hobstop.ee\/lt\/","name":"Skizze","description":"Dail\u0117s, pom\u0117gi\u0173 ir mokykliniai reikm\u0117nys","publisher":{"@id":"https:\/\/hobstop.ee\/lt\/#organization"},"potentialAction":[{"@type":"SearchAction","target":{"@type":"EntryPoint","urlTemplate":"https:\/\/hobstop.ee\/lt\/?s={search_term_string}"},"query-input":{"@type":"PropertyValueSpecification","valueRequired":true,"valueName":"search_term_string"}}],"inLanguage":"lt"},{"@type":"Organization","@id":"https:\/\/hobstop.ee\/lt\/#organization","name":"Vunder AS","url":"https:\/\/hobstop.ee\/lt\/","logo":{"@type":"ImageObject","inLanguage":"lt","@id":"https:\/\/hobstop.ee\/lt\/#\/schema\/logo\/image\/","url":"https:\/\/hobstop.ee\/media\/vunder-logo.png","contentUrl":"https:\/\/hobstop.ee\/media\/vunder-logo.png","width":127,"height":55,"caption":"Vunder AS"},"image":{"@id":"https:\/\/hobstop.ee\/lt\/#\/schema\/logo\/image\/"},"sameAs":["http:\/\/www.facebook.com\/VunderSkizze"]}]}},"_links":{"self":[{"href":"https:\/\/hobstop.ee\/lt\/wp-json\/wp\/v2\/product\/335316","targetHints":{"allow":["GET"]}}],"collection":[{"href":"https:\/\/hobstop.ee\/lt\/wp-json\/wp\/v2\/product"}],"about":[{"href":"https:\/\/hobstop.ee\/lt\/wp-json\/wp\/v2\/types\/product"}],"replies":[{"embeddable":true,"href":"https:\/\/hobstop.ee\/lt\/wp-json\/wp\/v2\/comments?post=335316"}],"wp:featuredmedia":[{"embeddable":true,"href":"https:\/\/hobstop.ee\/lt\/wp-json\/wp\/v2\/media\/352984"}],"wp:attachment":[{"href":"https:\/\/hobstop.ee\/lt\/wp-json\/wp\/v2\/media?parent=335316"}],"wp:term":[{"taxonomy":"product_cat","embeddable":true,"href":"https:\/\/hobstop.ee\/lt\/wp-json\/wp\/v2\/product_cat?post=335316"},{"taxonomy":"product_tag","embeddable":true,"href":"https:\/\/hobstop.ee\/lt\/wp-json\/wp\/v2\/product_tag?post=335316"}],"curies":[{"name":"wp","href":"https:\/\/api.w.org\/{rel}","templated":true}]}}