{"id":335324,"date":"2019-05-23T16:19:12","date_gmt":"2019-05-23T13:19:16","guid":{"rendered":"https:\/\/sharks.ee\/vunder_2019\/product\/mozaikos-lipduku-rinkinys-maped-creativ-mini-box\/"},"modified":"2019-05-23T16:19:16","modified_gmt":"2019-05-23T13:19:16","slug":"mozaikos-lipduku-rinkinys-maped-creativ-mini-box","status":"publish","type":"product","link":"https:\/\/hobstop.ee\/lt\/produktas\/mozaikos-lipduku-rinkinys-maped-creativ-mini-box\/","title":{"rendered":"Mozaikos lipduk\u0173 rinkinys Maped Creativ Mini Box"},"content":{"rendered":"<p>Su spalvingais mozaikiniais lipdukais sukurkite fotografavimo kabinos priedus<\/p>\n<p>Veiklos apra\u0161as:<br \/>\n1) Prie pried\u0173 priklijuokite mozaikinius lipdukus.<br \/>\n2) Ant lazdeli\u0173 lipni\u0173 juosteli\u0173 gabal\u0117liais prilipdykite priedus.<br \/>\n3) Linksminkit\u0117s su draugais.<\/p>\n<p>Rinkinyje yra:<br \/>\n3 \u017eaidimo lapai<br \/>\n7 mozaikos lapai<br \/>\n4 lazdel\u0117s<br \/>\nDvipusis lipduk\u0173 lapas<\/p>\n","protected":false},"excerpt":{"rendered":"<p>Su spalvingais mozaikiniais lipdukais sukurkite fotografavimo kabinos priedus Veiklos apra\u0161as: 1) Prie pried\u0173 priklijuokite mozaikinius lipdukus. 2) Ant lazdeli\u0173 lipni\u0173 juosteli\u0173 gabal\u0117liais prilipdykite priedus. 3) Linksminkit\u0117s su draugais. Rinkinyje yra: 3 \u017eaidimo lapai 7 mozaikos lapai 4 lazdel\u0117s Dvipusis lipduk\u0173 lapas<\/p>\n","protected":false},"featured_media":352980,"comment_status":"closed","ping_status":"closed","template":"","meta":{"_acf_changed":false,"ep_exclude_from_search":false},"product_cat":[20387,20393,19836],"product_tag":[],"class_list":{"0":"post-335324","1":"product","2":"type-product","3":"status-publish","4":"has-post-thumbnail","6":"product_cat-rankdarbiai-2","7":"product_cat-rankdarbiu-rinkiniai","8":"product_cat-vaiku-laisvalaikio-prekes","10":"first","11":"instock","12":"taxable","13":"shipping-taxable","14":"product-type-simple"},"acf":[],"yoast_head":"<!-- This site is optimized with the Yoast SEO plugin v24.1 - https:\/\/yoast.com\/wordpress\/plugins\/seo\/ -->\n<title>Mozaikos lipduk\u0173 rinkinys Maped Creativ Mini Box &#8211; Skizze<\/title>\n<meta name=\"robots\" content=\"noindex, follow, max-snippet:-1, max-image-preview:large, max-video-preview:-1\" \/>\n<meta property=\"og:locale\" content=\"lt_LT\" \/>\n<meta property=\"og:type\" content=\"article\" \/>\n<meta property=\"og:title\" content=\"Mozaikos lipduk\u0173 rinkinys Maped Creativ Mini Box &#8211; Skizze\" \/>\n<meta property=\"og:description\" content=\"Su spalvingais mozaikiniais lipdukais sukurkite fotografavimo kabinos priedus Veiklos apra\u0161as: 1) Prie pried\u0173 priklijuokite mozaikinius lipdukus. 2) Ant lazdeli\u0173 lipni\u0173 juosteli\u0173 gabal\u0117liais prilipdykite priedus. 3) Linksminkit\u0117s su draugais. Rinkinyje yra: 3 \u017eaidimo lapai 7 mozaikos lapai 4 lazdel\u0117s Dvipusis lipduk\u0173 lapas\" \/>\n<meta property=\"og:url\" content=\"https:\/\/hobstop.ee\/lt\/produktas\/mozaikos-lipduku-rinkinys-maped-creativ-mini-box\/\" \/>\n<meta property=\"og:site_name\" content=\"Skizze\" \/>\n<meta property=\"article:publisher\" content=\"http:\/\/www.facebook.com\/VunderSkizze\" \/>\n<meta property=\"og:image\" content=\"https:\/\/www.hobstop.ee\/media\/4996.jpg\" \/>\n\t<meta property=\"og:image:width\" content=\"1024\" \/>\n\t<meta property=\"og:image:height\" content=\"768\" \/>\n\t<meta property=\"og:image:type\" content=\"image\/jpeg\" \/>\n<meta name=\"twitter:card\" content=\"summary_large_image\" \/>\n<script type=\"application\/ld+json\" class=\"yoast-schema-graph\">{\"@context\":\"https:\/\/schema.org\",\"@graph\":[{\"@type\":\"WebPage\",\"@id\":\"https:\/\/hobstop.ee\/lt\/produktas\/mozaikos-lipduku-rinkinys-maped-creativ-mini-box\/\",\"url\":\"https:\/\/hobstop.ee\/lt\/produktas\/mozaikos-lipduku-rinkinys-maped-creativ-mini-box\/\",\"name\":\"Mozaikos lipduk\u0173 rinkinys Maped Creativ Mini Box &#8211; Skizze\",\"isPartOf\":{\"@id\":\"https:\/\/hobstop.ee\/lt\/#website\"},\"primaryImageOfPage\":{\"@id\":\"https:\/\/hobstop.ee\/lt\/produktas\/mozaikos-lipduku-rinkinys-maped-creativ-mini-box\/#primaryimage\"},\"image\":{\"@id\":\"https:\/\/hobstop.ee\/lt\/produktas\/mozaikos-lipduku-rinkinys-maped-creativ-mini-box\/#primaryimage\"},\"thumbnailUrl\":\"https:\/\/hobstop.ee\/media\/4996.jpg\",\"datePublished\":\"2019-05-23T13:19:16+00:00\",\"dateModified\":\"2019-05-23T13:19:16+00:00\",\"breadcrumb\":{\"@id\":\"https:\/\/hobstop.ee\/lt\/produktas\/mozaikos-lipduku-rinkinys-maped-creativ-mini-box\/#breadcrumb\"},\"inLanguage\":\"lt\",\"potentialAction\":[{\"@type\":\"ReadAction\",\"target\":[\"https:\/\/hobstop.ee\/lt\/produktas\/mozaikos-lipduku-rinkinys-maped-creativ-mini-box\/\"]}]},{\"@type\":\"ImageObject\",\"inLanguage\":\"lt\",\"@id\":\"https:\/\/hobstop.ee\/lt\/produktas\/mozaikos-lipduku-rinkinys-maped-creativ-mini-box\/#primaryimage\",\"url\":\"https:\/\/hobstop.ee\/media\/4996.jpg\",\"contentUrl\":\"https:\/\/hobstop.ee\/media\/4996.jpg\",\"width\":1024,\"height\":768},{\"@type\":\"BreadcrumbList\",\"@id\":\"https:\/\/hobstop.ee\/lt\/produktas\/mozaikos-lipduku-rinkinys-maped-creativ-mini-box\/#breadcrumb\",\"itemListElement\":[{\"@type\":\"ListItem\",\"position\":1,\"name\":\"Avaleht\",\"item\":\"https:\/\/hobstop.ee\/lt\/\"},{\"@type\":\"ListItem\",\"position\":2,\"name\":\"Parduotuv\u0117\",\"item\":\"https:\/\/hobstop.ee\/lt\/parduotuve\/\"},{\"@type\":\"ListItem\",\"position\":3,\"name\":\"Mozaikos lipduk\u0173 rinkinys Maped Creativ Mini Box\"}]},{\"@type\":\"WebSite\",\"@id\":\"https:\/\/hobstop.ee\/lt\/#website\",\"url\":\"https:\/\/hobstop.ee\/lt\/\",\"name\":\"Skizze\",\"description\":\"Dail\u0117s, pom\u0117gi\u0173 ir mokykliniai reikm\u0117nys\",\"publisher\":{\"@id\":\"https:\/\/hobstop.ee\/lt\/#organization\"},\"potentialAction\":[{\"@type\":\"SearchAction\",\"target\":{\"@type\":\"EntryPoint\",\"urlTemplate\":\"https:\/\/hobstop.ee\/lt\/?s={search_term_string}\"},\"query-input\":{\"@type\":\"PropertyValueSpecification\",\"valueRequired\":true,\"valueName\":\"search_term_string\"}}],\"inLanguage\":\"lt\"},{\"@type\":\"Organization\",\"@id\":\"https:\/\/hobstop.ee\/lt\/#organization\",\"name\":\"Vunder AS\",\"url\":\"https:\/\/hobstop.ee\/lt\/\",\"logo\":{\"@type\":\"ImageObject\",\"inLanguage\":\"lt\",\"@id\":\"https:\/\/hobstop.ee\/lt\/#\/schema\/logo\/image\/\",\"url\":\"https:\/\/hobstop.ee\/media\/vunder-logo.png\",\"contentUrl\":\"https:\/\/hobstop.ee\/media\/vunder-logo.png\",\"width\":127,\"height\":55,\"caption\":\"Vunder AS\"},\"image\":{\"@id\":\"https:\/\/hobstop.ee\/lt\/#\/schema\/logo\/image\/\"},\"sameAs\":[\"http:\/\/www.facebook.com\/VunderSkizze\"]}]}<\/script>\n<!-- \/ Yoast SEO plugin. -->","yoast_head_json":{"title":"Mozaikos lipduk\u0173 rinkinys Maped Creativ Mini Box &#8211; Skizze","robots":{"index":"noindex","follow":"follow","max-snippet":"max-snippet:-1","max-image-preview":"max-image-preview:large","max-video-preview":"max-video-preview:-1"},"og_locale":"lt_LT","og_type":"article","og_title":"Mozaikos lipduk\u0173 rinkinys Maped Creativ Mini Box &#8211; Skizze","og_description":"Su spalvingais mozaikiniais lipdukais sukurkite fotografavimo kabinos priedus Veiklos apra\u0161as: 1) Prie pried\u0173 priklijuokite mozaikinius lipdukus. 2) Ant lazdeli\u0173 lipni\u0173 juosteli\u0173 gabal\u0117liais prilipdykite priedus. 3) Linksminkit\u0117s su draugais. Rinkinyje yra: 3 \u017eaidimo lapai 7 mozaikos lapai 4 lazdel\u0117s Dvipusis lipduk\u0173 lapas","og_url":"https:\/\/hobstop.ee\/lt\/produktas\/mozaikos-lipduku-rinkinys-maped-creativ-mini-box\/","og_site_name":"Skizze","article_publisher":"http:\/\/www.facebook.com\/VunderSkizze","og_image":[{"width":1024,"height":768,"url":"https:\/\/www.hobstop.ee\/media\/4996.jpg","type":"image\/jpeg"}],"twitter_card":"summary_large_image","schema":{"@context":"https:\/\/schema.org","@graph":[{"@type":"WebPage","@id":"https:\/\/hobstop.ee\/lt\/produktas\/mozaikos-lipduku-rinkinys-maped-creativ-mini-box\/","url":"https:\/\/hobstop.ee\/lt\/produktas\/mozaikos-lipduku-rinkinys-maped-creativ-mini-box\/","name":"Mozaikos lipduk\u0173 rinkinys Maped Creativ Mini Box &#8211; Skizze","isPartOf":{"@id":"https:\/\/hobstop.ee\/lt\/#website"},"primaryImageOfPage":{"@id":"https:\/\/hobstop.ee\/lt\/produktas\/mozaikos-lipduku-rinkinys-maped-creativ-mini-box\/#primaryimage"},"image":{"@id":"https:\/\/hobstop.ee\/lt\/produktas\/mozaikos-lipduku-rinkinys-maped-creativ-mini-box\/#primaryimage"},"thumbnailUrl":"https:\/\/hobstop.ee\/media\/4996.jpg","datePublished":"2019-05-23T13:19:16+00:00","dateModified":"2019-05-23T13:19:16+00:00","breadcrumb":{"@id":"https:\/\/hobstop.ee\/lt\/produktas\/mozaikos-lipduku-rinkinys-maped-creativ-mini-box\/#breadcrumb"},"inLanguage":"lt","potentialAction":[{"@type":"ReadAction","target":["https:\/\/hobstop.ee\/lt\/produktas\/mozaikos-lipduku-rinkinys-maped-creativ-mini-box\/"]}]},{"@type":"ImageObject","inLanguage":"lt","@id":"https:\/\/hobstop.ee\/lt\/produktas\/mozaikos-lipduku-rinkinys-maped-creativ-mini-box\/#primaryimage","url":"https:\/\/hobstop.ee\/media\/4996.jpg","contentUrl":"https:\/\/hobstop.ee\/media\/4996.jpg","width":1024,"height":768},{"@type":"BreadcrumbList","@id":"https:\/\/hobstop.ee\/lt\/produktas\/mozaikos-lipduku-rinkinys-maped-creativ-mini-box\/#breadcrumb","itemListElement":[{"@type":"ListItem","position":1,"name":"Avaleht","item":"https:\/\/hobstop.ee\/lt\/"},{"@type":"ListItem","position":2,"name":"Parduotuv\u0117","item":"https:\/\/hobstop.ee\/lt\/parduotuve\/"},{"@type":"ListItem","position":3,"name":"Mozaikos lipduk\u0173 rinkinys Maped Creativ Mini Box"}]},{"@type":"WebSite","@id":"https:\/\/hobstop.ee\/lt\/#website","url":"https:\/\/hobstop.ee\/lt\/","name":"Skizze","description":"Dail\u0117s, pom\u0117gi\u0173 ir mokykliniai reikm\u0117nys","publisher":{"@id":"https:\/\/hobstop.ee\/lt\/#organization"},"potentialAction":[{"@type":"SearchAction","target":{"@type":"EntryPoint","urlTemplate":"https:\/\/hobstop.ee\/lt\/?s={search_term_string}"},"query-input":{"@type":"PropertyValueSpecification","valueRequired":true,"valueName":"search_term_string"}}],"inLanguage":"lt"},{"@type":"Organization","@id":"https:\/\/hobstop.ee\/lt\/#organization","name":"Vunder AS","url":"https:\/\/hobstop.ee\/lt\/","logo":{"@type":"ImageObject","inLanguage":"lt","@id":"https:\/\/hobstop.ee\/lt\/#\/schema\/logo\/image\/","url":"https:\/\/hobstop.ee\/media\/vunder-logo.png","contentUrl":"https:\/\/hobstop.ee\/media\/vunder-logo.png","width":127,"height":55,"caption":"Vunder AS"},"image":{"@id":"https:\/\/hobstop.ee\/lt\/#\/schema\/logo\/image\/"},"sameAs":["http:\/\/www.facebook.com\/VunderSkizze"]}]}},"_links":{"self":[{"href":"https:\/\/hobstop.ee\/lt\/wp-json\/wp\/v2\/product\/335324","targetHints":{"allow":["GET"]}}],"collection":[{"href":"https:\/\/hobstop.ee\/lt\/wp-json\/wp\/v2\/product"}],"about":[{"href":"https:\/\/hobstop.ee\/lt\/wp-json\/wp\/v2\/types\/product"}],"replies":[{"embeddable":true,"href":"https:\/\/hobstop.ee\/lt\/wp-json\/wp\/v2\/comments?post=335324"}],"wp:featuredmedia":[{"embeddable":true,"href":"https:\/\/hobstop.ee\/lt\/wp-json\/wp\/v2\/media\/352980"}],"wp:attachment":[{"href":"https:\/\/hobstop.ee\/lt\/wp-json\/wp\/v2\/media?parent=335324"}],"wp:term":[{"taxonomy":"product_cat","embeddable":true,"href":"https:\/\/hobstop.ee\/lt\/wp-json\/wp\/v2\/product_cat?post=335324"},{"taxonomy":"product_tag","embeddable":true,"href":"https:\/\/hobstop.ee\/lt\/wp-json\/wp\/v2\/product_tag?post=335324"}],"curies":[{"name":"wp","href":"https:\/\/api.w.org\/{rel}","templated":true}]}}