{"id":335328,"date":"2019-05-23T16:19:18","date_gmt":"2019-05-23T13:19:21","guid":{"rendered":"https:\/\/sharks.ee\/vunder_2019\/product\/girlianda-maped-creativ-mini-box\/"},"modified":"2019-05-23T16:19:21","modified_gmt":"2019-05-23T13:19:21","slug":"girlianda-maped-creativ-mini-box","status":"publish","type":"product","link":"https:\/\/hobstop.ee\/lt\/produktas\/girlianda-maped-creativ-mini-box\/","title":{"rendered":"Girlianda Maped Creativ Mini Box"},"content":{"rendered":"<p>Sukurkite vainik\u0105 dovanoms arba kambariui dekoruoti.<\/p>\n<p>Veiklos apra\u0161as:<br \/>\n1) Flomasteriais \u201eColor\u2019Peps Ocean\u201c nupie\u0161kite dekoratyvinius ornamentus.<br \/>\n2) I\u0161dekoruokite juos si\u016blais.<br \/>\n3) Sud\u0117kite atskiras dalis ir sukurkite savo vainik\u0105.<\/p>\n<p>Rinkinyje yra:<br \/>\nSpirografas<br \/>\n3 skirtingi ratukai<br \/>\n2 si\u016bl\u0173 rit\u0117s<br \/>\n6 flomasteriai \u201eColor\u2019Peps Ocean\u201c<\/p>\n","protected":false},"excerpt":{"rendered":"<p>Sukurkite vainik\u0105 dovanoms arba kambariui dekoruoti. Veiklos apra\u0161as: 1) Flomasteriais \u201eColor\u2019Peps Ocean\u201c nupie\u0161kite dekoratyvinius ornamentus. 2) I\u0161dekoruokite juos si\u016blais. 3) Sud\u0117kite atskiras dalis ir sukurkite savo vainik\u0105. Rinkinyje yra: Spirografas 3 skirtingi ratukai 2 si\u016bl\u0173 rit\u0117s 6 flomasteriai \u201eColor\u2019Peps Ocean\u201c<\/p>\n","protected":false},"featured_media":0,"comment_status":"closed","ping_status":"closed","template":"","meta":{"_acf_changed":false,"ep_exclude_from_search":false},"product_cat":[20387,20393,19836],"product_tag":[],"class_list":{"0":"post-335328","1":"product","2":"type-product","3":"status-publish","5":"product_cat-rankdarbiai-2","6":"product_cat-rankdarbiu-rinkiniai","7":"product_cat-vaiku-laisvalaikio-prekes","9":"first","10":"instock","11":"taxable","12":"shipping-taxable","13":"product-type-simple"},"acf":[],"yoast_head":"<!-- This site is optimized with the Yoast SEO plugin v24.1 - https:\/\/yoast.com\/wordpress\/plugins\/seo\/ -->\n<title>Girlianda Maped Creativ Mini Box &#8211; Skizze<\/title>\n<meta name=\"robots\" content=\"noindex, follow, max-snippet:-1, max-image-preview:large, max-video-preview:-1\" \/>\n<meta property=\"og:locale\" content=\"lt_LT\" \/>\n<meta property=\"og:type\" content=\"article\" \/>\n<meta property=\"og:title\" content=\"Girlianda Maped Creativ Mini Box &#8211; Skizze\" \/>\n<meta property=\"og:description\" content=\"Sukurkite vainik\u0105 dovanoms arba kambariui dekoruoti. Veiklos apra\u0161as: 1) Flomasteriais \u201eColor\u2019Peps Ocean\u201c nupie\u0161kite dekoratyvinius ornamentus. 2) I\u0161dekoruokite juos si\u016blais. 3) Sud\u0117kite atskiras dalis ir sukurkite savo vainik\u0105. Rinkinyje yra: Spirografas 3 skirtingi ratukai 2 si\u016bl\u0173 rit\u0117s 6 flomasteriai \u201eColor\u2019Peps Ocean\u201c\" \/>\n<meta property=\"og:url\" content=\"https:\/\/hobstop.ee\/lt\/produktas\/girlianda-maped-creativ-mini-box\/\" \/>\n<meta property=\"og:site_name\" content=\"Skizze\" \/>\n<meta property=\"article:publisher\" content=\"http:\/\/www.facebook.com\/VunderSkizze\" \/>\n<meta name=\"twitter:card\" content=\"summary_large_image\" \/>\n<script type=\"application\/ld+json\" class=\"yoast-schema-graph\">{\"@context\":\"https:\/\/schema.org\",\"@graph\":[{\"@type\":\"WebPage\",\"@id\":\"https:\/\/hobstop.ee\/lt\/produktas\/girlianda-maped-creativ-mini-box\/\",\"url\":\"https:\/\/hobstop.ee\/lt\/produktas\/girlianda-maped-creativ-mini-box\/\",\"name\":\"Girlianda Maped Creativ Mini Box &#8211; Skizze\",\"isPartOf\":{\"@id\":\"https:\/\/hobstop.ee\/lt\/#website\"},\"datePublished\":\"2019-05-23T13:19:21+00:00\",\"dateModified\":\"2019-05-23T13:19:21+00:00\",\"breadcrumb\":{\"@id\":\"https:\/\/hobstop.ee\/lt\/produktas\/girlianda-maped-creativ-mini-box\/#breadcrumb\"},\"inLanguage\":\"lt\",\"potentialAction\":[{\"@type\":\"ReadAction\",\"target\":[\"https:\/\/hobstop.ee\/lt\/produktas\/girlianda-maped-creativ-mini-box\/\"]}]},{\"@type\":\"BreadcrumbList\",\"@id\":\"https:\/\/hobstop.ee\/lt\/produktas\/girlianda-maped-creativ-mini-box\/#breadcrumb\",\"itemListElement\":[{\"@type\":\"ListItem\",\"position\":1,\"name\":\"Avaleht\",\"item\":\"https:\/\/hobstop.ee\/lt\/\"},{\"@type\":\"ListItem\",\"position\":2,\"name\":\"Parduotuv\u0117\",\"item\":\"https:\/\/hobstop.ee\/lt\/parduotuve\/\"},{\"@type\":\"ListItem\",\"position\":3,\"name\":\"Girlianda Maped Creativ Mini Box\"}]},{\"@type\":\"WebSite\",\"@id\":\"https:\/\/hobstop.ee\/lt\/#website\",\"url\":\"https:\/\/hobstop.ee\/lt\/\",\"name\":\"Skizze\",\"description\":\"Dail\u0117s, pom\u0117gi\u0173 ir mokykliniai reikm\u0117nys\",\"publisher\":{\"@id\":\"https:\/\/hobstop.ee\/lt\/#organization\"},\"potentialAction\":[{\"@type\":\"SearchAction\",\"target\":{\"@type\":\"EntryPoint\",\"urlTemplate\":\"https:\/\/hobstop.ee\/lt\/?s={search_term_string}\"},\"query-input\":{\"@type\":\"PropertyValueSpecification\",\"valueRequired\":true,\"valueName\":\"search_term_string\"}}],\"inLanguage\":\"lt\"},{\"@type\":\"Organization\",\"@id\":\"https:\/\/hobstop.ee\/lt\/#organization\",\"name\":\"Vunder AS\",\"url\":\"https:\/\/hobstop.ee\/lt\/\",\"logo\":{\"@type\":\"ImageObject\",\"inLanguage\":\"lt\",\"@id\":\"https:\/\/hobstop.ee\/lt\/#\/schema\/logo\/image\/\",\"url\":\"https:\/\/hobstop.ee\/media\/vunder-logo.png\",\"contentUrl\":\"https:\/\/hobstop.ee\/media\/vunder-logo.png\",\"width\":127,\"height\":55,\"caption\":\"Vunder AS\"},\"image\":{\"@id\":\"https:\/\/hobstop.ee\/lt\/#\/schema\/logo\/image\/\"},\"sameAs\":[\"http:\/\/www.facebook.com\/VunderSkizze\"]}]}<\/script>\n<!-- \/ Yoast SEO plugin. -->","yoast_head_json":{"title":"Girlianda Maped Creativ Mini Box &#8211; Skizze","robots":{"index":"noindex","follow":"follow","max-snippet":"max-snippet:-1","max-image-preview":"max-image-preview:large","max-video-preview":"max-video-preview:-1"},"og_locale":"lt_LT","og_type":"article","og_title":"Girlianda Maped Creativ Mini Box &#8211; Skizze","og_description":"Sukurkite vainik\u0105 dovanoms arba kambariui dekoruoti. Veiklos apra\u0161as: 1) Flomasteriais \u201eColor\u2019Peps Ocean\u201c nupie\u0161kite dekoratyvinius ornamentus. 2) I\u0161dekoruokite juos si\u016blais. 3) Sud\u0117kite atskiras dalis ir sukurkite savo vainik\u0105. Rinkinyje yra: Spirografas 3 skirtingi ratukai 2 si\u016bl\u0173 rit\u0117s 6 flomasteriai \u201eColor\u2019Peps Ocean\u201c","og_url":"https:\/\/hobstop.ee\/lt\/produktas\/girlianda-maped-creativ-mini-box\/","og_site_name":"Skizze","article_publisher":"http:\/\/www.facebook.com\/VunderSkizze","twitter_card":"summary_large_image","schema":{"@context":"https:\/\/schema.org","@graph":[{"@type":"WebPage","@id":"https:\/\/hobstop.ee\/lt\/produktas\/girlianda-maped-creativ-mini-box\/","url":"https:\/\/hobstop.ee\/lt\/produktas\/girlianda-maped-creativ-mini-box\/","name":"Girlianda Maped Creativ Mini Box &#8211; Skizze","isPartOf":{"@id":"https:\/\/hobstop.ee\/lt\/#website"},"datePublished":"2019-05-23T13:19:21+00:00","dateModified":"2019-05-23T13:19:21+00:00","breadcrumb":{"@id":"https:\/\/hobstop.ee\/lt\/produktas\/girlianda-maped-creativ-mini-box\/#breadcrumb"},"inLanguage":"lt","potentialAction":[{"@type":"ReadAction","target":["https:\/\/hobstop.ee\/lt\/produktas\/girlianda-maped-creativ-mini-box\/"]}]},{"@type":"BreadcrumbList","@id":"https:\/\/hobstop.ee\/lt\/produktas\/girlianda-maped-creativ-mini-box\/#breadcrumb","itemListElement":[{"@type":"ListItem","position":1,"name":"Avaleht","item":"https:\/\/hobstop.ee\/lt\/"},{"@type":"ListItem","position":2,"name":"Parduotuv\u0117","item":"https:\/\/hobstop.ee\/lt\/parduotuve\/"},{"@type":"ListItem","position":3,"name":"Girlianda Maped Creativ Mini Box"}]},{"@type":"WebSite","@id":"https:\/\/hobstop.ee\/lt\/#website","url":"https:\/\/hobstop.ee\/lt\/","name":"Skizze","description":"Dail\u0117s, pom\u0117gi\u0173 ir mokykliniai reikm\u0117nys","publisher":{"@id":"https:\/\/hobstop.ee\/lt\/#organization"},"potentialAction":[{"@type":"SearchAction","target":{"@type":"EntryPoint","urlTemplate":"https:\/\/hobstop.ee\/lt\/?s={search_term_string}"},"query-input":{"@type":"PropertyValueSpecification","valueRequired":true,"valueName":"search_term_string"}}],"inLanguage":"lt"},{"@type":"Organization","@id":"https:\/\/hobstop.ee\/lt\/#organization","name":"Vunder AS","url":"https:\/\/hobstop.ee\/lt\/","logo":{"@type":"ImageObject","inLanguage":"lt","@id":"https:\/\/hobstop.ee\/lt\/#\/schema\/logo\/image\/","url":"https:\/\/hobstop.ee\/media\/vunder-logo.png","contentUrl":"https:\/\/hobstop.ee\/media\/vunder-logo.png","width":127,"height":55,"caption":"Vunder AS"},"image":{"@id":"https:\/\/hobstop.ee\/lt\/#\/schema\/logo\/image\/"},"sameAs":["http:\/\/www.facebook.com\/VunderSkizze"]}]}},"_links":{"self":[{"href":"https:\/\/hobstop.ee\/lt\/wp-json\/wp\/v2\/product\/335328","targetHints":{"allow":["GET"]}}],"collection":[{"href":"https:\/\/hobstop.ee\/lt\/wp-json\/wp\/v2\/product"}],"about":[{"href":"https:\/\/hobstop.ee\/lt\/wp-json\/wp\/v2\/types\/product"}],"replies":[{"embeddable":true,"href":"https:\/\/hobstop.ee\/lt\/wp-json\/wp\/v2\/comments?post=335328"}],"wp:attachment":[{"href":"https:\/\/hobstop.ee\/lt\/wp-json\/wp\/v2\/media?parent=335328"}],"wp:term":[{"taxonomy":"product_cat","embeddable":true,"href":"https:\/\/hobstop.ee\/lt\/wp-json\/wp\/v2\/product_cat?post=335328"},{"taxonomy":"product_tag","embeddable":true,"href":"https:\/\/hobstop.ee\/lt\/wp-json\/wp\/v2\/product_tag?post=335328"}],"curies":[{"name":"wp","href":"https:\/\/api.w.org\/{rel}","templated":true}]}}