{"id":335336,"date":"2019-05-23T16:19:28","date_gmt":"2019-05-23T13:19:32","guid":{"rendered":"https:\/\/sharks.ee\/vunder_2019\/product\/piesimo-rinkinys-su-magnetine-lenta-maped-creativ-artist-board-monsters\/"},"modified":"2019-05-23T16:19:32","modified_gmt":"2019-05-23T13:19:32","slug":"piesimo-rinkinys-su-magnetine-lenta-maped-creativ-artist-board-monsters","status":"publish","type":"product","link":"https:\/\/hobstop.ee\/lt\/produktas\/piesimo-rinkinys-su-magnetine-lenta-maped-creativ-artist-board-monsters\/","title":{"rendered":"Pie\u0161imo rinkinys su magnetine lenta Maped Creativ Artist Board Monsters"},"content":{"rendered":"<p>Sukurkite ir nuspalvinkite magnetines pabaisas!<\/p>\n<p>Veiklos apra\u0161as:<br \/>\n1) Pasirinkite magnet\u0105 su norimu pie\u0161iniu.<br \/>\n2) Sukurkite savo pabaisas ir nuspalvinkite juos markeriais.<br \/>\n3) Nutrinkite ir prad\u0117kite v\u0117l i\u0161 naujo!<\/p>\n<p>Rinkinyje yra:<br \/>\nMagnetin\u0117 lenta<br \/>\n6 sausi i\u0161trinami markeriai<br \/>\nLapas su magnetais<br \/>\nAudinys<\/p>\n","protected":false},"excerpt":{"rendered":"<p>Sukurkite ir nuspalvinkite magnetines pabaisas! Veiklos apra\u0161as: 1) Pasirinkite magnet\u0105 su norimu pie\u0161iniu. 2) Sukurkite savo pabaisas ir nuspalvinkite juos markeriais. 3) Nutrinkite ir prad\u0117kite v\u0117l i\u0161 naujo! Rinkinyje yra: Magnetin\u0117 lenta 6 sausi i\u0161trinami markeriai Lapas su magnetais Audinys<\/p>\n","protected":false},"featured_media":352976,"comment_status":"closed","ping_status":"closed","template":"","meta":{"_acf_changed":false,"ep_exclude_from_search":false},"product_cat":[20390,20396,19836],"product_tag":[],"class_list":{"0":"post-335336","1":"product","2":"type-product","3":"status-publish","4":"has-post-thumbnail","6":"product_cat-dailes-prekes-2","7":"product_cat-piesimas-2","8":"product_cat-vaiku-laisvalaikio-prekes","10":"first","11":"instock","12":"taxable","13":"shipping-taxable","14":"product-type-simple"},"acf":[],"yoast_head":"<!-- This site is optimized with the Yoast SEO plugin v24.1 - https:\/\/yoast.com\/wordpress\/plugins\/seo\/ -->\n<title>Pie\u0161imo rinkinys su magnetine lenta Maped Creativ Artist Board Monsters &#8211; Skizze<\/title>\n<meta name=\"robots\" content=\"noindex, follow, max-snippet:-1, max-image-preview:large, max-video-preview:-1\" \/>\n<meta property=\"og:locale\" content=\"lt_LT\" \/>\n<meta property=\"og:type\" content=\"article\" \/>\n<meta property=\"og:title\" content=\"Pie\u0161imo rinkinys su magnetine lenta Maped Creativ Artist Board Monsters &#8211; Skizze\" \/>\n<meta property=\"og:description\" content=\"Sukurkite ir nuspalvinkite magnetines pabaisas! Veiklos apra\u0161as: 1) Pasirinkite magnet\u0105 su norimu pie\u0161iniu. 2) Sukurkite savo pabaisas ir nuspalvinkite juos markeriais. 3) Nutrinkite ir prad\u0117kite v\u0117l i\u0161 naujo! Rinkinyje yra: Magnetin\u0117 lenta 6 sausi i\u0161trinami markeriai Lapas su magnetais Audinys\" \/>\n<meta property=\"og:url\" content=\"https:\/\/hobstop.ee\/lt\/produktas\/piesimo-rinkinys-su-magnetine-lenta-maped-creativ-artist-board-monsters\/\" \/>\n<meta property=\"og:site_name\" content=\"Skizze\" \/>\n<meta property=\"article:publisher\" content=\"http:\/\/www.facebook.com\/VunderSkizze\" \/>\n<meta property=\"og:image\" content=\"https:\/\/hobstop.ee\/media\/4999.jpg\" \/>\n\t<meta property=\"og:image:width\" content=\"1024\" \/>\n\t<meta property=\"og:image:height\" content=\"768\" \/>\n\t<meta property=\"og:image:type\" content=\"image\/jpeg\" \/>\n<meta name=\"twitter:card\" content=\"summary_large_image\" \/>\n<script type=\"application\/ld+json\" class=\"yoast-schema-graph\">{\"@context\":\"https:\/\/schema.org\",\"@graph\":[{\"@type\":\"WebPage\",\"@id\":\"https:\/\/hobstop.ee\/lt\/produktas\/piesimo-rinkinys-su-magnetine-lenta-maped-creativ-artist-board-monsters\/\",\"url\":\"https:\/\/hobstop.ee\/lt\/produktas\/piesimo-rinkinys-su-magnetine-lenta-maped-creativ-artist-board-monsters\/\",\"name\":\"Pie\u0161imo rinkinys su magnetine lenta Maped Creativ Artist Board Monsters &#8211; Skizze\",\"isPartOf\":{\"@id\":\"https:\/\/hobstop.ee\/lt\/#website\"},\"primaryImageOfPage\":{\"@id\":\"https:\/\/hobstop.ee\/lt\/produktas\/piesimo-rinkinys-su-magnetine-lenta-maped-creativ-artist-board-monsters\/#primaryimage\"},\"image\":{\"@id\":\"https:\/\/hobstop.ee\/lt\/produktas\/piesimo-rinkinys-su-magnetine-lenta-maped-creativ-artist-board-monsters\/#primaryimage\"},\"thumbnailUrl\":\"https:\/\/hobstop.ee\/media\/4999.jpg\",\"datePublished\":\"2019-05-23T13:19:32+00:00\",\"dateModified\":\"2019-05-23T13:19:32+00:00\",\"breadcrumb\":{\"@id\":\"https:\/\/hobstop.ee\/lt\/produktas\/piesimo-rinkinys-su-magnetine-lenta-maped-creativ-artist-board-monsters\/#breadcrumb\"},\"inLanguage\":\"lt\",\"potentialAction\":[{\"@type\":\"ReadAction\",\"target\":[\"https:\/\/hobstop.ee\/lt\/produktas\/piesimo-rinkinys-su-magnetine-lenta-maped-creativ-artist-board-monsters\/\"]}]},{\"@type\":\"ImageObject\",\"inLanguage\":\"lt\",\"@id\":\"https:\/\/hobstop.ee\/lt\/produktas\/piesimo-rinkinys-su-magnetine-lenta-maped-creativ-artist-board-monsters\/#primaryimage\",\"url\":\"https:\/\/hobstop.ee\/media\/4999.jpg\",\"contentUrl\":\"https:\/\/hobstop.ee\/media\/4999.jpg\",\"width\":1024,\"height\":768},{\"@type\":\"BreadcrumbList\",\"@id\":\"https:\/\/hobstop.ee\/lt\/produktas\/piesimo-rinkinys-su-magnetine-lenta-maped-creativ-artist-board-monsters\/#breadcrumb\",\"itemListElement\":[{\"@type\":\"ListItem\",\"position\":1,\"name\":\"Avaleht\",\"item\":\"https:\/\/hobstop.ee\/lt\/\"},{\"@type\":\"ListItem\",\"position\":2,\"name\":\"Parduotuv\u0117\",\"item\":\"https:\/\/hobstop.ee\/lt\/parduotuve\/\"},{\"@type\":\"ListItem\",\"position\":3,\"name\":\"Pie\u0161imo rinkinys su magnetine lenta Maped Creativ Artist Board Monsters\"}]},{\"@type\":\"WebSite\",\"@id\":\"https:\/\/hobstop.ee\/lt\/#website\",\"url\":\"https:\/\/hobstop.ee\/lt\/\",\"name\":\"Skizze\",\"description\":\"Dail\u0117s, pom\u0117gi\u0173 ir mokykliniai reikm\u0117nys\",\"publisher\":{\"@id\":\"https:\/\/hobstop.ee\/lt\/#organization\"},\"potentialAction\":[{\"@type\":\"SearchAction\",\"target\":{\"@type\":\"EntryPoint\",\"urlTemplate\":\"https:\/\/hobstop.ee\/lt\/?s={search_term_string}\"},\"query-input\":{\"@type\":\"PropertyValueSpecification\",\"valueRequired\":true,\"valueName\":\"search_term_string\"}}],\"inLanguage\":\"lt\"},{\"@type\":\"Organization\",\"@id\":\"https:\/\/hobstop.ee\/lt\/#organization\",\"name\":\"Vunder AS\",\"url\":\"https:\/\/hobstop.ee\/lt\/\",\"logo\":{\"@type\":\"ImageObject\",\"inLanguage\":\"lt\",\"@id\":\"https:\/\/hobstop.ee\/lt\/#\/schema\/logo\/image\/\",\"url\":\"https:\/\/hobstop.ee\/media\/vunder-logo.png\",\"contentUrl\":\"https:\/\/hobstop.ee\/media\/vunder-logo.png\",\"width\":127,\"height\":55,\"caption\":\"Vunder AS\"},\"image\":{\"@id\":\"https:\/\/hobstop.ee\/lt\/#\/schema\/logo\/image\/\"},\"sameAs\":[\"http:\/\/www.facebook.com\/VunderSkizze\"]}]}<\/script>\n<!-- \/ Yoast SEO plugin. -->","yoast_head_json":{"title":"Pie\u0161imo rinkinys su magnetine lenta Maped Creativ Artist Board Monsters &#8211; Skizze","robots":{"index":"noindex","follow":"follow","max-snippet":"max-snippet:-1","max-image-preview":"max-image-preview:large","max-video-preview":"max-video-preview:-1"},"og_locale":"lt_LT","og_type":"article","og_title":"Pie\u0161imo rinkinys su magnetine lenta Maped Creativ Artist Board Monsters &#8211; Skizze","og_description":"Sukurkite ir nuspalvinkite magnetines pabaisas! Veiklos apra\u0161as: 1) Pasirinkite magnet\u0105 su norimu pie\u0161iniu. 2) Sukurkite savo pabaisas ir nuspalvinkite juos markeriais. 3) Nutrinkite ir prad\u0117kite v\u0117l i\u0161 naujo! Rinkinyje yra: Magnetin\u0117 lenta 6 sausi i\u0161trinami markeriai Lapas su magnetais Audinys","og_url":"https:\/\/hobstop.ee\/lt\/produktas\/piesimo-rinkinys-su-magnetine-lenta-maped-creativ-artist-board-monsters\/","og_site_name":"Skizze","article_publisher":"http:\/\/www.facebook.com\/VunderSkizze","og_image":[{"width":1024,"height":768,"url":"https:\/\/hobstop.ee\/media\/4999.jpg","type":"image\/jpeg"}],"twitter_card":"summary_large_image","schema":{"@context":"https:\/\/schema.org","@graph":[{"@type":"WebPage","@id":"https:\/\/hobstop.ee\/lt\/produktas\/piesimo-rinkinys-su-magnetine-lenta-maped-creativ-artist-board-monsters\/","url":"https:\/\/hobstop.ee\/lt\/produktas\/piesimo-rinkinys-su-magnetine-lenta-maped-creativ-artist-board-monsters\/","name":"Pie\u0161imo rinkinys su magnetine lenta Maped Creativ Artist Board Monsters &#8211; Skizze","isPartOf":{"@id":"https:\/\/hobstop.ee\/lt\/#website"},"primaryImageOfPage":{"@id":"https:\/\/hobstop.ee\/lt\/produktas\/piesimo-rinkinys-su-magnetine-lenta-maped-creativ-artist-board-monsters\/#primaryimage"},"image":{"@id":"https:\/\/hobstop.ee\/lt\/produktas\/piesimo-rinkinys-su-magnetine-lenta-maped-creativ-artist-board-monsters\/#primaryimage"},"thumbnailUrl":"https:\/\/hobstop.ee\/media\/4999.jpg","datePublished":"2019-05-23T13:19:32+00:00","dateModified":"2019-05-23T13:19:32+00:00","breadcrumb":{"@id":"https:\/\/hobstop.ee\/lt\/produktas\/piesimo-rinkinys-su-magnetine-lenta-maped-creativ-artist-board-monsters\/#breadcrumb"},"inLanguage":"lt","potentialAction":[{"@type":"ReadAction","target":["https:\/\/hobstop.ee\/lt\/produktas\/piesimo-rinkinys-su-magnetine-lenta-maped-creativ-artist-board-monsters\/"]}]},{"@type":"ImageObject","inLanguage":"lt","@id":"https:\/\/hobstop.ee\/lt\/produktas\/piesimo-rinkinys-su-magnetine-lenta-maped-creativ-artist-board-monsters\/#primaryimage","url":"https:\/\/hobstop.ee\/media\/4999.jpg","contentUrl":"https:\/\/hobstop.ee\/media\/4999.jpg","width":1024,"height":768},{"@type":"BreadcrumbList","@id":"https:\/\/hobstop.ee\/lt\/produktas\/piesimo-rinkinys-su-magnetine-lenta-maped-creativ-artist-board-monsters\/#breadcrumb","itemListElement":[{"@type":"ListItem","position":1,"name":"Avaleht","item":"https:\/\/hobstop.ee\/lt\/"},{"@type":"ListItem","position":2,"name":"Parduotuv\u0117","item":"https:\/\/hobstop.ee\/lt\/parduotuve\/"},{"@type":"ListItem","position":3,"name":"Pie\u0161imo rinkinys su magnetine lenta Maped Creativ Artist Board Monsters"}]},{"@type":"WebSite","@id":"https:\/\/hobstop.ee\/lt\/#website","url":"https:\/\/hobstop.ee\/lt\/","name":"Skizze","description":"Dail\u0117s, pom\u0117gi\u0173 ir mokykliniai reikm\u0117nys","publisher":{"@id":"https:\/\/hobstop.ee\/lt\/#organization"},"potentialAction":[{"@type":"SearchAction","target":{"@type":"EntryPoint","urlTemplate":"https:\/\/hobstop.ee\/lt\/?s={search_term_string}"},"query-input":{"@type":"PropertyValueSpecification","valueRequired":true,"valueName":"search_term_string"}}],"inLanguage":"lt"},{"@type":"Organization","@id":"https:\/\/hobstop.ee\/lt\/#organization","name":"Vunder AS","url":"https:\/\/hobstop.ee\/lt\/","logo":{"@type":"ImageObject","inLanguage":"lt","@id":"https:\/\/hobstop.ee\/lt\/#\/schema\/logo\/image\/","url":"https:\/\/hobstop.ee\/media\/vunder-logo.png","contentUrl":"https:\/\/hobstop.ee\/media\/vunder-logo.png","width":127,"height":55,"caption":"Vunder AS"},"image":{"@id":"https:\/\/hobstop.ee\/lt\/#\/schema\/logo\/image\/"},"sameAs":["http:\/\/www.facebook.com\/VunderSkizze"]}]}},"_links":{"self":[{"href":"https:\/\/hobstop.ee\/lt\/wp-json\/wp\/v2\/product\/335336","targetHints":{"allow":["GET"]}}],"collection":[{"href":"https:\/\/hobstop.ee\/lt\/wp-json\/wp\/v2\/product"}],"about":[{"href":"https:\/\/hobstop.ee\/lt\/wp-json\/wp\/v2\/types\/product"}],"replies":[{"embeddable":true,"href":"https:\/\/hobstop.ee\/lt\/wp-json\/wp\/v2\/comments?post=335336"}],"wp:featuredmedia":[{"embeddable":true,"href":"https:\/\/hobstop.ee\/lt\/wp-json\/wp\/v2\/media\/352976"}],"wp:attachment":[{"href":"https:\/\/hobstop.ee\/lt\/wp-json\/wp\/v2\/media?parent=335336"}],"wp:term":[{"taxonomy":"product_cat","embeddable":true,"href":"https:\/\/hobstop.ee\/lt\/wp-json\/wp\/v2\/product_cat?post=335336"},{"taxonomy":"product_tag","embeddable":true,"href":"https:\/\/hobstop.ee\/lt\/wp-json\/wp\/v2\/product_tag?post=335336"}],"curies":[{"name":"wp","href":"https:\/\/api.w.org\/{rel}","templated":true}]}}