{"id":335344,"date":"2019-05-23T16:19:38","date_gmt":"2019-05-23T13:19:43","guid":{"rendered":"https:\/\/sharks.ee\/vunder_2019\/product\/lentos-zymekliu-rinkinys-maped-creativ-board-essentials\/"},"modified":"2019-05-23T16:19:43","modified_gmt":"2019-05-23T13:19:43","slug":"lentos-zymekliu-rinkinys-maped-creativ-board-essentials","status":"publish","type":"product","link":"https:\/\/hobstop.ee\/lt\/produktas\/lentos-zymekliu-rinkinys-maped-creativ-board-essentials\/","title":{"rendered":"Lentos \u017eymekli\u0173 rinkinys Maped Creativ Board Essentials"},"content":{"rendered":"<p>Puikus markeris ra\u0161yti, pie\u0161ti, be to, j\u012f galima nuvalyti nuo daugelio pavir\u0161i\u0173! Universalus, ant daugelio pavir\u0161i\u0173 \u2013 tradicini\u0173, balt\u0173 ar juod\u0173 lent\u0173, stiklo, veidrod\u017eio, keramikos plok\u0161\u010di\u0173 naudojamas nuvalomas \u017eymeklis \u201eMaped\u201c. Pagamintas vandens pagrindu, nuvalomas dr\u0117gna \u0161luoste. I\u0161d\u017ei\u016bvus\u012f galima nuvalyti ir nuplauti \u0161iltu vandeniu.<\/p>\n","protected":false},"excerpt":{"rendered":"<p>Puikus markeris ra\u0161yti, pie\u0161ti, be to, j\u012f galima nuvalyti nuo daugelio pavir\u0161i\u0173! Universalus, ant daugelio pavir\u0161i\u0173 \u2013 tradicini\u0173, balt\u0173 ar juod\u0173 lent\u0173, stiklo, veidrod\u017eio, keramikos plok\u0161\u010di\u0173 naudojamas nuvalomas \u017eymeklis \u201eMaped\u201c. Pagamintas vandens pagrindu, nuvalomas dr\u0117gna \u0161luoste. I\u0161d\u017ei\u016bvus\u012f galima nuvalyti ir nuplauti \u0161iltu vandeniu.<\/p>\n","protected":false},"featured_media":0,"comment_status":"closed","ping_status":"closed","template":"","meta":{"_acf_changed":false,"ep_exclude_from_search":false},"product_cat":[20390,20396,19836],"product_tag":[],"class_list":{"0":"post-335344","1":"product","2":"type-product","3":"status-publish","5":"product_cat-dailes-prekes-2","6":"product_cat-piesimas-2","7":"product_cat-vaiku-laisvalaikio-prekes","9":"first","10":"instock","11":"taxable","12":"shipping-taxable","13":"product-type-simple"},"acf":[],"yoast_head":"<!-- This site is optimized with the Yoast SEO plugin v24.1 - https:\/\/yoast.com\/wordpress\/plugins\/seo\/ -->\n<title>Lentos \u017eymekli\u0173 rinkinys Maped Creativ Board Essentials &#8211; Skizze<\/title>\n<meta name=\"robots\" content=\"noindex, follow, max-snippet:-1, max-image-preview:large, max-video-preview:-1\" \/>\n<meta property=\"og:locale\" content=\"lt_LT\" \/>\n<meta property=\"og:type\" content=\"article\" \/>\n<meta property=\"og:title\" content=\"Lentos \u017eymekli\u0173 rinkinys Maped Creativ Board Essentials &#8211; Skizze\" \/>\n<meta property=\"og:description\" content=\"Puikus markeris ra\u0161yti, pie\u0161ti, be to, j\u012f galima nuvalyti nuo daugelio pavir\u0161i\u0173! Universalus, ant daugelio pavir\u0161i\u0173 \u2013 tradicini\u0173, balt\u0173 ar juod\u0173 lent\u0173, stiklo, veidrod\u017eio, keramikos plok\u0161\u010di\u0173 naudojamas nuvalomas \u017eymeklis \u201eMaped\u201c. Pagamintas vandens pagrindu, nuvalomas dr\u0117gna \u0161luoste. I\u0161d\u017ei\u016bvus\u012f galima nuvalyti ir nuplauti \u0161iltu vandeniu.\" \/>\n<meta property=\"og:url\" content=\"https:\/\/hobstop.ee\/lt\/produktas\/lentos-zymekliu-rinkinys-maped-creativ-board-essentials\/\" \/>\n<meta property=\"og:site_name\" content=\"Skizze\" \/>\n<meta property=\"article:publisher\" content=\"http:\/\/www.facebook.com\/VunderSkizze\" \/>\n<meta name=\"twitter:card\" content=\"summary_large_image\" \/>\n<script type=\"application\/ld+json\" class=\"yoast-schema-graph\">{\"@context\":\"https:\/\/schema.org\",\"@graph\":[{\"@type\":\"WebPage\",\"@id\":\"https:\/\/hobstop.ee\/lt\/produktas\/lentos-zymekliu-rinkinys-maped-creativ-board-essentials\/\",\"url\":\"https:\/\/hobstop.ee\/lt\/produktas\/lentos-zymekliu-rinkinys-maped-creativ-board-essentials\/\",\"name\":\"Lentos \u017eymekli\u0173 rinkinys Maped Creativ Board Essentials &#8211; Skizze\",\"isPartOf\":{\"@id\":\"https:\/\/hobstop.ee\/lt\/#website\"},\"datePublished\":\"2019-05-23T13:19:43+00:00\",\"dateModified\":\"2019-05-23T13:19:43+00:00\",\"breadcrumb\":{\"@id\":\"https:\/\/hobstop.ee\/lt\/produktas\/lentos-zymekliu-rinkinys-maped-creativ-board-essentials\/#breadcrumb\"},\"inLanguage\":\"lt\",\"potentialAction\":[{\"@type\":\"ReadAction\",\"target\":[\"https:\/\/hobstop.ee\/lt\/produktas\/lentos-zymekliu-rinkinys-maped-creativ-board-essentials\/\"]}]},{\"@type\":\"BreadcrumbList\",\"@id\":\"https:\/\/hobstop.ee\/lt\/produktas\/lentos-zymekliu-rinkinys-maped-creativ-board-essentials\/#breadcrumb\",\"itemListElement\":[{\"@type\":\"ListItem\",\"position\":1,\"name\":\"Avaleht\",\"item\":\"https:\/\/hobstop.ee\/lt\/\"},{\"@type\":\"ListItem\",\"position\":2,\"name\":\"Parduotuv\u0117\",\"item\":\"https:\/\/hobstop.ee\/lt\/parduotuve\/\"},{\"@type\":\"ListItem\",\"position\":3,\"name\":\"Lentos \u017eymekli\u0173 rinkinys Maped Creativ Board Essentials\"}]},{\"@type\":\"WebSite\",\"@id\":\"https:\/\/hobstop.ee\/lt\/#website\",\"url\":\"https:\/\/hobstop.ee\/lt\/\",\"name\":\"Skizze\",\"description\":\"Dail\u0117s, pom\u0117gi\u0173 ir mokykliniai reikm\u0117nys\",\"publisher\":{\"@id\":\"https:\/\/hobstop.ee\/lt\/#organization\"},\"potentialAction\":[{\"@type\":\"SearchAction\",\"target\":{\"@type\":\"EntryPoint\",\"urlTemplate\":\"https:\/\/hobstop.ee\/lt\/?s={search_term_string}\"},\"query-input\":{\"@type\":\"PropertyValueSpecification\",\"valueRequired\":true,\"valueName\":\"search_term_string\"}}],\"inLanguage\":\"lt\"},{\"@type\":\"Organization\",\"@id\":\"https:\/\/hobstop.ee\/lt\/#organization\",\"name\":\"Vunder AS\",\"url\":\"https:\/\/hobstop.ee\/lt\/\",\"logo\":{\"@type\":\"ImageObject\",\"inLanguage\":\"lt\",\"@id\":\"https:\/\/hobstop.ee\/lt\/#\/schema\/logo\/image\/\",\"url\":\"https:\/\/hobstop.ee\/media\/vunder-logo.png\",\"contentUrl\":\"https:\/\/hobstop.ee\/media\/vunder-logo.png\",\"width\":127,\"height\":55,\"caption\":\"Vunder AS\"},\"image\":{\"@id\":\"https:\/\/hobstop.ee\/lt\/#\/schema\/logo\/image\/\"},\"sameAs\":[\"http:\/\/www.facebook.com\/VunderSkizze\"]}]}<\/script>\n<!-- \/ Yoast SEO plugin. -->","yoast_head_json":{"title":"Lentos \u017eymekli\u0173 rinkinys Maped Creativ Board Essentials &#8211; Skizze","robots":{"index":"noindex","follow":"follow","max-snippet":"max-snippet:-1","max-image-preview":"max-image-preview:large","max-video-preview":"max-video-preview:-1"},"og_locale":"lt_LT","og_type":"article","og_title":"Lentos \u017eymekli\u0173 rinkinys Maped Creativ Board Essentials &#8211; Skizze","og_description":"Puikus markeris ra\u0161yti, pie\u0161ti, be to, j\u012f galima nuvalyti nuo daugelio pavir\u0161i\u0173! Universalus, ant daugelio pavir\u0161i\u0173 \u2013 tradicini\u0173, balt\u0173 ar juod\u0173 lent\u0173, stiklo, veidrod\u017eio, keramikos plok\u0161\u010di\u0173 naudojamas nuvalomas \u017eymeklis \u201eMaped\u201c. Pagamintas vandens pagrindu, nuvalomas dr\u0117gna \u0161luoste. I\u0161d\u017ei\u016bvus\u012f galima nuvalyti ir nuplauti \u0161iltu vandeniu.","og_url":"https:\/\/hobstop.ee\/lt\/produktas\/lentos-zymekliu-rinkinys-maped-creativ-board-essentials\/","og_site_name":"Skizze","article_publisher":"http:\/\/www.facebook.com\/VunderSkizze","twitter_card":"summary_large_image","schema":{"@context":"https:\/\/schema.org","@graph":[{"@type":"WebPage","@id":"https:\/\/hobstop.ee\/lt\/produktas\/lentos-zymekliu-rinkinys-maped-creativ-board-essentials\/","url":"https:\/\/hobstop.ee\/lt\/produktas\/lentos-zymekliu-rinkinys-maped-creativ-board-essentials\/","name":"Lentos \u017eymekli\u0173 rinkinys Maped Creativ Board Essentials &#8211; Skizze","isPartOf":{"@id":"https:\/\/hobstop.ee\/lt\/#website"},"datePublished":"2019-05-23T13:19:43+00:00","dateModified":"2019-05-23T13:19:43+00:00","breadcrumb":{"@id":"https:\/\/hobstop.ee\/lt\/produktas\/lentos-zymekliu-rinkinys-maped-creativ-board-essentials\/#breadcrumb"},"inLanguage":"lt","potentialAction":[{"@type":"ReadAction","target":["https:\/\/hobstop.ee\/lt\/produktas\/lentos-zymekliu-rinkinys-maped-creativ-board-essentials\/"]}]},{"@type":"BreadcrumbList","@id":"https:\/\/hobstop.ee\/lt\/produktas\/lentos-zymekliu-rinkinys-maped-creativ-board-essentials\/#breadcrumb","itemListElement":[{"@type":"ListItem","position":1,"name":"Avaleht","item":"https:\/\/hobstop.ee\/lt\/"},{"@type":"ListItem","position":2,"name":"Parduotuv\u0117","item":"https:\/\/hobstop.ee\/lt\/parduotuve\/"},{"@type":"ListItem","position":3,"name":"Lentos \u017eymekli\u0173 rinkinys Maped Creativ Board Essentials"}]},{"@type":"WebSite","@id":"https:\/\/hobstop.ee\/lt\/#website","url":"https:\/\/hobstop.ee\/lt\/","name":"Skizze","description":"Dail\u0117s, pom\u0117gi\u0173 ir mokykliniai reikm\u0117nys","publisher":{"@id":"https:\/\/hobstop.ee\/lt\/#organization"},"potentialAction":[{"@type":"SearchAction","target":{"@type":"EntryPoint","urlTemplate":"https:\/\/hobstop.ee\/lt\/?s={search_term_string}"},"query-input":{"@type":"PropertyValueSpecification","valueRequired":true,"valueName":"search_term_string"}}],"inLanguage":"lt"},{"@type":"Organization","@id":"https:\/\/hobstop.ee\/lt\/#organization","name":"Vunder AS","url":"https:\/\/hobstop.ee\/lt\/","logo":{"@type":"ImageObject","inLanguage":"lt","@id":"https:\/\/hobstop.ee\/lt\/#\/schema\/logo\/image\/","url":"https:\/\/hobstop.ee\/media\/vunder-logo.png","contentUrl":"https:\/\/hobstop.ee\/media\/vunder-logo.png","width":127,"height":55,"caption":"Vunder AS"},"image":{"@id":"https:\/\/hobstop.ee\/lt\/#\/schema\/logo\/image\/"},"sameAs":["http:\/\/www.facebook.com\/VunderSkizze"]}]}},"_links":{"self":[{"href":"https:\/\/hobstop.ee\/lt\/wp-json\/wp\/v2\/product\/335344","targetHints":{"allow":["GET"]}}],"collection":[{"href":"https:\/\/hobstop.ee\/lt\/wp-json\/wp\/v2\/product"}],"about":[{"href":"https:\/\/hobstop.ee\/lt\/wp-json\/wp\/v2\/types\/product"}],"replies":[{"embeddable":true,"href":"https:\/\/hobstop.ee\/lt\/wp-json\/wp\/v2\/comments?post=335344"}],"wp:attachment":[{"href":"https:\/\/hobstop.ee\/lt\/wp-json\/wp\/v2\/media?parent=335344"}],"wp:term":[{"taxonomy":"product_cat","embeddable":true,"href":"https:\/\/hobstop.ee\/lt\/wp-json\/wp\/v2\/product_cat?post=335344"},{"taxonomy":"product_tag","embeddable":true,"href":"https:\/\/hobstop.ee\/lt\/wp-json\/wp\/v2\/product_tag?post=335344"}],"curies":[{"name":"wp","href":"https:\/\/api.w.org\/{rel}","templated":true}]}}