{"id":335356,"date":"2019-05-23T16:20:00","date_gmt":"2019-05-23T13:20:04","guid":{"rendered":"https:\/\/sharks.ee\/vunder_2019\/product\/piesimo-rinkinys-su-magnetine-lenta-maped-creativ-travel-board-knights-and-princesses\/"},"modified":"2019-05-23T16:20:04","modified_gmt":"2019-05-23T13:20:04","slug":"piesimo-rinkinys-su-magnetine-lenta-maped-creativ-travel-board-knights-and-princesses","status":"publish","type":"product","link":"https:\/\/hobstop.ee\/lt\/produktas\/piesimo-rinkinys-su-magnetine-lenta-maped-creativ-travel-board-knights-and-princesses\/","title":{"rendered":"Pie\u0161imo rinkinys su magnetine lenta Maped Creativ Travel Board Knights and Princesses"},"content":{"rendered":"<p>Pie\u0161imo ir k\u016brybinis rinkinys su riteriais ir princes\u0117mis, kur\u012f galite pasiimti kur tik panor\u0117j\u0119!<\/p>\n<p>Veiklos apra\u0161as:<br \/>\n1) Pasirinkite norimus magnetus ir pad\u0117kite juos ant lentos.<br \/>\n2) Leiskite pasireik\u0161ti fantazijai ir pabaikite savo darbel\u012f.<br \/>\n3) Nutrinkite ir prad\u0117kite v\u0117l ir v\u0117l ir v\u0117l i\u0161 naujo!<\/p>\n<p>Rinkinyje yra:<br \/>\nKompakti\u0161kas \u201eviskas viename\u201c aplankas<br \/>\nBalta lenta<br \/>\n4 sausi i\u0161trinami markeriai<br \/>\n14 magnet\u0173<br \/>\nAudinys<\/p>\n","protected":false},"excerpt":{"rendered":"<p>Pie\u0161imo ir k\u016brybinis rinkinys su riteriais ir princes\u0117mis, kur\u012f galite pasiimti kur tik panor\u0117j\u0119! Veiklos apra\u0161as: 1) Pasirinkite norimus magnetus ir pad\u0117kite juos ant lentos. 2) Leiskite pasireik\u0161ti fantazijai ir pabaikite savo darbel\u012f. 3) Nutrinkite ir prad\u0117kite v\u0117l ir v\u0117l ir v\u0117l i\u0161 naujo! Rinkinyje yra: Kompakti\u0161kas \u201eviskas viename\u201c aplankas Balta lenta 4 sausi i\u0161trinami markeriai 14 magnet\u0173 Audinys<\/p>\n","protected":false},"featured_media":352964,"comment_status":"closed","ping_status":"closed","template":"","meta":{"_acf_changed":false,"ep_exclude_from_search":false},"product_cat":[20390,20396,19836],"product_tag":[],"class_list":{"0":"post-335356","1":"product","2":"type-product","3":"status-publish","4":"has-post-thumbnail","6":"product_cat-dailes-prekes-2","7":"product_cat-piesimas-2","8":"product_cat-vaiku-laisvalaikio-prekes","10":"first","11":"instock","12":"taxable","13":"shipping-taxable","14":"product-type-simple"},"acf":[],"yoast_head":"<!-- This site is optimized with the Yoast SEO plugin v24.1 - https:\/\/yoast.com\/wordpress\/plugins\/seo\/ -->\n<title>Pie\u0161imo rinkinys su magnetine lenta Maped Creativ Travel Board Knights and Princesses &#8211; Skizze<\/title>\n<meta name=\"robots\" content=\"noindex, follow, max-snippet:-1, max-image-preview:large, max-video-preview:-1\" \/>\n<meta property=\"og:locale\" content=\"lt_LT\" \/>\n<meta property=\"og:type\" content=\"article\" \/>\n<meta property=\"og:title\" content=\"Pie\u0161imo rinkinys su magnetine lenta Maped Creativ Travel Board Knights and Princesses &#8211; Skizze\" \/>\n<meta property=\"og:description\" content=\"Pie\u0161imo ir k\u016brybinis rinkinys su riteriais ir princes\u0117mis, kur\u012f galite pasiimti kur tik panor\u0117j\u0119! Veiklos apra\u0161as: 1) Pasirinkite norimus magnetus ir pad\u0117kite juos ant lentos. 2) Leiskite pasireik\u0161ti fantazijai ir pabaikite savo darbel\u012f. 3) Nutrinkite ir prad\u0117kite v\u0117l ir v\u0117l ir v\u0117l i\u0161 naujo! Rinkinyje yra: Kompakti\u0161kas \u201eviskas viename\u201c aplankas Balta lenta 4 sausi i\u0161trinami markeriai 14 magnet\u0173 Audinys\" \/>\n<meta property=\"og:url\" content=\"https:\/\/hobstop.ee\/lt\/produktas\/piesimo-rinkinys-su-magnetine-lenta-maped-creativ-travel-board-knights-and-princesses\/\" \/>\n<meta property=\"og:site_name\" content=\"Skizze\" \/>\n<meta property=\"article:publisher\" content=\"http:\/\/www.facebook.com\/VunderSkizze\" \/>\n<meta property=\"og:image\" content=\"https:\/\/hobstop.ee\/media\/5004.jpg\" \/>\n\t<meta property=\"og:image:width\" content=\"1024\" \/>\n\t<meta property=\"og:image:height\" content=\"768\" \/>\n\t<meta property=\"og:image:type\" content=\"image\/jpeg\" \/>\n<meta name=\"twitter:card\" content=\"summary_large_image\" \/>\n<script type=\"application\/ld+json\" class=\"yoast-schema-graph\">{\"@context\":\"https:\/\/schema.org\",\"@graph\":[{\"@type\":\"WebPage\",\"@id\":\"https:\/\/hobstop.ee\/lt\/produktas\/piesimo-rinkinys-su-magnetine-lenta-maped-creativ-travel-board-knights-and-princesses\/\",\"url\":\"https:\/\/hobstop.ee\/lt\/produktas\/piesimo-rinkinys-su-magnetine-lenta-maped-creativ-travel-board-knights-and-princesses\/\",\"name\":\"Pie\u0161imo rinkinys su magnetine lenta Maped Creativ Travel Board Knights and Princesses &#8211; Skizze\",\"isPartOf\":{\"@id\":\"https:\/\/hobstop.ee\/lt\/#website\"},\"primaryImageOfPage\":{\"@id\":\"https:\/\/hobstop.ee\/lt\/produktas\/piesimo-rinkinys-su-magnetine-lenta-maped-creativ-travel-board-knights-and-princesses\/#primaryimage\"},\"image\":{\"@id\":\"https:\/\/hobstop.ee\/lt\/produktas\/piesimo-rinkinys-su-magnetine-lenta-maped-creativ-travel-board-knights-and-princesses\/#primaryimage\"},\"thumbnailUrl\":\"https:\/\/hobstop.ee\/media\/5004.jpg\",\"datePublished\":\"2019-05-23T13:20:04+00:00\",\"dateModified\":\"2019-05-23T13:20:04+00:00\",\"breadcrumb\":{\"@id\":\"https:\/\/hobstop.ee\/lt\/produktas\/piesimo-rinkinys-su-magnetine-lenta-maped-creativ-travel-board-knights-and-princesses\/#breadcrumb\"},\"inLanguage\":\"lt\",\"potentialAction\":[{\"@type\":\"ReadAction\",\"target\":[\"https:\/\/hobstop.ee\/lt\/produktas\/piesimo-rinkinys-su-magnetine-lenta-maped-creativ-travel-board-knights-and-princesses\/\"]}]},{\"@type\":\"ImageObject\",\"inLanguage\":\"lt\",\"@id\":\"https:\/\/hobstop.ee\/lt\/produktas\/piesimo-rinkinys-su-magnetine-lenta-maped-creativ-travel-board-knights-and-princesses\/#primaryimage\",\"url\":\"https:\/\/hobstop.ee\/media\/5004.jpg\",\"contentUrl\":\"https:\/\/hobstop.ee\/media\/5004.jpg\",\"width\":1024,\"height\":768},{\"@type\":\"BreadcrumbList\",\"@id\":\"https:\/\/hobstop.ee\/lt\/produktas\/piesimo-rinkinys-su-magnetine-lenta-maped-creativ-travel-board-knights-and-princesses\/#breadcrumb\",\"itemListElement\":[{\"@type\":\"ListItem\",\"position\":1,\"name\":\"Avaleht\",\"item\":\"https:\/\/hobstop.ee\/lt\/\"},{\"@type\":\"ListItem\",\"position\":2,\"name\":\"Parduotuv\u0117\",\"item\":\"https:\/\/hobstop.ee\/lt\/parduotuve\/\"},{\"@type\":\"ListItem\",\"position\":3,\"name\":\"Pie\u0161imo rinkinys su magnetine lenta Maped Creativ Travel Board Knights and Princesses\"}]},{\"@type\":\"WebSite\",\"@id\":\"https:\/\/hobstop.ee\/lt\/#website\",\"url\":\"https:\/\/hobstop.ee\/lt\/\",\"name\":\"Skizze\",\"description\":\"Dail\u0117s, pom\u0117gi\u0173 ir mokykliniai reikm\u0117nys\",\"publisher\":{\"@id\":\"https:\/\/hobstop.ee\/lt\/#organization\"},\"potentialAction\":[{\"@type\":\"SearchAction\",\"target\":{\"@type\":\"EntryPoint\",\"urlTemplate\":\"https:\/\/hobstop.ee\/lt\/?s={search_term_string}\"},\"query-input\":{\"@type\":\"PropertyValueSpecification\",\"valueRequired\":true,\"valueName\":\"search_term_string\"}}],\"inLanguage\":\"lt\"},{\"@type\":\"Organization\",\"@id\":\"https:\/\/hobstop.ee\/lt\/#organization\",\"name\":\"Vunder AS\",\"url\":\"https:\/\/hobstop.ee\/lt\/\",\"logo\":{\"@type\":\"ImageObject\",\"inLanguage\":\"lt\",\"@id\":\"https:\/\/hobstop.ee\/lt\/#\/schema\/logo\/image\/\",\"url\":\"https:\/\/hobstop.ee\/media\/vunder-logo.png\",\"contentUrl\":\"https:\/\/hobstop.ee\/media\/vunder-logo.png\",\"width\":127,\"height\":55,\"caption\":\"Vunder AS\"},\"image\":{\"@id\":\"https:\/\/hobstop.ee\/lt\/#\/schema\/logo\/image\/\"},\"sameAs\":[\"http:\/\/www.facebook.com\/VunderSkizze\"]}]}<\/script>\n<!-- \/ Yoast SEO plugin. -->","yoast_head_json":{"title":"Pie\u0161imo rinkinys su magnetine lenta Maped Creativ Travel Board Knights and Princesses &#8211; Skizze","robots":{"index":"noindex","follow":"follow","max-snippet":"max-snippet:-1","max-image-preview":"max-image-preview:large","max-video-preview":"max-video-preview:-1"},"og_locale":"lt_LT","og_type":"article","og_title":"Pie\u0161imo rinkinys su magnetine lenta Maped Creativ Travel Board Knights and Princesses &#8211; Skizze","og_description":"Pie\u0161imo ir k\u016brybinis rinkinys su riteriais ir princes\u0117mis, kur\u012f galite pasiimti kur tik panor\u0117j\u0119! Veiklos apra\u0161as: 1) Pasirinkite norimus magnetus ir pad\u0117kite juos ant lentos. 2) Leiskite pasireik\u0161ti fantazijai ir pabaikite savo darbel\u012f. 3) Nutrinkite ir prad\u0117kite v\u0117l ir v\u0117l ir v\u0117l i\u0161 naujo! Rinkinyje yra: Kompakti\u0161kas \u201eviskas viename\u201c aplankas Balta lenta 4 sausi i\u0161trinami markeriai 14 magnet\u0173 Audinys","og_url":"https:\/\/hobstop.ee\/lt\/produktas\/piesimo-rinkinys-su-magnetine-lenta-maped-creativ-travel-board-knights-and-princesses\/","og_site_name":"Skizze","article_publisher":"http:\/\/www.facebook.com\/VunderSkizze","og_image":[{"width":1024,"height":768,"url":"https:\/\/hobstop.ee\/media\/5004.jpg","type":"image\/jpeg"}],"twitter_card":"summary_large_image","schema":{"@context":"https:\/\/schema.org","@graph":[{"@type":"WebPage","@id":"https:\/\/hobstop.ee\/lt\/produktas\/piesimo-rinkinys-su-magnetine-lenta-maped-creativ-travel-board-knights-and-princesses\/","url":"https:\/\/hobstop.ee\/lt\/produktas\/piesimo-rinkinys-su-magnetine-lenta-maped-creativ-travel-board-knights-and-princesses\/","name":"Pie\u0161imo rinkinys su magnetine lenta Maped Creativ Travel Board Knights and Princesses &#8211; Skizze","isPartOf":{"@id":"https:\/\/hobstop.ee\/lt\/#website"},"primaryImageOfPage":{"@id":"https:\/\/hobstop.ee\/lt\/produktas\/piesimo-rinkinys-su-magnetine-lenta-maped-creativ-travel-board-knights-and-princesses\/#primaryimage"},"image":{"@id":"https:\/\/hobstop.ee\/lt\/produktas\/piesimo-rinkinys-su-magnetine-lenta-maped-creativ-travel-board-knights-and-princesses\/#primaryimage"},"thumbnailUrl":"https:\/\/hobstop.ee\/media\/5004.jpg","datePublished":"2019-05-23T13:20:04+00:00","dateModified":"2019-05-23T13:20:04+00:00","breadcrumb":{"@id":"https:\/\/hobstop.ee\/lt\/produktas\/piesimo-rinkinys-su-magnetine-lenta-maped-creativ-travel-board-knights-and-princesses\/#breadcrumb"},"inLanguage":"lt","potentialAction":[{"@type":"ReadAction","target":["https:\/\/hobstop.ee\/lt\/produktas\/piesimo-rinkinys-su-magnetine-lenta-maped-creativ-travel-board-knights-and-princesses\/"]}]},{"@type":"ImageObject","inLanguage":"lt","@id":"https:\/\/hobstop.ee\/lt\/produktas\/piesimo-rinkinys-su-magnetine-lenta-maped-creativ-travel-board-knights-and-princesses\/#primaryimage","url":"https:\/\/hobstop.ee\/media\/5004.jpg","contentUrl":"https:\/\/hobstop.ee\/media\/5004.jpg","width":1024,"height":768},{"@type":"BreadcrumbList","@id":"https:\/\/hobstop.ee\/lt\/produktas\/piesimo-rinkinys-su-magnetine-lenta-maped-creativ-travel-board-knights-and-princesses\/#breadcrumb","itemListElement":[{"@type":"ListItem","position":1,"name":"Avaleht","item":"https:\/\/hobstop.ee\/lt\/"},{"@type":"ListItem","position":2,"name":"Parduotuv\u0117","item":"https:\/\/hobstop.ee\/lt\/parduotuve\/"},{"@type":"ListItem","position":3,"name":"Pie\u0161imo rinkinys su magnetine lenta Maped Creativ Travel Board Knights and Princesses"}]},{"@type":"WebSite","@id":"https:\/\/hobstop.ee\/lt\/#website","url":"https:\/\/hobstop.ee\/lt\/","name":"Skizze","description":"Dail\u0117s, pom\u0117gi\u0173 ir mokykliniai reikm\u0117nys","publisher":{"@id":"https:\/\/hobstop.ee\/lt\/#organization"},"potentialAction":[{"@type":"SearchAction","target":{"@type":"EntryPoint","urlTemplate":"https:\/\/hobstop.ee\/lt\/?s={search_term_string}"},"query-input":{"@type":"PropertyValueSpecification","valueRequired":true,"valueName":"search_term_string"}}],"inLanguage":"lt"},{"@type":"Organization","@id":"https:\/\/hobstop.ee\/lt\/#organization","name":"Vunder AS","url":"https:\/\/hobstop.ee\/lt\/","logo":{"@type":"ImageObject","inLanguage":"lt","@id":"https:\/\/hobstop.ee\/lt\/#\/schema\/logo\/image\/","url":"https:\/\/hobstop.ee\/media\/vunder-logo.png","contentUrl":"https:\/\/hobstop.ee\/media\/vunder-logo.png","width":127,"height":55,"caption":"Vunder AS"},"image":{"@id":"https:\/\/hobstop.ee\/lt\/#\/schema\/logo\/image\/"},"sameAs":["http:\/\/www.facebook.com\/VunderSkizze"]}]}},"_links":{"self":[{"href":"https:\/\/hobstop.ee\/lt\/wp-json\/wp\/v2\/product\/335356","targetHints":{"allow":["GET"]}}],"collection":[{"href":"https:\/\/hobstop.ee\/lt\/wp-json\/wp\/v2\/product"}],"about":[{"href":"https:\/\/hobstop.ee\/lt\/wp-json\/wp\/v2\/types\/product"}],"replies":[{"embeddable":true,"href":"https:\/\/hobstop.ee\/lt\/wp-json\/wp\/v2\/comments?post=335356"}],"wp:featuredmedia":[{"embeddable":true,"href":"https:\/\/hobstop.ee\/lt\/wp-json\/wp\/v2\/media\/352964"}],"wp:attachment":[{"href":"https:\/\/hobstop.ee\/lt\/wp-json\/wp\/v2\/media?parent=335356"}],"wp:term":[{"taxonomy":"product_cat","embeddable":true,"href":"https:\/\/hobstop.ee\/lt\/wp-json\/wp\/v2\/product_cat?post=335356"},{"taxonomy":"product_tag","embeddable":true,"href":"https:\/\/hobstop.ee\/lt\/wp-json\/wp\/v2\/product_tag?post=335356"}],"curies":[{"name":"wp","href":"https:\/\/api.w.org\/{rel}","templated":true}]}}