{"id":335360,"date":"2019-05-23T16:20:06","date_gmt":"2019-05-23T13:20:10","guid":{"rendered":"https:\/\/sharks.ee\/vunder_2019\/product\/aliejiniai-dazu-rinkinys-sennelier-rive-gauche\/"},"modified":"2019-05-23T16:20:10","modified_gmt":"2019-05-23T13:20:10","slug":"aliejiniai-dazu-rinkinys-sennelier-rive-gauche","status":"publish","type":"product","link":"https:\/\/hobstop.ee\/lt\/produktas\/aliejiniai-dazu-rinkinys-sennelier-rive-gauche\/","title":{"rendered":"Aliejiniai da\u017e\u0173 rinkinys Sennelier Rive Gauche"},"content":{"rendered":"<p>Nuo pat seniausi\u0173 dien\u0173 Pary\u017eius buvo \u201eSennelier\u201c \u012fkv\u0117pimo \u0161altinis, tod\u0117l \u201eSennelier\u201c grynai pary\u017eieti\u0161kas prek\u0117s \u017eenklas. \u201eSennelier\u201c savo veikl\u0105 prad\u0117jo 1887 m. Pary\u017eiuje, \u012fsik\u016br\u0119s prie\u0161ais Luvr\u0105, tik per kelis \u017eingsnius nuo kairiajame Senos krante (\u201esur la Rive Gauche\u201c) esan\u010dios men\u0173 mokyklos \u00c9cole des Beaux-Arts, kuri yra pasaulio meno epicentras. Nuo Lotyn\u0173 kvartalo iki pat Montparnaso \u0161i\u0105 simbolin\u0119 up\u0117s pakrant\u0119 u\u017e\u0117m\u0117 menininkai, intelektualai, muzikantai, profesoriai ir studentai. Tod\u0117l visai nat\u016bralu, kad did\u017eiuodamasis \u0161ia tradicija \u201eSennelier\u201c savo aliejini\u0173 da\u017e\u0173 serij\u0105 \u201eFine Oils\u201c pavadino \u201eRive Gauche\u201c vardu.<br \/>\nI\u0161laikydami pagrindines tapyba aliejiniais da\u017eais savybes, \u201eSennelier Rive Gauche\u201c da\u017eai i\u0161d\u017ei\u016bsta du kartus grei\u010diau nei klasikiniai aliejiniai da\u017eai. Rezultatas \u2013 trumpesnis d\u017ei\u016bvimo laikas, kuris neapriboja meninink\u0173 galimybi\u0173 dirbti su \u0161vie\u017eiais da\u017eais. \u201eRive Gauche\u201c aliejini\u0173 da\u017e\u0173 gamyboje naudojamas dygmin\u0173 aliejus su laiku nepageltonuoja (50 proc. ma\u017eiau nei s\u0117men\u0173 aliejus) ir puikiai mai\u0161osi su pigmentais. \u201eRive Gauche\u201c aliejiniuose da\u017euose yra naudojami naujos kartos pigmentai \u2013 auk\u0161tos kokyb\u0117s kadmio pakaitalai, kurie pasi\u017eymi skaidrumo ir \u0161viesumo savyb\u0117mis ir beveik prilygsta tikriems kadmio pagrindu gaminamiems aliejiniams da\u017eams. \u201eRive Gauche\u201c da\u017e\u0173 linijoje \u201eSennelier\u201c Pary\u017eiaus spalvas u\u017edar\u0117 \u012f t\u016bbeles, kad jais tapydami viso pasaulio menininkai gal\u0117t\u0173 patirti malonum\u0105!<\/p>\n","protected":false},"excerpt":{"rendered":"<p>Nuo pat seniausi\u0173 dien\u0173 Pary\u017eius buvo \u201eSennelier\u201c \u012fkv\u0117pimo \u0161altinis, tod\u0117l \u201eSennelier\u201c grynai pary\u017eieti\u0161kas prek\u0117s \u017eenklas. \u201eSennelier\u201c savo veikl\u0105 prad\u0117jo 1887 m. Pary\u017eiuje, \u012fsik\u016br\u0119s prie\u0161ais Luvr\u0105, tik per kelis \u017eingsnius nuo kairiajame Senos krante (\u201esur la Rive Gauche\u201c) esan\u010dios men\u0173 mokyklos \u00c9cole des Beaux-Arts, kuri yra pasaulio meno epicentras. Nuo Lotyn\u0173 kvartalo iki pat Montparnaso \u0161i\u0105 simbolin\u0119 up\u0117s pakrant\u0119 u\u017e\u0117m\u0117 menininkai, intelektualai, muzikantai, profesoriai ir studentai. Tod\u0117l visai nat\u016bralu, kad did\u017eiuodamasis \u0161ia tradicija \u201eSennelier\u201c savo aliejini\u0173 da\u017e\u0173 serij\u0105 \u201eFine Oils\u201c pavadino \u201eRive Gauche\u201c vardu. I\u0161laikydami pagrindines tapyba aliejiniais da\u017eais savybes, \u201eSennelier Rive Gauche\u201c da\u017eai i\u0161d\u017ei\u016bsta du kartus grei\u010diau nei klasikiniai aliejiniai da\u017eai. Rezultatas \u2013 trumpesnis d\u017ei\u016bvimo laikas, kuris neapriboja meninink\u0173 galimybi\u0173 dirbti su \u0161vie\u017eiais da\u017eais. \u201eRive Gauche\u201c aliejini\u0173 da\u017e\u0173 gamyboje naudojamas dygmin\u0173 aliejus su laiku nepageltonuoja (50 proc. ma\u017eiau nei s\u0117men\u0173 aliejus) ir puikiai mai\u0161osi su pigmentais. \u201eRive Gauche\u201c aliejiniuose da\u017euose yra naudojami naujos kartos pigmentai \u2013 auk\u0161tos kokyb\u0117s kadmio pakaitalai, kurie pasi\u017eymi skaidrumo ir \u0161viesumo savyb\u0117mis ir beveik prilygsta tikriems kadmio pagrindu gaminamiems aliejiniams da\u017eams. \u201eRive Gauche\u201c da\u017e\u0173 linijoje \u201eSennelier\u201c Pary\u017eiaus spalvas u\u017edar\u0117 \u012f t\u016bbeles, kad jais tapydami viso pasaulio menininkai gal\u0117t\u0173 patirti malonum\u0105!<\/p>\n","protected":false},"featured_media":353000,"comment_status":"closed","ping_status":"closed","template":"","meta":{"_acf_changed":false,"ep_exclude_from_search":false},"product_cat":[18166,16124,17981],"product_tag":[],"class_list":{"0":"post-335360","1":"product","2":"type-product","3":"status-publish","4":"has-post-thumbnail","6":"product_cat-aliejiniai-dazai","7":"product_cat-dailes-prekes","8":"product_cat-dazai-ir-priedai-tapybai","10":"first","11":"instock","12":"taxable","13":"shipping-taxable","14":"product-type-simple"},"acf":[],"yoast_head":"<!-- This site is optimized with the Yoast SEO plugin v24.1 - https:\/\/yoast.com\/wordpress\/plugins\/seo\/ -->\n<title>Aliejiniai da\u017e\u0173 rinkinys Sennelier Rive Gauche &#8211; Skizze<\/title>\n<meta name=\"robots\" content=\"noindex, follow, max-snippet:-1, max-image-preview:large, max-video-preview:-1\" \/>\n<meta property=\"og:locale\" content=\"lt_LT\" \/>\n<meta property=\"og:type\" content=\"article\" \/>\n<meta property=\"og:title\" content=\"Aliejiniai da\u017e\u0173 rinkinys Sennelier Rive Gauche &#8211; Skizze\" \/>\n<meta property=\"og:description\" content=\"Nuo pat seniausi\u0173 dien\u0173 Pary\u017eius buvo \u201eSennelier\u201c \u012fkv\u0117pimo \u0161altinis, tod\u0117l \u201eSennelier\u201c grynai pary\u017eieti\u0161kas prek\u0117s \u017eenklas. \u201eSennelier\u201c savo veikl\u0105 prad\u0117jo 1887 m. Pary\u017eiuje, \u012fsik\u016br\u0119s prie\u0161ais Luvr\u0105, tik per kelis \u017eingsnius nuo kairiajame Senos krante (\u201esur la Rive Gauche\u201c) esan\u010dios men\u0173 mokyklos \u00c9cole des Beaux-Arts, kuri yra pasaulio meno epicentras. Nuo Lotyn\u0173 kvartalo iki pat Montparnaso \u0161i\u0105 simbolin\u0119 up\u0117s pakrant\u0119 u\u017e\u0117m\u0117 menininkai, intelektualai, muzikantai, profesoriai ir studentai. Tod\u0117l visai nat\u016bralu, kad did\u017eiuodamasis \u0161ia tradicija \u201eSennelier\u201c savo aliejini\u0173 da\u017e\u0173 serij\u0105 \u201eFine Oils\u201c pavadino \u201eRive Gauche\u201c vardu. I\u0161laikydami pagrindines tapyba aliejiniais da\u017eais savybes, \u201eSennelier Rive Gauche\u201c da\u017eai i\u0161d\u017ei\u016bsta du kartus grei\u010diau nei klasikiniai aliejiniai da\u017eai. Rezultatas \u2013 trumpesnis d\u017ei\u016bvimo laikas, kuris neapriboja meninink\u0173 galimybi\u0173 dirbti su \u0161vie\u017eiais da\u017eais. \u201eRive Gauche\u201c aliejini\u0173 da\u017e\u0173 gamyboje naudojamas dygmin\u0173 aliejus su laiku nepageltonuoja (50 proc. ma\u017eiau nei s\u0117men\u0173 aliejus) ir puikiai mai\u0161osi su pigmentais. \u201eRive Gauche\u201c aliejiniuose da\u017euose yra naudojami naujos kartos pigmentai \u2013 auk\u0161tos kokyb\u0117s kadmio pakaitalai, kurie pasi\u017eymi skaidrumo ir \u0161viesumo savyb\u0117mis ir beveik prilygsta tikriems kadmio pagrindu gaminamiems aliejiniams da\u017eams. \u201eRive Gauche\u201c da\u017e\u0173 linijoje \u201eSennelier\u201c Pary\u017eiaus spalvas u\u017edar\u0117 \u012f t\u016bbeles, kad jais tapydami viso pasaulio menininkai gal\u0117t\u0173 patirti malonum\u0105!\" \/>\n<meta property=\"og:url\" content=\"https:\/\/hobstop.ee\/lt\/produktas\/aliejiniai-dazu-rinkinys-sennelier-rive-gauche\/\" \/>\n<meta property=\"og:site_name\" content=\"Skizze\" \/>\n<meta property=\"article:publisher\" content=\"http:\/\/www.facebook.com\/VunderSkizze\" \/>\n<meta property=\"og:image\" content=\"https:\/\/hobstop.ee\/media\/5005.JPG\" \/>\n\t<meta property=\"og:image:width\" content=\"1024\" \/>\n\t<meta property=\"og:image:height\" content=\"768\" \/>\n\t<meta property=\"og:image:type\" content=\"image\/jpeg\" \/>\n<meta name=\"twitter:card\" content=\"summary_large_image\" \/>\n<meta name=\"twitter:label1\" content=\"Est. reading time\" \/>\n\t<meta name=\"twitter:data1\" content=\"1 minute\" \/>\n<script type=\"application\/ld+json\" class=\"yoast-schema-graph\">{\"@context\":\"https:\/\/schema.org\",\"@graph\":[{\"@type\":\"WebPage\",\"@id\":\"https:\/\/hobstop.ee\/lt\/produktas\/aliejiniai-dazu-rinkinys-sennelier-rive-gauche\/\",\"url\":\"https:\/\/hobstop.ee\/lt\/produktas\/aliejiniai-dazu-rinkinys-sennelier-rive-gauche\/\",\"name\":\"Aliejiniai da\u017e\u0173 rinkinys Sennelier Rive Gauche &#8211; Skizze\",\"isPartOf\":{\"@id\":\"https:\/\/hobstop.ee\/lt\/#website\"},\"primaryImageOfPage\":{\"@id\":\"https:\/\/hobstop.ee\/lt\/produktas\/aliejiniai-dazu-rinkinys-sennelier-rive-gauche\/#primaryimage\"},\"image\":{\"@id\":\"https:\/\/hobstop.ee\/lt\/produktas\/aliejiniai-dazu-rinkinys-sennelier-rive-gauche\/#primaryimage\"},\"thumbnailUrl\":\"https:\/\/hobstop.ee\/media\/5005.JPG\",\"datePublished\":\"2019-05-23T13:20:10+00:00\",\"dateModified\":\"2019-05-23T13:20:10+00:00\",\"breadcrumb\":{\"@id\":\"https:\/\/hobstop.ee\/lt\/produktas\/aliejiniai-dazu-rinkinys-sennelier-rive-gauche\/#breadcrumb\"},\"inLanguage\":\"lt\",\"potentialAction\":[{\"@type\":\"ReadAction\",\"target\":[\"https:\/\/hobstop.ee\/lt\/produktas\/aliejiniai-dazu-rinkinys-sennelier-rive-gauche\/\"]}]},{\"@type\":\"ImageObject\",\"inLanguage\":\"lt\",\"@id\":\"https:\/\/hobstop.ee\/lt\/produktas\/aliejiniai-dazu-rinkinys-sennelier-rive-gauche\/#primaryimage\",\"url\":\"https:\/\/hobstop.ee\/media\/5005.JPG\",\"contentUrl\":\"https:\/\/hobstop.ee\/media\/5005.JPG\",\"width\":1024,\"height\":768},{\"@type\":\"BreadcrumbList\",\"@id\":\"https:\/\/hobstop.ee\/lt\/produktas\/aliejiniai-dazu-rinkinys-sennelier-rive-gauche\/#breadcrumb\",\"itemListElement\":[{\"@type\":\"ListItem\",\"position\":1,\"name\":\"Avaleht\",\"item\":\"https:\/\/hobstop.ee\/lt\/\"},{\"@type\":\"ListItem\",\"position\":2,\"name\":\"Parduotuv\u0117\",\"item\":\"https:\/\/hobstop.ee\/lt\/parduotuve\/\"},{\"@type\":\"ListItem\",\"position\":3,\"name\":\"Aliejiniai da\u017e\u0173 rinkinys Sennelier Rive Gauche\"}]},{\"@type\":\"WebSite\",\"@id\":\"https:\/\/hobstop.ee\/lt\/#website\",\"url\":\"https:\/\/hobstop.ee\/lt\/\",\"name\":\"Skizze\",\"description\":\"Dail\u0117s, pom\u0117gi\u0173 ir mokykliniai reikm\u0117nys\",\"publisher\":{\"@id\":\"https:\/\/hobstop.ee\/lt\/#organization\"},\"potentialAction\":[{\"@type\":\"SearchAction\",\"target\":{\"@type\":\"EntryPoint\",\"urlTemplate\":\"https:\/\/hobstop.ee\/lt\/?s={search_term_string}\"},\"query-input\":{\"@type\":\"PropertyValueSpecification\",\"valueRequired\":true,\"valueName\":\"search_term_string\"}}],\"inLanguage\":\"lt\"},{\"@type\":\"Organization\",\"@id\":\"https:\/\/hobstop.ee\/lt\/#organization\",\"name\":\"Vunder AS\",\"url\":\"https:\/\/hobstop.ee\/lt\/\",\"logo\":{\"@type\":\"ImageObject\",\"inLanguage\":\"lt\",\"@id\":\"https:\/\/hobstop.ee\/lt\/#\/schema\/logo\/image\/\",\"url\":\"https:\/\/hobstop.ee\/media\/vunder-logo.png\",\"contentUrl\":\"https:\/\/hobstop.ee\/media\/vunder-logo.png\",\"width\":127,\"height\":55,\"caption\":\"Vunder AS\"},\"image\":{\"@id\":\"https:\/\/hobstop.ee\/lt\/#\/schema\/logo\/image\/\"},\"sameAs\":[\"http:\/\/www.facebook.com\/VunderSkizze\"]}]}<\/script>\n<!-- \/ Yoast SEO plugin. -->","yoast_head_json":{"title":"Aliejiniai da\u017e\u0173 rinkinys Sennelier Rive Gauche &#8211; Skizze","robots":{"index":"noindex","follow":"follow","max-snippet":"max-snippet:-1","max-image-preview":"max-image-preview:large","max-video-preview":"max-video-preview:-1"},"og_locale":"lt_LT","og_type":"article","og_title":"Aliejiniai da\u017e\u0173 rinkinys Sennelier Rive Gauche &#8211; Skizze","og_description":"Nuo pat seniausi\u0173 dien\u0173 Pary\u017eius buvo \u201eSennelier\u201c \u012fkv\u0117pimo \u0161altinis, tod\u0117l \u201eSennelier\u201c grynai pary\u017eieti\u0161kas prek\u0117s \u017eenklas. \u201eSennelier\u201c savo veikl\u0105 prad\u0117jo 1887 m. Pary\u017eiuje, \u012fsik\u016br\u0119s prie\u0161ais Luvr\u0105, tik per kelis \u017eingsnius nuo kairiajame Senos krante (\u201esur la Rive Gauche\u201c) esan\u010dios men\u0173 mokyklos \u00c9cole des Beaux-Arts, kuri yra pasaulio meno epicentras. Nuo Lotyn\u0173 kvartalo iki pat Montparnaso \u0161i\u0105 simbolin\u0119 up\u0117s pakrant\u0119 u\u017e\u0117m\u0117 menininkai, intelektualai, muzikantai, profesoriai ir studentai. Tod\u0117l visai nat\u016bralu, kad did\u017eiuodamasis \u0161ia tradicija \u201eSennelier\u201c savo aliejini\u0173 da\u017e\u0173 serij\u0105 \u201eFine Oils\u201c pavadino \u201eRive Gauche\u201c vardu. I\u0161laikydami pagrindines tapyba aliejiniais da\u017eais savybes, \u201eSennelier Rive Gauche\u201c da\u017eai i\u0161d\u017ei\u016bsta du kartus grei\u010diau nei klasikiniai aliejiniai da\u017eai. Rezultatas \u2013 trumpesnis d\u017ei\u016bvimo laikas, kuris neapriboja meninink\u0173 galimybi\u0173 dirbti su \u0161vie\u017eiais da\u017eais. \u201eRive Gauche\u201c aliejini\u0173 da\u017e\u0173 gamyboje naudojamas dygmin\u0173 aliejus su laiku nepageltonuoja (50 proc. ma\u017eiau nei s\u0117men\u0173 aliejus) ir puikiai mai\u0161osi su pigmentais. \u201eRive Gauche\u201c aliejiniuose da\u017euose yra naudojami naujos kartos pigmentai \u2013 auk\u0161tos kokyb\u0117s kadmio pakaitalai, kurie pasi\u017eymi skaidrumo ir \u0161viesumo savyb\u0117mis ir beveik prilygsta tikriems kadmio pagrindu gaminamiems aliejiniams da\u017eams. \u201eRive Gauche\u201c da\u017e\u0173 linijoje \u201eSennelier\u201c Pary\u017eiaus spalvas u\u017edar\u0117 \u012f t\u016bbeles, kad jais tapydami viso pasaulio menininkai gal\u0117t\u0173 patirti malonum\u0105!","og_url":"https:\/\/hobstop.ee\/lt\/produktas\/aliejiniai-dazu-rinkinys-sennelier-rive-gauche\/","og_site_name":"Skizze","article_publisher":"http:\/\/www.facebook.com\/VunderSkizze","og_image":[{"width":1024,"height":768,"url":"https:\/\/hobstop.ee\/media\/5005.JPG","type":"image\/jpeg"}],"twitter_card":"summary_large_image","twitter_misc":{"Est. reading time":"1 minute"},"schema":{"@context":"https:\/\/schema.org","@graph":[{"@type":"WebPage","@id":"https:\/\/hobstop.ee\/lt\/produktas\/aliejiniai-dazu-rinkinys-sennelier-rive-gauche\/","url":"https:\/\/hobstop.ee\/lt\/produktas\/aliejiniai-dazu-rinkinys-sennelier-rive-gauche\/","name":"Aliejiniai da\u017e\u0173 rinkinys Sennelier Rive Gauche &#8211; Skizze","isPartOf":{"@id":"https:\/\/hobstop.ee\/lt\/#website"},"primaryImageOfPage":{"@id":"https:\/\/hobstop.ee\/lt\/produktas\/aliejiniai-dazu-rinkinys-sennelier-rive-gauche\/#primaryimage"},"image":{"@id":"https:\/\/hobstop.ee\/lt\/produktas\/aliejiniai-dazu-rinkinys-sennelier-rive-gauche\/#primaryimage"},"thumbnailUrl":"https:\/\/hobstop.ee\/media\/5005.JPG","datePublished":"2019-05-23T13:20:10+00:00","dateModified":"2019-05-23T13:20:10+00:00","breadcrumb":{"@id":"https:\/\/hobstop.ee\/lt\/produktas\/aliejiniai-dazu-rinkinys-sennelier-rive-gauche\/#breadcrumb"},"inLanguage":"lt","potentialAction":[{"@type":"ReadAction","target":["https:\/\/hobstop.ee\/lt\/produktas\/aliejiniai-dazu-rinkinys-sennelier-rive-gauche\/"]}]},{"@type":"ImageObject","inLanguage":"lt","@id":"https:\/\/hobstop.ee\/lt\/produktas\/aliejiniai-dazu-rinkinys-sennelier-rive-gauche\/#primaryimage","url":"https:\/\/hobstop.ee\/media\/5005.JPG","contentUrl":"https:\/\/hobstop.ee\/media\/5005.JPG","width":1024,"height":768},{"@type":"BreadcrumbList","@id":"https:\/\/hobstop.ee\/lt\/produktas\/aliejiniai-dazu-rinkinys-sennelier-rive-gauche\/#breadcrumb","itemListElement":[{"@type":"ListItem","position":1,"name":"Avaleht","item":"https:\/\/hobstop.ee\/lt\/"},{"@type":"ListItem","position":2,"name":"Parduotuv\u0117","item":"https:\/\/hobstop.ee\/lt\/parduotuve\/"},{"@type":"ListItem","position":3,"name":"Aliejiniai da\u017e\u0173 rinkinys Sennelier Rive Gauche"}]},{"@type":"WebSite","@id":"https:\/\/hobstop.ee\/lt\/#website","url":"https:\/\/hobstop.ee\/lt\/","name":"Skizze","description":"Dail\u0117s, pom\u0117gi\u0173 ir mokykliniai reikm\u0117nys","publisher":{"@id":"https:\/\/hobstop.ee\/lt\/#organization"},"potentialAction":[{"@type":"SearchAction","target":{"@type":"EntryPoint","urlTemplate":"https:\/\/hobstop.ee\/lt\/?s={search_term_string}"},"query-input":{"@type":"PropertyValueSpecification","valueRequired":true,"valueName":"search_term_string"}}],"inLanguage":"lt"},{"@type":"Organization","@id":"https:\/\/hobstop.ee\/lt\/#organization","name":"Vunder AS","url":"https:\/\/hobstop.ee\/lt\/","logo":{"@type":"ImageObject","inLanguage":"lt","@id":"https:\/\/hobstop.ee\/lt\/#\/schema\/logo\/image\/","url":"https:\/\/hobstop.ee\/media\/vunder-logo.png","contentUrl":"https:\/\/hobstop.ee\/media\/vunder-logo.png","width":127,"height":55,"caption":"Vunder AS"},"image":{"@id":"https:\/\/hobstop.ee\/lt\/#\/schema\/logo\/image\/"},"sameAs":["http:\/\/www.facebook.com\/VunderSkizze"]}]}},"_links":{"self":[{"href":"https:\/\/hobstop.ee\/lt\/wp-json\/wp\/v2\/product\/335360","targetHints":{"allow":["GET"]}}],"collection":[{"href":"https:\/\/hobstop.ee\/lt\/wp-json\/wp\/v2\/product"}],"about":[{"href":"https:\/\/hobstop.ee\/lt\/wp-json\/wp\/v2\/types\/product"}],"replies":[{"embeddable":true,"href":"https:\/\/hobstop.ee\/lt\/wp-json\/wp\/v2\/comments?post=335360"}],"wp:featuredmedia":[{"embeddable":true,"href":"https:\/\/hobstop.ee\/lt\/wp-json\/wp\/v2\/media\/353000"}],"wp:attachment":[{"href":"https:\/\/hobstop.ee\/lt\/wp-json\/wp\/v2\/media?parent=335360"}],"wp:term":[{"taxonomy":"product_cat","embeddable":true,"href":"https:\/\/hobstop.ee\/lt\/wp-json\/wp\/v2\/product_cat?post=335360"},{"taxonomy":"product_tag","embeddable":true,"href":"https:\/\/hobstop.ee\/lt\/wp-json\/wp\/v2\/product_tag?post=335360"}],"curies":[{"name":"wp","href":"https:\/\/api.w.org\/{rel}","templated":true}]}}